{"id":70706,"date":"2026-01-29T18:34:56","date_gmt":"2026-01-29T15:34:56","guid":{"rendered":"https:\/\/malinashop.lt\/?post_type=product&#038;p=70706"},"modified":"2026-04-07T22:18:27","modified_gmt":"2026-04-07T19:18:27","slug":"anaplasis-hydra-d-scalp-soothing-moisturizing-lotion-drekinamasis-losjonas-galvos-odai-100ml","status":"publish","type":"product","link":"https:\/\/www.malinashop.lt\/lt_lt\/shop\/anaplasis-hydra-d-scalp-soothing-moisturizing-lotion-drekinamasis-losjonas-galvos-odai-100ml\/","title":{"rendered":"ANAPLASIS HYDRA D Scalp Soothing &#038; Moisturizing Lotion dr\u0117kinamasis losjonas galvos odai, 100ml"},"content":{"rendered":"<div class=\"ewa-rteLine\">\n<p data-start=\"215\" data-end=\"581\"><strong data-start=\"215\" data-end=\"273\">ANAPLASIS Hydra D Scalp Soothing &amp; Moisturizing Lotion<\/strong> \u2013 dr\u0117kinamasis losjonas, skirtas <strong data-start=\"307\" data-end=\"358\">sausai, sudirgusiai ir pleiskanotai galvos odai<\/strong>. Formul\u0117 su <strong data-start=\"371\" data-end=\"408\">3 % D-pantenoliu (provitaminu B5)<\/strong>, <strong data-start=\"410\" data-end=\"431\">medetk\u0173 ekstraktu<\/strong>, <strong data-start=\"433\" data-end=\"446\">alantoinu<\/strong> ir <strong data-start=\"450\" data-end=\"463\">cinko PCA<\/strong> padeda nuraminti od\u0105, suma\u017einti diskomforto poj\u016bt\u012f, palaikyti dr\u0117gm\u0117s balans\u0105 ir atkurti sveikesn\u0119 galvos odos b\u016bkl\u0119.<\/p>\n<p data-start=\"583\" data-end=\"925\">Losjonas sukurtas kasdieniam naudojimui: jis padeda <strong data-start=\"635\" data-end=\"674\">ma\u017einti tempim\u0105, sausum\u0105, sudirgim\u0105<\/strong>, o taip pat prisideda prie galvos odos mikrobalanso palaikymo. <strong data-start=\"738\" data-end=\"751\">Cinko PCA<\/strong> padeda reguliuoti riebal\u0173 i\u0161siskyrim\u0105 ir palaikyti \u0161vari\u0105, gaivi\u0105 galvos od\u0105, tod\u0117l priemon\u0117 tinka ne tik sausai, bet ir mi\u0161riai galvos odai, kai pasirei\u0161kia pleiskanojimas.<\/p>\n<hr data-start=\"927\" data-end=\"930\" \/>\n<h3 data-start=\"932\" data-end=\"973\">Pagrindiniai ingredientai ir j\u0173 nauda<\/h3>\n<ul data-start=\"974\" data-end=\"1408\">\n<li data-start=\"974\" data-end=\"1101\">\n<p data-start=\"976\" data-end=\"1101\"><strong data-start=\"976\" data-end=\"1014\">3 % D-pantenolis (provitaminas B5)<\/strong> \u2013 intensyviai dr\u0117kina, padeda i\u0161laikyti dr\u0117gm\u0119 ir prisideda prie odos regeneracijos.<\/p>\n<\/li>\n<li data-start=\"1102\" data-end=\"1198\">\n<p data-start=\"1104\" data-end=\"1198\"><strong data-start=\"1104\" data-end=\"1126\">Medetk\u0173 ekstraktas<\/strong> \u2013 padeda nuraminti sudirgusi\u0105 galvos od\u0105 ir suteikia komforto poj\u016bt\u012f.<\/p>\n<\/li>\n<li data-start=\"1199\" data-end=\"1287\">\n<p data-start=\"1201\" data-end=\"1287\"><strong data-start=\"1201\" data-end=\"1215\">Alantoinas<\/strong> \u2013 mink\u0161tina, glotnina, ramina ir padeda palaikyti odos atsinaujinim\u0105.<\/p>\n<\/li>\n<li data-start=\"1288\" data-end=\"1408\">\n<p data-start=\"1290\" data-end=\"1408\"><strong data-start=\"1290\" data-end=\"1303\">Cinko PCA<\/strong> \u2013 padeda reguliuoti riebal\u0173 gamyb\u0105, palaiko \u0161vari\u0105 galvos od\u0105 ir gali prisid\u0117ti prie pleiskan\u0173 ma\u017einimo.<\/p>\n<\/li>\n<\/ul>\n<hr data-start=\"1410\" data-end=\"1413\" \/>\n<h3 data-start=\"1415\" data-end=\"1429\">Naudojimas<\/h3>\n<p data-start=\"1430\" data-end=\"1634\">U\u017etepkite reikiam\u0105 kiek\u012f losjono ant visos galvos odos. \u0160velniai \u012fmasa\u017euokite apie <strong data-start=\"1513\" data-end=\"1526\">5 minutes<\/strong> ir leiskite susigerti. <strong data-start=\"1550\" data-end=\"1574\">Nuskalauti nereikia.<\/strong> Rekomenduojama naudoti <strong data-start=\"1598\" data-end=\"1633\">kasdien ant \u0161varios galvos odos<\/strong>.<\/p>\n<\/div>\n","protected":false},"excerpt":{"rendered":"<p>Dr\u0117kinamasis losjonas sausai ir sudirgusiai galvos odai su 3 % D-pantenoliu, medetkomis, alantoinu ir cinko PCA \u2013 ramina, dr\u0117kina ir suteikia komfort\u0105.<\/p>\n","protected":false},"featured_media":67396,"template":"","meta":[],"product_brand":[1580],"product_cat":[711,516],"product_tag":[1587],"class_list":{"0":"post-70706","1":"product","2":"type-product","3":"status-publish","4":"has-post-thumbnail","6":"product_brand-anaplasis","7":"product_cat-plaukams","8":"product_cat-plauku-aliejai-serumai-pilingas","9":"product_tag-anaplasis","11":"first","12":"outofstock","13":"sale","14":"purchasable","15":"product-type-simple"},"yoast_head":"<!-- This site is optimized with the Yoast SEO plugin v27.4 - https:\/\/yoast.com\/product\/yoast-seo-wordpress\/ -->\n<title>ANAPLASIS HYDRA D Scalp Soothing &amp; Moisturizing Lotion dr\u0117kinamasis losjonas galvos odai, 100ml - MalinaShop.lt J\u016bs\u0173 sveikatai ir gro\u017eiui.<\/title>\n<meta name=\"description\" content=\"ANAPLASIS Hydra D dr\u0117kinamasis losjonas sausai ir sudirgusiai galvos odai su 3% D-pantenoliu, medetkomis, alantoinu ir cinko PCA.\" \/>\n<meta name=\"robots\" content=\"index, follow, max-snippet:-1, max-image-preview:large, max-video-preview:-1\" \/>\n<link rel=\"canonical\" href=\"https:\/\/www.malinashop.lt\/lt_lt\/shop\/anaplasis-hydra-d-scalp-soothing-moisturizing-lotion-drekinamasis-losjonas-galvos-odai-100ml\/\" \/>\n<meta property=\"og:locale\" content=\"lt_LT\" \/>\n<meta property=\"og:type\" content=\"article\" \/>\n<meta property=\"og:title\" content=\"ANAPLASIS HYDRA D Scalp Soothing &amp; Moisturizing Lotion dr\u0117kinamasis losjonas galvos odai, 100ml - MalinaShop.lt J\u016bs\u0173 sveikatai ir gro\u017eiui.\" \/>\n<meta property=\"og:description\" content=\"ANAPLASIS Hydra D dr\u0117kinamasis losjonas sausai ir sudirgusiai galvos odai su 3% D-pantenoliu, medetkomis, alantoinu ir cinko PCA.\" \/>\n<meta property=\"og:url\" content=\"https:\/\/www.malinashop.lt\/lt_lt\/shop\/anaplasis-hydra-d-scalp-soothing-moisturizing-lotion-drekinamasis-losjonas-galvos-odai-100ml\/\" \/>\n<meta property=\"og:site_name\" content=\"MalinaShop.lt J\u016bs\u0173 sveikatai ir gro\u017eiui.\" \/>\n<meta property=\"article:modified_time\" content=\"2026-04-07T19:18:27+00:00\" \/>\n<meta property=\"og:image\" content=\"https:\/\/www.malinashop.lt\/wp-content\/uploads\/2025\/11\/5200137593986.jpg\" \/>\n\t<meta property=\"og:image:width\" content=\"1000\" \/>\n\t<meta property=\"og:image:height\" content=\"1000\" \/>\n\t<meta property=\"og:image:type\" content=\"image\/jpeg\" \/>\n<meta name=\"twitter:card\" content=\"summary_large_image\" \/>\n<script type=\"application\/ld+json\" class=\"yoast-schema-graph\">{\"@context\":\"https:\\\/\\\/schema.org\",\"@graph\":[{\"@type\":\"WebPage\",\"@id\":\"https:\\\/\\\/www.malinashop.lt\\\/shop\\\/anaplasis-hydra-d-scalp-soothing-moisturizing-lotion-drekinamasis-losjonas-galvos-odai-100ml\\\/\",\"url\":\"https:\\\/\\\/www.malinashop.lt\\\/shop\\\/anaplasis-hydra-d-scalp-soothing-moisturizing-lotion-drekinamasis-losjonas-galvos-odai-100ml\\\/\",\"name\":\"ANAPLASIS HYDRA D Scalp Soothing & Moisturizing Lotion dr\u0117kinamasis losjonas galvos odai, 100ml - MalinaShop.lt J\u016bs\u0173 sveikatai ir gro\u017eiui.\",\"isPartOf\":{\"@id\":\"https:\\\/\\\/www.malinashop.lt\\\/#website\"},\"primaryImageOfPage\":{\"@id\":\"https:\\\/\\\/www.malinashop.lt\\\/shop\\\/anaplasis-hydra-d-scalp-soothing-moisturizing-lotion-drekinamasis-losjonas-galvos-odai-100ml\\\/#primaryimage\"},\"image\":{\"@id\":\"https:\\\/\\\/www.malinashop.lt\\\/shop\\\/anaplasis-hydra-d-scalp-soothing-moisturizing-lotion-drekinamasis-losjonas-galvos-odai-100ml\\\/#primaryimage\"},\"thumbnailUrl\":\"https:\\\/\\\/www.malinashop.lt\\\/wp-content\\\/uploads\\\/2025\\\/11\\\/5200137593986.jpg\",\"datePublished\":\"2026-01-29T15:34:56+00:00\",\"dateModified\":\"2026-04-07T19:18:27+00:00\",\"description\":\"ANAPLASIS Hydra D dr\u0117kinamasis losjonas sausai ir sudirgusiai galvos odai su 3% D-pantenoliu, medetkomis, alantoinu ir cinko PCA.\",\"breadcrumb\":{\"@id\":\"https:\\\/\\\/www.malinashop.lt\\\/shop\\\/anaplasis-hydra-d-scalp-soothing-moisturizing-lotion-drekinamasis-losjonas-galvos-odai-100ml\\\/#breadcrumb\"},\"inLanguage\":\"lt-LT\",\"potentialAction\":[{\"@type\":\"ReadAction\",\"target\":[\"https:\\\/\\\/www.malinashop.lt\\\/shop\\\/anaplasis-hydra-d-scalp-soothing-moisturizing-lotion-drekinamasis-losjonas-galvos-odai-100ml\\\/\"]}]},{\"@type\":\"ImageObject\",\"inLanguage\":\"lt-LT\",\"@id\":\"https:\\\/\\\/www.malinashop.lt\\\/shop\\\/anaplasis-hydra-d-scalp-soothing-moisturizing-lotion-drekinamasis-losjonas-galvos-odai-100ml\\\/#primaryimage\",\"url\":\"https:\\\/\\\/www.malinashop.lt\\\/wp-content\\\/uploads\\\/2025\\\/11\\\/5200137593986.jpg\",\"contentUrl\":\"https:\\\/\\\/www.malinashop.lt\\\/wp-content\\\/uploads\\\/2025\\\/11\\\/5200137593986.jpg\",\"width\":1000,\"height\":1000},{\"@type\":\"BreadcrumbList\",\"@id\":\"https:\\\/\\\/www.malinashop.lt\\\/shop\\\/anaplasis-hydra-d-scalp-soothing-moisturizing-lotion-drekinamasis-losjonas-galvos-odai-100ml\\\/#breadcrumb\",\"itemListElement\":[{\"@type\":\"ListItem\",\"position\":1,\"name\":\"Pagrindinis\",\"item\":\"https:\\\/\\\/www.malinashop.lt\\\/\"},{\"@type\":\"ListItem\",\"position\":2,\"name\":\"Parduotuv\u0117\",\"item\":\"https:\\\/\\\/www.malinashop.lt\\\/en\\\/parduotuve\\\/\"},{\"@type\":\"ListItem\",\"position\":3,\"name\":\"ANAPLASIS HYDRA D Scalp Soothing &#038; Moisturizing Lotion dr\u0117kinamasis losjonas galvos odai, 100ml\"}]},{\"@type\":\"WebSite\",\"@id\":\"https:\\\/\\\/www.malinashop.lt\\\/#website\",\"url\":\"https:\\\/\\\/www.malinashop.lt\\\/\",\"name\":\"COM Group Ecommerce\",\"description\":\"MalinaShop.lt - Gro\u017eio ir sveikatos produktai i\u0161 patikim\u0173 preki\u0173 \u017eenkl\u0173. Atraskite auk\u0161tos kokyb\u0117s kosmetik\u0105 u\u017e puiki\u0105 kain\u0105.\",\"publisher\":{\"@id\":\"https:\\\/\\\/www.malinashop.lt\\\/#organization\"},\"potentialAction\":[{\"@type\":\"SearchAction\",\"target\":{\"@type\":\"EntryPoint\",\"urlTemplate\":\"https:\\\/\\\/www.malinashop.lt\\\/?s={search_term_string}\"},\"query-input\":{\"@type\":\"PropertyValueSpecification\",\"valueRequired\":true,\"valueName\":\"search_term_string\"}}],\"inLanguage\":\"lt-LT\"},{\"@type\":\"Organization\",\"@id\":\"https:\\\/\\\/www.malinashop.lt\\\/#organization\",\"name\":\"COM Group Ecommerce\",\"url\":\"https:\\\/\\\/www.malinashop.lt\\\/\",\"logo\":{\"@type\":\"ImageObject\",\"inLanguage\":\"lt-LT\",\"@id\":\"https:\\\/\\\/www.malinashop.lt\\\/#\\\/schema\\\/logo\\\/image\\\/\",\"url\":\"https:\\\/\\\/www.malinashop.lt\\\/wp-content\\\/uploads\\\/2024\\\/08\\\/462559670_3787732518133670_9795632669273463_n-e1731525914575.png\",\"contentUrl\":\"https:\\\/\\\/www.malinashop.lt\\\/wp-content\\\/uploads\\\/2024\\\/08\\\/462559670_3787732518133670_9795632669273463_n-e1731525914575.png\",\"width\":180,\"height\":60,\"caption\":\"COM Group Ecommerce\"},\"image\":{\"@id\":\"https:\\\/\\\/www.malinashop.lt\\\/#\\\/schema\\\/logo\\\/image\\\/\"}}]}<\/script>\n<!-- \/ Yoast SEO plugin. -->","yoast_head_json":{"title":"ANAPLASIS HYDRA D Scalp Soothing & Moisturizing Lotion dr\u0117kinamasis losjonas galvos odai, 100ml - MalinaShop.lt J\u016bs\u0173 sveikatai ir gro\u017eiui.","description":"ANAPLASIS Hydra D dr\u0117kinamasis losjonas sausai ir sudirgusiai galvos odai su 3% D-pantenoliu, medetkomis, alantoinu ir cinko PCA.","robots":{"index":"index","follow":"follow","max-snippet":"max-snippet:-1","max-image-preview":"max-image-preview:large","max-video-preview":"max-video-preview:-1"},"canonical":"https:\/\/www.malinashop.lt\/lt_lt\/shop\/anaplasis-hydra-d-scalp-soothing-moisturizing-lotion-drekinamasis-losjonas-galvos-odai-100ml\/","og_locale":"lt_LT","og_type":"article","og_title":"ANAPLASIS HYDRA D Scalp Soothing & Moisturizing Lotion dr\u0117kinamasis losjonas galvos odai, 100ml - MalinaShop.lt J\u016bs\u0173 sveikatai ir gro\u017eiui.","og_description":"ANAPLASIS Hydra D dr\u0117kinamasis losjonas sausai ir sudirgusiai galvos odai su 3% D-pantenoliu, medetkomis, alantoinu ir cinko PCA.","og_url":"https:\/\/www.malinashop.lt\/lt_lt\/shop\/anaplasis-hydra-d-scalp-soothing-moisturizing-lotion-drekinamasis-losjonas-galvos-odai-100ml\/","og_site_name":"MalinaShop.lt J\u016bs\u0173 sveikatai ir gro\u017eiui.","article_modified_time":"2026-04-07T19:18:27+00:00","og_image":[{"width":1000,"height":1000,"url":"https:\/\/www.malinashop.lt\/wp-content\/uploads\/2025\/11\/5200137593986.jpg","type":"image\/jpeg"}],"twitter_card":"summary_large_image","schema":{"@context":"https:\/\/schema.org","@graph":[{"@type":"WebPage","@id":"https:\/\/www.malinashop.lt\/shop\/anaplasis-hydra-d-scalp-soothing-moisturizing-lotion-drekinamasis-losjonas-galvos-odai-100ml\/","url":"https:\/\/www.malinashop.lt\/shop\/anaplasis-hydra-d-scalp-soothing-moisturizing-lotion-drekinamasis-losjonas-galvos-odai-100ml\/","name":"ANAPLASIS HYDRA D Scalp Soothing & Moisturizing Lotion dr\u0117kinamasis losjonas galvos odai, 100ml - MalinaShop.lt J\u016bs\u0173 sveikatai ir gro\u017eiui.","isPartOf":{"@id":"https:\/\/www.malinashop.lt\/#website"},"primaryImageOfPage":{"@id":"https:\/\/www.malinashop.lt\/shop\/anaplasis-hydra-d-scalp-soothing-moisturizing-lotion-drekinamasis-losjonas-galvos-odai-100ml\/#primaryimage"},"image":{"@id":"https:\/\/www.malinashop.lt\/shop\/anaplasis-hydra-d-scalp-soothing-moisturizing-lotion-drekinamasis-losjonas-galvos-odai-100ml\/#primaryimage"},"thumbnailUrl":"https:\/\/www.malinashop.lt\/wp-content\/uploads\/2025\/11\/5200137593986.jpg","datePublished":"2026-01-29T15:34:56+00:00","dateModified":"2026-04-07T19:18:27+00:00","description":"ANAPLASIS Hydra D dr\u0117kinamasis losjonas sausai ir sudirgusiai galvos odai su 3% D-pantenoliu, medetkomis, alantoinu ir cinko PCA.","breadcrumb":{"@id":"https:\/\/www.malinashop.lt\/shop\/anaplasis-hydra-d-scalp-soothing-moisturizing-lotion-drekinamasis-losjonas-galvos-odai-100ml\/#breadcrumb"},"inLanguage":"lt-LT","potentialAction":[{"@type":"ReadAction","target":["https:\/\/www.malinashop.lt\/shop\/anaplasis-hydra-d-scalp-soothing-moisturizing-lotion-drekinamasis-losjonas-galvos-odai-100ml\/"]}]},{"@type":"ImageObject","inLanguage":"lt-LT","@id":"https:\/\/www.malinashop.lt\/shop\/anaplasis-hydra-d-scalp-soothing-moisturizing-lotion-drekinamasis-losjonas-galvos-odai-100ml\/#primaryimage","url":"https:\/\/www.malinashop.lt\/wp-content\/uploads\/2025\/11\/5200137593986.jpg","contentUrl":"https:\/\/www.malinashop.lt\/wp-content\/uploads\/2025\/11\/5200137593986.jpg","width":1000,"height":1000},{"@type":"BreadcrumbList","@id":"https:\/\/www.malinashop.lt\/shop\/anaplasis-hydra-d-scalp-soothing-moisturizing-lotion-drekinamasis-losjonas-galvos-odai-100ml\/#breadcrumb","itemListElement":[{"@type":"ListItem","position":1,"name":"Pagrindinis","item":"https:\/\/www.malinashop.lt\/"},{"@type":"ListItem","position":2,"name":"Parduotuv\u0117","item":"https:\/\/www.malinashop.lt\/en\/parduotuve\/"},{"@type":"ListItem","position":3,"name":"ANAPLASIS HYDRA D Scalp Soothing &#038; Moisturizing Lotion dr\u0117kinamasis losjonas galvos odai, 100ml"}]},{"@type":"WebSite","@id":"https:\/\/www.malinashop.lt\/#website","url":"https:\/\/www.malinashop.lt\/","name":"COM Group Ecommerce","description":"MalinaShop.lt - Gro\u017eio ir sveikatos produktai i\u0161 patikim\u0173 preki\u0173 \u017eenkl\u0173. Atraskite auk\u0161tos kokyb\u0117s kosmetik\u0105 u\u017e puiki\u0105 kain\u0105.","publisher":{"@id":"https:\/\/www.malinashop.lt\/#organization"},"potentialAction":[{"@type":"SearchAction","target":{"@type":"EntryPoint","urlTemplate":"https:\/\/www.malinashop.lt\/?s={search_term_string}"},"query-input":{"@type":"PropertyValueSpecification","valueRequired":true,"valueName":"search_term_string"}}],"inLanguage":"lt-LT"},{"@type":"Organization","@id":"https:\/\/www.malinashop.lt\/#organization","name":"COM Group Ecommerce","url":"https:\/\/www.malinashop.lt\/","logo":{"@type":"ImageObject","inLanguage":"lt-LT","@id":"https:\/\/www.malinashop.lt\/#\/schema\/logo\/image\/","url":"https:\/\/www.malinashop.lt\/wp-content\/uploads\/2024\/08\/462559670_3787732518133670_9795632669273463_n-e1731525914575.png","contentUrl":"https:\/\/www.malinashop.lt\/wp-content\/uploads\/2024\/08\/462559670_3787732518133670_9795632669273463_n-e1731525914575.png","width":180,"height":60,"caption":"COM Group Ecommerce"},"image":{"@id":"https:\/\/www.malinashop.lt\/#\/schema\/logo\/image\/"}}]}},"jetpack_sharing_enabled":true,"_links":{"self":[{"href":"https:\/\/www.malinashop.lt\/lt_lt\/wp-json\/wp\/v2\/product\/70706","targetHints":{"allow":["GET"]}}],"collection":[{"href":"https:\/\/www.malinashop.lt\/lt_lt\/wp-json\/wp\/v2\/product"}],"about":[{"href":"https:\/\/www.malinashop.lt\/lt_lt\/wp-json\/wp\/v2\/types\/product"}],"version-history":[{"count":2,"href":"https:\/\/www.malinashop.lt\/lt_lt\/wp-json\/wp\/v2\/product\/70706\/revisions"}],"predecessor-version":[{"id":73562,"href":"https:\/\/www.malinashop.lt\/lt_lt\/wp-json\/wp\/v2\/product\/70706\/revisions\/73562"}],"wp:featuredmedia":[{"embeddable":true,"href":"https:\/\/www.malinashop.lt\/lt_lt\/wp-json\/wp\/v2\/media\/67396"}],"wp:attachment":[{"href":"https:\/\/www.malinashop.lt\/lt_lt\/wp-json\/wp\/v2\/media?parent=70706"}],"wp:term":[{"taxonomy":"product_brand","embeddable":true,"href":"https:\/\/www.malinashop.lt\/lt_lt\/wp-json\/wp\/v2\/product_brand?post=70706"},{"taxonomy":"product_cat","embeddable":true,"href":"https:\/\/www.malinashop.lt\/lt_lt\/wp-json\/wp\/v2\/product_cat?post=70706"},{"taxonomy":"product_tag","embeddable":true,"href":"https:\/\/www.malinashop.lt\/lt_lt\/wp-json\/wp\/v2\/product_tag?post=70706"}],"curies":[{"name":"wp","href":"https:\/\/api.w.org\/{rel}","templated":true}]}}