{"id":70698,"date":"2026-01-29T19:33:56","date_gmt":"2026-01-29T16:33:56","guid":{"rendered":"https:\/\/malinashop.lt\/?post_type=product&#038;p=70698"},"modified":"2026-04-07T22:18:26","modified_gmt":"2026-04-07T19:18:26","slug":"anaplasis-face-mask-stick-kaolin-clay-rose-jasmine-veido-kauke-su-baltuoju-moliu-rozemis-ir-jazminais-40g","status":"publish","type":"product","link":"https:\/\/www.malinashop.lt\/lt_lt\/shop\/anaplasis-face-mask-stick-kaolin-clay-rose-jasmine-veido-kauke-su-baltuoju-moliu-rozemis-ir-jazminais-40g\/","title":{"rendered":"ANAPLASIS FACE MASK STICK KAOLIN CLAY, ROSE &#038; JASMINE veido kauk\u0117 su baltuoju moliu, ro\u017e\u0117mis ir jazminais , 40g"},"content":{"rendered":"<div class=\"ewa-rteLine\">\n<p data-start=\"276\" data-end=\"649\"><strong data-start=\"276\" data-end=\"385\">ANAPLASIS veido kauk\u0117 su baltuoju moliu, ro\u017e\u0117mis ir jazminais FACE MASK STICK KAOLIN CLAY, ROSE &amp; JASMINE<\/strong> \u2013 pie\u0161tukin\u0117 veido kauk\u0117, skirta nat\u016braliai odos prie\u017ei\u016brai, kai norisi \u0161velnaus valymo, gaivos ir \u0161vyt\u0117jimo. Kaolino (baltojo molio) pagrindu sukurta formul\u0117 padeda efektyviai nuvalyti od\u0105, subalansuoti riebumo poj\u016bt\u012f ir suteikti odai lygesn\u0119, \u0161varesn\u0119 i\u0161vaizd\u0105.<\/p>\n<p data-start=\"651\" data-end=\"1093\"><strong data-start=\"651\" data-end=\"680\">Baltasis molis (kaolinas)<\/strong> yra \u0161velnus, ta\u010diau veiksmingas \u2013 padeda i\u0161valyti poras, pa\u0161alinti ne\u0161varumus ir riebal\u0173 pertekli\u0173, tod\u0117l oda po naudojimo atrodo \u0161varesn\u0117 ir mink\u0161tesn\u0117. <strong data-start=\"835\" data-end=\"852\">Ro\u017ei\u0173 aliejus<\/strong> padeda dr\u0117kinti ir tonizuoti od\u0105, o <strong data-start=\"889\" data-end=\"908\">jazmin\u0173 aliejus<\/strong> pasi\u017eymi antioksidacin\u0117mis savyb\u0117mis, prisideda prie odos puosel\u0117jimo ir suteikia sveikesnio spindesio poj\u016bt\u012f. Patogi stick forma leid\u017eia kauk\u0119 u\u017etepti tiksliai, greitai ir tvarkingai.<\/p>\n<hr data-start=\"1095\" data-end=\"1098\" \/>\n<h3 data-start=\"1100\" data-end=\"1127\">Pagrindiniai privalumai<\/h3>\n<ul data-start=\"1128\" data-end=\"1460\">\n<li data-start=\"1128\" data-end=\"1181\">\n<p data-start=\"1130\" data-end=\"1181\">Padeda <strong data-start=\"1137\" data-end=\"1155\">i\u0161valyti poras<\/strong> ir pa\u0161alinti ne\u0161varumus<\/p>\n<\/li>\n<li data-start=\"1182\" data-end=\"1258\">\n<p data-start=\"1184\" data-end=\"1258\">Padeda <strong data-start=\"1191\" data-end=\"1220\">sugerti riebal\u0173 pertekli\u0173<\/strong> ir subalansuoti odos riebumo poj\u016bt\u012f<\/p>\n<\/li>\n<li data-start=\"1259\" data-end=\"1317\">\n<p data-start=\"1261\" data-end=\"1317\">Suteikia odai <strong data-start=\"1275\" data-end=\"1308\">\u0161velnumo, gaivos ir \u0161vyt\u0117jimo<\/strong> poj\u016bt\u012f<\/p>\n<\/li>\n<li data-start=\"1318\" data-end=\"1397\">\n<p data-start=\"1320\" data-end=\"1397\"><strong data-start=\"1320\" data-end=\"1348\">Ro\u017ei\u0173 ir jazmin\u0173 aliejai<\/strong> padeda puosel\u0117ti od\u0105 ir pagerinti jos komfort\u0105<\/p>\n<\/li>\n<li data-start=\"1398\" data-end=\"1460\">\n<p data-start=\"1400\" data-end=\"1460\"><strong data-start=\"1400\" data-end=\"1420\">Pie\u0161tukin\u0117 forma<\/strong> \u2013 patogus, \u0161varus ir greitas naudojimas<\/p>\n<\/li>\n<\/ul>\n<hr data-start=\"1462\" data-end=\"1465\" \/>\n<h3 data-start=\"1467\" data-end=\"1481\">Naudojimas<\/h3>\n<p data-start=\"1482\" data-end=\"1632\">U\u017etepkite reikiam\u0105 kiek\u012f ant <strong data-start=\"1511\" data-end=\"1537\">\u0161varios ir sausos odos<\/strong>. Palikite <strong data-start=\"1548\" data-end=\"1563\">5\u20138 minutes<\/strong>. Tuomet masa\u017euojamaisiais judesiais nuplaukite <strong data-start=\"1611\" data-end=\"1631\">drungnu vandeniu<\/strong>.<\/p>\n<hr data-start=\"1634\" data-end=\"1637\" \/>\n<h3 data-start=\"1639\" data-end=\"1657\">Sud\u0117tis (INCI)<\/h3>\n<p data-start=\"1658\" data-end=\"1978\">AQUA (WATER), GLYCERIN, STEARIC ACID, KAOLIN, TITANIUM DIOXIDE, SODIUM STEARATE, PROPANEDIOL, ROSA DAMASCENA FLOWER OIL, JASMINUM OFFICINALE OIL, PERSEA GRATISSIMA LEAF EXTRACT, CHLORELLA VULGARIS EXTRACT, HYALURONIC ACID, CAMELLIA SINENSIS LEAF EXTRACT, DIPOTASSIUM GLYCYRRHIZATE, TOCOPHERYL ACETATE, CI 16255, CI 77742<\/p>\n<\/div>\n","protected":false},"excerpt":{"rendered":"<p>Pie\u0161tukin\u0117 veido kauk\u0117 su kaolinu, ro\u017ei\u0173 ir jazmin\u0173 aliejais \u2013 \u0161velniai valo poras, subalansuoja riebum\u0105 ir suteikia odai gaivos bei \u0161vyt\u0117jimo poj\u016bt\u012f.<\/p>\n","protected":false},"featured_media":67382,"template":"","meta":[],"product_brand":[1580],"product_cat":[553,728],"product_tag":[1587],"class_list":{"0":"post-70698","1":"product","2":"type-product","3":"status-publish","4":"has-post-thumbnail","6":"product_brand-anaplasis","7":"product_cat-veido-kaukes","8":"product_cat-veidui","9":"product_tag-anaplasis","11":"first","12":"instock","13":"sale","14":"purchasable","15":"product-type-simple"},"yoast_head":"<!-- This site is optimized with the Yoast SEO plugin v27.4 - https:\/\/yoast.com\/product\/yoast-seo-wordpress\/ -->\n<title>ANAPLASIS FACE MASK STICK KAOLIN CLAY, ROSE &amp; JASMINE veido kauk\u0117 su baltuoju moliu, ro\u017e\u0117mis ir jazminais , 40g - MalinaShop.lt J\u016bs\u0173 sveikatai ir gro\u017eiui.<\/title>\n<meta name=\"description\" content=\"ANAPLASIS Face Mask Stick su kaolinu, ro\u017ei\u0173 ir jazmin\u0173 aliejais padeda i\u0161valyti poras, suma\u017einti riebal\u0173 pertekli\u0173 ir suteikia odai \u0161velnumo bei sveiko spindesio.\" \/>\n<meta name=\"robots\" content=\"index, follow, max-snippet:-1, max-image-preview:large, max-video-preview:-1\" \/>\n<link rel=\"canonical\" href=\"https:\/\/www.malinashop.lt\/lt_lt\/shop\/anaplasis-face-mask-stick-kaolin-clay-rose-jasmine-veido-kauke-su-baltuoju-moliu-rozemis-ir-jazminais-40g\/\" \/>\n<meta property=\"og:locale\" content=\"lt_LT\" \/>\n<meta property=\"og:type\" content=\"article\" \/>\n<meta property=\"og:title\" content=\"ANAPLASIS FACE MASK STICK KAOLIN CLAY, ROSE &amp; JASMINE veido kauk\u0117 su baltuoju moliu, ro\u017e\u0117mis ir jazminais , 40g - MalinaShop.lt J\u016bs\u0173 sveikatai ir gro\u017eiui.\" \/>\n<meta property=\"og:description\" content=\"ANAPLASIS Face Mask Stick su kaolinu, ro\u017ei\u0173 ir jazmin\u0173 aliejais padeda i\u0161valyti poras, suma\u017einti riebal\u0173 pertekli\u0173 ir suteikia odai \u0161velnumo bei sveiko spindesio.\" \/>\n<meta property=\"og:url\" content=\"https:\/\/www.malinashop.lt\/lt_lt\/shop\/anaplasis-face-mask-stick-kaolin-clay-rose-jasmine-veido-kauke-su-baltuoju-moliu-rozemis-ir-jazminais-40g\/\" \/>\n<meta property=\"og:site_name\" content=\"MalinaShop.lt J\u016bs\u0173 sveikatai ir gro\u017eiui.\" \/>\n<meta property=\"article:modified_time\" content=\"2026-04-07T19:18:26+00:00\" \/>\n<meta property=\"og:image\" content=\"https:\/\/www.malinashop.lt\/wp-content\/uploads\/2025\/11\/5200137594006.jpg\" \/>\n\t<meta property=\"og:image:width\" content=\"1000\" \/>\n\t<meta property=\"og:image:height\" content=\"1000\" \/>\n\t<meta property=\"og:image:type\" content=\"image\/jpeg\" \/>\n<meta name=\"twitter:card\" content=\"summary_large_image\" \/>\n<script type=\"application\/ld+json\" class=\"yoast-schema-graph\">{\"@context\":\"https:\\\/\\\/schema.org\",\"@graph\":[{\"@type\":\"WebPage\",\"@id\":\"https:\\\/\\\/www.malinashop.lt\\\/en\\\/shop\\\/anaplasis-face-mask-stick-kaolin-clay-rose-jasmine-veido-kauke-su-baltuoju-moliu-rozemis-ir-jazminais-40g\\\/\",\"url\":\"https:\\\/\\\/www.malinashop.lt\\\/en\\\/shop\\\/anaplasis-face-mask-stick-kaolin-clay-rose-jasmine-veido-kauke-su-baltuoju-moliu-rozemis-ir-jazminais-40g\\\/\",\"name\":\"ANAPLASIS FACE MASK STICK KAOLIN CLAY, ROSE & JASMINE veido kauk\u0117 su baltuoju moliu, ro\u017e\u0117mis ir jazminais , 40g - MalinaShop.lt J\u016bs\u0173 sveikatai ir gro\u017eiui.\",\"isPartOf\":{\"@id\":\"https:\\\/\\\/www.malinashop.lt\\\/en\\\/#website\"},\"primaryImageOfPage\":{\"@id\":\"https:\\\/\\\/www.malinashop.lt\\\/en\\\/shop\\\/anaplasis-face-mask-stick-kaolin-clay-rose-jasmine-veido-kauke-su-baltuoju-moliu-rozemis-ir-jazminais-40g\\\/#primaryimage\"},\"image\":{\"@id\":\"https:\\\/\\\/www.malinashop.lt\\\/en\\\/shop\\\/anaplasis-face-mask-stick-kaolin-clay-rose-jasmine-veido-kauke-su-baltuoju-moliu-rozemis-ir-jazminais-40g\\\/#primaryimage\"},\"thumbnailUrl\":\"https:\\\/\\\/www.malinashop.lt\\\/wp-content\\\/uploads\\\/2025\\\/11\\\/5200137594006.jpg\",\"datePublished\":\"2026-01-29T16:33:56+00:00\",\"dateModified\":\"2026-04-07T19:18:26+00:00\",\"description\":\"ANAPLASIS Face Mask Stick su kaolinu, ro\u017ei\u0173 ir jazmin\u0173 aliejais padeda i\u0161valyti poras, suma\u017einti riebal\u0173 pertekli\u0173 ir suteikia odai \u0161velnumo bei sveiko spindesio.\",\"breadcrumb\":{\"@id\":\"https:\\\/\\\/www.malinashop.lt\\\/en\\\/shop\\\/anaplasis-face-mask-stick-kaolin-clay-rose-jasmine-veido-kauke-su-baltuoju-moliu-rozemis-ir-jazminais-40g\\\/#breadcrumb\"},\"inLanguage\":\"lt-LT\",\"potentialAction\":[{\"@type\":\"ReadAction\",\"target\":[\"https:\\\/\\\/www.malinashop.lt\\\/en\\\/shop\\\/anaplasis-face-mask-stick-kaolin-clay-rose-jasmine-veido-kauke-su-baltuoju-moliu-rozemis-ir-jazminais-40g\\\/\"]}]},{\"@type\":\"ImageObject\",\"inLanguage\":\"lt-LT\",\"@id\":\"https:\\\/\\\/www.malinashop.lt\\\/en\\\/shop\\\/anaplasis-face-mask-stick-kaolin-clay-rose-jasmine-veido-kauke-su-baltuoju-moliu-rozemis-ir-jazminais-40g\\\/#primaryimage\",\"url\":\"https:\\\/\\\/www.malinashop.lt\\\/wp-content\\\/uploads\\\/2025\\\/11\\\/5200137594006.jpg\",\"contentUrl\":\"https:\\\/\\\/www.malinashop.lt\\\/wp-content\\\/uploads\\\/2025\\\/11\\\/5200137594006.jpg\",\"width\":1000,\"height\":1000},{\"@type\":\"BreadcrumbList\",\"@id\":\"https:\\\/\\\/www.malinashop.lt\\\/en\\\/shop\\\/anaplasis-face-mask-stick-kaolin-clay-rose-jasmine-veido-kauke-su-baltuoju-moliu-rozemis-ir-jazminais-40g\\\/#breadcrumb\",\"itemListElement\":[{\"@type\":\"ListItem\",\"position\":1,\"name\":\"Home\",\"item\":\"https:\\\/\\\/www.malinashop.lt\\\/en\\\/\"},{\"@type\":\"ListItem\",\"position\":2,\"name\":\"Parduotuv\u0117\",\"item\":\"https:\\\/\\\/www.malinashop.lt\\\/en\\\/parduotuve\\\/\"},{\"@type\":\"ListItem\",\"position\":3,\"name\":\"ANAPLASIS FACE MASK STICK KAOLIN CLAY, ROSE &#038; JASMINE veido kauk\u0117 su baltuoju moliu, ro\u017e\u0117mis ir jazminais , 40g\"}]},{\"@type\":\"WebSite\",\"@id\":\"https:\\\/\\\/www.malinashop.lt\\\/en\\\/#website\",\"url\":\"https:\\\/\\\/www.malinashop.lt\\\/en\\\/\",\"name\":\"COM Group Ecommerce\",\"description\":\"MalinaShop.lt - Gro\u017eio ir sveikatos produktai i\u0161 patikim\u0173 preki\u0173 \u017eenkl\u0173. Atraskite auk\u0161tos kokyb\u0117s kosmetik\u0105 u\u017e puiki\u0105 kain\u0105.\",\"publisher\":{\"@id\":\"https:\\\/\\\/www.malinashop.lt\\\/en\\\/#organization\"},\"potentialAction\":[{\"@type\":\"SearchAction\",\"target\":{\"@type\":\"EntryPoint\",\"urlTemplate\":\"https:\\\/\\\/www.malinashop.lt\\\/en\\\/?s={search_term_string}\"},\"query-input\":{\"@type\":\"PropertyValueSpecification\",\"valueRequired\":true,\"valueName\":\"search_term_string\"}}],\"inLanguage\":\"lt-LT\"},{\"@type\":\"Organization\",\"@id\":\"https:\\\/\\\/www.malinashop.lt\\\/en\\\/#organization\",\"name\":\"COM Group Ecommerce\",\"url\":\"https:\\\/\\\/www.malinashop.lt\\\/en\\\/\",\"logo\":{\"@type\":\"ImageObject\",\"inLanguage\":\"lt-LT\",\"@id\":\"https:\\\/\\\/www.malinashop.lt\\\/en\\\/#\\\/schema\\\/logo\\\/image\\\/\",\"url\":\"https:\\\/\\\/www.malinashop.lt\\\/wp-content\\\/uploads\\\/2024\\\/08\\\/462559670_3787732518133670_9795632669273463_n-e1731525914575.png\",\"contentUrl\":\"https:\\\/\\\/www.malinashop.lt\\\/wp-content\\\/uploads\\\/2024\\\/08\\\/462559670_3787732518133670_9795632669273463_n-e1731525914575.png\",\"width\":180,\"height\":60,\"caption\":\"COM Group Ecommerce\"},\"image\":{\"@id\":\"https:\\\/\\\/www.malinashop.lt\\\/en\\\/#\\\/schema\\\/logo\\\/image\\\/\"}}]}<\/script>\n<!-- \/ Yoast SEO plugin. -->","yoast_head_json":{"title":"ANAPLASIS FACE MASK STICK KAOLIN CLAY, ROSE & JASMINE veido kauk\u0117 su baltuoju moliu, ro\u017e\u0117mis ir jazminais , 40g - MalinaShop.lt J\u016bs\u0173 sveikatai ir gro\u017eiui.","description":"ANAPLASIS Face Mask Stick su kaolinu, ro\u017ei\u0173 ir jazmin\u0173 aliejais padeda i\u0161valyti poras, suma\u017einti riebal\u0173 pertekli\u0173 ir suteikia odai \u0161velnumo bei sveiko spindesio.","robots":{"index":"index","follow":"follow","max-snippet":"max-snippet:-1","max-image-preview":"max-image-preview:large","max-video-preview":"max-video-preview:-1"},"canonical":"https:\/\/www.malinashop.lt\/lt_lt\/shop\/anaplasis-face-mask-stick-kaolin-clay-rose-jasmine-veido-kauke-su-baltuoju-moliu-rozemis-ir-jazminais-40g\/","og_locale":"lt_LT","og_type":"article","og_title":"ANAPLASIS FACE MASK STICK KAOLIN CLAY, ROSE & JASMINE veido kauk\u0117 su baltuoju moliu, ro\u017e\u0117mis ir jazminais , 40g - MalinaShop.lt J\u016bs\u0173 sveikatai ir gro\u017eiui.","og_description":"ANAPLASIS Face Mask Stick su kaolinu, ro\u017ei\u0173 ir jazmin\u0173 aliejais padeda i\u0161valyti poras, suma\u017einti riebal\u0173 pertekli\u0173 ir suteikia odai \u0161velnumo bei sveiko spindesio.","og_url":"https:\/\/www.malinashop.lt\/lt_lt\/shop\/anaplasis-face-mask-stick-kaolin-clay-rose-jasmine-veido-kauke-su-baltuoju-moliu-rozemis-ir-jazminais-40g\/","og_site_name":"MalinaShop.lt J\u016bs\u0173 sveikatai ir gro\u017eiui.","article_modified_time":"2026-04-07T19:18:26+00:00","og_image":[{"width":1000,"height":1000,"url":"https:\/\/www.malinashop.lt\/wp-content\/uploads\/2025\/11\/5200137594006.jpg","type":"image\/jpeg"}],"twitter_card":"summary_large_image","schema":{"@context":"https:\/\/schema.org","@graph":[{"@type":"WebPage","@id":"https:\/\/www.malinashop.lt\/en\/shop\/anaplasis-face-mask-stick-kaolin-clay-rose-jasmine-veido-kauke-su-baltuoju-moliu-rozemis-ir-jazminais-40g\/","url":"https:\/\/www.malinashop.lt\/en\/shop\/anaplasis-face-mask-stick-kaolin-clay-rose-jasmine-veido-kauke-su-baltuoju-moliu-rozemis-ir-jazminais-40g\/","name":"ANAPLASIS FACE MASK STICK KAOLIN CLAY, ROSE & JASMINE veido kauk\u0117 su baltuoju moliu, ro\u017e\u0117mis ir jazminais , 40g - MalinaShop.lt J\u016bs\u0173 sveikatai ir gro\u017eiui.","isPartOf":{"@id":"https:\/\/www.malinashop.lt\/en\/#website"},"primaryImageOfPage":{"@id":"https:\/\/www.malinashop.lt\/en\/shop\/anaplasis-face-mask-stick-kaolin-clay-rose-jasmine-veido-kauke-su-baltuoju-moliu-rozemis-ir-jazminais-40g\/#primaryimage"},"image":{"@id":"https:\/\/www.malinashop.lt\/en\/shop\/anaplasis-face-mask-stick-kaolin-clay-rose-jasmine-veido-kauke-su-baltuoju-moliu-rozemis-ir-jazminais-40g\/#primaryimage"},"thumbnailUrl":"https:\/\/www.malinashop.lt\/wp-content\/uploads\/2025\/11\/5200137594006.jpg","datePublished":"2026-01-29T16:33:56+00:00","dateModified":"2026-04-07T19:18:26+00:00","description":"ANAPLASIS Face Mask Stick su kaolinu, ro\u017ei\u0173 ir jazmin\u0173 aliejais padeda i\u0161valyti poras, suma\u017einti riebal\u0173 pertekli\u0173 ir suteikia odai \u0161velnumo bei sveiko spindesio.","breadcrumb":{"@id":"https:\/\/www.malinashop.lt\/en\/shop\/anaplasis-face-mask-stick-kaolin-clay-rose-jasmine-veido-kauke-su-baltuoju-moliu-rozemis-ir-jazminais-40g\/#breadcrumb"},"inLanguage":"lt-LT","potentialAction":[{"@type":"ReadAction","target":["https:\/\/www.malinashop.lt\/en\/shop\/anaplasis-face-mask-stick-kaolin-clay-rose-jasmine-veido-kauke-su-baltuoju-moliu-rozemis-ir-jazminais-40g\/"]}]},{"@type":"ImageObject","inLanguage":"lt-LT","@id":"https:\/\/www.malinashop.lt\/en\/shop\/anaplasis-face-mask-stick-kaolin-clay-rose-jasmine-veido-kauke-su-baltuoju-moliu-rozemis-ir-jazminais-40g\/#primaryimage","url":"https:\/\/www.malinashop.lt\/wp-content\/uploads\/2025\/11\/5200137594006.jpg","contentUrl":"https:\/\/www.malinashop.lt\/wp-content\/uploads\/2025\/11\/5200137594006.jpg","width":1000,"height":1000},{"@type":"BreadcrumbList","@id":"https:\/\/www.malinashop.lt\/en\/shop\/anaplasis-face-mask-stick-kaolin-clay-rose-jasmine-veido-kauke-su-baltuoju-moliu-rozemis-ir-jazminais-40g\/#breadcrumb","itemListElement":[{"@type":"ListItem","position":1,"name":"Home","item":"https:\/\/www.malinashop.lt\/en\/"},{"@type":"ListItem","position":2,"name":"Parduotuv\u0117","item":"https:\/\/www.malinashop.lt\/en\/parduotuve\/"},{"@type":"ListItem","position":3,"name":"ANAPLASIS FACE MASK STICK KAOLIN CLAY, ROSE &#038; JASMINE veido kauk\u0117 su baltuoju moliu, ro\u017e\u0117mis ir jazminais , 40g"}]},{"@type":"WebSite","@id":"https:\/\/www.malinashop.lt\/en\/#website","url":"https:\/\/www.malinashop.lt\/en\/","name":"COM Group Ecommerce","description":"MalinaShop.lt - Gro\u017eio ir sveikatos produktai i\u0161 patikim\u0173 preki\u0173 \u017eenkl\u0173. Atraskite auk\u0161tos kokyb\u0117s kosmetik\u0105 u\u017e puiki\u0105 kain\u0105.","publisher":{"@id":"https:\/\/www.malinashop.lt\/en\/#organization"},"potentialAction":[{"@type":"SearchAction","target":{"@type":"EntryPoint","urlTemplate":"https:\/\/www.malinashop.lt\/en\/?s={search_term_string}"},"query-input":{"@type":"PropertyValueSpecification","valueRequired":true,"valueName":"search_term_string"}}],"inLanguage":"lt-LT"},{"@type":"Organization","@id":"https:\/\/www.malinashop.lt\/en\/#organization","name":"COM Group Ecommerce","url":"https:\/\/www.malinashop.lt\/en\/","logo":{"@type":"ImageObject","inLanguage":"lt-LT","@id":"https:\/\/www.malinashop.lt\/en\/#\/schema\/logo\/image\/","url":"https:\/\/www.malinashop.lt\/wp-content\/uploads\/2024\/08\/462559670_3787732518133670_9795632669273463_n-e1731525914575.png","contentUrl":"https:\/\/www.malinashop.lt\/wp-content\/uploads\/2024\/08\/462559670_3787732518133670_9795632669273463_n-e1731525914575.png","width":180,"height":60,"caption":"COM Group Ecommerce"},"image":{"@id":"https:\/\/www.malinashop.lt\/en\/#\/schema\/logo\/image\/"}}]}},"jetpack_sharing_enabled":true,"_links":{"self":[{"href":"https:\/\/www.malinashop.lt\/lt_lt\/wp-json\/wp\/v2\/product\/70698","targetHints":{"allow":["GET"]}}],"collection":[{"href":"https:\/\/www.malinashop.lt\/lt_lt\/wp-json\/wp\/v2\/product"}],"about":[{"href":"https:\/\/www.malinashop.lt\/lt_lt\/wp-json\/wp\/v2\/types\/product"}],"version-history":[{"count":2,"href":"https:\/\/www.malinashop.lt\/lt_lt\/wp-json\/wp\/v2\/product\/70698\/revisions"}],"predecessor-version":[{"id":73565,"href":"https:\/\/www.malinashop.lt\/lt_lt\/wp-json\/wp\/v2\/product\/70698\/revisions\/73565"}],"wp:featuredmedia":[{"embeddable":true,"href":"https:\/\/www.malinashop.lt\/lt_lt\/wp-json\/wp\/v2\/media\/67382"}],"wp:attachment":[{"href":"https:\/\/www.malinashop.lt\/lt_lt\/wp-json\/wp\/v2\/media?parent=70698"}],"wp:term":[{"taxonomy":"product_brand","embeddable":true,"href":"https:\/\/www.malinashop.lt\/lt_lt\/wp-json\/wp\/v2\/product_brand?post=70698"},{"taxonomy":"product_cat","embeddable":true,"href":"https:\/\/www.malinashop.lt\/lt_lt\/wp-json\/wp\/v2\/product_cat?post=70698"},{"taxonomy":"product_tag","embeddable":true,"href":"https:\/\/www.malinashop.lt\/lt_lt\/wp-json\/wp\/v2\/product_tag?post=70698"}],"curies":[{"name":"wp","href":"https:\/\/api.w.org\/{rel}","templated":true}]}}