{"id":70696,"date":"2026-01-29T19:55:56","date_gmt":"2026-01-29T16:55:56","guid":{"rendered":"https:\/\/malinashop.lt\/?post_type=product&#038;p=70696"},"modified":"2026-04-07T22:18:25","modified_gmt":"2026-04-07T19:18:25","slug":"anaplasis-c-face-mask-stick-kaolin-clay-vitamin-c-veido-kauke-su-baltuoju-moliu-ir-vitaminu-40g","status":"publish","type":"product","link":"https:\/\/www.malinashop.lt\/lt_lt\/shop\/anaplasis-c-face-mask-stick-kaolin-clay-vitamin-c-veido-kauke-su-baltuoju-moliu-ir-vitaminu-40g\/","title":{"rendered":"ANAPLASIS C FACE MASK STICK KAOLIN CLAY &#038; VITAMIN C veido kauk\u0117 su baltuoju moliu ir vitaminu, 40g"},"content":{"rendered":"<p data-start=\"264\" data-end=\"598\"><strong data-start=\"264\" data-end=\"361\">ANAPLASIS veido kauk\u0117 su baltuoju moliu ir vitaminu C FACE MASK STICK KAOLIN CLAY &amp; VITAMIN C<\/strong> \u2013 pie\u0161tukin\u0117 veido kauk\u0117, sukurta \u0161velniam, bet efektyviam odos valymui ir skaistinimui. Ji idealiai tinka <strong data-start=\"469\" data-end=\"486\">jautriai odai<\/strong>, kai norisi i\u0161valyti poras, subalansuoti riebum\u0105 ir suteikti odai daugiau \u0161vyt\u0117jimo, i\u0161laikant komforto poj\u016bt\u012f.<\/p>\n<p data-start=\"600\" data-end=\"1087\"><strong data-start=\"600\" data-end=\"629\">Baltasis molis (kaolinas)<\/strong> yra \u0161velnus, tod\u0117l padeda <strong data-start=\"656\" data-end=\"674\">i\u0161valyti poras<\/strong>, pa\u0161alinti ne\u0161varumus bei riebal\u0173 pertekli\u0173 ir suteikia odai \u0161velnumo. <strong data-start=\"746\" data-end=\"761\">Vitaminas C<\/strong> \u2013 galingas antioksidantas, padedantis <strong data-start=\"800\" data-end=\"818\">skaistinti od\u0105<\/strong>, palaikyti tolygesn\u0119 i\u0161vaizd\u0105 ir prisidedantis prie <strong data-start=\"871\" data-end=\"892\">kolageno sintez\u0117s<\/strong>, tod\u0117l oda atrodo gyvybingesn\u0117 ir sveikesn\u0117. Reguliariai naudojant kauk\u0119, oda gali tapti <strong data-start=\"982\" data-end=\"1017\">skaistesn\u0117, lygesn\u0117 ir \u0161varesn\u0117<\/strong>, o patogi stick forma leid\u017eia priemon\u0119 u\u017etepti greitai ir tvarkingai.<\/p>\n<hr data-start=\"1089\" data-end=\"1092\" \/>\n<h3 data-start=\"1094\" data-end=\"1121\">Pagrindiniai privalumai<\/h3>\n<ul data-start=\"1122\" data-end=\"1449\">\n<li data-start=\"1122\" data-end=\"1180\">\n<p data-start=\"1124\" data-end=\"1180\"><strong data-start=\"1124\" data-end=\"1147\">\u0160velniai valo poras<\/strong> ir padeda pa\u0161alinti ne\u0161varumus<\/p>\n<\/li>\n<li data-start=\"1181\" data-end=\"1250\">\n<p data-start=\"1183\" data-end=\"1250\"><strong data-start=\"1183\" data-end=\"1214\">Subalansuoja riebumo poj\u016bt\u012f<\/strong> ir suteikia \u0161varesn\u0117s odos efekt\u0105<\/p>\n<\/li>\n<li data-start=\"1251\" data-end=\"1318\">\n<p data-start=\"1253\" data-end=\"1318\"><strong data-start=\"1253\" data-end=\"1278\">Vitaminas C skaistina<\/strong> ir padeda odai atrodyti gyvybingesnei<\/p>\n<\/li>\n<li data-start=\"1319\" data-end=\"1380\">\n<p data-start=\"1321\" data-end=\"1380\"><strong data-start=\"1321\" data-end=\"1344\">Tinka jautriai odai<\/strong> \u2013 \u0161velnaus baltojo molio pagrindu<\/p>\n<\/li>\n<li data-start=\"1381\" data-end=\"1449\">\n<p data-start=\"1383\" data-end=\"1449\"><strong data-start=\"1383\" data-end=\"1410\">Patogi pie\u0161tukin\u0117 forma<\/strong> \u2013 greitas, tikslus ir \u0161varus u\u017etepimas<\/p>\n<\/li>\n<\/ul>\n<hr data-start=\"1451\" data-end=\"1454\" \/>\n<h3 data-start=\"1456\" data-end=\"1470\">Naudojimas<\/h3>\n<p data-start=\"1471\" data-end=\"1621\">U\u017etepkite reikiam\u0105 kiek\u012f ant <strong data-start=\"1500\" data-end=\"1526\">\u0161varios ir sausos odos<\/strong>. Palikite <strong data-start=\"1537\" data-end=\"1552\">5\u20138 minutes<\/strong>. Tuomet masa\u017euojamaisiais judesiais nuplaukite <strong data-start=\"1600\" data-end=\"1620\">drungnu vandeniu<\/strong>.<\/p>\n<hr data-start=\"1623\" data-end=\"1626\" \/>\n<h3 data-start=\"1628\" data-end=\"1646\">Sud\u0117tis (INCI)<\/h3>\n<p data-start=\"1647\" data-end=\"2009\">AQUA (WATER), GLYCERIN, STEARIC ACID, KAOLIN, TITANIUM DIOXIDE, SODIUM STEARATE, PROPANEDIOL, ASCORBIC ACID, CAMELLIA SINENSIS LEAF POWDER, PERSEA GRATISSIMA LEAF EXTRACT, ORYZA SATIVA BRAN EXTRACT, HYALURONIC ACID, CAMELLIA SINENSIS LEAF EXTRACT, DIPOTASSIUM GLYCYRRHIZATE, TOCOPHERYL ACETATE, CHLORELLA VULGARIS EXTRACT, FRAGRANCE (PARFUM), CI 42090, CI 77742.<\/p>\n","protected":false},"excerpt":{"rendered":"<p>Pie\u0161tukin\u0117 veido kauk\u0117 su kaolinu ir vitaminu C \u2013 \u0161velniai valo poras, subalansuoja riebum\u0105 ir skaistina od\u0105, tinka jautriai odai.<\/p>\n","protected":false},"featured_media":67379,"template":"","meta":[],"product_brand":[1580],"product_cat":[553,728],"product_tag":[1587],"class_list":{"0":"post-70696","1":"product","2":"type-product","3":"status-publish","4":"has-post-thumbnail","6":"product_brand-anaplasis","7":"product_cat-veido-kaukes","8":"product_cat-veidui","9":"product_tag-anaplasis","11":"first","12":"instock","13":"sale","14":"purchasable","15":"product-type-simple"},"yoast_head":"<!-- This site is optimized with the Yoast SEO plugin v27.4 - https:\/\/yoast.com\/product\/yoast-seo-wordpress\/ -->\n<title>ANAPLASIS C FACE MASK STICK KAOLIN CLAY &amp; VITAMIN C veido kauk\u0117 su baltuoju moliu ir vitaminu, 40g - MalinaShop.lt J\u016bs\u0173 sveikatai ir gro\u017eiui.<\/title>\n<meta name=\"description\" content=\"ANAPLASIS Face Mask Stick su kaolinu ir vitaminu C \u0161velniai valo poras, ma\u017eina riebal\u0173 pertekli\u0173 ir skaistina od\u0105. Tinka jautriai odai, padeda i\u0161gauti lygesn\u0119 i\u0161vaizd\u0105.\" \/>\n<meta name=\"robots\" content=\"index, follow, max-snippet:-1, max-image-preview:large, max-video-preview:-1\" \/>\n<link rel=\"canonical\" href=\"https:\/\/www.malinashop.lt\/lt_lt\/shop\/anaplasis-c-face-mask-stick-kaolin-clay-vitamin-c-veido-kauke-su-baltuoju-moliu-ir-vitaminu-40g\/\" \/>\n<meta property=\"og:locale\" content=\"lt_LT\" \/>\n<meta property=\"og:type\" content=\"article\" \/>\n<meta property=\"og:title\" content=\"ANAPLASIS C FACE MASK STICK KAOLIN CLAY &amp; VITAMIN C veido kauk\u0117 su baltuoju moliu ir vitaminu, 40g - MalinaShop.lt J\u016bs\u0173 sveikatai ir gro\u017eiui.\" \/>\n<meta property=\"og:description\" content=\"ANAPLASIS Face Mask Stick su kaolinu ir vitaminu C \u0161velniai valo poras, ma\u017eina riebal\u0173 pertekli\u0173 ir skaistina od\u0105. Tinka jautriai odai, padeda i\u0161gauti lygesn\u0119 i\u0161vaizd\u0105.\" \/>\n<meta property=\"og:url\" content=\"https:\/\/www.malinashop.lt\/lt_lt\/shop\/anaplasis-c-face-mask-stick-kaolin-clay-vitamin-c-veido-kauke-su-baltuoju-moliu-ir-vitaminu-40g\/\" \/>\n<meta property=\"og:site_name\" content=\"MalinaShop.lt J\u016bs\u0173 sveikatai ir gro\u017eiui.\" \/>\n<meta property=\"article:modified_time\" content=\"2026-04-07T19:18:25+00:00\" \/>\n<meta property=\"og:image\" content=\"https:\/\/www.malinashop.lt\/wp-content\/uploads\/2025\/11\/5200137594044.jpg\" \/>\n\t<meta property=\"og:image:width\" content=\"1000\" \/>\n\t<meta property=\"og:image:height\" content=\"1000\" \/>\n\t<meta property=\"og:image:type\" content=\"image\/jpeg\" \/>\n<meta name=\"twitter:card\" content=\"summary_large_image\" \/>\n<script type=\"application\/ld+json\" class=\"yoast-schema-graph\">{\"@context\":\"https:\\\/\\\/schema.org\",\"@graph\":[{\"@type\":\"WebPage\",\"@id\":\"https:\\\/\\\/www.malinashop.lt\\\/lt_lt\\\/shop\\\/anaplasis-c-face-mask-stick-kaolin-clay-vitamin-c-veido-kauke-su-baltuoju-moliu-ir-vitaminu-40g\\\/\",\"url\":\"https:\\\/\\\/www.malinashop.lt\\\/lt_lt\\\/shop\\\/anaplasis-c-face-mask-stick-kaolin-clay-vitamin-c-veido-kauke-su-baltuoju-moliu-ir-vitaminu-40g\\\/\",\"name\":\"ANAPLASIS C FACE MASK STICK KAOLIN CLAY & VITAMIN C veido kauk\u0117 su baltuoju moliu ir vitaminu, 40g - MalinaShop.lt J\u016bs\u0173 sveikatai ir gro\u017eiui.\",\"isPartOf\":{\"@id\":\"https:\\\/\\\/www.malinashop.lt\\\/#website\"},\"primaryImageOfPage\":{\"@id\":\"https:\\\/\\\/www.malinashop.lt\\\/lt_lt\\\/shop\\\/anaplasis-c-face-mask-stick-kaolin-clay-vitamin-c-veido-kauke-su-baltuoju-moliu-ir-vitaminu-40g\\\/#primaryimage\"},\"image\":{\"@id\":\"https:\\\/\\\/www.malinashop.lt\\\/lt_lt\\\/shop\\\/anaplasis-c-face-mask-stick-kaolin-clay-vitamin-c-veido-kauke-su-baltuoju-moliu-ir-vitaminu-40g\\\/#primaryimage\"},\"thumbnailUrl\":\"https:\\\/\\\/www.malinashop.lt\\\/wp-content\\\/uploads\\\/2025\\\/11\\\/5200137594044.jpg\",\"datePublished\":\"2026-01-29T16:55:56+00:00\",\"dateModified\":\"2026-04-07T19:18:25+00:00\",\"description\":\"ANAPLASIS Face Mask Stick su kaolinu ir vitaminu C \u0161velniai valo poras, ma\u017eina riebal\u0173 pertekli\u0173 ir skaistina od\u0105. Tinka jautriai odai, padeda i\u0161gauti lygesn\u0119 i\u0161vaizd\u0105.\",\"breadcrumb\":{\"@id\":\"https:\\\/\\\/www.malinashop.lt\\\/lt_lt\\\/shop\\\/anaplasis-c-face-mask-stick-kaolin-clay-vitamin-c-veido-kauke-su-baltuoju-moliu-ir-vitaminu-40g\\\/#breadcrumb\"},\"inLanguage\":\"lt-LT\",\"potentialAction\":[{\"@type\":\"ReadAction\",\"target\":[\"https:\\\/\\\/www.malinashop.lt\\\/lt_lt\\\/shop\\\/anaplasis-c-face-mask-stick-kaolin-clay-vitamin-c-veido-kauke-su-baltuoju-moliu-ir-vitaminu-40g\\\/\"]}]},{\"@type\":\"ImageObject\",\"inLanguage\":\"lt-LT\",\"@id\":\"https:\\\/\\\/www.malinashop.lt\\\/lt_lt\\\/shop\\\/anaplasis-c-face-mask-stick-kaolin-clay-vitamin-c-veido-kauke-su-baltuoju-moliu-ir-vitaminu-40g\\\/#primaryimage\",\"url\":\"https:\\\/\\\/www.malinashop.lt\\\/wp-content\\\/uploads\\\/2025\\\/11\\\/5200137594044.jpg\",\"contentUrl\":\"https:\\\/\\\/www.malinashop.lt\\\/wp-content\\\/uploads\\\/2025\\\/11\\\/5200137594044.jpg\",\"width\":1000,\"height\":1000},{\"@type\":\"BreadcrumbList\",\"@id\":\"https:\\\/\\\/www.malinashop.lt\\\/lt_lt\\\/shop\\\/anaplasis-c-face-mask-stick-kaolin-clay-vitamin-c-veido-kauke-su-baltuoju-moliu-ir-vitaminu-40g\\\/#breadcrumb\",\"itemListElement\":[{\"@type\":\"ListItem\",\"position\":1,\"name\":\"Pagrindinis\",\"item\":\"https:\\\/\\\/www.malinashop.lt\\\/\"},{\"@type\":\"ListItem\",\"position\":2,\"name\":\"Parduotuv\u0117\",\"item\":\"https:\\\/\\\/www.malinashop.lt\\\/en\\\/parduotuve\\\/\"},{\"@type\":\"ListItem\",\"position\":3,\"name\":\"ANAPLASIS C FACE MASK STICK KAOLIN CLAY &#038; VITAMIN C veido kauk\u0117 su baltuoju moliu ir vitaminu, 40g\"}]},{\"@type\":\"WebSite\",\"@id\":\"https:\\\/\\\/www.malinashop.lt\\\/#website\",\"url\":\"https:\\\/\\\/www.malinashop.lt\\\/\",\"name\":\"COM Group Ecommerce\",\"description\":\"MalinaShop.lt - Gro\u017eio ir sveikatos produktai i\u0161 patikim\u0173 preki\u0173 \u017eenkl\u0173. Atraskite auk\u0161tos kokyb\u0117s kosmetik\u0105 u\u017e puiki\u0105 kain\u0105.\",\"publisher\":{\"@id\":\"https:\\\/\\\/www.malinashop.lt\\\/#organization\"},\"potentialAction\":[{\"@type\":\"SearchAction\",\"target\":{\"@type\":\"EntryPoint\",\"urlTemplate\":\"https:\\\/\\\/www.malinashop.lt\\\/?s={search_term_string}\"},\"query-input\":{\"@type\":\"PropertyValueSpecification\",\"valueRequired\":true,\"valueName\":\"search_term_string\"}}],\"inLanguage\":\"lt-LT\"},{\"@type\":\"Organization\",\"@id\":\"https:\\\/\\\/www.malinashop.lt\\\/#organization\",\"name\":\"COM Group Ecommerce\",\"url\":\"https:\\\/\\\/www.malinashop.lt\\\/\",\"logo\":{\"@type\":\"ImageObject\",\"inLanguage\":\"lt-LT\",\"@id\":\"https:\\\/\\\/www.malinashop.lt\\\/#\\\/schema\\\/logo\\\/image\\\/\",\"url\":\"https:\\\/\\\/www.malinashop.lt\\\/wp-content\\\/uploads\\\/2024\\\/08\\\/462559670_3787732518133670_9795632669273463_n-e1731525914575.png\",\"contentUrl\":\"https:\\\/\\\/www.malinashop.lt\\\/wp-content\\\/uploads\\\/2024\\\/08\\\/462559670_3787732518133670_9795632669273463_n-e1731525914575.png\",\"width\":180,\"height\":60,\"caption\":\"COM Group Ecommerce\"},\"image\":{\"@id\":\"https:\\\/\\\/www.malinashop.lt\\\/#\\\/schema\\\/logo\\\/image\\\/\"}}]}<\/script>\n<!-- \/ Yoast SEO plugin. -->","yoast_head_json":{"title":"ANAPLASIS C FACE MASK STICK KAOLIN CLAY & VITAMIN C veido kauk\u0117 su baltuoju moliu ir vitaminu, 40g - MalinaShop.lt J\u016bs\u0173 sveikatai ir gro\u017eiui.","description":"ANAPLASIS Face Mask Stick su kaolinu ir vitaminu C \u0161velniai valo poras, ma\u017eina riebal\u0173 pertekli\u0173 ir skaistina od\u0105. Tinka jautriai odai, padeda i\u0161gauti lygesn\u0119 i\u0161vaizd\u0105.","robots":{"index":"index","follow":"follow","max-snippet":"max-snippet:-1","max-image-preview":"max-image-preview:large","max-video-preview":"max-video-preview:-1"},"canonical":"https:\/\/www.malinashop.lt\/lt_lt\/shop\/anaplasis-c-face-mask-stick-kaolin-clay-vitamin-c-veido-kauke-su-baltuoju-moliu-ir-vitaminu-40g\/","og_locale":"lt_LT","og_type":"article","og_title":"ANAPLASIS C FACE MASK STICK KAOLIN CLAY & VITAMIN C veido kauk\u0117 su baltuoju moliu ir vitaminu, 40g - MalinaShop.lt J\u016bs\u0173 sveikatai ir gro\u017eiui.","og_description":"ANAPLASIS Face Mask Stick su kaolinu ir vitaminu C \u0161velniai valo poras, ma\u017eina riebal\u0173 pertekli\u0173 ir skaistina od\u0105. Tinka jautriai odai, padeda i\u0161gauti lygesn\u0119 i\u0161vaizd\u0105.","og_url":"https:\/\/www.malinashop.lt\/lt_lt\/shop\/anaplasis-c-face-mask-stick-kaolin-clay-vitamin-c-veido-kauke-su-baltuoju-moliu-ir-vitaminu-40g\/","og_site_name":"MalinaShop.lt J\u016bs\u0173 sveikatai ir gro\u017eiui.","article_modified_time":"2026-04-07T19:18:25+00:00","og_image":[{"width":1000,"height":1000,"url":"https:\/\/www.malinashop.lt\/wp-content\/uploads\/2025\/11\/5200137594044.jpg","type":"image\/jpeg"}],"twitter_card":"summary_large_image","schema":{"@context":"https:\/\/schema.org","@graph":[{"@type":"WebPage","@id":"https:\/\/www.malinashop.lt\/lt_lt\/shop\/anaplasis-c-face-mask-stick-kaolin-clay-vitamin-c-veido-kauke-su-baltuoju-moliu-ir-vitaminu-40g\/","url":"https:\/\/www.malinashop.lt\/lt_lt\/shop\/anaplasis-c-face-mask-stick-kaolin-clay-vitamin-c-veido-kauke-su-baltuoju-moliu-ir-vitaminu-40g\/","name":"ANAPLASIS C FACE MASK STICK KAOLIN CLAY & VITAMIN C veido kauk\u0117 su baltuoju moliu ir vitaminu, 40g - MalinaShop.lt J\u016bs\u0173 sveikatai ir gro\u017eiui.","isPartOf":{"@id":"https:\/\/www.malinashop.lt\/#website"},"primaryImageOfPage":{"@id":"https:\/\/www.malinashop.lt\/lt_lt\/shop\/anaplasis-c-face-mask-stick-kaolin-clay-vitamin-c-veido-kauke-su-baltuoju-moliu-ir-vitaminu-40g\/#primaryimage"},"image":{"@id":"https:\/\/www.malinashop.lt\/lt_lt\/shop\/anaplasis-c-face-mask-stick-kaolin-clay-vitamin-c-veido-kauke-su-baltuoju-moliu-ir-vitaminu-40g\/#primaryimage"},"thumbnailUrl":"https:\/\/www.malinashop.lt\/wp-content\/uploads\/2025\/11\/5200137594044.jpg","datePublished":"2026-01-29T16:55:56+00:00","dateModified":"2026-04-07T19:18:25+00:00","description":"ANAPLASIS Face Mask Stick su kaolinu ir vitaminu C \u0161velniai valo poras, ma\u017eina riebal\u0173 pertekli\u0173 ir skaistina od\u0105. Tinka jautriai odai, padeda i\u0161gauti lygesn\u0119 i\u0161vaizd\u0105.","breadcrumb":{"@id":"https:\/\/www.malinashop.lt\/lt_lt\/shop\/anaplasis-c-face-mask-stick-kaolin-clay-vitamin-c-veido-kauke-su-baltuoju-moliu-ir-vitaminu-40g\/#breadcrumb"},"inLanguage":"lt-LT","potentialAction":[{"@type":"ReadAction","target":["https:\/\/www.malinashop.lt\/lt_lt\/shop\/anaplasis-c-face-mask-stick-kaolin-clay-vitamin-c-veido-kauke-su-baltuoju-moliu-ir-vitaminu-40g\/"]}]},{"@type":"ImageObject","inLanguage":"lt-LT","@id":"https:\/\/www.malinashop.lt\/lt_lt\/shop\/anaplasis-c-face-mask-stick-kaolin-clay-vitamin-c-veido-kauke-su-baltuoju-moliu-ir-vitaminu-40g\/#primaryimage","url":"https:\/\/www.malinashop.lt\/wp-content\/uploads\/2025\/11\/5200137594044.jpg","contentUrl":"https:\/\/www.malinashop.lt\/wp-content\/uploads\/2025\/11\/5200137594044.jpg","width":1000,"height":1000},{"@type":"BreadcrumbList","@id":"https:\/\/www.malinashop.lt\/lt_lt\/shop\/anaplasis-c-face-mask-stick-kaolin-clay-vitamin-c-veido-kauke-su-baltuoju-moliu-ir-vitaminu-40g\/#breadcrumb","itemListElement":[{"@type":"ListItem","position":1,"name":"Pagrindinis","item":"https:\/\/www.malinashop.lt\/"},{"@type":"ListItem","position":2,"name":"Parduotuv\u0117","item":"https:\/\/www.malinashop.lt\/en\/parduotuve\/"},{"@type":"ListItem","position":3,"name":"ANAPLASIS C FACE MASK STICK KAOLIN CLAY &#038; VITAMIN C veido kauk\u0117 su baltuoju moliu ir vitaminu, 40g"}]},{"@type":"WebSite","@id":"https:\/\/www.malinashop.lt\/#website","url":"https:\/\/www.malinashop.lt\/","name":"COM Group Ecommerce","description":"MalinaShop.lt - Gro\u017eio ir sveikatos produktai i\u0161 patikim\u0173 preki\u0173 \u017eenkl\u0173. Atraskite auk\u0161tos kokyb\u0117s kosmetik\u0105 u\u017e puiki\u0105 kain\u0105.","publisher":{"@id":"https:\/\/www.malinashop.lt\/#organization"},"potentialAction":[{"@type":"SearchAction","target":{"@type":"EntryPoint","urlTemplate":"https:\/\/www.malinashop.lt\/?s={search_term_string}"},"query-input":{"@type":"PropertyValueSpecification","valueRequired":true,"valueName":"search_term_string"}}],"inLanguage":"lt-LT"},{"@type":"Organization","@id":"https:\/\/www.malinashop.lt\/#organization","name":"COM Group Ecommerce","url":"https:\/\/www.malinashop.lt\/","logo":{"@type":"ImageObject","inLanguage":"lt-LT","@id":"https:\/\/www.malinashop.lt\/#\/schema\/logo\/image\/","url":"https:\/\/www.malinashop.lt\/wp-content\/uploads\/2024\/08\/462559670_3787732518133670_9795632669273463_n-e1731525914575.png","contentUrl":"https:\/\/www.malinashop.lt\/wp-content\/uploads\/2024\/08\/462559670_3787732518133670_9795632669273463_n-e1731525914575.png","width":180,"height":60,"caption":"COM Group Ecommerce"},"image":{"@id":"https:\/\/www.malinashop.lt\/#\/schema\/logo\/image\/"}}]}},"jetpack_sharing_enabled":true,"_links":{"self":[{"href":"https:\/\/www.malinashop.lt\/lt_lt\/wp-json\/wp\/v2\/product\/70696","targetHints":{"allow":["GET"]}}],"collection":[{"href":"https:\/\/www.malinashop.lt\/lt_lt\/wp-json\/wp\/v2\/product"}],"about":[{"href":"https:\/\/www.malinashop.lt\/lt_lt\/wp-json\/wp\/v2\/types\/product"}],"version-history":[{"count":2,"href":"https:\/\/www.malinashop.lt\/lt_lt\/wp-json\/wp\/v2\/product\/70696\/revisions"}],"predecessor-version":[{"id":73566,"href":"https:\/\/www.malinashop.lt\/lt_lt\/wp-json\/wp\/v2\/product\/70696\/revisions\/73566"}],"wp:featuredmedia":[{"embeddable":true,"href":"https:\/\/www.malinashop.lt\/lt_lt\/wp-json\/wp\/v2\/media\/67379"}],"wp:attachment":[{"href":"https:\/\/www.malinashop.lt\/lt_lt\/wp-json\/wp\/v2\/media?parent=70696"}],"wp:term":[{"taxonomy":"product_brand","embeddable":true,"href":"https:\/\/www.malinashop.lt\/lt_lt\/wp-json\/wp\/v2\/product_brand?post=70696"},{"taxonomy":"product_cat","embeddable":true,"href":"https:\/\/www.malinashop.lt\/lt_lt\/wp-json\/wp\/v2\/product_cat?post=70696"},{"taxonomy":"product_tag","embeddable":true,"href":"https:\/\/www.malinashop.lt\/lt_lt\/wp-json\/wp\/v2\/product_tag?post=70696"}],"curies":[{"name":"wp","href":"https:\/\/api.w.org\/{rel}","templated":true}]}}