{"id":69526,"date":"2025-12-06T13:44:08","date_gmt":"2025-12-06T10:44:08","guid":{"rendered":"https:\/\/malinashop.lt\/?post_type=product&#038;p=69526"},"modified":"2026-04-07T22:18:49","modified_gmt":"2026-04-07T19:18:49","slug":"skinlovers-raminantis-veido-kremas-4sos-atkuriamasis-sos-cica","status":"publish","type":"product","link":"https:\/\/www.malinashop.lt\/lt_lt\/shop\/skinlovers-raminantis-veido-kremas-4sos-atkuriamasis-sos-cica\/","title":{"rendered":"SKINLOVERS raminantis veido kremas #4\u2019SOS atkuriamasis \/ SOS Cica"},"content":{"rendered":"<p data-start=\"321\" data-end=\"679\">SKINLOVERS raminantis veido kremas #4\u2019SOS Cica sukurtas jautriai, sudirgusiai, pa\u017eeistai ar dermatologinio gydymo varginamai veido odai. Inovatyvi formul\u0117, sukurta remiantis naujausiais moksliniais tyrimais ir dermatolog\u0173 rekomendacijomis, padeda grei\u010diau atkurti pa\u017eeist\u0105 odos barjer\u0105, ma\u017eina diskomfort\u0105, tempimo jausm\u0105 ir paraudim\u0105.<\/p>\n<p data-start=\"681\" data-end=\"716\">Kremas veikia keliomis kryptimis:<\/p>\n<ul data-start=\"717\" data-end=\"1195\">\n<li data-start=\"717\" data-end=\"839\">\n<p data-start=\"719\" data-end=\"839\"><strong data-start=\"719\" data-end=\"743\">Atkuria odos barjer\u0105<\/strong> ir padeda sustiprinti nat\u016bral\u0173 apsaugin\u012f sluoksn\u012f, kad oda b\u016bt\u0173 atsparesn\u0117 i\u0161or\u0117s veiksniams.<\/p>\n<\/li>\n<li data-start=\"840\" data-end=\"974\">\n<p data-start=\"842\" data-end=\"974\"><strong data-start=\"842\" data-end=\"867\">Ramina sudirgusi\u0105 od\u0105<\/strong> \u2013 ma\u017eina paraudim\u0105, per\u0161t\u0117jim\u0105, tempim\u0105, tinka esant \u012fvairioms odos b\u016bkl\u0117ms ir po dermatologinio gydymo.<\/p>\n<\/li>\n<li data-start=\"975\" data-end=\"1084\">\n<p data-start=\"977\" data-end=\"1084\"><strong data-start=\"977\" data-end=\"1013\">Intensyviai dr\u0117kina ir mink\u0161tina<\/strong> \u2013 saugo nuo i\u0161saus\u0117jimo, gerina odos komforto poj\u016bt\u012f ir elastingum\u0105.<\/p>\n<\/li>\n<li data-start=\"1085\" data-end=\"1195\">\n<p data-start=\"1087\" data-end=\"1195\"><strong data-start=\"1087\" data-end=\"1128\">Apsaugo nuo \u017ealingo aplinkos poveikio<\/strong> (v\u0117jo, \u0161al\u010dio, tar\u0161os), padeda palaikyti odos balans\u0105 visus metus.<\/p>\n<\/li>\n<\/ul>\n<p data-start=\"1197\" data-end=\"1515\">Kremas tinka <strong data-start=\"1210\" data-end=\"1283\">visiems odos tipams, kai oda yra pa\u017eeista ar susilpn\u0117j\u0119s jos barjeras<\/strong> \u2013 sausai, riebiai, mi\u0161riai, jautriai, \u012f akn\u0119 ar dermatit\u0105 linkusiai odai. Formul\u0117 \u0161velni, nedirgina ir nesukelia alergini\u0173 reakcij\u0173, tod\u0117l krem\u0105 galima naudoti ir kasdien, ir kaip SOS priemon\u0119, kai odai reikia ypatingos prie\u017ei\u016bros.<\/p>\n<p data-start=\"1517\" data-end=\"1684\">Patvirtinta gyd. dermatolog\u0117s <strong data-start=\"1547\" data-end=\"1573\">Paulinos Gru\u0161elionyt\u0117s<\/strong>, tod\u0117l kremas yra patikimas pasirinkimas tiems, kurie ie\u0161ko efektyvios, bet \u0161velnios priemon\u0117s pa\u017eeistai odai.<\/p>\n<p data-start=\"1686\" data-end=\"1715\"><strong data-start=\"1686\" data-end=\"1713\">Pagrindiniai privalumai<\/strong><\/p>\n<ul data-start=\"1716\" data-end=\"2065\">\n<li data-start=\"1716\" data-end=\"1761\">\n<p data-start=\"1718\" data-end=\"1761\">Atkuria ir stiprina pa\u017eeist\u0105 odos barjer\u0105<\/p>\n<\/li>\n<li data-start=\"1762\" data-end=\"1820\">\n<p data-start=\"1764\" data-end=\"1820\">Ramina sudirgusi\u0105 od\u0105, ma\u017eina paraudim\u0105 ir diskomfort\u0105<\/p>\n<\/li>\n<li data-start=\"1821\" data-end=\"1869\">\n<p data-start=\"1823\" data-end=\"1869\">Tinka naudoti kartu su dermatologiniu gydymu<\/p>\n<\/li>\n<li data-start=\"1870\" data-end=\"1913\">\n<p data-start=\"1872\" data-end=\"1913\">Nedirgina, nesukelia alergini\u0173 reakcij\u0173<\/p>\n<\/li>\n<li data-start=\"1914\" data-end=\"1971\">\n<p data-start=\"1916\" data-end=\"1971\">Tinka bet kokio tipo, ypa\u010d pa\u017eeistai ir jautriai odai<\/p>\n<\/li>\n<li data-start=\"1972\" data-end=\"2008\">\n<p data-start=\"1974\" data-end=\"2008\">Intensyviai mink\u0161tina ir dr\u0117kina<\/p>\n<\/li>\n<li data-start=\"2009\" data-end=\"2065\">\n<p data-start=\"2011\" data-end=\"2065\">Apsaugo nuo i\u0161saus\u0117jimo ir \u017ealingo aplinkos poveikio<\/p>\n<\/li>\n<\/ul>\n<p data-start=\"2067\" data-end=\"2302\"><strong data-start=\"2067\" data-end=\"2081\">Naudojimas<\/strong><br data-start=\"2081\" data-end=\"2084\" \/>Tepkite ant \u0161varios veido odos ryte ir (ar) vakare. Galima naudoti lokaliai ant pa\u017eeist\u0173, sudirgusi\u0173 viet\u0173 arba ant viso veido. Tinka naudoti ir kaip papildom\u0105 raminan\u010di\u0105 priemon\u0119 dermatologinio gydymo metu ar po jo.<\/p>\n","protected":false},"excerpt":{"rendered":"<p>SKINLOVERS #4\u2019SOS Cica \u2013 raminantis ir atkuriamasis veido kremas, padedantis atkurti pa\u017eeist\u0105 odos barjer\u0105, suma\u017einti paraudim\u0105 ir sudirgim\u0105 bei intensyviai dr\u0117kinti od\u0105. Patvirtinta gyd. dermatolog\u0117s Paulinos Gru\u0161elionyt\u0117s.<\/p>\n","protected":false},"featured_media":69528,"template":"","meta":[],"product_brand":[1528],"product_cat":[187,728],"product_tag":[1622],"class_list":{"0":"post-69526","1":"product","2":"type-product","3":"status-publish","4":"has-post-thumbnail","6":"product_brand-skinlovers","7":"product_cat-veido-kremai","8":"product_cat-veidui","9":"product_tag-skinlovers","11":"first","12":"instock","13":"purchasable","14":"product-type-simple"},"yoast_head":"<!-- This site is optimized with the Yoast SEO plugin v27.4 - https:\/\/yoast.com\/product\/yoast-seo-wordpress\/ -->\n<title>SKINLOVERS raminantis veido kremas #4\u2019SOS atkuriamasis \/ SOS Cica - MalinaShop.lt J\u016bs\u0173 sveikatai ir gro\u017eiui.<\/title>\n<meta name=\"description\" content=\"SKINLOVERS #4\u2019SOS Cica \u2013 raminantis atkuriamasis kremas pa\u017eeistai, sudirgusiai odai, atkuria odos barjer\u0105, ma\u017eina paraudim\u0105 ir intensyviai dr\u0117kina.\" \/>\n<meta name=\"robots\" content=\"index, follow, max-snippet:-1, max-image-preview:large, max-video-preview:-1\" \/>\n<link rel=\"canonical\" href=\"https:\/\/www.malinashop.lt\/lt_lt\/shop\/skinlovers-raminantis-veido-kremas-4sos-atkuriamasis-sos-cica\/\" \/>\n<meta property=\"og:locale\" content=\"lt_LT\" \/>\n<meta property=\"og:type\" content=\"article\" \/>\n<meta property=\"og:title\" content=\"SKINLOVERS raminantis veido kremas #4\u2019SOS atkuriamasis \/ SOS Cica - MalinaShop.lt J\u016bs\u0173 sveikatai ir gro\u017eiui.\" \/>\n<meta property=\"og:description\" content=\"SKINLOVERS #4\u2019SOS Cica \u2013 raminantis atkuriamasis kremas pa\u017eeistai, sudirgusiai odai, atkuria odos barjer\u0105, ma\u017eina paraudim\u0105 ir intensyviai dr\u0117kina.\" \/>\n<meta property=\"og:url\" content=\"https:\/\/www.malinashop.lt\/lt_lt\/shop\/skinlovers-raminantis-veido-kremas-4sos-atkuriamasis-sos-cica\/\" \/>\n<meta property=\"og:site_name\" content=\"MalinaShop.lt J\u016bs\u0173 sveikatai ir gro\u017eiui.\" \/>\n<meta property=\"article:modified_time\" content=\"2026-04-07T19:18:49+00:00\" \/>\n<meta property=\"og:image\" content=\"https:\/\/www.malinashop.lt\/wp-content\/uploads\/2025\/11\/2-3.jpg\" \/>\n\t<meta property=\"og:image:width\" content=\"1000\" \/>\n\t<meta property=\"og:image:height\" content=\"1000\" \/>\n\t<meta property=\"og:image:type\" content=\"image\/jpeg\" \/>\n<meta name=\"twitter:card\" content=\"summary_large_image\" \/>\n<script type=\"application\/ld+json\" class=\"yoast-schema-graph\">{\"@context\":\"https:\\\/\\\/schema.org\",\"@graph\":[{\"@type\":\"WebPage\",\"@id\":\"https:\\\/\\\/www.malinashop.lt\\\/shop\\\/skinlovers-raminantis-veido-kremas-4sos-atkuriamasis-sos-cica\\\/\",\"url\":\"https:\\\/\\\/www.malinashop.lt\\\/shop\\\/skinlovers-raminantis-veido-kremas-4sos-atkuriamasis-sos-cica\\\/\",\"name\":\"SKINLOVERS raminantis veido kremas #4\u2019SOS atkuriamasis \\\/ SOS Cica - MalinaShop.lt J\u016bs\u0173 sveikatai ir gro\u017eiui.\",\"isPartOf\":{\"@id\":\"https:\\\/\\\/www.malinashop.lt\\\/#website\"},\"primaryImageOfPage\":{\"@id\":\"https:\\\/\\\/www.malinashop.lt\\\/shop\\\/skinlovers-raminantis-veido-kremas-4sos-atkuriamasis-sos-cica\\\/#primaryimage\"},\"image\":{\"@id\":\"https:\\\/\\\/www.malinashop.lt\\\/shop\\\/skinlovers-raminantis-veido-kremas-4sos-atkuriamasis-sos-cica\\\/#primaryimage\"},\"thumbnailUrl\":\"https:\\\/\\\/www.malinashop.lt\\\/wp-content\\\/uploads\\\/2025\\\/11\\\/2-3.jpg\",\"datePublished\":\"2025-12-06T10:44:08+00:00\",\"dateModified\":\"2026-04-07T19:18:49+00:00\",\"description\":\"SKINLOVERS #4\u2019SOS Cica \u2013 raminantis atkuriamasis kremas pa\u017eeistai, sudirgusiai odai, atkuria odos barjer\u0105, ma\u017eina paraudim\u0105 ir intensyviai dr\u0117kina.\",\"breadcrumb\":{\"@id\":\"https:\\\/\\\/www.malinashop.lt\\\/shop\\\/skinlovers-raminantis-veido-kremas-4sos-atkuriamasis-sos-cica\\\/#breadcrumb\"},\"inLanguage\":\"lt-LT\",\"potentialAction\":[{\"@type\":\"ReadAction\",\"target\":[\"https:\\\/\\\/www.malinashop.lt\\\/shop\\\/skinlovers-raminantis-veido-kremas-4sos-atkuriamasis-sos-cica\\\/\"]}]},{\"@type\":\"ImageObject\",\"inLanguage\":\"lt-LT\",\"@id\":\"https:\\\/\\\/www.malinashop.lt\\\/shop\\\/skinlovers-raminantis-veido-kremas-4sos-atkuriamasis-sos-cica\\\/#primaryimage\",\"url\":\"https:\\\/\\\/www.malinashop.lt\\\/wp-content\\\/uploads\\\/2025\\\/11\\\/2-3.jpg\",\"contentUrl\":\"https:\\\/\\\/www.malinashop.lt\\\/wp-content\\\/uploads\\\/2025\\\/11\\\/2-3.jpg\",\"width\":1000,\"height\":1000},{\"@type\":\"BreadcrumbList\",\"@id\":\"https:\\\/\\\/www.malinashop.lt\\\/shop\\\/skinlovers-raminantis-veido-kremas-4sos-atkuriamasis-sos-cica\\\/#breadcrumb\",\"itemListElement\":[{\"@type\":\"ListItem\",\"position\":1,\"name\":\"Pagrindinis\",\"item\":\"https:\\\/\\\/www.malinashop.lt\\\/\"},{\"@type\":\"ListItem\",\"position\":2,\"name\":\"Parduotuv\u0117\",\"item\":\"https:\\\/\\\/www.malinashop.lt\\\/en\\\/parduotuve\\\/\"},{\"@type\":\"ListItem\",\"position\":3,\"name\":\"SKINLOVERS raminantis veido kremas #4\u2019SOS atkuriamasis \\\/ SOS Cica\"}]},{\"@type\":\"WebSite\",\"@id\":\"https:\\\/\\\/www.malinashop.lt\\\/#website\",\"url\":\"https:\\\/\\\/www.malinashop.lt\\\/\",\"name\":\"COM Group Ecommerce\",\"description\":\"MalinaShop.lt - Gro\u017eio ir sveikatos produktai i\u0161 patikim\u0173 preki\u0173 \u017eenkl\u0173. Atraskite auk\u0161tos kokyb\u0117s kosmetik\u0105 u\u017e puiki\u0105 kain\u0105.\",\"publisher\":{\"@id\":\"https:\\\/\\\/www.malinashop.lt\\\/#organization\"},\"potentialAction\":[{\"@type\":\"SearchAction\",\"target\":{\"@type\":\"EntryPoint\",\"urlTemplate\":\"https:\\\/\\\/www.malinashop.lt\\\/?s={search_term_string}\"},\"query-input\":{\"@type\":\"PropertyValueSpecification\",\"valueRequired\":true,\"valueName\":\"search_term_string\"}}],\"inLanguage\":\"lt-LT\"},{\"@type\":\"Organization\",\"@id\":\"https:\\\/\\\/www.malinashop.lt\\\/#organization\",\"name\":\"COM Group Ecommerce\",\"url\":\"https:\\\/\\\/www.malinashop.lt\\\/\",\"logo\":{\"@type\":\"ImageObject\",\"inLanguage\":\"lt-LT\",\"@id\":\"https:\\\/\\\/www.malinashop.lt\\\/#\\\/schema\\\/logo\\\/image\\\/\",\"url\":\"https:\\\/\\\/www.malinashop.lt\\\/wp-content\\\/uploads\\\/2024\\\/08\\\/462559670_3787732518133670_9795632669273463_n-e1731525914575.png\",\"contentUrl\":\"https:\\\/\\\/www.malinashop.lt\\\/wp-content\\\/uploads\\\/2024\\\/08\\\/462559670_3787732518133670_9795632669273463_n-e1731525914575.png\",\"width\":180,\"height\":60,\"caption\":\"COM Group Ecommerce\"},\"image\":{\"@id\":\"https:\\\/\\\/www.malinashop.lt\\\/#\\\/schema\\\/logo\\\/image\\\/\"}}]}<\/script>\n<!-- \/ Yoast SEO plugin. -->","yoast_head_json":{"title":"SKINLOVERS raminantis veido kremas #4\u2019SOS atkuriamasis \/ SOS Cica - MalinaShop.lt J\u016bs\u0173 sveikatai ir gro\u017eiui.","description":"SKINLOVERS #4\u2019SOS Cica \u2013 raminantis atkuriamasis kremas pa\u017eeistai, sudirgusiai odai, atkuria odos barjer\u0105, ma\u017eina paraudim\u0105 ir intensyviai dr\u0117kina.","robots":{"index":"index","follow":"follow","max-snippet":"max-snippet:-1","max-image-preview":"max-image-preview:large","max-video-preview":"max-video-preview:-1"},"canonical":"https:\/\/www.malinashop.lt\/lt_lt\/shop\/skinlovers-raminantis-veido-kremas-4sos-atkuriamasis-sos-cica\/","og_locale":"lt_LT","og_type":"article","og_title":"SKINLOVERS raminantis veido kremas #4\u2019SOS atkuriamasis \/ SOS Cica - MalinaShop.lt J\u016bs\u0173 sveikatai ir gro\u017eiui.","og_description":"SKINLOVERS #4\u2019SOS Cica \u2013 raminantis atkuriamasis kremas pa\u017eeistai, sudirgusiai odai, atkuria odos barjer\u0105, ma\u017eina paraudim\u0105 ir intensyviai dr\u0117kina.","og_url":"https:\/\/www.malinashop.lt\/lt_lt\/shop\/skinlovers-raminantis-veido-kremas-4sos-atkuriamasis-sos-cica\/","og_site_name":"MalinaShop.lt J\u016bs\u0173 sveikatai ir gro\u017eiui.","article_modified_time":"2026-04-07T19:18:49+00:00","og_image":[{"width":1000,"height":1000,"url":"https:\/\/www.malinashop.lt\/wp-content\/uploads\/2025\/11\/2-3.jpg","type":"image\/jpeg"}],"twitter_card":"summary_large_image","schema":{"@context":"https:\/\/schema.org","@graph":[{"@type":"WebPage","@id":"https:\/\/www.malinashop.lt\/shop\/skinlovers-raminantis-veido-kremas-4sos-atkuriamasis-sos-cica\/","url":"https:\/\/www.malinashop.lt\/shop\/skinlovers-raminantis-veido-kremas-4sos-atkuriamasis-sos-cica\/","name":"SKINLOVERS raminantis veido kremas #4\u2019SOS atkuriamasis \/ SOS Cica - MalinaShop.lt J\u016bs\u0173 sveikatai ir gro\u017eiui.","isPartOf":{"@id":"https:\/\/www.malinashop.lt\/#website"},"primaryImageOfPage":{"@id":"https:\/\/www.malinashop.lt\/shop\/skinlovers-raminantis-veido-kremas-4sos-atkuriamasis-sos-cica\/#primaryimage"},"image":{"@id":"https:\/\/www.malinashop.lt\/shop\/skinlovers-raminantis-veido-kremas-4sos-atkuriamasis-sos-cica\/#primaryimage"},"thumbnailUrl":"https:\/\/www.malinashop.lt\/wp-content\/uploads\/2025\/11\/2-3.jpg","datePublished":"2025-12-06T10:44:08+00:00","dateModified":"2026-04-07T19:18:49+00:00","description":"SKINLOVERS #4\u2019SOS Cica \u2013 raminantis atkuriamasis kremas pa\u017eeistai, sudirgusiai odai, atkuria odos barjer\u0105, ma\u017eina paraudim\u0105 ir intensyviai dr\u0117kina.","breadcrumb":{"@id":"https:\/\/www.malinashop.lt\/shop\/skinlovers-raminantis-veido-kremas-4sos-atkuriamasis-sos-cica\/#breadcrumb"},"inLanguage":"lt-LT","potentialAction":[{"@type":"ReadAction","target":["https:\/\/www.malinashop.lt\/shop\/skinlovers-raminantis-veido-kremas-4sos-atkuriamasis-sos-cica\/"]}]},{"@type":"ImageObject","inLanguage":"lt-LT","@id":"https:\/\/www.malinashop.lt\/shop\/skinlovers-raminantis-veido-kremas-4sos-atkuriamasis-sos-cica\/#primaryimage","url":"https:\/\/www.malinashop.lt\/wp-content\/uploads\/2025\/11\/2-3.jpg","contentUrl":"https:\/\/www.malinashop.lt\/wp-content\/uploads\/2025\/11\/2-3.jpg","width":1000,"height":1000},{"@type":"BreadcrumbList","@id":"https:\/\/www.malinashop.lt\/shop\/skinlovers-raminantis-veido-kremas-4sos-atkuriamasis-sos-cica\/#breadcrumb","itemListElement":[{"@type":"ListItem","position":1,"name":"Pagrindinis","item":"https:\/\/www.malinashop.lt\/"},{"@type":"ListItem","position":2,"name":"Parduotuv\u0117","item":"https:\/\/www.malinashop.lt\/en\/parduotuve\/"},{"@type":"ListItem","position":3,"name":"SKINLOVERS raminantis veido kremas #4\u2019SOS atkuriamasis \/ SOS Cica"}]},{"@type":"WebSite","@id":"https:\/\/www.malinashop.lt\/#website","url":"https:\/\/www.malinashop.lt\/","name":"COM Group Ecommerce","description":"MalinaShop.lt - Gro\u017eio ir sveikatos produktai i\u0161 patikim\u0173 preki\u0173 \u017eenkl\u0173. Atraskite auk\u0161tos kokyb\u0117s kosmetik\u0105 u\u017e puiki\u0105 kain\u0105.","publisher":{"@id":"https:\/\/www.malinashop.lt\/#organization"},"potentialAction":[{"@type":"SearchAction","target":{"@type":"EntryPoint","urlTemplate":"https:\/\/www.malinashop.lt\/?s={search_term_string}"},"query-input":{"@type":"PropertyValueSpecification","valueRequired":true,"valueName":"search_term_string"}}],"inLanguage":"lt-LT"},{"@type":"Organization","@id":"https:\/\/www.malinashop.lt\/#organization","name":"COM Group Ecommerce","url":"https:\/\/www.malinashop.lt\/","logo":{"@type":"ImageObject","inLanguage":"lt-LT","@id":"https:\/\/www.malinashop.lt\/#\/schema\/logo\/image\/","url":"https:\/\/www.malinashop.lt\/wp-content\/uploads\/2024\/08\/462559670_3787732518133670_9795632669273463_n-e1731525914575.png","contentUrl":"https:\/\/www.malinashop.lt\/wp-content\/uploads\/2024\/08\/462559670_3787732518133670_9795632669273463_n-e1731525914575.png","width":180,"height":60,"caption":"COM Group Ecommerce"},"image":{"@id":"https:\/\/www.malinashop.lt\/#\/schema\/logo\/image\/"}}]}},"jetpack_sharing_enabled":true,"_links":{"self":[{"href":"https:\/\/www.malinashop.lt\/lt_lt\/wp-json\/wp\/v2\/product\/69526","targetHints":{"allow":["GET"]}}],"collection":[{"href":"https:\/\/www.malinashop.lt\/lt_lt\/wp-json\/wp\/v2\/product"}],"about":[{"href":"https:\/\/www.malinashop.lt\/lt_lt\/wp-json\/wp\/v2\/types\/product"}],"version-history":[{"count":2,"href":"https:\/\/www.malinashop.lt\/lt_lt\/wp-json\/wp\/v2\/product\/69526\/revisions"}],"predecessor-version":[{"id":71906,"href":"https:\/\/www.malinashop.lt\/lt_lt\/wp-json\/wp\/v2\/product\/69526\/revisions\/71906"}],"wp:featuredmedia":[{"embeddable":true,"href":"https:\/\/www.malinashop.lt\/lt_lt\/wp-json\/wp\/v2\/media\/69528"}],"wp:attachment":[{"href":"https:\/\/www.malinashop.lt\/lt_lt\/wp-json\/wp\/v2\/media?parent=69526"}],"wp:term":[{"taxonomy":"product_brand","embeddable":true,"href":"https:\/\/www.malinashop.lt\/lt_lt\/wp-json\/wp\/v2\/product_brand?post=69526"},{"taxonomy":"product_cat","embeddable":true,"href":"https:\/\/www.malinashop.lt\/lt_lt\/wp-json\/wp\/v2\/product_cat?post=69526"},{"taxonomy":"product_tag","embeddable":true,"href":"https:\/\/www.malinashop.lt\/lt_lt\/wp-json\/wp\/v2\/product_tag?post=69526"}],"curies":[{"name":"wp","href":"https:\/\/api.w.org\/{rel}","templated":true}]}}