{"id":69289,"date":"2025-12-06T13:49:00","date_gmt":"2025-12-06T10:49:00","guid":{"rendered":"https:\/\/malinashop.lt\/?post_type=product&#038;p=69289"},"modified":"2026-04-07T22:18:49","modified_gmt":"2026-04-07T19:18:49","slug":"skinlovers-gelinis-veido-prausiklis-1c-su-rugstimis","status":"publish","type":"product","link":"https:\/\/www.malinashop.lt\/lt_lt\/shop\/skinlovers-gelinis-veido-prausiklis-1c-su-rugstimis\/","title":{"rendered":"SKINLOVERS gelinis veido prausiklis #1\u2019C su r\u016bg\u0161timis"},"content":{"rendered":"<p data-start=\"299\" data-end=\"625\">SKINLOVERS gelinis veido prausiklis #1\u2019C su r\u016bg\u0161timis \u2013 tai i\u0161skirtinio veiksmingumo, nat\u016bralios sud\u0117ties valomoji priemon\u0117, skirta probleminei, riebesnei ir \u012f b\u0117rimus linkusiai odai. Jo formul\u0117 \u0161variai nuplauna od\u0105 <strong data-start=\"538\" data-end=\"585\">nepa\u017eeisdama odos strukt\u016bros ir mikrobiomos<\/strong>, tod\u0117l tinka ir ilgalaikiam naudojimui.<\/p>\n<p data-start=\"627\" data-end=\"880\">Priemon\u0117 reguliariai ir \u0161velniai <strong data-start=\"660\" data-end=\"680\">sluoksniuoja od\u0105<\/strong>, pad\u0117dama pa\u0161alinti negyv\u0105sias l\u0105steles nuo odos pavir\u0161iaus ir i\u0161 por\u0173. Taip ma\u017einama <strong data-start=\"767\" data-end=\"784\">hiperkeratoz\u0117<\/strong> \u2013 sustor\u0117j\u0119s raginis sluoksnis, kuris sudaro palanki\u0105 terp\u0119 atsirasti b\u0117rimams ir ink\u0161tirams.<\/p>\n<p data-start=\"882\" data-end=\"939\">Gelio sud\u0117tyje esan\u010dios r\u016bg\u0161tys ir aktyv\u016bs komponentai:<\/p>\n<ul data-start=\"940\" data-end=\"1162\">\n<li data-start=\"940\" data-end=\"993\">\n<p data-start=\"942\" data-end=\"993\">padeda <strong data-start=\"949\" data-end=\"990\">normalizuoti riebalini\u0173 liauk\u0173 veikl\u0105<\/strong>,<\/p>\n<\/li>\n<li data-start=\"994\" data-end=\"1034\">\n<p data-start=\"996\" data-end=\"1034\"><strong data-start=\"996\" data-end=\"1031\">skaido riebal\u0173 pertekli\u0173 porose<\/strong>,<\/p>\n<\/li>\n<li data-start=\"1035\" data-end=\"1101\">\n<p data-start=\"1037\" data-end=\"1101\"><strong data-start=\"1037\" data-end=\"1098\">naikina akn\u0117s bakterijas ir slopina u\u017edegiminius procesus<\/strong>,<\/p>\n<\/li>\n<li data-start=\"1102\" data-end=\"1162\">\n<p data-start=\"1104\" data-end=\"1162\">ma\u017eina u\u017esikim\u0161usias poras, ink\u0161tirus ir odos nelygumus.<\/p>\n<\/li>\n<\/ul>\n<p data-start=\"1164\" data-end=\"1371\">Tuo pa\u010diu prausiklis <strong data-start=\"1185\" data-end=\"1222\">dr\u0117kina od\u0105 ir skatina jos gyjim\u0105<\/strong>, gerina odos elastingum\u0105 ir tonus\u0105. Oda po prausimosi atrodo \u0161varesn\u0117, lygesn\u0117, ramesn\u0117 ir vizualiai skaistesn\u0117 \u2013 be tempimo ar i\u0161saus\u0117jimo poj\u016b\u010dio.<\/p>\n<p data-start=\"1373\" data-end=\"1401\">Produktas rekomenduojamas:<\/p>\n<ul data-start=\"1402\" data-end=\"1582\">\n<li data-start=\"1402\" data-end=\"1473\">\n<p data-start=\"1404\" data-end=\"1473\"><strong data-start=\"1404\" data-end=\"1470\">riebiai, mi\u0161riai, akn\u0117s pa\u017eeistai, u\u017eter\u0161tai, probleminei odai<\/strong>,<\/p>\n<\/li>\n<li data-start=\"1474\" data-end=\"1582\">\n<p data-start=\"1476\" data-end=\"1582\"><strong data-start=\"1476\" data-end=\"1513\">riebiai odai su ro\u017eine (rozac\u0117ja)<\/strong>, kai reikalingas \u0161velnus, bet efektyvus valymas ir riebal\u0173 kontrol\u0117.<\/p>\n<\/li>\n<\/ul>\n<p data-start=\"1584\" data-end=\"1737\">Nuosekliai naudojant SKINLOVERS #1\u2019C, oda tampa \u0161varesn\u0117, subalansuota, suma\u017e\u0117ja b\u0117rim\u0173 ir u\u017edegimini\u0173 element\u0173, o veido spalva \u012fgauna daugiau spindesio.<\/p>\n<p data-start=\"1739\" data-end=\"1764\"><strong data-start=\"1739\" data-end=\"1762\">Pagrindin\u0117s savyb\u0117s<\/strong><\/p>\n<ul data-start=\"1765\" data-end=\"2163\">\n<li data-start=\"1765\" data-end=\"1853\">\n<p data-start=\"1767\" data-end=\"1853\">U\u017etikrina nuolatin\u012f negyv\u0173j\u0173 odos l\u0105steli\u0173 nusluoksniavim\u0105 nuo pavir\u0161iaus ir i\u0161 por\u0173<\/p>\n<\/li>\n<li data-start=\"1854\" data-end=\"1905\">\n<p data-start=\"1856\" data-end=\"1905\">Dr\u0117kina od\u0105 ir padeda jai grei\u010diau atsinaujinti<\/p>\n<\/li>\n<li data-start=\"1906\" data-end=\"1949\">\n<p data-start=\"1908\" data-end=\"1949\">Ma\u017eina hiperkeratoz\u0119 ir odos \u0161iurk\u0161tum\u0105<\/p>\n<\/li>\n<li data-start=\"1950\" data-end=\"1996\">\n<p data-start=\"1952\" data-end=\"1996\">Naikina akn\u0117s bakterijas, slopina u\u017edegim\u0105<\/p>\n<\/li>\n<li data-start=\"1997\" data-end=\"2079\">\n<p data-start=\"1999\" data-end=\"2079\">Padeda \u0161alinti riebal\u0173 pertekli\u0173 porose, normalizuoja riebalini\u0173 liauk\u0173 veikl\u0105<\/p>\n<\/li>\n<li data-start=\"2080\" data-end=\"2117\">\n<p data-start=\"2082\" data-end=\"2117\">Gerina odos tonus\u0105 ir elastingum\u0105<\/p>\n<\/li>\n<li data-start=\"2118\" data-end=\"2163\">\n<p data-start=\"2120\" data-end=\"2163\">Suteikia odai \u0161varos, glotnumo ir skaistumo<\/p>\n<\/li>\n<\/ul>\n<p data-start=\"2165\" data-end=\"2479\"><strong data-start=\"2165\" data-end=\"2179\">Naudojimas<\/strong><br data-start=\"2179\" data-end=\"2182\" \/>Nedidel\u012f kiek\u012f gelio u\u017etepkite ant dr\u0117gnos veido odos, \u0161velniai \u012fmasa\u017euokite, ypa\u010d d\u0117mes\u012f skirdami T zonai ir problemin\u0117ms vietoms. Kruop\u0161\u010diai nuplaukite vandeniu.<br data-start=\"2345\" data-end=\"2348\" \/>Naudokite 1\u20132 kartus per dien\u0105 pagal odos b\u016bkl\u0119 ir tolerancij\u0105 r\u016bg\u0161tims. Dienos metu rekomenduojama naudoti apsaugin\u012f krem\u0105 su SPF.<\/p>\n","protected":false},"excerpt":{"rendered":"<p>SKINLOVERS #1\u2019C \u2013 gelinis veido odos prausiklis su r\u016bg\u0161timis, sukurtas riebiai, mi\u0161riai ir akn\u0117s pa\u017eeistai odai. \u0160velniai, bet giliai valo, reguliuoja riebal\u0173 i\u0161siskyrim\u0105, ma\u017eina b\u0117rimus ir suteikia odai skaistumo.<\/p>\n","protected":false},"featured_media":69291,"template":"","meta":[],"product_brand":[1528],"product_cat":[537,728],"product_tag":[1622],"class_list":{"0":"post-69289","1":"product","2":"type-product","3":"status-publish","4":"has-post-thumbnail","6":"product_brand-skinlovers","7":"product_cat-veido-valymo-priemones","8":"product_cat-veidui","9":"product_tag-skinlovers","11":"first","12":"instock","13":"purchasable","14":"product-type-simple"},"yoast_head":"<!-- This site is optimized with the Yoast SEO plugin v27.4 - https:\/\/yoast.com\/product\/yoast-seo-wordpress\/ -->\n<title>SKINLOVERS gelinis veido prausiklis #1\u2019C su r\u016bg\u0161timis - MalinaShop.lt J\u016bs\u0173 sveikatai ir gro\u017eiui.<\/title>\n<meta name=\"description\" content=\"SKINLOVERS #1\u2019C gelinis veido prausiklis su r\u016bg\u0161timis riebiai, mi\u0161riai ir akn\u0117s odai \u2013 \u0161velniai, bet giliai valo, ma\u017eina b\u0117rimus ir suteikia odai skaistumo.\" \/>\n<meta name=\"robots\" content=\"index, follow, max-snippet:-1, max-image-preview:large, max-video-preview:-1\" \/>\n<link rel=\"canonical\" href=\"https:\/\/www.malinashop.lt\/lt_lt\/shop\/skinlovers-gelinis-veido-prausiklis-1c-su-rugstimis\/\" \/>\n<meta property=\"og:locale\" content=\"lt_LT\" \/>\n<meta property=\"og:type\" content=\"article\" \/>\n<meta property=\"og:title\" content=\"SKINLOVERS gelinis veido prausiklis #1\u2019C su r\u016bg\u0161timis - MalinaShop.lt J\u016bs\u0173 sveikatai ir gro\u017eiui.\" \/>\n<meta property=\"og:description\" content=\"SKINLOVERS #1\u2019C gelinis veido prausiklis su r\u016bg\u0161timis riebiai, mi\u0161riai ir akn\u0117s odai \u2013 \u0161velniai, bet giliai valo, ma\u017eina b\u0117rimus ir suteikia odai skaistumo.\" \/>\n<meta property=\"og:url\" content=\"https:\/\/www.malinashop.lt\/lt_lt\/shop\/skinlovers-gelinis-veido-prausiklis-1c-su-rugstimis\/\" \/>\n<meta property=\"og:site_name\" content=\"MalinaShop.lt J\u016bs\u0173 sveikatai ir gro\u017eiui.\" \/>\n<meta property=\"article:modified_time\" content=\"2026-04-07T19:18:49+00:00\" \/>\n<meta property=\"og:image\" content=\"https:\/\/www.malinashop.lt\/wp-content\/uploads\/2025\/11\/4779054250254.jpg\" \/>\n\t<meta property=\"og:image:width\" content=\"1000\" \/>\n\t<meta property=\"og:image:height\" content=\"1000\" \/>\n\t<meta property=\"og:image:type\" content=\"image\/jpeg\" \/>\n<meta name=\"twitter:card\" content=\"summary_large_image\" \/>\n<script type=\"application\/ld+json\" class=\"yoast-schema-graph\">{\"@context\":\"https:\\\/\\\/schema.org\",\"@graph\":[{\"@type\":\"WebPage\",\"@id\":\"https:\\\/\\\/www.malinashop.lt\\\/lt_lt\\\/shop\\\/skinlovers-gelinis-veido-prausiklis-1c-su-rugstimis\\\/\",\"url\":\"https:\\\/\\\/www.malinashop.lt\\\/lt_lt\\\/shop\\\/skinlovers-gelinis-veido-prausiklis-1c-su-rugstimis\\\/\",\"name\":\"SKINLOVERS gelinis veido prausiklis #1\u2019C su r\u016bg\u0161timis - MalinaShop.lt J\u016bs\u0173 sveikatai ir gro\u017eiui.\",\"isPartOf\":{\"@id\":\"https:\\\/\\\/www.malinashop.lt\\\/#website\"},\"primaryImageOfPage\":{\"@id\":\"https:\\\/\\\/www.malinashop.lt\\\/lt_lt\\\/shop\\\/skinlovers-gelinis-veido-prausiklis-1c-su-rugstimis\\\/#primaryimage\"},\"image\":{\"@id\":\"https:\\\/\\\/www.malinashop.lt\\\/lt_lt\\\/shop\\\/skinlovers-gelinis-veido-prausiklis-1c-su-rugstimis\\\/#primaryimage\"},\"thumbnailUrl\":\"https:\\\/\\\/www.malinashop.lt\\\/wp-content\\\/uploads\\\/2025\\\/11\\\/4779054250254.jpg\",\"datePublished\":\"2025-12-06T10:49:00+00:00\",\"dateModified\":\"2026-04-07T19:18:49+00:00\",\"description\":\"SKINLOVERS #1\u2019C gelinis veido prausiklis su r\u016bg\u0161timis riebiai, mi\u0161riai ir akn\u0117s odai \u2013 \u0161velniai, bet giliai valo, ma\u017eina b\u0117rimus ir suteikia odai skaistumo.\",\"breadcrumb\":{\"@id\":\"https:\\\/\\\/www.malinashop.lt\\\/lt_lt\\\/shop\\\/skinlovers-gelinis-veido-prausiklis-1c-su-rugstimis\\\/#breadcrumb\"},\"inLanguage\":\"lt-LT\",\"potentialAction\":[{\"@type\":\"ReadAction\",\"target\":[\"https:\\\/\\\/www.malinashop.lt\\\/lt_lt\\\/shop\\\/skinlovers-gelinis-veido-prausiklis-1c-su-rugstimis\\\/\"]}]},{\"@type\":\"ImageObject\",\"inLanguage\":\"lt-LT\",\"@id\":\"https:\\\/\\\/www.malinashop.lt\\\/lt_lt\\\/shop\\\/skinlovers-gelinis-veido-prausiklis-1c-su-rugstimis\\\/#primaryimage\",\"url\":\"https:\\\/\\\/www.malinashop.lt\\\/wp-content\\\/uploads\\\/2025\\\/11\\\/4779054250254.jpg\",\"contentUrl\":\"https:\\\/\\\/www.malinashop.lt\\\/wp-content\\\/uploads\\\/2025\\\/11\\\/4779054250254.jpg\",\"width\":1000,\"height\":1000},{\"@type\":\"BreadcrumbList\",\"@id\":\"https:\\\/\\\/www.malinashop.lt\\\/lt_lt\\\/shop\\\/skinlovers-gelinis-veido-prausiklis-1c-su-rugstimis\\\/#breadcrumb\",\"itemListElement\":[{\"@type\":\"ListItem\",\"position\":1,\"name\":\"Pagrindinis\",\"item\":\"https:\\\/\\\/www.malinashop.lt\\\/\"},{\"@type\":\"ListItem\",\"position\":2,\"name\":\"Parduotuv\u0117\",\"item\":\"https:\\\/\\\/www.malinashop.lt\\\/en\\\/parduotuve\\\/\"},{\"@type\":\"ListItem\",\"position\":3,\"name\":\"SKINLOVERS gelinis veido prausiklis #1\u2019C su r\u016bg\u0161timis\"}]},{\"@type\":\"WebSite\",\"@id\":\"https:\\\/\\\/www.malinashop.lt\\\/#website\",\"url\":\"https:\\\/\\\/www.malinashop.lt\\\/\",\"name\":\"COM Group Ecommerce\",\"description\":\"MalinaShop.lt - Gro\u017eio ir sveikatos produktai i\u0161 patikim\u0173 preki\u0173 \u017eenkl\u0173. Atraskite auk\u0161tos kokyb\u0117s kosmetik\u0105 u\u017e puiki\u0105 kain\u0105.\",\"publisher\":{\"@id\":\"https:\\\/\\\/www.malinashop.lt\\\/#organization\"},\"potentialAction\":[{\"@type\":\"SearchAction\",\"target\":{\"@type\":\"EntryPoint\",\"urlTemplate\":\"https:\\\/\\\/www.malinashop.lt\\\/?s={search_term_string}\"},\"query-input\":{\"@type\":\"PropertyValueSpecification\",\"valueRequired\":true,\"valueName\":\"search_term_string\"}}],\"inLanguage\":\"lt-LT\"},{\"@type\":\"Organization\",\"@id\":\"https:\\\/\\\/www.malinashop.lt\\\/#organization\",\"name\":\"COM Group Ecommerce\",\"url\":\"https:\\\/\\\/www.malinashop.lt\\\/\",\"logo\":{\"@type\":\"ImageObject\",\"inLanguage\":\"lt-LT\",\"@id\":\"https:\\\/\\\/www.malinashop.lt\\\/#\\\/schema\\\/logo\\\/image\\\/\",\"url\":\"https:\\\/\\\/www.malinashop.lt\\\/wp-content\\\/uploads\\\/2024\\\/08\\\/462559670_3787732518133670_9795632669273463_n-e1731525914575.png\",\"contentUrl\":\"https:\\\/\\\/www.malinashop.lt\\\/wp-content\\\/uploads\\\/2024\\\/08\\\/462559670_3787732518133670_9795632669273463_n-e1731525914575.png\",\"width\":180,\"height\":60,\"caption\":\"COM Group Ecommerce\"},\"image\":{\"@id\":\"https:\\\/\\\/www.malinashop.lt\\\/#\\\/schema\\\/logo\\\/image\\\/\"}}]}<\/script>\n<!-- \/ Yoast SEO plugin. -->","yoast_head_json":{"title":"SKINLOVERS gelinis veido prausiklis #1\u2019C su r\u016bg\u0161timis - MalinaShop.lt J\u016bs\u0173 sveikatai ir gro\u017eiui.","description":"SKINLOVERS #1\u2019C gelinis veido prausiklis su r\u016bg\u0161timis riebiai, mi\u0161riai ir akn\u0117s odai \u2013 \u0161velniai, bet giliai valo, ma\u017eina b\u0117rimus ir suteikia odai skaistumo.","robots":{"index":"index","follow":"follow","max-snippet":"max-snippet:-1","max-image-preview":"max-image-preview:large","max-video-preview":"max-video-preview:-1"},"canonical":"https:\/\/www.malinashop.lt\/lt_lt\/shop\/skinlovers-gelinis-veido-prausiklis-1c-su-rugstimis\/","og_locale":"lt_LT","og_type":"article","og_title":"SKINLOVERS gelinis veido prausiklis #1\u2019C su r\u016bg\u0161timis - MalinaShop.lt J\u016bs\u0173 sveikatai ir gro\u017eiui.","og_description":"SKINLOVERS #1\u2019C gelinis veido prausiklis su r\u016bg\u0161timis riebiai, mi\u0161riai ir akn\u0117s odai \u2013 \u0161velniai, bet giliai valo, ma\u017eina b\u0117rimus ir suteikia odai skaistumo.","og_url":"https:\/\/www.malinashop.lt\/lt_lt\/shop\/skinlovers-gelinis-veido-prausiklis-1c-su-rugstimis\/","og_site_name":"MalinaShop.lt J\u016bs\u0173 sveikatai ir gro\u017eiui.","article_modified_time":"2026-04-07T19:18:49+00:00","og_image":[{"width":1000,"height":1000,"url":"https:\/\/www.malinashop.lt\/wp-content\/uploads\/2025\/11\/4779054250254.jpg","type":"image\/jpeg"}],"twitter_card":"summary_large_image","schema":{"@context":"https:\/\/schema.org","@graph":[{"@type":"WebPage","@id":"https:\/\/www.malinashop.lt\/lt_lt\/shop\/skinlovers-gelinis-veido-prausiklis-1c-su-rugstimis\/","url":"https:\/\/www.malinashop.lt\/lt_lt\/shop\/skinlovers-gelinis-veido-prausiklis-1c-su-rugstimis\/","name":"SKINLOVERS gelinis veido prausiklis #1\u2019C su r\u016bg\u0161timis - MalinaShop.lt J\u016bs\u0173 sveikatai ir gro\u017eiui.","isPartOf":{"@id":"https:\/\/www.malinashop.lt\/#website"},"primaryImageOfPage":{"@id":"https:\/\/www.malinashop.lt\/lt_lt\/shop\/skinlovers-gelinis-veido-prausiklis-1c-su-rugstimis\/#primaryimage"},"image":{"@id":"https:\/\/www.malinashop.lt\/lt_lt\/shop\/skinlovers-gelinis-veido-prausiklis-1c-su-rugstimis\/#primaryimage"},"thumbnailUrl":"https:\/\/www.malinashop.lt\/wp-content\/uploads\/2025\/11\/4779054250254.jpg","datePublished":"2025-12-06T10:49:00+00:00","dateModified":"2026-04-07T19:18:49+00:00","description":"SKINLOVERS #1\u2019C gelinis veido prausiklis su r\u016bg\u0161timis riebiai, mi\u0161riai ir akn\u0117s odai \u2013 \u0161velniai, bet giliai valo, ma\u017eina b\u0117rimus ir suteikia odai skaistumo.","breadcrumb":{"@id":"https:\/\/www.malinashop.lt\/lt_lt\/shop\/skinlovers-gelinis-veido-prausiklis-1c-su-rugstimis\/#breadcrumb"},"inLanguage":"lt-LT","potentialAction":[{"@type":"ReadAction","target":["https:\/\/www.malinashop.lt\/lt_lt\/shop\/skinlovers-gelinis-veido-prausiklis-1c-su-rugstimis\/"]}]},{"@type":"ImageObject","inLanguage":"lt-LT","@id":"https:\/\/www.malinashop.lt\/lt_lt\/shop\/skinlovers-gelinis-veido-prausiklis-1c-su-rugstimis\/#primaryimage","url":"https:\/\/www.malinashop.lt\/wp-content\/uploads\/2025\/11\/4779054250254.jpg","contentUrl":"https:\/\/www.malinashop.lt\/wp-content\/uploads\/2025\/11\/4779054250254.jpg","width":1000,"height":1000},{"@type":"BreadcrumbList","@id":"https:\/\/www.malinashop.lt\/lt_lt\/shop\/skinlovers-gelinis-veido-prausiklis-1c-su-rugstimis\/#breadcrumb","itemListElement":[{"@type":"ListItem","position":1,"name":"Pagrindinis","item":"https:\/\/www.malinashop.lt\/"},{"@type":"ListItem","position":2,"name":"Parduotuv\u0117","item":"https:\/\/www.malinashop.lt\/en\/parduotuve\/"},{"@type":"ListItem","position":3,"name":"SKINLOVERS gelinis veido prausiklis #1\u2019C su r\u016bg\u0161timis"}]},{"@type":"WebSite","@id":"https:\/\/www.malinashop.lt\/#website","url":"https:\/\/www.malinashop.lt\/","name":"COM Group Ecommerce","description":"MalinaShop.lt - Gro\u017eio ir sveikatos produktai i\u0161 patikim\u0173 preki\u0173 \u017eenkl\u0173. Atraskite auk\u0161tos kokyb\u0117s kosmetik\u0105 u\u017e puiki\u0105 kain\u0105.","publisher":{"@id":"https:\/\/www.malinashop.lt\/#organization"},"potentialAction":[{"@type":"SearchAction","target":{"@type":"EntryPoint","urlTemplate":"https:\/\/www.malinashop.lt\/?s={search_term_string}"},"query-input":{"@type":"PropertyValueSpecification","valueRequired":true,"valueName":"search_term_string"}}],"inLanguage":"lt-LT"},{"@type":"Organization","@id":"https:\/\/www.malinashop.lt\/#organization","name":"COM Group Ecommerce","url":"https:\/\/www.malinashop.lt\/","logo":{"@type":"ImageObject","inLanguage":"lt-LT","@id":"https:\/\/www.malinashop.lt\/#\/schema\/logo\/image\/","url":"https:\/\/www.malinashop.lt\/wp-content\/uploads\/2024\/08\/462559670_3787732518133670_9795632669273463_n-e1731525914575.png","contentUrl":"https:\/\/www.malinashop.lt\/wp-content\/uploads\/2024\/08\/462559670_3787732518133670_9795632669273463_n-e1731525914575.png","width":180,"height":60,"caption":"COM Group Ecommerce"},"image":{"@id":"https:\/\/www.malinashop.lt\/#\/schema\/logo\/image\/"}}]}},"jetpack_sharing_enabled":true,"_links":{"self":[{"href":"https:\/\/www.malinashop.lt\/lt_lt\/wp-json\/wp\/v2\/product\/69289","targetHints":{"allow":["GET"]}}],"collection":[{"href":"https:\/\/www.malinashop.lt\/lt_lt\/wp-json\/wp\/v2\/product"}],"about":[{"href":"https:\/\/www.malinashop.lt\/lt_lt\/wp-json\/wp\/v2\/types\/product"}],"version-history":[{"count":2,"href":"https:\/\/www.malinashop.lt\/lt_lt\/wp-json\/wp\/v2\/product\/69289\/revisions"}],"predecessor-version":[{"id":71907,"href":"https:\/\/www.malinashop.lt\/lt_lt\/wp-json\/wp\/v2\/product\/69289\/revisions\/71907"}],"wp:featuredmedia":[{"embeddable":true,"href":"https:\/\/www.malinashop.lt\/lt_lt\/wp-json\/wp\/v2\/media\/69291"}],"wp:attachment":[{"href":"https:\/\/www.malinashop.lt\/lt_lt\/wp-json\/wp\/v2\/media?parent=69289"}],"wp:term":[{"taxonomy":"product_brand","embeddable":true,"href":"https:\/\/www.malinashop.lt\/lt_lt\/wp-json\/wp\/v2\/product_brand?post=69289"},{"taxonomy":"product_cat","embeddable":true,"href":"https:\/\/www.malinashop.lt\/lt_lt\/wp-json\/wp\/v2\/product_cat?post=69289"},{"taxonomy":"product_tag","embeddable":true,"href":"https:\/\/www.malinashop.lt\/lt_lt\/wp-json\/wp\/v2\/product_tag?post=69289"}],"curies":[{"name":"wp","href":"https:\/\/api.w.org\/{rel}","templated":true}]}}