{"id":69281,"date":"2025-12-06T14:03:39","date_gmt":"2025-12-06T11:03:39","guid":{"rendered":"https:\/\/malinashop.lt\/?post_type=product&#038;p=69281"},"modified":"2026-04-07T22:18:48","modified_gmt":"2026-04-07T19:18:48","slug":"skinlovers-stikline-gertuve-su-dirzeliu-400ml","status":"publish","type":"product","link":"https:\/\/www.malinashop.lt\/lt_lt\/shop\/skinlovers-stikline-gertuve-su-dirzeliu-400ml\/","title":{"rendered":"SKINLOVERS stiklin\u0117 gertuv\u0117 su dir\u017eeliu, 400ml"},"content":{"rendered":"<p data-start=\"238\" data-end=\"519\">SKINLOVERS stiklin\u0117 gertuv\u0117 su dir\u017eeliu sukurta tiems, kurie nori patogiai r\u016bpintis savo skys\u010di\u0173 balansu vis\u0105 dien\u0105. Kompakti\u0161kas dydis ir patogus ne\u0161imo dir\u017eelis leid\u017eia lengvai pasiimti gertuv\u0119 su savimi \u012f darb\u0105, sporto sal\u0119, pasivaik\u0161\u010diojim\u0105 ar kelion\u0119.<\/p>\n<p data-start=\"521\" data-end=\"894\">Stiklin\u0117 gertuv\u0117 yra puikus pasirinkimas s\u0105moningam ir sveikesniam gyvenimo b\u016bdui \u2013 stiklas nereaguoja su g\u0117rimais, nekaupia kvap\u0173 ir yra lengvai pri\u017ei\u016brimas. Reguliarus vandens g\u0117rimas itin svarbus ne tik bendrai savijautai ir energijai, bet ir <strong data-start=\"767\" data-end=\"792\">gra\u017eiai, sveikai odai<\/strong>, tod\u0117l \u0161i gertuv\u0117 \u2013 nat\u016brali SKINLOVERS odos prie\u017ei\u016bros filosofijos dalis \u201ei\u0161 vidaus ir i\u0161 i\u0161or\u0117s\u201c.<\/p>\n<p data-start=\"896\" data-end=\"1096\">D\u0117l universalaus dizaino ir neutralios estetikos j\u0105 patogu derinti tiek prie nam\u0173 interjero, tiek prie kasdienio \u012fvaizd\u017eio \u2013 ji atrodo tvarkingai ant darbo stalo, vonios spintel\u0117je ar sporto krep\u0161yje.<\/p>\n<p data-start=\"1098\" data-end=\"1127\"><strong data-start=\"1098\" data-end=\"1125\">Pagrindiniai privalumai<\/strong><\/p>\n<ul data-start=\"1128\" data-end=\"1444\">\n<li data-start=\"1128\" data-end=\"1182\">\n<p data-start=\"1130\" data-end=\"1182\">400 ml talpa \u2013 patogus dydis kasdieniam naudojimui<\/p>\n<\/li>\n<li data-start=\"1183\" data-end=\"1232\">\n<p data-start=\"1185\" data-end=\"1232\">Stiklin\u0117 \u2013 ne\u012fgeria kvap\u0173, lengvai pri\u017ei\u016brima<\/p>\n<\/li>\n<li data-start=\"1233\" data-end=\"1299\">\n<p data-start=\"1235\" data-end=\"1299\">Patogus dir\u017eelis ne\u0161imui \u2013 idealu kelion\u0117ms ir aktyviai dienai<\/p>\n<\/li>\n<li data-start=\"1300\" data-end=\"1367\">\n<p data-start=\"1302\" data-end=\"1367\">Padeda palaikyti reguliar\u0173 vandens vartojim\u0105 ir skys\u010di\u0173 balans\u0105<\/p>\n<\/li>\n<li data-start=\"1368\" data-end=\"1444\">\n<p data-start=\"1370\" data-end=\"1444\">Puikus pagalbininkas r\u016bpinantis sveika oda, plaukais ir bendra savijauta<\/p>\n<\/li>\n<\/ul>\n<p data-start=\"1446\" data-end=\"1462\"><strong data-start=\"1446\" data-end=\"1460\">Naudojimas<\/strong><\/p>\n<ul data-start=\"1463\" data-end=\"1649\">\n<li data-start=\"1463\" data-end=\"1520\">\n<p data-start=\"1465\" data-end=\"1520\">U\u017epildykite gertuv\u0119 vandeniu ar kitu m\u0117gstamu g\u0117rimu.<\/p>\n<\/li>\n<li data-start=\"1521\" data-end=\"1576\">\n<p data-start=\"1523\" data-end=\"1576\">Naudokite namuose, darbe, sportuojant ar kelion\u0117je.<\/p>\n<\/li>\n<li data-start=\"1577\" data-end=\"1649\">\n<p data-start=\"1579\" data-end=\"1649\">Rekomenduojama plauti rankomis, kad ilgiau i\u0161likt\u0173 esteti\u0161ka i\u0161vaizda.<\/p>\n<\/li>\n<\/ul>\n","protected":false},"excerpt":{"rendered":"<p>SKINLOVERS stiklin\u0117 gertuv\u0117 su dir\u017eeliu \u2013 kompakti\u0161ka, patogi ir stilinga 400 ml talpos gertuv\u0117, skirta kasdieniam vandens g\u0117rimui namuose, darbe ar kelion\u0117je.<\/p>\n","protected":false},"featured_media":69283,"template":"","meta":[],"product_brand":[1528],"product_cat":[1137,731],"product_tag":[1622],"class_list":{"0":"post-69281","1":"product","2":"type-product","3":"status-publish","4":"has-post-thumbnail","6":"product_brand-skinlovers","7":"product_cat-dovanos","8":"product_cat-kunui","9":"product_tag-skinlovers","11":"first","12":"instock","13":"purchasable","14":"product-type-simple"},"yoast_head":"<!-- This site is optimized with the Yoast SEO plugin v27.4 - https:\/\/yoast.com\/product\/yoast-seo-wordpress\/ -->\n<title>SKINLOVERS stiklin\u0117 gertuv\u0117 su dir\u017eeliu, 400ml - MalinaShop.lt J\u016bs\u0173 sveikatai ir gro\u017eiui.<\/title>\n<meta name=\"description\" content=\"SKINLOVERS stiklin\u0117 gertuv\u0117 su dir\u017eeliu \u2013 400 ml talpos, patogi kasdieniam vandens g\u0117rimui namuose ir kelion\u0117je, padedanti r\u016bpintis skys\u010di\u0173 balansu ir oda.\" \/>\n<meta name=\"robots\" content=\"index, follow, max-snippet:-1, max-image-preview:large, max-video-preview:-1\" \/>\n<link rel=\"canonical\" href=\"https:\/\/www.malinashop.lt\/lt_lt\/shop\/skinlovers-stikline-gertuve-su-dirzeliu-400ml\/\" \/>\n<meta property=\"og:locale\" content=\"lt_LT\" \/>\n<meta property=\"og:type\" content=\"article\" \/>\n<meta property=\"og:title\" content=\"SKINLOVERS stiklin\u0117 gertuv\u0117 su dir\u017eeliu, 400ml - MalinaShop.lt J\u016bs\u0173 sveikatai ir gro\u017eiui.\" \/>\n<meta property=\"og:description\" content=\"SKINLOVERS stiklin\u0117 gertuv\u0117 su dir\u017eeliu \u2013 400 ml talpos, patogi kasdieniam vandens g\u0117rimui namuose ir kelion\u0117je, padedanti r\u016bpintis skys\u010di\u0173 balansu ir oda.\" \/>\n<meta property=\"og:url\" content=\"https:\/\/www.malinashop.lt\/lt_lt\/shop\/skinlovers-stikline-gertuve-su-dirzeliu-400ml\/\" \/>\n<meta property=\"og:site_name\" content=\"MalinaShop.lt J\u016bs\u0173 sveikatai ir gro\u017eiui.\" \/>\n<meta property=\"article:modified_time\" content=\"2026-04-07T19:18:48+00:00\" \/>\n<meta property=\"og:image\" content=\"https:\/\/www.malinashop.lt\/wp-content\/uploads\/2025\/11\/4779054250247.jpg\" \/>\n\t<meta property=\"og:image:width\" content=\"1000\" \/>\n\t<meta property=\"og:image:height\" content=\"1000\" \/>\n\t<meta property=\"og:image:type\" content=\"image\/jpeg\" \/>\n<meta name=\"twitter:card\" content=\"summary_large_image\" \/>\n<script type=\"application\/ld+json\" class=\"yoast-schema-graph\">{\"@context\":\"https:\\\/\\\/schema.org\",\"@graph\":[{\"@type\":\"WebPage\",\"@id\":\"https:\\\/\\\/www.malinashop.lt\\\/shop\\\/skinlovers-stikline-gertuve-su-dirzeliu-400ml\\\/\",\"url\":\"https:\\\/\\\/www.malinashop.lt\\\/shop\\\/skinlovers-stikline-gertuve-su-dirzeliu-400ml\\\/\",\"name\":\"SKINLOVERS stiklin\u0117 gertuv\u0117 su dir\u017eeliu, 400ml - MalinaShop.lt J\u016bs\u0173 sveikatai ir gro\u017eiui.\",\"isPartOf\":{\"@id\":\"https:\\\/\\\/www.malinashop.lt\\\/#website\"},\"primaryImageOfPage\":{\"@id\":\"https:\\\/\\\/www.malinashop.lt\\\/shop\\\/skinlovers-stikline-gertuve-su-dirzeliu-400ml\\\/#primaryimage\"},\"image\":{\"@id\":\"https:\\\/\\\/www.malinashop.lt\\\/shop\\\/skinlovers-stikline-gertuve-su-dirzeliu-400ml\\\/#primaryimage\"},\"thumbnailUrl\":\"https:\\\/\\\/www.malinashop.lt\\\/wp-content\\\/uploads\\\/2025\\\/11\\\/4779054250247.jpg\",\"datePublished\":\"2025-12-06T11:03:39+00:00\",\"dateModified\":\"2026-04-07T19:18:48+00:00\",\"description\":\"SKINLOVERS stiklin\u0117 gertuv\u0117 su dir\u017eeliu \u2013 400 ml talpos, patogi kasdieniam vandens g\u0117rimui namuose ir kelion\u0117je, padedanti r\u016bpintis skys\u010di\u0173 balansu ir oda.\",\"breadcrumb\":{\"@id\":\"https:\\\/\\\/www.malinashop.lt\\\/shop\\\/skinlovers-stikline-gertuve-su-dirzeliu-400ml\\\/#breadcrumb\"},\"inLanguage\":\"lt-LT\",\"potentialAction\":[{\"@type\":\"ReadAction\",\"target\":[\"https:\\\/\\\/www.malinashop.lt\\\/shop\\\/skinlovers-stikline-gertuve-su-dirzeliu-400ml\\\/\"]}]},{\"@type\":\"ImageObject\",\"inLanguage\":\"lt-LT\",\"@id\":\"https:\\\/\\\/www.malinashop.lt\\\/shop\\\/skinlovers-stikline-gertuve-su-dirzeliu-400ml\\\/#primaryimage\",\"url\":\"https:\\\/\\\/www.malinashop.lt\\\/wp-content\\\/uploads\\\/2025\\\/11\\\/4779054250247.jpg\",\"contentUrl\":\"https:\\\/\\\/www.malinashop.lt\\\/wp-content\\\/uploads\\\/2025\\\/11\\\/4779054250247.jpg\",\"width\":1000,\"height\":1000},{\"@type\":\"BreadcrumbList\",\"@id\":\"https:\\\/\\\/www.malinashop.lt\\\/shop\\\/skinlovers-stikline-gertuve-su-dirzeliu-400ml\\\/#breadcrumb\",\"itemListElement\":[{\"@type\":\"ListItem\",\"position\":1,\"name\":\"Pagrindinis\",\"item\":\"https:\\\/\\\/www.malinashop.lt\\\/\"},{\"@type\":\"ListItem\",\"position\":2,\"name\":\"Parduotuv\u0117\",\"item\":\"https:\\\/\\\/www.malinashop.lt\\\/en\\\/parduotuve\\\/\"},{\"@type\":\"ListItem\",\"position\":3,\"name\":\"SKINLOVERS stiklin\u0117 gertuv\u0117 su dir\u017eeliu, 400ml\"}]},{\"@type\":\"WebSite\",\"@id\":\"https:\\\/\\\/www.malinashop.lt\\\/#website\",\"url\":\"https:\\\/\\\/www.malinashop.lt\\\/\",\"name\":\"COM Group Ecommerce\",\"description\":\"MalinaShop.lt - Gro\u017eio ir sveikatos produktai i\u0161 patikim\u0173 preki\u0173 \u017eenkl\u0173. Atraskite auk\u0161tos kokyb\u0117s kosmetik\u0105 u\u017e puiki\u0105 kain\u0105.\",\"publisher\":{\"@id\":\"https:\\\/\\\/www.malinashop.lt\\\/#organization\"},\"potentialAction\":[{\"@type\":\"SearchAction\",\"target\":{\"@type\":\"EntryPoint\",\"urlTemplate\":\"https:\\\/\\\/www.malinashop.lt\\\/?s={search_term_string}\"},\"query-input\":{\"@type\":\"PropertyValueSpecification\",\"valueRequired\":true,\"valueName\":\"search_term_string\"}}],\"inLanguage\":\"lt-LT\"},{\"@type\":\"Organization\",\"@id\":\"https:\\\/\\\/www.malinashop.lt\\\/#organization\",\"name\":\"COM Group Ecommerce\",\"url\":\"https:\\\/\\\/www.malinashop.lt\\\/\",\"logo\":{\"@type\":\"ImageObject\",\"inLanguage\":\"lt-LT\",\"@id\":\"https:\\\/\\\/www.malinashop.lt\\\/#\\\/schema\\\/logo\\\/image\\\/\",\"url\":\"https:\\\/\\\/www.malinashop.lt\\\/wp-content\\\/uploads\\\/2024\\\/08\\\/462559670_3787732518133670_9795632669273463_n-e1731525914575.png\",\"contentUrl\":\"https:\\\/\\\/www.malinashop.lt\\\/wp-content\\\/uploads\\\/2024\\\/08\\\/462559670_3787732518133670_9795632669273463_n-e1731525914575.png\",\"width\":180,\"height\":60,\"caption\":\"COM Group Ecommerce\"},\"image\":{\"@id\":\"https:\\\/\\\/www.malinashop.lt\\\/#\\\/schema\\\/logo\\\/image\\\/\"}}]}<\/script>\n<!-- \/ Yoast SEO plugin. -->","yoast_head_json":{"title":"SKINLOVERS stiklin\u0117 gertuv\u0117 su dir\u017eeliu, 400ml - MalinaShop.lt J\u016bs\u0173 sveikatai ir gro\u017eiui.","description":"SKINLOVERS stiklin\u0117 gertuv\u0117 su dir\u017eeliu \u2013 400 ml talpos, patogi kasdieniam vandens g\u0117rimui namuose ir kelion\u0117je, padedanti r\u016bpintis skys\u010di\u0173 balansu ir oda.","robots":{"index":"index","follow":"follow","max-snippet":"max-snippet:-1","max-image-preview":"max-image-preview:large","max-video-preview":"max-video-preview:-1"},"canonical":"https:\/\/www.malinashop.lt\/lt_lt\/shop\/skinlovers-stikline-gertuve-su-dirzeliu-400ml\/","og_locale":"lt_LT","og_type":"article","og_title":"SKINLOVERS stiklin\u0117 gertuv\u0117 su dir\u017eeliu, 400ml - MalinaShop.lt J\u016bs\u0173 sveikatai ir gro\u017eiui.","og_description":"SKINLOVERS stiklin\u0117 gertuv\u0117 su dir\u017eeliu \u2013 400 ml talpos, patogi kasdieniam vandens g\u0117rimui namuose ir kelion\u0117je, padedanti r\u016bpintis skys\u010di\u0173 balansu ir oda.","og_url":"https:\/\/www.malinashop.lt\/lt_lt\/shop\/skinlovers-stikline-gertuve-su-dirzeliu-400ml\/","og_site_name":"MalinaShop.lt J\u016bs\u0173 sveikatai ir gro\u017eiui.","article_modified_time":"2026-04-07T19:18:48+00:00","og_image":[{"width":1000,"height":1000,"url":"https:\/\/www.malinashop.lt\/wp-content\/uploads\/2025\/11\/4779054250247.jpg","type":"image\/jpeg"}],"twitter_card":"summary_large_image","schema":{"@context":"https:\/\/schema.org","@graph":[{"@type":"WebPage","@id":"https:\/\/www.malinashop.lt\/shop\/skinlovers-stikline-gertuve-su-dirzeliu-400ml\/","url":"https:\/\/www.malinashop.lt\/shop\/skinlovers-stikline-gertuve-su-dirzeliu-400ml\/","name":"SKINLOVERS stiklin\u0117 gertuv\u0117 su dir\u017eeliu, 400ml - MalinaShop.lt J\u016bs\u0173 sveikatai ir gro\u017eiui.","isPartOf":{"@id":"https:\/\/www.malinashop.lt\/#website"},"primaryImageOfPage":{"@id":"https:\/\/www.malinashop.lt\/shop\/skinlovers-stikline-gertuve-su-dirzeliu-400ml\/#primaryimage"},"image":{"@id":"https:\/\/www.malinashop.lt\/shop\/skinlovers-stikline-gertuve-su-dirzeliu-400ml\/#primaryimage"},"thumbnailUrl":"https:\/\/www.malinashop.lt\/wp-content\/uploads\/2025\/11\/4779054250247.jpg","datePublished":"2025-12-06T11:03:39+00:00","dateModified":"2026-04-07T19:18:48+00:00","description":"SKINLOVERS stiklin\u0117 gertuv\u0117 su dir\u017eeliu \u2013 400 ml talpos, patogi kasdieniam vandens g\u0117rimui namuose ir kelion\u0117je, padedanti r\u016bpintis skys\u010di\u0173 balansu ir oda.","breadcrumb":{"@id":"https:\/\/www.malinashop.lt\/shop\/skinlovers-stikline-gertuve-su-dirzeliu-400ml\/#breadcrumb"},"inLanguage":"lt-LT","potentialAction":[{"@type":"ReadAction","target":["https:\/\/www.malinashop.lt\/shop\/skinlovers-stikline-gertuve-su-dirzeliu-400ml\/"]}]},{"@type":"ImageObject","inLanguage":"lt-LT","@id":"https:\/\/www.malinashop.lt\/shop\/skinlovers-stikline-gertuve-su-dirzeliu-400ml\/#primaryimage","url":"https:\/\/www.malinashop.lt\/wp-content\/uploads\/2025\/11\/4779054250247.jpg","contentUrl":"https:\/\/www.malinashop.lt\/wp-content\/uploads\/2025\/11\/4779054250247.jpg","width":1000,"height":1000},{"@type":"BreadcrumbList","@id":"https:\/\/www.malinashop.lt\/shop\/skinlovers-stikline-gertuve-su-dirzeliu-400ml\/#breadcrumb","itemListElement":[{"@type":"ListItem","position":1,"name":"Pagrindinis","item":"https:\/\/www.malinashop.lt\/"},{"@type":"ListItem","position":2,"name":"Parduotuv\u0117","item":"https:\/\/www.malinashop.lt\/en\/parduotuve\/"},{"@type":"ListItem","position":3,"name":"SKINLOVERS stiklin\u0117 gertuv\u0117 su dir\u017eeliu, 400ml"}]},{"@type":"WebSite","@id":"https:\/\/www.malinashop.lt\/#website","url":"https:\/\/www.malinashop.lt\/","name":"COM Group Ecommerce","description":"MalinaShop.lt - Gro\u017eio ir sveikatos produktai i\u0161 patikim\u0173 preki\u0173 \u017eenkl\u0173. Atraskite auk\u0161tos kokyb\u0117s kosmetik\u0105 u\u017e puiki\u0105 kain\u0105.","publisher":{"@id":"https:\/\/www.malinashop.lt\/#organization"},"potentialAction":[{"@type":"SearchAction","target":{"@type":"EntryPoint","urlTemplate":"https:\/\/www.malinashop.lt\/?s={search_term_string}"},"query-input":{"@type":"PropertyValueSpecification","valueRequired":true,"valueName":"search_term_string"}}],"inLanguage":"lt-LT"},{"@type":"Organization","@id":"https:\/\/www.malinashop.lt\/#organization","name":"COM Group Ecommerce","url":"https:\/\/www.malinashop.lt\/","logo":{"@type":"ImageObject","inLanguage":"lt-LT","@id":"https:\/\/www.malinashop.lt\/#\/schema\/logo\/image\/","url":"https:\/\/www.malinashop.lt\/wp-content\/uploads\/2024\/08\/462559670_3787732518133670_9795632669273463_n-e1731525914575.png","contentUrl":"https:\/\/www.malinashop.lt\/wp-content\/uploads\/2024\/08\/462559670_3787732518133670_9795632669273463_n-e1731525914575.png","width":180,"height":60,"caption":"COM Group Ecommerce"},"image":{"@id":"https:\/\/www.malinashop.lt\/#\/schema\/logo\/image\/"}}]}},"jetpack_sharing_enabled":true,"_links":{"self":[{"href":"https:\/\/www.malinashop.lt\/lt_lt\/wp-json\/wp\/v2\/product\/69281","targetHints":{"allow":["GET"]}}],"collection":[{"href":"https:\/\/www.malinashop.lt\/lt_lt\/wp-json\/wp\/v2\/product"}],"about":[{"href":"https:\/\/www.malinashop.lt\/lt_lt\/wp-json\/wp\/v2\/types\/product"}],"version-history":[{"count":2,"href":"https:\/\/www.malinashop.lt\/lt_lt\/wp-json\/wp\/v2\/product\/69281\/revisions"}],"predecessor-version":[{"id":71911,"href":"https:\/\/www.malinashop.lt\/lt_lt\/wp-json\/wp\/v2\/product\/69281\/revisions\/71911"}],"wp:featuredmedia":[{"embeddable":true,"href":"https:\/\/www.malinashop.lt\/lt_lt\/wp-json\/wp\/v2\/media\/69283"}],"wp:attachment":[{"href":"https:\/\/www.malinashop.lt\/lt_lt\/wp-json\/wp\/v2\/media?parent=69281"}],"wp:term":[{"taxonomy":"product_brand","embeddable":true,"href":"https:\/\/www.malinashop.lt\/lt_lt\/wp-json\/wp\/v2\/product_brand?post=69281"},{"taxonomy":"product_cat","embeddable":true,"href":"https:\/\/www.malinashop.lt\/lt_lt\/wp-json\/wp\/v2\/product_cat?post=69281"},{"taxonomy":"product_tag","embeddable":true,"href":"https:\/\/www.malinashop.lt\/lt_lt\/wp-json\/wp\/v2\/product_tag?post=69281"}],"curies":[{"name":"wp","href":"https:\/\/api.w.org\/{rel}","templated":true}]}}