{"id":69262,"date":"2025-12-06T13:50:39","date_gmt":"2025-12-06T10:50:39","guid":{"rendered":"https:\/\/malinashop.lt\/?post_type=product&#038;p=69262"},"modified":"2026-04-07T22:18:49","modified_gmt":"2026-04-07T19:18:49","slug":"skinlovers-drekinamasis-serumas-3h-su-hialurono-rugstimi-ir-kolagenu","status":"publish","type":"product","link":"https:\/\/www.malinashop.lt\/lt_lt\/shop\/skinlovers-drekinamasis-serumas-3h-su-hialurono-rugstimi-ir-kolagenu\/","title":{"rendered":"SKINLOVERS dr\u0117kinamasis serumas #3\u2019H su hialurono r\u016bg\u0161timi ir kolagenu"},"content":{"rendered":"<p data-start=\"274\" data-end=\"571\">SKINLOVERS #3\u2019H dr\u0117kinantis serumas sukurtas giliam ir ilgalaikiam odos dr\u0117kinimui. Lengva, vandeninga konsistencija maloniai pasidengia ant veido odos, greitai susigeria ir <strong data-start=\"471\" data-end=\"493\">nepalieka pl\u0117vel\u0117s<\/strong> ant odos pavir\u0161iaus \u2013 oda i\u0161kart jau\u010diasi komforti\u0161ka ir \u201eprig\u0117rusi\u201c dr\u0117gm\u0117s.<\/p>\n<p data-start=\"573\" data-end=\"688\">Formul\u0117je derinamas <strong data-start=\"593\" data-end=\"650\">hialurono r\u016bg\u0161ties kompleksas ir vegani\u0161kas kolagenas<\/strong>, kurie padeda efektyviai kovoti su:<\/p>\n<ul data-start=\"689\" data-end=\"790\">\n<li data-start=\"689\" data-end=\"707\">\n<p data-start=\"691\" data-end=\"707\">dr\u0117gm\u0117s stoka,<\/p>\n<\/li>\n<li data-start=\"708\" data-end=\"727\">\n<p data-start=\"710\" data-end=\"727\">tempimo jausmu,<\/p>\n<\/li>\n<li data-start=\"728\" data-end=\"790\">\n<p data-start=\"730\" data-end=\"790\">pirmosiomis mimikos linijomis ir ry\u0161kesn\u0117mis rauk\u0161lel\u0117mis.<\/p>\n<\/li>\n<\/ul>\n<p data-start=\"792\" data-end=\"923\">Po serumo naudojimo oda atrodo lygesn\u0117, elastingesn\u0117, vizualiai labiau \u201epripildyta\u201c ir pails\u0117jusi. Reguliariai naudojant serumas:<\/p>\n<ul data-start=\"924\" data-end=\"1108\">\n<li data-start=\"924\" data-end=\"971\">\n<p data-start=\"926\" data-end=\"971\">padeda <strong data-start=\"933\" data-end=\"968\">atkurti apsaugin\u0119 odos funkcij\u0105<\/strong>,<\/p>\n<\/li>\n<li data-start=\"972\" data-end=\"1015\">\n<p data-start=\"974\" data-end=\"1015\"><strong data-start=\"974\" data-end=\"1012\">ma\u017eina odos jautrum\u0105 ir paraudimus<\/strong>,<\/p>\n<\/li>\n<li data-start=\"1016\" data-end=\"1065\">\n<p data-start=\"1018\" data-end=\"1065\">prisideda prie <strong data-start=\"1033\" data-end=\"1062\">sen\u0117jimo proces\u0173 l\u0117tinimo<\/strong>,<\/p>\n<\/li>\n<li data-start=\"1066\" data-end=\"1108\">\n<p data-start=\"1068\" data-end=\"1108\">pagerina bendr\u0105 odos b\u016bkl\u0119 bei tekst\u016br\u0105.<\/p>\n<\/li>\n<\/ul>\n<p data-start=\"1110\" data-end=\"1415\">Serumas tinka <strong data-start=\"1124\" data-end=\"1165\">vis\u0173 tip\u0173 odai ir bet kuriame am\u017eiuje<\/strong> \u2013 nuo pirm\u0173j\u0173 dehidratacijos po\u017eymi\u0173 iki brandesn\u0117s, stangrum\u0105 praradusios odos. J\u012f galima naudoti tiek pavargusiai, papilk\u0117jusiai, tiek jautrum\u0105 ir tempim\u0105 jau\u010dian\u010diai odai \u2013 tai universali dr\u0117kinamoji baz\u0117 kasdienei prie\u017ei\u016brai ir anti-age rutinai.<\/p>\n<p data-start=\"1417\" data-end=\"1437\"><strong data-start=\"1417\" data-end=\"1435\">Serumo savyb\u0117s<\/strong><\/p>\n<ul data-start=\"1438\" data-end=\"1691\">\n<li data-start=\"1438\" data-end=\"1469\">\n<p data-start=\"1440\" data-end=\"1469\">Didina odos dr\u0117gm\u0117s balans\u0105<\/p>\n<\/li>\n<li data-start=\"1470\" data-end=\"1513\">\n<p data-start=\"1472\" data-end=\"1513\">Ma\u017eina rauk\u0161li\u0173 gyl\u012f ir mimikos linijas<\/p>\n<\/li>\n<li data-start=\"1514\" data-end=\"1554\">\n<p data-start=\"1516\" data-end=\"1554\">Gerina odos elastingum\u0105 ir stangrum\u0105<\/p>\n<\/li>\n<li data-start=\"1555\" data-end=\"1590\">\n<p data-start=\"1557\" data-end=\"1590\">Ma\u017eina odos jautrum\u0105 ir raudon\u012f<\/p>\n<\/li>\n<li data-start=\"1591\" data-end=\"1646\">\n<p data-start=\"1593\" data-end=\"1646\">Padeda odai geriau priimti kitas anti-age priemones<\/p>\n<\/li>\n<li data-start=\"1647\" data-end=\"1691\">\n<p data-start=\"1649\" data-end=\"1691\">Ma\u017eina odos \u0161erpetojim\u0105 ir pleiskanojim\u0105<\/p>\n<\/li>\n<\/ul>\n<p data-start=\"1693\" data-end=\"2053\"><strong data-start=\"1693\" data-end=\"1707\">Naudojimas<\/strong><br data-start=\"1707\" data-end=\"1710\" \/>Tepkite ant \u0161varios, sausos veido odos ryte ir \/ arba vakare.<br data-start=\"1771\" data-end=\"1774\" \/>U\u017ela\u0161inkite kelis la\u0161us serumo ant veido, \u0161velniai \u012fmasa\u017euokite arba \u012ftap\u0161nokite pir\u0161t\u0173 galiukais, kol visi\u0161kai susigers.<br data-start=\"1895\" data-end=\"1898\" \/>Po serumo naudokite m\u0117gstam\u0105 dr\u0117kinam\u0105j\u012f ar atkuriam\u0105j\u012f veido krem\u0105.<br data-start=\"1966\" data-end=\"1969\" \/>Tinka naudoti kasdien, taip pat \u012ftraukti \u012f ilgalaik\u0119 anti-age ir dr\u0117kinam\u0105j\u0105 rutin\u0105.<\/p>\n","protected":false},"excerpt":{"rendered":"<div id=\"collapse_2\" class=\"panel-collapse collapse in\" role=\"tabpanel\" aria-labelledby=\"heading_2\" aria-expanded=\"true\">SKINLOVERS #3\u2019H \u2013 lengvos, vandeningos tekst\u016bros serumas su hialurono r\u016bg\u0161ties kompleksu ir vegani\u0161ku kolagenu, giliai dr\u0117kina od\u0105, ma\u017eina rauk\u0161leles ir gerina elastingum\u0105.<\/div>\n","protected":false},"featured_media":69264,"template":"","meta":[],"product_brand":[1528],"product_cat":[550,728],"product_tag":[1622],"class_list":{"0":"post-69262","1":"product","2":"type-product","3":"status-publish","4":"has-post-thumbnail","6":"product_brand-skinlovers","7":"product_cat-veido-serumai","8":"product_cat-veidui","9":"product_tag-skinlovers","11":"first","12":"instock","13":"purchasable","14":"product-type-simple"},"yoast_head":"<!-- This site is optimized with the Yoast SEO plugin v27.4 - https:\/\/yoast.com\/product\/yoast-seo-wordpress\/ -->\n<title>SKINLOVERS dr\u0117kinamasis serumas #3\u2019H su hialurono r\u016bg\u0161timi ir kolagenu - MalinaShop.lt J\u016bs\u0173 sveikatai ir gro\u017eiui.<\/title>\n<meta name=\"description\" content=\"SKINLOVERS #3\u2019H serumas su hialurono r\u016bg\u0161timi ir vegani\u0161ku kolagenu \u2013 giliai dr\u0117kina, ma\u017eina rauk\u0161leles, gerina odos elastingum\u0105 ir ma\u017eina jautrum\u0105.\" \/>\n<meta name=\"robots\" content=\"index, follow, max-snippet:-1, max-image-preview:large, max-video-preview:-1\" \/>\n<link rel=\"canonical\" href=\"https:\/\/www.malinashop.lt\/lt_lt\/shop\/skinlovers-drekinamasis-serumas-3h-su-hialurono-rugstimi-ir-kolagenu\/\" \/>\n<meta property=\"og:locale\" content=\"lt_LT\" \/>\n<meta property=\"og:type\" content=\"article\" \/>\n<meta property=\"og:title\" content=\"SKINLOVERS dr\u0117kinamasis serumas #3\u2019H su hialurono r\u016bg\u0161timi ir kolagenu - MalinaShop.lt J\u016bs\u0173 sveikatai ir gro\u017eiui.\" \/>\n<meta property=\"og:description\" content=\"SKINLOVERS #3\u2019H serumas su hialurono r\u016bg\u0161timi ir vegani\u0161ku kolagenu \u2013 giliai dr\u0117kina, ma\u017eina rauk\u0161leles, gerina odos elastingum\u0105 ir ma\u017eina jautrum\u0105.\" \/>\n<meta property=\"og:url\" content=\"https:\/\/www.malinashop.lt\/lt_lt\/shop\/skinlovers-drekinamasis-serumas-3h-su-hialurono-rugstimi-ir-kolagenu\/\" \/>\n<meta property=\"og:site_name\" content=\"MalinaShop.lt J\u016bs\u0173 sveikatai ir gro\u017eiui.\" \/>\n<meta property=\"article:modified_time\" content=\"2026-04-07T19:18:49+00:00\" \/>\n<meta property=\"og:image\" content=\"https:\/\/www.malinashop.lt\/wp-content\/uploads\/2025\/11\/4779054250582.jpg\" \/>\n\t<meta property=\"og:image:width\" content=\"1000\" \/>\n\t<meta property=\"og:image:height\" content=\"1000\" \/>\n\t<meta property=\"og:image:type\" content=\"image\/jpeg\" \/>\n<meta name=\"twitter:card\" content=\"summary_large_image\" \/>\n<script type=\"application\/ld+json\" class=\"yoast-schema-graph\">{\"@context\":\"https:\\\/\\\/schema.org\",\"@graph\":[{\"@type\":\"WebPage\",\"@id\":\"https:\\\/\\\/www.malinashop.lt\\\/shop\\\/skinlovers-drekinamasis-serumas-3h-su-hialurono-rugstimi-ir-kolagenu\\\/\",\"url\":\"https:\\\/\\\/www.malinashop.lt\\\/shop\\\/skinlovers-drekinamasis-serumas-3h-su-hialurono-rugstimi-ir-kolagenu\\\/\",\"name\":\"SKINLOVERS dr\u0117kinamasis serumas #3\u2019H su hialurono r\u016bg\u0161timi ir kolagenu - MalinaShop.lt J\u016bs\u0173 sveikatai ir gro\u017eiui.\",\"isPartOf\":{\"@id\":\"https:\\\/\\\/www.malinashop.lt\\\/#website\"},\"primaryImageOfPage\":{\"@id\":\"https:\\\/\\\/www.malinashop.lt\\\/shop\\\/skinlovers-drekinamasis-serumas-3h-su-hialurono-rugstimi-ir-kolagenu\\\/#primaryimage\"},\"image\":{\"@id\":\"https:\\\/\\\/www.malinashop.lt\\\/shop\\\/skinlovers-drekinamasis-serumas-3h-su-hialurono-rugstimi-ir-kolagenu\\\/#primaryimage\"},\"thumbnailUrl\":\"https:\\\/\\\/www.malinashop.lt\\\/wp-content\\\/uploads\\\/2025\\\/11\\\/4779054250582.jpg\",\"datePublished\":\"2025-12-06T10:50:39+00:00\",\"dateModified\":\"2026-04-07T19:18:49+00:00\",\"description\":\"SKINLOVERS #3\u2019H serumas su hialurono r\u016bg\u0161timi ir vegani\u0161ku kolagenu \u2013 giliai dr\u0117kina, ma\u017eina rauk\u0161leles, gerina odos elastingum\u0105 ir ma\u017eina jautrum\u0105.\",\"breadcrumb\":{\"@id\":\"https:\\\/\\\/www.malinashop.lt\\\/shop\\\/skinlovers-drekinamasis-serumas-3h-su-hialurono-rugstimi-ir-kolagenu\\\/#breadcrumb\"},\"inLanguage\":\"lt-LT\",\"potentialAction\":[{\"@type\":\"ReadAction\",\"target\":[\"https:\\\/\\\/www.malinashop.lt\\\/shop\\\/skinlovers-drekinamasis-serumas-3h-su-hialurono-rugstimi-ir-kolagenu\\\/\"]}]},{\"@type\":\"ImageObject\",\"inLanguage\":\"lt-LT\",\"@id\":\"https:\\\/\\\/www.malinashop.lt\\\/shop\\\/skinlovers-drekinamasis-serumas-3h-su-hialurono-rugstimi-ir-kolagenu\\\/#primaryimage\",\"url\":\"https:\\\/\\\/www.malinashop.lt\\\/wp-content\\\/uploads\\\/2025\\\/11\\\/4779054250582.jpg\",\"contentUrl\":\"https:\\\/\\\/www.malinashop.lt\\\/wp-content\\\/uploads\\\/2025\\\/11\\\/4779054250582.jpg\",\"width\":1000,\"height\":1000},{\"@type\":\"BreadcrumbList\",\"@id\":\"https:\\\/\\\/www.malinashop.lt\\\/shop\\\/skinlovers-drekinamasis-serumas-3h-su-hialurono-rugstimi-ir-kolagenu\\\/#breadcrumb\",\"itemListElement\":[{\"@type\":\"ListItem\",\"position\":1,\"name\":\"Pagrindinis\",\"item\":\"https:\\\/\\\/www.malinashop.lt\\\/\"},{\"@type\":\"ListItem\",\"position\":2,\"name\":\"Parduotuv\u0117\",\"item\":\"https:\\\/\\\/www.malinashop.lt\\\/en\\\/parduotuve\\\/\"},{\"@type\":\"ListItem\",\"position\":3,\"name\":\"SKINLOVERS dr\u0117kinamasis serumas #3\u2019H su hialurono r\u016bg\u0161timi ir kolagenu\"}]},{\"@type\":\"WebSite\",\"@id\":\"https:\\\/\\\/www.malinashop.lt\\\/#website\",\"url\":\"https:\\\/\\\/www.malinashop.lt\\\/\",\"name\":\"COM Group Ecommerce\",\"description\":\"MalinaShop.lt - Gro\u017eio ir sveikatos produktai i\u0161 patikim\u0173 preki\u0173 \u017eenkl\u0173. Atraskite auk\u0161tos kokyb\u0117s kosmetik\u0105 u\u017e puiki\u0105 kain\u0105.\",\"publisher\":{\"@id\":\"https:\\\/\\\/www.malinashop.lt\\\/#organization\"},\"potentialAction\":[{\"@type\":\"SearchAction\",\"target\":{\"@type\":\"EntryPoint\",\"urlTemplate\":\"https:\\\/\\\/www.malinashop.lt\\\/?s={search_term_string}\"},\"query-input\":{\"@type\":\"PropertyValueSpecification\",\"valueRequired\":true,\"valueName\":\"search_term_string\"}}],\"inLanguage\":\"lt-LT\"},{\"@type\":\"Organization\",\"@id\":\"https:\\\/\\\/www.malinashop.lt\\\/#organization\",\"name\":\"COM Group Ecommerce\",\"url\":\"https:\\\/\\\/www.malinashop.lt\\\/\",\"logo\":{\"@type\":\"ImageObject\",\"inLanguage\":\"lt-LT\",\"@id\":\"https:\\\/\\\/www.malinashop.lt\\\/#\\\/schema\\\/logo\\\/image\\\/\",\"url\":\"https:\\\/\\\/www.malinashop.lt\\\/wp-content\\\/uploads\\\/2024\\\/08\\\/462559670_3787732518133670_9795632669273463_n-e1731525914575.png\",\"contentUrl\":\"https:\\\/\\\/www.malinashop.lt\\\/wp-content\\\/uploads\\\/2024\\\/08\\\/462559670_3787732518133670_9795632669273463_n-e1731525914575.png\",\"width\":180,\"height\":60,\"caption\":\"COM Group Ecommerce\"},\"image\":{\"@id\":\"https:\\\/\\\/www.malinashop.lt\\\/#\\\/schema\\\/logo\\\/image\\\/\"}}]}<\/script>\n<!-- \/ Yoast SEO plugin. -->","yoast_head_json":{"title":"SKINLOVERS dr\u0117kinamasis serumas #3\u2019H su hialurono r\u016bg\u0161timi ir kolagenu - MalinaShop.lt J\u016bs\u0173 sveikatai ir gro\u017eiui.","description":"SKINLOVERS #3\u2019H serumas su hialurono r\u016bg\u0161timi ir vegani\u0161ku kolagenu \u2013 giliai dr\u0117kina, ma\u017eina rauk\u0161leles, gerina odos elastingum\u0105 ir ma\u017eina jautrum\u0105.","robots":{"index":"index","follow":"follow","max-snippet":"max-snippet:-1","max-image-preview":"max-image-preview:large","max-video-preview":"max-video-preview:-1"},"canonical":"https:\/\/www.malinashop.lt\/lt_lt\/shop\/skinlovers-drekinamasis-serumas-3h-su-hialurono-rugstimi-ir-kolagenu\/","og_locale":"lt_LT","og_type":"article","og_title":"SKINLOVERS dr\u0117kinamasis serumas #3\u2019H su hialurono r\u016bg\u0161timi ir kolagenu - MalinaShop.lt J\u016bs\u0173 sveikatai ir gro\u017eiui.","og_description":"SKINLOVERS #3\u2019H serumas su hialurono r\u016bg\u0161timi ir vegani\u0161ku kolagenu \u2013 giliai dr\u0117kina, ma\u017eina rauk\u0161leles, gerina odos elastingum\u0105 ir ma\u017eina jautrum\u0105.","og_url":"https:\/\/www.malinashop.lt\/lt_lt\/shop\/skinlovers-drekinamasis-serumas-3h-su-hialurono-rugstimi-ir-kolagenu\/","og_site_name":"MalinaShop.lt J\u016bs\u0173 sveikatai ir gro\u017eiui.","article_modified_time":"2026-04-07T19:18:49+00:00","og_image":[{"width":1000,"height":1000,"url":"https:\/\/www.malinashop.lt\/wp-content\/uploads\/2025\/11\/4779054250582.jpg","type":"image\/jpeg"}],"twitter_card":"summary_large_image","schema":{"@context":"https:\/\/schema.org","@graph":[{"@type":"WebPage","@id":"https:\/\/www.malinashop.lt\/shop\/skinlovers-drekinamasis-serumas-3h-su-hialurono-rugstimi-ir-kolagenu\/","url":"https:\/\/www.malinashop.lt\/shop\/skinlovers-drekinamasis-serumas-3h-su-hialurono-rugstimi-ir-kolagenu\/","name":"SKINLOVERS dr\u0117kinamasis serumas #3\u2019H su hialurono r\u016bg\u0161timi ir kolagenu - MalinaShop.lt J\u016bs\u0173 sveikatai ir gro\u017eiui.","isPartOf":{"@id":"https:\/\/www.malinashop.lt\/#website"},"primaryImageOfPage":{"@id":"https:\/\/www.malinashop.lt\/shop\/skinlovers-drekinamasis-serumas-3h-su-hialurono-rugstimi-ir-kolagenu\/#primaryimage"},"image":{"@id":"https:\/\/www.malinashop.lt\/shop\/skinlovers-drekinamasis-serumas-3h-su-hialurono-rugstimi-ir-kolagenu\/#primaryimage"},"thumbnailUrl":"https:\/\/www.malinashop.lt\/wp-content\/uploads\/2025\/11\/4779054250582.jpg","datePublished":"2025-12-06T10:50:39+00:00","dateModified":"2026-04-07T19:18:49+00:00","description":"SKINLOVERS #3\u2019H serumas su hialurono r\u016bg\u0161timi ir vegani\u0161ku kolagenu \u2013 giliai dr\u0117kina, ma\u017eina rauk\u0161leles, gerina odos elastingum\u0105 ir ma\u017eina jautrum\u0105.","breadcrumb":{"@id":"https:\/\/www.malinashop.lt\/shop\/skinlovers-drekinamasis-serumas-3h-su-hialurono-rugstimi-ir-kolagenu\/#breadcrumb"},"inLanguage":"lt-LT","potentialAction":[{"@type":"ReadAction","target":["https:\/\/www.malinashop.lt\/shop\/skinlovers-drekinamasis-serumas-3h-su-hialurono-rugstimi-ir-kolagenu\/"]}]},{"@type":"ImageObject","inLanguage":"lt-LT","@id":"https:\/\/www.malinashop.lt\/shop\/skinlovers-drekinamasis-serumas-3h-su-hialurono-rugstimi-ir-kolagenu\/#primaryimage","url":"https:\/\/www.malinashop.lt\/wp-content\/uploads\/2025\/11\/4779054250582.jpg","contentUrl":"https:\/\/www.malinashop.lt\/wp-content\/uploads\/2025\/11\/4779054250582.jpg","width":1000,"height":1000},{"@type":"BreadcrumbList","@id":"https:\/\/www.malinashop.lt\/shop\/skinlovers-drekinamasis-serumas-3h-su-hialurono-rugstimi-ir-kolagenu\/#breadcrumb","itemListElement":[{"@type":"ListItem","position":1,"name":"Pagrindinis","item":"https:\/\/www.malinashop.lt\/"},{"@type":"ListItem","position":2,"name":"Parduotuv\u0117","item":"https:\/\/www.malinashop.lt\/en\/parduotuve\/"},{"@type":"ListItem","position":3,"name":"SKINLOVERS dr\u0117kinamasis serumas #3\u2019H su hialurono r\u016bg\u0161timi ir kolagenu"}]},{"@type":"WebSite","@id":"https:\/\/www.malinashop.lt\/#website","url":"https:\/\/www.malinashop.lt\/","name":"COM Group Ecommerce","description":"MalinaShop.lt - Gro\u017eio ir sveikatos produktai i\u0161 patikim\u0173 preki\u0173 \u017eenkl\u0173. Atraskite auk\u0161tos kokyb\u0117s kosmetik\u0105 u\u017e puiki\u0105 kain\u0105.","publisher":{"@id":"https:\/\/www.malinashop.lt\/#organization"},"potentialAction":[{"@type":"SearchAction","target":{"@type":"EntryPoint","urlTemplate":"https:\/\/www.malinashop.lt\/?s={search_term_string}"},"query-input":{"@type":"PropertyValueSpecification","valueRequired":true,"valueName":"search_term_string"}}],"inLanguage":"lt-LT"},{"@type":"Organization","@id":"https:\/\/www.malinashop.lt\/#organization","name":"COM Group Ecommerce","url":"https:\/\/www.malinashop.lt\/","logo":{"@type":"ImageObject","inLanguage":"lt-LT","@id":"https:\/\/www.malinashop.lt\/#\/schema\/logo\/image\/","url":"https:\/\/www.malinashop.lt\/wp-content\/uploads\/2024\/08\/462559670_3787732518133670_9795632669273463_n-e1731525914575.png","contentUrl":"https:\/\/www.malinashop.lt\/wp-content\/uploads\/2024\/08\/462559670_3787732518133670_9795632669273463_n-e1731525914575.png","width":180,"height":60,"caption":"COM Group Ecommerce"},"image":{"@id":"https:\/\/www.malinashop.lt\/#\/schema\/logo\/image\/"}}]}},"jetpack_sharing_enabled":true,"_links":{"self":[{"href":"https:\/\/www.malinashop.lt\/lt_lt\/wp-json\/wp\/v2\/product\/69262","targetHints":{"allow":["GET"]}}],"collection":[{"href":"https:\/\/www.malinashop.lt\/lt_lt\/wp-json\/wp\/v2\/product"}],"about":[{"href":"https:\/\/www.malinashop.lt\/lt_lt\/wp-json\/wp\/v2\/types\/product"}],"version-history":[{"count":2,"href":"https:\/\/www.malinashop.lt\/lt_lt\/wp-json\/wp\/v2\/product\/69262\/revisions"}],"predecessor-version":[{"id":71908,"href":"https:\/\/www.malinashop.lt\/lt_lt\/wp-json\/wp\/v2\/product\/69262\/revisions\/71908"}],"wp:featuredmedia":[{"embeddable":true,"href":"https:\/\/www.malinashop.lt\/lt_lt\/wp-json\/wp\/v2\/media\/69264"}],"wp:attachment":[{"href":"https:\/\/www.malinashop.lt\/lt_lt\/wp-json\/wp\/v2\/media?parent=69262"}],"wp:term":[{"taxonomy":"product_brand","embeddable":true,"href":"https:\/\/www.malinashop.lt\/lt_lt\/wp-json\/wp\/v2\/product_brand?post=69262"},{"taxonomy":"product_cat","embeddable":true,"href":"https:\/\/www.malinashop.lt\/lt_lt\/wp-json\/wp\/v2\/product_cat?post=69262"},{"taxonomy":"product_tag","embeddable":true,"href":"https:\/\/www.malinashop.lt\/lt_lt\/wp-json\/wp\/v2\/product_tag?post=69262"}],"curies":[{"name":"wp","href":"https:\/\/api.w.org\/{rel}","templated":true}]}}