{"id":69259,"date":"2025-11-25T18:00:21","date_gmt":"2025-11-25T15:00:21","guid":{"rendered":"https:\/\/malinashop.lt\/?post_type=product&#038;p=69259"},"modified":"2026-02-10T13:15:25","modified_gmt":"2026-02-10T10:15:25","slug":"vita-liberata-medium-momentinio-poveikio-kremas-kuno-makiazas-30ml","status":"publish","type":"product","link":"https:\/\/www.malinashop.lt\/lt_lt\/shop\/vita-liberata-medium-momentinio-poveikio-kremas-kuno-makiazas-30ml\/","title":{"rendered":"VITA LIBERATA MEDIUM momentinio poveikio kremas, k\u016bno makia\u017eas, 30ml"},"content":{"rendered":"<p data-start=\"311\" data-end=\"633\"><strong data-start=\"311\" data-end=\"345\">VITA LIBERATA Body Blur MEDIUM<\/strong> \u2013 tai momentinio poveikio k\u016bno makia\u017eo kremas, kuris suteikia odai tolyg\u0173, nat\u016braliai atrodant\u012f atspalv\u012f bei \u0161veln\u0173 \u012fdegio efekt\u0105. \u0160i priemon\u0117 akimirksniu pagerina odos i\u0161vaizd\u0105, maskuoja nelygumus ir tr\u016bkumus, o \u0161vies\u0105 atspindin\u010dios dalel\u0117s suteikia nepriekai\u0161tingai glotn\u0173 rezultat\u0105.<\/p>\n<p data-start=\"635\" data-end=\"773\">Tinka naudoti <strong data-start=\"649\" data-end=\"668\">k\u016bnui ir veidui<\/strong>, tod\u0117l puikiai pakei\u010dia makia\u017eo pagrind\u0105 arba suteikia lengv\u0105, esteti\u0161k\u0105 atspalv\u012f specialioms progoms.<\/p>\n<p data-start=\"775\" data-end=\"882\"><strong data-start=\"775\" data-end=\"788\">Body Blur<\/strong> yra itin pam\u0117gta profesional\u0173 visame pasaulyje d\u0117l i\u0161skirtinio tolygumo ir nat\u016bralaus efekto.<\/p>\n<h4 data-start=\"884\" data-end=\"903\"><strong data-start=\"889\" data-end=\"903\">Privalumai<\/strong><\/h4>\n<ul data-start=\"904\" data-end=\"1271\">\n<li data-start=\"904\" data-end=\"975\">\n<p data-start=\"906\" data-end=\"975\">Maskuoja odos nelygumus, smulkius randelius, m\u0117lynes ir kapiliarus.<\/p>\n<\/li>\n<li data-start=\"976\" data-end=\"1034\">\n<p data-start=\"978\" data-end=\"1034\">Atspindi \u0161vies\u0105 \u2013 oda atrodo lygi ir sveikai \u0161vytinti.<\/p>\n<\/li>\n<li data-start=\"1035\" data-end=\"1081\">\n<p data-start=\"1037\" data-end=\"1081\">Suteikia nat\u016bral\u0173, plaunam\u0105 \u012fdegio efekt\u0105.<\/p>\n<\/li>\n<li data-start=\"1082\" data-end=\"1130\">\n<p data-start=\"1084\" data-end=\"1130\">Gali b\u016bti naudojamas kaip makia\u017eo pagrindas.<\/p>\n<\/li>\n<li data-start=\"1131\" data-end=\"1187\">\n<p data-start=\"1133\" data-end=\"1187\">Dr\u0117kina od\u0105 d\u0117l ekologi\u0161k\u0173, maitinan\u010di\u0173 ingredient\u0173.<\/p>\n<\/li>\n<li data-start=\"1188\" data-end=\"1242\">\n<p data-start=\"1190\" data-end=\"1242\">Atsparus vandeniui ir itin gerai laikosi ant odos.<\/p>\n<\/li>\n<li data-start=\"1243\" data-end=\"1271\">\n<p data-start=\"1245\" data-end=\"1271\">Tinka visiems odos tipams.<\/p>\n<\/li>\n<\/ul>\n<h4 data-start=\"1273\" data-end=\"1304\"><strong data-start=\"1278\" data-end=\"1304\">Aktyvieji ingredientai<\/strong><\/h4>\n<ul data-start=\"1305\" data-end=\"1623\">\n<li data-start=\"1305\" data-end=\"1359\">\n<p data-start=\"1307\" data-end=\"1359\"><strong data-start=\"1307\" data-end=\"1330\">Glicerilo stearatas<\/strong> \u2013 dr\u0117kina ir \u0161velnina od\u0105.<\/p>\n<\/li>\n<li data-start=\"1360\" data-end=\"1419\">\n<p data-start=\"1362\" data-end=\"1419\"><strong data-start=\"1362\" data-end=\"1378\">Trimetikonas<\/strong> \u2013 suteikia aksomin\u0119, glotni\u0105 tekst\u016br\u0105.<\/p>\n<\/li>\n<li data-start=\"1420\" data-end=\"1476\">\n<p data-start=\"1422\" data-end=\"1476\"><strong data-start=\"1422\" data-end=\"1441\">Pantenolis (B5)<\/strong> \u2013 intensyviai dr\u0117kina ir ramina.<\/p>\n<\/li>\n<li data-start=\"1477\" data-end=\"1546\">\n<p data-start=\"1479\" data-end=\"1546\"><strong data-start=\"1479\" data-end=\"1509\">Taukmed\u017eio sviestas (Shea)<\/strong> \u2013 maitina, atnaujina ir saugo od\u0105.<\/p>\n<\/li>\n<li data-start=\"1547\" data-end=\"1623\">\n<p data-start=\"1549\" data-end=\"1623\"><strong data-start=\"1549\" data-end=\"1584\">Tokoferilacetatas (vitaminas E)<\/strong> \u2013 antioksidacin\u0117 apsauga nuo sen\u0117jimo.<\/p>\n<\/li>\n<\/ul>\n<h4 data-start=\"1625\" data-end=\"1644\"><strong data-start=\"1630\" data-end=\"1644\">Naudojimas<\/strong><\/h4>\n<p data-start=\"1645\" data-end=\"1700\">U\u017etepkite nedidel\u012f kiek\u012f priemon\u0117s \u2013 ji labai skalsi.<\/p>\n<ul data-start=\"1701\" data-end=\"1991\">\n<li data-start=\"1701\" data-end=\"1769\">\n<p data-start=\"1703\" data-end=\"1769\"><strong data-start=\"1703\" data-end=\"1724\">Veidui ir dekolt\u0117<\/strong>: tepkite pir\u0161tais, teptuku arba kempin\u0117le.<\/p>\n<\/li>\n<li data-start=\"1770\" data-end=\"1991\">\n<p data-start=\"1772\" data-end=\"1991\"><strong data-start=\"1772\" data-end=\"1781\">K\u016bnui<\/strong>: naudokite pir\u0161tin\u0119 arba rankas, paskirstykite ma\u017eais ta\u0161keliais, \u012fmasa\u017euokite sukamaisiais judesiais.<br data-start=\"1884\" data-end=\"1887\" \/>Po naudojimo nusiplaukite rankas. Prie\u0161 mieg\u0105 priemon\u0119 nuplaukite su du\u0161o \u017eel\u0117. Venkite patekimo \u012f akis.<\/p>\n<\/li>\n<\/ul>\n<h4 data-start=\"1993\" data-end=\"2015\"><strong data-start=\"1998\" data-end=\"2015\">Sud\u0117tyje n\u0117ra<\/strong><\/h4>\n<ul data-start=\"2016\" data-end=\"2052\">\n<li data-start=\"2016\" data-end=\"2028\">\n<p data-start=\"2018\" data-end=\"2028\">paraben\u0173<\/p>\n<\/li>\n<li data-start=\"2029\" data-end=\"2040\">\n<p data-start=\"2031\" data-end=\"2040\">sulfat\u0173<\/p>\n<\/li>\n<li data-start=\"2041\" data-end=\"2052\">\n<p data-start=\"2043\" data-end=\"2052\">ftalat\u0173<\/p>\n<\/li>\n<\/ul>\n","protected":false},"excerpt":{"rendered":"<p data-start=\"57\" data-end=\"265\">VITA LIBERATA Body Blur \u2013 momentinio poveikio k\u016bno makia\u017eo kremas, suteikiantis odai nat\u016bral\u0173 atspalv\u012f, glotnum\u0105 ir \u0161vyt\u0117jim\u0105. Maskuoja nelygumus, dr\u0117kina od\u0105 ir yra atsparus vandeniui. Tinka veidui ir k\u016bnui.<\/p>\n","protected":false},"featured_media":69261,"template":"","meta":[],"product_brand":[1407],"product_cat":[541,731],"product_tag":[1627],"class_list":{"0":"post-69259","1":"product","2":"type-product","3":"status-publish","4":"has-post-thumbnail","6":"product_brand-vita-liberata","7":"product_cat-kuno-kremai","8":"product_cat-kunui","9":"product_tag-vita-liberata","11":"first","12":"outofstock","13":"purchasable","14":"product-type-simple"},"yoast_head":"<!-- This site is optimized with the Yoast SEO plugin v27.4 - https:\/\/yoast.com\/product\/yoast-seo-wordpress\/ -->\n<title>VITA LIBERATA MEDIUM momentinio poveikio kremas, k\u016bno makia\u017eas, 30ml - MalinaShop.lt J\u016bs\u0173 sveikatai ir gro\u017eiui.<\/title>\n<meta name=\"description\" content=\"Momentinio poveikio VITA LIBERATA Body Blur MEDIUM suteikia odai nat\u016bral\u0173 atspalv\u012f, maskuoja nelygumus, dr\u0117kina ir yra atsparus vandeniui.\" \/>\n<meta name=\"robots\" content=\"index, follow, max-snippet:-1, max-image-preview:large, max-video-preview:-1\" \/>\n<link rel=\"canonical\" href=\"https:\/\/www.malinashop.lt\/lt_lt\/shop\/vita-liberata-medium-momentinio-poveikio-kremas-kuno-makiazas-30ml\/\" \/>\n<meta property=\"og:locale\" content=\"lt_LT\" \/>\n<meta property=\"og:type\" content=\"article\" \/>\n<meta property=\"og:title\" content=\"VITA LIBERATA MEDIUM momentinio poveikio kremas, k\u016bno makia\u017eas, 30ml - MalinaShop.lt J\u016bs\u0173 sveikatai ir gro\u017eiui.\" \/>\n<meta property=\"og:description\" content=\"Momentinio poveikio VITA LIBERATA Body Blur MEDIUM suteikia odai nat\u016bral\u0173 atspalv\u012f, maskuoja nelygumus, dr\u0117kina ir yra atsparus vandeniui.\" \/>\n<meta property=\"og:url\" content=\"https:\/\/www.malinashop.lt\/lt_lt\/shop\/vita-liberata-medium-momentinio-poveikio-kremas-kuno-makiazas-30ml\/\" \/>\n<meta property=\"og:site_name\" content=\"MalinaShop.lt J\u016bs\u0173 sveikatai ir gro\u017eiui.\" \/>\n<meta property=\"article:modified_time\" content=\"2026-02-10T10:15:25+00:00\" \/>\n<meta property=\"og:image\" content=\"https:\/\/www.malinashop.lt\/wp-content\/uploads\/2025\/11\/5060850670902.webp\" \/>\n\t<meta property=\"og:image:width\" content=\"550\" \/>\n\t<meta property=\"og:image:height\" content=\"550\" \/>\n\t<meta property=\"og:image:type\" content=\"image\/webp\" \/>\n<meta name=\"twitter:card\" content=\"summary_large_image\" \/>\n<script type=\"application\/ld+json\" class=\"yoast-schema-graph\">{\"@context\":\"https:\\\/\\\/schema.org\",\"@graph\":[{\"@type\":\"WebPage\",\"@id\":\"https:\\\/\\\/www.malinashop.lt\\\/shop\\\/vita-liberata-medium-momentinio-poveikio-kremas-kuno-makiazas-30ml\\\/\",\"url\":\"https:\\\/\\\/www.malinashop.lt\\\/shop\\\/vita-liberata-medium-momentinio-poveikio-kremas-kuno-makiazas-30ml\\\/\",\"name\":\"VITA LIBERATA MEDIUM momentinio poveikio kremas, k\u016bno makia\u017eas, 30ml - MalinaShop.lt J\u016bs\u0173 sveikatai ir gro\u017eiui.\",\"isPartOf\":{\"@id\":\"https:\\\/\\\/www.malinashop.lt\\\/#website\"},\"primaryImageOfPage\":{\"@id\":\"https:\\\/\\\/www.malinashop.lt\\\/shop\\\/vita-liberata-medium-momentinio-poveikio-kremas-kuno-makiazas-30ml\\\/#primaryimage\"},\"image\":{\"@id\":\"https:\\\/\\\/www.malinashop.lt\\\/shop\\\/vita-liberata-medium-momentinio-poveikio-kremas-kuno-makiazas-30ml\\\/#primaryimage\"},\"thumbnailUrl\":\"https:\\\/\\\/www.malinashop.lt\\\/wp-content\\\/uploads\\\/2025\\\/11\\\/5060850670902.webp\",\"datePublished\":\"2025-11-25T15:00:21+00:00\",\"dateModified\":\"2026-02-10T10:15:25+00:00\",\"description\":\"Momentinio poveikio VITA LIBERATA Body Blur MEDIUM suteikia odai nat\u016bral\u0173 atspalv\u012f, maskuoja nelygumus, dr\u0117kina ir yra atsparus vandeniui.\",\"breadcrumb\":{\"@id\":\"https:\\\/\\\/www.malinashop.lt\\\/shop\\\/vita-liberata-medium-momentinio-poveikio-kremas-kuno-makiazas-30ml\\\/#breadcrumb\"},\"inLanguage\":\"lt-LT\",\"potentialAction\":[{\"@type\":\"ReadAction\",\"target\":[\"https:\\\/\\\/www.malinashop.lt\\\/shop\\\/vita-liberata-medium-momentinio-poveikio-kremas-kuno-makiazas-30ml\\\/\"]}]},{\"@type\":\"ImageObject\",\"inLanguage\":\"lt-LT\",\"@id\":\"https:\\\/\\\/www.malinashop.lt\\\/shop\\\/vita-liberata-medium-momentinio-poveikio-kremas-kuno-makiazas-30ml\\\/#primaryimage\",\"url\":\"https:\\\/\\\/www.malinashop.lt\\\/wp-content\\\/uploads\\\/2025\\\/11\\\/5060850670902.webp\",\"contentUrl\":\"https:\\\/\\\/www.malinashop.lt\\\/wp-content\\\/uploads\\\/2025\\\/11\\\/5060850670902.webp\",\"width\":550,\"height\":550},{\"@type\":\"BreadcrumbList\",\"@id\":\"https:\\\/\\\/www.malinashop.lt\\\/shop\\\/vita-liberata-medium-momentinio-poveikio-kremas-kuno-makiazas-30ml\\\/#breadcrumb\",\"itemListElement\":[{\"@type\":\"ListItem\",\"position\":1,\"name\":\"Pagrindinis\",\"item\":\"https:\\\/\\\/www.malinashop.lt\\\/\"},{\"@type\":\"ListItem\",\"position\":2,\"name\":\"Parduotuv\u0117\",\"item\":\"https:\\\/\\\/www.malinashop.lt\\\/en\\\/parduotuve\\\/\"},{\"@type\":\"ListItem\",\"position\":3,\"name\":\"VITA LIBERATA MEDIUM momentinio poveikio kremas, k\u016bno makia\u017eas, 30ml\"}]},{\"@type\":\"WebSite\",\"@id\":\"https:\\\/\\\/www.malinashop.lt\\\/#website\",\"url\":\"https:\\\/\\\/www.malinashop.lt\\\/\",\"name\":\"COM Group Ecommerce\",\"description\":\"MalinaShop.lt - Gro\u017eio ir sveikatos produktai i\u0161 patikim\u0173 preki\u0173 \u017eenkl\u0173. Atraskite auk\u0161tos kokyb\u0117s kosmetik\u0105 u\u017e puiki\u0105 kain\u0105.\",\"publisher\":{\"@id\":\"https:\\\/\\\/www.malinashop.lt\\\/#organization\"},\"potentialAction\":[{\"@type\":\"SearchAction\",\"target\":{\"@type\":\"EntryPoint\",\"urlTemplate\":\"https:\\\/\\\/www.malinashop.lt\\\/?s={search_term_string}\"},\"query-input\":{\"@type\":\"PropertyValueSpecification\",\"valueRequired\":true,\"valueName\":\"search_term_string\"}}],\"inLanguage\":\"lt-LT\"},{\"@type\":\"Organization\",\"@id\":\"https:\\\/\\\/www.malinashop.lt\\\/#organization\",\"name\":\"COM Group Ecommerce\",\"url\":\"https:\\\/\\\/www.malinashop.lt\\\/\",\"logo\":{\"@type\":\"ImageObject\",\"inLanguage\":\"lt-LT\",\"@id\":\"https:\\\/\\\/www.malinashop.lt\\\/#\\\/schema\\\/logo\\\/image\\\/\",\"url\":\"https:\\\/\\\/www.malinashop.lt\\\/wp-content\\\/uploads\\\/2024\\\/08\\\/462559670_3787732518133670_9795632669273463_n-e1731525914575.png\",\"contentUrl\":\"https:\\\/\\\/www.malinashop.lt\\\/wp-content\\\/uploads\\\/2024\\\/08\\\/462559670_3787732518133670_9795632669273463_n-e1731525914575.png\",\"width\":180,\"height\":60,\"caption\":\"COM Group Ecommerce\"},\"image\":{\"@id\":\"https:\\\/\\\/www.malinashop.lt\\\/#\\\/schema\\\/logo\\\/image\\\/\"}}]}<\/script>\n<!-- \/ Yoast SEO plugin. -->","yoast_head_json":{"title":"VITA LIBERATA MEDIUM momentinio poveikio kremas, k\u016bno makia\u017eas, 30ml - MalinaShop.lt J\u016bs\u0173 sveikatai ir gro\u017eiui.","description":"Momentinio poveikio VITA LIBERATA Body Blur MEDIUM suteikia odai nat\u016bral\u0173 atspalv\u012f, maskuoja nelygumus, dr\u0117kina ir yra atsparus vandeniui.","robots":{"index":"index","follow":"follow","max-snippet":"max-snippet:-1","max-image-preview":"max-image-preview:large","max-video-preview":"max-video-preview:-1"},"canonical":"https:\/\/www.malinashop.lt\/lt_lt\/shop\/vita-liberata-medium-momentinio-poveikio-kremas-kuno-makiazas-30ml\/","og_locale":"lt_LT","og_type":"article","og_title":"VITA LIBERATA MEDIUM momentinio poveikio kremas, k\u016bno makia\u017eas, 30ml - MalinaShop.lt J\u016bs\u0173 sveikatai ir gro\u017eiui.","og_description":"Momentinio poveikio VITA LIBERATA Body Blur MEDIUM suteikia odai nat\u016bral\u0173 atspalv\u012f, maskuoja nelygumus, dr\u0117kina ir yra atsparus vandeniui.","og_url":"https:\/\/www.malinashop.lt\/lt_lt\/shop\/vita-liberata-medium-momentinio-poveikio-kremas-kuno-makiazas-30ml\/","og_site_name":"MalinaShop.lt J\u016bs\u0173 sveikatai ir gro\u017eiui.","article_modified_time":"2026-02-10T10:15:25+00:00","og_image":[{"width":550,"height":550,"url":"https:\/\/www.malinashop.lt\/wp-content\/uploads\/2025\/11\/5060850670902.webp","type":"image\/webp"}],"twitter_card":"summary_large_image","schema":{"@context":"https:\/\/schema.org","@graph":[{"@type":"WebPage","@id":"https:\/\/www.malinashop.lt\/shop\/vita-liberata-medium-momentinio-poveikio-kremas-kuno-makiazas-30ml\/","url":"https:\/\/www.malinashop.lt\/shop\/vita-liberata-medium-momentinio-poveikio-kremas-kuno-makiazas-30ml\/","name":"VITA LIBERATA MEDIUM momentinio poveikio kremas, k\u016bno makia\u017eas, 30ml - MalinaShop.lt J\u016bs\u0173 sveikatai ir gro\u017eiui.","isPartOf":{"@id":"https:\/\/www.malinashop.lt\/#website"},"primaryImageOfPage":{"@id":"https:\/\/www.malinashop.lt\/shop\/vita-liberata-medium-momentinio-poveikio-kremas-kuno-makiazas-30ml\/#primaryimage"},"image":{"@id":"https:\/\/www.malinashop.lt\/shop\/vita-liberata-medium-momentinio-poveikio-kremas-kuno-makiazas-30ml\/#primaryimage"},"thumbnailUrl":"https:\/\/www.malinashop.lt\/wp-content\/uploads\/2025\/11\/5060850670902.webp","datePublished":"2025-11-25T15:00:21+00:00","dateModified":"2026-02-10T10:15:25+00:00","description":"Momentinio poveikio VITA LIBERATA Body Blur MEDIUM suteikia odai nat\u016bral\u0173 atspalv\u012f, maskuoja nelygumus, dr\u0117kina ir yra atsparus vandeniui.","breadcrumb":{"@id":"https:\/\/www.malinashop.lt\/shop\/vita-liberata-medium-momentinio-poveikio-kremas-kuno-makiazas-30ml\/#breadcrumb"},"inLanguage":"lt-LT","potentialAction":[{"@type":"ReadAction","target":["https:\/\/www.malinashop.lt\/shop\/vita-liberata-medium-momentinio-poveikio-kremas-kuno-makiazas-30ml\/"]}]},{"@type":"ImageObject","inLanguage":"lt-LT","@id":"https:\/\/www.malinashop.lt\/shop\/vita-liberata-medium-momentinio-poveikio-kremas-kuno-makiazas-30ml\/#primaryimage","url":"https:\/\/www.malinashop.lt\/wp-content\/uploads\/2025\/11\/5060850670902.webp","contentUrl":"https:\/\/www.malinashop.lt\/wp-content\/uploads\/2025\/11\/5060850670902.webp","width":550,"height":550},{"@type":"BreadcrumbList","@id":"https:\/\/www.malinashop.lt\/shop\/vita-liberata-medium-momentinio-poveikio-kremas-kuno-makiazas-30ml\/#breadcrumb","itemListElement":[{"@type":"ListItem","position":1,"name":"Pagrindinis","item":"https:\/\/www.malinashop.lt\/"},{"@type":"ListItem","position":2,"name":"Parduotuv\u0117","item":"https:\/\/www.malinashop.lt\/en\/parduotuve\/"},{"@type":"ListItem","position":3,"name":"VITA LIBERATA MEDIUM momentinio poveikio kremas, k\u016bno makia\u017eas, 30ml"}]},{"@type":"WebSite","@id":"https:\/\/www.malinashop.lt\/#website","url":"https:\/\/www.malinashop.lt\/","name":"COM Group Ecommerce","description":"MalinaShop.lt - Gro\u017eio ir sveikatos produktai i\u0161 patikim\u0173 preki\u0173 \u017eenkl\u0173. Atraskite auk\u0161tos kokyb\u0117s kosmetik\u0105 u\u017e puiki\u0105 kain\u0105.","publisher":{"@id":"https:\/\/www.malinashop.lt\/#organization"},"potentialAction":[{"@type":"SearchAction","target":{"@type":"EntryPoint","urlTemplate":"https:\/\/www.malinashop.lt\/?s={search_term_string}"},"query-input":{"@type":"PropertyValueSpecification","valueRequired":true,"valueName":"search_term_string"}}],"inLanguage":"lt-LT"},{"@type":"Organization","@id":"https:\/\/www.malinashop.lt\/#organization","name":"COM Group Ecommerce","url":"https:\/\/www.malinashop.lt\/","logo":{"@type":"ImageObject","inLanguage":"lt-LT","@id":"https:\/\/www.malinashop.lt\/#\/schema\/logo\/image\/","url":"https:\/\/www.malinashop.lt\/wp-content\/uploads\/2024\/08\/462559670_3787732518133670_9795632669273463_n-e1731525914575.png","contentUrl":"https:\/\/www.malinashop.lt\/wp-content\/uploads\/2024\/08\/462559670_3787732518133670_9795632669273463_n-e1731525914575.png","width":180,"height":60,"caption":"COM Group Ecommerce"},"image":{"@id":"https:\/\/www.malinashop.lt\/#\/schema\/logo\/image\/"}}]}},"jetpack_sharing_enabled":true,"_links":{"self":[{"href":"https:\/\/www.malinashop.lt\/lt_lt\/wp-json\/wp\/v2\/product\/69259","targetHints":{"allow":["GET"]}}],"collection":[{"href":"https:\/\/www.malinashop.lt\/lt_lt\/wp-json\/wp\/v2\/product"}],"about":[{"href":"https:\/\/www.malinashop.lt\/lt_lt\/wp-json\/wp\/v2\/types\/product"}],"version-history":[{"count":2,"href":"https:\/\/www.malinashop.lt\/lt_lt\/wp-json\/wp\/v2\/product\/69259\/revisions"}],"predecessor-version":[{"id":72002,"href":"https:\/\/www.malinashop.lt\/lt_lt\/wp-json\/wp\/v2\/product\/69259\/revisions\/72002"}],"wp:featuredmedia":[{"embeddable":true,"href":"https:\/\/www.malinashop.lt\/lt_lt\/wp-json\/wp\/v2\/media\/69261"}],"wp:attachment":[{"href":"https:\/\/www.malinashop.lt\/lt_lt\/wp-json\/wp\/v2\/media?parent=69259"}],"wp:term":[{"taxonomy":"product_brand","embeddable":true,"href":"https:\/\/www.malinashop.lt\/lt_lt\/wp-json\/wp\/v2\/product_brand?post=69259"},{"taxonomy":"product_cat","embeddable":true,"href":"https:\/\/www.malinashop.lt\/lt_lt\/wp-json\/wp\/v2\/product_cat?post=69259"},{"taxonomy":"product_tag","embeddable":true,"href":"https:\/\/www.malinashop.lt\/lt_lt\/wp-json\/wp\/v2\/product_tag?post=69259"}],"curies":[{"name":"wp","href":"https:\/\/api.w.org\/{rel}","templated":true}]}}