{"id":69208,"date":"2025-11-25T17:45:54","date_gmt":"2025-11-25T14:45:54","guid":{"rendered":"https:\/\/malinashop.lt\/?post_type=product&#038;p=69208"},"modified":"2026-02-10T13:15:26","modified_gmt":"2026-02-10T10:15:26","slug":"vita-liberata-light-odos-atspalvi-koreguojantis-pagrindas-30-ml","status":"publish","type":"product","link":"https:\/\/www.malinashop.lt\/lt_lt\/shop\/vita-liberata-light-odos-atspalvi-koreguojantis-pagrindas-30-ml\/","title":{"rendered":"VITA LIBERATA LIGHT odos atspalv\u012f koreguojantis pagrindas, 30 ml"},"content":{"rendered":"<p data-start=\"160\" data-end=\"512\"><strong data-start=\"160\" data-end=\"197\">VITA LIBERATA \u201eBeauty Blur Light\u201c<\/strong> \u2013 tai daugiafunkcis, organi\u0161kos sud\u0117ties odos atspalv\u012f koreguojantis pagrindas, skirtas sukurti lygesn\u0119, \u0161vytin\u010di\u0105 ir vizualiai tobul\u0105 veido od\u0105. \u0160i priemon\u0117 akimirksniu pagerina odos strukt\u016br\u0105, suteikia \u0161veln\u0173, nat\u016braliai atrodant\u012f \u012fdegio efekt\u0105, kuris lengvai nusiplauna, tod\u0117l yra idealus kasdieniam naudojimui.<\/p>\n<p data-start=\"514\" data-end=\"768\">\u201eBeauty Blur\u201c apjungia <strong data-start=\"537\" data-end=\"560\">HD makia\u017eo pagrindo<\/strong> savybes, <strong data-start=\"570\" data-end=\"590\">lengv\u0105 maskavim\u0105<\/strong>, <strong data-start=\"592\" data-end=\"628\">akimirksn\u012f spalvos suvienodinim\u0105<\/strong> ir <strong data-start=\"632\" data-end=\"665\">dr\u0117kinan\u010di\u0105 organi\u0161k\u0105 formul\u0119<\/strong>. Priemon\u0117 maskuoja netobulumus, \u0161velniai atspindi \u0161vies\u0105 ir suteikia veidui sveiko \u0161vyt\u0117jimo efekt\u0105.<\/p>\n<p data-start=\"770\" data-end=\"994\">Sud\u0117tyje esantys ekologi\u0161ki ekstraktai \u2013 <strong data-start=\"811\" data-end=\"824\">alijo\u0161ius<\/strong>, <strong data-start=\"826\" data-end=\"840\">pantenolis<\/strong>, <strong data-start=\"842\" data-end=\"865\">taukmed\u017eio sviestas<\/strong>, <strong data-start=\"867\" data-end=\"882\">vitaminas E<\/strong> ir <strong data-start=\"886\" data-end=\"907\">hialurono r\u016bg\u0161tis<\/strong> \u2013 dr\u0117kina, ramina, atnaujina od\u0105 bei suteikia papildom\u0105 apsaug\u0105 nuo aplinkos poveikio.<\/p>\n<h4 data-start=\"996\" data-end=\"1027\"><strong data-start=\"1000\" data-end=\"1027\">Pagrindiniai privalumai<\/strong><\/h4>\n<ul data-start=\"1028\" data-end=\"1422\">\n<li data-start=\"1028\" data-end=\"1084\">\n<p data-start=\"1030\" data-end=\"1084\">Maskuoja odos nelygumus ir suteikia lygesn\u0119 tekst\u016br\u0105<\/p>\n<\/li>\n<li data-start=\"1085\" data-end=\"1149\">\n<p data-start=\"1087\" data-end=\"1149\">Atspindi \u0161vies\u0105, tod\u0117l oda atrodo nepriekai\u0161tingai HD efektu<\/p>\n<\/li>\n<li data-start=\"1150\" data-end=\"1224\">\n<p data-start=\"1152\" data-end=\"1224\">Suteikia lengv\u0105, nat\u016bral\u0173 odos atspalv\u012f (\u012fdeg\u012f), lengvai nusiplaunant\u012f<\/p>\n<\/li>\n<li data-start=\"1225\" data-end=\"1295\">\n<p data-start=\"1227\" data-end=\"1295\">Gali b\u016bti naudojamas kaip makia\u017eo pagrindas arba odos tobulintojas<\/p>\n<\/li>\n<li data-start=\"1296\" data-end=\"1368\">\n<p data-start=\"1298\" data-end=\"1368\">Praturtintas dr\u0117kinan\u010diais ir jauninan\u010diais ekologi\u0161kais ekstraktais<\/p>\n<\/li>\n<li data-start=\"1369\" data-end=\"1422\">\n<p data-start=\"1371\" data-end=\"1422\">Be paraben\u0173, sulfat\u0173, ftalat\u0173, talko ir alkoholio<\/p>\n<\/li>\n<\/ul>\n<h4 data-start=\"1424\" data-end=\"1454\"><strong data-start=\"1428\" data-end=\"1454\">Aktyvieji ingredientai<\/strong><\/h4>\n<ul data-start=\"1455\" data-end=\"1757\">\n<li data-start=\"1455\" data-end=\"1512\">\n<p data-start=\"1457\" data-end=\"1512\"><strong data-start=\"1457\" data-end=\"1470\">Alijo\u0161ius<\/strong> \u2013 giliai dr\u0117kina, ramina ir gaivina od\u0105<\/p>\n<\/li>\n<li data-start=\"1513\" data-end=\"1573\">\n<p data-start=\"1515\" data-end=\"1573\"><strong data-start=\"1515\" data-end=\"1534\">Pantenolis (B5)<\/strong> \u2013 stiprina dr\u0117kinim\u0105 ir odos barjer\u0105<\/p>\n<\/li>\n<li data-start=\"1574\" data-end=\"1623\">\n<p data-start=\"1576\" data-end=\"1623\"><strong data-start=\"1576\" data-end=\"1599\">Taukmed\u017eio sviestas<\/strong> \u2013 maitina ir \u0161velnina<\/p>\n<\/li>\n<li data-start=\"1624\" data-end=\"1689\">\n<p data-start=\"1626\" data-end=\"1689\"><strong data-start=\"1626\" data-end=\"1641\">Vitaminas E<\/strong> \u2013 antioksidacin\u0117 apsauga nuo sen\u0117jimo po\u017eymi\u0173<\/p>\n<\/li>\n<li data-start=\"1690\" data-end=\"1757\">\n<p data-start=\"1692\" data-end=\"1757\"><strong data-start=\"1692\" data-end=\"1713\">Hialurono r\u016bg\u0161tis<\/strong> \u2013 intensyviai dr\u0117kina ir suteikia putlumo<\/p>\n<\/li>\n<\/ul>\n<h4 data-start=\"1907\" data-end=\"1925\"><strong data-start=\"1911\" data-end=\"1925\">Naudojimas<\/strong><\/h4>\n<p data-start=\"1926\" data-end=\"2094\">Tepkite ant \u0161varios, kremu sudr\u0117kintos odos. Priemon\u0119 paskirstykite ma\u017eais ta\u0161keliais ir i\u0161sklaidykite \u0161velniais sukamaisiais judesiais rankomis arba makia\u017eo \u0161epet\u0117liu.<\/p>\n","protected":false},"excerpt":{"rendered":"<p data-start=\"2149\" data-end=\"2491\">Organinis odos atspalv\u012f koreguojantis pagrindas <strong data-start=\"2197\" data-end=\"2232\">VITA LIBERATA Beauty Blur Light<\/strong> suvienodina odos ton\u0105, maskuoja netobulumus ir suteikia nat\u016bral\u0173, lengvai nusiplaunant\u012f \u012fdegio efekt\u0105. Praturtintas alijo\u0161iumi, pantenoliu, taukmed\u017eio sviestu, vitaminu E ir hialurono r\u016bg\u0161timi \u2013 dr\u0117kina ir \u0161viesina od\u0105, suteikdamas nepriekai\u0161ting\u0105 \u0161vyt\u0117jim\u0105.<\/p>\n","protected":false},"featured_media":69210,"template":"","meta":[],"product_brand":[1407],"product_cat":[186,102],"product_tag":[1627],"class_list":{"0":"post-69208","1":"product","2":"type-product","3":"status-publish","4":"has-post-thumbnail","6":"product_brand-vita-liberata","7":"product_cat-bb-ir-cc-kremai","8":"product_cat-dekoratyvine-kosmetika","9":"product_tag-vita-liberata","11":"first","12":"outofstock","13":"purchasable","14":"product-type-simple"},"yoast_head":"<!-- This site is optimized with the Yoast SEO plugin v27.4 - https:\/\/yoast.com\/product\/yoast-seo-wordpress\/ -->\n<title>VITA LIBERATA LIGHT odos atspalv\u012f koreguojantis pagrindas, 30 ml - MalinaShop.lt J\u016bs\u0173 sveikatai ir gro\u017eiui.<\/title>\n<meta name=\"description\" content=\"VITA LIBERATA Beauty Blur Light \u2013 odos atspalv\u012f koreguojantis pagrindas, suteikiantis \u0161vyt\u0117jim\u0105, maskavim\u0105 ir nat\u016bral\u0173 \u012fdeg\u012f. Organin\u0117, dr\u0117kinanti formul\u0117.\" \/>\n<meta name=\"robots\" content=\"index, follow, max-snippet:-1, max-image-preview:large, max-video-preview:-1\" \/>\n<link rel=\"canonical\" href=\"https:\/\/www.malinashop.lt\/lt_lt\/shop\/vita-liberata-light-odos-atspalvi-koreguojantis-pagrindas-30-ml\/\" \/>\n<meta property=\"og:locale\" content=\"lt_LT\" \/>\n<meta property=\"og:type\" content=\"article\" \/>\n<meta property=\"og:title\" content=\"VITA LIBERATA LIGHT odos atspalv\u012f koreguojantis pagrindas, 30 ml - MalinaShop.lt J\u016bs\u0173 sveikatai ir gro\u017eiui.\" \/>\n<meta property=\"og:description\" content=\"VITA LIBERATA Beauty Blur Light \u2013 odos atspalv\u012f koreguojantis pagrindas, suteikiantis \u0161vyt\u0117jim\u0105, maskavim\u0105 ir nat\u016bral\u0173 \u012fdeg\u012f. Organin\u0117, dr\u0117kinanti formul\u0117.\" \/>\n<meta property=\"og:url\" content=\"https:\/\/www.malinashop.lt\/lt_lt\/shop\/vita-liberata-light-odos-atspalvi-koreguojantis-pagrindas-30-ml\/\" \/>\n<meta property=\"og:site_name\" content=\"MalinaShop.lt J\u016bs\u0173 sveikatai ir gro\u017eiui.\" \/>\n<meta property=\"article:modified_time\" content=\"2026-02-10T10:15:26+00:00\" \/>\n<meta property=\"og:image\" content=\"https:\/\/www.malinashop.lt\/wp-content\/uploads\/2025\/11\/5060850670643.webp\" \/>\n\t<meta property=\"og:image:width\" content=\"768\" \/>\n\t<meta property=\"og:image:height\" content=\"768\" \/>\n\t<meta property=\"og:image:type\" content=\"image\/webp\" \/>\n<meta name=\"twitter:card\" content=\"summary_large_image\" \/>\n<script type=\"application\/ld+json\" class=\"yoast-schema-graph\">{\"@context\":\"https:\\\/\\\/schema.org\",\"@graph\":[{\"@type\":\"WebPage\",\"@id\":\"https:\\\/\\\/www.malinashop.lt\\\/shop\\\/vita-liberata-light-odos-atspalvi-koreguojantis-pagrindas-30-ml\\\/\",\"url\":\"https:\\\/\\\/www.malinashop.lt\\\/shop\\\/vita-liberata-light-odos-atspalvi-koreguojantis-pagrindas-30-ml\\\/\",\"name\":\"VITA LIBERATA LIGHT odos atspalv\u012f koreguojantis pagrindas, 30 ml - MalinaShop.lt J\u016bs\u0173 sveikatai ir gro\u017eiui.\",\"isPartOf\":{\"@id\":\"https:\\\/\\\/www.malinashop.lt\\\/#website\"},\"primaryImageOfPage\":{\"@id\":\"https:\\\/\\\/www.malinashop.lt\\\/shop\\\/vita-liberata-light-odos-atspalvi-koreguojantis-pagrindas-30-ml\\\/#primaryimage\"},\"image\":{\"@id\":\"https:\\\/\\\/www.malinashop.lt\\\/shop\\\/vita-liberata-light-odos-atspalvi-koreguojantis-pagrindas-30-ml\\\/#primaryimage\"},\"thumbnailUrl\":\"https:\\\/\\\/www.malinashop.lt\\\/wp-content\\\/uploads\\\/2025\\\/11\\\/5060850670643.webp\",\"datePublished\":\"2025-11-25T14:45:54+00:00\",\"dateModified\":\"2026-02-10T10:15:26+00:00\",\"description\":\"VITA LIBERATA Beauty Blur Light \u2013 odos atspalv\u012f koreguojantis pagrindas, suteikiantis \u0161vyt\u0117jim\u0105, maskavim\u0105 ir nat\u016bral\u0173 \u012fdeg\u012f. Organin\u0117, dr\u0117kinanti formul\u0117.\",\"breadcrumb\":{\"@id\":\"https:\\\/\\\/www.malinashop.lt\\\/shop\\\/vita-liberata-light-odos-atspalvi-koreguojantis-pagrindas-30-ml\\\/#breadcrumb\"},\"inLanguage\":\"lt-LT\",\"potentialAction\":[{\"@type\":\"ReadAction\",\"target\":[\"https:\\\/\\\/www.malinashop.lt\\\/shop\\\/vita-liberata-light-odos-atspalvi-koreguojantis-pagrindas-30-ml\\\/\"]}]},{\"@type\":\"ImageObject\",\"inLanguage\":\"lt-LT\",\"@id\":\"https:\\\/\\\/www.malinashop.lt\\\/shop\\\/vita-liberata-light-odos-atspalvi-koreguojantis-pagrindas-30-ml\\\/#primaryimage\",\"url\":\"https:\\\/\\\/www.malinashop.lt\\\/wp-content\\\/uploads\\\/2025\\\/11\\\/5060850670643.webp\",\"contentUrl\":\"https:\\\/\\\/www.malinashop.lt\\\/wp-content\\\/uploads\\\/2025\\\/11\\\/5060850670643.webp\",\"width\":768,\"height\":768},{\"@type\":\"BreadcrumbList\",\"@id\":\"https:\\\/\\\/www.malinashop.lt\\\/shop\\\/vita-liberata-light-odos-atspalvi-koreguojantis-pagrindas-30-ml\\\/#breadcrumb\",\"itemListElement\":[{\"@type\":\"ListItem\",\"position\":1,\"name\":\"Pagrindinis\",\"item\":\"https:\\\/\\\/www.malinashop.lt\\\/\"},{\"@type\":\"ListItem\",\"position\":2,\"name\":\"Parduotuv\u0117\",\"item\":\"https:\\\/\\\/www.malinashop.lt\\\/en\\\/parduotuve\\\/\"},{\"@type\":\"ListItem\",\"position\":3,\"name\":\"VITA LIBERATA LIGHT odos atspalv\u012f koreguojantis pagrindas, 30 ml\"}]},{\"@type\":\"WebSite\",\"@id\":\"https:\\\/\\\/www.malinashop.lt\\\/#website\",\"url\":\"https:\\\/\\\/www.malinashop.lt\\\/\",\"name\":\"COM Group Ecommerce\",\"description\":\"MalinaShop.lt - Gro\u017eio ir sveikatos produktai i\u0161 patikim\u0173 preki\u0173 \u017eenkl\u0173. Atraskite auk\u0161tos kokyb\u0117s kosmetik\u0105 u\u017e puiki\u0105 kain\u0105.\",\"publisher\":{\"@id\":\"https:\\\/\\\/www.malinashop.lt\\\/#organization\"},\"potentialAction\":[{\"@type\":\"SearchAction\",\"target\":{\"@type\":\"EntryPoint\",\"urlTemplate\":\"https:\\\/\\\/www.malinashop.lt\\\/?s={search_term_string}\"},\"query-input\":{\"@type\":\"PropertyValueSpecification\",\"valueRequired\":true,\"valueName\":\"search_term_string\"}}],\"inLanguage\":\"lt-LT\"},{\"@type\":\"Organization\",\"@id\":\"https:\\\/\\\/www.malinashop.lt\\\/#organization\",\"name\":\"COM Group Ecommerce\",\"url\":\"https:\\\/\\\/www.malinashop.lt\\\/\",\"logo\":{\"@type\":\"ImageObject\",\"inLanguage\":\"lt-LT\",\"@id\":\"https:\\\/\\\/www.malinashop.lt\\\/#\\\/schema\\\/logo\\\/image\\\/\",\"url\":\"https:\\\/\\\/www.malinashop.lt\\\/wp-content\\\/uploads\\\/2024\\\/08\\\/462559670_3787732518133670_9795632669273463_n-e1731525914575.png\",\"contentUrl\":\"https:\\\/\\\/www.malinashop.lt\\\/wp-content\\\/uploads\\\/2024\\\/08\\\/462559670_3787732518133670_9795632669273463_n-e1731525914575.png\",\"width\":180,\"height\":60,\"caption\":\"COM Group Ecommerce\"},\"image\":{\"@id\":\"https:\\\/\\\/www.malinashop.lt\\\/#\\\/schema\\\/logo\\\/image\\\/\"}}]}<\/script>\n<!-- \/ Yoast SEO plugin. -->","yoast_head_json":{"title":"VITA LIBERATA LIGHT odos atspalv\u012f koreguojantis pagrindas, 30 ml - MalinaShop.lt J\u016bs\u0173 sveikatai ir gro\u017eiui.","description":"VITA LIBERATA Beauty Blur Light \u2013 odos atspalv\u012f koreguojantis pagrindas, suteikiantis \u0161vyt\u0117jim\u0105, maskavim\u0105 ir nat\u016bral\u0173 \u012fdeg\u012f. Organin\u0117, dr\u0117kinanti formul\u0117.","robots":{"index":"index","follow":"follow","max-snippet":"max-snippet:-1","max-image-preview":"max-image-preview:large","max-video-preview":"max-video-preview:-1"},"canonical":"https:\/\/www.malinashop.lt\/lt_lt\/shop\/vita-liberata-light-odos-atspalvi-koreguojantis-pagrindas-30-ml\/","og_locale":"lt_LT","og_type":"article","og_title":"VITA LIBERATA LIGHT odos atspalv\u012f koreguojantis pagrindas, 30 ml - MalinaShop.lt J\u016bs\u0173 sveikatai ir gro\u017eiui.","og_description":"VITA LIBERATA Beauty Blur Light \u2013 odos atspalv\u012f koreguojantis pagrindas, suteikiantis \u0161vyt\u0117jim\u0105, maskavim\u0105 ir nat\u016bral\u0173 \u012fdeg\u012f. Organin\u0117, dr\u0117kinanti formul\u0117.","og_url":"https:\/\/www.malinashop.lt\/lt_lt\/shop\/vita-liberata-light-odos-atspalvi-koreguojantis-pagrindas-30-ml\/","og_site_name":"MalinaShop.lt J\u016bs\u0173 sveikatai ir gro\u017eiui.","article_modified_time":"2026-02-10T10:15:26+00:00","og_image":[{"width":768,"height":768,"url":"https:\/\/www.malinashop.lt\/wp-content\/uploads\/2025\/11\/5060850670643.webp","type":"image\/webp"}],"twitter_card":"summary_large_image","schema":{"@context":"https:\/\/schema.org","@graph":[{"@type":"WebPage","@id":"https:\/\/www.malinashop.lt\/shop\/vita-liberata-light-odos-atspalvi-koreguojantis-pagrindas-30-ml\/","url":"https:\/\/www.malinashop.lt\/shop\/vita-liberata-light-odos-atspalvi-koreguojantis-pagrindas-30-ml\/","name":"VITA LIBERATA LIGHT odos atspalv\u012f koreguojantis pagrindas, 30 ml - MalinaShop.lt J\u016bs\u0173 sveikatai ir gro\u017eiui.","isPartOf":{"@id":"https:\/\/www.malinashop.lt\/#website"},"primaryImageOfPage":{"@id":"https:\/\/www.malinashop.lt\/shop\/vita-liberata-light-odos-atspalvi-koreguojantis-pagrindas-30-ml\/#primaryimage"},"image":{"@id":"https:\/\/www.malinashop.lt\/shop\/vita-liberata-light-odos-atspalvi-koreguojantis-pagrindas-30-ml\/#primaryimage"},"thumbnailUrl":"https:\/\/www.malinashop.lt\/wp-content\/uploads\/2025\/11\/5060850670643.webp","datePublished":"2025-11-25T14:45:54+00:00","dateModified":"2026-02-10T10:15:26+00:00","description":"VITA LIBERATA Beauty Blur Light \u2013 odos atspalv\u012f koreguojantis pagrindas, suteikiantis \u0161vyt\u0117jim\u0105, maskavim\u0105 ir nat\u016bral\u0173 \u012fdeg\u012f. Organin\u0117, dr\u0117kinanti formul\u0117.","breadcrumb":{"@id":"https:\/\/www.malinashop.lt\/shop\/vita-liberata-light-odos-atspalvi-koreguojantis-pagrindas-30-ml\/#breadcrumb"},"inLanguage":"lt-LT","potentialAction":[{"@type":"ReadAction","target":["https:\/\/www.malinashop.lt\/shop\/vita-liberata-light-odos-atspalvi-koreguojantis-pagrindas-30-ml\/"]}]},{"@type":"ImageObject","inLanguage":"lt-LT","@id":"https:\/\/www.malinashop.lt\/shop\/vita-liberata-light-odos-atspalvi-koreguojantis-pagrindas-30-ml\/#primaryimage","url":"https:\/\/www.malinashop.lt\/wp-content\/uploads\/2025\/11\/5060850670643.webp","contentUrl":"https:\/\/www.malinashop.lt\/wp-content\/uploads\/2025\/11\/5060850670643.webp","width":768,"height":768},{"@type":"BreadcrumbList","@id":"https:\/\/www.malinashop.lt\/shop\/vita-liberata-light-odos-atspalvi-koreguojantis-pagrindas-30-ml\/#breadcrumb","itemListElement":[{"@type":"ListItem","position":1,"name":"Pagrindinis","item":"https:\/\/www.malinashop.lt\/"},{"@type":"ListItem","position":2,"name":"Parduotuv\u0117","item":"https:\/\/www.malinashop.lt\/en\/parduotuve\/"},{"@type":"ListItem","position":3,"name":"VITA LIBERATA LIGHT odos atspalv\u012f koreguojantis pagrindas, 30 ml"}]},{"@type":"WebSite","@id":"https:\/\/www.malinashop.lt\/#website","url":"https:\/\/www.malinashop.lt\/","name":"COM Group Ecommerce","description":"MalinaShop.lt - Gro\u017eio ir sveikatos produktai i\u0161 patikim\u0173 preki\u0173 \u017eenkl\u0173. Atraskite auk\u0161tos kokyb\u0117s kosmetik\u0105 u\u017e puiki\u0105 kain\u0105.","publisher":{"@id":"https:\/\/www.malinashop.lt\/#organization"},"potentialAction":[{"@type":"SearchAction","target":{"@type":"EntryPoint","urlTemplate":"https:\/\/www.malinashop.lt\/?s={search_term_string}"},"query-input":{"@type":"PropertyValueSpecification","valueRequired":true,"valueName":"search_term_string"}}],"inLanguage":"lt-LT"},{"@type":"Organization","@id":"https:\/\/www.malinashop.lt\/#organization","name":"COM Group Ecommerce","url":"https:\/\/www.malinashop.lt\/","logo":{"@type":"ImageObject","inLanguage":"lt-LT","@id":"https:\/\/www.malinashop.lt\/#\/schema\/logo\/image\/","url":"https:\/\/www.malinashop.lt\/wp-content\/uploads\/2024\/08\/462559670_3787732518133670_9795632669273463_n-e1731525914575.png","contentUrl":"https:\/\/www.malinashop.lt\/wp-content\/uploads\/2024\/08\/462559670_3787732518133670_9795632669273463_n-e1731525914575.png","width":180,"height":60,"caption":"COM Group Ecommerce"},"image":{"@id":"https:\/\/www.malinashop.lt\/#\/schema\/logo\/image\/"}}]}},"jetpack_sharing_enabled":true,"_links":{"self":[{"href":"https:\/\/www.malinashop.lt\/lt_lt\/wp-json\/wp\/v2\/product\/69208","targetHints":{"allow":["GET"]}}],"collection":[{"href":"https:\/\/www.malinashop.lt\/lt_lt\/wp-json\/wp\/v2\/product"}],"about":[{"href":"https:\/\/www.malinashop.lt\/lt_lt\/wp-json\/wp\/v2\/types\/product"}],"version-history":[{"count":2,"href":"https:\/\/www.malinashop.lt\/lt_lt\/wp-json\/wp\/v2\/product\/69208\/revisions"}],"predecessor-version":[{"id":72000,"href":"https:\/\/www.malinashop.lt\/lt_lt\/wp-json\/wp\/v2\/product\/69208\/revisions\/72000"}],"wp:featuredmedia":[{"embeddable":true,"href":"https:\/\/www.malinashop.lt\/lt_lt\/wp-json\/wp\/v2\/media\/69210"}],"wp:attachment":[{"href":"https:\/\/www.malinashop.lt\/lt_lt\/wp-json\/wp\/v2\/media?parent=69208"}],"wp:term":[{"taxonomy":"product_brand","embeddable":true,"href":"https:\/\/www.malinashop.lt\/lt_lt\/wp-json\/wp\/v2\/product_brand?post=69208"},{"taxonomy":"product_cat","embeddable":true,"href":"https:\/\/www.malinashop.lt\/lt_lt\/wp-json\/wp\/v2\/product_cat?post=69208"},{"taxonomy":"product_tag","embeddable":true,"href":"https:\/\/www.malinashop.lt\/lt_lt\/wp-json\/wp\/v2\/product_tag?post=69208"}],"curies":[{"name":"wp","href":"https:\/\/api.w.org\/{rel}","templated":true}]}}