{"id":69191,"date":"2025-11-25T17:45:54","date_gmt":"2025-11-25T14:45:54","guid":{"rendered":"https:\/\/malinashop.lt\/?post_type=product&#038;p=69191"},"modified":"2026-02-10T13:12:38","modified_gmt":"2026-02-10T10:12:38","slug":"sla-paris-kremas-su-spf20-bb-glow-45000","status":"publish","type":"product","link":"https:\/\/www.malinashop.lt\/lt_lt\/shop\/sla-paris-kremas-su-spf20-bb-glow-45000\/","title":{"rendered":"SLA PARIS kremas su SPF20 BB GLOW 45000"},"content":{"rendered":"<p data-start=\"181\" data-end=\"544\"><strong data-start=\"181\" data-end=\"218\">SLA PARIS BB GLOW kremas su SPF20<\/strong> \u2013 tai lengvos tekst\u016bros, \u0161vyt\u0117jim\u0105 suteikiantis kremas, sukurtas nat\u016braliai ir tolygiai odos i\u0161vaizdai. BB kremas skaistina, suvienodina odos ton\u0105 ir akimirksniu suteikia gaivaus spindesio efekt\u0105. Formul\u0117 su <em data-start=\"427\" data-end=\"441\">LUMINA\u2013skin\u00ae<\/em> kompleksu ir vitaminu E dr\u0117kina vir\u0161utinius epidermio sluoksnius* bei suteikia antioksidacin\u0119 apsaug\u0105.<\/p>\n<p data-start=\"546\" data-end=\"751\">Priemon\u0117 puikiai prisitaiko prie \u012fvairi\u0173 odos ton\u0173 \u2013 yra du universal\u016bs atspalviai: \u0161viesus ir auksinio tono. Tinka vis\u0173 tip\u0173 odai, tod\u0117l kasdienis makia\u017eas tampa lengvas, greitas ir nat\u016braliai atrodantis.<\/p>\n<p data-start=\"753\" data-end=\"941\"><strong data-start=\"753\" data-end=\"770\">Kaip naudoti:<\/strong> krem\u0105 tolygiai paskirstykite ant viso veido naudodami dr\u0117gn\u0105 kempin\u0117l\u0119 arba \u0161epet\u0117l\u012f <em data-start=\"856\" data-end=\"883\">MUA Vegan Brush nr. 89419<\/em>. Norint matinio efekto, fiksuokite biri\u0105 SLA Paris pudr\u0105.<\/p>\n<p data-start=\"943\" data-end=\"958\"><strong data-start=\"943\" data-end=\"958\">Privalumai:<\/strong><\/p>\n<ul data-start=\"959\" data-end=\"1164\">\n<li data-start=\"959\" data-end=\"1021\">\n<p data-start=\"961\" data-end=\"1021\">\u0160vyt\u0117jimo ir nat\u016bralios odos efekto suteikiantis BB kremas<\/p>\n<\/li>\n<li data-start=\"1022\" data-end=\"1042\">\n<p data-start=\"1024\" data-end=\"1042\">Su SPF20 apsauga<\/p>\n<\/li>\n<li data-start=\"1043\" data-end=\"1083\">\n<p data-start=\"1045\" data-end=\"1083\">Dr\u0117kinanti ir antioksidacin\u0117 formul\u0117<\/p>\n<\/li>\n<li data-start=\"1084\" data-end=\"1113\">\n<p data-start=\"1086\" data-end=\"1113\">Prisitaiko prie odos tono<\/p>\n<\/li>\n<li data-start=\"1114\" data-end=\"1138\">\n<p data-start=\"1116\" data-end=\"1138\">Tinka vis\u0173 tip\u0173 odai<\/p>\n<\/li>\n<li data-start=\"1139\" data-end=\"1164\">\n<p data-start=\"1141\" data-end=\"1164\">Praturtintas vitaminu E<\/p>\n<\/li>\n<\/ul>\n","protected":false},"excerpt":{"rendered":"<div class=\"woocommerce-product-details__short-description\">\n<p data-start=\"1209\" data-end=\"1504\">Lengvos tekst\u016bros SLA PARIS BB GLOW kremas su SPF20 skaistina od\u0105, suteikia nat\u016bral\u0173 \u0161vyt\u0117jim\u0105 ir dr\u0117kina vir\u0161utinius epidermio sluoksnius*. Formul\u0117 su LUMINA\u2013skin\u00ae ir vitaminu E atgaivina veido i\u0161vaizd\u0105 ir saugo nuo \u017ealing\u0173 saul\u0117s spinduli\u0173. Tinka vis\u0173 tip\u0173 odai, yra du universal\u016bs atspalviai.<\/p>\n<\/div>\n","protected":false},"featured_media":69193,"template":"","meta":[],"product_brand":[1527],"product_cat":[187,728],"product_tag":[1623],"class_list":{"0":"post-69191","1":"product","2":"type-product","3":"status-publish","4":"has-post-thumbnail","6":"product_brand-sla-paris","7":"product_cat-veido-kremai","8":"product_cat-veidui","9":"product_tag-sla-paris","11":"first","12":"instock","13":"purchasable","14":"product-type-simple"},"yoast_head":"<!-- This site is optimized with the Yoast SEO plugin v27.4 - https:\/\/yoast.com\/product\/yoast-seo-wordpress\/ -->\n<title>SLA PARIS kremas su SPF20 BB GLOW 45000 - MalinaShop.lt J\u016bs\u0173 sveikatai ir gro\u017eiui.<\/title>\n<meta name=\"description\" content=\"SLA PARIS BB GLOW kremas su SPF20 skaistina, dr\u0117kina ir suteikia nat\u016bral\u0173 \u0161vyt\u0117jim\u0105. Universal\u016bs atspalviai, vitaminu E praturtinta formul\u0117 vis\u0173 tip\u0173 odai.\" \/>\n<meta name=\"robots\" content=\"index, follow, max-snippet:-1, max-image-preview:large, max-video-preview:-1\" \/>\n<link rel=\"canonical\" href=\"https:\/\/www.malinashop.lt\/lt_lt\/shop\/sla-paris-kremas-su-spf20-bb-glow-45000\/\" \/>\n<meta property=\"og:locale\" content=\"lt_LT\" \/>\n<meta property=\"og:type\" content=\"article\" \/>\n<meta property=\"og:title\" content=\"SLA PARIS kremas su SPF20 BB GLOW 45000 - MalinaShop.lt J\u016bs\u0173 sveikatai ir gro\u017eiui.\" \/>\n<meta property=\"og:description\" content=\"SLA PARIS BB GLOW kremas su SPF20 skaistina, dr\u0117kina ir suteikia nat\u016bral\u0173 \u0161vyt\u0117jim\u0105. Universal\u016bs atspalviai, vitaminu E praturtinta formul\u0117 vis\u0173 tip\u0173 odai.\" \/>\n<meta property=\"og:url\" content=\"https:\/\/www.malinashop.lt\/lt_lt\/shop\/sla-paris-kremas-su-spf20-bb-glow-45000\/\" \/>\n<meta property=\"og:site_name\" content=\"MalinaShop.lt J\u016bs\u0173 sveikatai ir gro\u017eiui.\" \/>\n<meta property=\"article:modified_time\" content=\"2026-02-10T10:12:38+00:00\" \/>\n<meta property=\"og:image\" content=\"https:\/\/www.malinashop.lt\/wp-content\/uploads\/2025\/11\/Produktui5.jpg\" \/>\n\t<meta property=\"og:image:width\" content=\"1000\" \/>\n\t<meta property=\"og:image:height\" content=\"1000\" \/>\n\t<meta property=\"og:image:type\" content=\"image\/jpeg\" \/>\n<meta name=\"twitter:card\" content=\"summary_large_image\" \/>\n<script type=\"application\/ld+json\" class=\"yoast-schema-graph\">{\"@context\":\"https:\\\/\\\/schema.org\",\"@graph\":[{\"@type\":\"WebPage\",\"@id\":\"https:\\\/\\\/www.malinashop.lt\\\/lt_lt\\\/shop\\\/sla-paris-kremas-su-spf20-bb-glow-45000\\\/\",\"url\":\"https:\\\/\\\/www.malinashop.lt\\\/lt_lt\\\/shop\\\/sla-paris-kremas-su-spf20-bb-glow-45000\\\/\",\"name\":\"SLA PARIS kremas su SPF20 BB GLOW 45000 - MalinaShop.lt J\u016bs\u0173 sveikatai ir gro\u017eiui.\",\"isPartOf\":{\"@id\":\"https:\\\/\\\/www.malinashop.lt\\\/#website\"},\"primaryImageOfPage\":{\"@id\":\"https:\\\/\\\/www.malinashop.lt\\\/lt_lt\\\/shop\\\/sla-paris-kremas-su-spf20-bb-glow-45000\\\/#primaryimage\"},\"image\":{\"@id\":\"https:\\\/\\\/www.malinashop.lt\\\/lt_lt\\\/shop\\\/sla-paris-kremas-su-spf20-bb-glow-45000\\\/#primaryimage\"},\"thumbnailUrl\":\"https:\\\/\\\/www.malinashop.lt\\\/wp-content\\\/uploads\\\/2025\\\/11\\\/Produktui5.jpg\",\"datePublished\":\"2025-11-25T14:45:54+00:00\",\"dateModified\":\"2026-02-10T10:12:38+00:00\",\"description\":\"SLA PARIS BB GLOW kremas su SPF20 skaistina, dr\u0117kina ir suteikia nat\u016bral\u0173 \u0161vyt\u0117jim\u0105. Universal\u016bs atspalviai, vitaminu E praturtinta formul\u0117 vis\u0173 tip\u0173 odai.\",\"breadcrumb\":{\"@id\":\"https:\\\/\\\/www.malinashop.lt\\\/lt_lt\\\/shop\\\/sla-paris-kremas-su-spf20-bb-glow-45000\\\/#breadcrumb\"},\"inLanguage\":\"lt-LT\",\"potentialAction\":[{\"@type\":\"ReadAction\",\"target\":[\"https:\\\/\\\/www.malinashop.lt\\\/lt_lt\\\/shop\\\/sla-paris-kremas-su-spf20-bb-glow-45000\\\/\"]}]},{\"@type\":\"ImageObject\",\"inLanguage\":\"lt-LT\",\"@id\":\"https:\\\/\\\/www.malinashop.lt\\\/lt_lt\\\/shop\\\/sla-paris-kremas-su-spf20-bb-glow-45000\\\/#primaryimage\",\"url\":\"https:\\\/\\\/www.malinashop.lt\\\/wp-content\\\/uploads\\\/2025\\\/11\\\/Produktui5.jpg\",\"contentUrl\":\"https:\\\/\\\/www.malinashop.lt\\\/wp-content\\\/uploads\\\/2025\\\/11\\\/Produktui5.jpg\",\"width\":1000,\"height\":1000},{\"@type\":\"BreadcrumbList\",\"@id\":\"https:\\\/\\\/www.malinashop.lt\\\/lt_lt\\\/shop\\\/sla-paris-kremas-su-spf20-bb-glow-45000\\\/#breadcrumb\",\"itemListElement\":[{\"@type\":\"ListItem\",\"position\":1,\"name\":\"Pagrindinis\",\"item\":\"https:\\\/\\\/www.malinashop.lt\\\/\"},{\"@type\":\"ListItem\",\"position\":2,\"name\":\"Parduotuv\u0117\",\"item\":\"https:\\\/\\\/www.malinashop.lt\\\/en\\\/parduotuve\\\/\"},{\"@type\":\"ListItem\",\"position\":3,\"name\":\"SLA PARIS kremas su SPF20 BB GLOW 45000\"}]},{\"@type\":\"WebSite\",\"@id\":\"https:\\\/\\\/www.malinashop.lt\\\/#website\",\"url\":\"https:\\\/\\\/www.malinashop.lt\\\/\",\"name\":\"COM Group Ecommerce\",\"description\":\"MalinaShop.lt - Gro\u017eio ir sveikatos produktai i\u0161 patikim\u0173 preki\u0173 \u017eenkl\u0173. Atraskite auk\u0161tos kokyb\u0117s kosmetik\u0105 u\u017e puiki\u0105 kain\u0105.\",\"publisher\":{\"@id\":\"https:\\\/\\\/www.malinashop.lt\\\/#organization\"},\"potentialAction\":[{\"@type\":\"SearchAction\",\"target\":{\"@type\":\"EntryPoint\",\"urlTemplate\":\"https:\\\/\\\/www.malinashop.lt\\\/?s={search_term_string}\"},\"query-input\":{\"@type\":\"PropertyValueSpecification\",\"valueRequired\":true,\"valueName\":\"search_term_string\"}}],\"inLanguage\":\"lt-LT\"},{\"@type\":\"Organization\",\"@id\":\"https:\\\/\\\/www.malinashop.lt\\\/#organization\",\"name\":\"COM Group Ecommerce\",\"url\":\"https:\\\/\\\/www.malinashop.lt\\\/\",\"logo\":{\"@type\":\"ImageObject\",\"inLanguage\":\"lt-LT\",\"@id\":\"https:\\\/\\\/www.malinashop.lt\\\/#\\\/schema\\\/logo\\\/image\\\/\",\"url\":\"https:\\\/\\\/www.malinashop.lt\\\/wp-content\\\/uploads\\\/2024\\\/08\\\/462559670_3787732518133670_9795632669273463_n-e1731525914575.png\",\"contentUrl\":\"https:\\\/\\\/www.malinashop.lt\\\/wp-content\\\/uploads\\\/2024\\\/08\\\/462559670_3787732518133670_9795632669273463_n-e1731525914575.png\",\"width\":180,\"height\":60,\"caption\":\"COM Group Ecommerce\"},\"image\":{\"@id\":\"https:\\\/\\\/www.malinashop.lt\\\/#\\\/schema\\\/logo\\\/image\\\/\"}}]}<\/script>\n<!-- \/ Yoast SEO plugin. -->","yoast_head_json":{"title":"SLA PARIS kremas su SPF20 BB GLOW 45000 - MalinaShop.lt J\u016bs\u0173 sveikatai ir gro\u017eiui.","description":"SLA PARIS BB GLOW kremas su SPF20 skaistina, dr\u0117kina ir suteikia nat\u016bral\u0173 \u0161vyt\u0117jim\u0105. Universal\u016bs atspalviai, vitaminu E praturtinta formul\u0117 vis\u0173 tip\u0173 odai.","robots":{"index":"index","follow":"follow","max-snippet":"max-snippet:-1","max-image-preview":"max-image-preview:large","max-video-preview":"max-video-preview:-1"},"canonical":"https:\/\/www.malinashop.lt\/lt_lt\/shop\/sla-paris-kremas-su-spf20-bb-glow-45000\/","og_locale":"lt_LT","og_type":"article","og_title":"SLA PARIS kremas su SPF20 BB GLOW 45000 - MalinaShop.lt J\u016bs\u0173 sveikatai ir gro\u017eiui.","og_description":"SLA PARIS BB GLOW kremas su SPF20 skaistina, dr\u0117kina ir suteikia nat\u016bral\u0173 \u0161vyt\u0117jim\u0105. Universal\u016bs atspalviai, vitaminu E praturtinta formul\u0117 vis\u0173 tip\u0173 odai.","og_url":"https:\/\/www.malinashop.lt\/lt_lt\/shop\/sla-paris-kremas-su-spf20-bb-glow-45000\/","og_site_name":"MalinaShop.lt J\u016bs\u0173 sveikatai ir gro\u017eiui.","article_modified_time":"2026-02-10T10:12:38+00:00","og_image":[{"width":1000,"height":1000,"url":"https:\/\/www.malinashop.lt\/wp-content\/uploads\/2025\/11\/Produktui5.jpg","type":"image\/jpeg"}],"twitter_card":"summary_large_image","schema":{"@context":"https:\/\/schema.org","@graph":[{"@type":"WebPage","@id":"https:\/\/www.malinashop.lt\/lt_lt\/shop\/sla-paris-kremas-su-spf20-bb-glow-45000\/","url":"https:\/\/www.malinashop.lt\/lt_lt\/shop\/sla-paris-kremas-su-spf20-bb-glow-45000\/","name":"SLA PARIS kremas su SPF20 BB GLOW 45000 - MalinaShop.lt J\u016bs\u0173 sveikatai ir gro\u017eiui.","isPartOf":{"@id":"https:\/\/www.malinashop.lt\/#website"},"primaryImageOfPage":{"@id":"https:\/\/www.malinashop.lt\/lt_lt\/shop\/sla-paris-kremas-su-spf20-bb-glow-45000\/#primaryimage"},"image":{"@id":"https:\/\/www.malinashop.lt\/lt_lt\/shop\/sla-paris-kremas-su-spf20-bb-glow-45000\/#primaryimage"},"thumbnailUrl":"https:\/\/www.malinashop.lt\/wp-content\/uploads\/2025\/11\/Produktui5.jpg","datePublished":"2025-11-25T14:45:54+00:00","dateModified":"2026-02-10T10:12:38+00:00","description":"SLA PARIS BB GLOW kremas su SPF20 skaistina, dr\u0117kina ir suteikia nat\u016bral\u0173 \u0161vyt\u0117jim\u0105. Universal\u016bs atspalviai, vitaminu E praturtinta formul\u0117 vis\u0173 tip\u0173 odai.","breadcrumb":{"@id":"https:\/\/www.malinashop.lt\/lt_lt\/shop\/sla-paris-kremas-su-spf20-bb-glow-45000\/#breadcrumb"},"inLanguage":"lt-LT","potentialAction":[{"@type":"ReadAction","target":["https:\/\/www.malinashop.lt\/lt_lt\/shop\/sla-paris-kremas-su-spf20-bb-glow-45000\/"]}]},{"@type":"ImageObject","inLanguage":"lt-LT","@id":"https:\/\/www.malinashop.lt\/lt_lt\/shop\/sla-paris-kremas-su-spf20-bb-glow-45000\/#primaryimage","url":"https:\/\/www.malinashop.lt\/wp-content\/uploads\/2025\/11\/Produktui5.jpg","contentUrl":"https:\/\/www.malinashop.lt\/wp-content\/uploads\/2025\/11\/Produktui5.jpg","width":1000,"height":1000},{"@type":"BreadcrumbList","@id":"https:\/\/www.malinashop.lt\/lt_lt\/shop\/sla-paris-kremas-su-spf20-bb-glow-45000\/#breadcrumb","itemListElement":[{"@type":"ListItem","position":1,"name":"Pagrindinis","item":"https:\/\/www.malinashop.lt\/"},{"@type":"ListItem","position":2,"name":"Parduotuv\u0117","item":"https:\/\/www.malinashop.lt\/en\/parduotuve\/"},{"@type":"ListItem","position":3,"name":"SLA PARIS kremas su SPF20 BB GLOW 45000"}]},{"@type":"WebSite","@id":"https:\/\/www.malinashop.lt\/#website","url":"https:\/\/www.malinashop.lt\/","name":"COM Group Ecommerce","description":"MalinaShop.lt - Gro\u017eio ir sveikatos produktai i\u0161 patikim\u0173 preki\u0173 \u017eenkl\u0173. Atraskite auk\u0161tos kokyb\u0117s kosmetik\u0105 u\u017e puiki\u0105 kain\u0105.","publisher":{"@id":"https:\/\/www.malinashop.lt\/#organization"},"potentialAction":[{"@type":"SearchAction","target":{"@type":"EntryPoint","urlTemplate":"https:\/\/www.malinashop.lt\/?s={search_term_string}"},"query-input":{"@type":"PropertyValueSpecification","valueRequired":true,"valueName":"search_term_string"}}],"inLanguage":"lt-LT"},{"@type":"Organization","@id":"https:\/\/www.malinashop.lt\/#organization","name":"COM Group Ecommerce","url":"https:\/\/www.malinashop.lt\/","logo":{"@type":"ImageObject","inLanguage":"lt-LT","@id":"https:\/\/www.malinashop.lt\/#\/schema\/logo\/image\/","url":"https:\/\/www.malinashop.lt\/wp-content\/uploads\/2024\/08\/462559670_3787732518133670_9795632669273463_n-e1731525914575.png","contentUrl":"https:\/\/www.malinashop.lt\/wp-content\/uploads\/2024\/08\/462559670_3787732518133670_9795632669273463_n-e1731525914575.png","width":180,"height":60,"caption":"COM Group Ecommerce"},"image":{"@id":"https:\/\/www.malinashop.lt\/#\/schema\/logo\/image\/"}}]}},"jetpack_sharing_enabled":true,"_links":{"self":[{"href":"https:\/\/www.malinashop.lt\/lt_lt\/wp-json\/wp\/v2\/product\/69191","targetHints":{"allow":["GET"]}}],"collection":[{"href":"https:\/\/www.malinashop.lt\/lt_lt\/wp-json\/wp\/v2\/product"}],"about":[{"href":"https:\/\/www.malinashop.lt\/lt_lt\/wp-json\/wp\/v2\/types\/product"}],"version-history":[{"count":2,"href":"https:\/\/www.malinashop.lt\/lt_lt\/wp-json\/wp\/v2\/product\/69191\/revisions"}],"predecessor-version":[{"id":71879,"href":"https:\/\/www.malinashop.lt\/lt_lt\/wp-json\/wp\/v2\/product\/69191\/revisions\/71879"}],"wp:featuredmedia":[{"embeddable":true,"href":"https:\/\/www.malinashop.lt\/lt_lt\/wp-json\/wp\/v2\/media\/69193"}],"wp:attachment":[{"href":"https:\/\/www.malinashop.lt\/lt_lt\/wp-json\/wp\/v2\/media?parent=69191"}],"wp:term":[{"taxonomy":"product_brand","embeddable":true,"href":"https:\/\/www.malinashop.lt\/lt_lt\/wp-json\/wp\/v2\/product_brand?post=69191"},{"taxonomy":"product_cat","embeddable":true,"href":"https:\/\/www.malinashop.lt\/lt_lt\/wp-json\/wp\/v2\/product_cat?post=69191"},{"taxonomy":"product_tag","embeddable":true,"href":"https:\/\/www.malinashop.lt\/lt_lt\/wp-json\/wp\/v2\/product_tag?post=69191"}],"curies":[{"name":"wp","href":"https:\/\/api.w.org\/{rel}","templated":true}]}}