{"id":69125,"date":"2025-11-25T17:44:28","date_gmt":"2025-11-25T14:44:28","guid":{"rendered":"https:\/\/malinashop.lt\/?post_type=product&#038;p=69125"},"modified":"2026-02-10T13:11:09","modified_gmt":"2026-02-10T10:11:09","slug":"skinlovers-drekinanti-bioceliuliozine-veido-kauke-1-vnt","status":"publish","type":"product","link":"https:\/\/www.malinashop.lt\/lt_lt\/shop\/skinlovers-drekinanti-bioceliuliozine-veido-kauke-1-vnt\/","title":{"rendered":"SKINLOVERS dr\u0117kinanti bioceliuliozin\u0117 veido kauk\u0117, 1 vnt"},"content":{"rendered":"<p data-start=\"180\" data-end=\"495\"><strong data-start=\"180\" data-end=\"233\">SKINLOVERS dr\u0117kinanti bioceliuliozin\u0117 veido kauk\u0117<\/strong> \u2013 tai intensyviai dr\u0117kinantis ir od\u0105 atgaivinantis veido prie\u017ei\u016bros produktas, sukurtas siekiant greito ir matomo rezultato. \u0160i nat\u016brali bioceliuliozin\u0117 kauk\u0117 giliai dr\u0117kina od\u0105, suteikia jai skaistumo, glotnina odos reljef\u0105 ir suteikia malon\u0173 v\u0117sinant\u012f efekt\u0105.<\/p>\n<p data-start=\"497\" data-end=\"803\">D\u0117l sud\u0117tyje esan\u010di\u0173 <strong data-start=\"518\" data-end=\"535\">phyto peptid\u0173<\/strong>, <strong data-start=\"537\" data-end=\"552\">niacinamido<\/strong> ir <strong data-start=\"556\" data-end=\"580\">anti-aging komplekso<\/strong>, kauk\u0117 ne tik u\u017etikrina dr\u0117kinim\u0105, bet ir maitina od\u0105, ma\u017eina papilk\u0117jim\u0105 bei padeda i\u0161laikyti elastingum\u0105. Bioceliuliozin\u0117 strukt\u016bra puikiai priglunda prie veido kont\u016br\u0173, tod\u0117l j\u0105 patogu naudoti atliekant kasdien\u0119 veikl\u0105.<\/p>\n<p data-start=\"805\" data-end=\"1051\">Reguliarus kauk\u0117s naudojimas suteikia odai skaistumo, glotnumo, ma\u017eina \u0161erpetojim\u0105 ir pleiskanojim\u0105. Tai puikus pasirinkimas norint greito atgaivinimo efekto prie\u0161 svarbi\u0105 prog\u0105 arba norint kasdieniame rituale suteikti odai papildomos prie\u017ei\u016bros.<\/p>\n<h4 data-start=\"1053\" data-end=\"1081\"><strong data-start=\"1057\" data-end=\"1081\">Pagrindin\u0117s savyb\u0117s:<\/strong><\/h4>\n<ul data-start=\"1082\" data-end=\"1325\">\n<li data-start=\"1082\" data-end=\"1113\">\n<p data-start=\"1084\" data-end=\"1113\">Intensyviai <strong data-start=\"1096\" data-end=\"1107\">dr\u0117kina<\/strong> od\u0105<\/p>\n<\/li>\n<li data-start=\"1114\" data-end=\"1153\">\n<p data-start=\"1116\" data-end=\"1153\"><strong data-start=\"1116\" data-end=\"1129\">Skaistina<\/strong> ir ma\u017eina papilk\u0117jim\u0105<\/p>\n<\/li>\n<li data-start=\"1154\" data-end=\"1186\">\n<p data-start=\"1156\" data-end=\"1186\">Suteikia <strong data-start=\"1165\" data-end=\"1184\">liftingo efekt\u0105<\/strong><\/p>\n<\/li>\n<li data-start=\"1187\" data-end=\"1231\">\n<p data-start=\"1189\" data-end=\"1231\">Turi <strong data-start=\"1194\" data-end=\"1221\">v\u0117sinant\u012f ir gaivinant\u012f<\/strong> poveik\u012f<\/p>\n<\/li>\n<li data-start=\"1232\" data-end=\"1275\">\n<p data-start=\"1234\" data-end=\"1275\">Ma\u017eina <strong data-start=\"1241\" data-end=\"1273\">\u0161erpetojim\u0105 ir pleiskanojim\u0105<\/strong><\/p>\n<\/li>\n<li data-start=\"1276\" data-end=\"1325\">\n<p data-start=\"1278\" data-end=\"1325\">Puikiai priglundanti bioceliuliozin\u0117 tekst\u016bra<\/p>\n<\/li>\n<\/ul>\n","protected":false},"excerpt":{"rendered":"<p data-start=\"1380\" data-end=\"1552\">Intensyviai dr\u0117kinanti bioceliuliozin\u0117 veido kauk\u0117 su phyto peptidais ir niacinamidu. Skaistina, glotnina od\u0105, suteikia liftingo ir v\u0117sinant\u012f efekt\u0105 bei ma\u017eina \u0161erpetojim\u0105.<\/p>\n","protected":false},"featured_media":69127,"template":"","meta":[],"product_brand":[1528],"product_cat":[553,728],"product_tag":[1622],"class_list":{"0":"post-69125","1":"product","2":"type-product","3":"status-publish","4":"has-post-thumbnail","6":"product_brand-skinlovers","7":"product_cat-veido-kaukes","8":"product_cat-veidui","9":"product_tag-skinlovers","11":"first","12":"instock","13":"purchasable","14":"product-type-simple"},"yoast_head":"<!-- This site is optimized with the Yoast SEO plugin v27.4 - https:\/\/yoast.com\/product\/yoast-seo-wordpress\/ -->\n<title>SKINLOVERS dr\u0117kinanti bioceliuliozin\u0117 veido kauk\u0117, 1 vnt - MalinaShop.lt J\u016bs\u0173 sveikatai ir gro\u017eiui.<\/title>\n<meta name=\"description\" content=\"Dr\u0117kinanti SKINLOVERS bioceliuliozin\u0117 veido kauk\u0117: skaistina, glotnina, suteikia liftingo ir v\u0117sinant\u012f efekt\u0105. Puikiai tinka greitam odos atgaivinimui.\" \/>\n<meta name=\"robots\" content=\"index, follow, max-snippet:-1, max-image-preview:large, max-video-preview:-1\" \/>\n<link rel=\"canonical\" href=\"https:\/\/www.malinashop.lt\/lt_lt\/shop\/skinlovers-drekinanti-bioceliuliozine-veido-kauke-1-vnt\/\" \/>\n<meta property=\"og:locale\" content=\"lt_LT\" \/>\n<meta property=\"og:type\" content=\"article\" \/>\n<meta property=\"og:title\" content=\"SKINLOVERS dr\u0117kinanti bioceliuliozin\u0117 veido kauk\u0117, 1 vnt - MalinaShop.lt J\u016bs\u0173 sveikatai ir gro\u017eiui.\" \/>\n<meta property=\"og:description\" content=\"Dr\u0117kinanti SKINLOVERS bioceliuliozin\u0117 veido kauk\u0117: skaistina, glotnina, suteikia liftingo ir v\u0117sinant\u012f efekt\u0105. Puikiai tinka greitam odos atgaivinimui.\" \/>\n<meta property=\"og:url\" content=\"https:\/\/www.malinashop.lt\/lt_lt\/shop\/skinlovers-drekinanti-bioceliuliozine-veido-kauke-1-vnt\/\" \/>\n<meta property=\"og:site_name\" content=\"MalinaShop.lt J\u016bs\u0173 sveikatai ir gro\u017eiui.\" \/>\n<meta property=\"article:modified_time\" content=\"2026-02-10T10:11:09+00:00\" \/>\n<meta property=\"og:image\" content=\"https:\/\/www.malinashop.lt\/wp-content\/uploads\/2025\/11\/Mask-ready-scaled-1.jpg\" \/>\n\t<meta property=\"og:image:width\" content=\"1000\" \/>\n\t<meta property=\"og:image:height\" content=\"1000\" \/>\n\t<meta property=\"og:image:type\" content=\"image\/jpeg\" \/>\n<meta name=\"twitter:card\" content=\"summary_large_image\" \/>\n<script type=\"application\/ld+json\" class=\"yoast-schema-graph\">{\"@context\":\"https:\\\/\\\/schema.org\",\"@graph\":[{\"@type\":\"WebPage\",\"@id\":\"https:\\\/\\\/www.malinashop.lt\\\/en\\\/shop\\\/skinlovers-drekinanti-bioceliuliozine-veido-kauke-1-vnt\\\/\",\"url\":\"https:\\\/\\\/www.malinashop.lt\\\/en\\\/shop\\\/skinlovers-drekinanti-bioceliuliozine-veido-kauke-1-vnt\\\/\",\"name\":\"SKINLOVERS dr\u0117kinanti bioceliuliozin\u0117 veido kauk\u0117, 1 vnt - MalinaShop.lt J\u016bs\u0173 sveikatai ir gro\u017eiui.\",\"isPartOf\":{\"@id\":\"https:\\\/\\\/www.malinashop.lt\\\/#website\"},\"primaryImageOfPage\":{\"@id\":\"https:\\\/\\\/www.malinashop.lt\\\/en\\\/shop\\\/skinlovers-drekinanti-bioceliuliozine-veido-kauke-1-vnt\\\/#primaryimage\"},\"image\":{\"@id\":\"https:\\\/\\\/www.malinashop.lt\\\/en\\\/shop\\\/skinlovers-drekinanti-bioceliuliozine-veido-kauke-1-vnt\\\/#primaryimage\"},\"thumbnailUrl\":\"https:\\\/\\\/www.malinashop.lt\\\/wp-content\\\/uploads\\\/2025\\\/11\\\/Mask-ready-scaled-1.jpg\",\"datePublished\":\"2025-11-25T14:44:28+00:00\",\"dateModified\":\"2026-02-10T10:11:09+00:00\",\"description\":\"Dr\u0117kinanti SKINLOVERS bioceliuliozin\u0117 veido kauk\u0117: skaistina, glotnina, suteikia liftingo ir v\u0117sinant\u012f efekt\u0105. Puikiai tinka greitam odos atgaivinimui.\",\"breadcrumb\":{\"@id\":\"https:\\\/\\\/www.malinashop.lt\\\/en\\\/shop\\\/skinlovers-drekinanti-bioceliuliozine-veido-kauke-1-vnt\\\/#breadcrumb\"},\"inLanguage\":\"lt-LT\",\"potentialAction\":[{\"@type\":\"ReadAction\",\"target\":[\"https:\\\/\\\/www.malinashop.lt\\\/en\\\/shop\\\/skinlovers-drekinanti-bioceliuliozine-veido-kauke-1-vnt\\\/\"]}]},{\"@type\":\"ImageObject\",\"inLanguage\":\"lt-LT\",\"@id\":\"https:\\\/\\\/www.malinashop.lt\\\/en\\\/shop\\\/skinlovers-drekinanti-bioceliuliozine-veido-kauke-1-vnt\\\/#primaryimage\",\"url\":\"https:\\\/\\\/www.malinashop.lt\\\/wp-content\\\/uploads\\\/2025\\\/11\\\/Mask-ready-scaled-1.jpg\",\"contentUrl\":\"https:\\\/\\\/www.malinashop.lt\\\/wp-content\\\/uploads\\\/2025\\\/11\\\/Mask-ready-scaled-1.jpg\",\"width\":1000,\"height\":1000},{\"@type\":\"BreadcrumbList\",\"@id\":\"https:\\\/\\\/www.malinashop.lt\\\/en\\\/shop\\\/skinlovers-drekinanti-bioceliuliozine-veido-kauke-1-vnt\\\/#breadcrumb\",\"itemListElement\":[{\"@type\":\"ListItem\",\"position\":1,\"name\":\"Pagrindinis\",\"item\":\"https:\\\/\\\/www.malinashop.lt\\\/\"},{\"@type\":\"ListItem\",\"position\":2,\"name\":\"Parduotuv\u0117\",\"item\":\"https:\\\/\\\/www.malinashop.lt\\\/en\\\/parduotuve\\\/\"},{\"@type\":\"ListItem\",\"position\":3,\"name\":\"SKINLOVERS dr\u0117kinanti bioceliuliozin\u0117 veido kauk\u0117, 1 vnt\"}]},{\"@type\":\"WebSite\",\"@id\":\"https:\\\/\\\/www.malinashop.lt\\\/#website\",\"url\":\"https:\\\/\\\/www.malinashop.lt\\\/\",\"name\":\"COM Group Ecommerce\",\"description\":\"MalinaShop.lt - Gro\u017eio ir sveikatos produktai i\u0161 patikim\u0173 preki\u0173 \u017eenkl\u0173. Atraskite auk\u0161tos kokyb\u0117s kosmetik\u0105 u\u017e puiki\u0105 kain\u0105.\",\"publisher\":{\"@id\":\"https:\\\/\\\/www.malinashop.lt\\\/#organization\"},\"potentialAction\":[{\"@type\":\"SearchAction\",\"target\":{\"@type\":\"EntryPoint\",\"urlTemplate\":\"https:\\\/\\\/www.malinashop.lt\\\/?s={search_term_string}\"},\"query-input\":{\"@type\":\"PropertyValueSpecification\",\"valueRequired\":true,\"valueName\":\"search_term_string\"}}],\"inLanguage\":\"lt-LT\"},{\"@type\":\"Organization\",\"@id\":\"https:\\\/\\\/www.malinashop.lt\\\/#organization\",\"name\":\"COM Group Ecommerce\",\"url\":\"https:\\\/\\\/www.malinashop.lt\\\/\",\"logo\":{\"@type\":\"ImageObject\",\"inLanguage\":\"lt-LT\",\"@id\":\"https:\\\/\\\/www.malinashop.lt\\\/#\\\/schema\\\/logo\\\/image\\\/\",\"url\":\"https:\\\/\\\/www.malinashop.lt\\\/wp-content\\\/uploads\\\/2024\\\/08\\\/462559670_3787732518133670_9795632669273463_n-e1731525914575.png\",\"contentUrl\":\"https:\\\/\\\/www.malinashop.lt\\\/wp-content\\\/uploads\\\/2024\\\/08\\\/462559670_3787732518133670_9795632669273463_n-e1731525914575.png\",\"width\":180,\"height\":60,\"caption\":\"COM Group Ecommerce\"},\"image\":{\"@id\":\"https:\\\/\\\/www.malinashop.lt\\\/#\\\/schema\\\/logo\\\/image\\\/\"}}]}<\/script>\n<!-- \/ Yoast SEO plugin. -->","yoast_head_json":{"title":"SKINLOVERS dr\u0117kinanti bioceliuliozin\u0117 veido kauk\u0117, 1 vnt - MalinaShop.lt J\u016bs\u0173 sveikatai ir gro\u017eiui.","description":"Dr\u0117kinanti SKINLOVERS bioceliuliozin\u0117 veido kauk\u0117: skaistina, glotnina, suteikia liftingo ir v\u0117sinant\u012f efekt\u0105. Puikiai tinka greitam odos atgaivinimui.","robots":{"index":"index","follow":"follow","max-snippet":"max-snippet:-1","max-image-preview":"max-image-preview:large","max-video-preview":"max-video-preview:-1"},"canonical":"https:\/\/www.malinashop.lt\/lt_lt\/shop\/skinlovers-drekinanti-bioceliuliozine-veido-kauke-1-vnt\/","og_locale":"lt_LT","og_type":"article","og_title":"SKINLOVERS dr\u0117kinanti bioceliuliozin\u0117 veido kauk\u0117, 1 vnt - MalinaShop.lt J\u016bs\u0173 sveikatai ir gro\u017eiui.","og_description":"Dr\u0117kinanti SKINLOVERS bioceliuliozin\u0117 veido kauk\u0117: skaistina, glotnina, suteikia liftingo ir v\u0117sinant\u012f efekt\u0105. Puikiai tinka greitam odos atgaivinimui.","og_url":"https:\/\/www.malinashop.lt\/lt_lt\/shop\/skinlovers-drekinanti-bioceliuliozine-veido-kauke-1-vnt\/","og_site_name":"MalinaShop.lt J\u016bs\u0173 sveikatai ir gro\u017eiui.","article_modified_time":"2026-02-10T10:11:09+00:00","og_image":[{"width":1000,"height":1000,"url":"https:\/\/www.malinashop.lt\/wp-content\/uploads\/2025\/11\/Mask-ready-scaled-1.jpg","type":"image\/jpeg"}],"twitter_card":"summary_large_image","schema":{"@context":"https:\/\/schema.org","@graph":[{"@type":"WebPage","@id":"https:\/\/www.malinashop.lt\/en\/shop\/skinlovers-drekinanti-bioceliuliozine-veido-kauke-1-vnt\/","url":"https:\/\/www.malinashop.lt\/en\/shop\/skinlovers-drekinanti-bioceliuliozine-veido-kauke-1-vnt\/","name":"SKINLOVERS dr\u0117kinanti bioceliuliozin\u0117 veido kauk\u0117, 1 vnt - MalinaShop.lt J\u016bs\u0173 sveikatai ir gro\u017eiui.","isPartOf":{"@id":"https:\/\/www.malinashop.lt\/#website"},"primaryImageOfPage":{"@id":"https:\/\/www.malinashop.lt\/en\/shop\/skinlovers-drekinanti-bioceliuliozine-veido-kauke-1-vnt\/#primaryimage"},"image":{"@id":"https:\/\/www.malinashop.lt\/en\/shop\/skinlovers-drekinanti-bioceliuliozine-veido-kauke-1-vnt\/#primaryimage"},"thumbnailUrl":"https:\/\/www.malinashop.lt\/wp-content\/uploads\/2025\/11\/Mask-ready-scaled-1.jpg","datePublished":"2025-11-25T14:44:28+00:00","dateModified":"2026-02-10T10:11:09+00:00","description":"Dr\u0117kinanti SKINLOVERS bioceliuliozin\u0117 veido kauk\u0117: skaistina, glotnina, suteikia liftingo ir v\u0117sinant\u012f efekt\u0105. Puikiai tinka greitam odos atgaivinimui.","breadcrumb":{"@id":"https:\/\/www.malinashop.lt\/en\/shop\/skinlovers-drekinanti-bioceliuliozine-veido-kauke-1-vnt\/#breadcrumb"},"inLanguage":"lt-LT","potentialAction":[{"@type":"ReadAction","target":["https:\/\/www.malinashop.lt\/en\/shop\/skinlovers-drekinanti-bioceliuliozine-veido-kauke-1-vnt\/"]}]},{"@type":"ImageObject","inLanguage":"lt-LT","@id":"https:\/\/www.malinashop.lt\/en\/shop\/skinlovers-drekinanti-bioceliuliozine-veido-kauke-1-vnt\/#primaryimage","url":"https:\/\/www.malinashop.lt\/wp-content\/uploads\/2025\/11\/Mask-ready-scaled-1.jpg","contentUrl":"https:\/\/www.malinashop.lt\/wp-content\/uploads\/2025\/11\/Mask-ready-scaled-1.jpg","width":1000,"height":1000},{"@type":"BreadcrumbList","@id":"https:\/\/www.malinashop.lt\/en\/shop\/skinlovers-drekinanti-bioceliuliozine-veido-kauke-1-vnt\/#breadcrumb","itemListElement":[{"@type":"ListItem","position":1,"name":"Pagrindinis","item":"https:\/\/www.malinashop.lt\/"},{"@type":"ListItem","position":2,"name":"Parduotuv\u0117","item":"https:\/\/www.malinashop.lt\/en\/parduotuve\/"},{"@type":"ListItem","position":3,"name":"SKINLOVERS dr\u0117kinanti bioceliuliozin\u0117 veido kauk\u0117, 1 vnt"}]},{"@type":"WebSite","@id":"https:\/\/www.malinashop.lt\/#website","url":"https:\/\/www.malinashop.lt\/","name":"COM Group Ecommerce","description":"MalinaShop.lt - Gro\u017eio ir sveikatos produktai i\u0161 patikim\u0173 preki\u0173 \u017eenkl\u0173. Atraskite auk\u0161tos kokyb\u0117s kosmetik\u0105 u\u017e puiki\u0105 kain\u0105.","publisher":{"@id":"https:\/\/www.malinashop.lt\/#organization"},"potentialAction":[{"@type":"SearchAction","target":{"@type":"EntryPoint","urlTemplate":"https:\/\/www.malinashop.lt\/?s={search_term_string}"},"query-input":{"@type":"PropertyValueSpecification","valueRequired":true,"valueName":"search_term_string"}}],"inLanguage":"lt-LT"},{"@type":"Organization","@id":"https:\/\/www.malinashop.lt\/#organization","name":"COM Group Ecommerce","url":"https:\/\/www.malinashop.lt\/","logo":{"@type":"ImageObject","inLanguage":"lt-LT","@id":"https:\/\/www.malinashop.lt\/#\/schema\/logo\/image\/","url":"https:\/\/www.malinashop.lt\/wp-content\/uploads\/2024\/08\/462559670_3787732518133670_9795632669273463_n-e1731525914575.png","contentUrl":"https:\/\/www.malinashop.lt\/wp-content\/uploads\/2024\/08\/462559670_3787732518133670_9795632669273463_n-e1731525914575.png","width":180,"height":60,"caption":"COM Group Ecommerce"},"image":{"@id":"https:\/\/www.malinashop.lt\/#\/schema\/logo\/image\/"}}]}},"jetpack_sharing_enabled":true,"_links":{"self":[{"href":"https:\/\/www.malinashop.lt\/lt_lt\/wp-json\/wp\/v2\/product\/69125","targetHints":{"allow":["GET"]}}],"collection":[{"href":"https:\/\/www.malinashop.lt\/lt_lt\/wp-json\/wp\/v2\/product"}],"about":[{"href":"https:\/\/www.malinashop.lt\/lt_lt\/wp-json\/wp\/v2\/types\/product"}],"version-history":[{"count":2,"href":"https:\/\/www.malinashop.lt\/lt_lt\/wp-json\/wp\/v2\/product\/69125\/revisions"}],"predecessor-version":[{"id":72019,"href":"https:\/\/www.malinashop.lt\/lt_lt\/wp-json\/wp\/v2\/product\/69125\/revisions\/72019"}],"wp:featuredmedia":[{"embeddable":true,"href":"https:\/\/www.malinashop.lt\/lt_lt\/wp-json\/wp\/v2\/media\/69127"}],"wp:attachment":[{"href":"https:\/\/www.malinashop.lt\/lt_lt\/wp-json\/wp\/v2\/media?parent=69125"}],"wp:term":[{"taxonomy":"product_brand","embeddable":true,"href":"https:\/\/www.malinashop.lt\/lt_lt\/wp-json\/wp\/v2\/product_brand?post=69125"},{"taxonomy":"product_cat","embeddable":true,"href":"https:\/\/www.malinashop.lt\/lt_lt\/wp-json\/wp\/v2\/product_cat?post=69125"},{"taxonomy":"product_tag","embeddable":true,"href":"https:\/\/www.malinashop.lt\/lt_lt\/wp-json\/wp\/v2\/product_tag?post=69125"}],"curies":[{"name":"wp","href":"https:\/\/api.w.org\/{rel}","templated":true}]}}