{"id":69071,"date":"2025-11-25T16:48:39","date_gmt":"2025-11-25T13:48:39","guid":{"rendered":"https:\/\/malinashop.lt\/?post_type=product&#038;p=69071"},"modified":"2026-04-15T09:42:33","modified_gmt":"2026-04-15T06:42:33","slug":"roomoi-pistachio-pleasure-namu-kvapu-difuzoriaus-ir-purskiamo-kvapo-rinkinys-500ml-200ml","status":"publish","type":"product","link":"https:\/\/www.malinashop.lt\/lt_lt\/shop\/roomoi-pistachio-pleasure-namu-kvapu-difuzoriaus-ir-purskiamo-kvapo-rinkinys-500ml-200ml\/","title":{"rendered":"ROOMOI PISTACHIO PLEASURE nam\u0173 kvap\u0173 difuzoriaus ir pur\u0161kiamo kvapo rinkinys, 500ml + 200ml"},"content":{"rendered":"<p data-start=\"454\" data-end=\"843\"><span style=\"color: #000000\">ROOMOI PISTACHIO PLEASURE \u2013 tai gurmani\u0161kas ir ypatingai jaukus aromatas, kuriame subtilios pistacijos dera su sald\u017eia karamele ir kreminiais vanil\u0117s akcentais. Kvapas balansuoja tarp eleganti\u0161ko saldumo ir modernios prabangos, tod\u0117l puikiai tinka tiek kasdienai, tiek ypatingoms progoms. Aromatas pripildo namus jaukumo, kvie\u010dia atsipalaiduoti ir m\u0117gautis akimirka.<\/span><\/p>\n<p data-start=\"845\" data-end=\"1182\"><span style=\"color: #000000\">Rinkin\u012f sudaro nam\u0173 kvap\u0173 difuzorius (500 ml) ir pur\u0161kiamas nam\u0173 kvapas (200 ml). Difuzorius supiltas \u012f juodo d\u016bminio stiklo talp\u0105, pasi\u017eymin\u010di\u0105 minimalistiniu, prabangiu dizainu, lengvai deran\u010diu prie bet kokio interjero. Pur\u0161kiamas kvapas leid\u017eia greitai suteikti patalpai norim\u0105 aromat\u0105 \u2013 puikiai tinka namams, automobiliui ar biurui.<\/span><\/p>\n<p data-start=\"1184\" data-end=\"1393\"><span style=\"color: #000000\">Kartu pridedamos ekologi\u0161kos ROOMOI lazdel\u0117s, kurios padeda u\u017etikrinti optimal\u0173 kvapo sklidim\u0105. Visi ROOMOI kvapai \u2013 difuzoriai sukurti Italijoje, atkreipiant d\u0117mes\u012f \u012f kokyb\u0119, aromat\u0173 sodrum\u0105 ir ilgaam\u017ei\u0161kum\u0105.<\/span><\/p>\n<p data-start=\"1395\" data-end=\"1644\"><span style=\"color: #000000\"><strong data-start=\"1395\" data-end=\"1412\">Aromato natos<\/strong><\/span><br data-start=\"1412\" data-end=\"1415\" \/><span style=\"color: #000000\">Vir\u0161utin\u0117s natos \u2013 bergamot\u0117, persikas, pistacijos, kardamonas, aviet\u0117<\/span><br data-start=\"1485\" data-end=\"1488\" \/><span style=\"color: #000000\">Vidurin\u0117s natos \u2013 baltos g\u0117l\u0117s, na\u0161lait\u0117, pakalnut\u0117, heliotropas, pelargonija<\/span><br data-start=\"1565\" data-end=\"1568\" \/><span style=\"color: #000000\">Bazin\u0117s natos \u2013 plakta grietin\u0117l\u0117, vanil\u0117, karamel\u0117, tonka pupel\u0117s, santalas<\/span><\/p>\n<p data-path-to-node=\"2\"><b data-path-to-node=\"2\" data-index-in-node=\"0\">Naudojimas ir savyb\u0117s<\/b><\/p>\n<p data-path-to-node=\"3\"><b data-path-to-node=\"3\" data-index-in-node=\"0\">ROOMOI<\/b> nam\u0173 kvapai sukurti tam, kad skleist\u0173si tolygiai ir i\u0161likt\u0173 ilgai. Intensyvi kvap\u0173 kompozicija suteikia \u0161velnios prabangos poj\u016bt\u012f, o kruop\u0161\u010diai parinktos natos paver\u010dia aromat\u0105 ramiu, ta\u010diau nepaprastai sodriu. Pagamintas Italijoje, \u0161is kvapas pasi\u017eymi auk\u0161\u010diausia kokybe, aromato stabilumu ir ilgaam\u017ei\u0161kumu, tod\u0117l j\u016bs\u0173 namai visada skleis i\u0161skirtin\u0119 \u0161ilum\u0105 ir elegancij\u0105.<\/p>\n<p data-path-to-node=\"4\"><b data-path-to-node=\"4\" data-index-in-node=\"0\">I\u0161laikymas ir praktiniai patarimai:<\/b> Gamintojas nurodo, kad <b data-path-to-node=\"4\" data-index-in-node=\"59\">500 ml<\/b> talpos difuzorius vidutini\u0161kai tarnauja <b data-path-to-node=\"4\" data-index-in-node=\"106\">3\u20134 m\u0117nesius<\/b>. Ta\u010diau svarbu atkreipti d\u0117mes\u012f, kad kvapas gali i\u0161garuoti grei\u010diau d\u0117l \u0161i\u0173 prie\u017eas\u010di\u0173:<\/p>\n<ul data-path-to-node=\"5\">\n<li>\n<p data-path-to-node=\"5,0,0\"><b data-path-to-node=\"5,0,0\" data-index-in-node=\"0\">Patalpos dydis:<\/b> Didesn\u0117je erdv\u0117je skystis garuoja intensyviau.<\/p>\n<\/li>\n<li>\n<p data-path-to-node=\"5,1,0\"><b data-path-to-node=\"5,1,0\" data-index-in-node=\"0\">Aplinkos veiksniai:<\/b> Tiesioginiai saul\u0117s spinduliai, dr\u0117gm\u0117, skersv\u0117jis ar \u0161alia esantys \u0161ilumos \u0161altiniai pagreitina garavimo proces\u0105.<\/p>\n<\/li>\n<li>\n<p data-path-to-node=\"5,2,0\"><b data-path-to-node=\"5,2,0\" data-index-in-node=\"0\">Lazdeli\u0173 kiekis:<\/b> Kuo daugiau lazdeli\u0173 naudojate, tuo intensyviau sklis kvapas, ta\u010diau skystis i\u0161garuos grei\u010diau.<\/p>\n<\/li>\n<\/ul>\n<p data-path-to-node=\"6\"><b data-path-to-node=\"6\" data-index-in-node=\"0\">Svarbi informacija d\u0117l nauj\u0173 rinkini\u0173:<\/b> Atkreipiame d\u0117mes\u012f, kad naujuose rinkiniuose (<b data-path-to-node=\"6\" data-index-in-node=\"85\">500 ml + 200 ml<\/b> bei <b data-path-to-node=\"6\" data-index-in-node=\"105\">200 ml + 100 ml<\/b>) naudojamos <b data-path-to-node=\"6\" data-index-in-node=\"133\">atnaujinto tipo lazdel\u0117s<\/b>. Jos pasi\u017eymi dar efektyvesne sklaida, tod\u0117l rekomenduojame <b data-path-to-node=\"6\" data-index-in-node=\"218\">naudoti ma\u017eesn\u012f kiek\u012f lazdeli\u0173<\/b>. Reguliuodami j\u0173 kiek\u012f, lengvai rasite ideal\u0173 balans\u0105 tarp norimo aromato stiprumo ir produkto ilgaam\u017ei\u0161kumo.<\/p>\n","protected":false},"excerpt":{"rendered":"<p>Gurmani\u0161kas pistacij\u0173, karamel\u0117s ir vanil\u0117s aromatas, sukuriantis jauki\u0105, \u0161ilt\u0105 ir prabangi\u0105 atmosferij\u0105 j\u016bs\u0173 namuose.<\/p>\n","protected":false},"featured_media":69072,"template":"","meta":[],"product_brand":[552],"product_cat":[1137,1140,573,1395],"product_tag":[1153],"class_list":{"0":"post-69071","1":"product","2":"type-product","3":"status-publish","4":"has-post-thumbnail","6":"product_brand-roomoi","7":"product_cat-dovanos","8":"product_cat-namu-kvapai","9":"product_cat-namu-kvapai-2","10":"product_cat-rinkiniai","11":"product_tag-roomoi","13":"first","14":"outofstock","15":"sale","16":"taxable","17":"shipping-taxable","18":"purchasable","19":"product-type-simple"},"yoast_head":"<!-- This site is optimized with the Yoast SEO plugin v27.4 - https:\/\/yoast.com\/product\/yoast-seo-wordpress\/ -->\n<title>ROOMOI PISTACHIO PLEASURE nam\u0173 kvap\u0173 difuzoriaus ir pur\u0161kiamo kvapo rinkinys, 500ml + 200ml - MalinaShop.lt J\u016bs\u0173 sveikatai ir gro\u017eiui.<\/title>\n<meta name=\"description\" content=\"ROOMOI PISTACHIO PLEASURE \u2013 prabangus pistacij\u0173, vanil\u0117s ir karamel\u0117s kvapas su difuzoriumi ir pur\u0161kiamu aromatu. Jaukumas ir elegancija j\u016bs\u0173 namams.\" \/>\n<meta name=\"robots\" content=\"index, follow, max-snippet:-1, max-image-preview:large, max-video-preview:-1\" \/>\n<link rel=\"canonical\" href=\"https:\/\/www.malinashop.lt\/lt_lt\/shop\/roomoi-pistachio-pleasure-namu-kvapu-difuzoriaus-ir-purskiamo-kvapo-rinkinys-500ml-200ml\/\" \/>\n<meta property=\"og:locale\" content=\"lt_LT\" \/>\n<meta property=\"og:type\" content=\"article\" \/>\n<meta property=\"og:title\" content=\"ROOMOI PISTACHIO PLEASURE nam\u0173 kvap\u0173 difuzoriaus ir pur\u0161kiamo kvapo rinkinys, 500ml + 200ml - MalinaShop.lt J\u016bs\u0173 sveikatai ir gro\u017eiui.\" \/>\n<meta property=\"og:description\" content=\"ROOMOI PISTACHIO PLEASURE \u2013 prabangus pistacij\u0173, vanil\u0117s ir karamel\u0117s kvapas su difuzoriumi ir pur\u0161kiamu aromatu. Jaukumas ir elegancija j\u016bs\u0173 namams.\" \/>\n<meta property=\"og:url\" content=\"https:\/\/www.malinashop.lt\/lt_lt\/shop\/roomoi-pistachio-pleasure-namu-kvapu-difuzoriaus-ir-purskiamo-kvapo-rinkinys-500ml-200ml\/\" \/>\n<meta property=\"og:site_name\" content=\"MalinaShop.lt J\u016bs\u0173 sveikatai ir gro\u017eiui.\" \/>\n<meta property=\"article:modified_time\" content=\"2026-04-15T06:42:33+00:00\" \/>\n<meta property=\"og:image\" content=\"https:\/\/www.malinashop.lt\/wp-content\/uploads\/2025\/11\/ROOMOI-PISTACHIO-PLEASURE-namu-kvapu-difuzoriaus-ir-purskiamo-kvapo-rinkinys-500ml-200ml.webp\" \/>\n\t<meta property=\"og:image:width\" content=\"768\" \/>\n\t<meta property=\"og:image:height\" content=\"768\" \/>\n\t<meta property=\"og:image:type\" content=\"image\/webp\" \/>\n<meta name=\"twitter:card\" content=\"summary_large_image\" \/>\n<script type=\"application\/ld+json\" class=\"yoast-schema-graph\">{\"@context\":\"https:\\\/\\\/schema.org\",\"@graph\":[{\"@type\":\"WebPage\",\"@id\":\"https:\\\/\\\/www.malinashop.lt\\\/lt_lt\\\/shop\\\/roomoi-pistachio-pleasure-namu-kvapu-difuzoriaus-ir-purskiamo-kvapo-rinkinys-500ml-200ml\\\/\",\"url\":\"https:\\\/\\\/www.malinashop.lt\\\/lt_lt\\\/shop\\\/roomoi-pistachio-pleasure-namu-kvapu-difuzoriaus-ir-purskiamo-kvapo-rinkinys-500ml-200ml\\\/\",\"name\":\"ROOMOI PISTACHIO PLEASURE nam\u0173 kvap\u0173 difuzoriaus ir pur\u0161kiamo kvapo rinkinys, 500ml + 200ml - MalinaShop.lt J\u016bs\u0173 sveikatai ir gro\u017eiui.\",\"isPartOf\":{\"@id\":\"https:\\\/\\\/www.malinashop.lt\\\/#website\"},\"primaryImageOfPage\":{\"@id\":\"https:\\\/\\\/www.malinashop.lt\\\/lt_lt\\\/shop\\\/roomoi-pistachio-pleasure-namu-kvapu-difuzoriaus-ir-purskiamo-kvapo-rinkinys-500ml-200ml\\\/#primaryimage\"},\"image\":{\"@id\":\"https:\\\/\\\/www.malinashop.lt\\\/lt_lt\\\/shop\\\/roomoi-pistachio-pleasure-namu-kvapu-difuzoriaus-ir-purskiamo-kvapo-rinkinys-500ml-200ml\\\/#primaryimage\"},\"thumbnailUrl\":\"https:\\\/\\\/www.malinashop.lt\\\/wp-content\\\/uploads\\\/2025\\\/11\\\/ROOMOI-PISTACHIO-PLEASURE-namu-kvapu-difuzoriaus-ir-purskiamo-kvapo-rinkinys-500ml-200ml.webp\",\"datePublished\":\"2025-11-25T13:48:39+00:00\",\"dateModified\":\"2026-04-15T06:42:33+00:00\",\"description\":\"ROOMOI PISTACHIO PLEASURE \u2013 prabangus pistacij\u0173, vanil\u0117s ir karamel\u0117s kvapas su difuzoriumi ir pur\u0161kiamu aromatu. Jaukumas ir elegancija j\u016bs\u0173 namams.\",\"breadcrumb\":{\"@id\":\"https:\\\/\\\/www.malinashop.lt\\\/lt_lt\\\/shop\\\/roomoi-pistachio-pleasure-namu-kvapu-difuzoriaus-ir-purskiamo-kvapo-rinkinys-500ml-200ml\\\/#breadcrumb\"},\"inLanguage\":\"lt-LT\",\"potentialAction\":[{\"@type\":\"ReadAction\",\"target\":[\"https:\\\/\\\/www.malinashop.lt\\\/lt_lt\\\/shop\\\/roomoi-pistachio-pleasure-namu-kvapu-difuzoriaus-ir-purskiamo-kvapo-rinkinys-500ml-200ml\\\/\"]}]},{\"@type\":\"ImageObject\",\"inLanguage\":\"lt-LT\",\"@id\":\"https:\\\/\\\/www.malinashop.lt\\\/lt_lt\\\/shop\\\/roomoi-pistachio-pleasure-namu-kvapu-difuzoriaus-ir-purskiamo-kvapo-rinkinys-500ml-200ml\\\/#primaryimage\",\"url\":\"https:\\\/\\\/www.malinashop.lt\\\/wp-content\\\/uploads\\\/2025\\\/11\\\/ROOMOI-PISTACHIO-PLEASURE-namu-kvapu-difuzoriaus-ir-purskiamo-kvapo-rinkinys-500ml-200ml.webp\",\"contentUrl\":\"https:\\\/\\\/www.malinashop.lt\\\/wp-content\\\/uploads\\\/2025\\\/11\\\/ROOMOI-PISTACHIO-PLEASURE-namu-kvapu-difuzoriaus-ir-purskiamo-kvapo-rinkinys-500ml-200ml.webp\",\"width\":768,\"height\":768},{\"@type\":\"BreadcrumbList\",\"@id\":\"https:\\\/\\\/www.malinashop.lt\\\/lt_lt\\\/shop\\\/roomoi-pistachio-pleasure-namu-kvapu-difuzoriaus-ir-purskiamo-kvapo-rinkinys-500ml-200ml\\\/#breadcrumb\",\"itemListElement\":[{\"@type\":\"ListItem\",\"position\":1,\"name\":\"Pagrindinis\",\"item\":\"https:\\\/\\\/www.malinashop.lt\\\/\"},{\"@type\":\"ListItem\",\"position\":2,\"name\":\"Parduotuv\u0117\",\"item\":\"https:\\\/\\\/www.malinashop.lt\\\/en\\\/parduotuve\\\/\"},{\"@type\":\"ListItem\",\"position\":3,\"name\":\"ROOMOI PISTACHIO PLEASURE nam\u0173 kvap\u0173 difuzoriaus ir pur\u0161kiamo kvapo rinkinys, 500ml + 200ml\"}]},{\"@type\":\"WebSite\",\"@id\":\"https:\\\/\\\/www.malinashop.lt\\\/#website\",\"url\":\"https:\\\/\\\/www.malinashop.lt\\\/\",\"name\":\"COM Group Ecommerce\",\"description\":\"MalinaShop.lt - Gro\u017eio ir sveikatos produktai i\u0161 patikim\u0173 preki\u0173 \u017eenkl\u0173. Atraskite auk\u0161tos kokyb\u0117s kosmetik\u0105 u\u017e puiki\u0105 kain\u0105.\",\"publisher\":{\"@id\":\"https:\\\/\\\/www.malinashop.lt\\\/#organization\"},\"potentialAction\":[{\"@type\":\"SearchAction\",\"target\":{\"@type\":\"EntryPoint\",\"urlTemplate\":\"https:\\\/\\\/www.malinashop.lt\\\/?s={search_term_string}\"},\"query-input\":{\"@type\":\"PropertyValueSpecification\",\"valueRequired\":true,\"valueName\":\"search_term_string\"}}],\"inLanguage\":\"lt-LT\"},{\"@type\":\"Organization\",\"@id\":\"https:\\\/\\\/www.malinashop.lt\\\/#organization\",\"name\":\"COM Group Ecommerce\",\"url\":\"https:\\\/\\\/www.malinashop.lt\\\/\",\"logo\":{\"@type\":\"ImageObject\",\"inLanguage\":\"lt-LT\",\"@id\":\"https:\\\/\\\/www.malinashop.lt\\\/#\\\/schema\\\/logo\\\/image\\\/\",\"url\":\"https:\\\/\\\/www.malinashop.lt\\\/wp-content\\\/uploads\\\/2024\\\/08\\\/462559670_3787732518133670_9795632669273463_n-e1731525914575.png\",\"contentUrl\":\"https:\\\/\\\/www.malinashop.lt\\\/wp-content\\\/uploads\\\/2024\\\/08\\\/462559670_3787732518133670_9795632669273463_n-e1731525914575.png\",\"width\":180,\"height\":60,\"caption\":\"COM Group Ecommerce\"},\"image\":{\"@id\":\"https:\\\/\\\/www.malinashop.lt\\\/#\\\/schema\\\/logo\\\/image\\\/\"}}]}<\/script>\n<!-- \/ Yoast SEO plugin. -->","yoast_head_json":{"title":"ROOMOI PISTACHIO PLEASURE nam\u0173 kvap\u0173 difuzoriaus ir pur\u0161kiamo kvapo rinkinys, 500ml + 200ml - MalinaShop.lt J\u016bs\u0173 sveikatai ir gro\u017eiui.","description":"ROOMOI PISTACHIO PLEASURE \u2013 prabangus pistacij\u0173, vanil\u0117s ir karamel\u0117s kvapas su difuzoriumi ir pur\u0161kiamu aromatu. Jaukumas ir elegancija j\u016bs\u0173 namams.","robots":{"index":"index","follow":"follow","max-snippet":"max-snippet:-1","max-image-preview":"max-image-preview:large","max-video-preview":"max-video-preview:-1"},"canonical":"https:\/\/www.malinashop.lt\/lt_lt\/shop\/roomoi-pistachio-pleasure-namu-kvapu-difuzoriaus-ir-purskiamo-kvapo-rinkinys-500ml-200ml\/","og_locale":"lt_LT","og_type":"article","og_title":"ROOMOI PISTACHIO PLEASURE nam\u0173 kvap\u0173 difuzoriaus ir pur\u0161kiamo kvapo rinkinys, 500ml + 200ml - MalinaShop.lt J\u016bs\u0173 sveikatai ir gro\u017eiui.","og_description":"ROOMOI PISTACHIO PLEASURE \u2013 prabangus pistacij\u0173, vanil\u0117s ir karamel\u0117s kvapas su difuzoriumi ir pur\u0161kiamu aromatu. Jaukumas ir elegancija j\u016bs\u0173 namams.","og_url":"https:\/\/www.malinashop.lt\/lt_lt\/shop\/roomoi-pistachio-pleasure-namu-kvapu-difuzoriaus-ir-purskiamo-kvapo-rinkinys-500ml-200ml\/","og_site_name":"MalinaShop.lt J\u016bs\u0173 sveikatai ir gro\u017eiui.","article_modified_time":"2026-04-15T06:42:33+00:00","og_image":[{"width":768,"height":768,"url":"https:\/\/www.malinashop.lt\/wp-content\/uploads\/2025\/11\/ROOMOI-PISTACHIO-PLEASURE-namu-kvapu-difuzoriaus-ir-purskiamo-kvapo-rinkinys-500ml-200ml.webp","type":"image\/webp"}],"twitter_card":"summary_large_image","schema":{"@context":"https:\/\/schema.org","@graph":[{"@type":"WebPage","@id":"https:\/\/www.malinashop.lt\/lt_lt\/shop\/roomoi-pistachio-pleasure-namu-kvapu-difuzoriaus-ir-purskiamo-kvapo-rinkinys-500ml-200ml\/","url":"https:\/\/www.malinashop.lt\/lt_lt\/shop\/roomoi-pistachio-pleasure-namu-kvapu-difuzoriaus-ir-purskiamo-kvapo-rinkinys-500ml-200ml\/","name":"ROOMOI PISTACHIO PLEASURE nam\u0173 kvap\u0173 difuzoriaus ir pur\u0161kiamo kvapo rinkinys, 500ml + 200ml - MalinaShop.lt J\u016bs\u0173 sveikatai ir gro\u017eiui.","isPartOf":{"@id":"https:\/\/www.malinashop.lt\/#website"},"primaryImageOfPage":{"@id":"https:\/\/www.malinashop.lt\/lt_lt\/shop\/roomoi-pistachio-pleasure-namu-kvapu-difuzoriaus-ir-purskiamo-kvapo-rinkinys-500ml-200ml\/#primaryimage"},"image":{"@id":"https:\/\/www.malinashop.lt\/lt_lt\/shop\/roomoi-pistachio-pleasure-namu-kvapu-difuzoriaus-ir-purskiamo-kvapo-rinkinys-500ml-200ml\/#primaryimage"},"thumbnailUrl":"https:\/\/www.malinashop.lt\/wp-content\/uploads\/2025\/11\/ROOMOI-PISTACHIO-PLEASURE-namu-kvapu-difuzoriaus-ir-purskiamo-kvapo-rinkinys-500ml-200ml.webp","datePublished":"2025-11-25T13:48:39+00:00","dateModified":"2026-04-15T06:42:33+00:00","description":"ROOMOI PISTACHIO PLEASURE \u2013 prabangus pistacij\u0173, vanil\u0117s ir karamel\u0117s kvapas su difuzoriumi ir pur\u0161kiamu aromatu. Jaukumas ir elegancija j\u016bs\u0173 namams.","breadcrumb":{"@id":"https:\/\/www.malinashop.lt\/lt_lt\/shop\/roomoi-pistachio-pleasure-namu-kvapu-difuzoriaus-ir-purskiamo-kvapo-rinkinys-500ml-200ml\/#breadcrumb"},"inLanguage":"lt-LT","potentialAction":[{"@type":"ReadAction","target":["https:\/\/www.malinashop.lt\/lt_lt\/shop\/roomoi-pistachio-pleasure-namu-kvapu-difuzoriaus-ir-purskiamo-kvapo-rinkinys-500ml-200ml\/"]}]},{"@type":"ImageObject","inLanguage":"lt-LT","@id":"https:\/\/www.malinashop.lt\/lt_lt\/shop\/roomoi-pistachio-pleasure-namu-kvapu-difuzoriaus-ir-purskiamo-kvapo-rinkinys-500ml-200ml\/#primaryimage","url":"https:\/\/www.malinashop.lt\/wp-content\/uploads\/2025\/11\/ROOMOI-PISTACHIO-PLEASURE-namu-kvapu-difuzoriaus-ir-purskiamo-kvapo-rinkinys-500ml-200ml.webp","contentUrl":"https:\/\/www.malinashop.lt\/wp-content\/uploads\/2025\/11\/ROOMOI-PISTACHIO-PLEASURE-namu-kvapu-difuzoriaus-ir-purskiamo-kvapo-rinkinys-500ml-200ml.webp","width":768,"height":768},{"@type":"BreadcrumbList","@id":"https:\/\/www.malinashop.lt\/lt_lt\/shop\/roomoi-pistachio-pleasure-namu-kvapu-difuzoriaus-ir-purskiamo-kvapo-rinkinys-500ml-200ml\/#breadcrumb","itemListElement":[{"@type":"ListItem","position":1,"name":"Pagrindinis","item":"https:\/\/www.malinashop.lt\/"},{"@type":"ListItem","position":2,"name":"Parduotuv\u0117","item":"https:\/\/www.malinashop.lt\/en\/parduotuve\/"},{"@type":"ListItem","position":3,"name":"ROOMOI PISTACHIO PLEASURE nam\u0173 kvap\u0173 difuzoriaus ir pur\u0161kiamo kvapo rinkinys, 500ml + 200ml"}]},{"@type":"WebSite","@id":"https:\/\/www.malinashop.lt\/#website","url":"https:\/\/www.malinashop.lt\/","name":"COM Group Ecommerce","description":"MalinaShop.lt - Gro\u017eio ir sveikatos produktai i\u0161 patikim\u0173 preki\u0173 \u017eenkl\u0173. Atraskite auk\u0161tos kokyb\u0117s kosmetik\u0105 u\u017e puiki\u0105 kain\u0105.","publisher":{"@id":"https:\/\/www.malinashop.lt\/#organization"},"potentialAction":[{"@type":"SearchAction","target":{"@type":"EntryPoint","urlTemplate":"https:\/\/www.malinashop.lt\/?s={search_term_string}"},"query-input":{"@type":"PropertyValueSpecification","valueRequired":true,"valueName":"search_term_string"}}],"inLanguage":"lt-LT"},{"@type":"Organization","@id":"https:\/\/www.malinashop.lt\/#organization","name":"COM Group Ecommerce","url":"https:\/\/www.malinashop.lt\/","logo":{"@type":"ImageObject","inLanguage":"lt-LT","@id":"https:\/\/www.malinashop.lt\/#\/schema\/logo\/image\/","url":"https:\/\/www.malinashop.lt\/wp-content\/uploads\/2024\/08\/462559670_3787732518133670_9795632669273463_n-e1731525914575.png","contentUrl":"https:\/\/www.malinashop.lt\/wp-content\/uploads\/2024\/08\/462559670_3787732518133670_9795632669273463_n-e1731525914575.png","width":180,"height":60,"caption":"COM Group Ecommerce"},"image":{"@id":"https:\/\/www.malinashop.lt\/#\/schema\/logo\/image\/"}}]}},"jetpack_sharing_enabled":true,"_links":{"self":[{"href":"https:\/\/www.malinashop.lt\/lt_lt\/wp-json\/wp\/v2\/product\/69071","targetHints":{"allow":["GET"]}}],"collection":[{"href":"https:\/\/www.malinashop.lt\/lt_lt\/wp-json\/wp\/v2\/product"}],"about":[{"href":"https:\/\/www.malinashop.lt\/lt_lt\/wp-json\/wp\/v2\/types\/product"}],"version-history":[{"count":4,"href":"https:\/\/www.malinashop.lt\/lt_lt\/wp-json\/wp\/v2\/product\/69071\/revisions"}],"predecessor-version":[{"id":76970,"href":"https:\/\/www.malinashop.lt\/lt_lt\/wp-json\/wp\/v2\/product\/69071\/revisions\/76970"}],"wp:featuredmedia":[{"embeddable":true,"href":"https:\/\/www.malinashop.lt\/lt_lt\/wp-json\/wp\/v2\/media\/69072"}],"wp:attachment":[{"href":"https:\/\/www.malinashop.lt\/lt_lt\/wp-json\/wp\/v2\/media?parent=69071"}],"wp:term":[{"taxonomy":"product_brand","embeddable":true,"href":"https:\/\/www.malinashop.lt\/lt_lt\/wp-json\/wp\/v2\/product_brand?post=69071"},{"taxonomy":"product_cat","embeddable":true,"href":"https:\/\/www.malinashop.lt\/lt_lt\/wp-json\/wp\/v2\/product_cat?post=69071"},{"taxonomy":"product_tag","embeddable":true,"href":"https:\/\/www.malinashop.lt\/lt_lt\/wp-json\/wp\/v2\/product_tag?post=69071"}],"curies":[{"name":"wp","href":"https:\/\/api.w.org\/{rel}","templated":true}]}}