{"id":69067,"date":"2025-11-25T17:30:57","date_gmt":"2025-11-25T14:30:57","guid":{"rendered":"https:\/\/malinashop.lt\/?post_type=product&#038;p=69067"},"modified":"2026-02-10T13:11:09","modified_gmt":"2026-02-10T10:11:09","slug":"rinkinys-skinlovers-4-zingsniu-veido-prieziuros-rinkinys-odai-su-berimais-ir-inkstirais","status":"publish","type":"product","link":"https:\/\/www.malinashop.lt\/lt_lt\/shop\/rinkinys-skinlovers-4-zingsniu-veido-prieziuros-rinkinys-odai-su-berimais-ir-inkstirais\/","title":{"rendered":"SKINLOVERS 4 \u017eingsni\u0173 veido prie\u017ei\u016bros rinkinys odai su b\u0117rimais ir ink\u0161tirais"},"content":{"rendered":"<p data-start=\"266\" data-end=\"620\"><strong data-start=\"266\" data-end=\"317\">SKINLOVERS 4 \u017eingsni\u0173 veido prie\u017ei\u016bros rinkinys<\/strong> \u2013 tai subalansuota rutina odai, kuriai b\u016bdingi b\u0117rimai, ink\u0161tirai ir perteklinis riebal\u0173 i\u0161siskyrimas. Kruop\u0161\u010diai atrinkti produktai veikia sinergi\u0161kai: \u0161velniai valo, eksfoliuoja, reguliuoja sebumo gamyb\u0105, ma\u017eina u\u017edegiminius procesus ir intensyviai dr\u0117kina od\u0105, nepa\u017eeisdami jos apsauginio barjero.<\/p>\n<p data-start=\"622\" data-end=\"940\">\u0160i veido prie\u017ei\u016bros sistema padeda suma\u017einti b\u0117rim\u0173 atsiradim\u0105, subalansuoja odos riebal\u0173 pusiausvyr\u0105 ir gerina bendr\u0105 odos b\u016bkl\u0119 \u2013 tonus\u0105, skaistum\u0105 ir tekst\u016br\u0105. Rinkinyje esantys lengvos formul\u0117s ir por\u0173 nekem\u0161antys produktai skirti kasdieniam naudojimui, tod\u0117l puikiai tinka mi\u0161riai, riebiai bei probleminei odai.<\/p>\n<h4 data-start=\"942\" data-end=\"965\"><strong data-start=\"946\" data-end=\"965\">Rinkin\u012f sudaro:<\/strong><\/h4>\n<p data-start=\"967\" data-end=\"1175\"><strong data-start=\"967\" data-end=\"1025\">1. SKINLOVERS #1 \u0161velnus veido odos prausiklis, 100 ml<\/strong><\/p>\n<p data-start=\"1177\" data-end=\"1417\"><strong data-start=\"1177\" data-end=\"1253\">2. SKINLOVERS #2 eksfoliuojantis veido losjonas su AHA r\u016bg\u0161timis, 100 ml<\/strong><\/p>\n<p data-start=\"1419\" data-end=\"1638\"><strong data-start=\"1419\" data-end=\"1493\">3. SKINLOVERS #3\u2019c \u0161varios odos serumas \u2013 b\u0117rim\u0173 ir ink\u0161tir\u0173 ma\u017einimui<\/strong><\/p>\n<p data-start=\"1640\" data-end=\"1884\"><strong data-start=\"1640\" data-end=\"1723\">4. SKINLOVERS #4 lengvos tekst\u016bros kremas su beta gliukanu ir pantenoliu, 30 ml<\/strong><\/p>\n<h4 data-start=\"1886\" data-end=\"1905\"><strong data-start=\"1890\" data-end=\"1905\">Nauda odai:<\/strong><\/h4>\n<ul data-start=\"1906\" data-end=\"2139\">\n<li data-start=\"1906\" data-end=\"1937\">\n<p data-start=\"1908\" data-end=\"1937\">Ma\u017eina b\u0117rimus ir ink\u0161tirus<\/p>\n<\/li>\n<li data-start=\"1938\" data-end=\"1967\">\n<p data-start=\"1940\" data-end=\"1967\">Balansuoja riebal\u0173 gamyb\u0105<\/p>\n<\/li>\n<li data-start=\"1968\" data-end=\"2016\">\n<p data-start=\"1970\" data-end=\"2016\">\u0160velniai eksfoliuoja ir gerina odos tekst\u016br\u0105<\/p>\n<\/li>\n<li data-start=\"2017\" data-end=\"2048\">\n<p data-start=\"2019\" data-end=\"2048\">Skaistina, lygina odos ton\u0105<\/p>\n<\/li>\n<li data-start=\"2049\" data-end=\"2085\">\n<p data-start=\"2051\" data-end=\"2085\">Dr\u0117kina ir stiprina odos barjer\u0105<\/p>\n<\/li>\n<li data-start=\"2086\" data-end=\"2139\">\n<p data-start=\"2088\" data-end=\"2139\">Nesausina odos, tod\u0117l tinka net jautresniam tipui<\/p>\n<\/li>\n<\/ul>\n","protected":false},"excerpt":{"rendered":"<p data-start=\"2190\" data-end=\"2450\">Subalansuotas 4 \u017eingsni\u0173 SKINLOVERS veido prie\u017ei\u016bros rinkinys odai su b\u0117rimais ir ink\u0161tirais. Valo, eksfoliuoja, reguliuoja sebumo gamyb\u0105, ma\u017eina u\u017edegimus ir giliai dr\u0117kina, gerindamas bendr\u0105 odos ton\u0105 bei tekst\u016br\u0105. Tinka riebiai, mi\u0161riai ir probleminei odai.<\/p>\n","protected":false},"featured_media":71732,"template":"","meta":[],"product_brand":[1528],"product_cat":[827,728],"product_tag":[1622],"class_list":{"0":"post-69067","1":"product","2":"type-product","3":"status-publish","4":"has-post-thumbnail","6":"product_brand-skinlovers","7":"product_cat-veido-prieziuros-priemoniu-rinkiniai","8":"product_cat-veidui","9":"product_tag-skinlovers","11":"first","12":"instock","13":"purchasable","14":"product-type-simple"},"yoast_head":"<!-- This site is optimized with the Yoast SEO plugin v27.4 - https:\/\/yoast.com\/product\/yoast-seo-wordpress\/ -->\n<title>SKINLOVERS 4 \u017eingsni\u0173 veido prie\u017ei\u016bros rinkinys odai su b\u0117rimais ir ink\u0161tirais - MalinaShop.lt J\u016bs\u0173 sveikatai ir gro\u017eiui.<\/title>\n<meta name=\"description\" content=\"SKINLOVERS 4 \u017eingsni\u0173 veido prie\u017ei\u016bros rinkinys odai su b\u0117rimais ir ink\u0161tirais. Ma\u017eina b\u0117rimus, reguliuoja sebumo gamyb\u0105, \u0161velniai eksfoliuoja ir dr\u0117kina.\" \/>\n<meta name=\"robots\" content=\"index, follow, max-snippet:-1, max-image-preview:large, max-video-preview:-1\" \/>\n<link rel=\"canonical\" href=\"https:\/\/www.malinashop.lt\/lt_lt\/shop\/rinkinys-skinlovers-4-zingsniu-veido-prieziuros-rinkinys-odai-su-berimais-ir-inkstirais\/\" \/>\n<meta property=\"og:locale\" content=\"lt_LT\" \/>\n<meta property=\"og:type\" content=\"article\" \/>\n<meta property=\"og:title\" content=\"SKINLOVERS 4 \u017eingsni\u0173 veido prie\u017ei\u016bros rinkinys odai su b\u0117rimais ir ink\u0161tirais - MalinaShop.lt J\u016bs\u0173 sveikatai ir gro\u017eiui.\" \/>\n<meta property=\"og:description\" content=\"SKINLOVERS 4 \u017eingsni\u0173 veido prie\u017ei\u016bros rinkinys odai su b\u0117rimais ir ink\u0161tirais. Ma\u017eina b\u0117rimus, reguliuoja sebumo gamyb\u0105, \u0161velniai eksfoliuoja ir dr\u0117kina.\" \/>\n<meta property=\"og:url\" content=\"https:\/\/www.malinashop.lt\/lt_lt\/shop\/rinkinys-skinlovers-4-zingsniu-veido-prieziuros-rinkinys-odai-su-berimais-ir-inkstirais\/\" \/>\n<meta property=\"og:site_name\" content=\"MalinaShop.lt J\u016bs\u0173 sveikatai ir gro\u017eiui.\" \/>\n<meta property=\"article:modified_time\" content=\"2026-02-10T10:11:09+00:00\" \/>\n<meta property=\"og:image\" content=\"https:\/\/www.malinashop.lt\/wp-content\/uploads\/2025\/11\/SKINLOVERS-3p-oda-intensyviai-drekinantis-ir-raminantis-serumas-PROTECTING-amp-CALMING-SERUM-15-ml.webp\" \/>\n\t<meta property=\"og:image:width\" content=\"990\" \/>\n\t<meta property=\"og:image:height\" content=\"990\" \/>\n\t<meta property=\"og:image:type\" content=\"image\/webp\" \/>\n<meta name=\"twitter:card\" content=\"summary_large_image\" \/>\n<script type=\"application\/ld+json\" class=\"yoast-schema-graph\">{\"@context\":\"https:\\\/\\\/schema.org\",\"@graph\":[{\"@type\":\"WebPage\",\"@id\":\"https:\\\/\\\/www.malinashop.lt\\\/lt_lt\\\/shop\\\/rinkinys-skinlovers-4-zingsniu-veido-prieziuros-rinkinys-odai-su-berimais-ir-inkstirais\\\/\",\"url\":\"https:\\\/\\\/www.malinashop.lt\\\/lt_lt\\\/shop\\\/rinkinys-skinlovers-4-zingsniu-veido-prieziuros-rinkinys-odai-su-berimais-ir-inkstirais\\\/\",\"name\":\"SKINLOVERS 4 \u017eingsni\u0173 veido prie\u017ei\u016bros rinkinys odai su b\u0117rimais ir ink\u0161tirais - MalinaShop.lt J\u016bs\u0173 sveikatai ir gro\u017eiui.\",\"isPartOf\":{\"@id\":\"https:\\\/\\\/www.malinashop.lt\\\/#website\"},\"primaryImageOfPage\":{\"@id\":\"https:\\\/\\\/www.malinashop.lt\\\/lt_lt\\\/shop\\\/rinkinys-skinlovers-4-zingsniu-veido-prieziuros-rinkinys-odai-su-berimais-ir-inkstirais\\\/#primaryimage\"},\"image\":{\"@id\":\"https:\\\/\\\/www.malinashop.lt\\\/lt_lt\\\/shop\\\/rinkinys-skinlovers-4-zingsniu-veido-prieziuros-rinkinys-odai-su-berimais-ir-inkstirais\\\/#primaryimage\"},\"thumbnailUrl\":\"https:\\\/\\\/www.malinashop.lt\\\/wp-content\\\/uploads\\\/2025\\\/11\\\/SKINLOVERS-3p-oda-intensyviai-drekinantis-ir-raminantis-serumas-PROTECTING-amp-CALMING-SERUM-15-ml.webp\",\"datePublished\":\"2025-11-25T14:30:57+00:00\",\"dateModified\":\"2026-02-10T10:11:09+00:00\",\"description\":\"SKINLOVERS 4 \u017eingsni\u0173 veido prie\u017ei\u016bros rinkinys odai su b\u0117rimais ir ink\u0161tirais. Ma\u017eina b\u0117rimus, reguliuoja sebumo gamyb\u0105, \u0161velniai eksfoliuoja ir dr\u0117kina.\",\"breadcrumb\":{\"@id\":\"https:\\\/\\\/www.malinashop.lt\\\/lt_lt\\\/shop\\\/rinkinys-skinlovers-4-zingsniu-veido-prieziuros-rinkinys-odai-su-berimais-ir-inkstirais\\\/#breadcrumb\"},\"inLanguage\":\"lt-LT\",\"potentialAction\":[{\"@type\":\"ReadAction\",\"target\":[\"https:\\\/\\\/www.malinashop.lt\\\/lt_lt\\\/shop\\\/rinkinys-skinlovers-4-zingsniu-veido-prieziuros-rinkinys-odai-su-berimais-ir-inkstirais\\\/\"]}]},{\"@type\":\"ImageObject\",\"inLanguage\":\"lt-LT\",\"@id\":\"https:\\\/\\\/www.malinashop.lt\\\/lt_lt\\\/shop\\\/rinkinys-skinlovers-4-zingsniu-veido-prieziuros-rinkinys-odai-su-berimais-ir-inkstirais\\\/#primaryimage\",\"url\":\"https:\\\/\\\/www.malinashop.lt\\\/wp-content\\\/uploads\\\/2025\\\/11\\\/SKINLOVERS-3p-oda-intensyviai-drekinantis-ir-raminantis-serumas-PROTECTING-amp-CALMING-SERUM-15-ml.webp\",\"contentUrl\":\"https:\\\/\\\/www.malinashop.lt\\\/wp-content\\\/uploads\\\/2025\\\/11\\\/SKINLOVERS-3p-oda-intensyviai-drekinantis-ir-raminantis-serumas-PROTECTING-amp-CALMING-SERUM-15-ml.webp\",\"width\":990,\"height\":990},{\"@type\":\"BreadcrumbList\",\"@id\":\"https:\\\/\\\/www.malinashop.lt\\\/lt_lt\\\/shop\\\/rinkinys-skinlovers-4-zingsniu-veido-prieziuros-rinkinys-odai-su-berimais-ir-inkstirais\\\/#breadcrumb\",\"itemListElement\":[{\"@type\":\"ListItem\",\"position\":1,\"name\":\"Pagrindinis\",\"item\":\"https:\\\/\\\/www.malinashop.lt\\\/\"},{\"@type\":\"ListItem\",\"position\":2,\"name\":\"Parduotuv\u0117\",\"item\":\"https:\\\/\\\/www.malinashop.lt\\\/en\\\/parduotuve\\\/\"},{\"@type\":\"ListItem\",\"position\":3,\"name\":\"SKINLOVERS 4 \u017eingsni\u0173 veido prie\u017ei\u016bros rinkinys odai su b\u0117rimais ir ink\u0161tirais\"}]},{\"@type\":\"WebSite\",\"@id\":\"https:\\\/\\\/www.malinashop.lt\\\/#website\",\"url\":\"https:\\\/\\\/www.malinashop.lt\\\/\",\"name\":\"COM Group Ecommerce\",\"description\":\"MalinaShop.lt - Gro\u017eio ir sveikatos produktai i\u0161 patikim\u0173 preki\u0173 \u017eenkl\u0173. Atraskite auk\u0161tos kokyb\u0117s kosmetik\u0105 u\u017e puiki\u0105 kain\u0105.\",\"publisher\":{\"@id\":\"https:\\\/\\\/www.malinashop.lt\\\/#organization\"},\"potentialAction\":[{\"@type\":\"SearchAction\",\"target\":{\"@type\":\"EntryPoint\",\"urlTemplate\":\"https:\\\/\\\/www.malinashop.lt\\\/?s={search_term_string}\"},\"query-input\":{\"@type\":\"PropertyValueSpecification\",\"valueRequired\":true,\"valueName\":\"search_term_string\"}}],\"inLanguage\":\"lt-LT\"},{\"@type\":\"Organization\",\"@id\":\"https:\\\/\\\/www.malinashop.lt\\\/#organization\",\"name\":\"COM Group Ecommerce\",\"url\":\"https:\\\/\\\/www.malinashop.lt\\\/\",\"logo\":{\"@type\":\"ImageObject\",\"inLanguage\":\"lt-LT\",\"@id\":\"https:\\\/\\\/www.malinashop.lt\\\/#\\\/schema\\\/logo\\\/image\\\/\",\"url\":\"https:\\\/\\\/www.malinashop.lt\\\/wp-content\\\/uploads\\\/2024\\\/08\\\/462559670_3787732518133670_9795632669273463_n-e1731525914575.png\",\"contentUrl\":\"https:\\\/\\\/www.malinashop.lt\\\/wp-content\\\/uploads\\\/2024\\\/08\\\/462559670_3787732518133670_9795632669273463_n-e1731525914575.png\",\"width\":180,\"height\":60,\"caption\":\"COM Group Ecommerce\"},\"image\":{\"@id\":\"https:\\\/\\\/www.malinashop.lt\\\/#\\\/schema\\\/logo\\\/image\\\/\"}}]}<\/script>\n<!-- \/ Yoast SEO plugin. -->","yoast_head_json":{"title":"SKINLOVERS 4 \u017eingsni\u0173 veido prie\u017ei\u016bros rinkinys odai su b\u0117rimais ir ink\u0161tirais - MalinaShop.lt J\u016bs\u0173 sveikatai ir gro\u017eiui.","description":"SKINLOVERS 4 \u017eingsni\u0173 veido prie\u017ei\u016bros rinkinys odai su b\u0117rimais ir ink\u0161tirais. Ma\u017eina b\u0117rimus, reguliuoja sebumo gamyb\u0105, \u0161velniai eksfoliuoja ir dr\u0117kina.","robots":{"index":"index","follow":"follow","max-snippet":"max-snippet:-1","max-image-preview":"max-image-preview:large","max-video-preview":"max-video-preview:-1"},"canonical":"https:\/\/www.malinashop.lt\/lt_lt\/shop\/rinkinys-skinlovers-4-zingsniu-veido-prieziuros-rinkinys-odai-su-berimais-ir-inkstirais\/","og_locale":"lt_LT","og_type":"article","og_title":"SKINLOVERS 4 \u017eingsni\u0173 veido prie\u017ei\u016bros rinkinys odai su b\u0117rimais ir ink\u0161tirais - MalinaShop.lt J\u016bs\u0173 sveikatai ir gro\u017eiui.","og_description":"SKINLOVERS 4 \u017eingsni\u0173 veido prie\u017ei\u016bros rinkinys odai su b\u0117rimais ir ink\u0161tirais. Ma\u017eina b\u0117rimus, reguliuoja sebumo gamyb\u0105, \u0161velniai eksfoliuoja ir dr\u0117kina.","og_url":"https:\/\/www.malinashop.lt\/lt_lt\/shop\/rinkinys-skinlovers-4-zingsniu-veido-prieziuros-rinkinys-odai-su-berimais-ir-inkstirais\/","og_site_name":"MalinaShop.lt J\u016bs\u0173 sveikatai ir gro\u017eiui.","article_modified_time":"2026-02-10T10:11:09+00:00","og_image":[{"width":990,"height":990,"url":"https:\/\/www.malinashop.lt\/wp-content\/uploads\/2025\/11\/SKINLOVERS-3p-oda-intensyviai-drekinantis-ir-raminantis-serumas-PROTECTING-amp-CALMING-SERUM-15-ml.webp","type":"image\/webp"}],"twitter_card":"summary_large_image","schema":{"@context":"https:\/\/schema.org","@graph":[{"@type":"WebPage","@id":"https:\/\/www.malinashop.lt\/lt_lt\/shop\/rinkinys-skinlovers-4-zingsniu-veido-prieziuros-rinkinys-odai-su-berimais-ir-inkstirais\/","url":"https:\/\/www.malinashop.lt\/lt_lt\/shop\/rinkinys-skinlovers-4-zingsniu-veido-prieziuros-rinkinys-odai-su-berimais-ir-inkstirais\/","name":"SKINLOVERS 4 \u017eingsni\u0173 veido prie\u017ei\u016bros rinkinys odai su b\u0117rimais ir ink\u0161tirais - MalinaShop.lt J\u016bs\u0173 sveikatai ir gro\u017eiui.","isPartOf":{"@id":"https:\/\/www.malinashop.lt\/#website"},"primaryImageOfPage":{"@id":"https:\/\/www.malinashop.lt\/lt_lt\/shop\/rinkinys-skinlovers-4-zingsniu-veido-prieziuros-rinkinys-odai-su-berimais-ir-inkstirais\/#primaryimage"},"image":{"@id":"https:\/\/www.malinashop.lt\/lt_lt\/shop\/rinkinys-skinlovers-4-zingsniu-veido-prieziuros-rinkinys-odai-su-berimais-ir-inkstirais\/#primaryimage"},"thumbnailUrl":"https:\/\/www.malinashop.lt\/wp-content\/uploads\/2025\/11\/SKINLOVERS-3p-oda-intensyviai-drekinantis-ir-raminantis-serumas-PROTECTING-amp-CALMING-SERUM-15-ml.webp","datePublished":"2025-11-25T14:30:57+00:00","dateModified":"2026-02-10T10:11:09+00:00","description":"SKINLOVERS 4 \u017eingsni\u0173 veido prie\u017ei\u016bros rinkinys odai su b\u0117rimais ir ink\u0161tirais. Ma\u017eina b\u0117rimus, reguliuoja sebumo gamyb\u0105, \u0161velniai eksfoliuoja ir dr\u0117kina.","breadcrumb":{"@id":"https:\/\/www.malinashop.lt\/lt_lt\/shop\/rinkinys-skinlovers-4-zingsniu-veido-prieziuros-rinkinys-odai-su-berimais-ir-inkstirais\/#breadcrumb"},"inLanguage":"lt-LT","potentialAction":[{"@type":"ReadAction","target":["https:\/\/www.malinashop.lt\/lt_lt\/shop\/rinkinys-skinlovers-4-zingsniu-veido-prieziuros-rinkinys-odai-su-berimais-ir-inkstirais\/"]}]},{"@type":"ImageObject","inLanguage":"lt-LT","@id":"https:\/\/www.malinashop.lt\/lt_lt\/shop\/rinkinys-skinlovers-4-zingsniu-veido-prieziuros-rinkinys-odai-su-berimais-ir-inkstirais\/#primaryimage","url":"https:\/\/www.malinashop.lt\/wp-content\/uploads\/2025\/11\/SKINLOVERS-3p-oda-intensyviai-drekinantis-ir-raminantis-serumas-PROTECTING-amp-CALMING-SERUM-15-ml.webp","contentUrl":"https:\/\/www.malinashop.lt\/wp-content\/uploads\/2025\/11\/SKINLOVERS-3p-oda-intensyviai-drekinantis-ir-raminantis-serumas-PROTECTING-amp-CALMING-SERUM-15-ml.webp","width":990,"height":990},{"@type":"BreadcrumbList","@id":"https:\/\/www.malinashop.lt\/lt_lt\/shop\/rinkinys-skinlovers-4-zingsniu-veido-prieziuros-rinkinys-odai-su-berimais-ir-inkstirais\/#breadcrumb","itemListElement":[{"@type":"ListItem","position":1,"name":"Pagrindinis","item":"https:\/\/www.malinashop.lt\/"},{"@type":"ListItem","position":2,"name":"Parduotuv\u0117","item":"https:\/\/www.malinashop.lt\/en\/parduotuve\/"},{"@type":"ListItem","position":3,"name":"SKINLOVERS 4 \u017eingsni\u0173 veido prie\u017ei\u016bros rinkinys odai su b\u0117rimais ir ink\u0161tirais"}]},{"@type":"WebSite","@id":"https:\/\/www.malinashop.lt\/#website","url":"https:\/\/www.malinashop.lt\/","name":"COM Group Ecommerce","description":"MalinaShop.lt - Gro\u017eio ir sveikatos produktai i\u0161 patikim\u0173 preki\u0173 \u017eenkl\u0173. Atraskite auk\u0161tos kokyb\u0117s kosmetik\u0105 u\u017e puiki\u0105 kain\u0105.","publisher":{"@id":"https:\/\/www.malinashop.lt\/#organization"},"potentialAction":[{"@type":"SearchAction","target":{"@type":"EntryPoint","urlTemplate":"https:\/\/www.malinashop.lt\/?s={search_term_string}"},"query-input":{"@type":"PropertyValueSpecification","valueRequired":true,"valueName":"search_term_string"}}],"inLanguage":"lt-LT"},{"@type":"Organization","@id":"https:\/\/www.malinashop.lt\/#organization","name":"COM Group Ecommerce","url":"https:\/\/www.malinashop.lt\/","logo":{"@type":"ImageObject","inLanguage":"lt-LT","@id":"https:\/\/www.malinashop.lt\/#\/schema\/logo\/image\/","url":"https:\/\/www.malinashop.lt\/wp-content\/uploads\/2024\/08\/462559670_3787732518133670_9795632669273463_n-e1731525914575.png","contentUrl":"https:\/\/www.malinashop.lt\/wp-content\/uploads\/2024\/08\/462559670_3787732518133670_9795632669273463_n-e1731525914575.png","width":180,"height":60,"caption":"COM Group Ecommerce"},"image":{"@id":"https:\/\/www.malinashop.lt\/#\/schema\/logo\/image\/"}}]}},"jetpack_sharing_enabled":true,"_links":{"self":[{"href":"https:\/\/www.malinashop.lt\/lt_lt\/wp-json\/wp\/v2\/product\/69067","targetHints":{"allow":["GET"]}}],"collection":[{"href":"https:\/\/www.malinashop.lt\/lt_lt\/wp-json\/wp\/v2\/product"}],"about":[{"href":"https:\/\/www.malinashop.lt\/lt_lt\/wp-json\/wp\/v2\/types\/product"}],"version-history":[{"count":3,"href":"https:\/\/www.malinashop.lt\/lt_lt\/wp-json\/wp\/v2\/product\/69067\/revisions"}],"predecessor-version":[{"id":72020,"href":"https:\/\/www.malinashop.lt\/lt_lt\/wp-json\/wp\/v2\/product\/69067\/revisions\/72020"}],"wp:featuredmedia":[{"embeddable":true,"href":"https:\/\/www.malinashop.lt\/lt_lt\/wp-json\/wp\/v2\/media\/71732"}],"wp:attachment":[{"href":"https:\/\/www.malinashop.lt\/lt_lt\/wp-json\/wp\/v2\/media?parent=69067"}],"wp:term":[{"taxonomy":"product_brand","embeddable":true,"href":"https:\/\/www.malinashop.lt\/lt_lt\/wp-json\/wp\/v2\/product_brand?post=69067"},{"taxonomy":"product_cat","embeddable":true,"href":"https:\/\/www.malinashop.lt\/lt_lt\/wp-json\/wp\/v2\/product_cat?post=69067"},{"taxonomy":"product_tag","embeddable":true,"href":"https:\/\/www.malinashop.lt\/lt_lt\/wp-json\/wp\/v2\/product_tag?post=69067"}],"curies":[{"name":"wp","href":"https:\/\/api.w.org\/{rel}","templated":true}]}}