{"id":69059,"date":"2025-11-25T16:33:18","date_gmt":"2025-11-25T13:33:18","guid":{"rendered":"https:\/\/malinashop.lt\/?post_type=product&#038;p=69059"},"modified":"2026-02-10T13:11:09","modified_gmt":"2026-02-10T10:11:09","slug":"skinlovers-oda-intensyviai-drekinantis-ir-raminantis-serumas-protecting-calming-serum","status":"publish","type":"product","link":"https:\/\/www.malinashop.lt\/lt_lt\/shop\/skinlovers-oda-intensyviai-drekinantis-ir-raminantis-serumas-protecting-calming-serum\/","title":{"rendered":"SKINLOVERS od\u0105 intensyviai dr\u0117kinantis ir raminantis serumas PROTECTING &#038; CALMING SERUM, 15 ml"},"content":{"rendered":"<p data-start=\"184\" data-end=\"491\"><strong data-start=\"184\" data-end=\"249\">SKINLOVERS #3\u2019p intensyviai dr\u0117kinantis ir raminantis serumas<\/strong> sukurtas sudirgusiai, i\u0161saus\u0117jusiai ir jautriai odai, kuriai reikia greito palengv\u0117jimo ir ilgalaik\u0117s apsaugos. Serumas atkuria odos apsaugin\u012f barjer\u0105, padeda suma\u017einti sausumo poj\u016bt\u012f, ramina paraudimus ir suteikia sveiko \u0161vyt\u0117jimo efekt\u0105.<\/p>\n<p data-start=\"493\" data-end=\"755\">D\u0117l efektyvi\u0173 aktyvi\u0173j\u0173 ingredient\u0173 \u0161i priemon\u0117 palaiko optimal\u0173 dr\u0117gm\u0117s balans\u0105, ma\u017eina u\u017edegiminius procesus, padeda kovoti su \u0161erpetojimu bei pleiskanojimu. Lengva tekst\u016bra greitai \u012fsigeria \u012f od\u0105, tod\u0117l serumas puikiai tinka kasdienei veido odos prie\u017ei\u016brai.<\/p>\n<p data-start=\"757\" data-end=\"878\">Tinka mi\u0161riai, sausai, normaliai ir dehidratuotai riebiai odai, kuriai b\u016bdingas sudirgimas, tempimo poj\u016btis ar jautrumas.<\/p>\n<h4 data-start=\"880\" data-end=\"907\"><strong data-start=\"884\" data-end=\"907\">Pagrindin\u0117s savyb\u0117s<\/strong><\/h4>\n<ul data-start=\"908\" data-end=\"1174\">\n<li data-start=\"908\" data-end=\"973\">\n<p data-start=\"910\" data-end=\"973\">Intensyviai dr\u0117kina ir palaiko ilgalaik\u012f odos dr\u0117gm\u0117s balans\u0105<\/p>\n<\/li>\n<li data-start=\"974\" data-end=\"1029\">\n<p data-start=\"976\" data-end=\"1029\">Ma\u017eina \u0161erpetojim\u0105, pleiskanojim\u0105 ir tempimo poj\u016bt\u012f<\/p>\n<\/li>\n<li data-start=\"1030\" data-end=\"1056\">\n<p data-start=\"1032\" data-end=\"1056\">Ramina odos paraudimus<\/p>\n<\/li>\n<li data-start=\"1057\" data-end=\"1090\">\n<p data-start=\"1059\" data-end=\"1090\">Slopina u\u017edegiminius procesus<\/p>\n<\/li>\n<li data-start=\"1091\" data-end=\"1125\">\n<p data-start=\"1093\" data-end=\"1125\">Atkuria odos apsaugin\u012f barjer\u0105<\/p>\n<\/li>\n<li data-start=\"1126\" data-end=\"1174\">\n<p data-start=\"1128\" data-end=\"1174\">Suteikia odai mink\u0161tumo, glotnumo ir skaistumo<\/p>\n<\/li>\n<\/ul>\n","protected":false},"excerpt":{"rendered":"<p data-start=\"1216\" data-end=\"1522\">Raminantis ir intensyviai dr\u0117kinantis SKINLOVERS #3\u2019p serumas greitai atkuria sudirgusios ir i\u0161saus\u0117jusios odos balans\u0105. Ma\u017eina paraudimus, \u0161erpetojim\u0105 ir tempimo poj\u016bt\u012f, stiprina odos apsaugin\u012f barjer\u0105 ir suteikia ilgalaikio komforto jausm\u0105. Tinka visiems odos tipams, ypa\u010d jautriai ir dehidratuotai odai.<\/p>\n","protected":false},"featured_media":62349,"template":"","meta":[],"product_brand":[1528],"product_cat":[550,728],"product_tag":[1622],"class_list":{"0":"post-69059","1":"product","2":"type-product","3":"status-publish","4":"has-post-thumbnail","6":"product_brand-skinlovers","7":"product_cat-veido-serumai","8":"product_cat-veidui","9":"product_tag-skinlovers","11":"first","12":"instock","13":"purchasable","14":"product-type-simple"},"yoast_head":"<!-- This site is optimized with the Yoast SEO plugin v27.4 - https:\/\/yoast.com\/product\/yoast-seo-wordpress\/ -->\n<title>SKINLOVERS od\u0105 intensyviai dr\u0117kinantis ir raminantis serumas PROTECTING &amp; CALMING SERUM, 15 ml - MalinaShop.lt J\u016bs\u0173 sveikatai ir gro\u017eiui.<\/title>\n<meta name=\"description\" content=\"Intensyviai dr\u0117kinantis ir raminantis SKINLOVERS serumas. Ma\u017eina paraudim\u0105, \u0161erpetojim\u0105, atkuria odos barjer\u0105 ir suteikia ilgalaik\u0119 dr\u0117gm\u0119.\" \/>\n<meta name=\"robots\" content=\"index, follow, max-snippet:-1, max-image-preview:large, max-video-preview:-1\" \/>\n<link rel=\"canonical\" href=\"https:\/\/www.malinashop.lt\/lt_lt\/shop\/skinlovers-oda-intensyviai-drekinantis-ir-raminantis-serumas-protecting-calming-serum\/\" \/>\n<meta property=\"og:locale\" content=\"lt_LT\" \/>\n<meta property=\"og:type\" content=\"article\" \/>\n<meta property=\"og:title\" content=\"SKINLOVERS od\u0105 intensyviai dr\u0117kinantis ir raminantis serumas PROTECTING &amp; CALMING SERUM, 15 ml - MalinaShop.lt J\u016bs\u0173 sveikatai ir gro\u017eiui.\" \/>\n<meta property=\"og:description\" content=\"Intensyviai dr\u0117kinantis ir raminantis SKINLOVERS serumas. Ma\u017eina paraudim\u0105, \u0161erpetojim\u0105, atkuria odos barjer\u0105 ir suteikia ilgalaik\u0119 dr\u0117gm\u0119.\" \/>\n<meta property=\"og:url\" content=\"https:\/\/www.malinashop.lt\/lt_lt\/shop\/skinlovers-oda-intensyviai-drekinantis-ir-raminantis-serumas-protecting-calming-serum\/\" \/>\n<meta property=\"og:site_name\" content=\"MalinaShop.lt J\u016bs\u0173 sveikatai ir gro\u017eiui.\" \/>\n<meta property=\"article:modified_time\" content=\"2026-02-10T10:11:09+00:00\" \/>\n<meta property=\"og:image\" content=\"https:\/\/www.malinashop.lt\/wp-content\/uploads\/2025\/11\/ser1.png\" \/>\n\t<meta property=\"og:image:width\" content=\"2048\" \/>\n\t<meta property=\"og:image:height\" content=\"2048\" \/>\n\t<meta property=\"og:image:type\" content=\"image\/png\" \/>\n<meta name=\"twitter:card\" content=\"summary_large_image\" \/>\n<script type=\"application\/ld+json\" class=\"yoast-schema-graph\">{\"@context\":\"https:\\\/\\\/schema.org\",\"@graph\":[{\"@type\":\"WebPage\",\"@id\":\"https:\\\/\\\/www.malinashop.lt\\\/shop\\\/skinlovers-oda-intensyviai-drekinantis-ir-raminantis-serumas-protecting-calming-serum\\\/\",\"url\":\"https:\\\/\\\/www.malinashop.lt\\\/shop\\\/skinlovers-oda-intensyviai-drekinantis-ir-raminantis-serumas-protecting-calming-serum\\\/\",\"name\":\"SKINLOVERS od\u0105 intensyviai dr\u0117kinantis ir raminantis serumas PROTECTING & CALMING SERUM, 15 ml - MalinaShop.lt J\u016bs\u0173 sveikatai ir gro\u017eiui.\",\"isPartOf\":{\"@id\":\"https:\\\/\\\/www.malinashop.lt\\\/#website\"},\"primaryImageOfPage\":{\"@id\":\"https:\\\/\\\/www.malinashop.lt\\\/shop\\\/skinlovers-oda-intensyviai-drekinantis-ir-raminantis-serumas-protecting-calming-serum\\\/#primaryimage\"},\"image\":{\"@id\":\"https:\\\/\\\/www.malinashop.lt\\\/shop\\\/skinlovers-oda-intensyviai-drekinantis-ir-raminantis-serumas-protecting-calming-serum\\\/#primaryimage\"},\"thumbnailUrl\":\"https:\\\/\\\/www.malinashop.lt\\\/wp-content\\\/uploads\\\/2025\\\/11\\\/ser1.png\",\"datePublished\":\"2025-11-25T13:33:18+00:00\",\"dateModified\":\"2026-02-10T10:11:09+00:00\",\"description\":\"Intensyviai dr\u0117kinantis ir raminantis SKINLOVERS serumas. Ma\u017eina paraudim\u0105, \u0161erpetojim\u0105, atkuria odos barjer\u0105 ir suteikia ilgalaik\u0119 dr\u0117gm\u0119.\",\"breadcrumb\":{\"@id\":\"https:\\\/\\\/www.malinashop.lt\\\/shop\\\/skinlovers-oda-intensyviai-drekinantis-ir-raminantis-serumas-protecting-calming-serum\\\/#breadcrumb\"},\"inLanguage\":\"lt-LT\",\"potentialAction\":[{\"@type\":\"ReadAction\",\"target\":[\"https:\\\/\\\/www.malinashop.lt\\\/shop\\\/skinlovers-oda-intensyviai-drekinantis-ir-raminantis-serumas-protecting-calming-serum\\\/\"]}]},{\"@type\":\"ImageObject\",\"inLanguage\":\"lt-LT\",\"@id\":\"https:\\\/\\\/www.malinashop.lt\\\/shop\\\/skinlovers-oda-intensyviai-drekinantis-ir-raminantis-serumas-protecting-calming-serum\\\/#primaryimage\",\"url\":\"https:\\\/\\\/www.malinashop.lt\\\/wp-content\\\/uploads\\\/2025\\\/11\\\/ser1.png\",\"contentUrl\":\"https:\\\/\\\/www.malinashop.lt\\\/wp-content\\\/uploads\\\/2025\\\/11\\\/ser1.png\",\"width\":2048,\"height\":2048},{\"@type\":\"BreadcrumbList\",\"@id\":\"https:\\\/\\\/www.malinashop.lt\\\/shop\\\/skinlovers-oda-intensyviai-drekinantis-ir-raminantis-serumas-protecting-calming-serum\\\/#breadcrumb\",\"itemListElement\":[{\"@type\":\"ListItem\",\"position\":1,\"name\":\"Pagrindinis\",\"item\":\"https:\\\/\\\/www.malinashop.lt\\\/\"},{\"@type\":\"ListItem\",\"position\":2,\"name\":\"Parduotuv\u0117\",\"item\":\"https:\\\/\\\/www.malinashop.lt\\\/en\\\/parduotuve\\\/\"},{\"@type\":\"ListItem\",\"position\":3,\"name\":\"SKINLOVERS od\u0105 intensyviai dr\u0117kinantis ir raminantis serumas PROTECTING &#038; CALMING SERUM, 15 ml\"}]},{\"@type\":\"WebSite\",\"@id\":\"https:\\\/\\\/www.malinashop.lt\\\/#website\",\"url\":\"https:\\\/\\\/www.malinashop.lt\\\/\",\"name\":\"COM Group Ecommerce\",\"description\":\"MalinaShop.lt - Gro\u017eio ir sveikatos produktai i\u0161 patikim\u0173 preki\u0173 \u017eenkl\u0173. Atraskite auk\u0161tos kokyb\u0117s kosmetik\u0105 u\u017e puiki\u0105 kain\u0105.\",\"publisher\":{\"@id\":\"https:\\\/\\\/www.malinashop.lt\\\/#organization\"},\"potentialAction\":[{\"@type\":\"SearchAction\",\"target\":{\"@type\":\"EntryPoint\",\"urlTemplate\":\"https:\\\/\\\/www.malinashop.lt\\\/?s={search_term_string}\"},\"query-input\":{\"@type\":\"PropertyValueSpecification\",\"valueRequired\":true,\"valueName\":\"search_term_string\"}}],\"inLanguage\":\"lt-LT\"},{\"@type\":\"Organization\",\"@id\":\"https:\\\/\\\/www.malinashop.lt\\\/#organization\",\"name\":\"COM Group Ecommerce\",\"url\":\"https:\\\/\\\/www.malinashop.lt\\\/\",\"logo\":{\"@type\":\"ImageObject\",\"inLanguage\":\"lt-LT\",\"@id\":\"https:\\\/\\\/www.malinashop.lt\\\/#\\\/schema\\\/logo\\\/image\\\/\",\"url\":\"https:\\\/\\\/www.malinashop.lt\\\/wp-content\\\/uploads\\\/2024\\\/08\\\/462559670_3787732518133670_9795632669273463_n-e1731525914575.png\",\"contentUrl\":\"https:\\\/\\\/www.malinashop.lt\\\/wp-content\\\/uploads\\\/2024\\\/08\\\/462559670_3787732518133670_9795632669273463_n-e1731525914575.png\",\"width\":180,\"height\":60,\"caption\":\"COM Group Ecommerce\"},\"image\":{\"@id\":\"https:\\\/\\\/www.malinashop.lt\\\/#\\\/schema\\\/logo\\\/image\\\/\"}}]}<\/script>\n<!-- \/ Yoast SEO plugin. -->","yoast_head_json":{"title":"SKINLOVERS od\u0105 intensyviai dr\u0117kinantis ir raminantis serumas PROTECTING & CALMING SERUM, 15 ml - MalinaShop.lt J\u016bs\u0173 sveikatai ir gro\u017eiui.","description":"Intensyviai dr\u0117kinantis ir raminantis SKINLOVERS serumas. Ma\u017eina paraudim\u0105, \u0161erpetojim\u0105, atkuria odos barjer\u0105 ir suteikia ilgalaik\u0119 dr\u0117gm\u0119.","robots":{"index":"index","follow":"follow","max-snippet":"max-snippet:-1","max-image-preview":"max-image-preview:large","max-video-preview":"max-video-preview:-1"},"canonical":"https:\/\/www.malinashop.lt\/lt_lt\/shop\/skinlovers-oda-intensyviai-drekinantis-ir-raminantis-serumas-protecting-calming-serum\/","og_locale":"lt_LT","og_type":"article","og_title":"SKINLOVERS od\u0105 intensyviai dr\u0117kinantis ir raminantis serumas PROTECTING & CALMING SERUM, 15 ml - MalinaShop.lt J\u016bs\u0173 sveikatai ir gro\u017eiui.","og_description":"Intensyviai dr\u0117kinantis ir raminantis SKINLOVERS serumas. Ma\u017eina paraudim\u0105, \u0161erpetojim\u0105, atkuria odos barjer\u0105 ir suteikia ilgalaik\u0119 dr\u0117gm\u0119.","og_url":"https:\/\/www.malinashop.lt\/lt_lt\/shop\/skinlovers-oda-intensyviai-drekinantis-ir-raminantis-serumas-protecting-calming-serum\/","og_site_name":"MalinaShop.lt J\u016bs\u0173 sveikatai ir gro\u017eiui.","article_modified_time":"2026-02-10T10:11:09+00:00","og_image":[{"width":2048,"height":2048,"url":"https:\/\/www.malinashop.lt\/wp-content\/uploads\/2025\/11\/ser1.png","type":"image\/png"}],"twitter_card":"summary_large_image","schema":{"@context":"https:\/\/schema.org","@graph":[{"@type":"WebPage","@id":"https:\/\/www.malinashop.lt\/shop\/skinlovers-oda-intensyviai-drekinantis-ir-raminantis-serumas-protecting-calming-serum\/","url":"https:\/\/www.malinashop.lt\/shop\/skinlovers-oda-intensyviai-drekinantis-ir-raminantis-serumas-protecting-calming-serum\/","name":"SKINLOVERS od\u0105 intensyviai dr\u0117kinantis ir raminantis serumas PROTECTING & CALMING SERUM, 15 ml - MalinaShop.lt J\u016bs\u0173 sveikatai ir gro\u017eiui.","isPartOf":{"@id":"https:\/\/www.malinashop.lt\/#website"},"primaryImageOfPage":{"@id":"https:\/\/www.malinashop.lt\/shop\/skinlovers-oda-intensyviai-drekinantis-ir-raminantis-serumas-protecting-calming-serum\/#primaryimage"},"image":{"@id":"https:\/\/www.malinashop.lt\/shop\/skinlovers-oda-intensyviai-drekinantis-ir-raminantis-serumas-protecting-calming-serum\/#primaryimage"},"thumbnailUrl":"https:\/\/www.malinashop.lt\/wp-content\/uploads\/2025\/11\/ser1.png","datePublished":"2025-11-25T13:33:18+00:00","dateModified":"2026-02-10T10:11:09+00:00","description":"Intensyviai dr\u0117kinantis ir raminantis SKINLOVERS serumas. Ma\u017eina paraudim\u0105, \u0161erpetojim\u0105, atkuria odos barjer\u0105 ir suteikia ilgalaik\u0119 dr\u0117gm\u0119.","breadcrumb":{"@id":"https:\/\/www.malinashop.lt\/shop\/skinlovers-oda-intensyviai-drekinantis-ir-raminantis-serumas-protecting-calming-serum\/#breadcrumb"},"inLanguage":"lt-LT","potentialAction":[{"@type":"ReadAction","target":["https:\/\/www.malinashop.lt\/shop\/skinlovers-oda-intensyviai-drekinantis-ir-raminantis-serumas-protecting-calming-serum\/"]}]},{"@type":"ImageObject","inLanguage":"lt-LT","@id":"https:\/\/www.malinashop.lt\/shop\/skinlovers-oda-intensyviai-drekinantis-ir-raminantis-serumas-protecting-calming-serum\/#primaryimage","url":"https:\/\/www.malinashop.lt\/wp-content\/uploads\/2025\/11\/ser1.png","contentUrl":"https:\/\/www.malinashop.lt\/wp-content\/uploads\/2025\/11\/ser1.png","width":2048,"height":2048},{"@type":"BreadcrumbList","@id":"https:\/\/www.malinashop.lt\/shop\/skinlovers-oda-intensyviai-drekinantis-ir-raminantis-serumas-protecting-calming-serum\/#breadcrumb","itemListElement":[{"@type":"ListItem","position":1,"name":"Pagrindinis","item":"https:\/\/www.malinashop.lt\/"},{"@type":"ListItem","position":2,"name":"Parduotuv\u0117","item":"https:\/\/www.malinashop.lt\/en\/parduotuve\/"},{"@type":"ListItem","position":3,"name":"SKINLOVERS od\u0105 intensyviai dr\u0117kinantis ir raminantis serumas PROTECTING &#038; CALMING SERUM, 15 ml"}]},{"@type":"WebSite","@id":"https:\/\/www.malinashop.lt\/#website","url":"https:\/\/www.malinashop.lt\/","name":"COM Group Ecommerce","description":"MalinaShop.lt - Gro\u017eio ir sveikatos produktai i\u0161 patikim\u0173 preki\u0173 \u017eenkl\u0173. Atraskite auk\u0161tos kokyb\u0117s kosmetik\u0105 u\u017e puiki\u0105 kain\u0105.","publisher":{"@id":"https:\/\/www.malinashop.lt\/#organization"},"potentialAction":[{"@type":"SearchAction","target":{"@type":"EntryPoint","urlTemplate":"https:\/\/www.malinashop.lt\/?s={search_term_string}"},"query-input":{"@type":"PropertyValueSpecification","valueRequired":true,"valueName":"search_term_string"}}],"inLanguage":"lt-LT"},{"@type":"Organization","@id":"https:\/\/www.malinashop.lt\/#organization","name":"COM Group Ecommerce","url":"https:\/\/www.malinashop.lt\/","logo":{"@type":"ImageObject","inLanguage":"lt-LT","@id":"https:\/\/www.malinashop.lt\/#\/schema\/logo\/image\/","url":"https:\/\/www.malinashop.lt\/wp-content\/uploads\/2024\/08\/462559670_3787732518133670_9795632669273463_n-e1731525914575.png","contentUrl":"https:\/\/www.malinashop.lt\/wp-content\/uploads\/2024\/08\/462559670_3787732518133670_9795632669273463_n-e1731525914575.png","width":180,"height":60,"caption":"COM Group Ecommerce"},"image":{"@id":"https:\/\/www.malinashop.lt\/#\/schema\/logo\/image\/"}}]}},"jetpack_sharing_enabled":true,"_links":{"self":[{"href":"https:\/\/www.malinashop.lt\/lt_lt\/wp-json\/wp\/v2\/product\/69059","targetHints":{"allow":["GET"]}}],"collection":[{"href":"https:\/\/www.malinashop.lt\/lt_lt\/wp-json\/wp\/v2\/product"}],"about":[{"href":"https:\/\/www.malinashop.lt\/lt_lt\/wp-json\/wp\/v2\/types\/product"}],"version-history":[{"count":2,"href":"https:\/\/www.malinashop.lt\/lt_lt\/wp-json\/wp\/v2\/product\/69059\/revisions"}],"predecessor-version":[{"id":72025,"href":"https:\/\/www.malinashop.lt\/lt_lt\/wp-json\/wp\/v2\/product\/69059\/revisions\/72025"}],"wp:featuredmedia":[{"embeddable":true,"href":"https:\/\/www.malinashop.lt\/lt_lt\/wp-json\/wp\/v2\/media\/62349"}],"wp:attachment":[{"href":"https:\/\/www.malinashop.lt\/lt_lt\/wp-json\/wp\/v2\/media?parent=69059"}],"wp:term":[{"taxonomy":"product_brand","embeddable":true,"href":"https:\/\/www.malinashop.lt\/lt_lt\/wp-json\/wp\/v2\/product_brand?post=69059"},{"taxonomy":"product_cat","embeddable":true,"href":"https:\/\/www.malinashop.lt\/lt_lt\/wp-json\/wp\/v2\/product_cat?post=69059"},{"taxonomy":"product_tag","embeddable":true,"href":"https:\/\/www.malinashop.lt\/lt_lt\/wp-json\/wp\/v2\/product_tag?post=69059"}],"curies":[{"name":"wp","href":"https:\/\/api.w.org\/{rel}","templated":true}]}}