{"id":69057,"date":"2025-11-25T16:33:10","date_gmt":"2025-11-25T13:33:10","guid":{"rendered":"https:\/\/malinashop.lt\/?post_type=product&#038;p=69057"},"modified":"2026-02-10T13:11:12","modified_gmt":"2026-02-10T10:11:12","slug":"skinlovers-eksfoliuojantis-veido-losjonas-su-aha-rugstimis-exfoliating-face-lotion-with-aha-100ml","status":"publish","type":"product","link":"https:\/\/www.malinashop.lt\/lt_lt\/shop\/skinlovers-eksfoliuojantis-veido-losjonas-su-aha-rugstimis-exfoliating-face-lotion-with-aha-100ml\/","title":{"rendered":"SKINLOVERS eksfoliuojantis veido losjonas su AHA r\u016bg\u0161timis EXFOLIATING FACE LOTION WITH AHA, 100ml"},"content":{"rendered":"<p data-start=\"270\" data-end=\"580\">SKINLOVERS #2 eksfoliuojantis veido losjonas su AHA r\u016bg\u0161timis \u2013 tai veiksmingas kasdien\u0117s odos prie\u017ei\u016bros produktas, skirtas \u0161velniai, bet efektyviai atnaujinti veido od\u0105. Formul\u0117je esantys AHA r\u016bg\u0161\u010di\u0173 kompleksai padeda pa\u0161alinti negyvas odos l\u0105steles, atkuria odos glotnum\u0105 ir suteikia nat\u016bralaus \u0161vyt\u0117jimo.<\/p>\n<p data-start=\"582\" data-end=\"925\">Losjonas giliai dr\u0117kina ir maitina od\u0105, subalansuoja riebalini\u0173 liauk\u0173 veikl\u0105 bei padeda palaikyti optimal\u0173 odos pH. Sud\u0117tyje esantis hamamelio ekstraktas ramina ir gydo sudirgimus, tod\u0117l produktas tinkamas tiek riebiai, tiek mi\u0161riai ar jautriai odai. Reguliariai naudojant poros tampa ma\u017eiau matomos, o odos tonas \u2013 tolygesnis ir skaistesnis.<\/p>\n<p data-start=\"927\" data-end=\"1098\">\u0160is losjonas idealiai tinka tiek kasdienei odos eksfoliacijai, tiek kaip papildomas \u017eingsnis siekiant atkurti odos tekst\u016br\u0105, suma\u017einti \u0161iurk\u0161tum\u0105 ir suteikti odai gaivumo.<\/p>\n","protected":false},"excerpt":{"rendered":"<p data-start=\"1159\" data-end=\"1452\">Intensyviai dr\u0117kinantis eksfoliuojantis SKINLOVERS #2 veido losjonas su AHA r\u016bg\u0161timis \u0161velniai pa\u0161alina negyvas odos l\u0105steles, subalansuoja riebalini\u0173 liauk\u0173 veikl\u0105, ma\u017eina por\u0173 matomum\u0105 ir suteikia odai \u0161vyt\u0117jimo. Su hamamelio ekstraktu, kuris ramina ir gydo od\u0105. Tinka kasdieniam naudojimui.<\/p>\n","protected":false},"featured_media":62342,"template":"","meta":[],"product_brand":[1528],"product_cat":[537,728],"product_tag":[1622],"class_list":{"0":"post-69057","1":"product","2":"type-product","3":"status-publish","4":"has-post-thumbnail","6":"product_brand-skinlovers","7":"product_cat-veido-valymo-priemones","8":"product_cat-veidui","9":"product_tag-skinlovers","11":"first","12":"instock","13":"purchasable","14":"product-type-simple"},"yoast_head":"<!-- This site is optimized with the Yoast SEO plugin v27.4 - https:\/\/yoast.com\/product\/yoast-seo-wordpress\/ -->\n<title>SKINLOVERS eksfoliuojantis veido losjonas su AHA r\u016bg\u0161timis EXFOLIATING FACE LOTION WITH AHA, 100ml - MalinaShop.lt J\u016bs\u0173 sveikatai ir gro\u017eiui.<\/title>\n<meta name=\"description\" content=\"SKINLOVERS #2 veido losjonas su AHA r\u016bg\u0161timis \u0161velniai eksfoliuoja, ma\u017eina poras, dr\u0117kina ir suteikia odai \u0161vyt\u0117jimo. Su hamamelio ekstraktu jautriai odai.\" \/>\n<meta name=\"robots\" content=\"index, follow, max-snippet:-1, max-image-preview:large, max-video-preview:-1\" \/>\n<link rel=\"canonical\" href=\"https:\/\/www.malinashop.lt\/lt_lt\/shop\/skinlovers-eksfoliuojantis-veido-losjonas-su-aha-rugstimis-exfoliating-face-lotion-with-aha-100ml\/\" \/>\n<meta property=\"og:locale\" content=\"lt_LT\" \/>\n<meta property=\"og:type\" content=\"article\" \/>\n<meta property=\"og:title\" content=\"SKINLOVERS eksfoliuojantis veido losjonas su AHA r\u016bg\u0161timis EXFOLIATING FACE LOTION WITH AHA, 100ml - MalinaShop.lt J\u016bs\u0173 sveikatai ir gro\u017eiui.\" \/>\n<meta property=\"og:description\" content=\"SKINLOVERS #2 veido losjonas su AHA r\u016bg\u0161timis \u0161velniai eksfoliuoja, ma\u017eina poras, dr\u0117kina ir suteikia odai \u0161vyt\u0117jimo. Su hamamelio ekstraktu jautriai odai.\" \/>\n<meta property=\"og:url\" content=\"https:\/\/www.malinashop.lt\/lt_lt\/shop\/skinlovers-eksfoliuojantis-veido-losjonas-su-aha-rugstimis-exfoliating-face-lotion-with-aha-100ml\/\" \/>\n<meta property=\"og:site_name\" content=\"MalinaShop.lt J\u016bs\u0173 sveikatai ir gro\u017eiui.\" \/>\n<meta property=\"article:modified_time\" content=\"2026-02-10T10:11:12+00:00\" \/>\n<meta property=\"og:image\" content=\"https:\/\/www.malinashop.lt\/wp-content\/uploads\/2025\/11\/lotion1-1.png\" \/>\n\t<meta property=\"og:image:width\" content=\"2048\" \/>\n\t<meta property=\"og:image:height\" content=\"2048\" \/>\n\t<meta property=\"og:image:type\" content=\"image\/png\" \/>\n<meta name=\"twitter:card\" content=\"summary_large_image\" \/>\n<script type=\"application\/ld+json\" class=\"yoast-schema-graph\">{\"@context\":\"https:\\\/\\\/schema.org\",\"@graph\":[{\"@type\":\"WebPage\",\"@id\":\"https:\\\/\\\/www.malinashop.lt\\\/shop\\\/skinlovers-eksfoliuojantis-veido-losjonas-su-aha-rugstimis-exfoliating-face-lotion-with-aha-100ml\\\/\",\"url\":\"https:\\\/\\\/www.malinashop.lt\\\/shop\\\/skinlovers-eksfoliuojantis-veido-losjonas-su-aha-rugstimis-exfoliating-face-lotion-with-aha-100ml\\\/\",\"name\":\"SKINLOVERS eksfoliuojantis veido losjonas su AHA r\u016bg\u0161timis EXFOLIATING FACE LOTION WITH AHA, 100ml - MalinaShop.lt J\u016bs\u0173 sveikatai ir gro\u017eiui.\",\"isPartOf\":{\"@id\":\"https:\\\/\\\/www.malinashop.lt\\\/#website\"},\"primaryImageOfPage\":{\"@id\":\"https:\\\/\\\/www.malinashop.lt\\\/shop\\\/skinlovers-eksfoliuojantis-veido-losjonas-su-aha-rugstimis-exfoliating-face-lotion-with-aha-100ml\\\/#primaryimage\"},\"image\":{\"@id\":\"https:\\\/\\\/www.malinashop.lt\\\/shop\\\/skinlovers-eksfoliuojantis-veido-losjonas-su-aha-rugstimis-exfoliating-face-lotion-with-aha-100ml\\\/#primaryimage\"},\"thumbnailUrl\":\"https:\\\/\\\/www.malinashop.lt\\\/wp-content\\\/uploads\\\/2025\\\/11\\\/lotion1-1.png\",\"datePublished\":\"2025-11-25T13:33:10+00:00\",\"dateModified\":\"2026-02-10T10:11:12+00:00\",\"description\":\"SKINLOVERS #2 veido losjonas su AHA r\u016bg\u0161timis \u0161velniai eksfoliuoja, ma\u017eina poras, dr\u0117kina ir suteikia odai \u0161vyt\u0117jimo. Su hamamelio ekstraktu jautriai odai.\",\"breadcrumb\":{\"@id\":\"https:\\\/\\\/www.malinashop.lt\\\/shop\\\/skinlovers-eksfoliuojantis-veido-losjonas-su-aha-rugstimis-exfoliating-face-lotion-with-aha-100ml\\\/#breadcrumb\"},\"inLanguage\":\"lt-LT\",\"potentialAction\":[{\"@type\":\"ReadAction\",\"target\":[\"https:\\\/\\\/www.malinashop.lt\\\/shop\\\/skinlovers-eksfoliuojantis-veido-losjonas-su-aha-rugstimis-exfoliating-face-lotion-with-aha-100ml\\\/\"]}]},{\"@type\":\"ImageObject\",\"inLanguage\":\"lt-LT\",\"@id\":\"https:\\\/\\\/www.malinashop.lt\\\/shop\\\/skinlovers-eksfoliuojantis-veido-losjonas-su-aha-rugstimis-exfoliating-face-lotion-with-aha-100ml\\\/#primaryimage\",\"url\":\"https:\\\/\\\/www.malinashop.lt\\\/wp-content\\\/uploads\\\/2025\\\/11\\\/lotion1-1.png\",\"contentUrl\":\"https:\\\/\\\/www.malinashop.lt\\\/wp-content\\\/uploads\\\/2025\\\/11\\\/lotion1-1.png\",\"width\":2048,\"height\":2048},{\"@type\":\"BreadcrumbList\",\"@id\":\"https:\\\/\\\/www.malinashop.lt\\\/shop\\\/skinlovers-eksfoliuojantis-veido-losjonas-su-aha-rugstimis-exfoliating-face-lotion-with-aha-100ml\\\/#breadcrumb\",\"itemListElement\":[{\"@type\":\"ListItem\",\"position\":1,\"name\":\"Pagrindinis\",\"item\":\"https:\\\/\\\/www.malinashop.lt\\\/\"},{\"@type\":\"ListItem\",\"position\":2,\"name\":\"Parduotuv\u0117\",\"item\":\"https:\\\/\\\/www.malinashop.lt\\\/en\\\/parduotuve\\\/\"},{\"@type\":\"ListItem\",\"position\":3,\"name\":\"SKINLOVERS eksfoliuojantis veido losjonas su AHA r\u016bg\u0161timis EXFOLIATING FACE LOTION WITH AHA, 100ml\"}]},{\"@type\":\"WebSite\",\"@id\":\"https:\\\/\\\/www.malinashop.lt\\\/#website\",\"url\":\"https:\\\/\\\/www.malinashop.lt\\\/\",\"name\":\"COM Group Ecommerce\",\"description\":\"MalinaShop.lt - Gro\u017eio ir sveikatos produktai i\u0161 patikim\u0173 preki\u0173 \u017eenkl\u0173. Atraskite auk\u0161tos kokyb\u0117s kosmetik\u0105 u\u017e puiki\u0105 kain\u0105.\",\"publisher\":{\"@id\":\"https:\\\/\\\/www.malinashop.lt\\\/#organization\"},\"potentialAction\":[{\"@type\":\"SearchAction\",\"target\":{\"@type\":\"EntryPoint\",\"urlTemplate\":\"https:\\\/\\\/www.malinashop.lt\\\/?s={search_term_string}\"},\"query-input\":{\"@type\":\"PropertyValueSpecification\",\"valueRequired\":true,\"valueName\":\"search_term_string\"}}],\"inLanguage\":\"lt-LT\"},{\"@type\":\"Organization\",\"@id\":\"https:\\\/\\\/www.malinashop.lt\\\/#organization\",\"name\":\"COM Group Ecommerce\",\"url\":\"https:\\\/\\\/www.malinashop.lt\\\/\",\"logo\":{\"@type\":\"ImageObject\",\"inLanguage\":\"lt-LT\",\"@id\":\"https:\\\/\\\/www.malinashop.lt\\\/#\\\/schema\\\/logo\\\/image\\\/\",\"url\":\"https:\\\/\\\/www.malinashop.lt\\\/wp-content\\\/uploads\\\/2024\\\/08\\\/462559670_3787732518133670_9795632669273463_n-e1731525914575.png\",\"contentUrl\":\"https:\\\/\\\/www.malinashop.lt\\\/wp-content\\\/uploads\\\/2024\\\/08\\\/462559670_3787732518133670_9795632669273463_n-e1731525914575.png\",\"width\":180,\"height\":60,\"caption\":\"COM Group Ecommerce\"},\"image\":{\"@id\":\"https:\\\/\\\/www.malinashop.lt\\\/#\\\/schema\\\/logo\\\/image\\\/\"}}]}<\/script>\n<!-- \/ Yoast SEO plugin. -->","yoast_head_json":{"title":"SKINLOVERS eksfoliuojantis veido losjonas su AHA r\u016bg\u0161timis EXFOLIATING FACE LOTION WITH AHA, 100ml - MalinaShop.lt J\u016bs\u0173 sveikatai ir gro\u017eiui.","description":"SKINLOVERS #2 veido losjonas su AHA r\u016bg\u0161timis \u0161velniai eksfoliuoja, ma\u017eina poras, dr\u0117kina ir suteikia odai \u0161vyt\u0117jimo. Su hamamelio ekstraktu jautriai odai.","robots":{"index":"index","follow":"follow","max-snippet":"max-snippet:-1","max-image-preview":"max-image-preview:large","max-video-preview":"max-video-preview:-1"},"canonical":"https:\/\/www.malinashop.lt\/lt_lt\/shop\/skinlovers-eksfoliuojantis-veido-losjonas-su-aha-rugstimis-exfoliating-face-lotion-with-aha-100ml\/","og_locale":"lt_LT","og_type":"article","og_title":"SKINLOVERS eksfoliuojantis veido losjonas su AHA r\u016bg\u0161timis EXFOLIATING FACE LOTION WITH AHA, 100ml - MalinaShop.lt J\u016bs\u0173 sveikatai ir gro\u017eiui.","og_description":"SKINLOVERS #2 veido losjonas su AHA r\u016bg\u0161timis \u0161velniai eksfoliuoja, ma\u017eina poras, dr\u0117kina ir suteikia odai \u0161vyt\u0117jimo. Su hamamelio ekstraktu jautriai odai.","og_url":"https:\/\/www.malinashop.lt\/lt_lt\/shop\/skinlovers-eksfoliuojantis-veido-losjonas-su-aha-rugstimis-exfoliating-face-lotion-with-aha-100ml\/","og_site_name":"MalinaShop.lt J\u016bs\u0173 sveikatai ir gro\u017eiui.","article_modified_time":"2026-02-10T10:11:12+00:00","og_image":[{"width":2048,"height":2048,"url":"https:\/\/www.malinashop.lt\/wp-content\/uploads\/2025\/11\/lotion1-1.png","type":"image\/png"}],"twitter_card":"summary_large_image","schema":{"@context":"https:\/\/schema.org","@graph":[{"@type":"WebPage","@id":"https:\/\/www.malinashop.lt\/shop\/skinlovers-eksfoliuojantis-veido-losjonas-su-aha-rugstimis-exfoliating-face-lotion-with-aha-100ml\/","url":"https:\/\/www.malinashop.lt\/shop\/skinlovers-eksfoliuojantis-veido-losjonas-su-aha-rugstimis-exfoliating-face-lotion-with-aha-100ml\/","name":"SKINLOVERS eksfoliuojantis veido losjonas su AHA r\u016bg\u0161timis EXFOLIATING FACE LOTION WITH AHA, 100ml - MalinaShop.lt J\u016bs\u0173 sveikatai ir gro\u017eiui.","isPartOf":{"@id":"https:\/\/www.malinashop.lt\/#website"},"primaryImageOfPage":{"@id":"https:\/\/www.malinashop.lt\/shop\/skinlovers-eksfoliuojantis-veido-losjonas-su-aha-rugstimis-exfoliating-face-lotion-with-aha-100ml\/#primaryimage"},"image":{"@id":"https:\/\/www.malinashop.lt\/shop\/skinlovers-eksfoliuojantis-veido-losjonas-su-aha-rugstimis-exfoliating-face-lotion-with-aha-100ml\/#primaryimage"},"thumbnailUrl":"https:\/\/www.malinashop.lt\/wp-content\/uploads\/2025\/11\/lotion1-1.png","datePublished":"2025-11-25T13:33:10+00:00","dateModified":"2026-02-10T10:11:12+00:00","description":"SKINLOVERS #2 veido losjonas su AHA r\u016bg\u0161timis \u0161velniai eksfoliuoja, ma\u017eina poras, dr\u0117kina ir suteikia odai \u0161vyt\u0117jimo. Su hamamelio ekstraktu jautriai odai.","breadcrumb":{"@id":"https:\/\/www.malinashop.lt\/shop\/skinlovers-eksfoliuojantis-veido-losjonas-su-aha-rugstimis-exfoliating-face-lotion-with-aha-100ml\/#breadcrumb"},"inLanguage":"lt-LT","potentialAction":[{"@type":"ReadAction","target":["https:\/\/www.malinashop.lt\/shop\/skinlovers-eksfoliuojantis-veido-losjonas-su-aha-rugstimis-exfoliating-face-lotion-with-aha-100ml\/"]}]},{"@type":"ImageObject","inLanguage":"lt-LT","@id":"https:\/\/www.malinashop.lt\/shop\/skinlovers-eksfoliuojantis-veido-losjonas-su-aha-rugstimis-exfoliating-face-lotion-with-aha-100ml\/#primaryimage","url":"https:\/\/www.malinashop.lt\/wp-content\/uploads\/2025\/11\/lotion1-1.png","contentUrl":"https:\/\/www.malinashop.lt\/wp-content\/uploads\/2025\/11\/lotion1-1.png","width":2048,"height":2048},{"@type":"BreadcrumbList","@id":"https:\/\/www.malinashop.lt\/shop\/skinlovers-eksfoliuojantis-veido-losjonas-su-aha-rugstimis-exfoliating-face-lotion-with-aha-100ml\/#breadcrumb","itemListElement":[{"@type":"ListItem","position":1,"name":"Pagrindinis","item":"https:\/\/www.malinashop.lt\/"},{"@type":"ListItem","position":2,"name":"Parduotuv\u0117","item":"https:\/\/www.malinashop.lt\/en\/parduotuve\/"},{"@type":"ListItem","position":3,"name":"SKINLOVERS eksfoliuojantis veido losjonas su AHA r\u016bg\u0161timis EXFOLIATING FACE LOTION WITH AHA, 100ml"}]},{"@type":"WebSite","@id":"https:\/\/www.malinashop.lt\/#website","url":"https:\/\/www.malinashop.lt\/","name":"COM Group Ecommerce","description":"MalinaShop.lt - Gro\u017eio ir sveikatos produktai i\u0161 patikim\u0173 preki\u0173 \u017eenkl\u0173. Atraskite auk\u0161tos kokyb\u0117s kosmetik\u0105 u\u017e puiki\u0105 kain\u0105.","publisher":{"@id":"https:\/\/www.malinashop.lt\/#organization"},"potentialAction":[{"@type":"SearchAction","target":{"@type":"EntryPoint","urlTemplate":"https:\/\/www.malinashop.lt\/?s={search_term_string}"},"query-input":{"@type":"PropertyValueSpecification","valueRequired":true,"valueName":"search_term_string"}}],"inLanguage":"lt-LT"},{"@type":"Organization","@id":"https:\/\/www.malinashop.lt\/#organization","name":"COM Group Ecommerce","url":"https:\/\/www.malinashop.lt\/","logo":{"@type":"ImageObject","inLanguage":"lt-LT","@id":"https:\/\/www.malinashop.lt\/#\/schema\/logo\/image\/","url":"https:\/\/www.malinashop.lt\/wp-content\/uploads\/2024\/08\/462559670_3787732518133670_9795632669273463_n-e1731525914575.png","contentUrl":"https:\/\/www.malinashop.lt\/wp-content\/uploads\/2024\/08\/462559670_3787732518133670_9795632669273463_n-e1731525914575.png","width":180,"height":60,"caption":"COM Group Ecommerce"},"image":{"@id":"https:\/\/www.malinashop.lt\/#\/schema\/logo\/image\/"}}]}},"jetpack_sharing_enabled":true,"_links":{"self":[{"href":"https:\/\/www.malinashop.lt\/lt_lt\/wp-json\/wp\/v2\/product\/69057","targetHints":{"allow":["GET"]}}],"collection":[{"href":"https:\/\/www.malinashop.lt\/lt_lt\/wp-json\/wp\/v2\/product"}],"about":[{"href":"https:\/\/www.malinashop.lt\/lt_lt\/wp-json\/wp\/v2\/types\/product"}],"version-history":[{"count":2,"href":"https:\/\/www.malinashop.lt\/lt_lt\/wp-json\/wp\/v2\/product\/69057\/revisions"}],"predecessor-version":[{"id":72012,"href":"https:\/\/www.malinashop.lt\/lt_lt\/wp-json\/wp\/v2\/product\/69057\/revisions\/72012"}],"wp:featuredmedia":[{"embeddable":true,"href":"https:\/\/www.malinashop.lt\/lt_lt\/wp-json\/wp\/v2\/media\/62342"}],"wp:attachment":[{"href":"https:\/\/www.malinashop.lt\/lt_lt\/wp-json\/wp\/v2\/media?parent=69057"}],"wp:term":[{"taxonomy":"product_brand","embeddable":true,"href":"https:\/\/www.malinashop.lt\/lt_lt\/wp-json\/wp\/v2\/product_brand?post=69057"},{"taxonomy":"product_cat","embeddable":true,"href":"https:\/\/www.malinashop.lt\/lt_lt\/wp-json\/wp\/v2\/product_cat?post=69057"},{"taxonomy":"product_tag","embeddable":true,"href":"https:\/\/www.malinashop.lt\/lt_lt\/wp-json\/wp\/v2\/product_tag?post=69057"}],"curies":[{"name":"wp","href":"https:\/\/api.w.org\/{rel}","templated":true}]}}