{"id":69055,"date":"2025-11-25T16:33:10","date_gmt":"2025-11-25T13:33:10","guid":{"rendered":"https:\/\/malinashop.lt\/?post_type=product&#038;p=69055"},"modified":"2026-02-10T13:11:12","modified_gmt":"2026-02-10T10:11:12","slug":"skinlovers-aliejinis-serumas-odos-svytejimui-balancing-botanical-oil","status":"publish","type":"product","link":"https:\/\/www.malinashop.lt\/lt_lt\/shop\/skinlovers-aliejinis-serumas-odos-svytejimui-balancing-botanical-oil\/","title":{"rendered":"SKINLOVERS BALANCING BOTANICAL OIL aliejinis serumas odos \u0161vyt\u0117jimui, 15 ml"},"content":{"rendered":"<p data-start=\"219\" data-end=\"570\"><strong data-start=\"219\" data-end=\"299\">SKINLOVERS aliejinis serumas odos \u0161vyt\u0117jimui BALANCING BOTANICAL OIL (15 ml)<\/strong> \u2013 tai intensyviai dr\u0117kinanti veido odos prie\u017ei\u016bros priemon\u0117, sukurta atkurti nat\u016brali\u0105 dr\u0117gm\u0117s ir riebal\u0173 pusiausvyr\u0105. \u0160is lengvos tekst\u016bros, organi\u0161kos sud\u0117ties aliejinis serumas ramina sudirgusi\u0105 od\u0105, ma\u017eina kapiliar\u0173 matomum\u0105 ir suteikia \u0161vytint\u012f, \u0161veln\u0173 odos efekt\u0105.<\/p>\n<p data-start=\"572\" data-end=\"820\">D\u0117l savo i\u0161grynintos formul\u0117s serumas puikiai tinka <strong data-start=\"624\" data-end=\"647\">visiems odos tipams<\/strong>, ta\u010diau ypa\u010d rekomenduojamas <strong data-start=\"677\" data-end=\"732\">jautriai, sudirgusiai, sausai ir papilk\u0117jusiai odai<\/strong>. Reguliariai naudojamas padeda pagerinti odos tonus\u0105, elastingum\u0105 ir bendr\u0105 odos b\u016bkl\u0119.<\/p>\n<p data-start=\"822\" data-end=\"850\"><strong data-start=\"822\" data-end=\"850\">Pagrindiniai privalumai:<\/strong><\/p>\n<ul data-start=\"851\" data-end=\"1087\">\n<li data-start=\"851\" data-end=\"891\">\n<p data-start=\"853\" data-end=\"891\">Intensyviai dr\u0117kina ir mink\u0161tina od\u0105<\/p>\n<\/li>\n<li data-start=\"892\" data-end=\"930\">\n<p data-start=\"894\" data-end=\"930\">Balansuoja riebal\u0173 (lipid\u0173) gamyb\u0105<\/p>\n<\/li>\n<li data-start=\"931\" data-end=\"972\">\n<p data-start=\"933\" data-end=\"972\">Padeda atkurti nat\u016bral\u0173 odos spindes\u012f<\/p>\n<\/li>\n<li data-start=\"973\" data-end=\"1008\">\n<p data-start=\"975\" data-end=\"1008\">Ramina sudirgimus ir paraudimus<\/p>\n<\/li>\n<li data-start=\"1009\" data-end=\"1048\">\n<p data-start=\"1011\" data-end=\"1048\">Pagerina odos tonus\u0105 ir elastingum\u0105<\/p>\n<\/li>\n<li data-start=\"1049\" data-end=\"1087\">\n<p data-start=\"1051\" data-end=\"1087\">Lengvai \u012fsigeria, neapsunkina odos<\/p>\n<\/li>\n<\/ul>\n<p data-start=\"1089\" data-end=\"1195\">\u0160is aliejinis serumas \u2013 idealus pasirinkimas siekiantiems lygesn\u0117s, sveikesn\u0117s ir \u0161vytin\u010dios odos kasdien.<\/p>\n","protected":false},"excerpt":{"rendered":"<p data-start=\"1236\" data-end=\"1471\">SKINLOVERS BALANCING BOTANICAL OIL \u2013 tai organi\u0161kas aliejinis serumas, atkuriantis odos dr\u0117gm\u0117s ir riebal\u0173 balans\u0105. Ramina sudirgusi\u0105 od\u0105, gerina tonus\u0105, suteikia \u0161vyt\u0117jimo ir elastingumo. Tinka visiems odos tipams, ypa\u010d jautriai odai.<\/p>\n","protected":false},"featured_media":62335,"template":"","meta":[],"product_brand":[1528],"product_cat":[550,728],"product_tag":[1622],"class_list":{"0":"post-69055","1":"product","2":"type-product","3":"status-publish","4":"has-post-thumbnail","6":"product_brand-skinlovers","7":"product_cat-veido-serumai","8":"product_cat-veidui","9":"product_tag-skinlovers","11":"first","12":"instock","13":"purchasable","14":"product-type-simple"},"yoast_head":"<!-- This site is optimized with the Yoast SEO plugin v27.4 - https:\/\/yoast.com\/product\/yoast-seo-wordpress\/ -->\n<title>SKINLOVERS BALANCING BOTANICAL OIL aliejinis serumas odos \u0161vyt\u0117jimui, 15 ml - MalinaShop.lt J\u016bs\u0173 sveikatai ir gro\u017eiui.<\/title>\n<meta name=\"description\" content=\"SKINLOVERS aliejinis serumas subalansuoja od\u0105, ramina sudirgimus ir suteikia \u0161vyt\u0117jim\u0105. Tinka visiems odos tipams, ypa\u010d jautriai odai. 15 ml.\" \/>\n<meta name=\"robots\" content=\"index, follow, max-snippet:-1, max-image-preview:large, max-video-preview:-1\" \/>\n<link rel=\"canonical\" href=\"https:\/\/www.malinashop.lt\/lt_lt\/shop\/skinlovers-aliejinis-serumas-odos-svytejimui-balancing-botanical-oil\/\" \/>\n<meta property=\"og:locale\" content=\"lt_LT\" \/>\n<meta property=\"og:type\" content=\"article\" \/>\n<meta property=\"og:title\" content=\"SKINLOVERS BALANCING BOTANICAL OIL aliejinis serumas odos \u0161vyt\u0117jimui, 15 ml - MalinaShop.lt J\u016bs\u0173 sveikatai ir gro\u017eiui.\" \/>\n<meta property=\"og:description\" content=\"SKINLOVERS aliejinis serumas subalansuoja od\u0105, ramina sudirgimus ir suteikia \u0161vyt\u0117jim\u0105. Tinka visiems odos tipams, ypa\u010d jautriai odai. 15 ml.\" \/>\n<meta property=\"og:url\" content=\"https:\/\/www.malinashop.lt\/lt_lt\/shop\/skinlovers-aliejinis-serumas-odos-svytejimui-balancing-botanical-oil\/\" \/>\n<meta property=\"og:site_name\" content=\"MalinaShop.lt J\u016bs\u0173 sveikatai ir gro\u017eiui.\" \/>\n<meta property=\"article:modified_time\" content=\"2026-02-10T10:11:12+00:00\" \/>\n<meta property=\"og:image\" content=\"https:\/\/www.malinashop.lt\/wp-content\/uploads\/2025\/11\/oil1.png\" \/>\n\t<meta property=\"og:image:width\" content=\"2048\" \/>\n\t<meta property=\"og:image:height\" content=\"2048\" \/>\n\t<meta property=\"og:image:type\" content=\"image\/png\" \/>\n<meta name=\"twitter:card\" content=\"summary_large_image\" \/>\n<script type=\"application\/ld+json\" class=\"yoast-schema-graph\">{\"@context\":\"https:\\\/\\\/schema.org\",\"@graph\":[{\"@type\":\"WebPage\",\"@id\":\"https:\\\/\\\/www.malinashop.lt\\\/shop\\\/skinlovers-aliejinis-serumas-odos-svytejimui-balancing-botanical-oil\\\/\",\"url\":\"https:\\\/\\\/www.malinashop.lt\\\/shop\\\/skinlovers-aliejinis-serumas-odos-svytejimui-balancing-botanical-oil\\\/\",\"name\":\"SKINLOVERS BALANCING BOTANICAL OIL aliejinis serumas odos \u0161vyt\u0117jimui, 15 ml - MalinaShop.lt J\u016bs\u0173 sveikatai ir gro\u017eiui.\",\"isPartOf\":{\"@id\":\"https:\\\/\\\/www.malinashop.lt\\\/#website\"},\"primaryImageOfPage\":{\"@id\":\"https:\\\/\\\/www.malinashop.lt\\\/shop\\\/skinlovers-aliejinis-serumas-odos-svytejimui-balancing-botanical-oil\\\/#primaryimage\"},\"image\":{\"@id\":\"https:\\\/\\\/www.malinashop.lt\\\/shop\\\/skinlovers-aliejinis-serumas-odos-svytejimui-balancing-botanical-oil\\\/#primaryimage\"},\"thumbnailUrl\":\"https:\\\/\\\/www.malinashop.lt\\\/wp-content\\\/uploads\\\/2025\\\/11\\\/oil1.png\",\"datePublished\":\"2025-11-25T13:33:10+00:00\",\"dateModified\":\"2026-02-10T10:11:12+00:00\",\"description\":\"SKINLOVERS aliejinis serumas subalansuoja od\u0105, ramina sudirgimus ir suteikia \u0161vyt\u0117jim\u0105. Tinka visiems odos tipams, ypa\u010d jautriai odai. 15 ml.\",\"breadcrumb\":{\"@id\":\"https:\\\/\\\/www.malinashop.lt\\\/shop\\\/skinlovers-aliejinis-serumas-odos-svytejimui-balancing-botanical-oil\\\/#breadcrumb\"},\"inLanguage\":\"lt-LT\",\"potentialAction\":[{\"@type\":\"ReadAction\",\"target\":[\"https:\\\/\\\/www.malinashop.lt\\\/shop\\\/skinlovers-aliejinis-serumas-odos-svytejimui-balancing-botanical-oil\\\/\"]}]},{\"@type\":\"ImageObject\",\"inLanguage\":\"lt-LT\",\"@id\":\"https:\\\/\\\/www.malinashop.lt\\\/shop\\\/skinlovers-aliejinis-serumas-odos-svytejimui-balancing-botanical-oil\\\/#primaryimage\",\"url\":\"https:\\\/\\\/www.malinashop.lt\\\/wp-content\\\/uploads\\\/2025\\\/11\\\/oil1.png\",\"contentUrl\":\"https:\\\/\\\/www.malinashop.lt\\\/wp-content\\\/uploads\\\/2025\\\/11\\\/oil1.png\",\"width\":2048,\"height\":2048},{\"@type\":\"BreadcrumbList\",\"@id\":\"https:\\\/\\\/www.malinashop.lt\\\/shop\\\/skinlovers-aliejinis-serumas-odos-svytejimui-balancing-botanical-oil\\\/#breadcrumb\",\"itemListElement\":[{\"@type\":\"ListItem\",\"position\":1,\"name\":\"Pagrindinis\",\"item\":\"https:\\\/\\\/www.malinashop.lt\\\/\"},{\"@type\":\"ListItem\",\"position\":2,\"name\":\"Parduotuv\u0117\",\"item\":\"https:\\\/\\\/www.malinashop.lt\\\/en\\\/parduotuve\\\/\"},{\"@type\":\"ListItem\",\"position\":3,\"name\":\"SKINLOVERS BALANCING BOTANICAL OIL aliejinis serumas odos \u0161vyt\u0117jimui, 15 ml\"}]},{\"@type\":\"WebSite\",\"@id\":\"https:\\\/\\\/www.malinashop.lt\\\/#website\",\"url\":\"https:\\\/\\\/www.malinashop.lt\\\/\",\"name\":\"COM Group Ecommerce\",\"description\":\"MalinaShop.lt - Gro\u017eio ir sveikatos produktai i\u0161 patikim\u0173 preki\u0173 \u017eenkl\u0173. Atraskite auk\u0161tos kokyb\u0117s kosmetik\u0105 u\u017e puiki\u0105 kain\u0105.\",\"publisher\":{\"@id\":\"https:\\\/\\\/www.malinashop.lt\\\/#organization\"},\"potentialAction\":[{\"@type\":\"SearchAction\",\"target\":{\"@type\":\"EntryPoint\",\"urlTemplate\":\"https:\\\/\\\/www.malinashop.lt\\\/?s={search_term_string}\"},\"query-input\":{\"@type\":\"PropertyValueSpecification\",\"valueRequired\":true,\"valueName\":\"search_term_string\"}}],\"inLanguage\":\"lt-LT\"},{\"@type\":\"Organization\",\"@id\":\"https:\\\/\\\/www.malinashop.lt\\\/#organization\",\"name\":\"COM Group Ecommerce\",\"url\":\"https:\\\/\\\/www.malinashop.lt\\\/\",\"logo\":{\"@type\":\"ImageObject\",\"inLanguage\":\"lt-LT\",\"@id\":\"https:\\\/\\\/www.malinashop.lt\\\/#\\\/schema\\\/logo\\\/image\\\/\",\"url\":\"https:\\\/\\\/www.malinashop.lt\\\/wp-content\\\/uploads\\\/2024\\\/08\\\/462559670_3787732518133670_9795632669273463_n-e1731525914575.png\",\"contentUrl\":\"https:\\\/\\\/www.malinashop.lt\\\/wp-content\\\/uploads\\\/2024\\\/08\\\/462559670_3787732518133670_9795632669273463_n-e1731525914575.png\",\"width\":180,\"height\":60,\"caption\":\"COM Group Ecommerce\"},\"image\":{\"@id\":\"https:\\\/\\\/www.malinashop.lt\\\/#\\\/schema\\\/logo\\\/image\\\/\"}}]}<\/script>\n<!-- \/ Yoast SEO plugin. -->","yoast_head_json":{"title":"SKINLOVERS BALANCING BOTANICAL OIL aliejinis serumas odos \u0161vyt\u0117jimui, 15 ml - MalinaShop.lt J\u016bs\u0173 sveikatai ir gro\u017eiui.","description":"SKINLOVERS aliejinis serumas subalansuoja od\u0105, ramina sudirgimus ir suteikia \u0161vyt\u0117jim\u0105. Tinka visiems odos tipams, ypa\u010d jautriai odai. 15 ml.","robots":{"index":"index","follow":"follow","max-snippet":"max-snippet:-1","max-image-preview":"max-image-preview:large","max-video-preview":"max-video-preview:-1"},"canonical":"https:\/\/www.malinashop.lt\/lt_lt\/shop\/skinlovers-aliejinis-serumas-odos-svytejimui-balancing-botanical-oil\/","og_locale":"lt_LT","og_type":"article","og_title":"SKINLOVERS BALANCING BOTANICAL OIL aliejinis serumas odos \u0161vyt\u0117jimui, 15 ml - MalinaShop.lt J\u016bs\u0173 sveikatai ir gro\u017eiui.","og_description":"SKINLOVERS aliejinis serumas subalansuoja od\u0105, ramina sudirgimus ir suteikia \u0161vyt\u0117jim\u0105. Tinka visiems odos tipams, ypa\u010d jautriai odai. 15 ml.","og_url":"https:\/\/www.malinashop.lt\/lt_lt\/shop\/skinlovers-aliejinis-serumas-odos-svytejimui-balancing-botanical-oil\/","og_site_name":"MalinaShop.lt J\u016bs\u0173 sveikatai ir gro\u017eiui.","article_modified_time":"2026-02-10T10:11:12+00:00","og_image":[{"width":2048,"height":2048,"url":"https:\/\/www.malinashop.lt\/wp-content\/uploads\/2025\/11\/oil1.png","type":"image\/png"}],"twitter_card":"summary_large_image","schema":{"@context":"https:\/\/schema.org","@graph":[{"@type":"WebPage","@id":"https:\/\/www.malinashop.lt\/shop\/skinlovers-aliejinis-serumas-odos-svytejimui-balancing-botanical-oil\/","url":"https:\/\/www.malinashop.lt\/shop\/skinlovers-aliejinis-serumas-odos-svytejimui-balancing-botanical-oil\/","name":"SKINLOVERS BALANCING BOTANICAL OIL aliejinis serumas odos \u0161vyt\u0117jimui, 15 ml - MalinaShop.lt J\u016bs\u0173 sveikatai ir gro\u017eiui.","isPartOf":{"@id":"https:\/\/www.malinashop.lt\/#website"},"primaryImageOfPage":{"@id":"https:\/\/www.malinashop.lt\/shop\/skinlovers-aliejinis-serumas-odos-svytejimui-balancing-botanical-oil\/#primaryimage"},"image":{"@id":"https:\/\/www.malinashop.lt\/shop\/skinlovers-aliejinis-serumas-odos-svytejimui-balancing-botanical-oil\/#primaryimage"},"thumbnailUrl":"https:\/\/www.malinashop.lt\/wp-content\/uploads\/2025\/11\/oil1.png","datePublished":"2025-11-25T13:33:10+00:00","dateModified":"2026-02-10T10:11:12+00:00","description":"SKINLOVERS aliejinis serumas subalansuoja od\u0105, ramina sudirgimus ir suteikia \u0161vyt\u0117jim\u0105. Tinka visiems odos tipams, ypa\u010d jautriai odai. 15 ml.","breadcrumb":{"@id":"https:\/\/www.malinashop.lt\/shop\/skinlovers-aliejinis-serumas-odos-svytejimui-balancing-botanical-oil\/#breadcrumb"},"inLanguage":"lt-LT","potentialAction":[{"@type":"ReadAction","target":["https:\/\/www.malinashop.lt\/shop\/skinlovers-aliejinis-serumas-odos-svytejimui-balancing-botanical-oil\/"]}]},{"@type":"ImageObject","inLanguage":"lt-LT","@id":"https:\/\/www.malinashop.lt\/shop\/skinlovers-aliejinis-serumas-odos-svytejimui-balancing-botanical-oil\/#primaryimage","url":"https:\/\/www.malinashop.lt\/wp-content\/uploads\/2025\/11\/oil1.png","contentUrl":"https:\/\/www.malinashop.lt\/wp-content\/uploads\/2025\/11\/oil1.png","width":2048,"height":2048},{"@type":"BreadcrumbList","@id":"https:\/\/www.malinashop.lt\/shop\/skinlovers-aliejinis-serumas-odos-svytejimui-balancing-botanical-oil\/#breadcrumb","itemListElement":[{"@type":"ListItem","position":1,"name":"Pagrindinis","item":"https:\/\/www.malinashop.lt\/"},{"@type":"ListItem","position":2,"name":"Parduotuv\u0117","item":"https:\/\/www.malinashop.lt\/en\/parduotuve\/"},{"@type":"ListItem","position":3,"name":"SKINLOVERS BALANCING BOTANICAL OIL aliejinis serumas odos \u0161vyt\u0117jimui, 15 ml"}]},{"@type":"WebSite","@id":"https:\/\/www.malinashop.lt\/#website","url":"https:\/\/www.malinashop.lt\/","name":"COM Group Ecommerce","description":"MalinaShop.lt - Gro\u017eio ir sveikatos produktai i\u0161 patikim\u0173 preki\u0173 \u017eenkl\u0173. Atraskite auk\u0161tos kokyb\u0117s kosmetik\u0105 u\u017e puiki\u0105 kain\u0105.","publisher":{"@id":"https:\/\/www.malinashop.lt\/#organization"},"potentialAction":[{"@type":"SearchAction","target":{"@type":"EntryPoint","urlTemplate":"https:\/\/www.malinashop.lt\/?s={search_term_string}"},"query-input":{"@type":"PropertyValueSpecification","valueRequired":true,"valueName":"search_term_string"}}],"inLanguage":"lt-LT"},{"@type":"Organization","@id":"https:\/\/www.malinashop.lt\/#organization","name":"COM Group Ecommerce","url":"https:\/\/www.malinashop.lt\/","logo":{"@type":"ImageObject","inLanguage":"lt-LT","@id":"https:\/\/www.malinashop.lt\/#\/schema\/logo\/image\/","url":"https:\/\/www.malinashop.lt\/wp-content\/uploads\/2024\/08\/462559670_3787732518133670_9795632669273463_n-e1731525914575.png","contentUrl":"https:\/\/www.malinashop.lt\/wp-content\/uploads\/2024\/08\/462559670_3787732518133670_9795632669273463_n-e1731525914575.png","width":180,"height":60,"caption":"COM Group Ecommerce"},"image":{"@id":"https:\/\/www.malinashop.lt\/#\/schema\/logo\/image\/"}}]}},"jetpack_sharing_enabled":true,"_links":{"self":[{"href":"https:\/\/www.malinashop.lt\/lt_lt\/wp-json\/wp\/v2\/product\/69055","targetHints":{"allow":["GET"]}}],"collection":[{"href":"https:\/\/www.malinashop.lt\/lt_lt\/wp-json\/wp\/v2\/product"}],"about":[{"href":"https:\/\/www.malinashop.lt\/lt_lt\/wp-json\/wp\/v2\/types\/product"}],"version-history":[{"count":2,"href":"https:\/\/www.malinashop.lt\/lt_lt\/wp-json\/wp\/v2\/product\/69055\/revisions"}],"predecessor-version":[{"id":72011,"href":"https:\/\/www.malinashop.lt\/lt_lt\/wp-json\/wp\/v2\/product\/69055\/revisions\/72011"}],"wp:featuredmedia":[{"embeddable":true,"href":"https:\/\/www.malinashop.lt\/lt_lt\/wp-json\/wp\/v2\/media\/62335"}],"wp:attachment":[{"href":"https:\/\/www.malinashop.lt\/lt_lt\/wp-json\/wp\/v2\/media?parent=69055"}],"wp:term":[{"taxonomy":"product_brand","embeddable":true,"href":"https:\/\/www.malinashop.lt\/lt_lt\/wp-json\/wp\/v2\/product_brand?post=69055"},{"taxonomy":"product_cat","embeddable":true,"href":"https:\/\/www.malinashop.lt\/lt_lt\/wp-json\/wp\/v2\/product_cat?post=69055"},{"taxonomy":"product_tag","embeddable":true,"href":"https:\/\/www.malinashop.lt\/lt_lt\/wp-json\/wp\/v2\/product_tag?post=69055"}],"curies":[{"name":"wp","href":"https:\/\/api.w.org\/{rel}","templated":true}]}}