{"id":69051,"date":"2025-11-25T16:33:10","date_gmt":"2025-11-25T13:33:10","guid":{"rendered":"https:\/\/malinashop.lt\/?post_type=product&#038;p=69051"},"modified":"2026-02-10T13:11:12","modified_gmt":"2026-02-10T10:11:12","slug":"skinlovers-giliai-valanti-kauke-su-aha-bha-rugstimis-clarifying-mask-with-aha-bha-acids","status":"publish","type":"product","link":"https:\/\/www.malinashop.lt\/lt_lt\/shop\/skinlovers-giliai-valanti-kauke-su-aha-bha-rugstimis-clarifying-mask-with-aha-bha-acids\/","title":{"rendered":"SKINLOVERS CLARIFYING MASK WITH AHA + BHA ACIDS giliai valanti kauk\u0117 su AHA + BHA r\u016bg\u0161timis, 50ml"},"content":{"rendered":"<p data-start=\"32\" data-end=\"399\"><strong data-start=\"32\" data-end=\"96\">SKINLOVERS giliai valanti veido kauk\u0117 su AHA + BHA r\u016bg\u0161timis<\/strong> \u2013 tai intensyviai valanti kauk\u0117, skirta mi\u0161riai ir riebiai odai, linkusiai \u012f b\u0117rimus, ink\u0161tirus bei akn\u0117s pa\u017eeidimus. Formul\u0117je esantys AHA ir BHA r\u016bg\u0161\u010di\u0173 kompleksai giliai prasiskverbia \u012f poras, pa\u0161alina ne\u0161varumus ir perteklin\u012f sebum\u0105, tuo pa\u010diu \u0161velniai eksfolijuoja ir skatina odos atsinaujinim\u0105.<\/p>\n<p data-start=\"401\" data-end=\"741\">Nat\u016bral\u016bs ingredientai padeda suma\u017einti u\u017esikim\u0161usias poras, gerina odos ton\u0105 ir suteikia \u0161varos poj\u016bt\u012f. Kauk\u0117 lengvai pasiskirsto ant odos ir lengvai nusiplauna, palikdama od\u0105 gaivi\u0105, nuramint\u0105 ir vizualiai lygesn\u0119. Naudojant reguliariai, oda tampa skaistesn\u0117, suma\u017e\u0117ja ink\u0161tir\u0173 bei b\u0117rim\u0173 intensyvumas, atstatomas nat\u016bralus odos balansas.<\/p>\n<p data-start=\"743\" data-end=\"771\"><strong data-start=\"743\" data-end=\"771\">Pagrindiniai privalumai:<\/strong><\/p>\n<ul data-start=\"772\" data-end=\"965\">\n<li data-start=\"772\" data-end=\"826\">\n<p data-start=\"774\" data-end=\"826\">Efektyviai sugeria riebal\u0173 pertekli\u0173 ir ne\u0161varumus<\/p>\n<\/li>\n<li data-start=\"827\" data-end=\"867\">\n<p data-start=\"829\" data-end=\"867\">Ma\u017eina b\u0117rim\u0173 ir ink\u0161tir\u0173 atsiradim\u0105<\/p>\n<\/li>\n<li data-start=\"868\" data-end=\"889\">\n<p data-start=\"870\" data-end=\"889\">Giliai valo poras<\/p>\n<\/li>\n<li data-start=\"890\" data-end=\"931\">\n<p data-start=\"892\" data-end=\"931\">Padeda palaikyti odos dr\u0117gm\u0117s balans\u0105<\/p>\n<\/li>\n<li data-start=\"932\" data-end=\"965\">\n<p data-start=\"934\" data-end=\"965\">Slopina bakterij\u0173 dauginim\u0105si<\/p>\n<\/li>\n<\/ul>\n","protected":false},"excerpt":{"rendered":"<p data-start=\"1008\" data-end=\"1257\">Giliai valanti SKINLOVERS veido kauk\u0117 su AHA + BHA r\u016bg\u0161timis intensyviai valo poras, ma\u017eina ink\u0161tirus, b\u0117rimus ir perteklin\u012f sebum\u0105. Nat\u016brali formul\u0117 skatina odos regeneracij\u0105 ir palaiko dr\u0117gm\u0117s balans\u0105, o lengva tekst\u016bra u\u017etikrina patog\u0173 naudojim\u0105.<\/p>\n","protected":false},"featured_media":62322,"template":"","meta":[],"product_brand":[1528],"product_cat":[553,728],"product_tag":[1622],"class_list":{"0":"post-69051","1":"product","2":"type-product","3":"status-publish","4":"has-post-thumbnail","6":"product_brand-skinlovers","7":"product_cat-veido-kaukes","8":"product_cat-veidui","9":"product_tag-skinlovers","11":"first","12":"instock","13":"purchasable","14":"product-type-simple"},"yoast_head":"<!-- This site is optimized with the Yoast SEO plugin v27.4 - https:\/\/yoast.com\/product\/yoast-seo-wordpress\/ -->\n<title>SKINLOVERS CLARIFYING MASK WITH AHA + BHA ACIDS giliai valanti kauk\u0117 su AHA + BHA r\u016bg\u0161timis, 50ml - MalinaShop.lt J\u016bs\u0173 sveikatai ir gro\u017eiui.<\/title>\n<meta name=\"description\" content=\"SKINLOVERS giliai valanti kauk\u0117 su AHA + BHA r\u016bg\u0161timis ma\u017eina ink\u0161tirus, valo poras ir balansuoja riebios odos b\u016bkl\u0119. Ideali mi\u0161riai ir probleminei odai.\" \/>\n<meta name=\"robots\" content=\"index, follow, max-snippet:-1, max-image-preview:large, max-video-preview:-1\" \/>\n<link rel=\"canonical\" href=\"https:\/\/www.malinashop.lt\/lt_lt\/shop\/skinlovers-giliai-valanti-kauke-su-aha-bha-rugstimis-clarifying-mask-with-aha-bha-acids\/\" \/>\n<meta property=\"og:locale\" content=\"lt_LT\" \/>\n<meta property=\"og:type\" content=\"article\" \/>\n<meta property=\"og:title\" content=\"SKINLOVERS CLARIFYING MASK WITH AHA + BHA ACIDS giliai valanti kauk\u0117 su AHA + BHA r\u016bg\u0161timis, 50ml - MalinaShop.lt J\u016bs\u0173 sveikatai ir gro\u017eiui.\" \/>\n<meta property=\"og:description\" content=\"SKINLOVERS giliai valanti kauk\u0117 su AHA + BHA r\u016bg\u0161timis ma\u017eina ink\u0161tirus, valo poras ir balansuoja riebios odos b\u016bkl\u0119. Ideali mi\u0161riai ir probleminei odai.\" \/>\n<meta property=\"og:url\" content=\"https:\/\/www.malinashop.lt\/lt_lt\/shop\/skinlovers-giliai-valanti-kauke-su-aha-bha-rugstimis-clarifying-mask-with-aha-bha-acids\/\" \/>\n<meta property=\"og:site_name\" content=\"MalinaShop.lt J\u016bs\u0173 sveikatai ir gro\u017eiui.\" \/>\n<meta property=\"article:modified_time\" content=\"2026-02-10T10:11:12+00:00\" \/>\n<meta property=\"og:image\" content=\"https:\/\/www.malinashop.lt\/wp-content\/uploads\/2025\/11\/mask1.png\" \/>\n\t<meta property=\"og:image:width\" content=\"2048\" \/>\n\t<meta property=\"og:image:height\" content=\"2048\" \/>\n\t<meta property=\"og:image:type\" content=\"image\/png\" \/>\n<meta name=\"twitter:card\" content=\"summary_large_image\" \/>\n<script type=\"application\/ld+json\" class=\"yoast-schema-graph\">{\"@context\":\"https:\\\/\\\/schema.org\",\"@graph\":[{\"@type\":\"WebPage\",\"@id\":\"https:\\\/\\\/www.malinashop.lt\\\/lt_lt\\\/shop\\\/skinlovers-giliai-valanti-kauke-su-aha-bha-rugstimis-clarifying-mask-with-aha-bha-acids\\\/\",\"url\":\"https:\\\/\\\/www.malinashop.lt\\\/lt_lt\\\/shop\\\/skinlovers-giliai-valanti-kauke-su-aha-bha-rugstimis-clarifying-mask-with-aha-bha-acids\\\/\",\"name\":\"SKINLOVERS CLARIFYING MASK WITH AHA + BHA ACIDS giliai valanti kauk\u0117 su AHA + BHA r\u016bg\u0161timis, 50ml - MalinaShop.lt J\u016bs\u0173 sveikatai ir gro\u017eiui.\",\"isPartOf\":{\"@id\":\"https:\\\/\\\/www.malinashop.lt\\\/#website\"},\"primaryImageOfPage\":{\"@id\":\"https:\\\/\\\/www.malinashop.lt\\\/lt_lt\\\/shop\\\/skinlovers-giliai-valanti-kauke-su-aha-bha-rugstimis-clarifying-mask-with-aha-bha-acids\\\/#primaryimage\"},\"image\":{\"@id\":\"https:\\\/\\\/www.malinashop.lt\\\/lt_lt\\\/shop\\\/skinlovers-giliai-valanti-kauke-su-aha-bha-rugstimis-clarifying-mask-with-aha-bha-acids\\\/#primaryimage\"},\"thumbnailUrl\":\"https:\\\/\\\/www.malinashop.lt\\\/wp-content\\\/uploads\\\/2025\\\/11\\\/mask1.png\",\"datePublished\":\"2025-11-25T13:33:10+00:00\",\"dateModified\":\"2026-02-10T10:11:12+00:00\",\"description\":\"SKINLOVERS giliai valanti kauk\u0117 su AHA + BHA r\u016bg\u0161timis ma\u017eina ink\u0161tirus, valo poras ir balansuoja riebios odos b\u016bkl\u0119. Ideali mi\u0161riai ir probleminei odai.\",\"breadcrumb\":{\"@id\":\"https:\\\/\\\/www.malinashop.lt\\\/lt_lt\\\/shop\\\/skinlovers-giliai-valanti-kauke-su-aha-bha-rugstimis-clarifying-mask-with-aha-bha-acids\\\/#breadcrumb\"},\"inLanguage\":\"lt-LT\",\"potentialAction\":[{\"@type\":\"ReadAction\",\"target\":[\"https:\\\/\\\/www.malinashop.lt\\\/lt_lt\\\/shop\\\/skinlovers-giliai-valanti-kauke-su-aha-bha-rugstimis-clarifying-mask-with-aha-bha-acids\\\/\"]}]},{\"@type\":\"ImageObject\",\"inLanguage\":\"lt-LT\",\"@id\":\"https:\\\/\\\/www.malinashop.lt\\\/lt_lt\\\/shop\\\/skinlovers-giliai-valanti-kauke-su-aha-bha-rugstimis-clarifying-mask-with-aha-bha-acids\\\/#primaryimage\",\"url\":\"https:\\\/\\\/www.malinashop.lt\\\/wp-content\\\/uploads\\\/2025\\\/11\\\/mask1.png\",\"contentUrl\":\"https:\\\/\\\/www.malinashop.lt\\\/wp-content\\\/uploads\\\/2025\\\/11\\\/mask1.png\",\"width\":2048,\"height\":2048},{\"@type\":\"BreadcrumbList\",\"@id\":\"https:\\\/\\\/www.malinashop.lt\\\/lt_lt\\\/shop\\\/skinlovers-giliai-valanti-kauke-su-aha-bha-rugstimis-clarifying-mask-with-aha-bha-acids\\\/#breadcrumb\",\"itemListElement\":[{\"@type\":\"ListItem\",\"position\":1,\"name\":\"Pagrindinis\",\"item\":\"https:\\\/\\\/www.malinashop.lt\\\/\"},{\"@type\":\"ListItem\",\"position\":2,\"name\":\"Parduotuv\u0117\",\"item\":\"https:\\\/\\\/www.malinashop.lt\\\/en\\\/parduotuve\\\/\"},{\"@type\":\"ListItem\",\"position\":3,\"name\":\"SKINLOVERS CLARIFYING MASK WITH AHA + BHA ACIDS giliai valanti kauk\u0117 su AHA + BHA r\u016bg\u0161timis, 50ml\"}]},{\"@type\":\"WebSite\",\"@id\":\"https:\\\/\\\/www.malinashop.lt\\\/#website\",\"url\":\"https:\\\/\\\/www.malinashop.lt\\\/\",\"name\":\"COM Group Ecommerce\",\"description\":\"MalinaShop.lt - Gro\u017eio ir sveikatos produktai i\u0161 patikim\u0173 preki\u0173 \u017eenkl\u0173. Atraskite auk\u0161tos kokyb\u0117s kosmetik\u0105 u\u017e puiki\u0105 kain\u0105.\",\"publisher\":{\"@id\":\"https:\\\/\\\/www.malinashop.lt\\\/#organization\"},\"potentialAction\":[{\"@type\":\"SearchAction\",\"target\":{\"@type\":\"EntryPoint\",\"urlTemplate\":\"https:\\\/\\\/www.malinashop.lt\\\/?s={search_term_string}\"},\"query-input\":{\"@type\":\"PropertyValueSpecification\",\"valueRequired\":true,\"valueName\":\"search_term_string\"}}],\"inLanguage\":\"lt-LT\"},{\"@type\":\"Organization\",\"@id\":\"https:\\\/\\\/www.malinashop.lt\\\/#organization\",\"name\":\"COM Group Ecommerce\",\"url\":\"https:\\\/\\\/www.malinashop.lt\\\/\",\"logo\":{\"@type\":\"ImageObject\",\"inLanguage\":\"lt-LT\",\"@id\":\"https:\\\/\\\/www.malinashop.lt\\\/#\\\/schema\\\/logo\\\/image\\\/\",\"url\":\"https:\\\/\\\/www.malinashop.lt\\\/wp-content\\\/uploads\\\/2024\\\/08\\\/462559670_3787732518133670_9795632669273463_n-e1731525914575.png\",\"contentUrl\":\"https:\\\/\\\/www.malinashop.lt\\\/wp-content\\\/uploads\\\/2024\\\/08\\\/462559670_3787732518133670_9795632669273463_n-e1731525914575.png\",\"width\":180,\"height\":60,\"caption\":\"COM Group Ecommerce\"},\"image\":{\"@id\":\"https:\\\/\\\/www.malinashop.lt\\\/#\\\/schema\\\/logo\\\/image\\\/\"}}]}<\/script>\n<!-- \/ Yoast SEO plugin. -->","yoast_head_json":{"title":"SKINLOVERS CLARIFYING MASK WITH AHA + BHA ACIDS giliai valanti kauk\u0117 su AHA + BHA r\u016bg\u0161timis, 50ml - MalinaShop.lt J\u016bs\u0173 sveikatai ir gro\u017eiui.","description":"SKINLOVERS giliai valanti kauk\u0117 su AHA + BHA r\u016bg\u0161timis ma\u017eina ink\u0161tirus, valo poras ir balansuoja riebios odos b\u016bkl\u0119. Ideali mi\u0161riai ir probleminei odai.","robots":{"index":"index","follow":"follow","max-snippet":"max-snippet:-1","max-image-preview":"max-image-preview:large","max-video-preview":"max-video-preview:-1"},"canonical":"https:\/\/www.malinashop.lt\/lt_lt\/shop\/skinlovers-giliai-valanti-kauke-su-aha-bha-rugstimis-clarifying-mask-with-aha-bha-acids\/","og_locale":"lt_LT","og_type":"article","og_title":"SKINLOVERS CLARIFYING MASK WITH AHA + BHA ACIDS giliai valanti kauk\u0117 su AHA + BHA r\u016bg\u0161timis, 50ml - MalinaShop.lt J\u016bs\u0173 sveikatai ir gro\u017eiui.","og_description":"SKINLOVERS giliai valanti kauk\u0117 su AHA + BHA r\u016bg\u0161timis ma\u017eina ink\u0161tirus, valo poras ir balansuoja riebios odos b\u016bkl\u0119. Ideali mi\u0161riai ir probleminei odai.","og_url":"https:\/\/www.malinashop.lt\/lt_lt\/shop\/skinlovers-giliai-valanti-kauke-su-aha-bha-rugstimis-clarifying-mask-with-aha-bha-acids\/","og_site_name":"MalinaShop.lt J\u016bs\u0173 sveikatai ir gro\u017eiui.","article_modified_time":"2026-02-10T10:11:12+00:00","og_image":[{"width":2048,"height":2048,"url":"https:\/\/www.malinashop.lt\/wp-content\/uploads\/2025\/11\/mask1.png","type":"image\/png"}],"twitter_card":"summary_large_image","schema":{"@context":"https:\/\/schema.org","@graph":[{"@type":"WebPage","@id":"https:\/\/www.malinashop.lt\/lt_lt\/shop\/skinlovers-giliai-valanti-kauke-su-aha-bha-rugstimis-clarifying-mask-with-aha-bha-acids\/","url":"https:\/\/www.malinashop.lt\/lt_lt\/shop\/skinlovers-giliai-valanti-kauke-su-aha-bha-rugstimis-clarifying-mask-with-aha-bha-acids\/","name":"SKINLOVERS CLARIFYING MASK WITH AHA + BHA ACIDS giliai valanti kauk\u0117 su AHA + BHA r\u016bg\u0161timis, 50ml - MalinaShop.lt J\u016bs\u0173 sveikatai ir gro\u017eiui.","isPartOf":{"@id":"https:\/\/www.malinashop.lt\/#website"},"primaryImageOfPage":{"@id":"https:\/\/www.malinashop.lt\/lt_lt\/shop\/skinlovers-giliai-valanti-kauke-su-aha-bha-rugstimis-clarifying-mask-with-aha-bha-acids\/#primaryimage"},"image":{"@id":"https:\/\/www.malinashop.lt\/lt_lt\/shop\/skinlovers-giliai-valanti-kauke-su-aha-bha-rugstimis-clarifying-mask-with-aha-bha-acids\/#primaryimage"},"thumbnailUrl":"https:\/\/www.malinashop.lt\/wp-content\/uploads\/2025\/11\/mask1.png","datePublished":"2025-11-25T13:33:10+00:00","dateModified":"2026-02-10T10:11:12+00:00","description":"SKINLOVERS giliai valanti kauk\u0117 su AHA + BHA r\u016bg\u0161timis ma\u017eina ink\u0161tirus, valo poras ir balansuoja riebios odos b\u016bkl\u0119. Ideali mi\u0161riai ir probleminei odai.","breadcrumb":{"@id":"https:\/\/www.malinashop.lt\/lt_lt\/shop\/skinlovers-giliai-valanti-kauke-su-aha-bha-rugstimis-clarifying-mask-with-aha-bha-acids\/#breadcrumb"},"inLanguage":"lt-LT","potentialAction":[{"@type":"ReadAction","target":["https:\/\/www.malinashop.lt\/lt_lt\/shop\/skinlovers-giliai-valanti-kauke-su-aha-bha-rugstimis-clarifying-mask-with-aha-bha-acids\/"]}]},{"@type":"ImageObject","inLanguage":"lt-LT","@id":"https:\/\/www.malinashop.lt\/lt_lt\/shop\/skinlovers-giliai-valanti-kauke-su-aha-bha-rugstimis-clarifying-mask-with-aha-bha-acids\/#primaryimage","url":"https:\/\/www.malinashop.lt\/wp-content\/uploads\/2025\/11\/mask1.png","contentUrl":"https:\/\/www.malinashop.lt\/wp-content\/uploads\/2025\/11\/mask1.png","width":2048,"height":2048},{"@type":"BreadcrumbList","@id":"https:\/\/www.malinashop.lt\/lt_lt\/shop\/skinlovers-giliai-valanti-kauke-su-aha-bha-rugstimis-clarifying-mask-with-aha-bha-acids\/#breadcrumb","itemListElement":[{"@type":"ListItem","position":1,"name":"Pagrindinis","item":"https:\/\/www.malinashop.lt\/"},{"@type":"ListItem","position":2,"name":"Parduotuv\u0117","item":"https:\/\/www.malinashop.lt\/en\/parduotuve\/"},{"@type":"ListItem","position":3,"name":"SKINLOVERS CLARIFYING MASK WITH AHA + BHA ACIDS giliai valanti kauk\u0117 su AHA + BHA r\u016bg\u0161timis, 50ml"}]},{"@type":"WebSite","@id":"https:\/\/www.malinashop.lt\/#website","url":"https:\/\/www.malinashop.lt\/","name":"COM Group Ecommerce","description":"MalinaShop.lt - Gro\u017eio ir sveikatos produktai i\u0161 patikim\u0173 preki\u0173 \u017eenkl\u0173. Atraskite auk\u0161tos kokyb\u0117s kosmetik\u0105 u\u017e puiki\u0105 kain\u0105.","publisher":{"@id":"https:\/\/www.malinashop.lt\/#organization"},"potentialAction":[{"@type":"SearchAction","target":{"@type":"EntryPoint","urlTemplate":"https:\/\/www.malinashop.lt\/?s={search_term_string}"},"query-input":{"@type":"PropertyValueSpecification","valueRequired":true,"valueName":"search_term_string"}}],"inLanguage":"lt-LT"},{"@type":"Organization","@id":"https:\/\/www.malinashop.lt\/#organization","name":"COM Group Ecommerce","url":"https:\/\/www.malinashop.lt\/","logo":{"@type":"ImageObject","inLanguage":"lt-LT","@id":"https:\/\/www.malinashop.lt\/#\/schema\/logo\/image\/","url":"https:\/\/www.malinashop.lt\/wp-content\/uploads\/2024\/08\/462559670_3787732518133670_9795632669273463_n-e1731525914575.png","contentUrl":"https:\/\/www.malinashop.lt\/wp-content\/uploads\/2024\/08\/462559670_3787732518133670_9795632669273463_n-e1731525914575.png","width":180,"height":60,"caption":"COM Group Ecommerce"},"image":{"@id":"https:\/\/www.malinashop.lt\/#\/schema\/logo\/image\/"}}]}},"jetpack_sharing_enabled":true,"_links":{"self":[{"href":"https:\/\/www.malinashop.lt\/lt_lt\/wp-json\/wp\/v2\/product\/69051","targetHints":{"allow":["GET"]}}],"collection":[{"href":"https:\/\/www.malinashop.lt\/lt_lt\/wp-json\/wp\/v2\/product"}],"about":[{"href":"https:\/\/www.malinashop.lt\/lt_lt\/wp-json\/wp\/v2\/types\/product"}],"version-history":[{"count":2,"href":"https:\/\/www.malinashop.lt\/lt_lt\/wp-json\/wp\/v2\/product\/69051\/revisions"}],"predecessor-version":[{"id":72023,"href":"https:\/\/www.malinashop.lt\/lt_lt\/wp-json\/wp\/v2\/product\/69051\/revisions\/72023"}],"wp:featuredmedia":[{"embeddable":true,"href":"https:\/\/www.malinashop.lt\/lt_lt\/wp-json\/wp\/v2\/media\/62322"}],"wp:attachment":[{"href":"https:\/\/www.malinashop.lt\/lt_lt\/wp-json\/wp\/v2\/media?parent=69051"}],"wp:term":[{"taxonomy":"product_brand","embeddable":true,"href":"https:\/\/www.malinashop.lt\/lt_lt\/wp-json\/wp\/v2\/product_brand?post=69051"},{"taxonomy":"product_cat","embeddable":true,"href":"https:\/\/www.malinashop.lt\/lt_lt\/wp-json\/wp\/v2\/product_cat?post=69051"},{"taxonomy":"product_tag","embeddable":true,"href":"https:\/\/www.malinashop.lt\/lt_lt\/wp-json\/wp\/v2\/product_tag?post=69051"}],"curies":[{"name":"wp","href":"https:\/\/api.w.org\/{rel}","templated":true}]}}