{"id":69045,"date":"2025-11-25T16:33:10","date_gmt":"2025-11-25T13:33:10","guid":{"rendered":"https:\/\/malinashop.lt\/?post_type=product&#038;p=69045"},"modified":"2026-02-10T13:11:11","modified_gmt":"2026-02-10T10:11:11","slug":"skinlovers-svarios-odos-serumas-berimu-ir-inkstiru-mazinimui-clarifying-skin-elixir-15-ml","status":"publish","type":"product","link":"https:\/\/www.malinashop.lt\/lt_lt\/shop\/skinlovers-svarios-odos-serumas-berimu-ir-inkstiru-mazinimui-clarifying-skin-elixir-15-ml\/","title":{"rendered":"SKINLOVERS \u0161varios odos serumas \u2013 b\u0117rim\u0173 ir ink\u0161tir\u0173 ma\u017einimui CLARIFYING SKIN ELIXIR, 15 ml"},"content":{"rendered":"<p data-start=\"160\" data-end=\"560\"><strong data-start=\"160\" data-end=\"202\">SKINLOVERS #3\u2019C Clarifying Skin Elixir<\/strong> \u2013 tai veiksmingas \u0161varios odos serumas, skirtas ma\u017einti b\u0117rimus, ink\u0161tirus ir sureguliuoti riebal\u0173 i\u0161siskyrim\u0105. Lengvos tekst\u016bros eliksyras harmonizuoja odos b\u016bkl\u0119, valo poras, skaistina veido od\u0105 ir padeda atkurti nat\u016brali\u0105 pusiausvyr\u0105. D\u0117l antibakterini\u0173 savybi\u0173 \u0161is serumas efektyviai kovoja su spuogais, por\u0173 u\u017esikim\u0161imu bei acn\u0117s bakterij\u0173 dauginimusi.<\/p>\n<p data-start=\"562\" data-end=\"807\">Aktyvios formul\u0117s d\u0117ka produktas skatina odos l\u0105steli\u0173 atsinaujinim\u0105, ma\u017eina u\u017edegiminius procesus ir prisideda prie lygesn\u0117s, glotnesn\u0117s, sveikiau atrodan\u010dios odos. Serumas taip pat padeda suma\u017einti odos blizg\u0117jim\u0105 ir nepalieka sausumo poj\u016b\u010dio.<\/p>\n<p data-start=\"809\" data-end=\"940\">Tinka riebiai, mi\u0161riai ir \u012f b\u0117rimus linkusiai odai, taip pat visiems odos tipams, kai lokaliai pasirei\u0161kia spuogeliai ar ink\u0161tirai.<\/p>\n<p data-start=\"942\" data-end=\"970\"><strong data-start=\"942\" data-end=\"970\">Pagrindiniai privalumai:<\/strong><\/p>\n<ul data-start=\"972\" data-end=\"1180\">\n<li data-start=\"972\" data-end=\"1008\">\n<p data-start=\"974\" data-end=\"1008\">Ma\u017eina odos b\u0117rimus ir ink\u0161tirus<\/p>\n<\/li>\n<li data-start=\"1009\" data-end=\"1041\">\n<p data-start=\"1011\" data-end=\"1041\">Ramina u\u017edegiminius procesus<\/p>\n<\/li>\n<li data-start=\"1042\" data-end=\"1089\">\n<p data-start=\"1044\" data-end=\"1089\">Reguliuoja sebumo i\u0161siskyrim\u0105 ir blizg\u0117jim\u0105<\/p>\n<\/li>\n<li data-start=\"1090\" data-end=\"1129\">\n<p data-start=\"1092\" data-end=\"1129\">Padeda kovoti su acn\u0117s bakterijomis<\/p>\n<\/li>\n<li data-start=\"1130\" data-end=\"1146\">\n<p data-start=\"1132\" data-end=\"1146\">Nekem\u0161a por\u0173<\/p>\n<\/li>\n<li data-start=\"1147\" data-end=\"1180\">\n<p data-start=\"1149\" data-end=\"1180\">Nesausina ir neapsunkina odos<\/p>\n<\/li>\n<\/ul>\n","protected":false},"excerpt":{"rendered":"<p data-start=\"1221\" data-end=\"1502\">SKINLOVERS #3\u2019C Clarifying Skin Elixir \u2013 tai veiksmingas serumas b\u0117rim\u0173, ink\u0161tir\u0173 ir spuog\u0173 ma\u017einimui. Reguliuoja riebal\u0173 i\u0161siskyrim\u0105, valo poras, slopina u\u017edegimus ir kovoja su acn\u0117s bakterijomis. Nekem\u0161a por\u0173 ir nesausina odos. Tinka mi\u0161riai, riebiai ir \u012f b\u0117rimus linkusiai odai.<\/p>\n","protected":false},"featured_media":62309,"template":"","meta":[],"product_brand":[1528],"product_cat":[550,728],"product_tag":[1622],"class_list":{"0":"post-69045","1":"product","2":"type-product","3":"status-publish","4":"has-post-thumbnail","6":"product_brand-skinlovers","7":"product_cat-veido-serumai","8":"product_cat-veidui","9":"product_tag-skinlovers","11":"first","12":"instock","13":"purchasable","14":"product-type-simple"},"yoast_head":"<!-- This site is optimized with the Yoast SEO plugin v27.4 - https:\/\/yoast.com\/product\/yoast-seo-wordpress\/ -->\n<title>SKINLOVERS \u0161varios odos serumas \u2013 b\u0117rim\u0173 ir ink\u0161tir\u0173 ma\u017einimui CLARIFYING SKIN ELIXIR, 15 ml - MalinaShop.lt J\u016bs\u0173 sveikatai ir gro\u017eiui.<\/title>\n<meta name=\"description\" content=\"SKINLOVERS Clarifying Skin Elixir \u2013 serumas b\u0117rim\u0173, ink\u0161tir\u0173 ir blizg\u0117jimo ma\u017einimui. Reguliuoja sebum\u0105, ramina od\u0105 ir nekem\u0161a por\u0173.\" \/>\n<meta name=\"robots\" content=\"index, follow, max-snippet:-1, max-image-preview:large, max-video-preview:-1\" \/>\n<link rel=\"canonical\" href=\"https:\/\/www.malinashop.lt\/lt_lt\/shop\/skinlovers-svarios-odos-serumas-berimu-ir-inkstiru-mazinimui-clarifying-skin-elixir-15-ml\/\" \/>\n<meta property=\"og:locale\" content=\"lt_LT\" \/>\n<meta property=\"og:type\" content=\"article\" \/>\n<meta property=\"og:title\" content=\"SKINLOVERS \u0161varios odos serumas \u2013 b\u0117rim\u0173 ir ink\u0161tir\u0173 ma\u017einimui CLARIFYING SKIN ELIXIR, 15 ml - MalinaShop.lt J\u016bs\u0173 sveikatai ir gro\u017eiui.\" \/>\n<meta property=\"og:description\" content=\"SKINLOVERS Clarifying Skin Elixir \u2013 serumas b\u0117rim\u0173, ink\u0161tir\u0173 ir blizg\u0117jimo ma\u017einimui. Reguliuoja sebum\u0105, ramina od\u0105 ir nekem\u0161a por\u0173.\" \/>\n<meta property=\"og:url\" content=\"https:\/\/www.malinashop.lt\/lt_lt\/shop\/skinlovers-svarios-odos-serumas-berimu-ir-inkstiru-mazinimui-clarifying-skin-elixir-15-ml\/\" \/>\n<meta property=\"og:site_name\" content=\"MalinaShop.lt J\u016bs\u0173 sveikatai ir gro\u017eiui.\" \/>\n<meta property=\"article:modified_time\" content=\"2026-02-10T10:11:11+00:00\" \/>\n<meta property=\"og:image\" content=\"https:\/\/www.malinashop.lt\/wp-content\/uploads\/2025\/11\/serum1.png\" \/>\n\t<meta property=\"og:image:width\" content=\"2048\" \/>\n\t<meta property=\"og:image:height\" content=\"2048\" \/>\n\t<meta property=\"og:image:type\" content=\"image\/png\" \/>\n<meta name=\"twitter:card\" content=\"summary_large_image\" \/>\n<script type=\"application\/ld+json\" class=\"yoast-schema-graph\">{\"@context\":\"https:\\\/\\\/schema.org\",\"@graph\":[{\"@type\":\"WebPage\",\"@id\":\"https:\\\/\\\/www.malinashop.lt\\\/shop\\\/skinlovers-svarios-odos-serumas-berimu-ir-inkstiru-mazinimui-clarifying-skin-elixir-15-ml\\\/\",\"url\":\"https:\\\/\\\/www.malinashop.lt\\\/shop\\\/skinlovers-svarios-odos-serumas-berimu-ir-inkstiru-mazinimui-clarifying-skin-elixir-15-ml\\\/\",\"name\":\"SKINLOVERS \u0161varios odos serumas \u2013 b\u0117rim\u0173 ir ink\u0161tir\u0173 ma\u017einimui CLARIFYING SKIN ELIXIR, 15 ml - MalinaShop.lt J\u016bs\u0173 sveikatai ir gro\u017eiui.\",\"isPartOf\":{\"@id\":\"https:\\\/\\\/www.malinashop.lt\\\/#website\"},\"primaryImageOfPage\":{\"@id\":\"https:\\\/\\\/www.malinashop.lt\\\/shop\\\/skinlovers-svarios-odos-serumas-berimu-ir-inkstiru-mazinimui-clarifying-skin-elixir-15-ml\\\/#primaryimage\"},\"image\":{\"@id\":\"https:\\\/\\\/www.malinashop.lt\\\/shop\\\/skinlovers-svarios-odos-serumas-berimu-ir-inkstiru-mazinimui-clarifying-skin-elixir-15-ml\\\/#primaryimage\"},\"thumbnailUrl\":\"https:\\\/\\\/www.malinashop.lt\\\/wp-content\\\/uploads\\\/2025\\\/11\\\/serum1.png\",\"datePublished\":\"2025-11-25T13:33:10+00:00\",\"dateModified\":\"2026-02-10T10:11:11+00:00\",\"description\":\"SKINLOVERS Clarifying Skin Elixir \u2013 serumas b\u0117rim\u0173, ink\u0161tir\u0173 ir blizg\u0117jimo ma\u017einimui. Reguliuoja sebum\u0105, ramina od\u0105 ir nekem\u0161a por\u0173.\",\"breadcrumb\":{\"@id\":\"https:\\\/\\\/www.malinashop.lt\\\/shop\\\/skinlovers-svarios-odos-serumas-berimu-ir-inkstiru-mazinimui-clarifying-skin-elixir-15-ml\\\/#breadcrumb\"},\"inLanguage\":\"lt-LT\",\"potentialAction\":[{\"@type\":\"ReadAction\",\"target\":[\"https:\\\/\\\/www.malinashop.lt\\\/shop\\\/skinlovers-svarios-odos-serumas-berimu-ir-inkstiru-mazinimui-clarifying-skin-elixir-15-ml\\\/\"]}]},{\"@type\":\"ImageObject\",\"inLanguage\":\"lt-LT\",\"@id\":\"https:\\\/\\\/www.malinashop.lt\\\/shop\\\/skinlovers-svarios-odos-serumas-berimu-ir-inkstiru-mazinimui-clarifying-skin-elixir-15-ml\\\/#primaryimage\",\"url\":\"https:\\\/\\\/www.malinashop.lt\\\/wp-content\\\/uploads\\\/2025\\\/11\\\/serum1.png\",\"contentUrl\":\"https:\\\/\\\/www.malinashop.lt\\\/wp-content\\\/uploads\\\/2025\\\/11\\\/serum1.png\",\"width\":2048,\"height\":2048},{\"@type\":\"BreadcrumbList\",\"@id\":\"https:\\\/\\\/www.malinashop.lt\\\/shop\\\/skinlovers-svarios-odos-serumas-berimu-ir-inkstiru-mazinimui-clarifying-skin-elixir-15-ml\\\/#breadcrumb\",\"itemListElement\":[{\"@type\":\"ListItem\",\"position\":1,\"name\":\"Pagrindinis\",\"item\":\"https:\\\/\\\/www.malinashop.lt\\\/\"},{\"@type\":\"ListItem\",\"position\":2,\"name\":\"Parduotuv\u0117\",\"item\":\"https:\\\/\\\/www.malinashop.lt\\\/en\\\/parduotuve\\\/\"},{\"@type\":\"ListItem\",\"position\":3,\"name\":\"SKINLOVERS \u0161varios odos serumas \u2013 b\u0117rim\u0173 ir ink\u0161tir\u0173 ma\u017einimui CLARIFYING SKIN ELIXIR, 15 ml\"}]},{\"@type\":\"WebSite\",\"@id\":\"https:\\\/\\\/www.malinashop.lt\\\/#website\",\"url\":\"https:\\\/\\\/www.malinashop.lt\\\/\",\"name\":\"COM Group Ecommerce\",\"description\":\"MalinaShop.lt - Gro\u017eio ir sveikatos produktai i\u0161 patikim\u0173 preki\u0173 \u017eenkl\u0173. Atraskite auk\u0161tos kokyb\u0117s kosmetik\u0105 u\u017e puiki\u0105 kain\u0105.\",\"publisher\":{\"@id\":\"https:\\\/\\\/www.malinashop.lt\\\/#organization\"},\"potentialAction\":[{\"@type\":\"SearchAction\",\"target\":{\"@type\":\"EntryPoint\",\"urlTemplate\":\"https:\\\/\\\/www.malinashop.lt\\\/?s={search_term_string}\"},\"query-input\":{\"@type\":\"PropertyValueSpecification\",\"valueRequired\":true,\"valueName\":\"search_term_string\"}}],\"inLanguage\":\"lt-LT\"},{\"@type\":\"Organization\",\"@id\":\"https:\\\/\\\/www.malinashop.lt\\\/#organization\",\"name\":\"COM Group Ecommerce\",\"url\":\"https:\\\/\\\/www.malinashop.lt\\\/\",\"logo\":{\"@type\":\"ImageObject\",\"inLanguage\":\"lt-LT\",\"@id\":\"https:\\\/\\\/www.malinashop.lt\\\/#\\\/schema\\\/logo\\\/image\\\/\",\"url\":\"https:\\\/\\\/www.malinashop.lt\\\/wp-content\\\/uploads\\\/2024\\\/08\\\/462559670_3787732518133670_9795632669273463_n-e1731525914575.png\",\"contentUrl\":\"https:\\\/\\\/www.malinashop.lt\\\/wp-content\\\/uploads\\\/2024\\\/08\\\/462559670_3787732518133670_9795632669273463_n-e1731525914575.png\",\"width\":180,\"height\":60,\"caption\":\"COM Group Ecommerce\"},\"image\":{\"@id\":\"https:\\\/\\\/www.malinashop.lt\\\/#\\\/schema\\\/logo\\\/image\\\/\"}}]}<\/script>\n<!-- \/ Yoast SEO plugin. -->","yoast_head_json":{"title":"SKINLOVERS \u0161varios odos serumas \u2013 b\u0117rim\u0173 ir ink\u0161tir\u0173 ma\u017einimui CLARIFYING SKIN ELIXIR, 15 ml - MalinaShop.lt J\u016bs\u0173 sveikatai ir gro\u017eiui.","description":"SKINLOVERS Clarifying Skin Elixir \u2013 serumas b\u0117rim\u0173, ink\u0161tir\u0173 ir blizg\u0117jimo ma\u017einimui. Reguliuoja sebum\u0105, ramina od\u0105 ir nekem\u0161a por\u0173.","robots":{"index":"index","follow":"follow","max-snippet":"max-snippet:-1","max-image-preview":"max-image-preview:large","max-video-preview":"max-video-preview:-1"},"canonical":"https:\/\/www.malinashop.lt\/lt_lt\/shop\/skinlovers-svarios-odos-serumas-berimu-ir-inkstiru-mazinimui-clarifying-skin-elixir-15-ml\/","og_locale":"lt_LT","og_type":"article","og_title":"SKINLOVERS \u0161varios odos serumas \u2013 b\u0117rim\u0173 ir ink\u0161tir\u0173 ma\u017einimui CLARIFYING SKIN ELIXIR, 15 ml - MalinaShop.lt J\u016bs\u0173 sveikatai ir gro\u017eiui.","og_description":"SKINLOVERS Clarifying Skin Elixir \u2013 serumas b\u0117rim\u0173, ink\u0161tir\u0173 ir blizg\u0117jimo ma\u017einimui. Reguliuoja sebum\u0105, ramina od\u0105 ir nekem\u0161a por\u0173.","og_url":"https:\/\/www.malinashop.lt\/lt_lt\/shop\/skinlovers-svarios-odos-serumas-berimu-ir-inkstiru-mazinimui-clarifying-skin-elixir-15-ml\/","og_site_name":"MalinaShop.lt J\u016bs\u0173 sveikatai ir gro\u017eiui.","article_modified_time":"2026-02-10T10:11:11+00:00","og_image":[{"width":2048,"height":2048,"url":"https:\/\/www.malinashop.lt\/wp-content\/uploads\/2025\/11\/serum1.png","type":"image\/png"}],"twitter_card":"summary_large_image","schema":{"@context":"https:\/\/schema.org","@graph":[{"@type":"WebPage","@id":"https:\/\/www.malinashop.lt\/shop\/skinlovers-svarios-odos-serumas-berimu-ir-inkstiru-mazinimui-clarifying-skin-elixir-15-ml\/","url":"https:\/\/www.malinashop.lt\/shop\/skinlovers-svarios-odos-serumas-berimu-ir-inkstiru-mazinimui-clarifying-skin-elixir-15-ml\/","name":"SKINLOVERS \u0161varios odos serumas \u2013 b\u0117rim\u0173 ir ink\u0161tir\u0173 ma\u017einimui CLARIFYING SKIN ELIXIR, 15 ml - MalinaShop.lt J\u016bs\u0173 sveikatai ir gro\u017eiui.","isPartOf":{"@id":"https:\/\/www.malinashop.lt\/#website"},"primaryImageOfPage":{"@id":"https:\/\/www.malinashop.lt\/shop\/skinlovers-svarios-odos-serumas-berimu-ir-inkstiru-mazinimui-clarifying-skin-elixir-15-ml\/#primaryimage"},"image":{"@id":"https:\/\/www.malinashop.lt\/shop\/skinlovers-svarios-odos-serumas-berimu-ir-inkstiru-mazinimui-clarifying-skin-elixir-15-ml\/#primaryimage"},"thumbnailUrl":"https:\/\/www.malinashop.lt\/wp-content\/uploads\/2025\/11\/serum1.png","datePublished":"2025-11-25T13:33:10+00:00","dateModified":"2026-02-10T10:11:11+00:00","description":"SKINLOVERS Clarifying Skin Elixir \u2013 serumas b\u0117rim\u0173, ink\u0161tir\u0173 ir blizg\u0117jimo ma\u017einimui. Reguliuoja sebum\u0105, ramina od\u0105 ir nekem\u0161a por\u0173.","breadcrumb":{"@id":"https:\/\/www.malinashop.lt\/shop\/skinlovers-svarios-odos-serumas-berimu-ir-inkstiru-mazinimui-clarifying-skin-elixir-15-ml\/#breadcrumb"},"inLanguage":"lt-LT","potentialAction":[{"@type":"ReadAction","target":["https:\/\/www.malinashop.lt\/shop\/skinlovers-svarios-odos-serumas-berimu-ir-inkstiru-mazinimui-clarifying-skin-elixir-15-ml\/"]}]},{"@type":"ImageObject","inLanguage":"lt-LT","@id":"https:\/\/www.malinashop.lt\/shop\/skinlovers-svarios-odos-serumas-berimu-ir-inkstiru-mazinimui-clarifying-skin-elixir-15-ml\/#primaryimage","url":"https:\/\/www.malinashop.lt\/wp-content\/uploads\/2025\/11\/serum1.png","contentUrl":"https:\/\/www.malinashop.lt\/wp-content\/uploads\/2025\/11\/serum1.png","width":2048,"height":2048},{"@type":"BreadcrumbList","@id":"https:\/\/www.malinashop.lt\/shop\/skinlovers-svarios-odos-serumas-berimu-ir-inkstiru-mazinimui-clarifying-skin-elixir-15-ml\/#breadcrumb","itemListElement":[{"@type":"ListItem","position":1,"name":"Pagrindinis","item":"https:\/\/www.malinashop.lt\/"},{"@type":"ListItem","position":2,"name":"Parduotuv\u0117","item":"https:\/\/www.malinashop.lt\/en\/parduotuve\/"},{"@type":"ListItem","position":3,"name":"SKINLOVERS \u0161varios odos serumas \u2013 b\u0117rim\u0173 ir ink\u0161tir\u0173 ma\u017einimui CLARIFYING SKIN ELIXIR, 15 ml"}]},{"@type":"WebSite","@id":"https:\/\/www.malinashop.lt\/#website","url":"https:\/\/www.malinashop.lt\/","name":"COM Group Ecommerce","description":"MalinaShop.lt - Gro\u017eio ir sveikatos produktai i\u0161 patikim\u0173 preki\u0173 \u017eenkl\u0173. Atraskite auk\u0161tos kokyb\u0117s kosmetik\u0105 u\u017e puiki\u0105 kain\u0105.","publisher":{"@id":"https:\/\/www.malinashop.lt\/#organization"},"potentialAction":[{"@type":"SearchAction","target":{"@type":"EntryPoint","urlTemplate":"https:\/\/www.malinashop.lt\/?s={search_term_string}"},"query-input":{"@type":"PropertyValueSpecification","valueRequired":true,"valueName":"search_term_string"}}],"inLanguage":"lt-LT"},{"@type":"Organization","@id":"https:\/\/www.malinashop.lt\/#organization","name":"COM Group Ecommerce","url":"https:\/\/www.malinashop.lt\/","logo":{"@type":"ImageObject","inLanguage":"lt-LT","@id":"https:\/\/www.malinashop.lt\/#\/schema\/logo\/image\/","url":"https:\/\/www.malinashop.lt\/wp-content\/uploads\/2024\/08\/462559670_3787732518133670_9795632669273463_n-e1731525914575.png","contentUrl":"https:\/\/www.malinashop.lt\/wp-content\/uploads\/2024\/08\/462559670_3787732518133670_9795632669273463_n-e1731525914575.png","width":180,"height":60,"caption":"COM Group Ecommerce"},"image":{"@id":"https:\/\/www.malinashop.lt\/#\/schema\/logo\/image\/"}}]}},"jetpack_sharing_enabled":true,"_links":{"self":[{"href":"https:\/\/www.malinashop.lt\/lt_lt\/wp-json\/wp\/v2\/product\/69045","targetHints":{"allow":["GET"]}}],"collection":[{"href":"https:\/\/www.malinashop.lt\/lt_lt\/wp-json\/wp\/v2\/product"}],"about":[{"href":"https:\/\/www.malinashop.lt\/lt_lt\/wp-json\/wp\/v2\/types\/product"}],"version-history":[{"count":2,"href":"https:\/\/www.malinashop.lt\/lt_lt\/wp-json\/wp\/v2\/product\/69045\/revisions"}],"predecessor-version":[{"id":72018,"href":"https:\/\/www.malinashop.lt\/lt_lt\/wp-json\/wp\/v2\/product\/69045\/revisions\/72018"}],"wp:featuredmedia":[{"embeddable":true,"href":"https:\/\/www.malinashop.lt\/lt_lt\/wp-json\/wp\/v2\/media\/62309"}],"wp:attachment":[{"href":"https:\/\/www.malinashop.lt\/lt_lt\/wp-json\/wp\/v2\/media?parent=69045"}],"wp:term":[{"taxonomy":"product_brand","embeddable":true,"href":"https:\/\/www.malinashop.lt\/lt_lt\/wp-json\/wp\/v2\/product_brand?post=69045"},{"taxonomy":"product_cat","embeddable":true,"href":"https:\/\/www.malinashop.lt\/lt_lt\/wp-json\/wp\/v2\/product_cat?post=69045"},{"taxonomy":"product_tag","embeddable":true,"href":"https:\/\/www.malinashop.lt\/lt_lt\/wp-json\/wp\/v2\/product_tag?post=69045"}],"curies":[{"name":"wp","href":"https:\/\/api.w.org\/{rel}","templated":true}]}}