{"id":69043,"date":"2025-11-25T16:33:10","date_gmt":"2025-11-25T13:33:10","guid":{"rendered":"https:\/\/malinashop.lt\/?post_type=product&#038;p=69043"},"modified":"2026-02-10T13:11:11","modified_gmt":"2026-02-10T10:11:11","slug":"skinlovers-hydrating-lifting-gel-mask-giliai-drekinanti-veido-kauke-su-liftingo-efektu-50ml","status":"publish","type":"product","link":"https:\/\/www.malinashop.lt\/lt_lt\/shop\/skinlovers-hydrating-lifting-gel-mask-giliai-drekinanti-veido-kauke-su-liftingo-efektu-50ml\/","title":{"rendered":"SKINLOVERS HYDRATING &#038; LIFTING GEL MASK giliai dr\u0117kinanti veido kauk\u0117 su liftingo efektu, 50ml"},"content":{"rendered":"<p data-start=\"241\" data-end=\"675\"><strong data-start=\"241\" data-end=\"340\">SKINLOVERS giliai dr\u0117kinanti veido kauk\u0117 su liftingo efektu HYDRATING &amp; LIFTING GEL MASK, 50 ml<\/strong> \u2013 tai intensyviai dr\u0117kinantis gelin\u0117s tekst\u016bros produktas, sukurtas akimirksniu pagerinti odos b\u016bkl\u0119. Kauk\u0117 padeda i\u0161lyginti odos reljef\u0105, suteikia stangrinant\u012f liftingo efekt\u0105 ir atkuria nat\u016bral\u0173 odos elastingum\u0105. Ji intensyviai dr\u0117kina, suteikia skaistumo bei glotnumo, tod\u0117l yra puikus pasirinkimas prie\u0161 makia\u017e\u0105 ar ypating\u0105 prog\u0105.<\/p>\n<p data-start=\"677\" data-end=\"936\">Aktyv\u016bs ingredientai skatina kolageno formavim\u0105si ir padeda ma\u017einti smulkias rauk\u0161leles. Kauk\u0117 taip pat ramina od\u0105, ma\u017eina sudirgimus ir padeda u\u017ekirsti keli\u0105 alergin\u0117ms reakcijoms. Reguliariai naudojant, oda tampa lygesn\u0117, elastingesn\u0117 ir vizualiai jaunesn\u0117.<\/p>\n<p data-start=\"938\" data-end=\"987\">Tinka visiems odos tipams, \u012fskaitant jautri\u0105 od\u0105.<\/p>\n<p data-start=\"989\" data-end=\"1017\"><strong data-start=\"989\" data-end=\"1017\">Pagrindiniai privalumai:<\/strong><\/p>\n<ul data-start=\"1018\" data-end=\"1315\">\n<li data-start=\"1018\" data-end=\"1073\">\n<p data-start=\"1020\" data-end=\"1073\">Intensyviai dr\u0117kina ir atkuria odos dr\u0117gm\u0117s balans\u0105<\/p>\n<\/li>\n<li data-start=\"1074\" data-end=\"1119\">\n<p data-start=\"1076\" data-end=\"1119\">Suteikia liftingo efekt\u0105 ir stangrina od\u0105<\/p>\n<\/li>\n<li data-start=\"1120\" data-end=\"1152\">\n<p data-start=\"1122\" data-end=\"1152\">Skatina kolageno formavim\u0105si<\/p>\n<\/li>\n<li data-start=\"1153\" data-end=\"1197\">\n<p data-start=\"1155\" data-end=\"1197\">Lygina odos reljef\u0105 ir ma\u017eina rauk\u0161leles<\/p>\n<\/li>\n<li data-start=\"1198\" data-end=\"1240\">\n<p data-start=\"1200\" data-end=\"1240\">Gerina elastingum\u0105, suteikia skaistumo<\/p>\n<\/li>\n<li data-start=\"1241\" data-end=\"1282\">\n<p data-start=\"1243\" data-end=\"1282\">Ramina ir padeda i\u0161vengti sudirginimo<\/p>\n<\/li>\n<li data-start=\"1283\" data-end=\"1315\">\n<p data-start=\"1285\" data-end=\"1315\">Ideali naudoti prie\u0161 makia\u017e\u0105<\/p>\n<\/li>\n<\/ul>\n","protected":false},"excerpt":{"rendered":"<p data-start=\"1370\" data-end=\"1612\">Intensyviai dr\u0117kinanti gelin\u0117 veido kauk\u0117 su liftingo efektu, kuri i\u0161lygina odos reljef\u0105, gerina elastingum\u0105 ir suteikia skaistumo. Puikiai tinka naudoti prie\u0161 makia\u017e\u0105 ar speciali\u0105 prog\u0105. Skatina kolageno gamyb\u0105 ir ma\u017eina smulkias rauk\u0161leles.<\/p>\n","protected":false},"featured_media":62302,"template":"","meta":[],"product_brand":[1528],"product_cat":[553,728],"product_tag":[1622],"class_list":{"0":"post-69043","1":"product","2":"type-product","3":"status-publish","4":"has-post-thumbnail","6":"product_brand-skinlovers","7":"product_cat-veido-kaukes","8":"product_cat-veidui","9":"product_tag-skinlovers","11":"first","12":"instock","13":"purchasable","14":"product-type-simple"},"yoast_head":"<!-- This site is optimized with the Yoast SEO plugin v27.4 - https:\/\/yoast.com\/product\/yoast-seo-wordpress\/ -->\n<title>SKINLOVERS HYDRATING &amp; LIFTING GEL MASK giliai dr\u0117kinanti veido kauk\u0117 su liftingo efektu, 50ml - MalinaShop.lt J\u016bs\u0173 sveikatai ir gro\u017eiui.<\/title>\n<meta name=\"description\" content=\"Giliai dr\u0117kinanti SKINLOVERS veido kauk\u0117 su liftingo efektu. Lygina od\u0105, gerina elastingum\u0105, suteikia skaistumo. Tinka visiems odos tipams.\" \/>\n<meta name=\"robots\" content=\"index, follow, max-snippet:-1, max-image-preview:large, max-video-preview:-1\" \/>\n<link rel=\"canonical\" href=\"https:\/\/www.malinashop.lt\/lt_lt\/shop\/skinlovers-hydrating-lifting-gel-mask-giliai-drekinanti-veido-kauke-su-liftingo-efektu-50ml\/\" \/>\n<meta property=\"og:locale\" content=\"lt_LT\" \/>\n<meta property=\"og:type\" content=\"article\" \/>\n<meta property=\"og:title\" content=\"SKINLOVERS HYDRATING &amp; LIFTING GEL MASK giliai dr\u0117kinanti veido kauk\u0117 su liftingo efektu, 50ml - MalinaShop.lt J\u016bs\u0173 sveikatai ir gro\u017eiui.\" \/>\n<meta property=\"og:description\" content=\"Giliai dr\u0117kinanti SKINLOVERS veido kauk\u0117 su liftingo efektu. Lygina od\u0105, gerina elastingum\u0105, suteikia skaistumo. Tinka visiems odos tipams.\" \/>\n<meta property=\"og:url\" content=\"https:\/\/www.malinashop.lt\/lt_lt\/shop\/skinlovers-hydrating-lifting-gel-mask-giliai-drekinanti-veido-kauke-su-liftingo-efektu-50ml\/\" \/>\n<meta property=\"og:site_name\" content=\"MalinaShop.lt J\u016bs\u0173 sveikatai ir gro\u017eiui.\" \/>\n<meta property=\"article:modified_time\" content=\"2026-02-10T10:11:11+00:00\" \/>\n<meta property=\"og:image\" content=\"https:\/\/www.malinashop.lt\/wp-content\/uploads\/2025\/11\/hydra1.png\" \/>\n\t<meta property=\"og:image:width\" content=\"2048\" \/>\n\t<meta property=\"og:image:height\" content=\"2048\" \/>\n\t<meta property=\"og:image:type\" content=\"image\/png\" \/>\n<meta name=\"twitter:card\" content=\"summary_large_image\" \/>\n<script type=\"application\/ld+json\" class=\"yoast-schema-graph\">{\"@context\":\"https:\\\/\\\/schema.org\",\"@graph\":[{\"@type\":\"WebPage\",\"@id\":\"https:\\\/\\\/www.malinashop.lt\\\/lt_lt\\\/shop\\\/skinlovers-hydrating-lifting-gel-mask-giliai-drekinanti-veido-kauke-su-liftingo-efektu-50ml\\\/\",\"url\":\"https:\\\/\\\/www.malinashop.lt\\\/lt_lt\\\/shop\\\/skinlovers-hydrating-lifting-gel-mask-giliai-drekinanti-veido-kauke-su-liftingo-efektu-50ml\\\/\",\"name\":\"SKINLOVERS HYDRATING & LIFTING GEL MASK giliai dr\u0117kinanti veido kauk\u0117 su liftingo efektu, 50ml - MalinaShop.lt J\u016bs\u0173 sveikatai ir gro\u017eiui.\",\"isPartOf\":{\"@id\":\"https:\\\/\\\/www.malinashop.lt\\\/en\\\/#website\"},\"primaryImageOfPage\":{\"@id\":\"https:\\\/\\\/www.malinashop.lt\\\/lt_lt\\\/shop\\\/skinlovers-hydrating-lifting-gel-mask-giliai-drekinanti-veido-kauke-su-liftingo-efektu-50ml\\\/#primaryimage\"},\"image\":{\"@id\":\"https:\\\/\\\/www.malinashop.lt\\\/lt_lt\\\/shop\\\/skinlovers-hydrating-lifting-gel-mask-giliai-drekinanti-veido-kauke-su-liftingo-efektu-50ml\\\/#primaryimage\"},\"thumbnailUrl\":\"https:\\\/\\\/www.malinashop.lt\\\/wp-content\\\/uploads\\\/2025\\\/11\\\/hydra1.png\",\"datePublished\":\"2025-11-25T13:33:10+00:00\",\"dateModified\":\"2026-02-10T10:11:11+00:00\",\"description\":\"Giliai dr\u0117kinanti SKINLOVERS veido kauk\u0117 su liftingo efektu. Lygina od\u0105, gerina elastingum\u0105, suteikia skaistumo. Tinka visiems odos tipams.\",\"breadcrumb\":{\"@id\":\"https:\\\/\\\/www.malinashop.lt\\\/lt_lt\\\/shop\\\/skinlovers-hydrating-lifting-gel-mask-giliai-drekinanti-veido-kauke-su-liftingo-efektu-50ml\\\/#breadcrumb\"},\"inLanguage\":\"lt-LT\",\"potentialAction\":[{\"@type\":\"ReadAction\",\"target\":[\"https:\\\/\\\/www.malinashop.lt\\\/lt_lt\\\/shop\\\/skinlovers-hydrating-lifting-gel-mask-giliai-drekinanti-veido-kauke-su-liftingo-efektu-50ml\\\/\"]}]},{\"@type\":\"ImageObject\",\"inLanguage\":\"lt-LT\",\"@id\":\"https:\\\/\\\/www.malinashop.lt\\\/lt_lt\\\/shop\\\/skinlovers-hydrating-lifting-gel-mask-giliai-drekinanti-veido-kauke-su-liftingo-efektu-50ml\\\/#primaryimage\",\"url\":\"https:\\\/\\\/www.malinashop.lt\\\/wp-content\\\/uploads\\\/2025\\\/11\\\/hydra1.png\",\"contentUrl\":\"https:\\\/\\\/www.malinashop.lt\\\/wp-content\\\/uploads\\\/2025\\\/11\\\/hydra1.png\",\"width\":2048,\"height\":2048},{\"@type\":\"BreadcrumbList\",\"@id\":\"https:\\\/\\\/www.malinashop.lt\\\/lt_lt\\\/shop\\\/skinlovers-hydrating-lifting-gel-mask-giliai-drekinanti-veido-kauke-su-liftingo-efektu-50ml\\\/#breadcrumb\",\"itemListElement\":[{\"@type\":\"ListItem\",\"position\":1,\"name\":\"Home\",\"item\":\"https:\\\/\\\/www.malinashop.lt\\\/en\\\/\"},{\"@type\":\"ListItem\",\"position\":2,\"name\":\"Parduotuv\u0117\",\"item\":\"https:\\\/\\\/www.malinashop.lt\\\/en\\\/parduotuve\\\/\"},{\"@type\":\"ListItem\",\"position\":3,\"name\":\"SKINLOVERS HYDRATING &#038; LIFTING GEL MASK giliai dr\u0117kinanti veido kauk\u0117 su liftingo efektu, 50ml\"}]},{\"@type\":\"WebSite\",\"@id\":\"https:\\\/\\\/www.malinashop.lt\\\/en\\\/#website\",\"url\":\"https:\\\/\\\/www.malinashop.lt\\\/en\\\/\",\"name\":\"COM Group Ecommerce\",\"description\":\"MalinaShop.lt - Gro\u017eio ir sveikatos produktai i\u0161 patikim\u0173 preki\u0173 \u017eenkl\u0173. Atraskite auk\u0161tos kokyb\u0117s kosmetik\u0105 u\u017e puiki\u0105 kain\u0105.\",\"publisher\":{\"@id\":\"https:\\\/\\\/www.malinashop.lt\\\/en\\\/#organization\"},\"potentialAction\":[{\"@type\":\"SearchAction\",\"target\":{\"@type\":\"EntryPoint\",\"urlTemplate\":\"https:\\\/\\\/www.malinashop.lt\\\/en\\\/?s={search_term_string}\"},\"query-input\":{\"@type\":\"PropertyValueSpecification\",\"valueRequired\":true,\"valueName\":\"search_term_string\"}}],\"inLanguage\":\"lt-LT\"},{\"@type\":\"Organization\",\"@id\":\"https:\\\/\\\/www.malinashop.lt\\\/en\\\/#organization\",\"name\":\"COM Group Ecommerce\",\"url\":\"https:\\\/\\\/www.malinashop.lt\\\/en\\\/\",\"logo\":{\"@type\":\"ImageObject\",\"inLanguage\":\"lt-LT\",\"@id\":\"https:\\\/\\\/www.malinashop.lt\\\/en\\\/#\\\/schema\\\/logo\\\/image\\\/\",\"url\":\"https:\\\/\\\/www.malinashop.lt\\\/wp-content\\\/uploads\\\/2024\\\/08\\\/462559670_3787732518133670_9795632669273463_n-e1731525914575.png\",\"contentUrl\":\"https:\\\/\\\/www.malinashop.lt\\\/wp-content\\\/uploads\\\/2024\\\/08\\\/462559670_3787732518133670_9795632669273463_n-e1731525914575.png\",\"width\":180,\"height\":60,\"caption\":\"COM Group Ecommerce\"},\"image\":{\"@id\":\"https:\\\/\\\/www.malinashop.lt\\\/en\\\/#\\\/schema\\\/logo\\\/image\\\/\"}}]}<\/script>\n<!-- \/ Yoast SEO plugin. -->","yoast_head_json":{"title":"SKINLOVERS HYDRATING & LIFTING GEL MASK giliai dr\u0117kinanti veido kauk\u0117 su liftingo efektu, 50ml - MalinaShop.lt J\u016bs\u0173 sveikatai ir gro\u017eiui.","description":"Giliai dr\u0117kinanti SKINLOVERS veido kauk\u0117 su liftingo efektu. Lygina od\u0105, gerina elastingum\u0105, suteikia skaistumo. Tinka visiems odos tipams.","robots":{"index":"index","follow":"follow","max-snippet":"max-snippet:-1","max-image-preview":"max-image-preview:large","max-video-preview":"max-video-preview:-1"},"canonical":"https:\/\/www.malinashop.lt\/lt_lt\/shop\/skinlovers-hydrating-lifting-gel-mask-giliai-drekinanti-veido-kauke-su-liftingo-efektu-50ml\/","og_locale":"lt_LT","og_type":"article","og_title":"SKINLOVERS HYDRATING & LIFTING GEL MASK giliai dr\u0117kinanti veido kauk\u0117 su liftingo efektu, 50ml - MalinaShop.lt J\u016bs\u0173 sveikatai ir gro\u017eiui.","og_description":"Giliai dr\u0117kinanti SKINLOVERS veido kauk\u0117 su liftingo efektu. Lygina od\u0105, gerina elastingum\u0105, suteikia skaistumo. Tinka visiems odos tipams.","og_url":"https:\/\/www.malinashop.lt\/lt_lt\/shop\/skinlovers-hydrating-lifting-gel-mask-giliai-drekinanti-veido-kauke-su-liftingo-efektu-50ml\/","og_site_name":"MalinaShop.lt J\u016bs\u0173 sveikatai ir gro\u017eiui.","article_modified_time":"2026-02-10T10:11:11+00:00","og_image":[{"width":2048,"height":2048,"url":"https:\/\/www.malinashop.lt\/wp-content\/uploads\/2025\/11\/hydra1.png","type":"image\/png"}],"twitter_card":"summary_large_image","schema":{"@context":"https:\/\/schema.org","@graph":[{"@type":"WebPage","@id":"https:\/\/www.malinashop.lt\/lt_lt\/shop\/skinlovers-hydrating-lifting-gel-mask-giliai-drekinanti-veido-kauke-su-liftingo-efektu-50ml\/","url":"https:\/\/www.malinashop.lt\/lt_lt\/shop\/skinlovers-hydrating-lifting-gel-mask-giliai-drekinanti-veido-kauke-su-liftingo-efektu-50ml\/","name":"SKINLOVERS HYDRATING & LIFTING GEL MASK giliai dr\u0117kinanti veido kauk\u0117 su liftingo efektu, 50ml - MalinaShop.lt J\u016bs\u0173 sveikatai ir gro\u017eiui.","isPartOf":{"@id":"https:\/\/www.malinashop.lt\/en\/#website"},"primaryImageOfPage":{"@id":"https:\/\/www.malinashop.lt\/lt_lt\/shop\/skinlovers-hydrating-lifting-gel-mask-giliai-drekinanti-veido-kauke-su-liftingo-efektu-50ml\/#primaryimage"},"image":{"@id":"https:\/\/www.malinashop.lt\/lt_lt\/shop\/skinlovers-hydrating-lifting-gel-mask-giliai-drekinanti-veido-kauke-su-liftingo-efektu-50ml\/#primaryimage"},"thumbnailUrl":"https:\/\/www.malinashop.lt\/wp-content\/uploads\/2025\/11\/hydra1.png","datePublished":"2025-11-25T13:33:10+00:00","dateModified":"2026-02-10T10:11:11+00:00","description":"Giliai dr\u0117kinanti SKINLOVERS veido kauk\u0117 su liftingo efektu. Lygina od\u0105, gerina elastingum\u0105, suteikia skaistumo. Tinka visiems odos tipams.","breadcrumb":{"@id":"https:\/\/www.malinashop.lt\/lt_lt\/shop\/skinlovers-hydrating-lifting-gel-mask-giliai-drekinanti-veido-kauke-su-liftingo-efektu-50ml\/#breadcrumb"},"inLanguage":"lt-LT","potentialAction":[{"@type":"ReadAction","target":["https:\/\/www.malinashop.lt\/lt_lt\/shop\/skinlovers-hydrating-lifting-gel-mask-giliai-drekinanti-veido-kauke-su-liftingo-efektu-50ml\/"]}]},{"@type":"ImageObject","inLanguage":"lt-LT","@id":"https:\/\/www.malinashop.lt\/lt_lt\/shop\/skinlovers-hydrating-lifting-gel-mask-giliai-drekinanti-veido-kauke-su-liftingo-efektu-50ml\/#primaryimage","url":"https:\/\/www.malinashop.lt\/wp-content\/uploads\/2025\/11\/hydra1.png","contentUrl":"https:\/\/www.malinashop.lt\/wp-content\/uploads\/2025\/11\/hydra1.png","width":2048,"height":2048},{"@type":"BreadcrumbList","@id":"https:\/\/www.malinashop.lt\/lt_lt\/shop\/skinlovers-hydrating-lifting-gel-mask-giliai-drekinanti-veido-kauke-su-liftingo-efektu-50ml\/#breadcrumb","itemListElement":[{"@type":"ListItem","position":1,"name":"Home","item":"https:\/\/www.malinashop.lt\/en\/"},{"@type":"ListItem","position":2,"name":"Parduotuv\u0117","item":"https:\/\/www.malinashop.lt\/en\/parduotuve\/"},{"@type":"ListItem","position":3,"name":"SKINLOVERS HYDRATING &#038; LIFTING GEL MASK giliai dr\u0117kinanti veido kauk\u0117 su liftingo efektu, 50ml"}]},{"@type":"WebSite","@id":"https:\/\/www.malinashop.lt\/en\/#website","url":"https:\/\/www.malinashop.lt\/en\/","name":"COM Group Ecommerce","description":"MalinaShop.lt - Gro\u017eio ir sveikatos produktai i\u0161 patikim\u0173 preki\u0173 \u017eenkl\u0173. Atraskite auk\u0161tos kokyb\u0117s kosmetik\u0105 u\u017e puiki\u0105 kain\u0105.","publisher":{"@id":"https:\/\/www.malinashop.lt\/en\/#organization"},"potentialAction":[{"@type":"SearchAction","target":{"@type":"EntryPoint","urlTemplate":"https:\/\/www.malinashop.lt\/en\/?s={search_term_string}"},"query-input":{"@type":"PropertyValueSpecification","valueRequired":true,"valueName":"search_term_string"}}],"inLanguage":"lt-LT"},{"@type":"Organization","@id":"https:\/\/www.malinashop.lt\/en\/#organization","name":"COM Group Ecommerce","url":"https:\/\/www.malinashop.lt\/en\/","logo":{"@type":"ImageObject","inLanguage":"lt-LT","@id":"https:\/\/www.malinashop.lt\/en\/#\/schema\/logo\/image\/","url":"https:\/\/www.malinashop.lt\/wp-content\/uploads\/2024\/08\/462559670_3787732518133670_9795632669273463_n-e1731525914575.png","contentUrl":"https:\/\/www.malinashop.lt\/wp-content\/uploads\/2024\/08\/462559670_3787732518133670_9795632669273463_n-e1731525914575.png","width":180,"height":60,"caption":"COM Group Ecommerce"},"image":{"@id":"https:\/\/www.malinashop.lt\/en\/#\/schema\/logo\/image\/"}}]}},"jetpack_sharing_enabled":true,"_links":{"self":[{"href":"https:\/\/www.malinashop.lt\/lt_lt\/wp-json\/wp\/v2\/product\/69043","targetHints":{"allow":["GET"]}}],"collection":[{"href":"https:\/\/www.malinashop.lt\/lt_lt\/wp-json\/wp\/v2\/product"}],"about":[{"href":"https:\/\/www.malinashop.lt\/lt_lt\/wp-json\/wp\/v2\/types\/product"}],"version-history":[{"count":2,"href":"https:\/\/www.malinashop.lt\/lt_lt\/wp-json\/wp\/v2\/product\/69043\/revisions"}],"predecessor-version":[{"id":72017,"href":"https:\/\/www.malinashop.lt\/lt_lt\/wp-json\/wp\/v2\/product\/69043\/revisions\/72017"}],"wp:featuredmedia":[{"embeddable":true,"href":"https:\/\/www.malinashop.lt\/lt_lt\/wp-json\/wp\/v2\/media\/62302"}],"wp:attachment":[{"href":"https:\/\/www.malinashop.lt\/lt_lt\/wp-json\/wp\/v2\/media?parent=69043"}],"wp:term":[{"taxonomy":"product_brand","embeddable":true,"href":"https:\/\/www.malinashop.lt\/lt_lt\/wp-json\/wp\/v2\/product_brand?post=69043"},{"taxonomy":"product_cat","embeddable":true,"href":"https:\/\/www.malinashop.lt\/lt_lt\/wp-json\/wp\/v2\/product_cat?post=69043"},{"taxonomy":"product_tag","embeddable":true,"href":"https:\/\/www.malinashop.lt\/lt_lt\/wp-json\/wp\/v2\/product_tag?post=69043"}],"curies":[{"name":"wp","href":"https:\/\/api.w.org\/{rel}","templated":true}]}}