{"id":69027,"date":"2025-11-25T16:33:10","date_gmt":"2025-11-25T13:33:10","guid":{"rendered":"https:\/\/malinashop.lt\/?post_type=product&#038;p=69027"},"modified":"2026-02-17T23:08:49","modified_gmt":"2026-02-17T20:08:49","slug":"sla-paris-bronzantas-sunbay-512","status":"publish","type":"product","link":"https:\/\/www.malinashop.lt\/lt_lt\/shop\/sla-paris-bronzantas-sunbay-512\/","title":{"rendered":"SLA PARIS bronzantas SUNBAY, 512"},"content":{"rendered":"<p data-start=\"166\" data-end=\"457\"><strong data-start=\"166\" data-end=\"203\">SLA Paris bronzantas SUNBAY (512)<\/strong> \u2013 tai aksomin\u0117s tekst\u016bros bronzantas, suteikiantis odai nat\u016braliai \u012fdegus\u012f, sveikai \u0161vytint\u012f efekt\u0105 visus metus. Lengvai slystantis ir maloniai kvepiantis bronzantas padeda pary\u0161kinti atostog\u0173 \u012fdeg\u012f vasar\u0105, o \u017eiem\u0105 \u2013 suteikia \u0161ilto, gaivaus atspalvio.<\/p>\n<p data-start=\"459\" data-end=\"663\">\u0160is bronzantas praturtintas mineralais ir perlamutin\u0117mis dalel\u0117mis, kurios \u0161velniai pagyvina veido bruo\u017eus. Formul\u0117je esanti aktyvioji med\u017eiaga <em data-start=\"603\" data-end=\"616\">PhycoCorail<\/em> suteikia papildom\u0105 apsaug\u0105 nuo UV spinduli\u0173.<\/p>\n<p data-start=\"665\" data-end=\"846\">D\u0117l kompaktinio dyd\u017eio ir integruoto ma\u017eo \u0161epet\u0117lio SUNBAY bronzantas idealiai tinka kelion\u0117ms ir naudojimui bet kada, kai reikia greito, nat\u016bralaus efekt\u0105 suteikian\u010dio rezultato.<\/p>\n<p data-start=\"848\" data-end=\"964\">Galimi du atspalviai: <strong data-start=\"870\" data-end=\"885\">Paris\/Dubai<\/strong> (\u0161viesesnis) ir <strong data-start=\"902\" data-end=\"914\">NYC\/Bali<\/strong> (tamsesnis), pritaikyti skirtingiems odos tonams.<\/p>\n<p data-start=\"966\" data-end=\"981\"><strong data-start=\"966\" data-end=\"981\">Privalumai:<\/strong><\/p>\n<ul data-start=\"982\" data-end=\"1216\">\n<li data-start=\"982\" data-end=\"1012\">\n<p data-start=\"984\" data-end=\"1012\">Aksomin\u0117, \u0161ilkin\u0117 tekst\u016bra<\/p>\n<\/li>\n<li data-start=\"1013\" data-end=\"1055\">\n<p data-start=\"1015\" data-end=\"1055\">Nat\u016braliai \u012fdeg\u0119s ir \u0161vytintis efektas<\/p>\n<\/li>\n<li data-start=\"1056\" data-end=\"1090\">\n<p data-start=\"1058\" data-end=\"1090\">Mineralais praturtinta formul\u0117<\/p>\n<\/li>\n<li data-start=\"1091\" data-end=\"1137\">\n<p data-start=\"1093\" data-end=\"1137\">Perlamutrin\u0117s dalel\u0117s subtiliam spindesiui<\/p>\n<\/li>\n<li data-start=\"1138\" data-end=\"1170\">\n<p data-start=\"1140\" data-end=\"1170\">UV apsauga d\u0117l <em data-start=\"1155\" data-end=\"1168\">PhycoCorail<\/em><\/p>\n<\/li>\n<li data-start=\"1171\" data-end=\"1216\">\n<p data-start=\"1173\" data-end=\"1216\">Integruotas \u0161epet\u0117lis patogiam naudojimui<\/p>\n<\/li>\n<\/ul>\n","protected":false},"excerpt":{"rendered":"<p data-start=\"1257\" data-end=\"1501\">Aksomin\u0117s tekst\u016bros <strong data-start=\"1277\" data-end=\"1308\">SLA Paris SUNBAY bronzantas<\/strong> suteikia nat\u016braliai \u012fdegusios ir sveikai \u0161vytin\u010dios odos efekt\u0105. Praturtintas mineralais ir <em data-start=\"1401\" data-end=\"1414\">PhycoCorail<\/em> apsaugai nuo UV spinduli\u0173. Su integruotu \u0161epet\u0117liu ir dviem universaliais atspalviais.<\/p>\n","protected":false},"featured_media":62271,"template":"","meta":[],"product_brand":[1527],"product_cat":[793,102],"product_tag":[1623],"class_list":{"0":"post-69027","1":"product","2":"type-product","3":"status-publish","4":"has-post-thumbnail","6":"product_brand-sla-paris","7":"product_cat-bronzantai-2","8":"product_cat-dekoratyvine-kosmetika","9":"product_tag-sla-paris","11":"first","12":"outofstock","13":"purchasable","14":"product-type-simple"},"yoast_head":"<!-- This site is optimized with the Yoast SEO plugin v27.4 - https:\/\/yoast.com\/product\/yoast-seo-wordpress\/ -->\n<title>SLA PARIS bronzantas SUNBAY, 512 - MalinaShop.lt J\u016bs\u0173 sveikatai ir gro\u017eiui.<\/title>\n<meta name=\"description\" content=\"SLA Paris SUNBAY bronzantas \u2013 \u0161ilkin\u0117s tekst\u016bros, mineralais praturtintas bronzantas su UV apsauga ir integruotu \u0161epet\u0117liu. \u0160viesus ir tamsesnis atspalviai.\" \/>\n<meta name=\"robots\" content=\"index, follow, max-snippet:-1, max-image-preview:large, max-video-preview:-1\" \/>\n<link rel=\"canonical\" href=\"https:\/\/www.malinashop.lt\/lt_lt\/shop\/sla-paris-bronzantas-sunbay-512\/\" \/>\n<meta property=\"og:locale\" content=\"lt_LT\" \/>\n<meta property=\"og:type\" content=\"article\" \/>\n<meta property=\"og:title\" content=\"SLA PARIS bronzantas SUNBAY, 512 - MalinaShop.lt J\u016bs\u0173 sveikatai ir gro\u017eiui.\" \/>\n<meta property=\"og:description\" content=\"SLA Paris SUNBAY bronzantas \u2013 \u0161ilkin\u0117s tekst\u016bros, mineralais praturtintas bronzantas su UV apsauga ir integruotu \u0161epet\u0117liu. \u0160viesus ir tamsesnis atspalviai.\" \/>\n<meta property=\"og:url\" content=\"https:\/\/www.malinashop.lt\/lt_lt\/shop\/sla-paris-bronzantas-sunbay-512\/\" \/>\n<meta property=\"og:site_name\" content=\"MalinaShop.lt J\u016bs\u0173 sveikatai ir gro\u017eiui.\" \/>\n<meta property=\"article:modified_time\" content=\"2026-02-17T20:08:49+00:00\" \/>\n<meta property=\"og:image\" content=\"https:\/\/www.malinashop.lt\/wp-content\/uploads\/2025\/11\/bronzantas-sunbay-nycbali.jpg\" \/>\n\t<meta property=\"og:image:width\" content=\"367\" \/>\n\t<meta property=\"og:image:height\" content=\"444\" \/>\n\t<meta property=\"og:image:type\" content=\"image\/jpeg\" \/>\n<meta name=\"twitter:card\" content=\"summary_large_image\" \/>\n<script type=\"application\/ld+json\" class=\"yoast-schema-graph\">{\"@context\":\"https:\\\/\\\/schema.org\",\"@graph\":[{\"@type\":\"WebPage\",\"@id\":\"https:\\\/\\\/www.malinashop.lt\\\/lt_lt\\\/shop\\\/sla-paris-bronzantas-sunbay-512\\\/\",\"url\":\"https:\\\/\\\/www.malinashop.lt\\\/lt_lt\\\/shop\\\/sla-paris-bronzantas-sunbay-512\\\/\",\"name\":\"SLA PARIS bronzantas SUNBAY, 512 - MalinaShop.lt J\u016bs\u0173 sveikatai ir gro\u017eiui.\",\"isPartOf\":{\"@id\":\"https:\\\/\\\/www.malinashop.lt\\\/#website\"},\"primaryImageOfPage\":{\"@id\":\"https:\\\/\\\/www.malinashop.lt\\\/lt_lt\\\/shop\\\/sla-paris-bronzantas-sunbay-512\\\/#primaryimage\"},\"image\":{\"@id\":\"https:\\\/\\\/www.malinashop.lt\\\/lt_lt\\\/shop\\\/sla-paris-bronzantas-sunbay-512\\\/#primaryimage\"},\"thumbnailUrl\":\"https:\\\/\\\/www.malinashop.lt\\\/wp-content\\\/uploads\\\/2025\\\/11\\\/bronzantas-sunbay-nycbali.jpg\",\"datePublished\":\"2025-11-25T13:33:10+00:00\",\"dateModified\":\"2026-02-17T20:08:49+00:00\",\"description\":\"SLA Paris SUNBAY bronzantas \u2013 \u0161ilkin\u0117s tekst\u016bros, mineralais praturtintas bronzantas su UV apsauga ir integruotu \u0161epet\u0117liu. \u0160viesus ir tamsesnis atspalviai.\",\"breadcrumb\":{\"@id\":\"https:\\\/\\\/www.malinashop.lt\\\/lt_lt\\\/shop\\\/sla-paris-bronzantas-sunbay-512\\\/#breadcrumb\"},\"inLanguage\":\"lt-LT\",\"potentialAction\":[{\"@type\":\"ReadAction\",\"target\":[\"https:\\\/\\\/www.malinashop.lt\\\/lt_lt\\\/shop\\\/sla-paris-bronzantas-sunbay-512\\\/\"]}]},{\"@type\":\"ImageObject\",\"inLanguage\":\"lt-LT\",\"@id\":\"https:\\\/\\\/www.malinashop.lt\\\/lt_lt\\\/shop\\\/sla-paris-bronzantas-sunbay-512\\\/#primaryimage\",\"url\":\"https:\\\/\\\/www.malinashop.lt\\\/wp-content\\\/uploads\\\/2025\\\/11\\\/bronzantas-sunbay-nycbali.jpg\",\"contentUrl\":\"https:\\\/\\\/www.malinashop.lt\\\/wp-content\\\/uploads\\\/2025\\\/11\\\/bronzantas-sunbay-nycbali.jpg\",\"width\":367,\"height\":444},{\"@type\":\"BreadcrumbList\",\"@id\":\"https:\\\/\\\/www.malinashop.lt\\\/lt_lt\\\/shop\\\/sla-paris-bronzantas-sunbay-512\\\/#breadcrumb\",\"itemListElement\":[{\"@type\":\"ListItem\",\"position\":1,\"name\":\"Pagrindinis\",\"item\":\"https:\\\/\\\/www.malinashop.lt\\\/\"},{\"@type\":\"ListItem\",\"position\":2,\"name\":\"Parduotuv\u0117\",\"item\":\"https:\\\/\\\/www.malinashop.lt\\\/en\\\/parduotuve\\\/\"},{\"@type\":\"ListItem\",\"position\":3,\"name\":\"SLA PARIS bronzantas SUNBAY, 512\"}]},{\"@type\":\"WebSite\",\"@id\":\"https:\\\/\\\/www.malinashop.lt\\\/#website\",\"url\":\"https:\\\/\\\/www.malinashop.lt\\\/\",\"name\":\"COM Group Ecommerce\",\"description\":\"MalinaShop.lt - Gro\u017eio ir sveikatos produktai i\u0161 patikim\u0173 preki\u0173 \u017eenkl\u0173. Atraskite auk\u0161tos kokyb\u0117s kosmetik\u0105 u\u017e puiki\u0105 kain\u0105.\",\"publisher\":{\"@id\":\"https:\\\/\\\/www.malinashop.lt\\\/#organization\"},\"potentialAction\":[{\"@type\":\"SearchAction\",\"target\":{\"@type\":\"EntryPoint\",\"urlTemplate\":\"https:\\\/\\\/www.malinashop.lt\\\/?s={search_term_string}\"},\"query-input\":{\"@type\":\"PropertyValueSpecification\",\"valueRequired\":true,\"valueName\":\"search_term_string\"}}],\"inLanguage\":\"lt-LT\"},{\"@type\":\"Organization\",\"@id\":\"https:\\\/\\\/www.malinashop.lt\\\/#organization\",\"name\":\"COM Group Ecommerce\",\"url\":\"https:\\\/\\\/www.malinashop.lt\\\/\",\"logo\":{\"@type\":\"ImageObject\",\"inLanguage\":\"lt-LT\",\"@id\":\"https:\\\/\\\/www.malinashop.lt\\\/#\\\/schema\\\/logo\\\/image\\\/\",\"url\":\"https:\\\/\\\/www.malinashop.lt\\\/wp-content\\\/uploads\\\/2024\\\/08\\\/462559670_3787732518133670_9795632669273463_n-e1731525914575.png\",\"contentUrl\":\"https:\\\/\\\/www.malinashop.lt\\\/wp-content\\\/uploads\\\/2024\\\/08\\\/462559670_3787732518133670_9795632669273463_n-e1731525914575.png\",\"width\":180,\"height\":60,\"caption\":\"COM Group Ecommerce\"},\"image\":{\"@id\":\"https:\\\/\\\/www.malinashop.lt\\\/#\\\/schema\\\/logo\\\/image\\\/\"}}]}<\/script>\n<!-- \/ Yoast SEO plugin. -->","yoast_head_json":{"title":"SLA PARIS bronzantas SUNBAY, 512 - MalinaShop.lt J\u016bs\u0173 sveikatai ir gro\u017eiui.","description":"SLA Paris SUNBAY bronzantas \u2013 \u0161ilkin\u0117s tekst\u016bros, mineralais praturtintas bronzantas su UV apsauga ir integruotu \u0161epet\u0117liu. \u0160viesus ir tamsesnis atspalviai.","robots":{"index":"index","follow":"follow","max-snippet":"max-snippet:-1","max-image-preview":"max-image-preview:large","max-video-preview":"max-video-preview:-1"},"canonical":"https:\/\/www.malinashop.lt\/lt_lt\/shop\/sla-paris-bronzantas-sunbay-512\/","og_locale":"lt_LT","og_type":"article","og_title":"SLA PARIS bronzantas SUNBAY, 512 - MalinaShop.lt J\u016bs\u0173 sveikatai ir gro\u017eiui.","og_description":"SLA Paris SUNBAY bronzantas \u2013 \u0161ilkin\u0117s tekst\u016bros, mineralais praturtintas bronzantas su UV apsauga ir integruotu \u0161epet\u0117liu. \u0160viesus ir tamsesnis atspalviai.","og_url":"https:\/\/www.malinashop.lt\/lt_lt\/shop\/sla-paris-bronzantas-sunbay-512\/","og_site_name":"MalinaShop.lt J\u016bs\u0173 sveikatai ir gro\u017eiui.","article_modified_time":"2026-02-17T20:08:49+00:00","og_image":[{"width":367,"height":444,"url":"https:\/\/www.malinashop.lt\/wp-content\/uploads\/2025\/11\/bronzantas-sunbay-nycbali.jpg","type":"image\/jpeg"}],"twitter_card":"summary_large_image","schema":{"@context":"https:\/\/schema.org","@graph":[{"@type":"WebPage","@id":"https:\/\/www.malinashop.lt\/lt_lt\/shop\/sla-paris-bronzantas-sunbay-512\/","url":"https:\/\/www.malinashop.lt\/lt_lt\/shop\/sla-paris-bronzantas-sunbay-512\/","name":"SLA PARIS bronzantas SUNBAY, 512 - MalinaShop.lt J\u016bs\u0173 sveikatai ir gro\u017eiui.","isPartOf":{"@id":"https:\/\/www.malinashop.lt\/#website"},"primaryImageOfPage":{"@id":"https:\/\/www.malinashop.lt\/lt_lt\/shop\/sla-paris-bronzantas-sunbay-512\/#primaryimage"},"image":{"@id":"https:\/\/www.malinashop.lt\/lt_lt\/shop\/sla-paris-bronzantas-sunbay-512\/#primaryimage"},"thumbnailUrl":"https:\/\/www.malinashop.lt\/wp-content\/uploads\/2025\/11\/bronzantas-sunbay-nycbali.jpg","datePublished":"2025-11-25T13:33:10+00:00","dateModified":"2026-02-17T20:08:49+00:00","description":"SLA Paris SUNBAY bronzantas \u2013 \u0161ilkin\u0117s tekst\u016bros, mineralais praturtintas bronzantas su UV apsauga ir integruotu \u0161epet\u0117liu. \u0160viesus ir tamsesnis atspalviai.","breadcrumb":{"@id":"https:\/\/www.malinashop.lt\/lt_lt\/shop\/sla-paris-bronzantas-sunbay-512\/#breadcrumb"},"inLanguage":"lt-LT","potentialAction":[{"@type":"ReadAction","target":["https:\/\/www.malinashop.lt\/lt_lt\/shop\/sla-paris-bronzantas-sunbay-512\/"]}]},{"@type":"ImageObject","inLanguage":"lt-LT","@id":"https:\/\/www.malinashop.lt\/lt_lt\/shop\/sla-paris-bronzantas-sunbay-512\/#primaryimage","url":"https:\/\/www.malinashop.lt\/wp-content\/uploads\/2025\/11\/bronzantas-sunbay-nycbali.jpg","contentUrl":"https:\/\/www.malinashop.lt\/wp-content\/uploads\/2025\/11\/bronzantas-sunbay-nycbali.jpg","width":367,"height":444},{"@type":"BreadcrumbList","@id":"https:\/\/www.malinashop.lt\/lt_lt\/shop\/sla-paris-bronzantas-sunbay-512\/#breadcrumb","itemListElement":[{"@type":"ListItem","position":1,"name":"Pagrindinis","item":"https:\/\/www.malinashop.lt\/"},{"@type":"ListItem","position":2,"name":"Parduotuv\u0117","item":"https:\/\/www.malinashop.lt\/en\/parduotuve\/"},{"@type":"ListItem","position":3,"name":"SLA PARIS bronzantas SUNBAY, 512"}]},{"@type":"WebSite","@id":"https:\/\/www.malinashop.lt\/#website","url":"https:\/\/www.malinashop.lt\/","name":"COM Group Ecommerce","description":"MalinaShop.lt - Gro\u017eio ir sveikatos produktai i\u0161 patikim\u0173 preki\u0173 \u017eenkl\u0173. Atraskite auk\u0161tos kokyb\u0117s kosmetik\u0105 u\u017e puiki\u0105 kain\u0105.","publisher":{"@id":"https:\/\/www.malinashop.lt\/#organization"},"potentialAction":[{"@type":"SearchAction","target":{"@type":"EntryPoint","urlTemplate":"https:\/\/www.malinashop.lt\/?s={search_term_string}"},"query-input":{"@type":"PropertyValueSpecification","valueRequired":true,"valueName":"search_term_string"}}],"inLanguage":"lt-LT"},{"@type":"Organization","@id":"https:\/\/www.malinashop.lt\/#organization","name":"COM Group Ecommerce","url":"https:\/\/www.malinashop.lt\/","logo":{"@type":"ImageObject","inLanguage":"lt-LT","@id":"https:\/\/www.malinashop.lt\/#\/schema\/logo\/image\/","url":"https:\/\/www.malinashop.lt\/wp-content\/uploads\/2024\/08\/462559670_3787732518133670_9795632669273463_n-e1731525914575.png","contentUrl":"https:\/\/www.malinashop.lt\/wp-content\/uploads\/2024\/08\/462559670_3787732518133670_9795632669273463_n-e1731525914575.png","width":180,"height":60,"caption":"COM Group Ecommerce"},"image":{"@id":"https:\/\/www.malinashop.lt\/#\/schema\/logo\/image\/"}}]}},"jetpack_sharing_enabled":true,"_links":{"self":[{"href":"https:\/\/www.malinashop.lt\/lt_lt\/wp-json\/wp\/v2\/product\/69027","targetHints":{"allow":["GET"]}}],"collection":[{"href":"https:\/\/www.malinashop.lt\/lt_lt\/wp-json\/wp\/v2\/product"}],"about":[{"href":"https:\/\/www.malinashop.lt\/lt_lt\/wp-json\/wp\/v2\/types\/product"}],"version-history":[{"count":2,"href":"https:\/\/www.malinashop.lt\/lt_lt\/wp-json\/wp\/v2\/product\/69027\/revisions"}],"predecessor-version":[{"id":71986,"href":"https:\/\/www.malinashop.lt\/lt_lt\/wp-json\/wp\/v2\/product\/69027\/revisions\/71986"}],"wp:featuredmedia":[{"embeddable":true,"href":"https:\/\/www.malinashop.lt\/lt_lt\/wp-json\/wp\/v2\/media\/62271"}],"wp:attachment":[{"href":"https:\/\/www.malinashop.lt\/lt_lt\/wp-json\/wp\/v2\/media?parent=69027"}],"wp:term":[{"taxonomy":"product_brand","embeddable":true,"href":"https:\/\/www.malinashop.lt\/lt_lt\/wp-json\/wp\/v2\/product_brand?post=69027"},{"taxonomy":"product_cat","embeddable":true,"href":"https:\/\/www.malinashop.lt\/lt_lt\/wp-json\/wp\/v2\/product_cat?post=69027"},{"taxonomy":"product_tag","embeddable":true,"href":"https:\/\/www.malinashop.lt\/lt_lt\/wp-json\/wp\/v2\/product_tag?post=69027"}],"curies":[{"name":"wp","href":"https:\/\/api.w.org\/{rel}","templated":true}]}}