{"id":68979,"date":"2025-11-25T16:33:04","date_gmt":"2025-11-25T13:33:04","guid":{"rendered":"https:\/\/malinashop.lt\/?post_type=product&#038;p=68979"},"modified":"2026-02-10T13:12:40","modified_gmt":"2026-02-10T10:12:40","slug":"sla-paris-vandeniui-atsparus-antakiu-piestukas-51","status":"publish","type":"product","link":"https:\/\/www.malinashop.lt\/lt_lt\/shop\/sla-paris-vandeniui-atsparus-antakiu-piestukas-51\/","title":{"rendered":"SLA PARIS vandeniui atsparus antaki\u0173 pie\u0161tukas 51"},"content":{"rendered":"<p data-start=\"90\" data-end=\"378\"><strong data-start=\"90\" data-end=\"143\">SLA PARIS vandeniui atsparus antaki\u0173 pie\u0161tukas 51<\/strong> \u2013 tai ilgai i\u0161liekantis, i\u0161sukamas pie\u0161tukas su integruotomis \u0161ukut\u0117mis, sukurtas tiksliam ir nat\u016braliam antaki\u0173 formavimui. Vandeniui atspari formul\u0117 u\u017etikrina, kad antakiai i\u0161liks tvarkingi vis\u0105 dien\u0105, nepriklausomai nuo oro s\u0105lyg\u0173.<\/p>\n<p data-start=\"380\" data-end=\"661\">\u0160velni ir pigmentuota tekst\u016bra lengvai slysta per od\u0105, tod\u0117l galite tiksliai u\u017epildyti antaki\u0173 tarpelius ir i\u0161gauti norim\u0105 form\u0105. Pie\u0161tukas puikiai tinka tiek subtiliam, tiek ry\u0161kesniam rezultatui, o d\u0117l lengvai koreguojamos konsistencijos jis idealiai tinka kasdieniam naudojimui.<\/p>\n<p data-start=\"663\" data-end=\"903\">Norint pasiekti profesional\u0173 efekt\u0105, rekomenduojama pasirinkti trafaret\u0105, atitinkant\u012f nat\u016brali\u0105 antakio form\u0105, ir paskirstyti va\u0161ko baz\u0119 kirstu \u0161epet\u0117liu arba SLA Nr. 53 \u0161epet\u0117liu. Form\u0105 u\u017etvirtinkite antaki\u0173 \u0161e\u0161\u0117liais, esan\u010diais rinkinyje.<\/p>\n","protected":false},"excerpt":{"rendered":"<p data-start=\"948\" data-end=\"1149\">Ilgai i\u0161liekantis, vandeniui atsparus SLA PARIS antaki\u0173 pie\u0161tukas su integruotomis \u0161ukut\u0117mis. \u0160velni, pigmentuota tekst\u016bra lengvai koreguojama, puikiai u\u017epildo antakius ir padeda i\u0161gauti tiksli\u0105 form\u0105.<\/p>\n","protected":false},"featured_media":62189,"template":"","meta":[],"product_brand":[1527],"product_cat":[1297,102],"product_tag":[1623],"class_list":{"0":"post-68979","1":"product","2":"type-product","3":"status-publish","4":"has-post-thumbnail","6":"product_brand-sla-paris","7":"product_cat-antakiams","8":"product_cat-dekoratyvine-kosmetika","9":"product_tag-sla-paris","11":"first","12":"instock","13":"purchasable","14":"product-type-simple"},"yoast_head":"<!-- This site is optimized with the Yoast SEO plugin v27.4 - https:\/\/yoast.com\/product\/yoast-seo-wordpress\/ -->\n<title>SLA PARIS vandeniui atsparus antaki\u0173 pie\u0161tukas 51 - MalinaShop.lt J\u016bs\u0173 sveikatai ir gro\u017eiui.<\/title>\n<meta name=\"description\" content=\"Vandeniui atsparus SLA PARIS antaki\u0173 pie\u0161tukas 51 \u2013 ilgai i\u0161liekantis, lengvai naudojamas pie\u0161tukas su \u0161ukut\u0117mis tiksliam antaki\u0173 formavimui.\" \/>\n<meta name=\"robots\" content=\"index, follow, max-snippet:-1, max-image-preview:large, max-video-preview:-1\" \/>\n<link rel=\"canonical\" href=\"https:\/\/www.malinashop.lt\/lt_lt\/shop\/sla-paris-vandeniui-atsparus-antakiu-piestukas-51\/\" \/>\n<meta property=\"og:locale\" content=\"lt_LT\" \/>\n<meta property=\"og:type\" content=\"article\" \/>\n<meta property=\"og:title\" content=\"SLA PARIS vandeniui atsparus antaki\u0173 pie\u0161tukas 51 - MalinaShop.lt J\u016bs\u0173 sveikatai ir gro\u017eiui.\" \/>\n<meta property=\"og:description\" content=\"Vandeniui atsparus SLA PARIS antaki\u0173 pie\u0161tukas 51 \u2013 ilgai i\u0161liekantis, lengvai naudojamas pie\u0161tukas su \u0161ukut\u0117mis tiksliam antaki\u0173 formavimui.\" \/>\n<meta property=\"og:url\" content=\"https:\/\/www.malinashop.lt\/lt_lt\/shop\/sla-paris-vandeniui-atsparus-antakiu-piestukas-51\/\" \/>\n<meta property=\"og:site_name\" content=\"MalinaShop.lt J\u016bs\u0173 sveikatai ir gro\u017eiui.\" \/>\n<meta property=\"article:modified_time\" content=\"2026-02-10T10:12:40+00:00\" \/>\n<meta property=\"og:image\" content=\"https:\/\/www.malinashop.lt\/wp-content\/uploads\/2025\/11\/vandeniui-atsparus-antakiu-piestukas-51-1.png\" \/>\n\t<meta property=\"og:image:width\" content=\"800\" \/>\n\t<meta property=\"og:image:height\" content=\"800\" \/>\n\t<meta property=\"og:image:type\" content=\"image\/png\" \/>\n<meta name=\"twitter:card\" content=\"summary_large_image\" \/>\n<script type=\"application\/ld+json\" class=\"yoast-schema-graph\">{\"@context\":\"https:\\\/\\\/schema.org\",\"@graph\":[{\"@type\":\"WebPage\",\"@id\":\"https:\\\/\\\/www.malinashop.lt\\\/lt_lt\\\/shop\\\/sla-paris-vandeniui-atsparus-antakiu-piestukas-51\\\/\",\"url\":\"https:\\\/\\\/www.malinashop.lt\\\/lt_lt\\\/shop\\\/sla-paris-vandeniui-atsparus-antakiu-piestukas-51\\\/\",\"name\":\"SLA PARIS vandeniui atsparus antaki\u0173 pie\u0161tukas 51 - MalinaShop.lt J\u016bs\u0173 sveikatai ir gro\u017eiui.\",\"isPartOf\":{\"@id\":\"https:\\\/\\\/www.malinashop.lt\\\/en\\\/#website\"},\"primaryImageOfPage\":{\"@id\":\"https:\\\/\\\/www.malinashop.lt\\\/lt_lt\\\/shop\\\/sla-paris-vandeniui-atsparus-antakiu-piestukas-51\\\/#primaryimage\"},\"image\":{\"@id\":\"https:\\\/\\\/www.malinashop.lt\\\/lt_lt\\\/shop\\\/sla-paris-vandeniui-atsparus-antakiu-piestukas-51\\\/#primaryimage\"},\"thumbnailUrl\":\"https:\\\/\\\/www.malinashop.lt\\\/wp-content\\\/uploads\\\/2025\\\/11\\\/vandeniui-atsparus-antakiu-piestukas-51-1.png\",\"datePublished\":\"2025-11-25T13:33:04+00:00\",\"dateModified\":\"2026-02-10T10:12:40+00:00\",\"description\":\"Vandeniui atsparus SLA PARIS antaki\u0173 pie\u0161tukas 51 \u2013 ilgai i\u0161liekantis, lengvai naudojamas pie\u0161tukas su \u0161ukut\u0117mis tiksliam antaki\u0173 formavimui.\",\"breadcrumb\":{\"@id\":\"https:\\\/\\\/www.malinashop.lt\\\/lt_lt\\\/shop\\\/sla-paris-vandeniui-atsparus-antakiu-piestukas-51\\\/#breadcrumb\"},\"inLanguage\":\"lt-LT\",\"potentialAction\":[{\"@type\":\"ReadAction\",\"target\":[\"https:\\\/\\\/www.malinashop.lt\\\/lt_lt\\\/shop\\\/sla-paris-vandeniui-atsparus-antakiu-piestukas-51\\\/\"]}]},{\"@type\":\"ImageObject\",\"inLanguage\":\"lt-LT\",\"@id\":\"https:\\\/\\\/www.malinashop.lt\\\/lt_lt\\\/shop\\\/sla-paris-vandeniui-atsparus-antakiu-piestukas-51\\\/#primaryimage\",\"url\":\"https:\\\/\\\/www.malinashop.lt\\\/wp-content\\\/uploads\\\/2025\\\/11\\\/vandeniui-atsparus-antakiu-piestukas-51-1.png\",\"contentUrl\":\"https:\\\/\\\/www.malinashop.lt\\\/wp-content\\\/uploads\\\/2025\\\/11\\\/vandeniui-atsparus-antakiu-piestukas-51-1.png\",\"width\":800,\"height\":800},{\"@type\":\"BreadcrumbList\",\"@id\":\"https:\\\/\\\/www.malinashop.lt\\\/lt_lt\\\/shop\\\/sla-paris-vandeniui-atsparus-antakiu-piestukas-51\\\/#breadcrumb\",\"itemListElement\":[{\"@type\":\"ListItem\",\"position\":1,\"name\":\"Home\",\"item\":\"https:\\\/\\\/www.malinashop.lt\\\/en\\\/\"},{\"@type\":\"ListItem\",\"position\":2,\"name\":\"Parduotuv\u0117\",\"item\":\"https:\\\/\\\/www.malinashop.lt\\\/en\\\/parduotuve\\\/\"},{\"@type\":\"ListItem\",\"position\":3,\"name\":\"SLA PARIS vandeniui atsparus antaki\u0173 pie\u0161tukas 51\"}]},{\"@type\":\"WebSite\",\"@id\":\"https:\\\/\\\/www.malinashop.lt\\\/en\\\/#website\",\"url\":\"https:\\\/\\\/www.malinashop.lt\\\/en\\\/\",\"name\":\"COM Group Ecommerce\",\"description\":\"MalinaShop.lt - Gro\u017eio ir sveikatos produktai i\u0161 patikim\u0173 preki\u0173 \u017eenkl\u0173. Atraskite auk\u0161tos kokyb\u0117s kosmetik\u0105 u\u017e puiki\u0105 kain\u0105.\",\"publisher\":{\"@id\":\"https:\\\/\\\/www.malinashop.lt\\\/en\\\/#organization\"},\"potentialAction\":[{\"@type\":\"SearchAction\",\"target\":{\"@type\":\"EntryPoint\",\"urlTemplate\":\"https:\\\/\\\/www.malinashop.lt\\\/en\\\/?s={search_term_string}\"},\"query-input\":{\"@type\":\"PropertyValueSpecification\",\"valueRequired\":true,\"valueName\":\"search_term_string\"}}],\"inLanguage\":\"lt-LT\"},{\"@type\":\"Organization\",\"@id\":\"https:\\\/\\\/www.malinashop.lt\\\/en\\\/#organization\",\"name\":\"COM Group Ecommerce\",\"url\":\"https:\\\/\\\/www.malinashop.lt\\\/en\\\/\",\"logo\":{\"@type\":\"ImageObject\",\"inLanguage\":\"lt-LT\",\"@id\":\"https:\\\/\\\/www.malinashop.lt\\\/en\\\/#\\\/schema\\\/logo\\\/image\\\/\",\"url\":\"https:\\\/\\\/www.malinashop.lt\\\/wp-content\\\/uploads\\\/2024\\\/08\\\/462559670_3787732518133670_9795632669273463_n-e1731525914575.png\",\"contentUrl\":\"https:\\\/\\\/www.malinashop.lt\\\/wp-content\\\/uploads\\\/2024\\\/08\\\/462559670_3787732518133670_9795632669273463_n-e1731525914575.png\",\"width\":180,\"height\":60,\"caption\":\"COM Group Ecommerce\"},\"image\":{\"@id\":\"https:\\\/\\\/www.malinashop.lt\\\/en\\\/#\\\/schema\\\/logo\\\/image\\\/\"}}]}<\/script>\n<!-- \/ Yoast SEO plugin. -->","yoast_head_json":{"title":"SLA PARIS vandeniui atsparus antaki\u0173 pie\u0161tukas 51 - MalinaShop.lt J\u016bs\u0173 sveikatai ir gro\u017eiui.","description":"Vandeniui atsparus SLA PARIS antaki\u0173 pie\u0161tukas 51 \u2013 ilgai i\u0161liekantis, lengvai naudojamas pie\u0161tukas su \u0161ukut\u0117mis tiksliam antaki\u0173 formavimui.","robots":{"index":"index","follow":"follow","max-snippet":"max-snippet:-1","max-image-preview":"max-image-preview:large","max-video-preview":"max-video-preview:-1"},"canonical":"https:\/\/www.malinashop.lt\/lt_lt\/shop\/sla-paris-vandeniui-atsparus-antakiu-piestukas-51\/","og_locale":"lt_LT","og_type":"article","og_title":"SLA PARIS vandeniui atsparus antaki\u0173 pie\u0161tukas 51 - MalinaShop.lt J\u016bs\u0173 sveikatai ir gro\u017eiui.","og_description":"Vandeniui atsparus SLA PARIS antaki\u0173 pie\u0161tukas 51 \u2013 ilgai i\u0161liekantis, lengvai naudojamas pie\u0161tukas su \u0161ukut\u0117mis tiksliam antaki\u0173 formavimui.","og_url":"https:\/\/www.malinashop.lt\/lt_lt\/shop\/sla-paris-vandeniui-atsparus-antakiu-piestukas-51\/","og_site_name":"MalinaShop.lt J\u016bs\u0173 sveikatai ir gro\u017eiui.","article_modified_time":"2026-02-10T10:12:40+00:00","og_image":[{"width":800,"height":800,"url":"https:\/\/www.malinashop.lt\/wp-content\/uploads\/2025\/11\/vandeniui-atsparus-antakiu-piestukas-51-1.png","type":"image\/png"}],"twitter_card":"summary_large_image","schema":{"@context":"https:\/\/schema.org","@graph":[{"@type":"WebPage","@id":"https:\/\/www.malinashop.lt\/lt_lt\/shop\/sla-paris-vandeniui-atsparus-antakiu-piestukas-51\/","url":"https:\/\/www.malinashop.lt\/lt_lt\/shop\/sla-paris-vandeniui-atsparus-antakiu-piestukas-51\/","name":"SLA PARIS vandeniui atsparus antaki\u0173 pie\u0161tukas 51 - MalinaShop.lt J\u016bs\u0173 sveikatai ir gro\u017eiui.","isPartOf":{"@id":"https:\/\/www.malinashop.lt\/en\/#website"},"primaryImageOfPage":{"@id":"https:\/\/www.malinashop.lt\/lt_lt\/shop\/sla-paris-vandeniui-atsparus-antakiu-piestukas-51\/#primaryimage"},"image":{"@id":"https:\/\/www.malinashop.lt\/lt_lt\/shop\/sla-paris-vandeniui-atsparus-antakiu-piestukas-51\/#primaryimage"},"thumbnailUrl":"https:\/\/www.malinashop.lt\/wp-content\/uploads\/2025\/11\/vandeniui-atsparus-antakiu-piestukas-51-1.png","datePublished":"2025-11-25T13:33:04+00:00","dateModified":"2026-02-10T10:12:40+00:00","description":"Vandeniui atsparus SLA PARIS antaki\u0173 pie\u0161tukas 51 \u2013 ilgai i\u0161liekantis, lengvai naudojamas pie\u0161tukas su \u0161ukut\u0117mis tiksliam antaki\u0173 formavimui.","breadcrumb":{"@id":"https:\/\/www.malinashop.lt\/lt_lt\/shop\/sla-paris-vandeniui-atsparus-antakiu-piestukas-51\/#breadcrumb"},"inLanguage":"lt-LT","potentialAction":[{"@type":"ReadAction","target":["https:\/\/www.malinashop.lt\/lt_lt\/shop\/sla-paris-vandeniui-atsparus-antakiu-piestukas-51\/"]}]},{"@type":"ImageObject","inLanguage":"lt-LT","@id":"https:\/\/www.malinashop.lt\/lt_lt\/shop\/sla-paris-vandeniui-atsparus-antakiu-piestukas-51\/#primaryimage","url":"https:\/\/www.malinashop.lt\/wp-content\/uploads\/2025\/11\/vandeniui-atsparus-antakiu-piestukas-51-1.png","contentUrl":"https:\/\/www.malinashop.lt\/wp-content\/uploads\/2025\/11\/vandeniui-atsparus-antakiu-piestukas-51-1.png","width":800,"height":800},{"@type":"BreadcrumbList","@id":"https:\/\/www.malinashop.lt\/lt_lt\/shop\/sla-paris-vandeniui-atsparus-antakiu-piestukas-51\/#breadcrumb","itemListElement":[{"@type":"ListItem","position":1,"name":"Home","item":"https:\/\/www.malinashop.lt\/en\/"},{"@type":"ListItem","position":2,"name":"Parduotuv\u0117","item":"https:\/\/www.malinashop.lt\/en\/parduotuve\/"},{"@type":"ListItem","position":3,"name":"SLA PARIS vandeniui atsparus antaki\u0173 pie\u0161tukas 51"}]},{"@type":"WebSite","@id":"https:\/\/www.malinashop.lt\/en\/#website","url":"https:\/\/www.malinashop.lt\/en\/","name":"COM Group Ecommerce","description":"MalinaShop.lt - Gro\u017eio ir sveikatos produktai i\u0161 patikim\u0173 preki\u0173 \u017eenkl\u0173. Atraskite auk\u0161tos kokyb\u0117s kosmetik\u0105 u\u017e puiki\u0105 kain\u0105.","publisher":{"@id":"https:\/\/www.malinashop.lt\/en\/#organization"},"potentialAction":[{"@type":"SearchAction","target":{"@type":"EntryPoint","urlTemplate":"https:\/\/www.malinashop.lt\/en\/?s={search_term_string}"},"query-input":{"@type":"PropertyValueSpecification","valueRequired":true,"valueName":"search_term_string"}}],"inLanguage":"lt-LT"},{"@type":"Organization","@id":"https:\/\/www.malinashop.lt\/en\/#organization","name":"COM Group Ecommerce","url":"https:\/\/www.malinashop.lt\/en\/","logo":{"@type":"ImageObject","inLanguage":"lt-LT","@id":"https:\/\/www.malinashop.lt\/en\/#\/schema\/logo\/image\/","url":"https:\/\/www.malinashop.lt\/wp-content\/uploads\/2024\/08\/462559670_3787732518133670_9795632669273463_n-e1731525914575.png","contentUrl":"https:\/\/www.malinashop.lt\/wp-content\/uploads\/2024\/08\/462559670_3787732518133670_9795632669273463_n-e1731525914575.png","width":180,"height":60,"caption":"COM Group Ecommerce"},"image":{"@id":"https:\/\/www.malinashop.lt\/en\/#\/schema\/logo\/image\/"}}]}},"jetpack_sharing_enabled":true,"_links":{"self":[{"href":"https:\/\/www.malinashop.lt\/lt_lt\/wp-json\/wp\/v2\/product\/68979","targetHints":{"allow":["GET"]}}],"collection":[{"href":"https:\/\/www.malinashop.lt\/lt_lt\/wp-json\/wp\/v2\/product"}],"about":[{"href":"https:\/\/www.malinashop.lt\/lt_lt\/wp-json\/wp\/v2\/types\/product"}],"version-history":[{"count":2,"href":"https:\/\/www.malinashop.lt\/lt_lt\/wp-json\/wp\/v2\/product\/68979\/revisions"}],"predecessor-version":[{"id":71859,"href":"https:\/\/www.malinashop.lt\/lt_lt\/wp-json\/wp\/v2\/product\/68979\/revisions\/71859"}],"wp:featuredmedia":[{"embeddable":true,"href":"https:\/\/www.malinashop.lt\/lt_lt\/wp-json\/wp\/v2\/media\/62189"}],"wp:attachment":[{"href":"https:\/\/www.malinashop.lt\/lt_lt\/wp-json\/wp\/v2\/media?parent=68979"}],"wp:term":[{"taxonomy":"product_brand","embeddable":true,"href":"https:\/\/www.malinashop.lt\/lt_lt\/wp-json\/wp\/v2\/product_brand?post=68979"},{"taxonomy":"product_cat","embeddable":true,"href":"https:\/\/www.malinashop.lt\/lt_lt\/wp-json\/wp\/v2\/product_cat?post=68979"},{"taxonomy":"product_tag","embeddable":true,"href":"https:\/\/www.malinashop.lt\/lt_lt\/wp-json\/wp\/v2\/product_tag?post=68979"}],"curies":[{"name":"wp","href":"https:\/\/api.w.org\/{rel}","templated":true}]}}