{"id":68975,"date":"2025-11-25T16:32:57","date_gmt":"2025-11-25T13:32:57","guid":{"rendered":"https:\/\/malinashop.lt\/?post_type=product&#038;p=68975"},"modified":"2026-02-10T13:12:42","modified_gmt":"2026-02-10T10:12:42","slug":"sla-paris-blakstienu-tusas-su-keratinu-melynas-8ml","status":"publish","type":"product","link":"https:\/\/www.malinashop.lt\/lt_lt\/shop\/sla-paris-blakstienu-tusas-su-keratinu-melynas-8ml\/","title":{"rendered":"SLA PARIS blakstien\u0173 tu\u0161as su keratinu M\u0117lynas, 8ml"},"content":{"rendered":"<p data-start=\"142\" data-end=\"504\">Augalinis keratino va\u0161kas esantis \u0161iame blakstien\u0173 tu\u0161e intensyviai stiprina blakstienas, suteikia joms tankumo ir i\u0161rai\u0161kingos spalvos. D\u0117l maitinamosios formul\u0117s blakstienos tampa elastingesn\u0117s, ma\u017eiau l\u016b\u017ein\u0117ja ir atrodo vizualiai pilnesn\u0117s. Tu\u0161as lengvai slysta per blakstienas, apsaugo jas nuo i\u0161orini\u0173 veiksni\u0173 ir suteikia ry\u0161k\u0173, ilgai i\u0161liekant\u012f rezultat\u0105.<\/p>\n<p data-start=\"506\" data-end=\"798\">Specialiai sukurtas apvalus \u0161epet\u0117lis i\u0161ry\u0161kina kiekvien\u0105 plaukel\u012f, sukuria \u012fsp\u016bding\u0105 storinant\u012f efekt\u0105 ir leid\u017eia pasiekti maksimali\u0105 apimt\u012f net keliomis aplikacijomis. Formul\u0117je n\u0117ra fenoksitenolio ir PEG, o produktas n\u0117ra testuotas su gyv\u016bnais, tod\u0117l tinka net jautresni\u0173 aki\u0173 savinink\u0117ms.<\/p>\n","protected":false},"excerpt":{"rendered":"<p data-start=\"840\" data-end=\"1069\">Stiprinantis blakstien\u0173 tu\u0161as su augaliniu keratino va\u0161ku suteikia tankumo, apimties ir intensyvi\u0105 spalv\u0105. Maitinanti formul\u0117 ir apvalus \u0161epet\u0117lis i\u0161ry\u0161kina kiekvien\u0105 blakstien\u0105. Be fenoksitenolio, be PEG, netestuota su gyv\u016bnais.<\/p>\n","protected":false},"featured_media":62183,"template":"","meta":[],"product_brand":[1527],"product_cat":[521,102],"product_tag":[1623],"class_list":{"0":"post-68975","1":"product","2":"type-product","3":"status-publish","4":"has-post-thumbnail","6":"product_brand-sla-paris","7":"product_cat-blakstienu-tusai","8":"product_cat-dekoratyvine-kosmetika","9":"product_tag-sla-paris","11":"first","12":"instock","13":"purchasable","14":"product-type-simple"},"yoast_head":"<!-- This site is optimized with the Yoast SEO plugin v27.4 - https:\/\/yoast.com\/product\/yoast-seo-wordpress\/ -->\n<title>SLA PARIS blakstien\u0173 tu\u0161as su keratinu M\u0117lynas, 8ml - MalinaShop.lt J\u016bs\u0173 sveikatai ir gro\u017eiui.<\/title>\n<meta name=\"description\" content=\"Stiprinantis blakstien\u0173 tu\u0161as su augaliniu keratinu. Suteikia apimt\u012f, intensyvi\u0105 spalv\u0105 ir tankum\u0105. Be fenoksitenolio ir PEG, netestuotas su gyv\u016bnais.\" \/>\n<meta name=\"robots\" content=\"index, follow, max-snippet:-1, max-image-preview:large, max-video-preview:-1\" \/>\n<link rel=\"canonical\" href=\"https:\/\/www.malinashop.lt\/lt_lt\/shop\/sla-paris-blakstienu-tusas-su-keratinu-melynas-8ml\/\" \/>\n<meta property=\"og:locale\" content=\"lt_LT\" \/>\n<meta property=\"og:type\" content=\"article\" \/>\n<meta property=\"og:title\" content=\"SLA PARIS blakstien\u0173 tu\u0161as su keratinu M\u0117lynas, 8ml - MalinaShop.lt J\u016bs\u0173 sveikatai ir gro\u017eiui.\" \/>\n<meta property=\"og:description\" content=\"Stiprinantis blakstien\u0173 tu\u0161as su augaliniu keratinu. Suteikia apimt\u012f, intensyvi\u0105 spalv\u0105 ir tankum\u0105. Be fenoksitenolio ir PEG, netestuotas su gyv\u016bnais.\" \/>\n<meta property=\"og:url\" content=\"https:\/\/www.malinashop.lt\/lt_lt\/shop\/sla-paris-blakstienu-tusas-su-keratinu-melynas-8ml\/\" \/>\n<meta property=\"og:site_name\" content=\"MalinaShop.lt J\u016bs\u0173 sveikatai ir gro\u017eiui.\" \/>\n<meta property=\"article:modified_time\" content=\"2026-02-10T10:12:42+00:00\" \/>\n<meta property=\"og:image\" content=\"https:\/\/www.malinashop.lt\/wp-content\/uploads\/2025\/11\/blakstienu-tusas-su-keratinu-melynas-8ml.jpg\" \/>\n\t<meta property=\"og:image:width\" content=\"800\" \/>\n\t<meta property=\"og:image:height\" content=\"800\" \/>\n\t<meta property=\"og:image:type\" content=\"image\/jpeg\" \/>\n<meta name=\"twitter:card\" content=\"summary_large_image\" \/>\n<script type=\"application\/ld+json\" class=\"yoast-schema-graph\">{\"@context\":\"https:\\\/\\\/schema.org\",\"@graph\":[{\"@type\":\"WebPage\",\"@id\":\"https:\\\/\\\/www.malinashop.lt\\\/lt_lt\\\/shop\\\/sla-paris-blakstienu-tusas-su-keratinu-melynas-8ml\\\/\",\"url\":\"https:\\\/\\\/www.malinashop.lt\\\/lt_lt\\\/shop\\\/sla-paris-blakstienu-tusas-su-keratinu-melynas-8ml\\\/\",\"name\":\"SLA PARIS blakstien\u0173 tu\u0161as su keratinu M\u0117lynas, 8ml - MalinaShop.lt J\u016bs\u0173 sveikatai ir gro\u017eiui.\",\"isPartOf\":{\"@id\":\"https:\\\/\\\/www.malinashop.lt\\\/#website\"},\"primaryImageOfPage\":{\"@id\":\"https:\\\/\\\/www.malinashop.lt\\\/lt_lt\\\/shop\\\/sla-paris-blakstienu-tusas-su-keratinu-melynas-8ml\\\/#primaryimage\"},\"image\":{\"@id\":\"https:\\\/\\\/www.malinashop.lt\\\/lt_lt\\\/shop\\\/sla-paris-blakstienu-tusas-su-keratinu-melynas-8ml\\\/#primaryimage\"},\"thumbnailUrl\":\"https:\\\/\\\/www.malinashop.lt\\\/wp-content\\\/uploads\\\/2025\\\/11\\\/blakstienu-tusas-su-keratinu-melynas-8ml.jpg\",\"datePublished\":\"2025-11-25T13:32:57+00:00\",\"dateModified\":\"2026-02-10T10:12:42+00:00\",\"description\":\"Stiprinantis blakstien\u0173 tu\u0161as su augaliniu keratinu. Suteikia apimt\u012f, intensyvi\u0105 spalv\u0105 ir tankum\u0105. Be fenoksitenolio ir PEG, netestuotas su gyv\u016bnais.\",\"breadcrumb\":{\"@id\":\"https:\\\/\\\/www.malinashop.lt\\\/lt_lt\\\/shop\\\/sla-paris-blakstienu-tusas-su-keratinu-melynas-8ml\\\/#breadcrumb\"},\"inLanguage\":\"lt-LT\",\"potentialAction\":[{\"@type\":\"ReadAction\",\"target\":[\"https:\\\/\\\/www.malinashop.lt\\\/lt_lt\\\/shop\\\/sla-paris-blakstienu-tusas-su-keratinu-melynas-8ml\\\/\"]}]},{\"@type\":\"ImageObject\",\"inLanguage\":\"lt-LT\",\"@id\":\"https:\\\/\\\/www.malinashop.lt\\\/lt_lt\\\/shop\\\/sla-paris-blakstienu-tusas-su-keratinu-melynas-8ml\\\/#primaryimage\",\"url\":\"https:\\\/\\\/www.malinashop.lt\\\/wp-content\\\/uploads\\\/2025\\\/11\\\/blakstienu-tusas-su-keratinu-melynas-8ml.jpg\",\"contentUrl\":\"https:\\\/\\\/www.malinashop.lt\\\/wp-content\\\/uploads\\\/2025\\\/11\\\/blakstienu-tusas-su-keratinu-melynas-8ml.jpg\",\"width\":800,\"height\":800},{\"@type\":\"BreadcrumbList\",\"@id\":\"https:\\\/\\\/www.malinashop.lt\\\/lt_lt\\\/shop\\\/sla-paris-blakstienu-tusas-su-keratinu-melynas-8ml\\\/#breadcrumb\",\"itemListElement\":[{\"@type\":\"ListItem\",\"position\":1,\"name\":\"Pagrindinis\",\"item\":\"https:\\\/\\\/www.malinashop.lt\\\/\"},{\"@type\":\"ListItem\",\"position\":2,\"name\":\"Parduotuv\u0117\",\"item\":\"https:\\\/\\\/www.malinashop.lt\\\/en\\\/parduotuve\\\/\"},{\"@type\":\"ListItem\",\"position\":3,\"name\":\"SLA PARIS blakstien\u0173 tu\u0161as su keratinu M\u0117lynas, 8ml\"}]},{\"@type\":\"WebSite\",\"@id\":\"https:\\\/\\\/www.malinashop.lt\\\/#website\",\"url\":\"https:\\\/\\\/www.malinashop.lt\\\/\",\"name\":\"COM Group Ecommerce\",\"description\":\"MalinaShop.lt - Gro\u017eio ir sveikatos produktai i\u0161 patikim\u0173 preki\u0173 \u017eenkl\u0173. Atraskite auk\u0161tos kokyb\u0117s kosmetik\u0105 u\u017e puiki\u0105 kain\u0105.\",\"publisher\":{\"@id\":\"https:\\\/\\\/www.malinashop.lt\\\/#organization\"},\"potentialAction\":[{\"@type\":\"SearchAction\",\"target\":{\"@type\":\"EntryPoint\",\"urlTemplate\":\"https:\\\/\\\/www.malinashop.lt\\\/?s={search_term_string}\"},\"query-input\":{\"@type\":\"PropertyValueSpecification\",\"valueRequired\":true,\"valueName\":\"search_term_string\"}}],\"inLanguage\":\"lt-LT\"},{\"@type\":\"Organization\",\"@id\":\"https:\\\/\\\/www.malinashop.lt\\\/#organization\",\"name\":\"COM Group Ecommerce\",\"url\":\"https:\\\/\\\/www.malinashop.lt\\\/\",\"logo\":{\"@type\":\"ImageObject\",\"inLanguage\":\"lt-LT\",\"@id\":\"https:\\\/\\\/www.malinashop.lt\\\/#\\\/schema\\\/logo\\\/image\\\/\",\"url\":\"https:\\\/\\\/www.malinashop.lt\\\/wp-content\\\/uploads\\\/2024\\\/08\\\/462559670_3787732518133670_9795632669273463_n-e1731525914575.png\",\"contentUrl\":\"https:\\\/\\\/www.malinashop.lt\\\/wp-content\\\/uploads\\\/2024\\\/08\\\/462559670_3787732518133670_9795632669273463_n-e1731525914575.png\",\"width\":180,\"height\":60,\"caption\":\"COM Group Ecommerce\"},\"image\":{\"@id\":\"https:\\\/\\\/www.malinashop.lt\\\/#\\\/schema\\\/logo\\\/image\\\/\"}}]}<\/script>\n<!-- \/ Yoast SEO plugin. -->","yoast_head_json":{"title":"SLA PARIS blakstien\u0173 tu\u0161as su keratinu M\u0117lynas, 8ml - MalinaShop.lt J\u016bs\u0173 sveikatai ir gro\u017eiui.","description":"Stiprinantis blakstien\u0173 tu\u0161as su augaliniu keratinu. Suteikia apimt\u012f, intensyvi\u0105 spalv\u0105 ir tankum\u0105. Be fenoksitenolio ir PEG, netestuotas su gyv\u016bnais.","robots":{"index":"index","follow":"follow","max-snippet":"max-snippet:-1","max-image-preview":"max-image-preview:large","max-video-preview":"max-video-preview:-1"},"canonical":"https:\/\/www.malinashop.lt\/lt_lt\/shop\/sla-paris-blakstienu-tusas-su-keratinu-melynas-8ml\/","og_locale":"lt_LT","og_type":"article","og_title":"SLA PARIS blakstien\u0173 tu\u0161as su keratinu M\u0117lynas, 8ml - MalinaShop.lt J\u016bs\u0173 sveikatai ir gro\u017eiui.","og_description":"Stiprinantis blakstien\u0173 tu\u0161as su augaliniu keratinu. Suteikia apimt\u012f, intensyvi\u0105 spalv\u0105 ir tankum\u0105. Be fenoksitenolio ir PEG, netestuotas su gyv\u016bnais.","og_url":"https:\/\/www.malinashop.lt\/lt_lt\/shop\/sla-paris-blakstienu-tusas-su-keratinu-melynas-8ml\/","og_site_name":"MalinaShop.lt J\u016bs\u0173 sveikatai ir gro\u017eiui.","article_modified_time":"2026-02-10T10:12:42+00:00","og_image":[{"width":800,"height":800,"url":"https:\/\/www.malinashop.lt\/wp-content\/uploads\/2025\/11\/blakstienu-tusas-su-keratinu-melynas-8ml.jpg","type":"image\/jpeg"}],"twitter_card":"summary_large_image","schema":{"@context":"https:\/\/schema.org","@graph":[{"@type":"WebPage","@id":"https:\/\/www.malinashop.lt\/lt_lt\/shop\/sla-paris-blakstienu-tusas-su-keratinu-melynas-8ml\/","url":"https:\/\/www.malinashop.lt\/lt_lt\/shop\/sla-paris-blakstienu-tusas-su-keratinu-melynas-8ml\/","name":"SLA PARIS blakstien\u0173 tu\u0161as su keratinu M\u0117lynas, 8ml - MalinaShop.lt J\u016bs\u0173 sveikatai ir gro\u017eiui.","isPartOf":{"@id":"https:\/\/www.malinashop.lt\/#website"},"primaryImageOfPage":{"@id":"https:\/\/www.malinashop.lt\/lt_lt\/shop\/sla-paris-blakstienu-tusas-su-keratinu-melynas-8ml\/#primaryimage"},"image":{"@id":"https:\/\/www.malinashop.lt\/lt_lt\/shop\/sla-paris-blakstienu-tusas-su-keratinu-melynas-8ml\/#primaryimage"},"thumbnailUrl":"https:\/\/www.malinashop.lt\/wp-content\/uploads\/2025\/11\/blakstienu-tusas-su-keratinu-melynas-8ml.jpg","datePublished":"2025-11-25T13:32:57+00:00","dateModified":"2026-02-10T10:12:42+00:00","description":"Stiprinantis blakstien\u0173 tu\u0161as su augaliniu keratinu. Suteikia apimt\u012f, intensyvi\u0105 spalv\u0105 ir tankum\u0105. Be fenoksitenolio ir PEG, netestuotas su gyv\u016bnais.","breadcrumb":{"@id":"https:\/\/www.malinashop.lt\/lt_lt\/shop\/sla-paris-blakstienu-tusas-su-keratinu-melynas-8ml\/#breadcrumb"},"inLanguage":"lt-LT","potentialAction":[{"@type":"ReadAction","target":["https:\/\/www.malinashop.lt\/lt_lt\/shop\/sla-paris-blakstienu-tusas-su-keratinu-melynas-8ml\/"]}]},{"@type":"ImageObject","inLanguage":"lt-LT","@id":"https:\/\/www.malinashop.lt\/lt_lt\/shop\/sla-paris-blakstienu-tusas-su-keratinu-melynas-8ml\/#primaryimage","url":"https:\/\/www.malinashop.lt\/wp-content\/uploads\/2025\/11\/blakstienu-tusas-su-keratinu-melynas-8ml.jpg","contentUrl":"https:\/\/www.malinashop.lt\/wp-content\/uploads\/2025\/11\/blakstienu-tusas-su-keratinu-melynas-8ml.jpg","width":800,"height":800},{"@type":"BreadcrumbList","@id":"https:\/\/www.malinashop.lt\/lt_lt\/shop\/sla-paris-blakstienu-tusas-su-keratinu-melynas-8ml\/#breadcrumb","itemListElement":[{"@type":"ListItem","position":1,"name":"Pagrindinis","item":"https:\/\/www.malinashop.lt\/"},{"@type":"ListItem","position":2,"name":"Parduotuv\u0117","item":"https:\/\/www.malinashop.lt\/en\/parduotuve\/"},{"@type":"ListItem","position":3,"name":"SLA PARIS blakstien\u0173 tu\u0161as su keratinu M\u0117lynas, 8ml"}]},{"@type":"WebSite","@id":"https:\/\/www.malinashop.lt\/#website","url":"https:\/\/www.malinashop.lt\/","name":"COM Group Ecommerce","description":"MalinaShop.lt - Gro\u017eio ir sveikatos produktai i\u0161 patikim\u0173 preki\u0173 \u017eenkl\u0173. Atraskite auk\u0161tos kokyb\u0117s kosmetik\u0105 u\u017e puiki\u0105 kain\u0105.","publisher":{"@id":"https:\/\/www.malinashop.lt\/#organization"},"potentialAction":[{"@type":"SearchAction","target":{"@type":"EntryPoint","urlTemplate":"https:\/\/www.malinashop.lt\/?s={search_term_string}"},"query-input":{"@type":"PropertyValueSpecification","valueRequired":true,"valueName":"search_term_string"}}],"inLanguage":"lt-LT"},{"@type":"Organization","@id":"https:\/\/www.malinashop.lt\/#organization","name":"COM Group Ecommerce","url":"https:\/\/www.malinashop.lt\/","logo":{"@type":"ImageObject","inLanguage":"lt-LT","@id":"https:\/\/www.malinashop.lt\/#\/schema\/logo\/image\/","url":"https:\/\/www.malinashop.lt\/wp-content\/uploads\/2024\/08\/462559670_3787732518133670_9795632669273463_n-e1731525914575.png","contentUrl":"https:\/\/www.malinashop.lt\/wp-content\/uploads\/2024\/08\/462559670_3787732518133670_9795632669273463_n-e1731525914575.png","width":180,"height":60,"caption":"COM Group Ecommerce"},"image":{"@id":"https:\/\/www.malinashop.lt\/#\/schema\/logo\/image\/"}}]}},"jetpack_sharing_enabled":true,"_links":{"self":[{"href":"https:\/\/www.malinashop.lt\/lt_lt\/wp-json\/wp\/v2\/product\/68975","targetHints":{"allow":["GET"]}}],"collection":[{"href":"https:\/\/www.malinashop.lt\/lt_lt\/wp-json\/wp\/v2\/product"}],"about":[{"href":"https:\/\/www.malinashop.lt\/lt_lt\/wp-json\/wp\/v2\/types\/product"}],"version-history":[{"count":2,"href":"https:\/\/www.malinashop.lt\/lt_lt\/wp-json\/wp\/v2\/product\/68975\/revisions"}],"predecessor-version":[{"id":71849,"href":"https:\/\/www.malinashop.lt\/lt_lt\/wp-json\/wp\/v2\/product\/68975\/revisions\/71849"}],"wp:featuredmedia":[{"embeddable":true,"href":"https:\/\/www.malinashop.lt\/lt_lt\/wp-json\/wp\/v2\/media\/62183"}],"wp:attachment":[{"href":"https:\/\/www.malinashop.lt\/lt_lt\/wp-json\/wp\/v2\/media?parent=68975"}],"wp:term":[{"taxonomy":"product_brand","embeddable":true,"href":"https:\/\/www.malinashop.lt\/lt_lt\/wp-json\/wp\/v2\/product_brand?post=68975"},{"taxonomy":"product_cat","embeddable":true,"href":"https:\/\/www.malinashop.lt\/lt_lt\/wp-json\/wp\/v2\/product_cat?post=68975"},{"taxonomy":"product_tag","embeddable":true,"href":"https:\/\/www.malinashop.lt\/lt_lt\/wp-json\/wp\/v2\/product_tag?post=68975"}],"curies":[{"name":"wp","href":"https:\/\/api.w.org\/{rel}","templated":true}]}}