{"id":68971,"date":"2025-11-25T16:32:57","date_gmt":"2025-11-25T13:32:57","guid":{"rendered":"https:\/\/malinashop.lt\/?post_type=product&#038;p=68971"},"modified":"2026-02-10T13:12:42","modified_gmt":"2026-02-10T10:12:42","slug":"sla-paris-mikronizuotos-ryziu-pudros-refilas-papildymas-9712-90-25g","status":"publish","type":"product","link":"https:\/\/www.malinashop.lt\/lt_lt\/shop\/sla-paris-mikronizuotos-ryziu-pudros-refilas-papildymas-9712-90-25g\/","title":{"rendered":"SLA PARIS mikronizuotos ry\u017ei\u0173 pudros refilas &#8211; papildymas 9712-90, 25g"},"content":{"rendered":"<p data-start=\"166\" data-end=\"587\"><strong data-start=\"166\" data-end=\"230\">SLA PARIS mikronizuotos ry\u017ei\u0173 pudros refilas (9712-90), 25 g<\/strong> \u2013 tai itin smulkios tekst\u016bros, bespalv\u0117 pudra, sukurta ilgalaikiam makia\u017eo fiksavimui ir nat\u016braliai matin\u0117s odos efektui. Mikronizuota formul\u0117 akimirksniu sulieja odos netobulumus, suma\u017eina blizges\u012f ir suteikia ypating\u0105 \u0161velnumo poj\u016bt\u012f. Milteliai tokie lengvi, kad j\u0173 beveik nematyti plika akimi, tod\u0117l oda i\u0161lieka komforti\u0161ka, lengva ir vizualiai lygesn\u0117.<\/p>\n<p data-start=\"589\" data-end=\"874\">Universali ry\u017ei\u0173 pudros sud\u0117tis puikiai prisitaiko prie vis\u0173 odos tip\u0173 ir atspalvi\u0173. Ji suvienodina ton\u0105, padeda i\u0161lyginti smulkias poras ir suteikia nat\u016braliai tobul\u0105, matin\u012f rezultat\u0105 visai dienai. Idealus pasirinkimas tiek kasdieniam makia\u017eui, tiek profesionaliai makia\u017eo technikai.<\/p>\n<p data-start=\"876\" data-end=\"1035\"><strong data-start=\"876\" data-end=\"891\">Naudojimas:<\/strong><br data-start=\"891\" data-end=\"894\" \/>Tolygiai tepkite vis\u0105 veid\u0105 naudodami PRO Brush Nr. 38 arba kit\u0105 biriai pudrai skirt\u0105 \u0161epet\u0117l\u012f. Puikiai tinka baigiamajam makia\u017eo fiksavimui.<\/p>\n","protected":false},"excerpt":{"rendered":"<p data-start=\"1076\" data-end=\"1336\">Bespalv\u0117, mikronizuota SLA PARIS ry\u017ei\u0173 pudra, kuri sulieja odos netobulumus, suteikia matin\u012f efekt\u0105 ir ilgai i\u0161liekant\u012f makia\u017e\u0105. Lengvos tekst\u016bros milteliai prisitaiko prie vis\u0173 odos atspalvi\u0173 ir suteikia ypating\u0105 \u0161velnumo poj\u016bt\u012f. Refilas \u2013 patogus papildymas.<\/p>\n","protected":false},"featured_media":62176,"template":"","meta":[],"product_brand":[1527],"product_cat":[102,792],"product_tag":[1623],"class_list":{"0":"post-68971","1":"product","2":"type-product","3":"status-publish","4":"has-post-thumbnail","6":"product_brand-sla-paris","7":"product_cat-dekoratyvine-kosmetika","8":"product_cat-veido-pudros","9":"product_tag-sla-paris","11":"first","12":"instock","13":"purchasable","14":"product-type-simple"},"yoast_head":"<!-- This site is optimized with the Yoast SEO plugin v27.4 - https:\/\/yoast.com\/product\/yoast-seo-wordpress\/ -->\n<title>SLA PARIS mikronizuotos ry\u017ei\u0173 pudros refilas - papildymas 9712-90, 25g - MalinaShop.lt J\u016bs\u0173 sveikatai ir gro\u017eiui.<\/title>\n<meta name=\"description\" content=\"SLA PARIS mikronizuota ry\u017ei\u0173 pudra \u2013 bespalv\u0117, lengva ir matin\u012f efekt\u0105 suteikianti pudra, tobulai fiksuojanti makia\u017e\u0105. Prisitaiko prie vis\u0173 odos atspalvi\u0173.\" \/>\n<meta name=\"robots\" content=\"index, follow, max-snippet:-1, max-image-preview:large, max-video-preview:-1\" \/>\n<link rel=\"canonical\" href=\"https:\/\/www.malinashop.lt\/lt_lt\/shop\/sla-paris-mikronizuotos-ryziu-pudros-refilas-papildymas-9712-90-25g\/\" \/>\n<meta property=\"og:locale\" content=\"lt_LT\" \/>\n<meta property=\"og:type\" content=\"article\" \/>\n<meta property=\"og:title\" content=\"SLA PARIS mikronizuotos ry\u017ei\u0173 pudros refilas - papildymas 9712-90, 25g - MalinaShop.lt J\u016bs\u0173 sveikatai ir gro\u017eiui.\" \/>\n<meta property=\"og:description\" content=\"SLA PARIS mikronizuota ry\u017ei\u0173 pudra \u2013 bespalv\u0117, lengva ir matin\u012f efekt\u0105 suteikianti pudra, tobulai fiksuojanti makia\u017e\u0105. Prisitaiko prie vis\u0173 odos atspalvi\u0173.\" \/>\n<meta property=\"og:url\" content=\"https:\/\/www.malinashop.lt\/lt_lt\/shop\/sla-paris-mikronizuotos-ryziu-pudros-refilas-papildymas-9712-90-25g\/\" \/>\n<meta property=\"og:site_name\" content=\"MalinaShop.lt J\u016bs\u0173 sveikatai ir gro\u017eiui.\" \/>\n<meta property=\"article:modified_time\" content=\"2026-02-10T10:12:42+00:00\" \/>\n<meta property=\"og:image\" content=\"https:\/\/www.malinashop.lt\/wp-content\/uploads\/2025\/11\/mikronizuotos-ryziu-pudros-refilas-papildymas-25g.jpg\" \/>\n\t<meta property=\"og:image:width\" content=\"800\" \/>\n\t<meta property=\"og:image:height\" content=\"800\" \/>\n\t<meta property=\"og:image:type\" content=\"image\/jpeg\" \/>\n<meta name=\"twitter:card\" content=\"summary_large_image\" \/>\n<script type=\"application\/ld+json\" class=\"yoast-schema-graph\">{\"@context\":\"https:\\\/\\\/schema.org\",\"@graph\":[{\"@type\":\"WebPage\",\"@id\":\"https:\\\/\\\/www.malinashop.lt\\\/lt_lt\\\/shop\\\/sla-paris-mikronizuotos-ryziu-pudros-refilas-papildymas-9712-90-25g\\\/\",\"url\":\"https:\\\/\\\/www.malinashop.lt\\\/lt_lt\\\/shop\\\/sla-paris-mikronizuotos-ryziu-pudros-refilas-papildymas-9712-90-25g\\\/\",\"name\":\"SLA PARIS mikronizuotos ry\u017ei\u0173 pudros refilas - papildymas 9712-90, 25g - MalinaShop.lt J\u016bs\u0173 sveikatai ir gro\u017eiui.\",\"isPartOf\":{\"@id\":\"https:\\\/\\\/www.malinashop.lt\\\/#website\"},\"primaryImageOfPage\":{\"@id\":\"https:\\\/\\\/www.malinashop.lt\\\/lt_lt\\\/shop\\\/sla-paris-mikronizuotos-ryziu-pudros-refilas-papildymas-9712-90-25g\\\/#primaryimage\"},\"image\":{\"@id\":\"https:\\\/\\\/www.malinashop.lt\\\/lt_lt\\\/shop\\\/sla-paris-mikronizuotos-ryziu-pudros-refilas-papildymas-9712-90-25g\\\/#primaryimage\"},\"thumbnailUrl\":\"https:\\\/\\\/www.malinashop.lt\\\/wp-content\\\/uploads\\\/2025\\\/11\\\/mikronizuotos-ryziu-pudros-refilas-papildymas-25g.jpg\",\"datePublished\":\"2025-11-25T13:32:57+00:00\",\"dateModified\":\"2026-02-10T10:12:42+00:00\",\"description\":\"SLA PARIS mikronizuota ry\u017ei\u0173 pudra \u2013 bespalv\u0117, lengva ir matin\u012f efekt\u0105 suteikianti pudra, tobulai fiksuojanti makia\u017e\u0105. Prisitaiko prie vis\u0173 odos atspalvi\u0173.\",\"breadcrumb\":{\"@id\":\"https:\\\/\\\/www.malinashop.lt\\\/lt_lt\\\/shop\\\/sla-paris-mikronizuotos-ryziu-pudros-refilas-papildymas-9712-90-25g\\\/#breadcrumb\"},\"inLanguage\":\"lt-LT\",\"potentialAction\":[{\"@type\":\"ReadAction\",\"target\":[\"https:\\\/\\\/www.malinashop.lt\\\/lt_lt\\\/shop\\\/sla-paris-mikronizuotos-ryziu-pudros-refilas-papildymas-9712-90-25g\\\/\"]}]},{\"@type\":\"ImageObject\",\"inLanguage\":\"lt-LT\",\"@id\":\"https:\\\/\\\/www.malinashop.lt\\\/lt_lt\\\/shop\\\/sla-paris-mikronizuotos-ryziu-pudros-refilas-papildymas-9712-90-25g\\\/#primaryimage\",\"url\":\"https:\\\/\\\/www.malinashop.lt\\\/wp-content\\\/uploads\\\/2025\\\/11\\\/mikronizuotos-ryziu-pudros-refilas-papildymas-25g.jpg\",\"contentUrl\":\"https:\\\/\\\/www.malinashop.lt\\\/wp-content\\\/uploads\\\/2025\\\/11\\\/mikronizuotos-ryziu-pudros-refilas-papildymas-25g.jpg\",\"width\":800,\"height\":800},{\"@type\":\"BreadcrumbList\",\"@id\":\"https:\\\/\\\/www.malinashop.lt\\\/lt_lt\\\/shop\\\/sla-paris-mikronizuotos-ryziu-pudros-refilas-papildymas-9712-90-25g\\\/#breadcrumb\",\"itemListElement\":[{\"@type\":\"ListItem\",\"position\":1,\"name\":\"Pagrindinis\",\"item\":\"https:\\\/\\\/www.malinashop.lt\\\/\"},{\"@type\":\"ListItem\",\"position\":2,\"name\":\"Parduotuv\u0117\",\"item\":\"https:\\\/\\\/www.malinashop.lt\\\/en\\\/parduotuve\\\/\"},{\"@type\":\"ListItem\",\"position\":3,\"name\":\"SLA PARIS mikronizuotos ry\u017ei\u0173 pudros refilas &#8211; papildymas 9712-90, 25g\"}]},{\"@type\":\"WebSite\",\"@id\":\"https:\\\/\\\/www.malinashop.lt\\\/#website\",\"url\":\"https:\\\/\\\/www.malinashop.lt\\\/\",\"name\":\"COM Group Ecommerce\",\"description\":\"MalinaShop.lt - Gro\u017eio ir sveikatos produktai i\u0161 patikim\u0173 preki\u0173 \u017eenkl\u0173. Atraskite auk\u0161tos kokyb\u0117s kosmetik\u0105 u\u017e puiki\u0105 kain\u0105.\",\"publisher\":{\"@id\":\"https:\\\/\\\/www.malinashop.lt\\\/#organization\"},\"potentialAction\":[{\"@type\":\"SearchAction\",\"target\":{\"@type\":\"EntryPoint\",\"urlTemplate\":\"https:\\\/\\\/www.malinashop.lt\\\/?s={search_term_string}\"},\"query-input\":{\"@type\":\"PropertyValueSpecification\",\"valueRequired\":true,\"valueName\":\"search_term_string\"}}],\"inLanguage\":\"lt-LT\"},{\"@type\":\"Organization\",\"@id\":\"https:\\\/\\\/www.malinashop.lt\\\/#organization\",\"name\":\"COM Group Ecommerce\",\"url\":\"https:\\\/\\\/www.malinashop.lt\\\/\",\"logo\":{\"@type\":\"ImageObject\",\"inLanguage\":\"lt-LT\",\"@id\":\"https:\\\/\\\/www.malinashop.lt\\\/#\\\/schema\\\/logo\\\/image\\\/\",\"url\":\"https:\\\/\\\/www.malinashop.lt\\\/wp-content\\\/uploads\\\/2024\\\/08\\\/462559670_3787732518133670_9795632669273463_n-e1731525914575.png\",\"contentUrl\":\"https:\\\/\\\/www.malinashop.lt\\\/wp-content\\\/uploads\\\/2024\\\/08\\\/462559670_3787732518133670_9795632669273463_n-e1731525914575.png\",\"width\":180,\"height\":60,\"caption\":\"COM Group Ecommerce\"},\"image\":{\"@id\":\"https:\\\/\\\/www.malinashop.lt\\\/#\\\/schema\\\/logo\\\/image\\\/\"}}]}<\/script>\n<!-- \/ Yoast SEO plugin. -->","yoast_head_json":{"title":"SLA PARIS mikronizuotos ry\u017ei\u0173 pudros refilas - papildymas 9712-90, 25g - MalinaShop.lt J\u016bs\u0173 sveikatai ir gro\u017eiui.","description":"SLA PARIS mikronizuota ry\u017ei\u0173 pudra \u2013 bespalv\u0117, lengva ir matin\u012f efekt\u0105 suteikianti pudra, tobulai fiksuojanti makia\u017e\u0105. Prisitaiko prie vis\u0173 odos atspalvi\u0173.","robots":{"index":"index","follow":"follow","max-snippet":"max-snippet:-1","max-image-preview":"max-image-preview:large","max-video-preview":"max-video-preview:-1"},"canonical":"https:\/\/www.malinashop.lt\/lt_lt\/shop\/sla-paris-mikronizuotos-ryziu-pudros-refilas-papildymas-9712-90-25g\/","og_locale":"lt_LT","og_type":"article","og_title":"SLA PARIS mikronizuotos ry\u017ei\u0173 pudros refilas - papildymas 9712-90, 25g - MalinaShop.lt J\u016bs\u0173 sveikatai ir gro\u017eiui.","og_description":"SLA PARIS mikronizuota ry\u017ei\u0173 pudra \u2013 bespalv\u0117, lengva ir matin\u012f efekt\u0105 suteikianti pudra, tobulai fiksuojanti makia\u017e\u0105. Prisitaiko prie vis\u0173 odos atspalvi\u0173.","og_url":"https:\/\/www.malinashop.lt\/lt_lt\/shop\/sla-paris-mikronizuotos-ryziu-pudros-refilas-papildymas-9712-90-25g\/","og_site_name":"MalinaShop.lt J\u016bs\u0173 sveikatai ir gro\u017eiui.","article_modified_time":"2026-02-10T10:12:42+00:00","og_image":[{"width":800,"height":800,"url":"https:\/\/www.malinashop.lt\/wp-content\/uploads\/2025\/11\/mikronizuotos-ryziu-pudros-refilas-papildymas-25g.jpg","type":"image\/jpeg"}],"twitter_card":"summary_large_image","schema":{"@context":"https:\/\/schema.org","@graph":[{"@type":"WebPage","@id":"https:\/\/www.malinashop.lt\/lt_lt\/shop\/sla-paris-mikronizuotos-ryziu-pudros-refilas-papildymas-9712-90-25g\/","url":"https:\/\/www.malinashop.lt\/lt_lt\/shop\/sla-paris-mikronizuotos-ryziu-pudros-refilas-papildymas-9712-90-25g\/","name":"SLA PARIS mikronizuotos ry\u017ei\u0173 pudros refilas - papildymas 9712-90, 25g - MalinaShop.lt J\u016bs\u0173 sveikatai ir gro\u017eiui.","isPartOf":{"@id":"https:\/\/www.malinashop.lt\/#website"},"primaryImageOfPage":{"@id":"https:\/\/www.malinashop.lt\/lt_lt\/shop\/sla-paris-mikronizuotos-ryziu-pudros-refilas-papildymas-9712-90-25g\/#primaryimage"},"image":{"@id":"https:\/\/www.malinashop.lt\/lt_lt\/shop\/sla-paris-mikronizuotos-ryziu-pudros-refilas-papildymas-9712-90-25g\/#primaryimage"},"thumbnailUrl":"https:\/\/www.malinashop.lt\/wp-content\/uploads\/2025\/11\/mikronizuotos-ryziu-pudros-refilas-papildymas-25g.jpg","datePublished":"2025-11-25T13:32:57+00:00","dateModified":"2026-02-10T10:12:42+00:00","description":"SLA PARIS mikronizuota ry\u017ei\u0173 pudra \u2013 bespalv\u0117, lengva ir matin\u012f efekt\u0105 suteikianti pudra, tobulai fiksuojanti makia\u017e\u0105. Prisitaiko prie vis\u0173 odos atspalvi\u0173.","breadcrumb":{"@id":"https:\/\/www.malinashop.lt\/lt_lt\/shop\/sla-paris-mikronizuotos-ryziu-pudros-refilas-papildymas-9712-90-25g\/#breadcrumb"},"inLanguage":"lt-LT","potentialAction":[{"@type":"ReadAction","target":["https:\/\/www.malinashop.lt\/lt_lt\/shop\/sla-paris-mikronizuotos-ryziu-pudros-refilas-papildymas-9712-90-25g\/"]}]},{"@type":"ImageObject","inLanguage":"lt-LT","@id":"https:\/\/www.malinashop.lt\/lt_lt\/shop\/sla-paris-mikronizuotos-ryziu-pudros-refilas-papildymas-9712-90-25g\/#primaryimage","url":"https:\/\/www.malinashop.lt\/wp-content\/uploads\/2025\/11\/mikronizuotos-ryziu-pudros-refilas-papildymas-25g.jpg","contentUrl":"https:\/\/www.malinashop.lt\/wp-content\/uploads\/2025\/11\/mikronizuotos-ryziu-pudros-refilas-papildymas-25g.jpg","width":800,"height":800},{"@type":"BreadcrumbList","@id":"https:\/\/www.malinashop.lt\/lt_lt\/shop\/sla-paris-mikronizuotos-ryziu-pudros-refilas-papildymas-9712-90-25g\/#breadcrumb","itemListElement":[{"@type":"ListItem","position":1,"name":"Pagrindinis","item":"https:\/\/www.malinashop.lt\/"},{"@type":"ListItem","position":2,"name":"Parduotuv\u0117","item":"https:\/\/www.malinashop.lt\/en\/parduotuve\/"},{"@type":"ListItem","position":3,"name":"SLA PARIS mikronizuotos ry\u017ei\u0173 pudros refilas &#8211; papildymas 9712-90, 25g"}]},{"@type":"WebSite","@id":"https:\/\/www.malinashop.lt\/#website","url":"https:\/\/www.malinashop.lt\/","name":"COM Group Ecommerce","description":"MalinaShop.lt - Gro\u017eio ir sveikatos produktai i\u0161 patikim\u0173 preki\u0173 \u017eenkl\u0173. Atraskite auk\u0161tos kokyb\u0117s kosmetik\u0105 u\u017e puiki\u0105 kain\u0105.","publisher":{"@id":"https:\/\/www.malinashop.lt\/#organization"},"potentialAction":[{"@type":"SearchAction","target":{"@type":"EntryPoint","urlTemplate":"https:\/\/www.malinashop.lt\/?s={search_term_string}"},"query-input":{"@type":"PropertyValueSpecification","valueRequired":true,"valueName":"search_term_string"}}],"inLanguage":"lt-LT"},{"@type":"Organization","@id":"https:\/\/www.malinashop.lt\/#organization","name":"COM Group Ecommerce","url":"https:\/\/www.malinashop.lt\/","logo":{"@type":"ImageObject","inLanguage":"lt-LT","@id":"https:\/\/www.malinashop.lt\/#\/schema\/logo\/image\/","url":"https:\/\/www.malinashop.lt\/wp-content\/uploads\/2024\/08\/462559670_3787732518133670_9795632669273463_n-e1731525914575.png","contentUrl":"https:\/\/www.malinashop.lt\/wp-content\/uploads\/2024\/08\/462559670_3787732518133670_9795632669273463_n-e1731525914575.png","width":180,"height":60,"caption":"COM Group Ecommerce"},"image":{"@id":"https:\/\/www.malinashop.lt\/#\/schema\/logo\/image\/"}}]}},"jetpack_sharing_enabled":true,"_links":{"self":[{"href":"https:\/\/www.malinashop.lt\/lt_lt\/wp-json\/wp\/v2\/product\/68971","targetHints":{"allow":["GET"]}}],"collection":[{"href":"https:\/\/www.malinashop.lt\/lt_lt\/wp-json\/wp\/v2\/product"}],"about":[{"href":"https:\/\/www.malinashop.lt\/lt_lt\/wp-json\/wp\/v2\/types\/product"}],"version-history":[{"count":2,"href":"https:\/\/www.malinashop.lt\/lt_lt\/wp-json\/wp\/v2\/product\/68971\/revisions"}],"predecessor-version":[{"id":71989,"href":"https:\/\/www.malinashop.lt\/lt_lt\/wp-json\/wp\/v2\/product\/68971\/revisions\/71989"}],"wp:featuredmedia":[{"embeddable":true,"href":"https:\/\/www.malinashop.lt\/lt_lt\/wp-json\/wp\/v2\/media\/62176"}],"wp:attachment":[{"href":"https:\/\/www.malinashop.lt\/lt_lt\/wp-json\/wp\/v2\/media?parent=68971"}],"wp:term":[{"taxonomy":"product_brand","embeddable":true,"href":"https:\/\/www.malinashop.lt\/lt_lt\/wp-json\/wp\/v2\/product_brand?post=68971"},{"taxonomy":"product_cat","embeddable":true,"href":"https:\/\/www.malinashop.lt\/lt_lt\/wp-json\/wp\/v2\/product_cat?post=68971"},{"taxonomy":"product_tag","embeddable":true,"href":"https:\/\/www.malinashop.lt\/lt_lt\/wp-json\/wp\/v2\/product_tag?post=68971"}],"curies":[{"name":"wp","href":"https:\/\/api.w.org\/{rel}","templated":true}]}}