{"id":68967,"date":"2025-11-25T16:32:57","date_gmt":"2025-11-25T13:32:57","guid":{"rendered":"https:\/\/malinashop.lt\/?post_type=product&#038;p=68967"},"modified":"2026-02-10T13:12:44","modified_gmt":"2026-02-10T10:12:44","slug":"sla-paris-natural-beige-silkine-kompaktine-pudra-10g","status":"publish","type":"product","link":"https:\/\/www.malinashop.lt\/lt_lt\/shop\/sla-paris-natural-beige-silkine-kompaktine-pudra-10g\/","title":{"rendered":"SLA PARIS NATURAL BEIGE \u0161ilkin\u0117 kompaktin\u0117 pudra, 10g"},"content":{"rendered":"<p data-start=\"45\" data-end=\"387\"><strong data-start=\"45\" data-end=\"97\">SLA PARIS \u0161ilkin\u0117 kompaktin\u0117 pudra NATURAL BEIGE<\/strong> \u2013 tai lengvos, mikronizuotos tekst\u016bros pudra, suteikianti odai nat\u016bral\u0173 matin\u012f efekt\u0105 ir u\u017etikrinanti nepriekai\u0161ting\u0105 veido i\u0161vaizd\u0105 vis\u0105 dien\u0105. \u0160i kompaktin\u0117 pudra \u0161velniai dengiasi, nesausina odos ir glotniai i\u0161silygina, tod\u0117l puikiai tinka tiek kasdieniam, tiek profesionaliam makia\u017eui.<\/p>\n<p data-start=\"389\" data-end=\"686\">Formul\u0117je esantis <strong data-start=\"407\" data-end=\"420\">silikonas<\/strong> sukuria aksomin\u0119, \u0161velni\u0105 pl\u0117vel\u0119 ir suteikia odai glotnumo poj\u016bt\u012f, o <strong data-start=\"491\" data-end=\"501\">talkas<\/strong> padeda suvaldyti blizges\u012f, absorbuodamas odos riebal\u0173 pertekli\u0173. Pudra idealiai tinka naudoti po kreminio makia\u017eo pagrindo \u2013 u\u017efiksuoja makia\u017e\u0105 ir suteikia ilgalaik\u012f, matin\u012f rezultat\u0105.<\/p>\n<p data-start=\"688\" data-end=\"969\">Naudojimas paprastas: \u0161velniam, lengvam padengimui naudokite <strong data-start=\"749\" data-end=\"772\">SLA \u0161epet\u0117l\u012f Nr. 30<\/strong>, o intensyvesniam efektui \u2013 d\u0117\u017eut\u0117je esan\u010di\u0105 pudros kempin\u0117l\u0119. Produktas <strong data-start=\"846\" data-end=\"902\">be fenoksitenolio, be PEG, netestuojamas su gyv\u016bnais<\/strong>, tod\u0117l puikiai tinka s\u0105moningai kosmetik\u0105 renkan\u010dioms vartotojoms.<\/p>\n","protected":false},"excerpt":{"rendered":"<p data-start=\"1012\" data-end=\"1272\">\u0160ilkin\u0117 kompaktin\u0117 pudra SLA PARIS NATURAL BEIGE suteikia odai nat\u016bral\u0173 matin\u012f efekt\u0105, lengvai dengiasi ir u\u017efiksuoja makia\u017e\u0105. Sud\u0117tyje esantis silikono ir talko derinys glotnina od\u0105 bei kontroliuoja blizges\u012f. Be fenoksitenolio, be PEG, netestuota su gyv\u016bnais.<\/p>\n","protected":false},"featured_media":62168,"template":"","meta":[],"product_brand":[1527],"product_cat":[102,792],"product_tag":[1623],"class_list":{"0":"post-68967","1":"product","2":"type-product","3":"status-publish","4":"has-post-thumbnail","6":"product_brand-sla-paris","7":"product_cat-dekoratyvine-kosmetika","8":"product_cat-veido-pudros","9":"product_tag-sla-paris","11":"first","12":"instock","13":"purchasable","14":"product-type-simple"},"yoast_head":"<!-- This site is optimized with the Yoast SEO plugin v27.4 - https:\/\/yoast.com\/product\/yoast-seo-wordpress\/ -->\n<title>SLA PARIS NATURAL BEIGE \u0161ilkin\u0117 kompaktin\u0117 pudra, 10g - MalinaShop.lt J\u016bs\u0173 sveikatai ir gro\u017eiui.<\/title>\n<meta name=\"description\" content=\"SLA PARIS \u0161ilkin\u0117 kompaktin\u0117 pudra NATURAL BEIGE suteikia nat\u016bral\u0173 matin\u012f efekt\u0105, glotnina od\u0105 ir fiksuoja makia\u017e\u0105. Lengva tekst\u016bra, be PEG.\" \/>\n<meta name=\"robots\" content=\"index, follow, max-snippet:-1, max-image-preview:large, max-video-preview:-1\" \/>\n<link rel=\"canonical\" href=\"https:\/\/www.malinashop.lt\/lt_lt\/shop\/sla-paris-natural-beige-silkine-kompaktine-pudra-10g\/\" \/>\n<meta property=\"og:locale\" content=\"lt_LT\" \/>\n<meta property=\"og:type\" content=\"article\" \/>\n<meta property=\"og:title\" content=\"SLA PARIS NATURAL BEIGE \u0161ilkin\u0117 kompaktin\u0117 pudra, 10g - MalinaShop.lt J\u016bs\u0173 sveikatai ir gro\u017eiui.\" \/>\n<meta property=\"og:description\" content=\"SLA PARIS \u0161ilkin\u0117 kompaktin\u0117 pudra NATURAL BEIGE suteikia nat\u016bral\u0173 matin\u012f efekt\u0105, glotnina od\u0105 ir fiksuoja makia\u017e\u0105. Lengva tekst\u016bra, be PEG.\" \/>\n<meta property=\"og:url\" content=\"https:\/\/www.malinashop.lt\/lt_lt\/shop\/sla-paris-natural-beige-silkine-kompaktine-pudra-10g\/\" \/>\n<meta property=\"og:site_name\" content=\"MalinaShop.lt J\u016bs\u0173 sveikatai ir gro\u017eiui.\" \/>\n<meta property=\"article:modified_time\" content=\"2026-02-10T10:12:44+00:00\" \/>\n<meta property=\"og:image\" content=\"https:\/\/www.malinashop.lt\/wp-content\/uploads\/2025\/11\/silkine-kompaktine-pudra-natural-beige-10g.jpg\" \/>\n\t<meta property=\"og:image:width\" content=\"800\" \/>\n\t<meta property=\"og:image:height\" content=\"800\" \/>\n\t<meta property=\"og:image:type\" content=\"image\/jpeg\" \/>\n<meta name=\"twitter:card\" content=\"summary_large_image\" \/>\n<script type=\"application\/ld+json\" class=\"yoast-schema-graph\">{\"@context\":\"https:\\\/\\\/schema.org\",\"@graph\":[{\"@type\":\"WebPage\",\"@id\":\"https:\\\/\\\/www.malinashop.lt\\\/shop\\\/sla-paris-natural-beige-silkine-kompaktine-pudra-10g\\\/\",\"url\":\"https:\\\/\\\/www.malinashop.lt\\\/shop\\\/sla-paris-natural-beige-silkine-kompaktine-pudra-10g\\\/\",\"name\":\"SLA PARIS NATURAL BEIGE \u0161ilkin\u0117 kompaktin\u0117 pudra, 10g - MalinaShop.lt J\u016bs\u0173 sveikatai ir gro\u017eiui.\",\"isPartOf\":{\"@id\":\"https:\\\/\\\/www.malinashop.lt\\\/#website\"},\"primaryImageOfPage\":{\"@id\":\"https:\\\/\\\/www.malinashop.lt\\\/shop\\\/sla-paris-natural-beige-silkine-kompaktine-pudra-10g\\\/#primaryimage\"},\"image\":{\"@id\":\"https:\\\/\\\/www.malinashop.lt\\\/shop\\\/sla-paris-natural-beige-silkine-kompaktine-pudra-10g\\\/#primaryimage\"},\"thumbnailUrl\":\"https:\\\/\\\/www.malinashop.lt\\\/wp-content\\\/uploads\\\/2025\\\/11\\\/silkine-kompaktine-pudra-natural-beige-10g.jpg\",\"datePublished\":\"2025-11-25T13:32:57+00:00\",\"dateModified\":\"2026-02-10T10:12:44+00:00\",\"description\":\"SLA PARIS \u0161ilkin\u0117 kompaktin\u0117 pudra NATURAL BEIGE suteikia nat\u016bral\u0173 matin\u012f efekt\u0105, glotnina od\u0105 ir fiksuoja makia\u017e\u0105. Lengva tekst\u016bra, be PEG.\",\"breadcrumb\":{\"@id\":\"https:\\\/\\\/www.malinashop.lt\\\/shop\\\/sla-paris-natural-beige-silkine-kompaktine-pudra-10g\\\/#breadcrumb\"},\"inLanguage\":\"lt-LT\",\"potentialAction\":[{\"@type\":\"ReadAction\",\"target\":[\"https:\\\/\\\/www.malinashop.lt\\\/shop\\\/sla-paris-natural-beige-silkine-kompaktine-pudra-10g\\\/\"]}]},{\"@type\":\"ImageObject\",\"inLanguage\":\"lt-LT\",\"@id\":\"https:\\\/\\\/www.malinashop.lt\\\/shop\\\/sla-paris-natural-beige-silkine-kompaktine-pudra-10g\\\/#primaryimage\",\"url\":\"https:\\\/\\\/www.malinashop.lt\\\/wp-content\\\/uploads\\\/2025\\\/11\\\/silkine-kompaktine-pudra-natural-beige-10g.jpg\",\"contentUrl\":\"https:\\\/\\\/www.malinashop.lt\\\/wp-content\\\/uploads\\\/2025\\\/11\\\/silkine-kompaktine-pudra-natural-beige-10g.jpg\",\"width\":800,\"height\":800},{\"@type\":\"BreadcrumbList\",\"@id\":\"https:\\\/\\\/www.malinashop.lt\\\/shop\\\/sla-paris-natural-beige-silkine-kompaktine-pudra-10g\\\/#breadcrumb\",\"itemListElement\":[{\"@type\":\"ListItem\",\"position\":1,\"name\":\"Pagrindinis\",\"item\":\"https:\\\/\\\/www.malinashop.lt\\\/\"},{\"@type\":\"ListItem\",\"position\":2,\"name\":\"Parduotuv\u0117\",\"item\":\"https:\\\/\\\/www.malinashop.lt\\\/en\\\/parduotuve\\\/\"},{\"@type\":\"ListItem\",\"position\":3,\"name\":\"SLA PARIS NATURAL BEIGE \u0161ilkin\u0117 kompaktin\u0117 pudra, 10g\"}]},{\"@type\":\"WebSite\",\"@id\":\"https:\\\/\\\/www.malinashop.lt\\\/#website\",\"url\":\"https:\\\/\\\/www.malinashop.lt\\\/\",\"name\":\"COM Group Ecommerce\",\"description\":\"MalinaShop.lt - Gro\u017eio ir sveikatos produktai i\u0161 patikim\u0173 preki\u0173 \u017eenkl\u0173. Atraskite auk\u0161tos kokyb\u0117s kosmetik\u0105 u\u017e puiki\u0105 kain\u0105.\",\"publisher\":{\"@id\":\"https:\\\/\\\/www.malinashop.lt\\\/#organization\"},\"potentialAction\":[{\"@type\":\"SearchAction\",\"target\":{\"@type\":\"EntryPoint\",\"urlTemplate\":\"https:\\\/\\\/www.malinashop.lt\\\/?s={search_term_string}\"},\"query-input\":{\"@type\":\"PropertyValueSpecification\",\"valueRequired\":true,\"valueName\":\"search_term_string\"}}],\"inLanguage\":\"lt-LT\"},{\"@type\":\"Organization\",\"@id\":\"https:\\\/\\\/www.malinashop.lt\\\/#organization\",\"name\":\"COM Group Ecommerce\",\"url\":\"https:\\\/\\\/www.malinashop.lt\\\/\",\"logo\":{\"@type\":\"ImageObject\",\"inLanguage\":\"lt-LT\",\"@id\":\"https:\\\/\\\/www.malinashop.lt\\\/#\\\/schema\\\/logo\\\/image\\\/\",\"url\":\"https:\\\/\\\/www.malinashop.lt\\\/wp-content\\\/uploads\\\/2024\\\/08\\\/462559670_3787732518133670_9795632669273463_n-e1731525914575.png\",\"contentUrl\":\"https:\\\/\\\/www.malinashop.lt\\\/wp-content\\\/uploads\\\/2024\\\/08\\\/462559670_3787732518133670_9795632669273463_n-e1731525914575.png\",\"width\":180,\"height\":60,\"caption\":\"COM Group Ecommerce\"},\"image\":{\"@id\":\"https:\\\/\\\/www.malinashop.lt\\\/#\\\/schema\\\/logo\\\/image\\\/\"}}]}<\/script>\n<!-- \/ Yoast SEO plugin. -->","yoast_head_json":{"title":"SLA PARIS NATURAL BEIGE \u0161ilkin\u0117 kompaktin\u0117 pudra, 10g - MalinaShop.lt J\u016bs\u0173 sveikatai ir gro\u017eiui.","description":"SLA PARIS \u0161ilkin\u0117 kompaktin\u0117 pudra NATURAL BEIGE suteikia nat\u016bral\u0173 matin\u012f efekt\u0105, glotnina od\u0105 ir fiksuoja makia\u017e\u0105. Lengva tekst\u016bra, be PEG.","robots":{"index":"index","follow":"follow","max-snippet":"max-snippet:-1","max-image-preview":"max-image-preview:large","max-video-preview":"max-video-preview:-1"},"canonical":"https:\/\/www.malinashop.lt\/lt_lt\/shop\/sla-paris-natural-beige-silkine-kompaktine-pudra-10g\/","og_locale":"lt_LT","og_type":"article","og_title":"SLA PARIS NATURAL BEIGE \u0161ilkin\u0117 kompaktin\u0117 pudra, 10g - MalinaShop.lt J\u016bs\u0173 sveikatai ir gro\u017eiui.","og_description":"SLA PARIS \u0161ilkin\u0117 kompaktin\u0117 pudra NATURAL BEIGE suteikia nat\u016bral\u0173 matin\u012f efekt\u0105, glotnina od\u0105 ir fiksuoja makia\u017e\u0105. Lengva tekst\u016bra, be PEG.","og_url":"https:\/\/www.malinashop.lt\/lt_lt\/shop\/sla-paris-natural-beige-silkine-kompaktine-pudra-10g\/","og_site_name":"MalinaShop.lt J\u016bs\u0173 sveikatai ir gro\u017eiui.","article_modified_time":"2026-02-10T10:12:44+00:00","og_image":[{"width":800,"height":800,"url":"https:\/\/www.malinashop.lt\/wp-content\/uploads\/2025\/11\/silkine-kompaktine-pudra-natural-beige-10g.jpg","type":"image\/jpeg"}],"twitter_card":"summary_large_image","schema":{"@context":"https:\/\/schema.org","@graph":[{"@type":"WebPage","@id":"https:\/\/www.malinashop.lt\/shop\/sla-paris-natural-beige-silkine-kompaktine-pudra-10g\/","url":"https:\/\/www.malinashop.lt\/shop\/sla-paris-natural-beige-silkine-kompaktine-pudra-10g\/","name":"SLA PARIS NATURAL BEIGE \u0161ilkin\u0117 kompaktin\u0117 pudra, 10g - MalinaShop.lt J\u016bs\u0173 sveikatai ir gro\u017eiui.","isPartOf":{"@id":"https:\/\/www.malinashop.lt\/#website"},"primaryImageOfPage":{"@id":"https:\/\/www.malinashop.lt\/shop\/sla-paris-natural-beige-silkine-kompaktine-pudra-10g\/#primaryimage"},"image":{"@id":"https:\/\/www.malinashop.lt\/shop\/sla-paris-natural-beige-silkine-kompaktine-pudra-10g\/#primaryimage"},"thumbnailUrl":"https:\/\/www.malinashop.lt\/wp-content\/uploads\/2025\/11\/silkine-kompaktine-pudra-natural-beige-10g.jpg","datePublished":"2025-11-25T13:32:57+00:00","dateModified":"2026-02-10T10:12:44+00:00","description":"SLA PARIS \u0161ilkin\u0117 kompaktin\u0117 pudra NATURAL BEIGE suteikia nat\u016bral\u0173 matin\u012f efekt\u0105, glotnina od\u0105 ir fiksuoja makia\u017e\u0105. Lengva tekst\u016bra, be PEG.","breadcrumb":{"@id":"https:\/\/www.malinashop.lt\/shop\/sla-paris-natural-beige-silkine-kompaktine-pudra-10g\/#breadcrumb"},"inLanguage":"lt-LT","potentialAction":[{"@type":"ReadAction","target":["https:\/\/www.malinashop.lt\/shop\/sla-paris-natural-beige-silkine-kompaktine-pudra-10g\/"]}]},{"@type":"ImageObject","inLanguage":"lt-LT","@id":"https:\/\/www.malinashop.lt\/shop\/sla-paris-natural-beige-silkine-kompaktine-pudra-10g\/#primaryimage","url":"https:\/\/www.malinashop.lt\/wp-content\/uploads\/2025\/11\/silkine-kompaktine-pudra-natural-beige-10g.jpg","contentUrl":"https:\/\/www.malinashop.lt\/wp-content\/uploads\/2025\/11\/silkine-kompaktine-pudra-natural-beige-10g.jpg","width":800,"height":800},{"@type":"BreadcrumbList","@id":"https:\/\/www.malinashop.lt\/shop\/sla-paris-natural-beige-silkine-kompaktine-pudra-10g\/#breadcrumb","itemListElement":[{"@type":"ListItem","position":1,"name":"Pagrindinis","item":"https:\/\/www.malinashop.lt\/"},{"@type":"ListItem","position":2,"name":"Parduotuv\u0117","item":"https:\/\/www.malinashop.lt\/en\/parduotuve\/"},{"@type":"ListItem","position":3,"name":"SLA PARIS NATURAL BEIGE \u0161ilkin\u0117 kompaktin\u0117 pudra, 10g"}]},{"@type":"WebSite","@id":"https:\/\/www.malinashop.lt\/#website","url":"https:\/\/www.malinashop.lt\/","name":"COM Group Ecommerce","description":"MalinaShop.lt - Gro\u017eio ir sveikatos produktai i\u0161 patikim\u0173 preki\u0173 \u017eenkl\u0173. Atraskite auk\u0161tos kokyb\u0117s kosmetik\u0105 u\u017e puiki\u0105 kain\u0105.","publisher":{"@id":"https:\/\/www.malinashop.lt\/#organization"},"potentialAction":[{"@type":"SearchAction","target":{"@type":"EntryPoint","urlTemplate":"https:\/\/www.malinashop.lt\/?s={search_term_string}"},"query-input":{"@type":"PropertyValueSpecification","valueRequired":true,"valueName":"search_term_string"}}],"inLanguage":"lt-LT"},{"@type":"Organization","@id":"https:\/\/www.malinashop.lt\/#organization","name":"COM Group Ecommerce","url":"https:\/\/www.malinashop.lt\/","logo":{"@type":"ImageObject","inLanguage":"lt-LT","@id":"https:\/\/www.malinashop.lt\/#\/schema\/logo\/image\/","url":"https:\/\/www.malinashop.lt\/wp-content\/uploads\/2024\/08\/462559670_3787732518133670_9795632669273463_n-e1731525914575.png","contentUrl":"https:\/\/www.malinashop.lt\/wp-content\/uploads\/2024\/08\/462559670_3787732518133670_9795632669273463_n-e1731525914575.png","width":180,"height":60,"caption":"COM Group Ecommerce"},"image":{"@id":"https:\/\/www.malinashop.lt\/#\/schema\/logo\/image\/"}}]}},"jetpack_sharing_enabled":true,"_links":{"self":[{"href":"https:\/\/www.malinashop.lt\/lt_lt\/wp-json\/wp\/v2\/product\/68967","targetHints":{"allow":["GET"]}}],"collection":[{"href":"https:\/\/www.malinashop.lt\/lt_lt\/wp-json\/wp\/v2\/product"}],"about":[{"href":"https:\/\/www.malinashop.lt\/lt_lt\/wp-json\/wp\/v2\/types\/product"}],"version-history":[{"count":2,"href":"https:\/\/www.malinashop.lt\/lt_lt\/wp-json\/wp\/v2\/product\/68967\/revisions"}],"predecessor-version":[{"id":71979,"href":"https:\/\/www.malinashop.lt\/lt_lt\/wp-json\/wp\/v2\/product\/68967\/revisions\/71979"}],"wp:featuredmedia":[{"embeddable":true,"href":"https:\/\/www.malinashop.lt\/lt_lt\/wp-json\/wp\/v2\/media\/62168"}],"wp:attachment":[{"href":"https:\/\/www.malinashop.lt\/lt_lt\/wp-json\/wp\/v2\/media?parent=68967"}],"wp:term":[{"taxonomy":"product_brand","embeddable":true,"href":"https:\/\/www.malinashop.lt\/lt_lt\/wp-json\/wp\/v2\/product_brand?post=68967"},{"taxonomy":"product_cat","embeddable":true,"href":"https:\/\/www.malinashop.lt\/lt_lt\/wp-json\/wp\/v2\/product_cat?post=68967"},{"taxonomy":"product_tag","embeddable":true,"href":"https:\/\/www.malinashop.lt\/lt_lt\/wp-json\/wp\/v2\/product_tag?post=68967"}],"curies":[{"name":"wp","href":"https:\/\/api.w.org\/{rel}","templated":true}]}}