{"id":68965,"date":"2025-11-25T16:32:57","date_gmt":"2025-11-25T13:32:57","guid":{"rendered":"https:\/\/malinashop.lt\/?post_type=product&#038;p=68965"},"modified":"2026-02-10T13:12:44","modified_gmt":"2026-02-10T10:12:44","slug":"sla-paris-kreminis-makiazo-pagrindas-ultimate-cover-radiance-beige-dore","status":"publish","type":"product","link":"https:\/\/www.malinashop.lt\/lt_lt\/shop\/sla-paris-kreminis-makiazo-pagrindas-ultimate-cover-radiance-beige-dore\/","title":{"rendered":"SLA PARIS kreminis makia\u017eo pagrindas ULTIMATE COVER RADIANCE BEIGE DORE, 30ml"},"content":{"rendered":"<p data-start=\"136\" data-end=\"476\"><strong data-start=\"136\" data-end=\"186\">SLA PARIS ULTIMATE COVER RADIANCE REBEIGE DOR\u00c9<\/strong> \u2013 auk\u0161to maskavimo lygio kreminis makia\u017eo pagrindas, sukurtas tolygiam, ilgai i\u0161liekan\u010diam ir nat\u016braliai \u0161vytin\u010diam makia\u017eui. \u0160i profesionali formul\u0117 akimirksniu paslepia odos netobulumus, nei\u0161sausina ir nesukuria kauk\u0117s efekto, tod\u0117l veidas i\u0161lieka lygus, \u0161velnus ir vizualiai glotnesnis.<\/p>\n<p data-start=\"478\" data-end=\"789\">Makia\u017eo pagrindas pasi\u017eymi lengva, \u0161velnia konsistencija, praturtinta nat\u016braliais aliejais, kurie suteikia odai komforto jausm\u0105 visos dienos metu. Produkto maskavimo galia leid\u017eia pasiekti \u201ephotoshopo\u201c efekt\u0105 be papildomos korekcijos \u2013 puikus pasirinkimas fotosesijoms, filmavimui ar ilgai trunkan\u010diam makia\u017eui.<\/p>\n<p data-start=\"791\" data-end=\"908\">Formul\u0117 atspari vandeniui, i\u0161lieka iki <strong data-start=\"830\" data-end=\"844\">24 valand\u0173<\/strong>, tolygiai dengiasi ir lengvai prisitaiko prie odos tekst\u016bros.<\/p>\n<p data-start=\"910\" data-end=\"1044\"><strong data-start=\"910\" data-end=\"925\">Naudojimas:<\/strong><br data-start=\"925\" data-end=\"928\" \/>\u2013 Lengvesniam padengimui naudokite makia\u017eo \u0161epet\u0117l\u012f.<br data-start=\"980\" data-end=\"983\" \/>\u2013 Maksimaliam maskavimui rinkit\u0117s kempin\u0117l\u0119 <em data-start=\"1027\" data-end=\"1043\">Master Blender<\/em>.<\/p>\n","protected":false},"excerpt":{"rendered":"<p data-start=\"1086\" data-end=\"1335\">Auk\u0161to maskavimo lygio kreminis makia\u017eo pagrindas, suteikiantis nat\u016braliai matin\u012f ir \u0161vytint\u012f efekt\u0105. Atsparus vandeniui, i\u0161lieka iki 24 val., komforti\u0161kos ir lengvos tekst\u016bros, idealiai maskuoja netobulumus ir puikiai tinka profesionaliam makia\u017eui.<\/p>\n","protected":false},"featured_media":62164,"template":"","meta":[],"product_brand":[1527],"product_cat":[102,530],"product_tag":[1623],"class_list":{"0":"post-68965","1":"product","2":"type-product","3":"status-publish","4":"has-post-thumbnail","6":"product_brand-sla-paris","7":"product_cat-dekoratyvine-kosmetika","8":"product_cat-makiazo-pagrindas","9":"product_tag-sla-paris","11":"first","12":"instock","13":"purchasable","14":"product-type-simple"},"yoast_head":"<!-- This site is optimized with the Yoast SEO plugin v27.4 - https:\/\/yoast.com\/product\/yoast-seo-wordpress\/ -->\n<title>SLA PARIS kreminis makia\u017eo pagrindas ULTIMATE COVER RADIANCE BEIGE DORE, 30ml - MalinaShop.lt J\u016bs\u0173 sveikatai ir gro\u017eiui.<\/title>\n<meta name=\"description\" content=\"Auk\u0161to maskavimo SLA PARIS makia\u017eo pagrindas \u2013 nat\u016braliai matinis, \u0161vytintis, atsparus vandeniui ir i\u0161liekantis iki 24 val. Puikus pasirinkimas makia\u017eui.\" \/>\n<meta name=\"robots\" content=\"index, follow, max-snippet:-1, max-image-preview:large, max-video-preview:-1\" \/>\n<link rel=\"canonical\" href=\"https:\/\/www.malinashop.lt\/lt_lt\/shop\/sla-paris-kreminis-makiazo-pagrindas-ultimate-cover-radiance-beige-dore\/\" \/>\n<meta property=\"og:locale\" content=\"lt_LT\" \/>\n<meta property=\"og:type\" content=\"article\" \/>\n<meta property=\"og:title\" content=\"SLA PARIS kreminis makia\u017eo pagrindas ULTIMATE COVER RADIANCE BEIGE DORE, 30ml - MalinaShop.lt J\u016bs\u0173 sveikatai ir gro\u017eiui.\" \/>\n<meta property=\"og:description\" content=\"Auk\u0161to maskavimo SLA PARIS makia\u017eo pagrindas \u2013 nat\u016braliai matinis, \u0161vytintis, atsparus vandeniui ir i\u0161liekantis iki 24 val. Puikus pasirinkimas makia\u017eui.\" \/>\n<meta property=\"og:url\" content=\"https:\/\/www.malinashop.lt\/lt_lt\/shop\/sla-paris-kreminis-makiazo-pagrindas-ultimate-cover-radiance-beige-dore\/\" \/>\n<meta property=\"og:site_name\" content=\"MalinaShop.lt J\u016bs\u0173 sveikatai ir gro\u017eiui.\" \/>\n<meta property=\"article:modified_time\" content=\"2026-02-10T10:12:44+00:00\" \/>\n<meta property=\"og:image\" content=\"https:\/\/www.malinashop.lt\/wp-content\/uploads\/2025\/11\/beige-dore-30ml.png\" \/>\n\t<meta property=\"og:image:width\" content=\"800\" \/>\n\t<meta property=\"og:image:height\" content=\"800\" \/>\n\t<meta property=\"og:image:type\" content=\"image\/png\" \/>\n<meta name=\"twitter:card\" content=\"summary_large_image\" \/>\n<script type=\"application\/ld+json\" class=\"yoast-schema-graph\">{\"@context\":\"https:\\\/\\\/schema.org\",\"@graph\":[{\"@type\":\"WebPage\",\"@id\":\"https:\\\/\\\/www.malinashop.lt\\\/lt_lt\\\/shop\\\/sla-paris-kreminis-makiazo-pagrindas-ultimate-cover-radiance-beige-dore\\\/\",\"url\":\"https:\\\/\\\/www.malinashop.lt\\\/lt_lt\\\/shop\\\/sla-paris-kreminis-makiazo-pagrindas-ultimate-cover-radiance-beige-dore\\\/\",\"name\":\"SLA PARIS kreminis makia\u017eo pagrindas ULTIMATE COVER RADIANCE BEIGE DORE, 30ml - MalinaShop.lt J\u016bs\u0173 sveikatai ir gro\u017eiui.\",\"isPartOf\":{\"@id\":\"https:\\\/\\\/www.malinashop.lt\\\/#website\"},\"primaryImageOfPage\":{\"@id\":\"https:\\\/\\\/www.malinashop.lt\\\/lt_lt\\\/shop\\\/sla-paris-kreminis-makiazo-pagrindas-ultimate-cover-radiance-beige-dore\\\/#primaryimage\"},\"image\":{\"@id\":\"https:\\\/\\\/www.malinashop.lt\\\/lt_lt\\\/shop\\\/sla-paris-kreminis-makiazo-pagrindas-ultimate-cover-radiance-beige-dore\\\/#primaryimage\"},\"thumbnailUrl\":\"https:\\\/\\\/www.malinashop.lt\\\/wp-content\\\/uploads\\\/2025\\\/11\\\/beige-dore-30ml.png\",\"datePublished\":\"2025-11-25T13:32:57+00:00\",\"dateModified\":\"2026-02-10T10:12:44+00:00\",\"description\":\"Auk\u0161to maskavimo SLA PARIS makia\u017eo pagrindas \u2013 nat\u016braliai matinis, \u0161vytintis, atsparus vandeniui ir i\u0161liekantis iki 24 val. Puikus pasirinkimas makia\u017eui.\",\"breadcrumb\":{\"@id\":\"https:\\\/\\\/www.malinashop.lt\\\/lt_lt\\\/shop\\\/sla-paris-kreminis-makiazo-pagrindas-ultimate-cover-radiance-beige-dore\\\/#breadcrumb\"},\"inLanguage\":\"lt-LT\",\"potentialAction\":[{\"@type\":\"ReadAction\",\"target\":[\"https:\\\/\\\/www.malinashop.lt\\\/lt_lt\\\/shop\\\/sla-paris-kreminis-makiazo-pagrindas-ultimate-cover-radiance-beige-dore\\\/\"]}]},{\"@type\":\"ImageObject\",\"inLanguage\":\"lt-LT\",\"@id\":\"https:\\\/\\\/www.malinashop.lt\\\/lt_lt\\\/shop\\\/sla-paris-kreminis-makiazo-pagrindas-ultimate-cover-radiance-beige-dore\\\/#primaryimage\",\"url\":\"https:\\\/\\\/www.malinashop.lt\\\/wp-content\\\/uploads\\\/2025\\\/11\\\/beige-dore-30ml.png\",\"contentUrl\":\"https:\\\/\\\/www.malinashop.lt\\\/wp-content\\\/uploads\\\/2025\\\/11\\\/beige-dore-30ml.png\",\"width\":800,\"height\":800},{\"@type\":\"BreadcrumbList\",\"@id\":\"https:\\\/\\\/www.malinashop.lt\\\/lt_lt\\\/shop\\\/sla-paris-kreminis-makiazo-pagrindas-ultimate-cover-radiance-beige-dore\\\/#breadcrumb\",\"itemListElement\":[{\"@type\":\"ListItem\",\"position\":1,\"name\":\"Pagrindinis\",\"item\":\"https:\\\/\\\/www.malinashop.lt\\\/\"},{\"@type\":\"ListItem\",\"position\":2,\"name\":\"Parduotuv\u0117\",\"item\":\"https:\\\/\\\/www.malinashop.lt\\\/en\\\/parduotuve\\\/\"},{\"@type\":\"ListItem\",\"position\":3,\"name\":\"SLA PARIS kreminis makia\u017eo pagrindas ULTIMATE COVER RADIANCE BEIGE DORE, 30ml\"}]},{\"@type\":\"WebSite\",\"@id\":\"https:\\\/\\\/www.malinashop.lt\\\/#website\",\"url\":\"https:\\\/\\\/www.malinashop.lt\\\/\",\"name\":\"COM Group Ecommerce\",\"description\":\"MalinaShop.lt - Gro\u017eio ir sveikatos produktai i\u0161 patikim\u0173 preki\u0173 \u017eenkl\u0173. Atraskite auk\u0161tos kokyb\u0117s kosmetik\u0105 u\u017e puiki\u0105 kain\u0105.\",\"publisher\":{\"@id\":\"https:\\\/\\\/www.malinashop.lt\\\/#organization\"},\"potentialAction\":[{\"@type\":\"SearchAction\",\"target\":{\"@type\":\"EntryPoint\",\"urlTemplate\":\"https:\\\/\\\/www.malinashop.lt\\\/?s={search_term_string}\"},\"query-input\":{\"@type\":\"PropertyValueSpecification\",\"valueRequired\":true,\"valueName\":\"search_term_string\"}}],\"inLanguage\":\"lt-LT\"},{\"@type\":\"Organization\",\"@id\":\"https:\\\/\\\/www.malinashop.lt\\\/#organization\",\"name\":\"COM Group Ecommerce\",\"url\":\"https:\\\/\\\/www.malinashop.lt\\\/\",\"logo\":{\"@type\":\"ImageObject\",\"inLanguage\":\"lt-LT\",\"@id\":\"https:\\\/\\\/www.malinashop.lt\\\/#\\\/schema\\\/logo\\\/image\\\/\",\"url\":\"https:\\\/\\\/www.malinashop.lt\\\/wp-content\\\/uploads\\\/2024\\\/08\\\/462559670_3787732518133670_9795632669273463_n-e1731525914575.png\",\"contentUrl\":\"https:\\\/\\\/www.malinashop.lt\\\/wp-content\\\/uploads\\\/2024\\\/08\\\/462559670_3787732518133670_9795632669273463_n-e1731525914575.png\",\"width\":180,\"height\":60,\"caption\":\"COM Group Ecommerce\"},\"image\":{\"@id\":\"https:\\\/\\\/www.malinashop.lt\\\/#\\\/schema\\\/logo\\\/image\\\/\"}}]}<\/script>\n<!-- \/ Yoast SEO plugin. -->","yoast_head_json":{"title":"SLA PARIS kreminis makia\u017eo pagrindas ULTIMATE COVER RADIANCE BEIGE DORE, 30ml - MalinaShop.lt J\u016bs\u0173 sveikatai ir gro\u017eiui.","description":"Auk\u0161to maskavimo SLA PARIS makia\u017eo pagrindas \u2013 nat\u016braliai matinis, \u0161vytintis, atsparus vandeniui ir i\u0161liekantis iki 24 val. Puikus pasirinkimas makia\u017eui.","robots":{"index":"index","follow":"follow","max-snippet":"max-snippet:-1","max-image-preview":"max-image-preview:large","max-video-preview":"max-video-preview:-1"},"canonical":"https:\/\/www.malinashop.lt\/lt_lt\/shop\/sla-paris-kreminis-makiazo-pagrindas-ultimate-cover-radiance-beige-dore\/","og_locale":"lt_LT","og_type":"article","og_title":"SLA PARIS kreminis makia\u017eo pagrindas ULTIMATE COVER RADIANCE BEIGE DORE, 30ml - MalinaShop.lt J\u016bs\u0173 sveikatai ir gro\u017eiui.","og_description":"Auk\u0161to maskavimo SLA PARIS makia\u017eo pagrindas \u2013 nat\u016braliai matinis, \u0161vytintis, atsparus vandeniui ir i\u0161liekantis iki 24 val. Puikus pasirinkimas makia\u017eui.","og_url":"https:\/\/www.malinashop.lt\/lt_lt\/shop\/sla-paris-kreminis-makiazo-pagrindas-ultimate-cover-radiance-beige-dore\/","og_site_name":"MalinaShop.lt J\u016bs\u0173 sveikatai ir gro\u017eiui.","article_modified_time":"2026-02-10T10:12:44+00:00","og_image":[{"width":800,"height":800,"url":"https:\/\/www.malinashop.lt\/wp-content\/uploads\/2025\/11\/beige-dore-30ml.png","type":"image\/png"}],"twitter_card":"summary_large_image","schema":{"@context":"https:\/\/schema.org","@graph":[{"@type":"WebPage","@id":"https:\/\/www.malinashop.lt\/lt_lt\/shop\/sla-paris-kreminis-makiazo-pagrindas-ultimate-cover-radiance-beige-dore\/","url":"https:\/\/www.malinashop.lt\/lt_lt\/shop\/sla-paris-kreminis-makiazo-pagrindas-ultimate-cover-radiance-beige-dore\/","name":"SLA PARIS kreminis makia\u017eo pagrindas ULTIMATE COVER RADIANCE BEIGE DORE, 30ml - MalinaShop.lt J\u016bs\u0173 sveikatai ir gro\u017eiui.","isPartOf":{"@id":"https:\/\/www.malinashop.lt\/#website"},"primaryImageOfPage":{"@id":"https:\/\/www.malinashop.lt\/lt_lt\/shop\/sla-paris-kreminis-makiazo-pagrindas-ultimate-cover-radiance-beige-dore\/#primaryimage"},"image":{"@id":"https:\/\/www.malinashop.lt\/lt_lt\/shop\/sla-paris-kreminis-makiazo-pagrindas-ultimate-cover-radiance-beige-dore\/#primaryimage"},"thumbnailUrl":"https:\/\/www.malinashop.lt\/wp-content\/uploads\/2025\/11\/beige-dore-30ml.png","datePublished":"2025-11-25T13:32:57+00:00","dateModified":"2026-02-10T10:12:44+00:00","description":"Auk\u0161to maskavimo SLA PARIS makia\u017eo pagrindas \u2013 nat\u016braliai matinis, \u0161vytintis, atsparus vandeniui ir i\u0161liekantis iki 24 val. Puikus pasirinkimas makia\u017eui.","breadcrumb":{"@id":"https:\/\/www.malinashop.lt\/lt_lt\/shop\/sla-paris-kreminis-makiazo-pagrindas-ultimate-cover-radiance-beige-dore\/#breadcrumb"},"inLanguage":"lt-LT","potentialAction":[{"@type":"ReadAction","target":["https:\/\/www.malinashop.lt\/lt_lt\/shop\/sla-paris-kreminis-makiazo-pagrindas-ultimate-cover-radiance-beige-dore\/"]}]},{"@type":"ImageObject","inLanguage":"lt-LT","@id":"https:\/\/www.malinashop.lt\/lt_lt\/shop\/sla-paris-kreminis-makiazo-pagrindas-ultimate-cover-radiance-beige-dore\/#primaryimage","url":"https:\/\/www.malinashop.lt\/wp-content\/uploads\/2025\/11\/beige-dore-30ml.png","contentUrl":"https:\/\/www.malinashop.lt\/wp-content\/uploads\/2025\/11\/beige-dore-30ml.png","width":800,"height":800},{"@type":"BreadcrumbList","@id":"https:\/\/www.malinashop.lt\/lt_lt\/shop\/sla-paris-kreminis-makiazo-pagrindas-ultimate-cover-radiance-beige-dore\/#breadcrumb","itemListElement":[{"@type":"ListItem","position":1,"name":"Pagrindinis","item":"https:\/\/www.malinashop.lt\/"},{"@type":"ListItem","position":2,"name":"Parduotuv\u0117","item":"https:\/\/www.malinashop.lt\/en\/parduotuve\/"},{"@type":"ListItem","position":3,"name":"SLA PARIS kreminis makia\u017eo pagrindas ULTIMATE COVER RADIANCE BEIGE DORE, 30ml"}]},{"@type":"WebSite","@id":"https:\/\/www.malinashop.lt\/#website","url":"https:\/\/www.malinashop.lt\/","name":"COM Group Ecommerce","description":"MalinaShop.lt - Gro\u017eio ir sveikatos produktai i\u0161 patikim\u0173 preki\u0173 \u017eenkl\u0173. Atraskite auk\u0161tos kokyb\u0117s kosmetik\u0105 u\u017e puiki\u0105 kain\u0105.","publisher":{"@id":"https:\/\/www.malinashop.lt\/#organization"},"potentialAction":[{"@type":"SearchAction","target":{"@type":"EntryPoint","urlTemplate":"https:\/\/www.malinashop.lt\/?s={search_term_string}"},"query-input":{"@type":"PropertyValueSpecification","valueRequired":true,"valueName":"search_term_string"}}],"inLanguage":"lt-LT"},{"@type":"Organization","@id":"https:\/\/www.malinashop.lt\/#organization","name":"COM Group Ecommerce","url":"https:\/\/www.malinashop.lt\/","logo":{"@type":"ImageObject","inLanguage":"lt-LT","@id":"https:\/\/www.malinashop.lt\/#\/schema\/logo\/image\/","url":"https:\/\/www.malinashop.lt\/wp-content\/uploads\/2024\/08\/462559670_3787732518133670_9795632669273463_n-e1731525914575.png","contentUrl":"https:\/\/www.malinashop.lt\/wp-content\/uploads\/2024\/08\/462559670_3787732518133670_9795632669273463_n-e1731525914575.png","width":180,"height":60,"caption":"COM Group Ecommerce"},"image":{"@id":"https:\/\/www.malinashop.lt\/#\/schema\/logo\/image\/"}}]}},"jetpack_sharing_enabled":true,"_links":{"self":[{"href":"https:\/\/www.malinashop.lt\/lt_lt\/wp-json\/wp\/v2\/product\/68965","targetHints":{"allow":["GET"]}}],"collection":[{"href":"https:\/\/www.malinashop.lt\/lt_lt\/wp-json\/wp\/v2\/product"}],"about":[{"href":"https:\/\/www.malinashop.lt\/lt_lt\/wp-json\/wp\/v2\/types\/product"}],"version-history":[{"count":2,"href":"https:\/\/www.malinashop.lt\/lt_lt\/wp-json\/wp\/v2\/product\/68965\/revisions"}],"predecessor-version":[{"id":71847,"href":"https:\/\/www.malinashop.lt\/lt_lt\/wp-json\/wp\/v2\/product\/68965\/revisions\/71847"}],"wp:featuredmedia":[{"embeddable":true,"href":"https:\/\/www.malinashop.lt\/lt_lt\/wp-json\/wp\/v2\/media\/62164"}],"wp:attachment":[{"href":"https:\/\/www.malinashop.lt\/lt_lt\/wp-json\/wp\/v2\/media?parent=68965"}],"wp:term":[{"taxonomy":"product_brand","embeddable":true,"href":"https:\/\/www.malinashop.lt\/lt_lt\/wp-json\/wp\/v2\/product_brand?post=68965"},{"taxonomy":"product_cat","embeddable":true,"href":"https:\/\/www.malinashop.lt\/lt_lt\/wp-json\/wp\/v2\/product_cat?post=68965"},{"taxonomy":"product_tag","embeddable":true,"href":"https:\/\/www.malinashop.lt\/lt_lt\/wp-json\/wp\/v2\/product_tag?post=68965"}],"curies":[{"name":"wp","href":"https:\/\/api.w.org\/{rel}","templated":true}]}}