{"id":68951,"date":"2025-11-25T16:32:57","date_gmt":"2025-11-25T13:32:57","guid":{"rendered":"https:\/\/malinashop.lt\/?post_type=product&#038;p=68951"},"modified":"2026-02-10T13:05:06","modified_gmt":"2026-02-10T10:05:06","slug":"sienna-x-the-miracle-kauke-50ml","status":"publish","type":"product","link":"https:\/\/www.malinashop.lt\/lt_lt\/shop\/sienna-x-the-miracle-kauke-50ml\/","title":{"rendered":"SIENNA-X THE MIRACLE kauk\u0117, 50ml"},"content":{"rendered":"<p data-start=\"237\" data-end=\"551\"><strong data-start=\"237\" data-end=\"292\">SIENNA-X The Miracle kauk\u0117 su manuka medumi (50 ml)<\/strong> \u2013 tai intensyviai dr\u0117kinanti ir odos b\u016bkl\u0119 atkurianti kauk\u0117, sukurta vis\u0173 tip\u0173 odai, net ir jautriai. Formul\u0117 sukurta be dirbtini\u0173 kvap\u0173, spalv\u0173, GMO, PEG, SLS, naftos bei mineralini\u0173 aliej\u0173, tod\u0117l puikiai tinka kasdienei ir jautresnei veido odos prie\u017ei\u016brai.<\/p>\n<p data-start=\"553\" data-end=\"935\">Pagrindinis kauk\u0117s ingredientas \u2013 <strong data-start=\"587\" data-end=\"621\">10 % nat\u016bralaus manukos medaus<\/strong>, \u017einomo d\u0117l savo prie\u0161u\u017edegimini\u0173, antibakterini\u0173 ir od\u0105 atstatan\u010di\u0173 savybi\u0173. Manuka padeda ma\u017einti paraudim\u0105, ramina sudirgusi\u0105 od\u0105, gerina akn\u0117s pa\u017eeist\u0173 viet\u0173 b\u016bkl\u0119 bei skatina l\u0105steli\u0173 atsinaujinim\u0105. Ji dr\u0117kina od\u0105, suteikia jai \u0161vyt\u0117jimo ir padeda i\u0161laikyti elastingum\u0105, taip l\u0117tinant odos sen\u0117jimo procesus.<\/p>\n<p data-start=\"937\" data-end=\"1175\">Papildomi aktyvieji ingredientai \u2013 <strong data-start=\"972\" data-end=\"1057\">amino r\u016bg\u0161tys, bisabololis, avi\u017e\u0173 branduoli\u0173 aliejus ir cikorij\u0173 \u0161akn\u0173 ekstraktas<\/strong>. \u0160i sinergija intensyviai dr\u0117kina, mal\u0161ina u\u017edegiminius procesus, stiprina odos barjer\u0105 ir palaiko sveik\u0105 mikrobiom\u0105.<\/p>\n<p data-start=\"1177\" data-end=\"1213\">Kauk\u0119 galima naudoti dviem b\u016bdais:<\/p>\n<ul data-start=\"1214\" data-end=\"1396\">\n<li data-start=\"1214\" data-end=\"1304\">\n<p data-start=\"1216\" data-end=\"1304\"><strong data-start=\"1216\" data-end=\"1253\">Trumpalaikei skaistumo proced\u016brai<\/strong> \u2013 palaikyti 10\u201320 min. prie\u0161 rengin\u012f ar makia\u017e\u0105.<\/p>\n<\/li>\n<li data-start=\"1305\" data-end=\"1396\">\n<p data-start=\"1307\" data-end=\"1396\"><strong data-start=\"1307\" data-end=\"1340\">Giliam atkuriamajam poveikiui<\/strong> \u2013 naudoti kaip naktin\u0119 kauk\u0119, paliekant per vis\u0105 nakt\u012f.<\/p>\n<\/li>\n<\/ul>\n<p data-start=\"1398\" data-end=\"1523\">Vienas 50 ml indelis leid\u017eia atlikti iki <strong data-start=\"1439\" data-end=\"1455\">17 proced\u016br\u0173<\/strong>, tod\u0117l tai puikus pasirinkimas siekiant greito ir matomo rezultato.<\/p>\n<p data-start=\"1525\" data-end=\"1542\"><strong data-start=\"1525\" data-end=\"1540\">Privalumai:<\/strong><\/p>\n<ul data-start=\"1543\" data-end=\"1811\">\n<li data-start=\"1543\" data-end=\"1568\">\n<p data-start=\"1545\" data-end=\"1568\">97 % nat\u016brali sud\u0117tis<\/p>\n<\/li>\n<li data-start=\"1569\" data-end=\"1612\">\n<p data-start=\"1571\" data-end=\"1612\">Dermatologi\u0161kai ir klini\u0161kai patikrinta<\/p>\n<\/li>\n<li data-start=\"1613\" data-end=\"1661\">\n<p data-start=\"1615\" data-end=\"1661\">Tinka visiems odos tipams, net jautriai odai<\/p>\n<\/li>\n<li data-start=\"1662\" data-end=\"1706\">\n<p data-start=\"1664\" data-end=\"1706\">Intensyviai dr\u0117kina, ramina ir skaistina<\/p>\n<\/li>\n<li data-start=\"1707\" data-end=\"1755\">\n<p data-start=\"1709\" data-end=\"1755\">Ma\u017eina paraudimus, randelius, akn\u0117s po\u017eymius<\/p>\n<\/li>\n<li data-start=\"1756\" data-end=\"1811\">\n<p data-start=\"1758\" data-end=\"1811\">L\u0117tina rauk\u0161li\u0173 susidarym\u0105 ir stiprina odos barjer\u0105<\/p>\n<\/li>\n<\/ul>\n","protected":false},"excerpt":{"rendered":"<p data-start=\"1852\" data-end=\"2175\"><strong data-start=\"1852\" data-end=\"1882\">SIENNA-X The Miracle kauk\u0117<\/strong> \u2013 intensyviai dr\u0117kinanti kauk\u0117 su 10 % manukos medaus, amino r\u016bg\u0161timis ir avi\u017e\u0173 aliejumi. Ramina sudirgusi\u0105 od\u0105, ma\u017eina paraudimus, atkuria dr\u0117gm\u0117s balans\u0105 ir suteikia \u0161vyt\u0117jimo. Tinka visiems odos tipams, net jautriai odai. Galima naudoti kaip 20 min. kauk\u0119 arba kaip naktin\u0119 veido priemon\u0119.<\/p>\n","protected":false},"featured_media":62130,"template":"","meta":[],"product_brand":[1529],"product_cat":[553,728],"product_tag":[1618],"class_list":{"0":"post-68951","1":"product","2":"type-product","3":"status-publish","4":"has-post-thumbnail","6":"product_brand-sienna-x","7":"product_cat-veido-kaukes","8":"product_cat-veidui","9":"product_tag-sienna-x","11":"first","12":"instock","13":"purchasable","14":"product-type-simple"},"yoast_head":"<!-- This site is optimized with the Yoast SEO plugin v27.4 - https:\/\/yoast.com\/product\/yoast-seo-wordpress\/ -->\n<title>SIENNA-X THE MIRACLE kauk\u0117, 50ml - MalinaShop.lt J\u016bs\u0173 sveikatai ir gro\u017eiui.<\/title>\n<meta name=\"description\" content=\"Intensyviai dr\u0117kinanti SIENNA-X The Miracle kauk\u0117 su manukos medumi. Ramina, skaistina ir atstato od\u0105. Tinka visiems odos tipams, net jautriai.\" \/>\n<meta name=\"robots\" content=\"index, follow, max-snippet:-1, max-image-preview:large, max-video-preview:-1\" \/>\n<link rel=\"canonical\" href=\"https:\/\/www.malinashop.lt\/lt_lt\/shop\/sienna-x-the-miracle-kauke-50ml\/\" \/>\n<meta property=\"og:locale\" content=\"lt_LT\" \/>\n<meta property=\"og:type\" content=\"article\" \/>\n<meta property=\"og:title\" content=\"SIENNA-X THE MIRACLE kauk\u0117, 50ml - MalinaShop.lt J\u016bs\u0173 sveikatai ir gro\u017eiui.\" \/>\n<meta property=\"og:description\" content=\"Intensyviai dr\u0117kinanti SIENNA-X The Miracle kauk\u0117 su manukos medumi. Ramina, skaistina ir atstato od\u0105. Tinka visiems odos tipams, net jautriai.\" \/>\n<meta property=\"og:url\" content=\"https:\/\/www.malinashop.lt\/lt_lt\/shop\/sienna-x-the-miracle-kauke-50ml\/\" \/>\n<meta property=\"og:site_name\" content=\"MalinaShop.lt J\u016bs\u0173 sveikatai ir gro\u017eiui.\" \/>\n<meta property=\"article:modified_time\" content=\"2026-02-10T10:05:06+00:00\" \/>\n<meta property=\"og:image\" content=\"https:\/\/www.malinashop.lt\/wp-content\/uploads\/2025\/11\/stebuklinga-kauke-sienna-x-miracle-mask-50ml.jpg\" \/>\n\t<meta property=\"og:image:width\" content=\"800\" \/>\n\t<meta property=\"og:image:height\" content=\"1020\" \/>\n\t<meta property=\"og:image:type\" content=\"image\/jpeg\" \/>\n<meta name=\"twitter:card\" content=\"summary_large_image\" \/>\n<script type=\"application\/ld+json\" class=\"yoast-schema-graph\">{\"@context\":\"https:\\\/\\\/schema.org\",\"@graph\":[{\"@type\":\"WebPage\",\"@id\":\"https:\\\/\\\/www.malinashop.lt\\\/lt_lt\\\/shop\\\/sienna-x-the-miracle-kauke-50ml\\\/\",\"url\":\"https:\\\/\\\/www.malinashop.lt\\\/lt_lt\\\/shop\\\/sienna-x-the-miracle-kauke-50ml\\\/\",\"name\":\"SIENNA-X THE MIRACLE kauk\u0117, 50ml - MalinaShop.lt J\u016bs\u0173 sveikatai ir gro\u017eiui.\",\"isPartOf\":{\"@id\":\"https:\\\/\\\/www.malinashop.lt\\\/#website\"},\"primaryImageOfPage\":{\"@id\":\"https:\\\/\\\/www.malinashop.lt\\\/lt_lt\\\/shop\\\/sienna-x-the-miracle-kauke-50ml\\\/#primaryimage\"},\"image\":{\"@id\":\"https:\\\/\\\/www.malinashop.lt\\\/lt_lt\\\/shop\\\/sienna-x-the-miracle-kauke-50ml\\\/#primaryimage\"},\"thumbnailUrl\":\"https:\\\/\\\/www.malinashop.lt\\\/wp-content\\\/uploads\\\/2025\\\/11\\\/stebuklinga-kauke-sienna-x-miracle-mask-50ml.jpg\",\"datePublished\":\"2025-11-25T13:32:57+00:00\",\"dateModified\":\"2026-02-10T10:05:06+00:00\",\"description\":\"Intensyviai dr\u0117kinanti SIENNA-X The Miracle kauk\u0117 su manukos medumi. Ramina, skaistina ir atstato od\u0105. Tinka visiems odos tipams, net jautriai.\",\"breadcrumb\":{\"@id\":\"https:\\\/\\\/www.malinashop.lt\\\/lt_lt\\\/shop\\\/sienna-x-the-miracle-kauke-50ml\\\/#breadcrumb\"},\"inLanguage\":\"lt-LT\",\"potentialAction\":[{\"@type\":\"ReadAction\",\"target\":[\"https:\\\/\\\/www.malinashop.lt\\\/lt_lt\\\/shop\\\/sienna-x-the-miracle-kauke-50ml\\\/\"]}]},{\"@type\":\"ImageObject\",\"inLanguage\":\"lt-LT\",\"@id\":\"https:\\\/\\\/www.malinashop.lt\\\/lt_lt\\\/shop\\\/sienna-x-the-miracle-kauke-50ml\\\/#primaryimage\",\"url\":\"https:\\\/\\\/www.malinashop.lt\\\/wp-content\\\/uploads\\\/2025\\\/11\\\/stebuklinga-kauke-sienna-x-miracle-mask-50ml.jpg\",\"contentUrl\":\"https:\\\/\\\/www.malinashop.lt\\\/wp-content\\\/uploads\\\/2025\\\/11\\\/stebuklinga-kauke-sienna-x-miracle-mask-50ml.jpg\",\"width\":800,\"height\":1020},{\"@type\":\"BreadcrumbList\",\"@id\":\"https:\\\/\\\/www.malinashop.lt\\\/lt_lt\\\/shop\\\/sienna-x-the-miracle-kauke-50ml\\\/#breadcrumb\",\"itemListElement\":[{\"@type\":\"ListItem\",\"position\":1,\"name\":\"Pagrindinis\",\"item\":\"https:\\\/\\\/www.malinashop.lt\\\/\"},{\"@type\":\"ListItem\",\"position\":2,\"name\":\"Parduotuv\u0117\",\"item\":\"https:\\\/\\\/www.malinashop.lt\\\/en\\\/parduotuve\\\/\"},{\"@type\":\"ListItem\",\"position\":3,\"name\":\"SIENNA-X THE MIRACLE kauk\u0117, 50ml\"}]},{\"@type\":\"WebSite\",\"@id\":\"https:\\\/\\\/www.malinashop.lt\\\/#website\",\"url\":\"https:\\\/\\\/www.malinashop.lt\\\/\",\"name\":\"COM Group Ecommerce\",\"description\":\"MalinaShop.lt - Gro\u017eio ir sveikatos produktai i\u0161 patikim\u0173 preki\u0173 \u017eenkl\u0173. Atraskite auk\u0161tos kokyb\u0117s kosmetik\u0105 u\u017e puiki\u0105 kain\u0105.\",\"publisher\":{\"@id\":\"https:\\\/\\\/www.malinashop.lt\\\/#organization\"},\"potentialAction\":[{\"@type\":\"SearchAction\",\"target\":{\"@type\":\"EntryPoint\",\"urlTemplate\":\"https:\\\/\\\/www.malinashop.lt\\\/?s={search_term_string}\"},\"query-input\":{\"@type\":\"PropertyValueSpecification\",\"valueRequired\":true,\"valueName\":\"search_term_string\"}}],\"inLanguage\":\"lt-LT\"},{\"@type\":\"Organization\",\"@id\":\"https:\\\/\\\/www.malinashop.lt\\\/#organization\",\"name\":\"COM Group Ecommerce\",\"url\":\"https:\\\/\\\/www.malinashop.lt\\\/\",\"logo\":{\"@type\":\"ImageObject\",\"inLanguage\":\"lt-LT\",\"@id\":\"https:\\\/\\\/www.malinashop.lt\\\/#\\\/schema\\\/logo\\\/image\\\/\",\"url\":\"https:\\\/\\\/www.malinashop.lt\\\/wp-content\\\/uploads\\\/2024\\\/08\\\/462559670_3787732518133670_9795632669273463_n-e1731525914575.png\",\"contentUrl\":\"https:\\\/\\\/www.malinashop.lt\\\/wp-content\\\/uploads\\\/2024\\\/08\\\/462559670_3787732518133670_9795632669273463_n-e1731525914575.png\",\"width\":180,\"height\":60,\"caption\":\"COM Group Ecommerce\"},\"image\":{\"@id\":\"https:\\\/\\\/www.malinashop.lt\\\/#\\\/schema\\\/logo\\\/image\\\/\"}}]}<\/script>\n<!-- \/ Yoast SEO plugin. -->","yoast_head_json":{"title":"SIENNA-X THE MIRACLE kauk\u0117, 50ml - MalinaShop.lt J\u016bs\u0173 sveikatai ir gro\u017eiui.","description":"Intensyviai dr\u0117kinanti SIENNA-X The Miracle kauk\u0117 su manukos medumi. Ramina, skaistina ir atstato od\u0105. Tinka visiems odos tipams, net jautriai.","robots":{"index":"index","follow":"follow","max-snippet":"max-snippet:-1","max-image-preview":"max-image-preview:large","max-video-preview":"max-video-preview:-1"},"canonical":"https:\/\/www.malinashop.lt\/lt_lt\/shop\/sienna-x-the-miracle-kauke-50ml\/","og_locale":"lt_LT","og_type":"article","og_title":"SIENNA-X THE MIRACLE kauk\u0117, 50ml - MalinaShop.lt J\u016bs\u0173 sveikatai ir gro\u017eiui.","og_description":"Intensyviai dr\u0117kinanti SIENNA-X The Miracle kauk\u0117 su manukos medumi. Ramina, skaistina ir atstato od\u0105. Tinka visiems odos tipams, net jautriai.","og_url":"https:\/\/www.malinashop.lt\/lt_lt\/shop\/sienna-x-the-miracle-kauke-50ml\/","og_site_name":"MalinaShop.lt J\u016bs\u0173 sveikatai ir gro\u017eiui.","article_modified_time":"2026-02-10T10:05:06+00:00","og_image":[{"width":800,"height":1020,"url":"https:\/\/www.malinashop.lt\/wp-content\/uploads\/2025\/11\/stebuklinga-kauke-sienna-x-miracle-mask-50ml.jpg","type":"image\/jpeg"}],"twitter_card":"summary_large_image","schema":{"@context":"https:\/\/schema.org","@graph":[{"@type":"WebPage","@id":"https:\/\/www.malinashop.lt\/lt_lt\/shop\/sienna-x-the-miracle-kauke-50ml\/","url":"https:\/\/www.malinashop.lt\/lt_lt\/shop\/sienna-x-the-miracle-kauke-50ml\/","name":"SIENNA-X THE MIRACLE kauk\u0117, 50ml - MalinaShop.lt J\u016bs\u0173 sveikatai ir gro\u017eiui.","isPartOf":{"@id":"https:\/\/www.malinashop.lt\/#website"},"primaryImageOfPage":{"@id":"https:\/\/www.malinashop.lt\/lt_lt\/shop\/sienna-x-the-miracle-kauke-50ml\/#primaryimage"},"image":{"@id":"https:\/\/www.malinashop.lt\/lt_lt\/shop\/sienna-x-the-miracle-kauke-50ml\/#primaryimage"},"thumbnailUrl":"https:\/\/www.malinashop.lt\/wp-content\/uploads\/2025\/11\/stebuklinga-kauke-sienna-x-miracle-mask-50ml.jpg","datePublished":"2025-11-25T13:32:57+00:00","dateModified":"2026-02-10T10:05:06+00:00","description":"Intensyviai dr\u0117kinanti SIENNA-X The Miracle kauk\u0117 su manukos medumi. Ramina, skaistina ir atstato od\u0105. Tinka visiems odos tipams, net jautriai.","breadcrumb":{"@id":"https:\/\/www.malinashop.lt\/lt_lt\/shop\/sienna-x-the-miracle-kauke-50ml\/#breadcrumb"},"inLanguage":"lt-LT","potentialAction":[{"@type":"ReadAction","target":["https:\/\/www.malinashop.lt\/lt_lt\/shop\/sienna-x-the-miracle-kauke-50ml\/"]}]},{"@type":"ImageObject","inLanguage":"lt-LT","@id":"https:\/\/www.malinashop.lt\/lt_lt\/shop\/sienna-x-the-miracle-kauke-50ml\/#primaryimage","url":"https:\/\/www.malinashop.lt\/wp-content\/uploads\/2025\/11\/stebuklinga-kauke-sienna-x-miracle-mask-50ml.jpg","contentUrl":"https:\/\/www.malinashop.lt\/wp-content\/uploads\/2025\/11\/stebuklinga-kauke-sienna-x-miracle-mask-50ml.jpg","width":800,"height":1020},{"@type":"BreadcrumbList","@id":"https:\/\/www.malinashop.lt\/lt_lt\/shop\/sienna-x-the-miracle-kauke-50ml\/#breadcrumb","itemListElement":[{"@type":"ListItem","position":1,"name":"Pagrindinis","item":"https:\/\/www.malinashop.lt\/"},{"@type":"ListItem","position":2,"name":"Parduotuv\u0117","item":"https:\/\/www.malinashop.lt\/en\/parduotuve\/"},{"@type":"ListItem","position":3,"name":"SIENNA-X THE MIRACLE kauk\u0117, 50ml"}]},{"@type":"WebSite","@id":"https:\/\/www.malinashop.lt\/#website","url":"https:\/\/www.malinashop.lt\/","name":"COM Group Ecommerce","description":"MalinaShop.lt - Gro\u017eio ir sveikatos produktai i\u0161 patikim\u0173 preki\u0173 \u017eenkl\u0173. Atraskite auk\u0161tos kokyb\u0117s kosmetik\u0105 u\u017e puiki\u0105 kain\u0105.","publisher":{"@id":"https:\/\/www.malinashop.lt\/#organization"},"potentialAction":[{"@type":"SearchAction","target":{"@type":"EntryPoint","urlTemplate":"https:\/\/www.malinashop.lt\/?s={search_term_string}"},"query-input":{"@type":"PropertyValueSpecification","valueRequired":true,"valueName":"search_term_string"}}],"inLanguage":"lt-LT"},{"@type":"Organization","@id":"https:\/\/www.malinashop.lt\/#organization","name":"COM Group Ecommerce","url":"https:\/\/www.malinashop.lt\/","logo":{"@type":"ImageObject","inLanguage":"lt-LT","@id":"https:\/\/www.malinashop.lt\/#\/schema\/logo\/image\/","url":"https:\/\/www.malinashop.lt\/wp-content\/uploads\/2024\/08\/462559670_3787732518133670_9795632669273463_n-e1731525914575.png","contentUrl":"https:\/\/www.malinashop.lt\/wp-content\/uploads\/2024\/08\/462559670_3787732518133670_9795632669273463_n-e1731525914575.png","width":180,"height":60,"caption":"COM Group Ecommerce"},"image":{"@id":"https:\/\/www.malinashop.lt\/#\/schema\/logo\/image\/"}}]}},"jetpack_sharing_enabled":true,"_links":{"self":[{"href":"https:\/\/www.malinashop.lt\/lt_lt\/wp-json\/wp\/v2\/product\/68951","targetHints":{"allow":["GET"]}}],"collection":[{"href":"https:\/\/www.malinashop.lt\/lt_lt\/wp-json\/wp\/v2\/product"}],"about":[{"href":"https:\/\/www.malinashop.lt\/lt_lt\/wp-json\/wp\/v2\/types\/product"}],"version-history":[{"count":2,"href":"https:\/\/www.malinashop.lt\/lt_lt\/wp-json\/wp\/v2\/product\/68951\/revisions"}],"predecessor-version":[{"id":72029,"href":"https:\/\/www.malinashop.lt\/lt_lt\/wp-json\/wp\/v2\/product\/68951\/revisions\/72029"}],"wp:featuredmedia":[{"embeddable":true,"href":"https:\/\/www.malinashop.lt\/lt_lt\/wp-json\/wp\/v2\/media\/62130"}],"wp:attachment":[{"href":"https:\/\/www.malinashop.lt\/lt_lt\/wp-json\/wp\/v2\/media?parent=68951"}],"wp:term":[{"taxonomy":"product_brand","embeddable":true,"href":"https:\/\/www.malinashop.lt\/lt_lt\/wp-json\/wp\/v2\/product_brand?post=68951"},{"taxonomy":"product_cat","embeddable":true,"href":"https:\/\/www.malinashop.lt\/lt_lt\/wp-json\/wp\/v2\/product_cat?post=68951"},{"taxonomy":"product_tag","embeddable":true,"href":"https:\/\/www.malinashop.lt\/lt_lt\/wp-json\/wp\/v2\/product_tag?post=68951"}],"curies":[{"name":"wp","href":"https:\/\/api.w.org\/{rel}","templated":true}]}}