{"id":68949,"date":"2025-12-09T20:32:57","date_gmt":"2025-12-09T17:32:57","guid":{"rendered":"https:\/\/malinashop.lt\/?post_type=product&#038;p=68949"},"modified":"2026-04-07T22:18:46","modified_gmt":"2026-04-07T19:18:46","slug":"sienna-x-retinolio-serumas-20ml","status":"publish","type":"product","link":"https:\/\/www.malinashop.lt\/lt_lt\/shop\/sienna-x-retinolio-serumas-20ml\/","title":{"rendered":"SIENNA-X retinolio serumas, 20ml"},"content":{"rendered":"<p data-start=\"161\" data-end=\"560\"><strong data-start=\"161\" data-end=\"202\">SIENNA-X retinolio serumas THE, 20 ml<\/strong> \u2013 intensyviai veikiantis odos atsinaujinim\u0105 skatinantis serumas, sukurtas suteikti odai skaistumo, glotnumo ir jaunatvi\u0161k\u0105 spindes\u012f. Formul\u0117je esantis <strong data-start=\"354\" data-end=\"380\">0,3 % grynas retinolis<\/strong> \u2013 did\u017eiausia leid\u017eiama koncentracija Jungtin\u0117je Karalyst\u0117je \u2013 padeda akivaizd\u017eiai suma\u017einti smulkias rauk\u0161leles, l\u0117tina nauj\u0173 rauk\u0161li\u0173 formavim\u0105si ir gerina bendr\u0105 odos strukt\u016br\u0105.<\/p>\n<p data-start=\"562\" data-end=\"975\">Serumas praturtintas <strong data-start=\"583\" data-end=\"610\">Kakadu slyvos ekstraktu<\/strong>, kuris nat\u016braliai skaistina, ma\u017eina pigmentacijos pakitimus ir apsaugo nuo aplinkos poveikio. <strong data-start=\"705\" data-end=\"721\">Pentavitinas<\/strong> suteikia ilgalaik\u012f, iki 72 valand\u0173 trunkant\u012f dr\u0117kinim\u0105, palaiko odos elastingum\u0105 ir komfort\u0105. Produktas vegani\u0161kas, dermatologi\u0161kai patikrintas ir i\u0161siskiria \u0161varia sud\u0117timi \u2013 be glitimo, dirbtini\u0173 da\u017eikli\u0173, GMO, PEG, SLS, mineralini\u0173 ir rie\u0161ut\u0173 aliej\u0173.<\/p>\n<p data-start=\"977\" data-end=\"1022\"><strong data-start=\"977\" data-end=\"1022\">Tinka vis\u0173 tip\u0173 odai, net labai jautriai.<\/strong><\/p>\n<h4 data-start=\"1029\" data-end=\"1046\"><strong data-start=\"1032\" data-end=\"1046\">Naudojimas<\/strong><\/h4>\n<ul data-start=\"1047\" data-end=\"1418\">\n<li data-start=\"1047\" data-end=\"1113\">\n<p data-start=\"1049\" data-end=\"1113\">Naudokite vakarais ant \u0161varios, sausos odos prie\u0161 veido krem\u0105.<\/p>\n<\/li>\n<li data-start=\"1114\" data-end=\"1136\">\n<p data-start=\"1116\" data-end=\"1136\">Tepkite 2\u20133 la\u0161us.<\/p>\n<\/li>\n<li data-start=\"1137\" data-end=\"1241\">\n<p data-start=\"1139\" data-end=\"1241\">Pradedant naudoti retinol\u012f, tepkite 1\u20132 kartus per savait\u0119, palaipsniui didinkite naudojimo da\u017enum\u0105.<\/p>\n<\/li>\n<li data-start=\"1242\" data-end=\"1295\">\n<p data-start=\"1244\" data-end=\"1295\">Nenaudokite kartu su kitais retinolio produktais.<\/p>\n<\/li>\n<li data-start=\"1296\" data-end=\"1336\">\n<p data-start=\"1298\" data-end=\"1336\">Venkite aki\u0173, nosies ir burnos zon\u0173.<\/p>\n<\/li>\n<li data-start=\"1337\" data-end=\"1376\">\n<p data-start=\"1339\" data-end=\"1376\">Dienos metu visuomet naudokite SPF.<\/p>\n<\/li>\n<li data-start=\"1377\" data-end=\"1418\">\n<p data-start=\"1379\" data-end=\"1418\">Rekomenduojama naudoti \u0161altuoju sezonu.<\/p>\n<\/li>\n<\/ul>\n<p data-start=\"1420\" data-end=\"1465\"><strong data-start=\"1420\" data-end=\"1465\">Vieno buteliuko pakanka iki 40 proced\u016br\u0173.<\/strong><\/p>\n<h4 data-start=\"1472\" data-end=\"1501\"><strong data-start=\"1475\" data-end=\"1501\">Aktyvieji ingredientai<\/strong><\/h4>\n<ul data-start=\"1502\" data-end=\"1780\">\n<li data-start=\"1502\" data-end=\"1606\">\n<p data-start=\"1504\" data-end=\"1606\"><strong data-start=\"1504\" data-end=\"1533\">Grynas retinolis (0,3 %):<\/strong> skatina l\u0105steli\u0173 atsinaujinim\u0105, ma\u017eina rauk\u0161les, gerina odos tekst\u016br\u0105.<\/p>\n<\/li>\n<li data-start=\"1607\" data-end=\"1692\">\n<p data-start=\"1609\" data-end=\"1692\"><strong data-start=\"1609\" data-end=\"1626\">Kakadu slyva:<\/strong> skaistina, \u0161viesina, ma\u017eina paraudimus, stiprina odos spindes\u012f.<\/p>\n<\/li>\n<li data-start=\"1693\" data-end=\"1780\">\n<p data-start=\"1695\" data-end=\"1780\"><strong data-start=\"1695\" data-end=\"1712\">Pentavitinas:<\/strong> suteikia 72 val. trunkant\u012f gil\u0173 dr\u0117kinim\u0105 ir stiprina odos barjer\u0105.<\/p>\n<\/li>\n<\/ul>\n","protected":false},"excerpt":{"rendered":"<p data-start=\"1821\" data-end=\"2084\">Intensyviai veikiantis <strong data-start=\"1844\" data-end=\"1899\">SIENNA-X retinolio serumas su 0,3 % grynu retinoliu<\/strong> ma\u017eina rauk\u0161les, gerina odos tonus\u0105 ir skaistina. Kakadu slyva \u0161viesina ir apsaugo, o Pentavitinas dr\u0117kina iki 72 val. Tinka vis\u0173 tip\u0173, net jautriai odai. Vegani\u0161kas, \u0161varios sud\u0117ties.<\/p>\n","protected":false},"featured_media":62124,"template":"","meta":[],"product_brand":[1529],"product_cat":[550,728],"product_tag":[1618],"class_list":{"0":"post-68949","1":"product","2":"type-product","3":"status-publish","4":"has-post-thumbnail","6":"product_brand-sienna-x","7":"product_cat-veido-serumai","8":"product_cat-veidui","9":"product_tag-sienna-x","11":"first","12":"instock","13":"purchasable","14":"product-type-simple"},"yoast_head":"<!-- This site is optimized with the Yoast SEO plugin v27.4 - https:\/\/yoast.com\/product\/yoast-seo-wordpress\/ -->\n<title>SIENNA-X retinolio serumas, 20ml - MalinaShop.lt J\u016bs\u0173 sveikatai ir gro\u017eiui.<\/title>\n<meta name=\"description\" content=\"SIENNA-X 0,3 % retinolio serumas skaistina, ma\u017eina rauk\u0161les ir dr\u0117kina iki 72 val. Vegani\u0161kas, tinka vis\u0173 tip\u0173 odai. Tobulas vakarinei rutinai.\" \/>\n<meta name=\"robots\" content=\"index, follow, max-snippet:-1, max-image-preview:large, max-video-preview:-1\" \/>\n<link rel=\"canonical\" href=\"https:\/\/www.malinashop.lt\/lt_lt\/shop\/sienna-x-retinolio-serumas-20ml\/\" \/>\n<meta property=\"og:locale\" content=\"lt_LT\" \/>\n<meta property=\"og:type\" content=\"article\" \/>\n<meta property=\"og:title\" content=\"SIENNA-X retinolio serumas, 20ml - MalinaShop.lt J\u016bs\u0173 sveikatai ir gro\u017eiui.\" \/>\n<meta property=\"og:description\" content=\"SIENNA-X 0,3 % retinolio serumas skaistina, ma\u017eina rauk\u0161les ir dr\u0117kina iki 72 val. Vegani\u0161kas, tinka vis\u0173 tip\u0173 odai. Tobulas vakarinei rutinai.\" \/>\n<meta property=\"og:url\" content=\"https:\/\/www.malinashop.lt\/lt_lt\/shop\/sienna-x-retinolio-serumas-20ml\/\" \/>\n<meta property=\"og:site_name\" content=\"MalinaShop.lt J\u016bs\u0173 sveikatai ir gro\u017eiui.\" \/>\n<meta property=\"article:modified_time\" content=\"2026-04-07T19:18:46+00:00\" \/>\n<meta property=\"og:image\" content=\"https:\/\/www.malinashop.lt\/wp-content\/uploads\/2025\/11\/retinolio-serumas-03-sienna-x-20ml.jpg\" \/>\n\t<meta property=\"og:image:width\" content=\"800\" \/>\n\t<meta property=\"og:image:height\" content=\"1020\" \/>\n\t<meta property=\"og:image:type\" content=\"image\/jpeg\" \/>\n<meta name=\"twitter:card\" content=\"summary_large_image\" \/>\n<script type=\"application\/ld+json\" class=\"yoast-schema-graph\">{\"@context\":\"https:\\\/\\\/schema.org\",\"@graph\":[{\"@type\":\"WebPage\",\"@id\":\"https:\\\/\\\/www.malinashop.lt\\\/lt_lt\\\/shop\\\/sienna-x-retinolio-serumas-20ml\\\/\",\"url\":\"https:\\\/\\\/www.malinashop.lt\\\/lt_lt\\\/shop\\\/sienna-x-retinolio-serumas-20ml\\\/\",\"name\":\"SIENNA-X retinolio serumas, 20ml - MalinaShop.lt J\u016bs\u0173 sveikatai ir gro\u017eiui.\",\"isPartOf\":{\"@id\":\"https:\\\/\\\/www.malinashop.lt\\\/#website\"},\"primaryImageOfPage\":{\"@id\":\"https:\\\/\\\/www.malinashop.lt\\\/lt_lt\\\/shop\\\/sienna-x-retinolio-serumas-20ml\\\/#primaryimage\"},\"image\":{\"@id\":\"https:\\\/\\\/www.malinashop.lt\\\/lt_lt\\\/shop\\\/sienna-x-retinolio-serumas-20ml\\\/#primaryimage\"},\"thumbnailUrl\":\"https:\\\/\\\/www.malinashop.lt\\\/wp-content\\\/uploads\\\/2025\\\/11\\\/retinolio-serumas-03-sienna-x-20ml.jpg\",\"datePublished\":\"2025-12-09T17:32:57+00:00\",\"dateModified\":\"2026-04-07T19:18:46+00:00\",\"description\":\"SIENNA-X 0,3 % retinolio serumas skaistina, ma\u017eina rauk\u0161les ir dr\u0117kina iki 72 val. Vegani\u0161kas, tinka vis\u0173 tip\u0173 odai. Tobulas vakarinei rutinai.\",\"breadcrumb\":{\"@id\":\"https:\\\/\\\/www.malinashop.lt\\\/lt_lt\\\/shop\\\/sienna-x-retinolio-serumas-20ml\\\/#breadcrumb\"},\"inLanguage\":\"lt-LT\",\"potentialAction\":[{\"@type\":\"ReadAction\",\"target\":[\"https:\\\/\\\/www.malinashop.lt\\\/lt_lt\\\/shop\\\/sienna-x-retinolio-serumas-20ml\\\/\"]}]},{\"@type\":\"ImageObject\",\"inLanguage\":\"lt-LT\",\"@id\":\"https:\\\/\\\/www.malinashop.lt\\\/lt_lt\\\/shop\\\/sienna-x-retinolio-serumas-20ml\\\/#primaryimage\",\"url\":\"https:\\\/\\\/www.malinashop.lt\\\/wp-content\\\/uploads\\\/2025\\\/11\\\/retinolio-serumas-03-sienna-x-20ml.jpg\",\"contentUrl\":\"https:\\\/\\\/www.malinashop.lt\\\/wp-content\\\/uploads\\\/2025\\\/11\\\/retinolio-serumas-03-sienna-x-20ml.jpg\",\"width\":800,\"height\":1020},{\"@type\":\"BreadcrumbList\",\"@id\":\"https:\\\/\\\/www.malinashop.lt\\\/lt_lt\\\/shop\\\/sienna-x-retinolio-serumas-20ml\\\/#breadcrumb\",\"itemListElement\":[{\"@type\":\"ListItem\",\"position\":1,\"name\":\"Pagrindinis\",\"item\":\"https:\\\/\\\/www.malinashop.lt\\\/\"},{\"@type\":\"ListItem\",\"position\":2,\"name\":\"Parduotuv\u0117\",\"item\":\"https:\\\/\\\/www.malinashop.lt\\\/en\\\/parduotuve\\\/\"},{\"@type\":\"ListItem\",\"position\":3,\"name\":\"SIENNA-X retinolio serumas, 20ml\"}]},{\"@type\":\"WebSite\",\"@id\":\"https:\\\/\\\/www.malinashop.lt\\\/#website\",\"url\":\"https:\\\/\\\/www.malinashop.lt\\\/\",\"name\":\"COM Group Ecommerce\",\"description\":\"MalinaShop.lt - Gro\u017eio ir sveikatos produktai i\u0161 patikim\u0173 preki\u0173 \u017eenkl\u0173. Atraskite auk\u0161tos kokyb\u0117s kosmetik\u0105 u\u017e puiki\u0105 kain\u0105.\",\"publisher\":{\"@id\":\"https:\\\/\\\/www.malinashop.lt\\\/#organization\"},\"potentialAction\":[{\"@type\":\"SearchAction\",\"target\":{\"@type\":\"EntryPoint\",\"urlTemplate\":\"https:\\\/\\\/www.malinashop.lt\\\/?s={search_term_string}\"},\"query-input\":{\"@type\":\"PropertyValueSpecification\",\"valueRequired\":true,\"valueName\":\"search_term_string\"}}],\"inLanguage\":\"lt-LT\"},{\"@type\":\"Organization\",\"@id\":\"https:\\\/\\\/www.malinashop.lt\\\/#organization\",\"name\":\"COM Group Ecommerce\",\"url\":\"https:\\\/\\\/www.malinashop.lt\\\/\",\"logo\":{\"@type\":\"ImageObject\",\"inLanguage\":\"lt-LT\",\"@id\":\"https:\\\/\\\/www.malinashop.lt\\\/#\\\/schema\\\/logo\\\/image\\\/\",\"url\":\"https:\\\/\\\/www.malinashop.lt\\\/wp-content\\\/uploads\\\/2024\\\/08\\\/462559670_3787732518133670_9795632669273463_n-e1731525914575.png\",\"contentUrl\":\"https:\\\/\\\/www.malinashop.lt\\\/wp-content\\\/uploads\\\/2024\\\/08\\\/462559670_3787732518133670_9795632669273463_n-e1731525914575.png\",\"width\":180,\"height\":60,\"caption\":\"COM Group Ecommerce\"},\"image\":{\"@id\":\"https:\\\/\\\/www.malinashop.lt\\\/#\\\/schema\\\/logo\\\/image\\\/\"}}]}<\/script>\n<!-- \/ Yoast SEO plugin. -->","yoast_head_json":{"title":"SIENNA-X retinolio serumas, 20ml - MalinaShop.lt J\u016bs\u0173 sveikatai ir gro\u017eiui.","description":"SIENNA-X 0,3 % retinolio serumas skaistina, ma\u017eina rauk\u0161les ir dr\u0117kina iki 72 val. Vegani\u0161kas, tinka vis\u0173 tip\u0173 odai. Tobulas vakarinei rutinai.","robots":{"index":"index","follow":"follow","max-snippet":"max-snippet:-1","max-image-preview":"max-image-preview:large","max-video-preview":"max-video-preview:-1"},"canonical":"https:\/\/www.malinashop.lt\/lt_lt\/shop\/sienna-x-retinolio-serumas-20ml\/","og_locale":"lt_LT","og_type":"article","og_title":"SIENNA-X retinolio serumas, 20ml - MalinaShop.lt J\u016bs\u0173 sveikatai ir gro\u017eiui.","og_description":"SIENNA-X 0,3 % retinolio serumas skaistina, ma\u017eina rauk\u0161les ir dr\u0117kina iki 72 val. Vegani\u0161kas, tinka vis\u0173 tip\u0173 odai. Tobulas vakarinei rutinai.","og_url":"https:\/\/www.malinashop.lt\/lt_lt\/shop\/sienna-x-retinolio-serumas-20ml\/","og_site_name":"MalinaShop.lt J\u016bs\u0173 sveikatai ir gro\u017eiui.","article_modified_time":"2026-04-07T19:18:46+00:00","og_image":[{"width":800,"height":1020,"url":"https:\/\/www.malinashop.lt\/wp-content\/uploads\/2025\/11\/retinolio-serumas-03-sienna-x-20ml.jpg","type":"image\/jpeg"}],"twitter_card":"summary_large_image","schema":{"@context":"https:\/\/schema.org","@graph":[{"@type":"WebPage","@id":"https:\/\/www.malinashop.lt\/lt_lt\/shop\/sienna-x-retinolio-serumas-20ml\/","url":"https:\/\/www.malinashop.lt\/lt_lt\/shop\/sienna-x-retinolio-serumas-20ml\/","name":"SIENNA-X retinolio serumas, 20ml - MalinaShop.lt J\u016bs\u0173 sveikatai ir gro\u017eiui.","isPartOf":{"@id":"https:\/\/www.malinashop.lt\/#website"},"primaryImageOfPage":{"@id":"https:\/\/www.malinashop.lt\/lt_lt\/shop\/sienna-x-retinolio-serumas-20ml\/#primaryimage"},"image":{"@id":"https:\/\/www.malinashop.lt\/lt_lt\/shop\/sienna-x-retinolio-serumas-20ml\/#primaryimage"},"thumbnailUrl":"https:\/\/www.malinashop.lt\/wp-content\/uploads\/2025\/11\/retinolio-serumas-03-sienna-x-20ml.jpg","datePublished":"2025-12-09T17:32:57+00:00","dateModified":"2026-04-07T19:18:46+00:00","description":"SIENNA-X 0,3 % retinolio serumas skaistina, ma\u017eina rauk\u0161les ir dr\u0117kina iki 72 val. Vegani\u0161kas, tinka vis\u0173 tip\u0173 odai. Tobulas vakarinei rutinai.","breadcrumb":{"@id":"https:\/\/www.malinashop.lt\/lt_lt\/shop\/sienna-x-retinolio-serumas-20ml\/#breadcrumb"},"inLanguage":"lt-LT","potentialAction":[{"@type":"ReadAction","target":["https:\/\/www.malinashop.lt\/lt_lt\/shop\/sienna-x-retinolio-serumas-20ml\/"]}]},{"@type":"ImageObject","inLanguage":"lt-LT","@id":"https:\/\/www.malinashop.lt\/lt_lt\/shop\/sienna-x-retinolio-serumas-20ml\/#primaryimage","url":"https:\/\/www.malinashop.lt\/wp-content\/uploads\/2025\/11\/retinolio-serumas-03-sienna-x-20ml.jpg","contentUrl":"https:\/\/www.malinashop.lt\/wp-content\/uploads\/2025\/11\/retinolio-serumas-03-sienna-x-20ml.jpg","width":800,"height":1020},{"@type":"BreadcrumbList","@id":"https:\/\/www.malinashop.lt\/lt_lt\/shop\/sienna-x-retinolio-serumas-20ml\/#breadcrumb","itemListElement":[{"@type":"ListItem","position":1,"name":"Pagrindinis","item":"https:\/\/www.malinashop.lt\/"},{"@type":"ListItem","position":2,"name":"Parduotuv\u0117","item":"https:\/\/www.malinashop.lt\/en\/parduotuve\/"},{"@type":"ListItem","position":3,"name":"SIENNA-X retinolio serumas, 20ml"}]},{"@type":"WebSite","@id":"https:\/\/www.malinashop.lt\/#website","url":"https:\/\/www.malinashop.lt\/","name":"COM Group Ecommerce","description":"MalinaShop.lt - Gro\u017eio ir sveikatos produktai i\u0161 patikim\u0173 preki\u0173 \u017eenkl\u0173. Atraskite auk\u0161tos kokyb\u0117s kosmetik\u0105 u\u017e puiki\u0105 kain\u0105.","publisher":{"@id":"https:\/\/www.malinashop.lt\/#organization"},"potentialAction":[{"@type":"SearchAction","target":{"@type":"EntryPoint","urlTemplate":"https:\/\/www.malinashop.lt\/?s={search_term_string}"},"query-input":{"@type":"PropertyValueSpecification","valueRequired":true,"valueName":"search_term_string"}}],"inLanguage":"lt-LT"},{"@type":"Organization","@id":"https:\/\/www.malinashop.lt\/#organization","name":"COM Group Ecommerce","url":"https:\/\/www.malinashop.lt\/","logo":{"@type":"ImageObject","inLanguage":"lt-LT","@id":"https:\/\/www.malinashop.lt\/#\/schema\/logo\/image\/","url":"https:\/\/www.malinashop.lt\/wp-content\/uploads\/2024\/08\/462559670_3787732518133670_9795632669273463_n-e1731525914575.png","contentUrl":"https:\/\/www.malinashop.lt\/wp-content\/uploads\/2024\/08\/462559670_3787732518133670_9795632669273463_n-e1731525914575.png","width":180,"height":60,"caption":"COM Group Ecommerce"},"image":{"@id":"https:\/\/www.malinashop.lt\/#\/schema\/logo\/image\/"}}]}},"jetpack_sharing_enabled":true,"_links":{"self":[{"href":"https:\/\/www.malinashop.lt\/lt_lt\/wp-json\/wp\/v2\/product\/68949","targetHints":{"allow":["GET"]}}],"collection":[{"href":"https:\/\/www.malinashop.lt\/lt_lt\/wp-json\/wp\/v2\/product"}],"about":[{"href":"https:\/\/www.malinashop.lt\/lt_lt\/wp-json\/wp\/v2\/types\/product"}],"version-history":[{"count":2,"href":"https:\/\/www.malinashop.lt\/lt_lt\/wp-json\/wp\/v2\/product\/68949\/revisions"}],"predecessor-version":[{"id":72028,"href":"https:\/\/www.malinashop.lt\/lt_lt\/wp-json\/wp\/v2\/product\/68949\/revisions\/72028"}],"wp:featuredmedia":[{"embeddable":true,"href":"https:\/\/www.malinashop.lt\/lt_lt\/wp-json\/wp\/v2\/media\/62124"}],"wp:attachment":[{"href":"https:\/\/www.malinashop.lt\/lt_lt\/wp-json\/wp\/v2\/media?parent=68949"}],"wp:term":[{"taxonomy":"product_brand","embeddable":true,"href":"https:\/\/www.malinashop.lt\/lt_lt\/wp-json\/wp\/v2\/product_brand?post=68949"},{"taxonomy":"product_cat","embeddable":true,"href":"https:\/\/www.malinashop.lt\/lt_lt\/wp-json\/wp\/v2\/product_cat?post=68949"},{"taxonomy":"product_tag","embeddable":true,"href":"https:\/\/www.malinashop.lt\/lt_lt\/wp-json\/wp\/v2\/product_tag?post=68949"}],"curies":[{"name":"wp","href":"https:\/\/api.w.org\/{rel}","templated":true}]}}