{"id":68937,"date":"2025-11-25T16:32:51","date_gmt":"2025-11-25T13:32:51","guid":{"rendered":"https:\/\/malinashop.lt\/?post_type=product&#038;p=68937"},"modified":"2026-02-10T13:12:46","modified_gmt":"2026-02-10T10:12:46","slug":"sla-paris-sepetelis-akims-mua-2","status":"publish","type":"product","link":"https:\/\/www.malinashop.lt\/lt_lt\/shop\/sla-paris-sepetelis-akims-mua-2\/","title":{"rendered":"SLA PARIS \u0161epet\u0117lis akims MUA"},"content":{"rendered":"<p><strong data-start=\"48\" data-end=\"83\">SLA PARIS MUA 08 aki\u0173 \u0161epet\u0117lis<\/strong> \u2013 tai profesionalams sukurtas vegani\u0161kas, sintetinio plauko \u0161epet\u0117lis, idealiai tinkantis tiksliam aki\u0173 makia\u017eo atlikimui. Plok\u0161\u010dia \u0161epet\u0117lio forma leid\u017eia lengvai ir tolygiai dengti aki\u0173 \u0161e\u0161\u0117lius, u\u017etikrinant intensyv\u0173 spalvos rezultat\u0105.<br data-start=\"322\" data-end=\"325\" \/>\u0160is \u0161epet\u0117lis puikiai tinka tiek pradedantiesiems, tiek patyrusiems makia\u017eo meistrams, kurie siekia \u0161varaus, precizi\u0161ko ir ilgai i\u0161liekan\u010dio rezultato. MUA Vegan 08 \u0161epet\u0117lis yra \u0161velnus odai, patvarus ir lengvai pri\u017ei\u016brimas, tod\u0117l kasdienis makia\u017eo atlikimas tampa dar paprastesnis.<\/p>\n","protected":false},"excerpt":{"rendered":"<p data-start=\"652\" data-end=\"817\">Profesionalus SLA PARIS MUA 08 plok\u0161\u010dias aki\u0173 makia\u017eo \u0161epet\u0117lis, pagamintas i\u0161 vegani\u0161ko sintetinio plauko. Puikiai tinka tiksliam ir tolygiam aki\u0173 \u0161e\u0161\u0117li\u0173 dengimui.<\/p>\n","protected":false},"featured_media":62105,"template":"","meta":[],"product_brand":[1527],"product_cat":[102,795],"product_tag":[1623],"class_list":{"0":"post-68937","1":"product","2":"type-product","3":"status-publish","4":"has-post-thumbnail","6":"product_brand-sla-paris","7":"product_cat-dekoratyvine-kosmetika","8":"product_cat-makiazo-sepeteliai","9":"product_tag-sla-paris","11":"first","12":"instock","13":"purchasable","14":"product-type-simple"},"yoast_head":"<!-- This site is optimized with the Yoast SEO plugin v27.4 - https:\/\/yoast.com\/product\/yoast-seo-wordpress\/ -->\n<title>SLA PARIS \u0161epet\u0117lis akims MUA - MalinaShop.lt J\u016bs\u0173 sveikatai ir gro\u017eiui.<\/title>\n<meta name=\"description\" content=\"SLA PARIS MUA 08 vegani\u0161kas plok\u0161\u010dias aki\u0173 makia\u017eo \u0161epet\u0117lis skirtas tiksliam \u0161e\u0161\u0117li\u0173 dengimui. Profesionalams ir m\u0117g\u0117jams. Puiki kokyb\u0117 ir patogumas.\" \/>\n<meta name=\"robots\" content=\"index, follow, max-snippet:-1, max-image-preview:large, max-video-preview:-1\" \/>\n<link rel=\"canonical\" href=\"https:\/\/www.malinashop.lt\/lt_lt\/shop\/sla-paris-sepetelis-akims-mua-2\/\" \/>\n<meta property=\"og:locale\" content=\"lt_LT\" \/>\n<meta property=\"og:type\" content=\"article\" \/>\n<meta property=\"og:title\" content=\"SLA PARIS \u0161epet\u0117lis akims MUA - MalinaShop.lt J\u016bs\u0173 sveikatai ir gro\u017eiui.\" \/>\n<meta property=\"og:description\" content=\"SLA PARIS MUA 08 vegani\u0161kas plok\u0161\u010dias aki\u0173 makia\u017eo \u0161epet\u0117lis skirtas tiksliam \u0161e\u0161\u0117li\u0173 dengimui. Profesionalams ir m\u0117g\u0117jams. Puiki kokyb\u0117 ir patogumas.\" \/>\n<meta property=\"og:url\" content=\"https:\/\/www.malinashop.lt\/lt_lt\/shop\/sla-paris-sepetelis-akims-mua-2\/\" \/>\n<meta property=\"og:site_name\" content=\"MalinaShop.lt J\u016bs\u0173 sveikatai ir gro\u017eiui.\" \/>\n<meta property=\"article:modified_time\" content=\"2026-02-10T10:12:46+00:00\" \/>\n<meta property=\"og:image\" content=\"https:\/\/www.malinashop.lt\/wp-content\/uploads\/2025\/11\/mua-sepetelis-akims-08.jpg\" \/>\n\t<meta property=\"og:image:width\" content=\"367\" \/>\n\t<meta property=\"og:image:height\" content=\"444\" \/>\n\t<meta property=\"og:image:type\" content=\"image\/jpeg\" \/>\n<meta name=\"twitter:card\" content=\"summary_large_image\" \/>\n<script type=\"application\/ld+json\" class=\"yoast-schema-graph\">{\"@context\":\"https:\\\/\\\/schema.org\",\"@graph\":[{\"@type\":\"WebPage\",\"@id\":\"https:\\\/\\\/www.malinashop.lt\\\/shop\\\/sla-paris-sepetelis-akims-mua-2\\\/\",\"url\":\"https:\\\/\\\/www.malinashop.lt\\\/shop\\\/sla-paris-sepetelis-akims-mua-2\\\/\",\"name\":\"SLA PARIS \u0161epet\u0117lis akims MUA - MalinaShop.lt J\u016bs\u0173 sveikatai ir gro\u017eiui.\",\"isPartOf\":{\"@id\":\"https:\\\/\\\/www.malinashop.lt\\\/#website\"},\"primaryImageOfPage\":{\"@id\":\"https:\\\/\\\/www.malinashop.lt\\\/shop\\\/sla-paris-sepetelis-akims-mua-2\\\/#primaryimage\"},\"image\":{\"@id\":\"https:\\\/\\\/www.malinashop.lt\\\/shop\\\/sla-paris-sepetelis-akims-mua-2\\\/#primaryimage\"},\"thumbnailUrl\":\"https:\\\/\\\/www.malinashop.lt\\\/wp-content\\\/uploads\\\/2025\\\/11\\\/mua-sepetelis-akims-08.jpg\",\"datePublished\":\"2025-11-25T13:32:51+00:00\",\"dateModified\":\"2026-02-10T10:12:46+00:00\",\"description\":\"SLA PARIS MUA 08 vegani\u0161kas plok\u0161\u010dias aki\u0173 makia\u017eo \u0161epet\u0117lis skirtas tiksliam \u0161e\u0161\u0117li\u0173 dengimui. Profesionalams ir m\u0117g\u0117jams. Puiki kokyb\u0117 ir patogumas.\",\"breadcrumb\":{\"@id\":\"https:\\\/\\\/www.malinashop.lt\\\/shop\\\/sla-paris-sepetelis-akims-mua-2\\\/#breadcrumb\"},\"inLanguage\":\"lt-LT\",\"potentialAction\":[{\"@type\":\"ReadAction\",\"target\":[\"https:\\\/\\\/www.malinashop.lt\\\/shop\\\/sla-paris-sepetelis-akims-mua-2\\\/\"]}]},{\"@type\":\"ImageObject\",\"inLanguage\":\"lt-LT\",\"@id\":\"https:\\\/\\\/www.malinashop.lt\\\/shop\\\/sla-paris-sepetelis-akims-mua-2\\\/#primaryimage\",\"url\":\"https:\\\/\\\/www.malinashop.lt\\\/wp-content\\\/uploads\\\/2025\\\/11\\\/mua-sepetelis-akims-08.jpg\",\"contentUrl\":\"https:\\\/\\\/www.malinashop.lt\\\/wp-content\\\/uploads\\\/2025\\\/11\\\/mua-sepetelis-akims-08.jpg\",\"width\":367,\"height\":444},{\"@type\":\"BreadcrumbList\",\"@id\":\"https:\\\/\\\/www.malinashop.lt\\\/shop\\\/sla-paris-sepetelis-akims-mua-2\\\/#breadcrumb\",\"itemListElement\":[{\"@type\":\"ListItem\",\"position\":1,\"name\":\"Pagrindinis\",\"item\":\"https:\\\/\\\/www.malinashop.lt\\\/\"},{\"@type\":\"ListItem\",\"position\":2,\"name\":\"Parduotuv\u0117\",\"item\":\"https:\\\/\\\/www.malinashop.lt\\\/en\\\/parduotuve\\\/\"},{\"@type\":\"ListItem\",\"position\":3,\"name\":\"SLA PARIS \u0161epet\u0117lis akims MUA\"}]},{\"@type\":\"WebSite\",\"@id\":\"https:\\\/\\\/www.malinashop.lt\\\/#website\",\"url\":\"https:\\\/\\\/www.malinashop.lt\\\/\",\"name\":\"COM Group Ecommerce\",\"description\":\"MalinaShop.lt - Gro\u017eio ir sveikatos produktai i\u0161 patikim\u0173 preki\u0173 \u017eenkl\u0173. Atraskite auk\u0161tos kokyb\u0117s kosmetik\u0105 u\u017e puiki\u0105 kain\u0105.\",\"publisher\":{\"@id\":\"https:\\\/\\\/www.malinashop.lt\\\/#organization\"},\"potentialAction\":[{\"@type\":\"SearchAction\",\"target\":{\"@type\":\"EntryPoint\",\"urlTemplate\":\"https:\\\/\\\/www.malinashop.lt\\\/?s={search_term_string}\"},\"query-input\":{\"@type\":\"PropertyValueSpecification\",\"valueRequired\":true,\"valueName\":\"search_term_string\"}}],\"inLanguage\":\"lt-LT\"},{\"@type\":\"Organization\",\"@id\":\"https:\\\/\\\/www.malinashop.lt\\\/#organization\",\"name\":\"COM Group Ecommerce\",\"url\":\"https:\\\/\\\/www.malinashop.lt\\\/\",\"logo\":{\"@type\":\"ImageObject\",\"inLanguage\":\"lt-LT\",\"@id\":\"https:\\\/\\\/www.malinashop.lt\\\/#\\\/schema\\\/logo\\\/image\\\/\",\"url\":\"https:\\\/\\\/www.malinashop.lt\\\/wp-content\\\/uploads\\\/2024\\\/08\\\/462559670_3787732518133670_9795632669273463_n-e1731525914575.png\",\"contentUrl\":\"https:\\\/\\\/www.malinashop.lt\\\/wp-content\\\/uploads\\\/2024\\\/08\\\/462559670_3787732518133670_9795632669273463_n-e1731525914575.png\",\"width\":180,\"height\":60,\"caption\":\"COM Group Ecommerce\"},\"image\":{\"@id\":\"https:\\\/\\\/www.malinashop.lt\\\/#\\\/schema\\\/logo\\\/image\\\/\"}}]}<\/script>\n<!-- \/ Yoast SEO plugin. -->","yoast_head_json":{"title":"SLA PARIS \u0161epet\u0117lis akims MUA - MalinaShop.lt J\u016bs\u0173 sveikatai ir gro\u017eiui.","description":"SLA PARIS MUA 08 vegani\u0161kas plok\u0161\u010dias aki\u0173 makia\u017eo \u0161epet\u0117lis skirtas tiksliam \u0161e\u0161\u0117li\u0173 dengimui. Profesionalams ir m\u0117g\u0117jams. Puiki kokyb\u0117 ir patogumas.","robots":{"index":"index","follow":"follow","max-snippet":"max-snippet:-1","max-image-preview":"max-image-preview:large","max-video-preview":"max-video-preview:-1"},"canonical":"https:\/\/www.malinashop.lt\/lt_lt\/shop\/sla-paris-sepetelis-akims-mua-2\/","og_locale":"lt_LT","og_type":"article","og_title":"SLA PARIS \u0161epet\u0117lis akims MUA - MalinaShop.lt J\u016bs\u0173 sveikatai ir gro\u017eiui.","og_description":"SLA PARIS MUA 08 vegani\u0161kas plok\u0161\u010dias aki\u0173 makia\u017eo \u0161epet\u0117lis skirtas tiksliam \u0161e\u0161\u0117li\u0173 dengimui. Profesionalams ir m\u0117g\u0117jams. Puiki kokyb\u0117 ir patogumas.","og_url":"https:\/\/www.malinashop.lt\/lt_lt\/shop\/sla-paris-sepetelis-akims-mua-2\/","og_site_name":"MalinaShop.lt J\u016bs\u0173 sveikatai ir gro\u017eiui.","article_modified_time":"2026-02-10T10:12:46+00:00","og_image":[{"width":367,"height":444,"url":"https:\/\/www.malinashop.lt\/wp-content\/uploads\/2025\/11\/mua-sepetelis-akims-08.jpg","type":"image\/jpeg"}],"twitter_card":"summary_large_image","schema":{"@context":"https:\/\/schema.org","@graph":[{"@type":"WebPage","@id":"https:\/\/www.malinashop.lt\/shop\/sla-paris-sepetelis-akims-mua-2\/","url":"https:\/\/www.malinashop.lt\/shop\/sla-paris-sepetelis-akims-mua-2\/","name":"SLA PARIS \u0161epet\u0117lis akims MUA - MalinaShop.lt J\u016bs\u0173 sveikatai ir gro\u017eiui.","isPartOf":{"@id":"https:\/\/www.malinashop.lt\/#website"},"primaryImageOfPage":{"@id":"https:\/\/www.malinashop.lt\/shop\/sla-paris-sepetelis-akims-mua-2\/#primaryimage"},"image":{"@id":"https:\/\/www.malinashop.lt\/shop\/sla-paris-sepetelis-akims-mua-2\/#primaryimage"},"thumbnailUrl":"https:\/\/www.malinashop.lt\/wp-content\/uploads\/2025\/11\/mua-sepetelis-akims-08.jpg","datePublished":"2025-11-25T13:32:51+00:00","dateModified":"2026-02-10T10:12:46+00:00","description":"SLA PARIS MUA 08 vegani\u0161kas plok\u0161\u010dias aki\u0173 makia\u017eo \u0161epet\u0117lis skirtas tiksliam \u0161e\u0161\u0117li\u0173 dengimui. Profesionalams ir m\u0117g\u0117jams. Puiki kokyb\u0117 ir patogumas.","breadcrumb":{"@id":"https:\/\/www.malinashop.lt\/shop\/sla-paris-sepetelis-akims-mua-2\/#breadcrumb"},"inLanguage":"lt-LT","potentialAction":[{"@type":"ReadAction","target":["https:\/\/www.malinashop.lt\/shop\/sla-paris-sepetelis-akims-mua-2\/"]}]},{"@type":"ImageObject","inLanguage":"lt-LT","@id":"https:\/\/www.malinashop.lt\/shop\/sla-paris-sepetelis-akims-mua-2\/#primaryimage","url":"https:\/\/www.malinashop.lt\/wp-content\/uploads\/2025\/11\/mua-sepetelis-akims-08.jpg","contentUrl":"https:\/\/www.malinashop.lt\/wp-content\/uploads\/2025\/11\/mua-sepetelis-akims-08.jpg","width":367,"height":444},{"@type":"BreadcrumbList","@id":"https:\/\/www.malinashop.lt\/shop\/sla-paris-sepetelis-akims-mua-2\/#breadcrumb","itemListElement":[{"@type":"ListItem","position":1,"name":"Pagrindinis","item":"https:\/\/www.malinashop.lt\/"},{"@type":"ListItem","position":2,"name":"Parduotuv\u0117","item":"https:\/\/www.malinashop.lt\/en\/parduotuve\/"},{"@type":"ListItem","position":3,"name":"SLA PARIS \u0161epet\u0117lis akims MUA"}]},{"@type":"WebSite","@id":"https:\/\/www.malinashop.lt\/#website","url":"https:\/\/www.malinashop.lt\/","name":"COM Group Ecommerce","description":"MalinaShop.lt - Gro\u017eio ir sveikatos produktai i\u0161 patikim\u0173 preki\u0173 \u017eenkl\u0173. Atraskite auk\u0161tos kokyb\u0117s kosmetik\u0105 u\u017e puiki\u0105 kain\u0105.","publisher":{"@id":"https:\/\/www.malinashop.lt\/#organization"},"potentialAction":[{"@type":"SearchAction","target":{"@type":"EntryPoint","urlTemplate":"https:\/\/www.malinashop.lt\/?s={search_term_string}"},"query-input":{"@type":"PropertyValueSpecification","valueRequired":true,"valueName":"search_term_string"}}],"inLanguage":"lt-LT"},{"@type":"Organization","@id":"https:\/\/www.malinashop.lt\/#organization","name":"COM Group Ecommerce","url":"https:\/\/www.malinashop.lt\/","logo":{"@type":"ImageObject","inLanguage":"lt-LT","@id":"https:\/\/www.malinashop.lt\/#\/schema\/logo\/image\/","url":"https:\/\/www.malinashop.lt\/wp-content\/uploads\/2024\/08\/462559670_3787732518133670_9795632669273463_n-e1731525914575.png","contentUrl":"https:\/\/www.malinashop.lt\/wp-content\/uploads\/2024\/08\/462559670_3787732518133670_9795632669273463_n-e1731525914575.png","width":180,"height":60,"caption":"COM Group Ecommerce"},"image":{"@id":"https:\/\/www.malinashop.lt\/#\/schema\/logo\/image\/"}}]}},"jetpack_sharing_enabled":true,"_links":{"self":[{"href":"https:\/\/www.malinashop.lt\/lt_lt\/wp-json\/wp\/v2\/product\/68937","targetHints":{"allow":["GET"]}}],"collection":[{"href":"https:\/\/www.malinashop.lt\/lt_lt\/wp-json\/wp\/v2\/product"}],"about":[{"href":"https:\/\/www.malinashop.lt\/lt_lt\/wp-json\/wp\/v2\/types\/product"}],"version-history":[{"count":2,"href":"https:\/\/www.malinashop.lt\/lt_lt\/wp-json\/wp\/v2\/product\/68937\/revisions"}],"predecessor-version":[{"id":71877,"href":"https:\/\/www.malinashop.lt\/lt_lt\/wp-json\/wp\/v2\/product\/68937\/revisions\/71877"}],"wp:featuredmedia":[{"embeddable":true,"href":"https:\/\/www.malinashop.lt\/lt_lt\/wp-json\/wp\/v2\/media\/62105"}],"wp:attachment":[{"href":"https:\/\/www.malinashop.lt\/lt_lt\/wp-json\/wp\/v2\/media?parent=68937"}],"wp:term":[{"taxonomy":"product_brand","embeddable":true,"href":"https:\/\/www.malinashop.lt\/lt_lt\/wp-json\/wp\/v2\/product_brand?post=68937"},{"taxonomy":"product_cat","embeddable":true,"href":"https:\/\/www.malinashop.lt\/lt_lt\/wp-json\/wp\/v2\/product_cat?post=68937"},{"taxonomy":"product_tag","embeddable":true,"href":"https:\/\/www.malinashop.lt\/lt_lt\/wp-json\/wp\/v2\/product_tag?post=68937"}],"curies":[{"name":"wp","href":"https:\/\/api.w.org\/{rel}","templated":true}]}}