{"id":68903,"date":"2025-11-25T16:32:51","date_gmt":"2025-11-25T13:32:51","guid":{"rendered":"https:\/\/malinashop.lt\/?post_type=product&#038;p=68903"},"modified":"2026-02-10T13:05:05","modified_gmt":"2026-02-10T10:05:05","slug":"sienna-x-q10-sleep-self-tan-tinted-mousse-naktines-savaiminio-idegio-putos","status":"publish","type":"product","link":"https:\/\/www.malinashop.lt\/lt_lt\/shop\/sienna-x-q10-sleep-self-tan-tinted-mousse-naktines-savaiminio-idegio-putos\/","title":{"rendered":"SIENNA-X Q10 SLEEP SELF TAN TINTED MOUSSE naktin\u0117s savaiminio \u012fdegio putos"},"content":{"rendered":"<p data-start=\"161\" data-end=\"438\"><strong data-start=\"161\" data-end=\"202\">SIENNA-X SLEEP SELF TAN TINTED MOUSSE<\/strong> \u2013 tai naktin\u0117s savaiminio \u012fdegio putos su Q10, sukurtos nat\u016braliai ir tolygiai odos spalvai be saul\u0117s poveikio. Lengvos tekst\u016bros putos greitai \u012fsigeria, lengvai paskirstomos ir suteikia nat\u016braliai atrodant\u012f \u012fdeg\u012f vos per 8 valandas.<\/p>\n<p data-start=\"440\" data-end=\"712\">Formul\u0117 praturtinta jauninan\u010diais ingredientais: granatais, juod\u0173j\u0173 serbent\u0173 ekstraktu ir vitaminu E, kurie maitina od\u0105, suteikia jai \u0161velnumo bei spindesio. Produktas tinka tiek veidui, tiek k\u016bnui, tod\u0117l tai idealus pasirinkimas ie\u0161kantiems universalaus \u012fdegio sprendimo.<\/p>\n<p data-start=\"714\" data-end=\"936\">Putos turi anticeliulitin\u0119 formul\u0119 ir yra draugi\u0161kos veganams. \u012edegio rezultatas i\u0161lieka ilgiau, jei oda reguliariai dr\u0117kinama. Norint pasiekti tolyg\u0173 padengim\u0105, rekomenduojama naudoti <strong data-start=\"899\" data-end=\"935\">Sienna X \u012fdegio dengimo pir\u0161tin\u0119<\/strong>.<\/p>\n<h4 data-start=\"938\" data-end=\"959\"><strong data-start=\"942\" data-end=\"957\">Privalumai:<\/strong><\/h4>\n<ul data-start=\"960\" data-end=\"1232\">\n<li data-start=\"960\" data-end=\"985\">\n<p data-start=\"962\" data-end=\"985\">Tinka veidui ir k\u016bnui<\/p>\n<\/li>\n<li data-start=\"986\" data-end=\"1030\">\n<p data-start=\"988\" data-end=\"1030\">Nat\u016bralus, tolygus \u012fdegis per 8 valandas<\/p>\n<\/li>\n<li data-start=\"1031\" data-end=\"1099\">\n<p data-start=\"1033\" data-end=\"1099\">Praturtinta Q10, granatais, juodaisiais serbentais ir vitaminu E<\/p>\n<\/li>\n<li data-start=\"1100\" data-end=\"1127\">\n<p data-start=\"1102\" data-end=\"1127\">Anticeliulitin\u0117 formul\u0117<\/p>\n<\/li>\n<li data-start=\"1128\" data-end=\"1150\">\n<p data-start=\"1130\" data-end=\"1150\">Draugi\u0161ka veganams<\/p>\n<\/li>\n<li data-start=\"1151\" data-end=\"1187\">\n<p data-start=\"1153\" data-end=\"1187\">Lengva paskirstyti put\u0173 tekst\u016br\u0105<\/p>\n<\/li>\n<li data-start=\"1188\" data-end=\"1232\">\n<p data-start=\"1190\" data-end=\"1232\">Padeda palaikyti sveik\u0105 ir \u0161vytin\u010di\u0105 od\u0105<\/p>\n<\/li>\n<\/ul>\n<h4 data-start=\"1234\" data-end=\"1255\"><strong data-start=\"1238\" data-end=\"1253\">Naudojimas:<\/strong><\/h4>\n<ol data-start=\"1256\" data-end=\"1602\">\n<li data-start=\"1256\" data-end=\"1327\">\n<p data-start=\"1259\" data-end=\"1327\">Prie\u0161 naudojim\u0105 produkt\u0105 gerai suplakite ir laikykite vertikaliai.<\/p>\n<\/li>\n<li data-start=\"1328\" data-end=\"1395\">\n<p data-start=\"1331\" data-end=\"1395\">Nedidel\u012f kiek\u012f i\u0161spauskite ant <strong data-start=\"1362\" data-end=\"1392\">Sienna X dengimo pir\u0161tin\u0117s<\/strong>.<\/p>\n<\/li>\n<li data-start=\"1396\" data-end=\"1449\">\n<p data-start=\"1399\" data-end=\"1449\">Tolygiai paskirstykite ant \u0161varios, sausos odos.<\/p>\n<\/li>\n<li data-start=\"1450\" data-end=\"1521\">\n<p data-start=\"1453\" data-end=\"1521\">Leiskite priemonei veikti 8 valandas ir tuomet nusiprauskite du\u0161e.<\/p>\n<\/li>\n<li data-start=\"1522\" data-end=\"1602\">\n<p data-start=\"1525\" data-end=\"1602\">\u012edegio i\u0161liekamumui prailginti, kasdien dr\u0117kinkite od\u0105 <strong data-start=\"1580\" data-end=\"1601\">Sienna X pieneliu<\/strong>.<\/p>\n<\/li>\n<\/ol>\n<ul>\n<li style=\"list-style-type: none;\"><\/li>\n<\/ul>\n<p>&nbsp;<\/p>\n","protected":false},"excerpt":{"rendered":"<p data-start=\"1666\" data-end=\"1936\">Naktin\u0117s savaiminio \u012fdegio putos su Q10 suteikia nat\u016braliai atrodant\u012f, tolyg\u0173 ir ilgai i\u0161liekant\u012f \u012fdeg\u012f. Praturtintos granat\u0173, juod\u0173j\u0173 serbent\u0173 ekstraktu ir vitaminu E. Tinka veidui ir k\u016bnui, lengvai paskirstomos, draugi\u0161kos veganams. \u012edegis susiformuoja per 8 valandas.<\/p>\n","protected":false},"featured_media":62037,"template":"","meta":[],"product_brand":[1529],"product_cat":[731,1351],"product_tag":[1618],"class_list":{"0":"post-68903","1":"product","2":"type-product","3":"status-publish","4":"has-post-thumbnail","6":"product_brand-sienna-x","7":"product_cat-kunui","8":"product_cat-savaiminio-idegio-kosmetika","9":"product_tag-sienna-x","11":"first","12":"instock","13":"purchasable","14":"product-type-simple"},"yoast_head":"<!-- This site is optimized with the Yoast SEO plugin v27.4 - https:\/\/yoast.com\/product\/yoast-seo-wordpress\/ -->\n<title>SIENNA-X Q10 SLEEP SELF TAN TINTED MOUSSE naktin\u0117s savaiminio \u012fdegio putos - MalinaShop.lt J\u016bs\u0173 sveikatai ir gro\u017eiui.<\/title>\n<meta name=\"description\" content=\"SIENNA-X naktin\u0117s savaiminio \u012fdegio putos su Q10 \u2013 lengvai paskirstomas produktas, suteikiantis nat\u016bral\u0173 \u012fdeg\u012f per 8 val.\" \/>\n<meta name=\"robots\" content=\"index, follow, max-snippet:-1, max-image-preview:large, max-video-preview:-1\" \/>\n<link rel=\"canonical\" href=\"https:\/\/www.malinashop.lt\/lt_lt\/shop\/sienna-x-q10-sleep-self-tan-tinted-mousse-naktines-savaiminio-idegio-putos\/\" \/>\n<meta property=\"og:locale\" content=\"lt_LT\" \/>\n<meta property=\"og:type\" content=\"article\" \/>\n<meta property=\"og:title\" content=\"SIENNA-X Q10 SLEEP SELF TAN TINTED MOUSSE naktin\u0117s savaiminio \u012fdegio putos - MalinaShop.lt J\u016bs\u0173 sveikatai ir gro\u017eiui.\" \/>\n<meta property=\"og:description\" content=\"SIENNA-X naktin\u0117s savaiminio \u012fdegio putos su Q10 \u2013 lengvai paskirstomas produktas, suteikiantis nat\u016bral\u0173 \u012fdeg\u012f per 8 val.\" \/>\n<meta property=\"og:url\" content=\"https:\/\/www.malinashop.lt\/lt_lt\/shop\/sienna-x-q10-sleep-self-tan-tinted-mousse-naktines-savaiminio-idegio-putos\/\" \/>\n<meta property=\"og:site_name\" content=\"MalinaShop.lt J\u016bs\u0173 sveikatai ir gro\u017eiui.\" \/>\n<meta property=\"article:modified_time\" content=\"2026-02-10T10:05:05+00:00\" \/>\n<meta property=\"og:image\" content=\"https:\/\/www.malinashop.lt\/wp-content\/uploads\/2025\/11\/nuotrauka.jpg\" \/>\n\t<meta property=\"og:image:width\" content=\"600\" \/>\n\t<meta property=\"og:image:height\" content=\"599\" \/>\n\t<meta property=\"og:image:type\" content=\"image\/jpeg\" \/>\n<meta name=\"twitter:card\" content=\"summary_large_image\" \/>\n<script type=\"application\/ld+json\" class=\"yoast-schema-graph\">{\"@context\":\"https:\\\/\\\/schema.org\",\"@graph\":[{\"@type\":\"WebPage\",\"@id\":\"https:\\\/\\\/www.malinashop.lt\\\/shop\\\/sienna-x-q10-sleep-self-tan-tinted-mousse-naktines-savaiminio-idegio-putos\\\/\",\"url\":\"https:\\\/\\\/www.malinashop.lt\\\/shop\\\/sienna-x-q10-sleep-self-tan-tinted-mousse-naktines-savaiminio-idegio-putos\\\/\",\"name\":\"SIENNA-X Q10 SLEEP SELF TAN TINTED MOUSSE naktin\u0117s savaiminio \u012fdegio putos - MalinaShop.lt J\u016bs\u0173 sveikatai ir gro\u017eiui.\",\"isPartOf\":{\"@id\":\"https:\\\/\\\/www.malinashop.lt\\\/#website\"},\"primaryImageOfPage\":{\"@id\":\"https:\\\/\\\/www.malinashop.lt\\\/shop\\\/sienna-x-q10-sleep-self-tan-tinted-mousse-naktines-savaiminio-idegio-putos\\\/#primaryimage\"},\"image\":{\"@id\":\"https:\\\/\\\/www.malinashop.lt\\\/shop\\\/sienna-x-q10-sleep-self-tan-tinted-mousse-naktines-savaiminio-idegio-putos\\\/#primaryimage\"},\"thumbnailUrl\":\"https:\\\/\\\/www.malinashop.lt\\\/wp-content\\\/uploads\\\/2025\\\/11\\\/nuotrauka.jpg\",\"datePublished\":\"2025-11-25T13:32:51+00:00\",\"dateModified\":\"2026-02-10T10:05:05+00:00\",\"description\":\"SIENNA-X naktin\u0117s savaiminio \u012fdegio putos su Q10 \u2013 lengvai paskirstomas produktas, suteikiantis nat\u016bral\u0173 \u012fdeg\u012f per 8 val.\",\"breadcrumb\":{\"@id\":\"https:\\\/\\\/www.malinashop.lt\\\/shop\\\/sienna-x-q10-sleep-self-tan-tinted-mousse-naktines-savaiminio-idegio-putos\\\/#breadcrumb\"},\"inLanguage\":\"lt-LT\",\"potentialAction\":[{\"@type\":\"ReadAction\",\"target\":[\"https:\\\/\\\/www.malinashop.lt\\\/shop\\\/sienna-x-q10-sleep-self-tan-tinted-mousse-naktines-savaiminio-idegio-putos\\\/\"]}]},{\"@type\":\"ImageObject\",\"inLanguage\":\"lt-LT\",\"@id\":\"https:\\\/\\\/www.malinashop.lt\\\/shop\\\/sienna-x-q10-sleep-self-tan-tinted-mousse-naktines-savaiminio-idegio-putos\\\/#primaryimage\",\"url\":\"https:\\\/\\\/www.malinashop.lt\\\/wp-content\\\/uploads\\\/2025\\\/11\\\/nuotrauka.jpg\",\"contentUrl\":\"https:\\\/\\\/www.malinashop.lt\\\/wp-content\\\/uploads\\\/2025\\\/11\\\/nuotrauka.jpg\",\"width\":600,\"height\":599},{\"@type\":\"BreadcrumbList\",\"@id\":\"https:\\\/\\\/www.malinashop.lt\\\/shop\\\/sienna-x-q10-sleep-self-tan-tinted-mousse-naktines-savaiminio-idegio-putos\\\/#breadcrumb\",\"itemListElement\":[{\"@type\":\"ListItem\",\"position\":1,\"name\":\"Pagrindinis\",\"item\":\"https:\\\/\\\/www.malinashop.lt\\\/\"},{\"@type\":\"ListItem\",\"position\":2,\"name\":\"Parduotuv\u0117\",\"item\":\"https:\\\/\\\/www.malinashop.lt\\\/en\\\/parduotuve\\\/\"},{\"@type\":\"ListItem\",\"position\":3,\"name\":\"SIENNA-X Q10 SLEEP SELF TAN TINTED MOUSSE naktin\u0117s savaiminio \u012fdegio putos\"}]},{\"@type\":\"WebSite\",\"@id\":\"https:\\\/\\\/www.malinashop.lt\\\/#website\",\"url\":\"https:\\\/\\\/www.malinashop.lt\\\/\",\"name\":\"COM Group Ecommerce\",\"description\":\"MalinaShop.lt - Gro\u017eio ir sveikatos produktai i\u0161 patikim\u0173 preki\u0173 \u017eenkl\u0173. Atraskite auk\u0161tos kokyb\u0117s kosmetik\u0105 u\u017e puiki\u0105 kain\u0105.\",\"publisher\":{\"@id\":\"https:\\\/\\\/www.malinashop.lt\\\/#organization\"},\"potentialAction\":[{\"@type\":\"SearchAction\",\"target\":{\"@type\":\"EntryPoint\",\"urlTemplate\":\"https:\\\/\\\/www.malinashop.lt\\\/?s={search_term_string}\"},\"query-input\":{\"@type\":\"PropertyValueSpecification\",\"valueRequired\":true,\"valueName\":\"search_term_string\"}}],\"inLanguage\":\"lt-LT\"},{\"@type\":\"Organization\",\"@id\":\"https:\\\/\\\/www.malinashop.lt\\\/#organization\",\"name\":\"COM Group Ecommerce\",\"url\":\"https:\\\/\\\/www.malinashop.lt\\\/\",\"logo\":{\"@type\":\"ImageObject\",\"inLanguage\":\"lt-LT\",\"@id\":\"https:\\\/\\\/www.malinashop.lt\\\/#\\\/schema\\\/logo\\\/image\\\/\",\"url\":\"https:\\\/\\\/www.malinashop.lt\\\/wp-content\\\/uploads\\\/2024\\\/08\\\/462559670_3787732518133670_9795632669273463_n-e1731525914575.png\",\"contentUrl\":\"https:\\\/\\\/www.malinashop.lt\\\/wp-content\\\/uploads\\\/2024\\\/08\\\/462559670_3787732518133670_9795632669273463_n-e1731525914575.png\",\"width\":180,\"height\":60,\"caption\":\"COM Group Ecommerce\"},\"image\":{\"@id\":\"https:\\\/\\\/www.malinashop.lt\\\/#\\\/schema\\\/logo\\\/image\\\/\"}}]}<\/script>\n<!-- \/ Yoast SEO plugin. -->","yoast_head_json":{"title":"SIENNA-X Q10 SLEEP SELF TAN TINTED MOUSSE naktin\u0117s savaiminio \u012fdegio putos - MalinaShop.lt J\u016bs\u0173 sveikatai ir gro\u017eiui.","description":"SIENNA-X naktin\u0117s savaiminio \u012fdegio putos su Q10 \u2013 lengvai paskirstomas produktas, suteikiantis nat\u016bral\u0173 \u012fdeg\u012f per 8 val.","robots":{"index":"index","follow":"follow","max-snippet":"max-snippet:-1","max-image-preview":"max-image-preview:large","max-video-preview":"max-video-preview:-1"},"canonical":"https:\/\/www.malinashop.lt\/lt_lt\/shop\/sienna-x-q10-sleep-self-tan-tinted-mousse-naktines-savaiminio-idegio-putos\/","og_locale":"lt_LT","og_type":"article","og_title":"SIENNA-X Q10 SLEEP SELF TAN TINTED MOUSSE naktin\u0117s savaiminio \u012fdegio putos - MalinaShop.lt J\u016bs\u0173 sveikatai ir gro\u017eiui.","og_description":"SIENNA-X naktin\u0117s savaiminio \u012fdegio putos su Q10 \u2013 lengvai paskirstomas produktas, suteikiantis nat\u016bral\u0173 \u012fdeg\u012f per 8 val.","og_url":"https:\/\/www.malinashop.lt\/lt_lt\/shop\/sienna-x-q10-sleep-self-tan-tinted-mousse-naktines-savaiminio-idegio-putos\/","og_site_name":"MalinaShop.lt J\u016bs\u0173 sveikatai ir gro\u017eiui.","article_modified_time":"2026-02-10T10:05:05+00:00","og_image":[{"width":600,"height":599,"url":"https:\/\/www.malinashop.lt\/wp-content\/uploads\/2025\/11\/nuotrauka.jpg","type":"image\/jpeg"}],"twitter_card":"summary_large_image","schema":{"@context":"https:\/\/schema.org","@graph":[{"@type":"WebPage","@id":"https:\/\/www.malinashop.lt\/shop\/sienna-x-q10-sleep-self-tan-tinted-mousse-naktines-savaiminio-idegio-putos\/","url":"https:\/\/www.malinashop.lt\/shop\/sienna-x-q10-sleep-self-tan-tinted-mousse-naktines-savaiminio-idegio-putos\/","name":"SIENNA-X Q10 SLEEP SELF TAN TINTED MOUSSE naktin\u0117s savaiminio \u012fdegio putos - MalinaShop.lt J\u016bs\u0173 sveikatai ir gro\u017eiui.","isPartOf":{"@id":"https:\/\/www.malinashop.lt\/#website"},"primaryImageOfPage":{"@id":"https:\/\/www.malinashop.lt\/shop\/sienna-x-q10-sleep-self-tan-tinted-mousse-naktines-savaiminio-idegio-putos\/#primaryimage"},"image":{"@id":"https:\/\/www.malinashop.lt\/shop\/sienna-x-q10-sleep-self-tan-tinted-mousse-naktines-savaiminio-idegio-putos\/#primaryimage"},"thumbnailUrl":"https:\/\/www.malinashop.lt\/wp-content\/uploads\/2025\/11\/nuotrauka.jpg","datePublished":"2025-11-25T13:32:51+00:00","dateModified":"2026-02-10T10:05:05+00:00","description":"SIENNA-X naktin\u0117s savaiminio \u012fdegio putos su Q10 \u2013 lengvai paskirstomas produktas, suteikiantis nat\u016bral\u0173 \u012fdeg\u012f per 8 val.","breadcrumb":{"@id":"https:\/\/www.malinashop.lt\/shop\/sienna-x-q10-sleep-self-tan-tinted-mousse-naktines-savaiminio-idegio-putos\/#breadcrumb"},"inLanguage":"lt-LT","potentialAction":[{"@type":"ReadAction","target":["https:\/\/www.malinashop.lt\/shop\/sienna-x-q10-sleep-self-tan-tinted-mousse-naktines-savaiminio-idegio-putos\/"]}]},{"@type":"ImageObject","inLanguage":"lt-LT","@id":"https:\/\/www.malinashop.lt\/shop\/sienna-x-q10-sleep-self-tan-tinted-mousse-naktines-savaiminio-idegio-putos\/#primaryimage","url":"https:\/\/www.malinashop.lt\/wp-content\/uploads\/2025\/11\/nuotrauka.jpg","contentUrl":"https:\/\/www.malinashop.lt\/wp-content\/uploads\/2025\/11\/nuotrauka.jpg","width":600,"height":599},{"@type":"BreadcrumbList","@id":"https:\/\/www.malinashop.lt\/shop\/sienna-x-q10-sleep-self-tan-tinted-mousse-naktines-savaiminio-idegio-putos\/#breadcrumb","itemListElement":[{"@type":"ListItem","position":1,"name":"Pagrindinis","item":"https:\/\/www.malinashop.lt\/"},{"@type":"ListItem","position":2,"name":"Parduotuv\u0117","item":"https:\/\/www.malinashop.lt\/en\/parduotuve\/"},{"@type":"ListItem","position":3,"name":"SIENNA-X Q10 SLEEP SELF TAN TINTED MOUSSE naktin\u0117s savaiminio \u012fdegio putos"}]},{"@type":"WebSite","@id":"https:\/\/www.malinashop.lt\/#website","url":"https:\/\/www.malinashop.lt\/","name":"COM Group Ecommerce","description":"MalinaShop.lt - Gro\u017eio ir sveikatos produktai i\u0161 patikim\u0173 preki\u0173 \u017eenkl\u0173. Atraskite auk\u0161tos kokyb\u0117s kosmetik\u0105 u\u017e puiki\u0105 kain\u0105.","publisher":{"@id":"https:\/\/www.malinashop.lt\/#organization"},"potentialAction":[{"@type":"SearchAction","target":{"@type":"EntryPoint","urlTemplate":"https:\/\/www.malinashop.lt\/?s={search_term_string}"},"query-input":{"@type":"PropertyValueSpecification","valueRequired":true,"valueName":"search_term_string"}}],"inLanguage":"lt-LT"},{"@type":"Organization","@id":"https:\/\/www.malinashop.lt\/#organization","name":"COM Group Ecommerce","url":"https:\/\/www.malinashop.lt\/","logo":{"@type":"ImageObject","inLanguage":"lt-LT","@id":"https:\/\/www.malinashop.lt\/#\/schema\/logo\/image\/","url":"https:\/\/www.malinashop.lt\/wp-content\/uploads\/2024\/08\/462559670_3787732518133670_9795632669273463_n-e1731525914575.png","contentUrl":"https:\/\/www.malinashop.lt\/wp-content\/uploads\/2024\/08\/462559670_3787732518133670_9795632669273463_n-e1731525914575.png","width":180,"height":60,"caption":"COM Group Ecommerce"},"image":{"@id":"https:\/\/www.malinashop.lt\/#\/schema\/logo\/image\/"}}]}},"jetpack_sharing_enabled":true,"_links":{"self":[{"href":"https:\/\/www.malinashop.lt\/lt_lt\/wp-json\/wp\/v2\/product\/68903","targetHints":{"allow":["GET"]}}],"collection":[{"href":"https:\/\/www.malinashop.lt\/lt_lt\/wp-json\/wp\/v2\/product"}],"about":[{"href":"https:\/\/www.malinashop.lt\/lt_lt\/wp-json\/wp\/v2\/types\/product"}],"version-history":[{"count":2,"href":"https:\/\/www.malinashop.lt\/lt_lt\/wp-json\/wp\/v2\/product\/68903\/revisions"}],"predecessor-version":[{"id":72033,"href":"https:\/\/www.malinashop.lt\/lt_lt\/wp-json\/wp\/v2\/product\/68903\/revisions\/72033"}],"wp:featuredmedia":[{"embeddable":true,"href":"https:\/\/www.malinashop.lt\/lt_lt\/wp-json\/wp\/v2\/media\/62037"}],"wp:attachment":[{"href":"https:\/\/www.malinashop.lt\/lt_lt\/wp-json\/wp\/v2\/media?parent=68903"}],"wp:term":[{"taxonomy":"product_brand","embeddable":true,"href":"https:\/\/www.malinashop.lt\/lt_lt\/wp-json\/wp\/v2\/product_brand?post=68903"},{"taxonomy":"product_cat","embeddable":true,"href":"https:\/\/www.malinashop.lt\/lt_lt\/wp-json\/wp\/v2\/product_cat?post=68903"},{"taxonomy":"product_tag","embeddable":true,"href":"https:\/\/www.malinashop.lt\/lt_lt\/wp-json\/wp\/v2\/product_tag?post=68903"}],"curies":[{"name":"wp","href":"https:\/\/api.w.org\/{rel}","templated":true}]}}