{"id":65617,"date":"2025-11-24T18:51:57","date_gmt":"2025-11-24T15:51:57","guid":{"rendered":"https:\/\/malinashop.lt\/?post_type=product&#038;p=65617"},"modified":"2026-02-10T12:47:50","modified_gmt":"2026-02-10T09:47:50","slug":"paese-lupu-dazai-nudelightful-402-strawberry-mousse-4-5g","status":"publish","type":"product","link":"https:\/\/www.malinashop.lt\/lt_lt\/shop\/paese-lupu-dazai-nudelightful-402-strawberry-mousse-4-5g\/","title":{"rendered":"PAESE l\u016bp\u0173 da\u017eai NUDElightful 402 Strawberry Mousse, 4.5g"},"content":{"rendered":"<p data-start=\"186\" data-end=\"491\"><strong data-start=\"186\" data-end=\"250\">PAESE NUDElightful l\u016bp\u0173 da\u017eai (402 Strawberry Mousse), 4.5 g<\/strong> \u2013 tai kremi\u0161kos tekst\u016bros, intensyviai dr\u0117kinantys l\u016bp\u0173 da\u017eai, suteikiantys nat\u016bralaus gro\u017eio ir subtilaus atspalvio efekt\u0105. \u0160i NUDElightful kolekcijos formul\u0117 sukurta taip, kad l\u016bpos atrodyt\u0173 glotnesn\u0117s, putlesn\u0117s ir \u0161vytin\u010dios vis\u0105 dien\u0105.<\/p>\n<p data-start=\"493\" data-end=\"809\">L\u016bp\u0173 da\u017eai praturtinti <strong data-start=\"516\" data-end=\"539\">Maxi-Lip\u2122 kompleksu<\/strong>, kuris padeda skatinti kolageno ir hialurono r\u016bg\u0161ties gamyb\u0105. D\u0117l to l\u016bpos tampa intensyviai dr\u0117kinamos, lygesn\u0117s ir vizualiai putlesn\u0117s. Papildomas <strong data-start=\"689\" data-end=\"717\">Liperfection\u2122 kompleksas<\/strong> stimuliuoja mikrocirkuliacij\u0105, suteikdamas nat\u016bralaus \u0161vyt\u0117jimo ir lengvo paraudimo efekt\u0105.<\/p>\n<p data-start=\"811\" data-end=\"1036\">Kremin\u0117, komforti\u0161ka tekst\u016bra tolygiai dengiasi ir nesausina l\u016bp\u0173, tod\u0117l \u0161ie l\u016bp\u0173 da\u017eai puikiai tinka tiek kasdienai, tiek ypatingoms progoms. Atspalvis <strong data-start=\"964\" data-end=\"989\">402 Strawberry Mousse<\/strong> suteikia gaiv\u0173, subtiliai rausv\u0105 nude \u012fvaizd\u012f.<\/p>\n<p data-start=\"1038\" data-end=\"1068\"><strong data-start=\"1038\" data-end=\"1066\">Pagrindiniai privalumai:<\/strong><\/p>\n<ul data-start=\"1069\" data-end=\"1294\">\n<li data-start=\"1069\" data-end=\"1111\">\n<p data-start=\"1071\" data-end=\"1111\">Intensyviai dr\u0117kina ir puosel\u0117ja l\u016bpas<\/p>\n<\/li>\n<li data-start=\"1112\" data-end=\"1148\">\n<p data-start=\"1114\" data-end=\"1148\">Opti\u0161kai suteikia putlumo efekt\u0105<\/p>\n<\/li>\n<li data-start=\"1149\" data-end=\"1199\">\n<p data-start=\"1151\" data-end=\"1199\">Suteikia nat\u016bral\u0173 \u0161vyt\u0117jim\u0105 ir glotnumo poj\u016bt\u012f<\/p>\n<\/li>\n<li data-start=\"1200\" data-end=\"1245\">\n<p data-start=\"1202\" data-end=\"1245\">Nesausina, komforti\u0161kai d\u0117visi vis\u0105 dien\u0105<\/p>\n<\/li>\n<li data-start=\"1246\" data-end=\"1294\">\n<p data-start=\"1248\" data-end=\"1294\">Subtilus, universalus nude\u2013ro\u017einis atspalvis<\/p>\n<\/li>\n<\/ul>\n<p data-start=\"1296\" data-end=\"1312\">T\u016bris: <strong data-start=\"1303\" data-end=\"1312\">4.5 g<\/strong><\/p>\n","protected":false},"excerpt":{"rendered":"<p data-start=\"1375\" data-end=\"1630\">PAESE NUDElightful (402 Strawberry Mousse) \u2013 dr\u0117kinantys, kremi\u0161kos tekst\u016bros l\u016bp\u0173 da\u017eai, suteikiantys nat\u016bral\u0173 \u0161vyt\u0117jim\u0105 ir putlumo efekt\u0105. Enriched with Maxi-Lip\u2122 ir Liperfection\u2122 kompleksais, kurie glotnina ir intensyviai puosel\u0117ja l\u016bpas. T\u016bris: 4.5 g.<\/p>\n","protected":false},"featured_media":65619,"template":"","meta":[],"product_brand":[1534],"product_cat":[102,708,533],"product_tag":[1614],"class_list":{"0":"post-65617","1":"product","2":"type-product","3":"status-publish","4":"has-post-thumbnail","6":"product_brand-paese","7":"product_cat-dekoratyvine-kosmetika","8":"product_cat-lupoms","9":"product_cat-lupu-dazai","10":"product_tag-paese","12":"first","13":"instock","14":"purchasable","15":"product-type-simple"},"yoast_head":"<!-- This site is optimized with the Yoast SEO plugin v27.4 - https:\/\/yoast.com\/product\/yoast-seo-wordpress\/ -->\n<title>PAESE l\u016bp\u0173 da\u017eai NUDElightful 402 Strawberry Mousse, 4.5g - MalinaShop.lt J\u016bs\u0173 sveikatai ir gro\u017eiui.<\/title>\n<meta name=\"description\" content=\"PAESE NUDElightful (402 Strawberry Mousse) \u2013 dr\u0117kinantys l\u016bp\u0173 da\u017eai su putlumo ir glotnumo efektu. Kremi\u0161ka tekst\u016bra, nat\u016bralus nude atspalvis. T\u016bris 4.5 g.\" \/>\n<meta name=\"robots\" content=\"index, follow, max-snippet:-1, max-image-preview:large, max-video-preview:-1\" \/>\n<link rel=\"canonical\" href=\"https:\/\/www.malinashop.lt\/lt_lt\/shop\/paese-lupu-dazai-nudelightful-402-strawberry-mousse-4-5g\/\" \/>\n<meta property=\"og:locale\" content=\"lt_LT\" \/>\n<meta property=\"og:type\" content=\"article\" \/>\n<meta property=\"og:title\" content=\"PAESE l\u016bp\u0173 da\u017eai NUDElightful 402 Strawberry Mousse, 4.5g - MalinaShop.lt J\u016bs\u0173 sveikatai ir gro\u017eiui.\" \/>\n<meta property=\"og:description\" content=\"PAESE NUDElightful (402 Strawberry Mousse) \u2013 dr\u0117kinantys l\u016bp\u0173 da\u017eai su putlumo ir glotnumo efektu. Kremi\u0161ka tekst\u016bra, nat\u016bralus nude atspalvis. T\u016bris 4.5 g.\" \/>\n<meta property=\"og:url\" content=\"https:\/\/www.malinashop.lt\/lt_lt\/shop\/paese-lupu-dazai-nudelightful-402-strawberry-mousse-4-5g\/\" \/>\n<meta property=\"og:site_name\" content=\"MalinaShop.lt J\u016bs\u0173 sveikatai ir gro\u017eiui.\" \/>\n<meta property=\"article:modified_time\" content=\"2026-02-10T09:47:50+00:00\" \/>\n<meta property=\"og:image\" content=\"https:\/\/www.malinashop.lt\/wp-content\/uploads\/2025\/11\/5902627628160.jpg\" \/>\n\t<meta property=\"og:image:width\" content=\"600\" \/>\n\t<meta property=\"og:image:height\" content=\"600\" \/>\n\t<meta property=\"og:image:type\" content=\"image\/jpeg\" \/>\n<meta name=\"twitter:card\" content=\"summary_large_image\" \/>\n<script type=\"application\/ld+json\" class=\"yoast-schema-graph\">{\"@context\":\"https:\\\/\\\/schema.org\",\"@graph\":[{\"@type\":\"WebPage\",\"@id\":\"https:\\\/\\\/www.malinashop.lt\\\/lt_lt\\\/shop\\\/paese-lupu-dazai-nudelightful-402-strawberry-mousse-4-5g\\\/\",\"url\":\"https:\\\/\\\/www.malinashop.lt\\\/lt_lt\\\/shop\\\/paese-lupu-dazai-nudelightful-402-strawberry-mousse-4-5g\\\/\",\"name\":\"PAESE l\u016bp\u0173 da\u017eai NUDElightful 402 Strawberry Mousse, 4.5g - MalinaShop.lt J\u016bs\u0173 sveikatai ir gro\u017eiui.\",\"isPartOf\":{\"@id\":\"https:\\\/\\\/www.malinashop.lt\\\/#website\"},\"primaryImageOfPage\":{\"@id\":\"https:\\\/\\\/www.malinashop.lt\\\/lt_lt\\\/shop\\\/paese-lupu-dazai-nudelightful-402-strawberry-mousse-4-5g\\\/#primaryimage\"},\"image\":{\"@id\":\"https:\\\/\\\/www.malinashop.lt\\\/lt_lt\\\/shop\\\/paese-lupu-dazai-nudelightful-402-strawberry-mousse-4-5g\\\/#primaryimage\"},\"thumbnailUrl\":\"https:\\\/\\\/www.malinashop.lt\\\/wp-content\\\/uploads\\\/2025\\\/11\\\/5902627628160.jpg\",\"datePublished\":\"2025-11-24T15:51:57+00:00\",\"dateModified\":\"2026-02-10T09:47:50+00:00\",\"description\":\"PAESE NUDElightful (402 Strawberry Mousse) \u2013 dr\u0117kinantys l\u016bp\u0173 da\u017eai su putlumo ir glotnumo efektu. Kremi\u0161ka tekst\u016bra, nat\u016bralus nude atspalvis. T\u016bris 4.5 g.\",\"breadcrumb\":{\"@id\":\"https:\\\/\\\/www.malinashop.lt\\\/lt_lt\\\/shop\\\/paese-lupu-dazai-nudelightful-402-strawberry-mousse-4-5g\\\/#breadcrumb\"},\"inLanguage\":\"lt-LT\",\"potentialAction\":[{\"@type\":\"ReadAction\",\"target\":[\"https:\\\/\\\/www.malinashop.lt\\\/lt_lt\\\/shop\\\/paese-lupu-dazai-nudelightful-402-strawberry-mousse-4-5g\\\/\"]}]},{\"@type\":\"ImageObject\",\"inLanguage\":\"lt-LT\",\"@id\":\"https:\\\/\\\/www.malinashop.lt\\\/lt_lt\\\/shop\\\/paese-lupu-dazai-nudelightful-402-strawberry-mousse-4-5g\\\/#primaryimage\",\"url\":\"https:\\\/\\\/www.malinashop.lt\\\/wp-content\\\/uploads\\\/2025\\\/11\\\/5902627628160.jpg\",\"contentUrl\":\"https:\\\/\\\/www.malinashop.lt\\\/wp-content\\\/uploads\\\/2025\\\/11\\\/5902627628160.jpg\",\"width\":600,\"height\":600},{\"@type\":\"BreadcrumbList\",\"@id\":\"https:\\\/\\\/www.malinashop.lt\\\/lt_lt\\\/shop\\\/paese-lupu-dazai-nudelightful-402-strawberry-mousse-4-5g\\\/#breadcrumb\",\"itemListElement\":[{\"@type\":\"ListItem\",\"position\":1,\"name\":\"Pagrindinis\",\"item\":\"https:\\\/\\\/www.malinashop.lt\\\/\"},{\"@type\":\"ListItem\",\"position\":2,\"name\":\"Parduotuv\u0117\",\"item\":\"https:\\\/\\\/www.malinashop.lt\\\/en\\\/parduotuve\\\/\"},{\"@type\":\"ListItem\",\"position\":3,\"name\":\"PAESE l\u016bp\u0173 da\u017eai NUDElightful 402 Strawberry Mousse, 4.5g\"}]},{\"@type\":\"WebSite\",\"@id\":\"https:\\\/\\\/www.malinashop.lt\\\/#website\",\"url\":\"https:\\\/\\\/www.malinashop.lt\\\/\",\"name\":\"COM Group Ecommerce\",\"description\":\"MalinaShop.lt - Gro\u017eio ir sveikatos produktai i\u0161 patikim\u0173 preki\u0173 \u017eenkl\u0173. Atraskite auk\u0161tos kokyb\u0117s kosmetik\u0105 u\u017e puiki\u0105 kain\u0105.\",\"publisher\":{\"@id\":\"https:\\\/\\\/www.malinashop.lt\\\/#organization\"},\"potentialAction\":[{\"@type\":\"SearchAction\",\"target\":{\"@type\":\"EntryPoint\",\"urlTemplate\":\"https:\\\/\\\/www.malinashop.lt\\\/?s={search_term_string}\"},\"query-input\":{\"@type\":\"PropertyValueSpecification\",\"valueRequired\":true,\"valueName\":\"search_term_string\"}}],\"inLanguage\":\"lt-LT\"},{\"@type\":\"Organization\",\"@id\":\"https:\\\/\\\/www.malinashop.lt\\\/#organization\",\"name\":\"COM Group Ecommerce\",\"url\":\"https:\\\/\\\/www.malinashop.lt\\\/\",\"logo\":{\"@type\":\"ImageObject\",\"inLanguage\":\"lt-LT\",\"@id\":\"https:\\\/\\\/www.malinashop.lt\\\/#\\\/schema\\\/logo\\\/image\\\/\",\"url\":\"https:\\\/\\\/www.malinashop.lt\\\/wp-content\\\/uploads\\\/2024\\\/08\\\/462559670_3787732518133670_9795632669273463_n-e1731525914575.png\",\"contentUrl\":\"https:\\\/\\\/www.malinashop.lt\\\/wp-content\\\/uploads\\\/2024\\\/08\\\/462559670_3787732518133670_9795632669273463_n-e1731525914575.png\",\"width\":180,\"height\":60,\"caption\":\"COM Group Ecommerce\"},\"image\":{\"@id\":\"https:\\\/\\\/www.malinashop.lt\\\/#\\\/schema\\\/logo\\\/image\\\/\"}}]}<\/script>\n<!-- \/ Yoast SEO plugin. -->","yoast_head_json":{"title":"PAESE l\u016bp\u0173 da\u017eai NUDElightful 402 Strawberry Mousse, 4.5g - MalinaShop.lt J\u016bs\u0173 sveikatai ir gro\u017eiui.","description":"PAESE NUDElightful (402 Strawberry Mousse) \u2013 dr\u0117kinantys l\u016bp\u0173 da\u017eai su putlumo ir glotnumo efektu. Kremi\u0161ka tekst\u016bra, nat\u016bralus nude atspalvis. T\u016bris 4.5 g.","robots":{"index":"index","follow":"follow","max-snippet":"max-snippet:-1","max-image-preview":"max-image-preview:large","max-video-preview":"max-video-preview:-1"},"canonical":"https:\/\/www.malinashop.lt\/lt_lt\/shop\/paese-lupu-dazai-nudelightful-402-strawberry-mousse-4-5g\/","og_locale":"lt_LT","og_type":"article","og_title":"PAESE l\u016bp\u0173 da\u017eai NUDElightful 402 Strawberry Mousse, 4.5g - MalinaShop.lt J\u016bs\u0173 sveikatai ir gro\u017eiui.","og_description":"PAESE NUDElightful (402 Strawberry Mousse) \u2013 dr\u0117kinantys l\u016bp\u0173 da\u017eai su putlumo ir glotnumo efektu. Kremi\u0161ka tekst\u016bra, nat\u016bralus nude atspalvis. T\u016bris 4.5 g.","og_url":"https:\/\/www.malinashop.lt\/lt_lt\/shop\/paese-lupu-dazai-nudelightful-402-strawberry-mousse-4-5g\/","og_site_name":"MalinaShop.lt J\u016bs\u0173 sveikatai ir gro\u017eiui.","article_modified_time":"2026-02-10T09:47:50+00:00","og_image":[{"width":600,"height":600,"url":"https:\/\/www.malinashop.lt\/wp-content\/uploads\/2025\/11\/5902627628160.jpg","type":"image\/jpeg"}],"twitter_card":"summary_large_image","schema":{"@context":"https:\/\/schema.org","@graph":[{"@type":"WebPage","@id":"https:\/\/www.malinashop.lt\/lt_lt\/shop\/paese-lupu-dazai-nudelightful-402-strawberry-mousse-4-5g\/","url":"https:\/\/www.malinashop.lt\/lt_lt\/shop\/paese-lupu-dazai-nudelightful-402-strawberry-mousse-4-5g\/","name":"PAESE l\u016bp\u0173 da\u017eai NUDElightful 402 Strawberry Mousse, 4.5g - MalinaShop.lt J\u016bs\u0173 sveikatai ir gro\u017eiui.","isPartOf":{"@id":"https:\/\/www.malinashop.lt\/#website"},"primaryImageOfPage":{"@id":"https:\/\/www.malinashop.lt\/lt_lt\/shop\/paese-lupu-dazai-nudelightful-402-strawberry-mousse-4-5g\/#primaryimage"},"image":{"@id":"https:\/\/www.malinashop.lt\/lt_lt\/shop\/paese-lupu-dazai-nudelightful-402-strawberry-mousse-4-5g\/#primaryimage"},"thumbnailUrl":"https:\/\/www.malinashop.lt\/wp-content\/uploads\/2025\/11\/5902627628160.jpg","datePublished":"2025-11-24T15:51:57+00:00","dateModified":"2026-02-10T09:47:50+00:00","description":"PAESE NUDElightful (402 Strawberry Mousse) \u2013 dr\u0117kinantys l\u016bp\u0173 da\u017eai su putlumo ir glotnumo efektu. Kremi\u0161ka tekst\u016bra, nat\u016bralus nude atspalvis. T\u016bris 4.5 g.","breadcrumb":{"@id":"https:\/\/www.malinashop.lt\/lt_lt\/shop\/paese-lupu-dazai-nudelightful-402-strawberry-mousse-4-5g\/#breadcrumb"},"inLanguage":"lt-LT","potentialAction":[{"@type":"ReadAction","target":["https:\/\/www.malinashop.lt\/lt_lt\/shop\/paese-lupu-dazai-nudelightful-402-strawberry-mousse-4-5g\/"]}]},{"@type":"ImageObject","inLanguage":"lt-LT","@id":"https:\/\/www.malinashop.lt\/lt_lt\/shop\/paese-lupu-dazai-nudelightful-402-strawberry-mousse-4-5g\/#primaryimage","url":"https:\/\/www.malinashop.lt\/wp-content\/uploads\/2025\/11\/5902627628160.jpg","contentUrl":"https:\/\/www.malinashop.lt\/wp-content\/uploads\/2025\/11\/5902627628160.jpg","width":600,"height":600},{"@type":"BreadcrumbList","@id":"https:\/\/www.malinashop.lt\/lt_lt\/shop\/paese-lupu-dazai-nudelightful-402-strawberry-mousse-4-5g\/#breadcrumb","itemListElement":[{"@type":"ListItem","position":1,"name":"Pagrindinis","item":"https:\/\/www.malinashop.lt\/"},{"@type":"ListItem","position":2,"name":"Parduotuv\u0117","item":"https:\/\/www.malinashop.lt\/en\/parduotuve\/"},{"@type":"ListItem","position":3,"name":"PAESE l\u016bp\u0173 da\u017eai NUDElightful 402 Strawberry Mousse, 4.5g"}]},{"@type":"WebSite","@id":"https:\/\/www.malinashop.lt\/#website","url":"https:\/\/www.malinashop.lt\/","name":"COM Group Ecommerce","description":"MalinaShop.lt - Gro\u017eio ir sveikatos produktai i\u0161 patikim\u0173 preki\u0173 \u017eenkl\u0173. Atraskite auk\u0161tos kokyb\u0117s kosmetik\u0105 u\u017e puiki\u0105 kain\u0105.","publisher":{"@id":"https:\/\/www.malinashop.lt\/#organization"},"potentialAction":[{"@type":"SearchAction","target":{"@type":"EntryPoint","urlTemplate":"https:\/\/www.malinashop.lt\/?s={search_term_string}"},"query-input":{"@type":"PropertyValueSpecification","valueRequired":true,"valueName":"search_term_string"}}],"inLanguage":"lt-LT"},{"@type":"Organization","@id":"https:\/\/www.malinashop.lt\/#organization","name":"COM Group Ecommerce","url":"https:\/\/www.malinashop.lt\/","logo":{"@type":"ImageObject","inLanguage":"lt-LT","@id":"https:\/\/www.malinashop.lt\/#\/schema\/logo\/image\/","url":"https:\/\/www.malinashop.lt\/wp-content\/uploads\/2024\/08\/462559670_3787732518133670_9795632669273463_n-e1731525914575.png","contentUrl":"https:\/\/www.malinashop.lt\/wp-content\/uploads\/2024\/08\/462559670_3787732518133670_9795632669273463_n-e1731525914575.png","width":180,"height":60,"caption":"COM Group Ecommerce"},"image":{"@id":"https:\/\/www.malinashop.lt\/#\/schema\/logo\/image\/"}}]}},"jetpack_sharing_enabled":true,"_links":{"self":[{"href":"https:\/\/www.malinashop.lt\/lt_lt\/wp-json\/wp\/v2\/product\/65617","targetHints":{"allow":["GET"]}}],"collection":[{"href":"https:\/\/www.malinashop.lt\/lt_lt\/wp-json\/wp\/v2\/product"}],"about":[{"href":"https:\/\/www.malinashop.lt\/lt_lt\/wp-json\/wp\/v2\/types\/product"}],"version-history":[{"count":2,"href":"https:\/\/www.malinashop.lt\/lt_lt\/wp-json\/wp\/v2\/product\/65617\/revisions"}],"predecessor-version":[{"id":72140,"href":"https:\/\/www.malinashop.lt\/lt_lt\/wp-json\/wp\/v2\/product\/65617\/revisions\/72140"}],"wp:featuredmedia":[{"embeddable":true,"href":"https:\/\/www.malinashop.lt\/lt_lt\/wp-json\/wp\/v2\/media\/65619"}],"wp:attachment":[{"href":"https:\/\/www.malinashop.lt\/lt_lt\/wp-json\/wp\/v2\/media?parent=65617"}],"wp:term":[{"taxonomy":"product_brand","embeddable":true,"href":"https:\/\/www.malinashop.lt\/lt_lt\/wp-json\/wp\/v2\/product_brand?post=65617"},{"taxonomy":"product_cat","embeddable":true,"href":"https:\/\/www.malinashop.lt\/lt_lt\/wp-json\/wp\/v2\/product_cat?post=65617"},{"taxonomy":"product_tag","embeddable":true,"href":"https:\/\/www.malinashop.lt\/lt_lt\/wp-json\/wp\/v2\/product_tag?post=65617"}],"curies":[{"name":"wp","href":"https:\/\/api.w.org\/{rel}","templated":true}]}}