{"id":65607,"date":"2025-11-24T18:51:57","date_gmt":"2025-11-24T15:51:57","guid":{"rendered":"https:\/\/malinashop.lt\/?post_type=product&#038;p=65607"},"modified":"2026-02-10T12:47:50","modified_gmt":"2026-02-10T09:47:50","slug":"paese-lupu-dazai-nudelightful-400-beige-marshmallow-4-5g","status":"publish","type":"product","link":"https:\/\/www.malinashop.lt\/lt_lt\/shop\/paese-lupu-dazai-nudelightful-400-beige-marshmallow-4-5g\/","title":{"rendered":"PAESE l\u016bp\u0173 da\u017eai NUDElightful 400 Beige Marshmallow, 4.5g"},"content":{"rendered":"<p data-start=\"48\" data-end=\"437\"><strong data-start=\"48\" data-end=\"112\">PAESE l\u016bp\u0173 da\u017eai NUDElightful (400 Beige Marshmallow), 4.5 g<\/strong> \u2013 tai kremin\u0117s tekst\u016bros, intensyviai dr\u0117kinantys l\u016bp\u0173 da\u017eai, suteikiantys nat\u016bral\u0173 \u201enude\u201c \u012fvaizd\u012f ir ilgalaik\u012f komfort\u0105. Formul\u0117 praturtinta inovatyviu <strong data-start=\"266\" data-end=\"288\">Maxi-Lip kompleksu<\/strong>, kuriame esantis nat\u016bralus peptidas skatina kolageno ir hialurono r\u016bg\u0161ties sintez\u0119. D\u0117l to l\u016bpos atrodo glotnesn\u0117s, putlesn\u0117s ir labiau sudr\u0117kintos.<\/p>\n<p data-start=\"439\" data-end=\"806\">L\u016bp\u0173 da\u017eai taip pat papildyti <strong data-start=\"469\" data-end=\"495\">Liperfection kompleksu<\/strong>, kuris gerina l\u016bp\u0173 mikrocirkuliacij\u0105, suteikia subtil\u0173 \u0161vyt\u0117jim\u0105 ir nat\u016bral\u0173 paraudimo efekt\u0105. \u0160i priemon\u0117 ne tik pary\u0161kina l\u016bp\u0173 spalv\u0105, bet ir opti\u0161kai suma\u017eina smulkias rauk\u0161leles aplink l\u016bpas. NUDElightful kolekcija sukurta tiems, kurie ie\u0161ko komforto, dr\u0117gm\u0117s ir nepriekai\u0161tingai atrodan\u010dio \u201enude\u201c makia\u017eo.<\/p>\n<p data-start=\"808\" data-end=\"824\"><strong data-start=\"808\" data-end=\"818\">T\u016bris:<\/strong> 4.5 g<\/p>\n","protected":false},"excerpt":{"rendered":"<p data-start=\"869\" data-end=\"1075\">PAESE NUDElightful l\u016bp\u0173 da\u017eai intensyviai dr\u0117kina, suteikia nat\u016bral\u0173 \u201enude\u201c atspalv\u012f ir putlesni\u0173 l\u016bp\u0173 efekt\u0105. Praturtinti Maxi-Lip ir Liperfection kompleksais glotnumui, \u0161vyt\u0117jimui ir komfortui vis\u0105 dien\u0105.<\/p>\n","protected":false},"featured_media":65609,"template":"","meta":[],"product_brand":[1534],"product_cat":[102,708,533],"product_tag":[1614],"class_list":{"0":"post-65607","1":"product","2":"type-product","3":"status-publish","4":"has-post-thumbnail","6":"product_brand-paese","7":"product_cat-dekoratyvine-kosmetika","8":"product_cat-lupoms","9":"product_cat-lupu-dazai","10":"product_tag-paese","12":"first","13":"instock","14":"purchasable","15":"product-type-simple"},"yoast_head":"<!-- This site is optimized with the Yoast SEO plugin v27.4 - https:\/\/yoast.com\/product\/yoast-seo-wordpress\/ -->\n<title>PAESE l\u016bp\u0173 da\u017eai NUDElightful 400 Beige Marshmallow, 4.5g - MalinaShop.lt J\u016bs\u0173 sveikatai ir gro\u017eiui.<\/title>\n<meta name=\"description\" content=\"PAESE NUDElightful 400 Beige Marshmallow l\u016bp\u0173 da\u017eai \u2013 dr\u0117kinantys, glotninantys ir putlinantys \u201enude\u201c atspalvio da\u017eai su Maxi-Lip kompleksais.\" \/>\n<meta name=\"robots\" content=\"index, follow, max-snippet:-1, max-image-preview:large, max-video-preview:-1\" \/>\n<link rel=\"canonical\" href=\"https:\/\/www.malinashop.lt\/lt_lt\/shop\/paese-lupu-dazai-nudelightful-400-beige-marshmallow-4-5g\/\" \/>\n<meta property=\"og:locale\" content=\"lt_LT\" \/>\n<meta property=\"og:type\" content=\"article\" \/>\n<meta property=\"og:title\" content=\"PAESE l\u016bp\u0173 da\u017eai NUDElightful 400 Beige Marshmallow, 4.5g - MalinaShop.lt J\u016bs\u0173 sveikatai ir gro\u017eiui.\" \/>\n<meta property=\"og:description\" content=\"PAESE NUDElightful 400 Beige Marshmallow l\u016bp\u0173 da\u017eai \u2013 dr\u0117kinantys, glotninantys ir putlinantys \u201enude\u201c atspalvio da\u017eai su Maxi-Lip kompleksais.\" \/>\n<meta property=\"og:url\" content=\"https:\/\/www.malinashop.lt\/lt_lt\/shop\/paese-lupu-dazai-nudelightful-400-beige-marshmallow-4-5g\/\" \/>\n<meta property=\"og:site_name\" content=\"MalinaShop.lt J\u016bs\u0173 sveikatai ir gro\u017eiui.\" \/>\n<meta property=\"article:modified_time\" content=\"2026-02-10T09:47:50+00:00\" \/>\n<meta property=\"og:image\" content=\"https:\/\/www.malinashop.lt\/wp-content\/uploads\/2025\/11\/5902627628122.jpg\" \/>\n\t<meta property=\"og:image:width\" content=\"600\" \/>\n\t<meta property=\"og:image:height\" content=\"600\" \/>\n\t<meta property=\"og:image:type\" content=\"image\/jpeg\" \/>\n<meta name=\"twitter:card\" content=\"summary_large_image\" \/>\n<script type=\"application\/ld+json\" class=\"yoast-schema-graph\">{\"@context\":\"https:\\\/\\\/schema.org\",\"@graph\":[{\"@type\":\"WebPage\",\"@id\":\"https:\\\/\\\/www.malinashop.lt\\\/shop\\\/paese-lupu-dazai-nudelightful-400-beige-marshmallow-4-5g\\\/\",\"url\":\"https:\\\/\\\/www.malinashop.lt\\\/shop\\\/paese-lupu-dazai-nudelightful-400-beige-marshmallow-4-5g\\\/\",\"name\":\"PAESE l\u016bp\u0173 da\u017eai NUDElightful 400 Beige Marshmallow, 4.5g - MalinaShop.lt J\u016bs\u0173 sveikatai ir gro\u017eiui.\",\"isPartOf\":{\"@id\":\"https:\\\/\\\/www.malinashop.lt\\\/#website\"},\"primaryImageOfPage\":{\"@id\":\"https:\\\/\\\/www.malinashop.lt\\\/shop\\\/paese-lupu-dazai-nudelightful-400-beige-marshmallow-4-5g\\\/#primaryimage\"},\"image\":{\"@id\":\"https:\\\/\\\/www.malinashop.lt\\\/shop\\\/paese-lupu-dazai-nudelightful-400-beige-marshmallow-4-5g\\\/#primaryimage\"},\"thumbnailUrl\":\"https:\\\/\\\/www.malinashop.lt\\\/wp-content\\\/uploads\\\/2025\\\/11\\\/5902627628122.jpg\",\"datePublished\":\"2025-11-24T15:51:57+00:00\",\"dateModified\":\"2026-02-10T09:47:50+00:00\",\"description\":\"PAESE NUDElightful 400 Beige Marshmallow l\u016bp\u0173 da\u017eai \u2013 dr\u0117kinantys, glotninantys ir putlinantys \u201enude\u201c atspalvio da\u017eai su Maxi-Lip kompleksais.\",\"breadcrumb\":{\"@id\":\"https:\\\/\\\/www.malinashop.lt\\\/shop\\\/paese-lupu-dazai-nudelightful-400-beige-marshmallow-4-5g\\\/#breadcrumb\"},\"inLanguage\":\"lt-LT\",\"potentialAction\":[{\"@type\":\"ReadAction\",\"target\":[\"https:\\\/\\\/www.malinashop.lt\\\/shop\\\/paese-lupu-dazai-nudelightful-400-beige-marshmallow-4-5g\\\/\"]}]},{\"@type\":\"ImageObject\",\"inLanguage\":\"lt-LT\",\"@id\":\"https:\\\/\\\/www.malinashop.lt\\\/shop\\\/paese-lupu-dazai-nudelightful-400-beige-marshmallow-4-5g\\\/#primaryimage\",\"url\":\"https:\\\/\\\/www.malinashop.lt\\\/wp-content\\\/uploads\\\/2025\\\/11\\\/5902627628122.jpg\",\"contentUrl\":\"https:\\\/\\\/www.malinashop.lt\\\/wp-content\\\/uploads\\\/2025\\\/11\\\/5902627628122.jpg\",\"width\":600,\"height\":600},{\"@type\":\"BreadcrumbList\",\"@id\":\"https:\\\/\\\/www.malinashop.lt\\\/shop\\\/paese-lupu-dazai-nudelightful-400-beige-marshmallow-4-5g\\\/#breadcrumb\",\"itemListElement\":[{\"@type\":\"ListItem\",\"position\":1,\"name\":\"Pagrindinis\",\"item\":\"https:\\\/\\\/www.malinashop.lt\\\/\"},{\"@type\":\"ListItem\",\"position\":2,\"name\":\"Parduotuv\u0117\",\"item\":\"https:\\\/\\\/www.malinashop.lt\\\/en\\\/parduotuve\\\/\"},{\"@type\":\"ListItem\",\"position\":3,\"name\":\"PAESE l\u016bp\u0173 da\u017eai NUDElightful 400 Beige Marshmallow, 4.5g\"}]},{\"@type\":\"WebSite\",\"@id\":\"https:\\\/\\\/www.malinashop.lt\\\/#website\",\"url\":\"https:\\\/\\\/www.malinashop.lt\\\/\",\"name\":\"COM Group Ecommerce\",\"description\":\"MalinaShop.lt - Gro\u017eio ir sveikatos produktai i\u0161 patikim\u0173 preki\u0173 \u017eenkl\u0173. Atraskite auk\u0161tos kokyb\u0117s kosmetik\u0105 u\u017e puiki\u0105 kain\u0105.\",\"publisher\":{\"@id\":\"https:\\\/\\\/www.malinashop.lt\\\/#organization\"},\"potentialAction\":[{\"@type\":\"SearchAction\",\"target\":{\"@type\":\"EntryPoint\",\"urlTemplate\":\"https:\\\/\\\/www.malinashop.lt\\\/?s={search_term_string}\"},\"query-input\":{\"@type\":\"PropertyValueSpecification\",\"valueRequired\":true,\"valueName\":\"search_term_string\"}}],\"inLanguage\":\"lt-LT\"},{\"@type\":\"Organization\",\"@id\":\"https:\\\/\\\/www.malinashop.lt\\\/#organization\",\"name\":\"COM Group Ecommerce\",\"url\":\"https:\\\/\\\/www.malinashop.lt\\\/\",\"logo\":{\"@type\":\"ImageObject\",\"inLanguage\":\"lt-LT\",\"@id\":\"https:\\\/\\\/www.malinashop.lt\\\/#\\\/schema\\\/logo\\\/image\\\/\",\"url\":\"https:\\\/\\\/www.malinashop.lt\\\/wp-content\\\/uploads\\\/2024\\\/08\\\/462559670_3787732518133670_9795632669273463_n-e1731525914575.png\",\"contentUrl\":\"https:\\\/\\\/www.malinashop.lt\\\/wp-content\\\/uploads\\\/2024\\\/08\\\/462559670_3787732518133670_9795632669273463_n-e1731525914575.png\",\"width\":180,\"height\":60,\"caption\":\"COM Group Ecommerce\"},\"image\":{\"@id\":\"https:\\\/\\\/www.malinashop.lt\\\/#\\\/schema\\\/logo\\\/image\\\/\"}}]}<\/script>\n<!-- \/ Yoast SEO plugin. -->","yoast_head_json":{"title":"PAESE l\u016bp\u0173 da\u017eai NUDElightful 400 Beige Marshmallow, 4.5g - MalinaShop.lt J\u016bs\u0173 sveikatai ir gro\u017eiui.","description":"PAESE NUDElightful 400 Beige Marshmallow l\u016bp\u0173 da\u017eai \u2013 dr\u0117kinantys, glotninantys ir putlinantys \u201enude\u201c atspalvio da\u017eai su Maxi-Lip kompleksais.","robots":{"index":"index","follow":"follow","max-snippet":"max-snippet:-1","max-image-preview":"max-image-preview:large","max-video-preview":"max-video-preview:-1"},"canonical":"https:\/\/www.malinashop.lt\/lt_lt\/shop\/paese-lupu-dazai-nudelightful-400-beige-marshmallow-4-5g\/","og_locale":"lt_LT","og_type":"article","og_title":"PAESE l\u016bp\u0173 da\u017eai NUDElightful 400 Beige Marshmallow, 4.5g - MalinaShop.lt J\u016bs\u0173 sveikatai ir gro\u017eiui.","og_description":"PAESE NUDElightful 400 Beige Marshmallow l\u016bp\u0173 da\u017eai \u2013 dr\u0117kinantys, glotninantys ir putlinantys \u201enude\u201c atspalvio da\u017eai su Maxi-Lip kompleksais.","og_url":"https:\/\/www.malinashop.lt\/lt_lt\/shop\/paese-lupu-dazai-nudelightful-400-beige-marshmallow-4-5g\/","og_site_name":"MalinaShop.lt J\u016bs\u0173 sveikatai ir gro\u017eiui.","article_modified_time":"2026-02-10T09:47:50+00:00","og_image":[{"width":600,"height":600,"url":"https:\/\/www.malinashop.lt\/wp-content\/uploads\/2025\/11\/5902627628122.jpg","type":"image\/jpeg"}],"twitter_card":"summary_large_image","schema":{"@context":"https:\/\/schema.org","@graph":[{"@type":"WebPage","@id":"https:\/\/www.malinashop.lt\/shop\/paese-lupu-dazai-nudelightful-400-beige-marshmallow-4-5g\/","url":"https:\/\/www.malinashop.lt\/shop\/paese-lupu-dazai-nudelightful-400-beige-marshmallow-4-5g\/","name":"PAESE l\u016bp\u0173 da\u017eai NUDElightful 400 Beige Marshmallow, 4.5g - MalinaShop.lt J\u016bs\u0173 sveikatai ir gro\u017eiui.","isPartOf":{"@id":"https:\/\/www.malinashop.lt\/#website"},"primaryImageOfPage":{"@id":"https:\/\/www.malinashop.lt\/shop\/paese-lupu-dazai-nudelightful-400-beige-marshmallow-4-5g\/#primaryimage"},"image":{"@id":"https:\/\/www.malinashop.lt\/shop\/paese-lupu-dazai-nudelightful-400-beige-marshmallow-4-5g\/#primaryimage"},"thumbnailUrl":"https:\/\/www.malinashop.lt\/wp-content\/uploads\/2025\/11\/5902627628122.jpg","datePublished":"2025-11-24T15:51:57+00:00","dateModified":"2026-02-10T09:47:50+00:00","description":"PAESE NUDElightful 400 Beige Marshmallow l\u016bp\u0173 da\u017eai \u2013 dr\u0117kinantys, glotninantys ir putlinantys \u201enude\u201c atspalvio da\u017eai su Maxi-Lip kompleksais.","breadcrumb":{"@id":"https:\/\/www.malinashop.lt\/shop\/paese-lupu-dazai-nudelightful-400-beige-marshmallow-4-5g\/#breadcrumb"},"inLanguage":"lt-LT","potentialAction":[{"@type":"ReadAction","target":["https:\/\/www.malinashop.lt\/shop\/paese-lupu-dazai-nudelightful-400-beige-marshmallow-4-5g\/"]}]},{"@type":"ImageObject","inLanguage":"lt-LT","@id":"https:\/\/www.malinashop.lt\/shop\/paese-lupu-dazai-nudelightful-400-beige-marshmallow-4-5g\/#primaryimage","url":"https:\/\/www.malinashop.lt\/wp-content\/uploads\/2025\/11\/5902627628122.jpg","contentUrl":"https:\/\/www.malinashop.lt\/wp-content\/uploads\/2025\/11\/5902627628122.jpg","width":600,"height":600},{"@type":"BreadcrumbList","@id":"https:\/\/www.malinashop.lt\/shop\/paese-lupu-dazai-nudelightful-400-beige-marshmallow-4-5g\/#breadcrumb","itemListElement":[{"@type":"ListItem","position":1,"name":"Pagrindinis","item":"https:\/\/www.malinashop.lt\/"},{"@type":"ListItem","position":2,"name":"Parduotuv\u0117","item":"https:\/\/www.malinashop.lt\/en\/parduotuve\/"},{"@type":"ListItem","position":3,"name":"PAESE l\u016bp\u0173 da\u017eai NUDElightful 400 Beige Marshmallow, 4.5g"}]},{"@type":"WebSite","@id":"https:\/\/www.malinashop.lt\/#website","url":"https:\/\/www.malinashop.lt\/","name":"COM Group Ecommerce","description":"MalinaShop.lt - Gro\u017eio ir sveikatos produktai i\u0161 patikim\u0173 preki\u0173 \u017eenkl\u0173. Atraskite auk\u0161tos kokyb\u0117s kosmetik\u0105 u\u017e puiki\u0105 kain\u0105.","publisher":{"@id":"https:\/\/www.malinashop.lt\/#organization"},"potentialAction":[{"@type":"SearchAction","target":{"@type":"EntryPoint","urlTemplate":"https:\/\/www.malinashop.lt\/?s={search_term_string}"},"query-input":{"@type":"PropertyValueSpecification","valueRequired":true,"valueName":"search_term_string"}}],"inLanguage":"lt-LT"},{"@type":"Organization","@id":"https:\/\/www.malinashop.lt\/#organization","name":"COM Group Ecommerce","url":"https:\/\/www.malinashop.lt\/","logo":{"@type":"ImageObject","inLanguage":"lt-LT","@id":"https:\/\/www.malinashop.lt\/#\/schema\/logo\/image\/","url":"https:\/\/www.malinashop.lt\/wp-content\/uploads\/2024\/08\/462559670_3787732518133670_9795632669273463_n-e1731525914575.png","contentUrl":"https:\/\/www.malinashop.lt\/wp-content\/uploads\/2024\/08\/462559670_3787732518133670_9795632669273463_n-e1731525914575.png","width":180,"height":60,"caption":"COM Group Ecommerce"},"image":{"@id":"https:\/\/www.malinashop.lt\/#\/schema\/logo\/image\/"}}]}},"jetpack_sharing_enabled":true,"_links":{"self":[{"href":"https:\/\/www.malinashop.lt\/lt_lt\/wp-json\/wp\/v2\/product\/65607","targetHints":{"allow":["GET"]}}],"collection":[{"href":"https:\/\/www.malinashop.lt\/lt_lt\/wp-json\/wp\/v2\/product"}],"about":[{"href":"https:\/\/www.malinashop.lt\/lt_lt\/wp-json\/wp\/v2\/types\/product"}],"version-history":[{"count":2,"href":"https:\/\/www.malinashop.lt\/lt_lt\/wp-json\/wp\/v2\/product\/65607\/revisions"}],"predecessor-version":[{"id":72139,"href":"https:\/\/www.malinashop.lt\/lt_lt\/wp-json\/wp\/v2\/product\/65607\/revisions\/72139"}],"wp:featuredmedia":[{"embeddable":true,"href":"https:\/\/www.malinashop.lt\/lt_lt\/wp-json\/wp\/v2\/media\/65609"}],"wp:attachment":[{"href":"https:\/\/www.malinashop.lt\/lt_lt\/wp-json\/wp\/v2\/media?parent=65607"}],"wp:term":[{"taxonomy":"product_brand","embeddable":true,"href":"https:\/\/www.malinashop.lt\/lt_lt\/wp-json\/wp\/v2\/product_brand?post=65607"},{"taxonomy":"product_cat","embeddable":true,"href":"https:\/\/www.malinashop.lt\/lt_lt\/wp-json\/wp\/v2\/product_cat?post=65607"},{"taxonomy":"product_tag","embeddable":true,"href":"https:\/\/www.malinashop.lt\/lt_lt\/wp-json\/wp\/v2\/product_tag?post=65607"}],"curies":[{"name":"wp","href":"https:\/\/api.w.org\/{rel}","templated":true}]}}