{"id":65567,"date":"2025-11-24T18:51:19","date_gmt":"2025-11-24T15:51:19","guid":{"rendered":"https:\/\/malinashop.lt\/?post_type=product&#038;p=65567"},"modified":"2026-02-10T12:47:51","modified_gmt":"2026-02-10T09:47:51","slug":"paese-get-the-glow-look-1n-light-beige-daugiafunkcinis-svytejima-suteikiantis-makiazo-pagrindas-30ml","status":"publish","type":"product","link":"https:\/\/www.malinashop.lt\/lt_lt\/shop\/paese-get-the-glow-look-1n-light-beige-daugiafunkcinis-svytejima-suteikiantis-makiazo-pagrindas-30ml\/","title":{"rendered":"PAESE GET THE GLOW LOOK (1N LIGHT BEIGE) daugiafunkcinis \u0161vyt\u0117jim\u0105 suteikiantis makia\u017eo pagrindas, 30ml"},"content":{"rendered":"<p data-start=\"120\" data-end=\"508\"><strong data-start=\"120\" data-end=\"221\">PAESE daugiafunkcinis \u0161vyt\u0117jim\u0105 suteikiantis makia\u017eo pagrindas GET THE GLOW LOOK (1N Light Beige)<\/strong> \u2013 tai lengvos tekst\u016bros makia\u017eo pagrindas, skirtas nat\u016braliam, gaiviam ir \u0161vytin\u010diam odos efektui sukurti. Formul\u0117 suteikia lengv\u0105 padengim\u0105, kur\u012f galima lengvai sluoksniuoti pagal poreik\u012f \u2013 nuo subtilaus odos tono i\u0161lyginimo iki ry\u0161kesnio, bet vis tiek nat\u016braliai atrodan\u010dio rezultato.<\/p>\n<p data-start=\"510\" data-end=\"855\">Makia\u017eo pagrindas tolygiai pasiskirsto ant odos, lengvai susilieja su jos pavir\u0161iumi ir neapsunkina. Aksomin\u0117 tekst\u016bra padeda i\u0161lyginti odos nelygumus, vizualiai suma\u017eina smulkius tr\u016bkumus ir suteikia sveikai atrodant\u012f \u0161vyt\u0117jim\u0105 be kauk\u0117s efekto. Idealiai tinka kasdieniam makia\u017eui, kai norisi gaivios, spindin\u010dios ir pri\u017ei\u016br\u0117tos odos i\u0161vaizdos.<\/p>\n<p data-start=\"857\" data-end=\"937\"><strong data-start=\"857\" data-end=\"885\">Atspalvis 1N Light Beige<\/strong> puikiai tinka \u0161viesiai odai su neutraliu atspalviu.<\/p>\n<p data-start=\"939\" data-end=\"955\"><strong data-start=\"939\" data-end=\"949\">T\u016bris:<\/strong> 30 ml<\/p>\n","protected":false},"excerpt":{"rendered":"<p data-start=\"995\" data-end=\"1178\">Lengvas, daugiafunkcinis makia\u017eo pagrindas, suteikiantis nat\u016bral\u0173 \u0161vyt\u0117jim\u0105 ir lengv\u0105 padengim\u0105. Tolygi tekst\u016bra, sluoksniuojamas efektas ir gaivi, sveikai atrodanti oda visai dienai.<\/p>\n","protected":false},"featured_media":65569,"template":"","meta":[],"product_brand":[1534],"product_cat":[102,530],"product_tag":[1614],"class_list":{"0":"post-65567","1":"product","2":"type-product","3":"status-publish","4":"has-post-thumbnail","6":"product_brand-paese","7":"product_cat-dekoratyvine-kosmetika","8":"product_cat-makiazo-pagrindas","9":"product_tag-paese","11":"first","12":"instock","13":"purchasable","14":"product-type-simple"},"yoast_head":"<!-- This site is optimized with the Yoast SEO plugin v27.4 - https:\/\/yoast.com\/product\/yoast-seo-wordpress\/ -->\n<title>PAESE GET THE GLOW LOOK (1N LIGHT BEIGE) daugiafunkcinis \u0161vyt\u0117jim\u0105 suteikiantis makia\u017eo pagrindas, 30ml - MalinaShop.lt J\u016bs\u0173 sveikatai ir gro\u017eiui.<\/title>\n<meta name=\"description\" content=\"PAESE GET THE GLOW LOOK 1N Light Beige \u2013 lengvas \u0161vyt\u0117jim\u0105 suteikiantis makia\u017eo pagrindas. Nat\u016bralus efektas, lengvas padengimas, 30 ml.\" \/>\n<meta name=\"robots\" content=\"index, follow, max-snippet:-1, max-image-preview:large, max-video-preview:-1\" \/>\n<link rel=\"canonical\" href=\"https:\/\/www.malinashop.lt\/lt_lt\/shop\/paese-get-the-glow-look-1n-light-beige-daugiafunkcinis-svytejima-suteikiantis-makiazo-pagrindas-30ml\/\" \/>\n<meta property=\"og:locale\" content=\"lt_LT\" \/>\n<meta property=\"og:type\" content=\"article\" \/>\n<meta property=\"og:title\" content=\"PAESE GET THE GLOW LOOK (1N LIGHT BEIGE) daugiafunkcinis \u0161vyt\u0117jim\u0105 suteikiantis makia\u017eo pagrindas, 30ml - MalinaShop.lt J\u016bs\u0173 sveikatai ir gro\u017eiui.\" \/>\n<meta property=\"og:description\" content=\"PAESE GET THE GLOW LOOK 1N Light Beige \u2013 lengvas \u0161vyt\u0117jim\u0105 suteikiantis makia\u017eo pagrindas. Nat\u016bralus efektas, lengvas padengimas, 30 ml.\" \/>\n<meta property=\"og:url\" content=\"https:\/\/www.malinashop.lt\/lt_lt\/shop\/paese-get-the-glow-look-1n-light-beige-daugiafunkcinis-svytejima-suteikiantis-makiazo-pagrindas-30ml\/\" \/>\n<meta property=\"og:site_name\" content=\"MalinaShop.lt J\u016bs\u0173 sveikatai ir gro\u017eiui.\" \/>\n<meta property=\"article:modified_time\" content=\"2026-02-10T09:47:51+00:00\" \/>\n<meta property=\"og:image\" content=\"https:\/\/www.malinashop.lt\/wp-content\/uploads\/2025\/11\/5902627626845.jpg\" \/>\n\t<meta property=\"og:image:width\" content=\"600\" \/>\n\t<meta property=\"og:image:height\" content=\"600\" \/>\n\t<meta property=\"og:image:type\" content=\"image\/jpeg\" \/>\n<meta name=\"twitter:card\" content=\"summary_large_image\" \/>\n<script type=\"application\/ld+json\" class=\"yoast-schema-graph\">{\"@context\":\"https:\\\/\\\/schema.org\",\"@graph\":[{\"@type\":\"WebPage\",\"@id\":\"https:\\\/\\\/www.malinashop.lt\\\/lt_lt\\\/shop\\\/paese-get-the-glow-look-1n-light-beige-daugiafunkcinis-svytejima-suteikiantis-makiazo-pagrindas-30ml\\\/\",\"url\":\"https:\\\/\\\/www.malinashop.lt\\\/lt_lt\\\/shop\\\/paese-get-the-glow-look-1n-light-beige-daugiafunkcinis-svytejima-suteikiantis-makiazo-pagrindas-30ml\\\/\",\"name\":\"PAESE GET THE GLOW LOOK (1N LIGHT BEIGE) daugiafunkcinis \u0161vyt\u0117jim\u0105 suteikiantis makia\u017eo pagrindas, 30ml - MalinaShop.lt J\u016bs\u0173 sveikatai ir gro\u017eiui.\",\"isPartOf\":{\"@id\":\"https:\\\/\\\/www.malinashop.lt\\\/#website\"},\"primaryImageOfPage\":{\"@id\":\"https:\\\/\\\/www.malinashop.lt\\\/lt_lt\\\/shop\\\/paese-get-the-glow-look-1n-light-beige-daugiafunkcinis-svytejima-suteikiantis-makiazo-pagrindas-30ml\\\/#primaryimage\"},\"image\":{\"@id\":\"https:\\\/\\\/www.malinashop.lt\\\/lt_lt\\\/shop\\\/paese-get-the-glow-look-1n-light-beige-daugiafunkcinis-svytejima-suteikiantis-makiazo-pagrindas-30ml\\\/#primaryimage\"},\"thumbnailUrl\":\"https:\\\/\\\/www.malinashop.lt\\\/wp-content\\\/uploads\\\/2025\\\/11\\\/5902627626845.jpg\",\"datePublished\":\"2025-11-24T15:51:19+00:00\",\"dateModified\":\"2026-02-10T09:47:51+00:00\",\"description\":\"PAESE GET THE GLOW LOOK 1N Light Beige \u2013 lengvas \u0161vyt\u0117jim\u0105 suteikiantis makia\u017eo pagrindas. Nat\u016bralus efektas, lengvas padengimas, 30 ml.\",\"breadcrumb\":{\"@id\":\"https:\\\/\\\/www.malinashop.lt\\\/lt_lt\\\/shop\\\/paese-get-the-glow-look-1n-light-beige-daugiafunkcinis-svytejima-suteikiantis-makiazo-pagrindas-30ml\\\/#breadcrumb\"},\"inLanguage\":\"lt-LT\",\"potentialAction\":[{\"@type\":\"ReadAction\",\"target\":[\"https:\\\/\\\/www.malinashop.lt\\\/lt_lt\\\/shop\\\/paese-get-the-glow-look-1n-light-beige-daugiafunkcinis-svytejima-suteikiantis-makiazo-pagrindas-30ml\\\/\"]}]},{\"@type\":\"ImageObject\",\"inLanguage\":\"lt-LT\",\"@id\":\"https:\\\/\\\/www.malinashop.lt\\\/lt_lt\\\/shop\\\/paese-get-the-glow-look-1n-light-beige-daugiafunkcinis-svytejima-suteikiantis-makiazo-pagrindas-30ml\\\/#primaryimage\",\"url\":\"https:\\\/\\\/www.malinashop.lt\\\/wp-content\\\/uploads\\\/2025\\\/11\\\/5902627626845.jpg\",\"contentUrl\":\"https:\\\/\\\/www.malinashop.lt\\\/wp-content\\\/uploads\\\/2025\\\/11\\\/5902627626845.jpg\",\"width\":600,\"height\":600},{\"@type\":\"BreadcrumbList\",\"@id\":\"https:\\\/\\\/www.malinashop.lt\\\/lt_lt\\\/shop\\\/paese-get-the-glow-look-1n-light-beige-daugiafunkcinis-svytejima-suteikiantis-makiazo-pagrindas-30ml\\\/#breadcrumb\",\"itemListElement\":[{\"@type\":\"ListItem\",\"position\":1,\"name\":\"Pagrindinis\",\"item\":\"https:\\\/\\\/www.malinashop.lt\\\/\"},{\"@type\":\"ListItem\",\"position\":2,\"name\":\"Parduotuv\u0117\",\"item\":\"https:\\\/\\\/www.malinashop.lt\\\/en\\\/parduotuve\\\/\"},{\"@type\":\"ListItem\",\"position\":3,\"name\":\"PAESE GET THE GLOW LOOK (1N LIGHT BEIGE) daugiafunkcinis \u0161vyt\u0117jim\u0105 suteikiantis makia\u017eo pagrindas, 30ml\"}]},{\"@type\":\"WebSite\",\"@id\":\"https:\\\/\\\/www.malinashop.lt\\\/#website\",\"url\":\"https:\\\/\\\/www.malinashop.lt\\\/\",\"name\":\"COM Group Ecommerce\",\"description\":\"MalinaShop.lt - Gro\u017eio ir sveikatos produktai i\u0161 patikim\u0173 preki\u0173 \u017eenkl\u0173. Atraskite auk\u0161tos kokyb\u0117s kosmetik\u0105 u\u017e puiki\u0105 kain\u0105.\",\"publisher\":{\"@id\":\"https:\\\/\\\/www.malinashop.lt\\\/#organization\"},\"potentialAction\":[{\"@type\":\"SearchAction\",\"target\":{\"@type\":\"EntryPoint\",\"urlTemplate\":\"https:\\\/\\\/www.malinashop.lt\\\/?s={search_term_string}\"},\"query-input\":{\"@type\":\"PropertyValueSpecification\",\"valueRequired\":true,\"valueName\":\"search_term_string\"}}],\"inLanguage\":\"lt-LT\"},{\"@type\":\"Organization\",\"@id\":\"https:\\\/\\\/www.malinashop.lt\\\/#organization\",\"name\":\"COM Group Ecommerce\",\"url\":\"https:\\\/\\\/www.malinashop.lt\\\/\",\"logo\":{\"@type\":\"ImageObject\",\"inLanguage\":\"lt-LT\",\"@id\":\"https:\\\/\\\/www.malinashop.lt\\\/#\\\/schema\\\/logo\\\/image\\\/\",\"url\":\"https:\\\/\\\/www.malinashop.lt\\\/wp-content\\\/uploads\\\/2024\\\/08\\\/462559670_3787732518133670_9795632669273463_n-e1731525914575.png\",\"contentUrl\":\"https:\\\/\\\/www.malinashop.lt\\\/wp-content\\\/uploads\\\/2024\\\/08\\\/462559670_3787732518133670_9795632669273463_n-e1731525914575.png\",\"width\":180,\"height\":60,\"caption\":\"COM Group Ecommerce\"},\"image\":{\"@id\":\"https:\\\/\\\/www.malinashop.lt\\\/#\\\/schema\\\/logo\\\/image\\\/\"}}]}<\/script>\n<!-- \/ Yoast SEO plugin. -->","yoast_head_json":{"title":"PAESE GET THE GLOW LOOK (1N LIGHT BEIGE) daugiafunkcinis \u0161vyt\u0117jim\u0105 suteikiantis makia\u017eo pagrindas, 30ml - MalinaShop.lt J\u016bs\u0173 sveikatai ir gro\u017eiui.","description":"PAESE GET THE GLOW LOOK 1N Light Beige \u2013 lengvas \u0161vyt\u0117jim\u0105 suteikiantis makia\u017eo pagrindas. Nat\u016bralus efektas, lengvas padengimas, 30 ml.","robots":{"index":"index","follow":"follow","max-snippet":"max-snippet:-1","max-image-preview":"max-image-preview:large","max-video-preview":"max-video-preview:-1"},"canonical":"https:\/\/www.malinashop.lt\/lt_lt\/shop\/paese-get-the-glow-look-1n-light-beige-daugiafunkcinis-svytejima-suteikiantis-makiazo-pagrindas-30ml\/","og_locale":"lt_LT","og_type":"article","og_title":"PAESE GET THE GLOW LOOK (1N LIGHT BEIGE) daugiafunkcinis \u0161vyt\u0117jim\u0105 suteikiantis makia\u017eo pagrindas, 30ml - MalinaShop.lt J\u016bs\u0173 sveikatai ir gro\u017eiui.","og_description":"PAESE GET THE GLOW LOOK 1N Light Beige \u2013 lengvas \u0161vyt\u0117jim\u0105 suteikiantis makia\u017eo pagrindas. Nat\u016bralus efektas, lengvas padengimas, 30 ml.","og_url":"https:\/\/www.malinashop.lt\/lt_lt\/shop\/paese-get-the-glow-look-1n-light-beige-daugiafunkcinis-svytejima-suteikiantis-makiazo-pagrindas-30ml\/","og_site_name":"MalinaShop.lt J\u016bs\u0173 sveikatai ir gro\u017eiui.","article_modified_time":"2026-02-10T09:47:51+00:00","og_image":[{"width":600,"height":600,"url":"https:\/\/www.malinashop.lt\/wp-content\/uploads\/2025\/11\/5902627626845.jpg","type":"image\/jpeg"}],"twitter_card":"summary_large_image","schema":{"@context":"https:\/\/schema.org","@graph":[{"@type":"WebPage","@id":"https:\/\/www.malinashop.lt\/lt_lt\/shop\/paese-get-the-glow-look-1n-light-beige-daugiafunkcinis-svytejima-suteikiantis-makiazo-pagrindas-30ml\/","url":"https:\/\/www.malinashop.lt\/lt_lt\/shop\/paese-get-the-glow-look-1n-light-beige-daugiafunkcinis-svytejima-suteikiantis-makiazo-pagrindas-30ml\/","name":"PAESE GET THE GLOW LOOK (1N LIGHT BEIGE) daugiafunkcinis \u0161vyt\u0117jim\u0105 suteikiantis makia\u017eo pagrindas, 30ml - MalinaShop.lt J\u016bs\u0173 sveikatai ir gro\u017eiui.","isPartOf":{"@id":"https:\/\/www.malinashop.lt\/#website"},"primaryImageOfPage":{"@id":"https:\/\/www.malinashop.lt\/lt_lt\/shop\/paese-get-the-glow-look-1n-light-beige-daugiafunkcinis-svytejima-suteikiantis-makiazo-pagrindas-30ml\/#primaryimage"},"image":{"@id":"https:\/\/www.malinashop.lt\/lt_lt\/shop\/paese-get-the-glow-look-1n-light-beige-daugiafunkcinis-svytejima-suteikiantis-makiazo-pagrindas-30ml\/#primaryimage"},"thumbnailUrl":"https:\/\/www.malinashop.lt\/wp-content\/uploads\/2025\/11\/5902627626845.jpg","datePublished":"2025-11-24T15:51:19+00:00","dateModified":"2026-02-10T09:47:51+00:00","description":"PAESE GET THE GLOW LOOK 1N Light Beige \u2013 lengvas \u0161vyt\u0117jim\u0105 suteikiantis makia\u017eo pagrindas. Nat\u016bralus efektas, lengvas padengimas, 30 ml.","breadcrumb":{"@id":"https:\/\/www.malinashop.lt\/lt_lt\/shop\/paese-get-the-glow-look-1n-light-beige-daugiafunkcinis-svytejima-suteikiantis-makiazo-pagrindas-30ml\/#breadcrumb"},"inLanguage":"lt-LT","potentialAction":[{"@type":"ReadAction","target":["https:\/\/www.malinashop.lt\/lt_lt\/shop\/paese-get-the-glow-look-1n-light-beige-daugiafunkcinis-svytejima-suteikiantis-makiazo-pagrindas-30ml\/"]}]},{"@type":"ImageObject","inLanguage":"lt-LT","@id":"https:\/\/www.malinashop.lt\/lt_lt\/shop\/paese-get-the-glow-look-1n-light-beige-daugiafunkcinis-svytejima-suteikiantis-makiazo-pagrindas-30ml\/#primaryimage","url":"https:\/\/www.malinashop.lt\/wp-content\/uploads\/2025\/11\/5902627626845.jpg","contentUrl":"https:\/\/www.malinashop.lt\/wp-content\/uploads\/2025\/11\/5902627626845.jpg","width":600,"height":600},{"@type":"BreadcrumbList","@id":"https:\/\/www.malinashop.lt\/lt_lt\/shop\/paese-get-the-glow-look-1n-light-beige-daugiafunkcinis-svytejima-suteikiantis-makiazo-pagrindas-30ml\/#breadcrumb","itemListElement":[{"@type":"ListItem","position":1,"name":"Pagrindinis","item":"https:\/\/www.malinashop.lt\/"},{"@type":"ListItem","position":2,"name":"Parduotuv\u0117","item":"https:\/\/www.malinashop.lt\/en\/parduotuve\/"},{"@type":"ListItem","position":3,"name":"PAESE GET THE GLOW LOOK (1N LIGHT BEIGE) daugiafunkcinis \u0161vyt\u0117jim\u0105 suteikiantis makia\u017eo pagrindas, 30ml"}]},{"@type":"WebSite","@id":"https:\/\/www.malinashop.lt\/#website","url":"https:\/\/www.malinashop.lt\/","name":"COM Group Ecommerce","description":"MalinaShop.lt - Gro\u017eio ir sveikatos produktai i\u0161 patikim\u0173 preki\u0173 \u017eenkl\u0173. Atraskite auk\u0161tos kokyb\u0117s kosmetik\u0105 u\u017e puiki\u0105 kain\u0105.","publisher":{"@id":"https:\/\/www.malinashop.lt\/#organization"},"potentialAction":[{"@type":"SearchAction","target":{"@type":"EntryPoint","urlTemplate":"https:\/\/www.malinashop.lt\/?s={search_term_string}"},"query-input":{"@type":"PropertyValueSpecification","valueRequired":true,"valueName":"search_term_string"}}],"inLanguage":"lt-LT"},{"@type":"Organization","@id":"https:\/\/www.malinashop.lt\/#organization","name":"COM Group Ecommerce","url":"https:\/\/www.malinashop.lt\/","logo":{"@type":"ImageObject","inLanguage":"lt-LT","@id":"https:\/\/www.malinashop.lt\/#\/schema\/logo\/image\/","url":"https:\/\/www.malinashop.lt\/wp-content\/uploads\/2024\/08\/462559670_3787732518133670_9795632669273463_n-e1731525914575.png","contentUrl":"https:\/\/www.malinashop.lt\/wp-content\/uploads\/2024\/08\/462559670_3787732518133670_9795632669273463_n-e1731525914575.png","width":180,"height":60,"caption":"COM Group Ecommerce"},"image":{"@id":"https:\/\/www.malinashop.lt\/#\/schema\/logo\/image\/"}}]}},"jetpack_sharing_enabled":true,"_links":{"self":[{"href":"https:\/\/www.malinashop.lt\/lt_lt\/wp-json\/wp\/v2\/product\/65567","targetHints":{"allow":["GET"]}}],"collection":[{"href":"https:\/\/www.malinashop.lt\/lt_lt\/wp-json\/wp\/v2\/product"}],"about":[{"href":"https:\/\/www.malinashop.lt\/lt_lt\/wp-json\/wp\/v2\/types\/product"}],"version-history":[{"count":2,"href":"https:\/\/www.malinashop.lt\/lt_lt\/wp-json\/wp\/v2\/product\/65567\/revisions"}],"predecessor-version":[{"id":72277,"href":"https:\/\/www.malinashop.lt\/lt_lt\/wp-json\/wp\/v2\/product\/65567\/revisions\/72277"}],"wp:featuredmedia":[{"embeddable":true,"href":"https:\/\/www.malinashop.lt\/lt_lt\/wp-json\/wp\/v2\/media\/65569"}],"wp:attachment":[{"href":"https:\/\/www.malinashop.lt\/lt_lt\/wp-json\/wp\/v2\/media?parent=65567"}],"wp:term":[{"taxonomy":"product_brand","embeddable":true,"href":"https:\/\/www.malinashop.lt\/lt_lt\/wp-json\/wp\/v2\/product_brand?post=65567"},{"taxonomy":"product_cat","embeddable":true,"href":"https:\/\/www.malinashop.lt\/lt_lt\/wp-json\/wp\/v2\/product_cat?post=65567"},{"taxonomy":"product_tag","embeddable":true,"href":"https:\/\/www.malinashop.lt\/lt_lt\/wp-json\/wp\/v2\/product_tag?post=65567"}],"curies":[{"name":"wp","href":"https:\/\/api.w.org\/{rel}","templated":true}]}}