{"id":65303,"date":"2025-11-24T18:48:40","date_gmt":"2025-11-24T15:48:40","guid":{"rendered":"https:\/\/malinashop.lt\/?post_type=product&#038;p=65303"},"modified":"2026-02-10T12:47:53","modified_gmt":"2026-02-10T09:47:53","slug":"paese-selfglow-blush-03-icon-skaistalai-3-g","status":"publish","type":"product","link":"https:\/\/www.malinashop.lt\/lt_lt\/shop\/paese-selfglow-blush-03-icon-skaistalai-3-g\/","title":{"rendered":"PAESE SELFGLOW BLUSH 03 Icon skaistalai, 3 g"},"content":{"rendered":"<p data-start=\"48\" data-end=\"387\">PAESE <strong data-start=\"54\" data-end=\"80\">Selfglow Blush 03 Icon<\/strong> \u2013 tai lengvai sklaidomi skaistalai, suteikiantys veidui nat\u016bral\u0173 \u0161vyt\u0117jim\u0105 ir gaiv\u0173 skaistum\u0105. \u0160i kolekcija sukurta taip, kad tikt\u0173 tiek subtiliam dieniniam, tiek ry\u0161kesniam vakaro makia\u017eui. Formul\u0117 pasi\u017eymi puikia pigmentacija, tod\u0117l spalva lengvai sluoksniuojama ir pritaikoma pagal norim\u0105 intensyvum\u0105.<\/p>\n<p data-start=\"392\" data-end=\"658\">Selfglow skaistalai si\u016blomi trijose skirtingose tekst\u016brose \u2013 matin\u0117je, matin\u0117je su blizgesiu ir \u0161ilkin\u0117je-\u0161vytin\u010dioje, tod\u0117l kiekviena gali rasti sau tinkamiausi\u0105 efekt\u0105. Produktas tolygiai dengiasi, nei\u0161blunka dienos metu ir padeda i\u0161gauti sveikai spindin\u010di\u0105 od\u0105.<\/p>\n<p data-start=\"660\" data-end=\"674\"><strong data-start=\"660\" data-end=\"670\">T\u016bris:<\/strong> 3 g<\/p>\n","protected":false},"excerpt":{"rendered":"<p data-start=\"718\" data-end=\"902\">PAESE Selfglow Blush 03 Icon \u2013 lengvai sklaidomi, ilgai i\u0161liekantys skaistalai, suteikiantys nat\u016bral\u0173 \u0161vyt\u0117jim\u0105 ir lengvai sluoksniuojam\u0105 pigmentacij\u0105. Tinka tiek dienai, tiek vakarui.<\/p>\n","protected":false},"featured_media":65305,"template":"","meta":[],"product_brand":[1534],"product_cat":[102,526],"product_tag":[1614],"class_list":{"0":"post-65303","1":"product","2":"type-product","3":"status-publish","4":"has-post-thumbnail","6":"product_brand-paese","7":"product_cat-dekoratyvine-kosmetika","8":"product_cat-skaistalai","9":"product_tag-paese","11":"first","12":"instock","13":"purchasable","14":"product-type-simple"},"yoast_head":"<!-- This site is optimized with the Yoast SEO plugin v27.4 - https:\/\/yoast.com\/product\/yoast-seo-wordpress\/ -->\n<title>PAESE SELFGLOW BLUSH 03 Icon skaistalai, 3 g - MalinaShop.lt J\u016bs\u0173 sveikatai ir gro\u017eiui.<\/title>\n<meta name=\"description\" content=\"PAESE Selfglow Blush 03 Icon \u2013 lengvai sklaidomi, ilgai i\u0161liekantys skaistalai, suteikiantys nat\u016bral\u0173 \u0161vyt\u0117jim\u0105 ir gaiv\u0173 skaistum\u0105. T\u016bris 3 g.\" \/>\n<meta name=\"robots\" content=\"index, follow, max-snippet:-1, max-image-preview:large, max-video-preview:-1\" \/>\n<link rel=\"canonical\" href=\"https:\/\/www.malinashop.lt\/lt_lt\/shop\/paese-selfglow-blush-03-icon-skaistalai-3-g\/\" \/>\n<meta property=\"og:locale\" content=\"lt_LT\" \/>\n<meta property=\"og:type\" content=\"article\" \/>\n<meta property=\"og:title\" content=\"PAESE SELFGLOW BLUSH 03 Icon skaistalai, 3 g - MalinaShop.lt J\u016bs\u0173 sveikatai ir gro\u017eiui.\" \/>\n<meta property=\"og:description\" content=\"PAESE Selfglow Blush 03 Icon \u2013 lengvai sklaidomi, ilgai i\u0161liekantys skaistalai, suteikiantys nat\u016bral\u0173 \u0161vyt\u0117jim\u0105 ir gaiv\u0173 skaistum\u0105. T\u016bris 3 g.\" \/>\n<meta property=\"og:url\" content=\"https:\/\/www.malinashop.lt\/lt_lt\/shop\/paese-selfglow-blush-03-icon-skaistalai-3-g\/\" \/>\n<meta property=\"og:site_name\" content=\"MalinaShop.lt J\u016bs\u0173 sveikatai ir gro\u017eiui.\" \/>\n<meta property=\"article:modified_time\" content=\"2026-02-10T09:47:53+00:00\" \/>\n<meta property=\"og:image\" content=\"https:\/\/www.malinashop.lt\/wp-content\/uploads\/2025\/11\/paese4.jpg\" \/>\n\t<meta property=\"og:image:width\" content=\"1000\" \/>\n\t<meta property=\"og:image:height\" content=\"1000\" \/>\n\t<meta property=\"og:image:type\" content=\"image\/jpeg\" \/>\n<meta name=\"twitter:card\" content=\"summary_large_image\" \/>\n<script type=\"application\/ld+json\" class=\"yoast-schema-graph\">{\"@context\":\"https:\\\/\\\/schema.org\",\"@graph\":[{\"@type\":\"WebPage\",\"@id\":\"https:\\\/\\\/www.malinashop.lt\\\/shop\\\/paese-selfglow-blush-03-icon-skaistalai-3-g\\\/\",\"url\":\"https:\\\/\\\/www.malinashop.lt\\\/shop\\\/paese-selfglow-blush-03-icon-skaistalai-3-g\\\/\",\"name\":\"PAESE SELFGLOW BLUSH 03 Icon skaistalai, 3 g - MalinaShop.lt J\u016bs\u0173 sveikatai ir gro\u017eiui.\",\"isPartOf\":{\"@id\":\"https:\\\/\\\/www.malinashop.lt\\\/#website\"},\"primaryImageOfPage\":{\"@id\":\"https:\\\/\\\/www.malinashop.lt\\\/shop\\\/paese-selfglow-blush-03-icon-skaistalai-3-g\\\/#primaryimage\"},\"image\":{\"@id\":\"https:\\\/\\\/www.malinashop.lt\\\/shop\\\/paese-selfglow-blush-03-icon-skaistalai-3-g\\\/#primaryimage\"},\"thumbnailUrl\":\"https:\\\/\\\/www.malinashop.lt\\\/wp-content\\\/uploads\\\/2025\\\/11\\\/paese4.jpg\",\"datePublished\":\"2025-11-24T15:48:40+00:00\",\"dateModified\":\"2026-02-10T09:47:53+00:00\",\"description\":\"PAESE Selfglow Blush 03 Icon \u2013 lengvai sklaidomi, ilgai i\u0161liekantys skaistalai, suteikiantys nat\u016bral\u0173 \u0161vyt\u0117jim\u0105 ir gaiv\u0173 skaistum\u0105. T\u016bris 3 g.\",\"breadcrumb\":{\"@id\":\"https:\\\/\\\/www.malinashop.lt\\\/shop\\\/paese-selfglow-blush-03-icon-skaistalai-3-g\\\/#breadcrumb\"},\"inLanguage\":\"lt-LT\",\"potentialAction\":[{\"@type\":\"ReadAction\",\"target\":[\"https:\\\/\\\/www.malinashop.lt\\\/shop\\\/paese-selfglow-blush-03-icon-skaistalai-3-g\\\/\"]}]},{\"@type\":\"ImageObject\",\"inLanguage\":\"lt-LT\",\"@id\":\"https:\\\/\\\/www.malinashop.lt\\\/shop\\\/paese-selfglow-blush-03-icon-skaistalai-3-g\\\/#primaryimage\",\"url\":\"https:\\\/\\\/www.malinashop.lt\\\/wp-content\\\/uploads\\\/2025\\\/11\\\/paese4.jpg\",\"contentUrl\":\"https:\\\/\\\/www.malinashop.lt\\\/wp-content\\\/uploads\\\/2025\\\/11\\\/paese4.jpg\",\"width\":1000,\"height\":1000},{\"@type\":\"BreadcrumbList\",\"@id\":\"https:\\\/\\\/www.malinashop.lt\\\/shop\\\/paese-selfglow-blush-03-icon-skaistalai-3-g\\\/#breadcrumb\",\"itemListElement\":[{\"@type\":\"ListItem\",\"position\":1,\"name\":\"Pagrindinis\",\"item\":\"https:\\\/\\\/www.malinashop.lt\\\/\"},{\"@type\":\"ListItem\",\"position\":2,\"name\":\"Parduotuv\u0117\",\"item\":\"https:\\\/\\\/www.malinashop.lt\\\/en\\\/parduotuve\\\/\"},{\"@type\":\"ListItem\",\"position\":3,\"name\":\"PAESE SELFGLOW BLUSH 03 Icon skaistalai, 3 g\"}]},{\"@type\":\"WebSite\",\"@id\":\"https:\\\/\\\/www.malinashop.lt\\\/#website\",\"url\":\"https:\\\/\\\/www.malinashop.lt\\\/\",\"name\":\"COM Group Ecommerce\",\"description\":\"MalinaShop.lt - Gro\u017eio ir sveikatos produktai i\u0161 patikim\u0173 preki\u0173 \u017eenkl\u0173. Atraskite auk\u0161tos kokyb\u0117s kosmetik\u0105 u\u017e puiki\u0105 kain\u0105.\",\"publisher\":{\"@id\":\"https:\\\/\\\/www.malinashop.lt\\\/#organization\"},\"potentialAction\":[{\"@type\":\"SearchAction\",\"target\":{\"@type\":\"EntryPoint\",\"urlTemplate\":\"https:\\\/\\\/www.malinashop.lt\\\/?s={search_term_string}\"},\"query-input\":{\"@type\":\"PropertyValueSpecification\",\"valueRequired\":true,\"valueName\":\"search_term_string\"}}],\"inLanguage\":\"lt-LT\"},{\"@type\":\"Organization\",\"@id\":\"https:\\\/\\\/www.malinashop.lt\\\/#organization\",\"name\":\"COM Group Ecommerce\",\"url\":\"https:\\\/\\\/www.malinashop.lt\\\/\",\"logo\":{\"@type\":\"ImageObject\",\"inLanguage\":\"lt-LT\",\"@id\":\"https:\\\/\\\/www.malinashop.lt\\\/#\\\/schema\\\/logo\\\/image\\\/\",\"url\":\"https:\\\/\\\/www.malinashop.lt\\\/wp-content\\\/uploads\\\/2024\\\/08\\\/462559670_3787732518133670_9795632669273463_n-e1731525914575.png\",\"contentUrl\":\"https:\\\/\\\/www.malinashop.lt\\\/wp-content\\\/uploads\\\/2024\\\/08\\\/462559670_3787732518133670_9795632669273463_n-e1731525914575.png\",\"width\":180,\"height\":60,\"caption\":\"COM Group Ecommerce\"},\"image\":{\"@id\":\"https:\\\/\\\/www.malinashop.lt\\\/#\\\/schema\\\/logo\\\/image\\\/\"}}]}<\/script>\n<!-- \/ Yoast SEO plugin. -->","yoast_head_json":{"title":"PAESE SELFGLOW BLUSH 03 Icon skaistalai, 3 g - MalinaShop.lt J\u016bs\u0173 sveikatai ir gro\u017eiui.","description":"PAESE Selfglow Blush 03 Icon \u2013 lengvai sklaidomi, ilgai i\u0161liekantys skaistalai, suteikiantys nat\u016bral\u0173 \u0161vyt\u0117jim\u0105 ir gaiv\u0173 skaistum\u0105. T\u016bris 3 g.","robots":{"index":"index","follow":"follow","max-snippet":"max-snippet:-1","max-image-preview":"max-image-preview:large","max-video-preview":"max-video-preview:-1"},"canonical":"https:\/\/www.malinashop.lt\/lt_lt\/shop\/paese-selfglow-blush-03-icon-skaistalai-3-g\/","og_locale":"lt_LT","og_type":"article","og_title":"PAESE SELFGLOW BLUSH 03 Icon skaistalai, 3 g - MalinaShop.lt J\u016bs\u0173 sveikatai ir gro\u017eiui.","og_description":"PAESE Selfglow Blush 03 Icon \u2013 lengvai sklaidomi, ilgai i\u0161liekantys skaistalai, suteikiantys nat\u016bral\u0173 \u0161vyt\u0117jim\u0105 ir gaiv\u0173 skaistum\u0105. T\u016bris 3 g.","og_url":"https:\/\/www.malinashop.lt\/lt_lt\/shop\/paese-selfglow-blush-03-icon-skaistalai-3-g\/","og_site_name":"MalinaShop.lt J\u016bs\u0173 sveikatai ir gro\u017eiui.","article_modified_time":"2026-02-10T09:47:53+00:00","og_image":[{"width":1000,"height":1000,"url":"https:\/\/www.malinashop.lt\/wp-content\/uploads\/2025\/11\/paese4.jpg","type":"image\/jpeg"}],"twitter_card":"summary_large_image","schema":{"@context":"https:\/\/schema.org","@graph":[{"@type":"WebPage","@id":"https:\/\/www.malinashop.lt\/shop\/paese-selfglow-blush-03-icon-skaistalai-3-g\/","url":"https:\/\/www.malinashop.lt\/shop\/paese-selfglow-blush-03-icon-skaistalai-3-g\/","name":"PAESE SELFGLOW BLUSH 03 Icon skaistalai, 3 g - MalinaShop.lt J\u016bs\u0173 sveikatai ir gro\u017eiui.","isPartOf":{"@id":"https:\/\/www.malinashop.lt\/#website"},"primaryImageOfPage":{"@id":"https:\/\/www.malinashop.lt\/shop\/paese-selfglow-blush-03-icon-skaistalai-3-g\/#primaryimage"},"image":{"@id":"https:\/\/www.malinashop.lt\/shop\/paese-selfglow-blush-03-icon-skaistalai-3-g\/#primaryimage"},"thumbnailUrl":"https:\/\/www.malinashop.lt\/wp-content\/uploads\/2025\/11\/paese4.jpg","datePublished":"2025-11-24T15:48:40+00:00","dateModified":"2026-02-10T09:47:53+00:00","description":"PAESE Selfglow Blush 03 Icon \u2013 lengvai sklaidomi, ilgai i\u0161liekantys skaistalai, suteikiantys nat\u016bral\u0173 \u0161vyt\u0117jim\u0105 ir gaiv\u0173 skaistum\u0105. T\u016bris 3 g.","breadcrumb":{"@id":"https:\/\/www.malinashop.lt\/shop\/paese-selfglow-blush-03-icon-skaistalai-3-g\/#breadcrumb"},"inLanguage":"lt-LT","potentialAction":[{"@type":"ReadAction","target":["https:\/\/www.malinashop.lt\/shop\/paese-selfglow-blush-03-icon-skaistalai-3-g\/"]}]},{"@type":"ImageObject","inLanguage":"lt-LT","@id":"https:\/\/www.malinashop.lt\/shop\/paese-selfglow-blush-03-icon-skaistalai-3-g\/#primaryimage","url":"https:\/\/www.malinashop.lt\/wp-content\/uploads\/2025\/11\/paese4.jpg","contentUrl":"https:\/\/www.malinashop.lt\/wp-content\/uploads\/2025\/11\/paese4.jpg","width":1000,"height":1000},{"@type":"BreadcrumbList","@id":"https:\/\/www.malinashop.lt\/shop\/paese-selfglow-blush-03-icon-skaistalai-3-g\/#breadcrumb","itemListElement":[{"@type":"ListItem","position":1,"name":"Pagrindinis","item":"https:\/\/www.malinashop.lt\/"},{"@type":"ListItem","position":2,"name":"Parduotuv\u0117","item":"https:\/\/www.malinashop.lt\/en\/parduotuve\/"},{"@type":"ListItem","position":3,"name":"PAESE SELFGLOW BLUSH 03 Icon skaistalai, 3 g"}]},{"@type":"WebSite","@id":"https:\/\/www.malinashop.lt\/#website","url":"https:\/\/www.malinashop.lt\/","name":"COM Group Ecommerce","description":"MalinaShop.lt - Gro\u017eio ir sveikatos produktai i\u0161 patikim\u0173 preki\u0173 \u017eenkl\u0173. Atraskite auk\u0161tos kokyb\u0117s kosmetik\u0105 u\u017e puiki\u0105 kain\u0105.","publisher":{"@id":"https:\/\/www.malinashop.lt\/#organization"},"potentialAction":[{"@type":"SearchAction","target":{"@type":"EntryPoint","urlTemplate":"https:\/\/www.malinashop.lt\/?s={search_term_string}"},"query-input":{"@type":"PropertyValueSpecification","valueRequired":true,"valueName":"search_term_string"}}],"inLanguage":"lt-LT"},{"@type":"Organization","@id":"https:\/\/www.malinashop.lt\/#organization","name":"COM Group Ecommerce","url":"https:\/\/www.malinashop.lt\/","logo":{"@type":"ImageObject","inLanguage":"lt-LT","@id":"https:\/\/www.malinashop.lt\/#\/schema\/logo\/image\/","url":"https:\/\/www.malinashop.lt\/wp-content\/uploads\/2024\/08\/462559670_3787732518133670_9795632669273463_n-e1731525914575.png","contentUrl":"https:\/\/www.malinashop.lt\/wp-content\/uploads\/2024\/08\/462559670_3787732518133670_9795632669273463_n-e1731525914575.png","width":180,"height":60,"caption":"COM Group Ecommerce"},"image":{"@id":"https:\/\/www.malinashop.lt\/#\/schema\/logo\/image\/"}}]}},"jetpack_sharing_enabled":true,"_links":{"self":[{"href":"https:\/\/www.malinashop.lt\/lt_lt\/wp-json\/wp\/v2\/product\/65303","targetHints":{"allow":["GET"]}}],"collection":[{"href":"https:\/\/www.malinashop.lt\/lt_lt\/wp-json\/wp\/v2\/product"}],"about":[{"href":"https:\/\/www.malinashop.lt\/lt_lt\/wp-json\/wp\/v2\/types\/product"}],"version-history":[{"count":2,"href":"https:\/\/www.malinashop.lt\/lt_lt\/wp-json\/wp\/v2\/product\/65303\/revisions"}],"predecessor-version":[{"id":72212,"href":"https:\/\/www.malinashop.lt\/lt_lt\/wp-json\/wp\/v2\/product\/65303\/revisions\/72212"}],"wp:featuredmedia":[{"embeddable":true,"href":"https:\/\/www.malinashop.lt\/lt_lt\/wp-json\/wp\/v2\/media\/65305"}],"wp:attachment":[{"href":"https:\/\/www.malinashop.lt\/lt_lt\/wp-json\/wp\/v2\/media?parent=65303"}],"wp:term":[{"taxonomy":"product_brand","embeddable":true,"href":"https:\/\/www.malinashop.lt\/lt_lt\/wp-json\/wp\/v2\/product_brand?post=65303"},{"taxonomy":"product_cat","embeddable":true,"href":"https:\/\/www.malinashop.lt\/lt_lt\/wp-json\/wp\/v2\/product_cat?post=65303"},{"taxonomy":"product_tag","embeddable":true,"href":"https:\/\/www.malinashop.lt\/lt_lt\/wp-json\/wp\/v2\/product_tag?post=65303"}],"curies":[{"name":"wp","href":"https:\/\/api.w.org\/{rel}","templated":true}]}}