{"id":65289,"date":"2025-11-24T18:48:40","date_gmt":"2025-11-24T15:48:40","guid":{"rendered":"https:\/\/malinashop.lt\/?post_type=product&#038;p=65289"},"modified":"2026-02-10T12:42:11","modified_gmt":"2026-02-10T09:42:11","slug":"nanoteqa-pet-stain-odour-remover-naminiu-gyvuneliu-demiu-ir-kvapu-valiklis-500-ml","status":"publish","type":"product","link":"https:\/\/www.malinashop.lt\/lt_lt\/shop\/nanoteqa-pet-stain-odour-remover-naminiu-gyvuneliu-demiu-ir-kvapu-valiklis-500-ml\/","title":{"rendered":"NANOTEQA PET STAIN &#038; ODOUR REMOVER namini\u0173 gyv\u016bn\u0117li\u0173 d\u0117mi\u0173 ir kvap\u0173 valiklis, 500 ml"},"content":{"rendered":"<div class=\"ewa-rteLine\">\n<p data-start=\"291\" data-end=\"633\"><strong data-start=\"291\" data-end=\"329\">NANOTEQA Pet Stain &amp; Odour Remover<\/strong> \u2013 tai itin veiksmingas <strong data-start=\"353\" data-end=\"395\">biofermentinis d\u0117mi\u0173 ir kvap\u0173 valiklis<\/strong>, sukurtas specialiai ka\u010di\u0173 ir \u0161un\u0173 \u0161lapimo, kvap\u0173 bei kit\u0173 organini\u0173 ne\u0161varum\u0173 \u0161alinimui. Pa\u017eangi ferment\u0173 ir nauding\u0173 bakterij\u0173 formul\u0117 skaido <strong data-start=\"540\" data-end=\"570\">\u0161lapimo r\u016bg\u0161ties kristalus<\/strong>, visi\u0161kai pa\u0161alindama kvapo \u0161altin\u012f, o ne tik j\u012f u\u017emaskuodama.<\/p>\n<p data-start=\"635\" data-end=\"884\">Valiklis veikia giliai \u2013 efektyviai pa\u0161alina <strong data-start=\"680\" data-end=\"718\">senas, \u012fsig\u0117rusias d\u0117mes ir kvapus<\/strong> i\u0161 \u012fvairi\u0173 pavir\u0161i\u0173. Sud\u0117tyje esantys <strong data-start=\"757\" data-end=\"781\">feromon\u0173 blokatoriai<\/strong> padeda atpratinti kates nuo pakartotinio \u017eym\u0117jimo, taip ma\u017einant nepageidaujam\u0105 gyv\u016bn\u0173 elges\u012f namuose.<\/p>\n<p data-start=\"886\" data-end=\"1050\">Produktas yra <strong data-start=\"900\" data-end=\"930\">saugus \u017emon\u0117ms ir gyv\u016bnams<\/strong>, netoksi\u0161kas ir tinkamas kasdieniam naudojimui. Puikiai tinka tiek namams, tiek automobiliui ar gyv\u016bn\u0173 poilsio vietoms.<\/p>\n<p data-start=\"1052\" data-end=\"1080\"><strong data-start=\"1052\" data-end=\"1080\">Pagrindiniai privalumai:<\/strong><\/p>\n<ul data-start=\"1081\" data-end=\"1395\">\n<li data-start=\"1081\" data-end=\"1130\">\n<p data-start=\"1083\" data-end=\"1130\">Skaido ir pa\u0161alina \u0161lapimo r\u016bg\u0161ties kristalus<\/p>\n<\/li>\n<li data-start=\"1131\" data-end=\"1191\">\n<p data-start=\"1133\" data-end=\"1191\">Efektyviai naikina nemalonius kvapus, o ne juos maskuoja<\/p>\n<\/li>\n<li data-start=\"1192\" data-end=\"1246\">\n<p data-start=\"1194\" data-end=\"1246\">Tinka seniems ir sunkiai pa\u0161alinamiems ne\u0161varumams<\/p>\n<\/li>\n<li data-start=\"1247\" data-end=\"1309\">\n<p data-start=\"1249\" data-end=\"1309\">Feromon\u0173 blokatoriai padeda i\u0161vengti pakartotinio \u017eym\u0117jimo<\/p>\n<\/li>\n<li data-start=\"1310\" data-end=\"1364\">\n<p data-start=\"1312\" data-end=\"1364\">Saugus biologinis valiklis \u017emon\u0117ms ir augintiniams<\/p>\n<\/li>\n<li data-start=\"1365\" data-end=\"1395\">\n<p data-start=\"1367\" data-end=\"1395\">Nepalieka lipnumo ar d\u0117mi\u0173<\/p>\n<\/li>\n<\/ul>\n<p data-start=\"1397\" data-end=\"1418\"><strong data-start=\"1397\" data-end=\"1418\">Naudojimo sritys:<\/strong><\/p>\n<ul data-start=\"1419\" data-end=\"1569\">\n<li data-start=\"1419\" data-end=\"1441\">\n<p data-start=\"1421\" data-end=\"1441\">Kilimai ir grindys<\/p>\n<\/li>\n<li data-start=\"1442\" data-end=\"1465\">\n<p data-start=\"1444\" data-end=\"1465\">Baldai ir \u010diu\u017einiai<\/p>\n<\/li>\n<li data-start=\"1466\" data-end=\"1490\">\n<p data-start=\"1468\" data-end=\"1490\">Drabu\u017eiai ir avalyn\u0117<\/p>\n<\/li>\n<li data-start=\"1491\" data-end=\"1514\">\n<p data-start=\"1493\" data-end=\"1514\">Automobilio s\u0117dyn\u0117s<\/p>\n<\/li>\n<li data-start=\"1515\" data-end=\"1546\">\n<p data-start=\"1517\" data-end=\"1546\">Gyv\u016bn\u0117li\u0173 guoliai, patalyn\u0117<\/p>\n<\/li>\n<li data-start=\"1547\" data-end=\"1569\">\n<p data-start=\"1549\" data-end=\"1569\">Ka\u010di\u0173 kraiko d\u0117\u017e\u0117s<\/p>\n<\/li>\n<\/ul>\n<\/div>\n","protected":false},"excerpt":{"rendered":"<p data-start=\"1612\" data-end=\"1843\">Biofermentinis namini\u0173 gyv\u016bn\u0117li\u0173 d\u0117mi\u0173 ir kvap\u0173 valiklis, kuris skaido \u0161lapimo r\u016bg\u0161ties kristalus ir visi\u0161kai pa\u0161alina kvap\u0173 \u0161altin\u012f. Tinka kilimams, baldams, grindims, drabu\u017eiams ir gyv\u016bn\u0173 guoliams. Saugus \u017emon\u0117ms ir augintiniams.<\/p>\n","protected":false},"featured_media":65291,"template":"","meta":[],"product_brand":[1539],"product_cat":[1167],"product_tag":[1613],"class_list":{"0":"post-65289","1":"product","2":"type-product","3":"status-publish","4":"has-post-thumbnail","6":"product_brand-nanoteqa","7":"product_cat-valikliai","8":"product_tag-nanoteqa","10":"first","11":"instock","12":"purchasable","13":"product-type-simple"},"yoast_head":"<!-- This site is optimized with the Yoast SEO plugin v27.4 - https:\/\/yoast.com\/product\/yoast-seo-wordpress\/ -->\n<title>NANOTEQA PET STAIN &amp; ODOUR REMOVER namini\u0173 gyv\u016bn\u0117li\u0173 d\u0117mi\u0173 ir kvap\u0173 valiklis, 500 ml - MalinaShop.lt J\u016bs\u0173 sveikatai ir gro\u017eiui.<\/title>\n<meta name=\"description\" content=\"NANOTEQA Pet Stain &amp; Odour Remover \u2013 biofermentinis d\u0117mi\u0173 ir kvap\u0173 valiklis gyv\u016bn\u0173 \u0161lapimui. Pa\u0161alina senus kvapus, tinka kilimams, baldams ir guoliams.\" \/>\n<meta name=\"robots\" content=\"index, follow, max-snippet:-1, max-image-preview:large, max-video-preview:-1\" \/>\n<link rel=\"canonical\" href=\"https:\/\/www.malinashop.lt\/lt_lt\/shop\/nanoteqa-pet-stain-odour-remover-naminiu-gyvuneliu-demiu-ir-kvapu-valiklis-500-ml\/\" \/>\n<meta property=\"og:locale\" content=\"lt_LT\" \/>\n<meta property=\"og:type\" content=\"article\" \/>\n<meta property=\"og:title\" content=\"NANOTEQA PET STAIN &amp; ODOUR REMOVER namini\u0173 gyv\u016bn\u0117li\u0173 d\u0117mi\u0173 ir kvap\u0173 valiklis, 500 ml - MalinaShop.lt J\u016bs\u0173 sveikatai ir gro\u017eiui.\" \/>\n<meta property=\"og:description\" content=\"NANOTEQA Pet Stain &amp; Odour Remover \u2013 biofermentinis d\u0117mi\u0173 ir kvap\u0173 valiklis gyv\u016bn\u0173 \u0161lapimui. Pa\u0161alina senus kvapus, tinka kilimams, baldams ir guoliams.\" \/>\n<meta property=\"og:url\" content=\"https:\/\/www.malinashop.lt\/lt_lt\/shop\/nanoteqa-pet-stain-odour-remover-naminiu-gyvuneliu-demiu-ir-kvapu-valiklis-500-ml\/\" \/>\n<meta property=\"og:site_name\" content=\"MalinaShop.lt J\u016bs\u0173 sveikatai ir gro\u017eiui.\" \/>\n<meta property=\"article:modified_time\" content=\"2026-02-10T09:42:11+00:00\" \/>\n<meta property=\"og:image\" content=\"https:\/\/www.malinashop.lt\/wp-content\/uploads\/2025\/11\/5065013751313.jpg\" \/>\n\t<meta property=\"og:image:width\" content=\"1000\" \/>\n\t<meta property=\"og:image:height\" content=\"1000\" \/>\n\t<meta property=\"og:image:type\" content=\"image\/jpeg\" \/>\n<meta name=\"twitter:card\" content=\"summary_large_image\" \/>\n<script type=\"application\/ld+json\" class=\"yoast-schema-graph\">{\"@context\":\"https:\\\/\\\/schema.org\",\"@graph\":[{\"@type\":\"WebPage\",\"@id\":\"https:\\\/\\\/www.malinashop.lt\\\/lt_lt\\\/shop\\\/nanoteqa-pet-stain-odour-remover-naminiu-gyvuneliu-demiu-ir-kvapu-valiklis-500-ml\\\/\",\"url\":\"https:\\\/\\\/www.malinashop.lt\\\/lt_lt\\\/shop\\\/nanoteqa-pet-stain-odour-remover-naminiu-gyvuneliu-demiu-ir-kvapu-valiklis-500-ml\\\/\",\"name\":\"NANOTEQA PET STAIN & ODOUR REMOVER namini\u0173 gyv\u016bn\u0117li\u0173 d\u0117mi\u0173 ir kvap\u0173 valiklis, 500 ml - MalinaShop.lt J\u016bs\u0173 sveikatai ir gro\u017eiui.\",\"isPartOf\":{\"@id\":\"https:\\\/\\\/www.malinashop.lt\\\/#website\"},\"primaryImageOfPage\":{\"@id\":\"https:\\\/\\\/www.malinashop.lt\\\/lt_lt\\\/shop\\\/nanoteqa-pet-stain-odour-remover-naminiu-gyvuneliu-demiu-ir-kvapu-valiklis-500-ml\\\/#primaryimage\"},\"image\":{\"@id\":\"https:\\\/\\\/www.malinashop.lt\\\/lt_lt\\\/shop\\\/nanoteqa-pet-stain-odour-remover-naminiu-gyvuneliu-demiu-ir-kvapu-valiklis-500-ml\\\/#primaryimage\"},\"thumbnailUrl\":\"https:\\\/\\\/www.malinashop.lt\\\/wp-content\\\/uploads\\\/2025\\\/11\\\/5065013751313.jpg\",\"datePublished\":\"2025-11-24T15:48:40+00:00\",\"dateModified\":\"2026-02-10T09:42:11+00:00\",\"description\":\"NANOTEQA Pet Stain & Odour Remover \u2013 biofermentinis d\u0117mi\u0173 ir kvap\u0173 valiklis gyv\u016bn\u0173 \u0161lapimui. Pa\u0161alina senus kvapus, tinka kilimams, baldams ir guoliams.\",\"breadcrumb\":{\"@id\":\"https:\\\/\\\/www.malinashop.lt\\\/lt_lt\\\/shop\\\/nanoteqa-pet-stain-odour-remover-naminiu-gyvuneliu-demiu-ir-kvapu-valiklis-500-ml\\\/#breadcrumb\"},\"inLanguage\":\"lt-LT\",\"potentialAction\":[{\"@type\":\"ReadAction\",\"target\":[\"https:\\\/\\\/www.malinashop.lt\\\/lt_lt\\\/shop\\\/nanoteqa-pet-stain-odour-remover-naminiu-gyvuneliu-demiu-ir-kvapu-valiklis-500-ml\\\/\"]}]},{\"@type\":\"ImageObject\",\"inLanguage\":\"lt-LT\",\"@id\":\"https:\\\/\\\/www.malinashop.lt\\\/lt_lt\\\/shop\\\/nanoteqa-pet-stain-odour-remover-naminiu-gyvuneliu-demiu-ir-kvapu-valiklis-500-ml\\\/#primaryimage\",\"url\":\"https:\\\/\\\/www.malinashop.lt\\\/wp-content\\\/uploads\\\/2025\\\/11\\\/5065013751313.jpg\",\"contentUrl\":\"https:\\\/\\\/www.malinashop.lt\\\/wp-content\\\/uploads\\\/2025\\\/11\\\/5065013751313.jpg\",\"width\":1000,\"height\":1000},{\"@type\":\"BreadcrumbList\",\"@id\":\"https:\\\/\\\/www.malinashop.lt\\\/lt_lt\\\/shop\\\/nanoteqa-pet-stain-odour-remover-naminiu-gyvuneliu-demiu-ir-kvapu-valiklis-500-ml\\\/#breadcrumb\",\"itemListElement\":[{\"@type\":\"ListItem\",\"position\":1,\"name\":\"Pagrindinis\",\"item\":\"https:\\\/\\\/www.malinashop.lt\\\/\"},{\"@type\":\"ListItem\",\"position\":2,\"name\":\"Parduotuv\u0117\",\"item\":\"https:\\\/\\\/www.malinashop.lt\\\/en\\\/parduotuve\\\/\"},{\"@type\":\"ListItem\",\"position\":3,\"name\":\"NANOTEQA PET STAIN &#038; ODOUR REMOVER namini\u0173 gyv\u016bn\u0117li\u0173 d\u0117mi\u0173 ir kvap\u0173 valiklis, 500 ml\"}]},{\"@type\":\"WebSite\",\"@id\":\"https:\\\/\\\/www.malinashop.lt\\\/#website\",\"url\":\"https:\\\/\\\/www.malinashop.lt\\\/\",\"name\":\"COM Group Ecommerce\",\"description\":\"MalinaShop.lt - Gro\u017eio ir sveikatos produktai i\u0161 patikim\u0173 preki\u0173 \u017eenkl\u0173. Atraskite auk\u0161tos kokyb\u0117s kosmetik\u0105 u\u017e puiki\u0105 kain\u0105.\",\"publisher\":{\"@id\":\"https:\\\/\\\/www.malinashop.lt\\\/#organization\"},\"potentialAction\":[{\"@type\":\"SearchAction\",\"target\":{\"@type\":\"EntryPoint\",\"urlTemplate\":\"https:\\\/\\\/www.malinashop.lt\\\/?s={search_term_string}\"},\"query-input\":{\"@type\":\"PropertyValueSpecification\",\"valueRequired\":true,\"valueName\":\"search_term_string\"}}],\"inLanguage\":\"lt-LT\"},{\"@type\":\"Organization\",\"@id\":\"https:\\\/\\\/www.malinashop.lt\\\/#organization\",\"name\":\"COM Group Ecommerce\",\"url\":\"https:\\\/\\\/www.malinashop.lt\\\/\",\"logo\":{\"@type\":\"ImageObject\",\"inLanguage\":\"lt-LT\",\"@id\":\"https:\\\/\\\/www.malinashop.lt\\\/#\\\/schema\\\/logo\\\/image\\\/\",\"url\":\"https:\\\/\\\/www.malinashop.lt\\\/wp-content\\\/uploads\\\/2024\\\/08\\\/462559670_3787732518133670_9795632669273463_n-e1731525914575.png\",\"contentUrl\":\"https:\\\/\\\/www.malinashop.lt\\\/wp-content\\\/uploads\\\/2024\\\/08\\\/462559670_3787732518133670_9795632669273463_n-e1731525914575.png\",\"width\":180,\"height\":60,\"caption\":\"COM Group Ecommerce\"},\"image\":{\"@id\":\"https:\\\/\\\/www.malinashop.lt\\\/#\\\/schema\\\/logo\\\/image\\\/\"}}]}<\/script>\n<!-- \/ Yoast SEO plugin. -->","yoast_head_json":{"title":"NANOTEQA PET STAIN & ODOUR REMOVER namini\u0173 gyv\u016bn\u0117li\u0173 d\u0117mi\u0173 ir kvap\u0173 valiklis, 500 ml - MalinaShop.lt J\u016bs\u0173 sveikatai ir gro\u017eiui.","description":"NANOTEQA Pet Stain & Odour Remover \u2013 biofermentinis d\u0117mi\u0173 ir kvap\u0173 valiklis gyv\u016bn\u0173 \u0161lapimui. Pa\u0161alina senus kvapus, tinka kilimams, baldams ir guoliams.","robots":{"index":"index","follow":"follow","max-snippet":"max-snippet:-1","max-image-preview":"max-image-preview:large","max-video-preview":"max-video-preview:-1"},"canonical":"https:\/\/www.malinashop.lt\/lt_lt\/shop\/nanoteqa-pet-stain-odour-remover-naminiu-gyvuneliu-demiu-ir-kvapu-valiklis-500-ml\/","og_locale":"lt_LT","og_type":"article","og_title":"NANOTEQA PET STAIN & ODOUR REMOVER namini\u0173 gyv\u016bn\u0117li\u0173 d\u0117mi\u0173 ir kvap\u0173 valiklis, 500 ml - MalinaShop.lt J\u016bs\u0173 sveikatai ir gro\u017eiui.","og_description":"NANOTEQA Pet Stain & Odour Remover \u2013 biofermentinis d\u0117mi\u0173 ir kvap\u0173 valiklis gyv\u016bn\u0173 \u0161lapimui. Pa\u0161alina senus kvapus, tinka kilimams, baldams ir guoliams.","og_url":"https:\/\/www.malinashop.lt\/lt_lt\/shop\/nanoteqa-pet-stain-odour-remover-naminiu-gyvuneliu-demiu-ir-kvapu-valiklis-500-ml\/","og_site_name":"MalinaShop.lt J\u016bs\u0173 sveikatai ir gro\u017eiui.","article_modified_time":"2026-02-10T09:42:11+00:00","og_image":[{"width":1000,"height":1000,"url":"https:\/\/www.malinashop.lt\/wp-content\/uploads\/2025\/11\/5065013751313.jpg","type":"image\/jpeg"}],"twitter_card":"summary_large_image","schema":{"@context":"https:\/\/schema.org","@graph":[{"@type":"WebPage","@id":"https:\/\/www.malinashop.lt\/lt_lt\/shop\/nanoteqa-pet-stain-odour-remover-naminiu-gyvuneliu-demiu-ir-kvapu-valiklis-500-ml\/","url":"https:\/\/www.malinashop.lt\/lt_lt\/shop\/nanoteqa-pet-stain-odour-remover-naminiu-gyvuneliu-demiu-ir-kvapu-valiklis-500-ml\/","name":"NANOTEQA PET STAIN & ODOUR REMOVER namini\u0173 gyv\u016bn\u0117li\u0173 d\u0117mi\u0173 ir kvap\u0173 valiklis, 500 ml - MalinaShop.lt J\u016bs\u0173 sveikatai ir gro\u017eiui.","isPartOf":{"@id":"https:\/\/www.malinashop.lt\/#website"},"primaryImageOfPage":{"@id":"https:\/\/www.malinashop.lt\/lt_lt\/shop\/nanoteqa-pet-stain-odour-remover-naminiu-gyvuneliu-demiu-ir-kvapu-valiklis-500-ml\/#primaryimage"},"image":{"@id":"https:\/\/www.malinashop.lt\/lt_lt\/shop\/nanoteqa-pet-stain-odour-remover-naminiu-gyvuneliu-demiu-ir-kvapu-valiklis-500-ml\/#primaryimage"},"thumbnailUrl":"https:\/\/www.malinashop.lt\/wp-content\/uploads\/2025\/11\/5065013751313.jpg","datePublished":"2025-11-24T15:48:40+00:00","dateModified":"2026-02-10T09:42:11+00:00","description":"NANOTEQA Pet Stain & Odour Remover \u2013 biofermentinis d\u0117mi\u0173 ir kvap\u0173 valiklis gyv\u016bn\u0173 \u0161lapimui. Pa\u0161alina senus kvapus, tinka kilimams, baldams ir guoliams.","breadcrumb":{"@id":"https:\/\/www.malinashop.lt\/lt_lt\/shop\/nanoteqa-pet-stain-odour-remover-naminiu-gyvuneliu-demiu-ir-kvapu-valiklis-500-ml\/#breadcrumb"},"inLanguage":"lt-LT","potentialAction":[{"@type":"ReadAction","target":["https:\/\/www.malinashop.lt\/lt_lt\/shop\/nanoteqa-pet-stain-odour-remover-naminiu-gyvuneliu-demiu-ir-kvapu-valiklis-500-ml\/"]}]},{"@type":"ImageObject","inLanguage":"lt-LT","@id":"https:\/\/www.malinashop.lt\/lt_lt\/shop\/nanoteqa-pet-stain-odour-remover-naminiu-gyvuneliu-demiu-ir-kvapu-valiklis-500-ml\/#primaryimage","url":"https:\/\/www.malinashop.lt\/wp-content\/uploads\/2025\/11\/5065013751313.jpg","contentUrl":"https:\/\/www.malinashop.lt\/wp-content\/uploads\/2025\/11\/5065013751313.jpg","width":1000,"height":1000},{"@type":"BreadcrumbList","@id":"https:\/\/www.malinashop.lt\/lt_lt\/shop\/nanoteqa-pet-stain-odour-remover-naminiu-gyvuneliu-demiu-ir-kvapu-valiklis-500-ml\/#breadcrumb","itemListElement":[{"@type":"ListItem","position":1,"name":"Pagrindinis","item":"https:\/\/www.malinashop.lt\/"},{"@type":"ListItem","position":2,"name":"Parduotuv\u0117","item":"https:\/\/www.malinashop.lt\/en\/parduotuve\/"},{"@type":"ListItem","position":3,"name":"NANOTEQA PET STAIN &#038; ODOUR REMOVER namini\u0173 gyv\u016bn\u0117li\u0173 d\u0117mi\u0173 ir kvap\u0173 valiklis, 500 ml"}]},{"@type":"WebSite","@id":"https:\/\/www.malinashop.lt\/#website","url":"https:\/\/www.malinashop.lt\/","name":"COM Group Ecommerce","description":"MalinaShop.lt - Gro\u017eio ir sveikatos produktai i\u0161 patikim\u0173 preki\u0173 \u017eenkl\u0173. Atraskite auk\u0161tos kokyb\u0117s kosmetik\u0105 u\u017e puiki\u0105 kain\u0105.","publisher":{"@id":"https:\/\/www.malinashop.lt\/#organization"},"potentialAction":[{"@type":"SearchAction","target":{"@type":"EntryPoint","urlTemplate":"https:\/\/www.malinashop.lt\/?s={search_term_string}"},"query-input":{"@type":"PropertyValueSpecification","valueRequired":true,"valueName":"search_term_string"}}],"inLanguage":"lt-LT"},{"@type":"Organization","@id":"https:\/\/www.malinashop.lt\/#organization","name":"COM Group Ecommerce","url":"https:\/\/www.malinashop.lt\/","logo":{"@type":"ImageObject","inLanguage":"lt-LT","@id":"https:\/\/www.malinashop.lt\/#\/schema\/logo\/image\/","url":"https:\/\/www.malinashop.lt\/wp-content\/uploads\/2024\/08\/462559670_3787732518133670_9795632669273463_n-e1731525914575.png","contentUrl":"https:\/\/www.malinashop.lt\/wp-content\/uploads\/2024\/08\/462559670_3787732518133670_9795632669273463_n-e1731525914575.png","width":180,"height":60,"caption":"COM Group Ecommerce"},"image":{"@id":"https:\/\/www.malinashop.lt\/#\/schema\/logo\/image\/"}}]}},"jetpack_sharing_enabled":true,"_links":{"self":[{"href":"https:\/\/www.malinashop.lt\/lt_lt\/wp-json\/wp\/v2\/product\/65289","targetHints":{"allow":["GET"]}}],"collection":[{"href":"https:\/\/www.malinashop.lt\/lt_lt\/wp-json\/wp\/v2\/product"}],"about":[{"href":"https:\/\/www.malinashop.lt\/lt_lt\/wp-json\/wp\/v2\/types\/product"}],"version-history":[{"count":2,"href":"https:\/\/www.malinashop.lt\/lt_lt\/wp-json\/wp\/v2\/product\/65289\/revisions"}],"predecessor-version":[{"id":73117,"href":"https:\/\/www.malinashop.lt\/lt_lt\/wp-json\/wp\/v2\/product\/65289\/revisions\/73117"}],"wp:featuredmedia":[{"embeddable":true,"href":"https:\/\/www.malinashop.lt\/lt_lt\/wp-json\/wp\/v2\/media\/65291"}],"wp:attachment":[{"href":"https:\/\/www.malinashop.lt\/lt_lt\/wp-json\/wp\/v2\/media?parent=65289"}],"wp:term":[{"taxonomy":"product_brand","embeddable":true,"href":"https:\/\/www.malinashop.lt\/lt_lt\/wp-json\/wp\/v2\/product_brand?post=65289"},{"taxonomy":"product_cat","embeddable":true,"href":"https:\/\/www.malinashop.lt\/lt_lt\/wp-json\/wp\/v2\/product_cat?post=65289"},{"taxonomy":"product_tag","embeddable":true,"href":"https:\/\/www.malinashop.lt\/lt_lt\/wp-json\/wp\/v2\/product_tag?post=65289"}],"curies":[{"name":"wp","href":"https:\/\/api.w.org\/{rel}","templated":true}]}}