{"id":65254,"date":"2025-11-24T18:48:20","date_gmt":"2025-11-24T15:48:20","guid":{"rendered":"https:\/\/malinashop.lt\/?post_type=product&#038;p=65254"},"modified":"2026-02-10T12:42:13","modified_gmt":"2026-02-10T09:42:13","slug":"nanoteqa-textile-cleaner-tekstiles-valiklis-500-ml","status":"publish","type":"product","link":"https:\/\/www.malinashop.lt\/lt_lt\/shop\/nanoteqa-textile-cleaner-tekstiles-valiklis-500-ml\/","title":{"rendered":"NANOTEQA TEXTILE CLEANER tekstil\u0117s valiklis, 500 ml"},"content":{"rendered":"<div class=\"ewa-rteLine\">\n<p data-start=\"142\" data-end=\"478\"><strong data-start=\"142\" data-end=\"170\">NANOTEQA Textile Cleaner<\/strong> \u2013 tai auk\u0161tos kokyb\u0117s universalus tekstil\u0117s valiklis su nano-sidabro dalel\u0117mis, skirtas efektyviam ir saugiam vis\u0173 tip\u0173 audini\u0173 valymui. Pa\u017eangi formul\u0117 giliai \u012fsiskverbia \u012f tekstil\u0117s strukt\u016br\u0105 ir pa\u0161alina net \u012fsisen\u0117jusius ne\u0161varumus, d\u0117mes bei nemalonius kvapus, nepa\u017eeisdama audinio spalvos ar tekst\u016bros.<\/p>\n<p data-start=\"480\" data-end=\"702\">Nano-sidabro dalel\u0117s ne tik padeda kruop\u0161\u010diai i\u0161valyti pavir\u0161i\u0173, bet ir suformuoja nematom\u0105 apsaugin\u012f sluoksn\u012f, kuris l\u0117tina pakartotin\u012f purvo kaupim\u0105si. D\u0117l to tekstil\u0117 ilgiau i\u0161lieka \u0161vari, gaivi ir esteti\u0161kai patraukli.<\/p>\n<p data-start=\"704\" data-end=\"1021\">\u0160is tekstil\u0117s valiklis tinka <strong data-start=\"733\" data-end=\"799\">odiniams pavir\u0161iams, apmu\u0161alams, zom\u0161ui ir \u012fvairiems audiniams<\/strong>. Jis nepalieka d\u0117mi\u0173, dry\u017ei\u0173 ar \u012fbr\u0117\u017eim\u0173, tod\u0117l idealiai tinka tiek nam\u0173, tiek automobilio prie\u017ei\u016brai. Be chloro ir r\u016bg\u0161\u010di\u0173, sud\u0117tyje n\u0117ra agresyvi\u0173 chemini\u0173 med\u017eiag\u0173, tod\u0117l produktas saugus naudoti net vaik\u0173 kambariuose.<\/p>\n<p data-start=\"1023\" data-end=\"1061\">Puikus pasirinkimas norint atnaujinti:<\/p>\n<ul data-start=\"1062\" data-end=\"1215\">\n<li data-start=\"1062\" data-end=\"1075\">\n<p data-start=\"1064\" data-end=\"1075\">drabu\u017eius<\/p>\n<\/li>\n<li data-start=\"1076\" data-end=\"1099\">\n<p data-start=\"1078\" data-end=\"1099\">automobilio s\u0117dynes<\/p>\n<\/li>\n<li data-start=\"1100\" data-end=\"1119\">\n<p data-start=\"1102\" data-end=\"1119\">mink\u0161tus baldus<\/p>\n<\/li>\n<li data-start=\"1120\" data-end=\"1143\">\n<p data-start=\"1122\" data-end=\"1143\">kilimus ir takelius<\/p>\n<\/li>\n<li data-start=\"1144\" data-end=\"1158\">\n<p data-start=\"1146\" data-end=\"1158\">u\u017euolaidas<\/p>\n<\/li>\n<li data-start=\"1159\" data-end=\"1190\">\n<p data-start=\"1161\" data-end=\"1190\">\u010diu\u017einius ir lovos u\u017eklotus<\/p>\n<\/li>\n<li data-start=\"1191\" data-end=\"1215\">\n<p data-start=\"1193\" data-end=\"1215\">lauko bald\u0173 tekstil\u0119<\/p>\n<\/li>\n<\/ul>\n<\/div>\n<div><\/div>\n","protected":false},"excerpt":{"rendered":"<p data-start=\"1260\" data-end=\"1448\">Universalus tekstil\u0117s valiklis su nano-sidabru, kuris giliai valo audinius, apsaugo nuo pakartotinio ne\u0161varum\u0173 kaupimosi ir nepa\u017eeid\u017eia spalvos. Be chloro ir r\u016bg\u0161\u010di\u0173 \u2013 saugus visai \u0161eimai.<\/p>\n","protected":false},"featured_media":65256,"template":"","meta":[],"product_brand":[1539],"product_cat":[1167],"product_tag":[1613],"class_list":{"0":"post-65254","1":"product","2":"type-product","3":"status-publish","4":"has-post-thumbnail","6":"product_brand-nanoteqa","7":"product_cat-valikliai","8":"product_tag-nanoteqa","10":"first","11":"instock","12":"purchasable","13":"product-type-simple"},"yoast_head":"<!-- This site is optimized with the Yoast SEO plugin v27.4 - https:\/\/yoast.com\/product\/yoast-seo-wordpress\/ -->\n<title>NANOTEQA TEXTILE CLEANER tekstil\u0117s valiklis, 500 ml - MalinaShop.lt J\u016bs\u0173 sveikatai ir gro\u017eiui.<\/title>\n<meta name=\"description\" content=\"NANOTEQA Textile Cleaner \u2013 universalus tekstil\u0117s valiklis su nano-sidabru. Giliai valo audinius, saugo nuo purvo, nepalieka d\u0117mi\u0173 ir tinka baldams.\" \/>\n<meta name=\"robots\" content=\"index, follow, max-snippet:-1, max-image-preview:large, max-video-preview:-1\" \/>\n<link rel=\"canonical\" href=\"https:\/\/www.malinashop.lt\/lt_lt\/shop\/nanoteqa-textile-cleaner-tekstiles-valiklis-500-ml\/\" \/>\n<meta property=\"og:locale\" content=\"lt_LT\" \/>\n<meta property=\"og:type\" content=\"article\" \/>\n<meta property=\"og:title\" content=\"NANOTEQA TEXTILE CLEANER tekstil\u0117s valiklis, 500 ml - MalinaShop.lt J\u016bs\u0173 sveikatai ir gro\u017eiui.\" \/>\n<meta property=\"og:description\" content=\"NANOTEQA Textile Cleaner \u2013 universalus tekstil\u0117s valiklis su nano-sidabru. Giliai valo audinius, saugo nuo purvo, nepalieka d\u0117mi\u0173 ir tinka baldams.\" \/>\n<meta property=\"og:url\" content=\"https:\/\/www.malinashop.lt\/lt_lt\/shop\/nanoteqa-textile-cleaner-tekstiles-valiklis-500-ml\/\" \/>\n<meta property=\"og:site_name\" content=\"MalinaShop.lt J\u016bs\u0173 sveikatai ir gro\u017eiui.\" \/>\n<meta property=\"article:modified_time\" content=\"2026-02-10T09:42:13+00:00\" \/>\n<meta property=\"og:image\" content=\"https:\/\/www.malinashop.lt\/wp-content\/uploads\/2025\/11\/5065013751030-1.jpg\" \/>\n\t<meta property=\"og:image:width\" content=\"1000\" \/>\n\t<meta property=\"og:image:height\" content=\"1000\" \/>\n\t<meta property=\"og:image:type\" content=\"image\/jpeg\" \/>\n<meta name=\"twitter:card\" content=\"summary_large_image\" \/>\n<script type=\"application\/ld+json\" class=\"yoast-schema-graph\">{\"@context\":\"https:\\\/\\\/schema.org\",\"@graph\":[{\"@type\":\"WebPage\",\"@id\":\"https:\\\/\\\/www.malinashop.lt\\\/en\\\/shop\\\/nanoteqa-textile-cleaner-tekstiles-valiklis-500-ml\\\/\",\"url\":\"https:\\\/\\\/www.malinashop.lt\\\/en\\\/shop\\\/nanoteqa-textile-cleaner-tekstiles-valiklis-500-ml\\\/\",\"name\":\"NANOTEQA TEXTILE CLEANER tekstil\u0117s valiklis, 500 ml - MalinaShop.lt J\u016bs\u0173 sveikatai ir gro\u017eiui.\",\"isPartOf\":{\"@id\":\"https:\\\/\\\/www.malinashop.lt\\\/#website\"},\"primaryImageOfPage\":{\"@id\":\"https:\\\/\\\/www.malinashop.lt\\\/en\\\/shop\\\/nanoteqa-textile-cleaner-tekstiles-valiklis-500-ml\\\/#primaryimage\"},\"image\":{\"@id\":\"https:\\\/\\\/www.malinashop.lt\\\/en\\\/shop\\\/nanoteqa-textile-cleaner-tekstiles-valiklis-500-ml\\\/#primaryimage\"},\"thumbnailUrl\":\"https:\\\/\\\/www.malinashop.lt\\\/wp-content\\\/uploads\\\/2025\\\/11\\\/5065013751030-1.jpg\",\"datePublished\":\"2025-11-24T15:48:20+00:00\",\"dateModified\":\"2026-02-10T09:42:13+00:00\",\"description\":\"NANOTEQA Textile Cleaner \u2013 universalus tekstil\u0117s valiklis su nano-sidabru. Giliai valo audinius, saugo nuo purvo, nepalieka d\u0117mi\u0173 ir tinka baldams.\",\"breadcrumb\":{\"@id\":\"https:\\\/\\\/www.malinashop.lt\\\/en\\\/shop\\\/nanoteqa-textile-cleaner-tekstiles-valiklis-500-ml\\\/#breadcrumb\"},\"inLanguage\":\"lt-LT\",\"potentialAction\":[{\"@type\":\"ReadAction\",\"target\":[\"https:\\\/\\\/www.malinashop.lt\\\/en\\\/shop\\\/nanoteqa-textile-cleaner-tekstiles-valiklis-500-ml\\\/\"]}]},{\"@type\":\"ImageObject\",\"inLanguage\":\"lt-LT\",\"@id\":\"https:\\\/\\\/www.malinashop.lt\\\/en\\\/shop\\\/nanoteqa-textile-cleaner-tekstiles-valiklis-500-ml\\\/#primaryimage\",\"url\":\"https:\\\/\\\/www.malinashop.lt\\\/wp-content\\\/uploads\\\/2025\\\/11\\\/5065013751030-1.jpg\",\"contentUrl\":\"https:\\\/\\\/www.malinashop.lt\\\/wp-content\\\/uploads\\\/2025\\\/11\\\/5065013751030-1.jpg\",\"width\":1000,\"height\":1000},{\"@type\":\"BreadcrumbList\",\"@id\":\"https:\\\/\\\/www.malinashop.lt\\\/en\\\/shop\\\/nanoteqa-textile-cleaner-tekstiles-valiklis-500-ml\\\/#breadcrumb\",\"itemListElement\":[{\"@type\":\"ListItem\",\"position\":1,\"name\":\"Pagrindinis\",\"item\":\"https:\\\/\\\/www.malinashop.lt\\\/\"},{\"@type\":\"ListItem\",\"position\":2,\"name\":\"Parduotuv\u0117\",\"item\":\"https:\\\/\\\/www.malinashop.lt\\\/en\\\/parduotuve\\\/\"},{\"@type\":\"ListItem\",\"position\":3,\"name\":\"NANOTEQA TEXTILE CLEANER tekstil\u0117s valiklis, 500 ml\"}]},{\"@type\":\"WebSite\",\"@id\":\"https:\\\/\\\/www.malinashop.lt\\\/#website\",\"url\":\"https:\\\/\\\/www.malinashop.lt\\\/\",\"name\":\"COM Group Ecommerce\",\"description\":\"MalinaShop.lt - Gro\u017eio ir sveikatos produktai i\u0161 patikim\u0173 preki\u0173 \u017eenkl\u0173. Atraskite auk\u0161tos kokyb\u0117s kosmetik\u0105 u\u017e puiki\u0105 kain\u0105.\",\"publisher\":{\"@id\":\"https:\\\/\\\/www.malinashop.lt\\\/#organization\"},\"potentialAction\":[{\"@type\":\"SearchAction\",\"target\":{\"@type\":\"EntryPoint\",\"urlTemplate\":\"https:\\\/\\\/www.malinashop.lt\\\/?s={search_term_string}\"},\"query-input\":{\"@type\":\"PropertyValueSpecification\",\"valueRequired\":true,\"valueName\":\"search_term_string\"}}],\"inLanguage\":\"lt-LT\"},{\"@type\":\"Organization\",\"@id\":\"https:\\\/\\\/www.malinashop.lt\\\/#organization\",\"name\":\"COM Group Ecommerce\",\"url\":\"https:\\\/\\\/www.malinashop.lt\\\/\",\"logo\":{\"@type\":\"ImageObject\",\"inLanguage\":\"lt-LT\",\"@id\":\"https:\\\/\\\/www.malinashop.lt\\\/#\\\/schema\\\/logo\\\/image\\\/\",\"url\":\"https:\\\/\\\/www.malinashop.lt\\\/wp-content\\\/uploads\\\/2024\\\/08\\\/462559670_3787732518133670_9795632669273463_n-e1731525914575.png\",\"contentUrl\":\"https:\\\/\\\/www.malinashop.lt\\\/wp-content\\\/uploads\\\/2024\\\/08\\\/462559670_3787732518133670_9795632669273463_n-e1731525914575.png\",\"width\":180,\"height\":60,\"caption\":\"COM Group Ecommerce\"},\"image\":{\"@id\":\"https:\\\/\\\/www.malinashop.lt\\\/#\\\/schema\\\/logo\\\/image\\\/\"}}]}<\/script>\n<!-- \/ Yoast SEO plugin. -->","yoast_head_json":{"title":"NANOTEQA TEXTILE CLEANER tekstil\u0117s valiklis, 500 ml - MalinaShop.lt J\u016bs\u0173 sveikatai ir gro\u017eiui.","description":"NANOTEQA Textile Cleaner \u2013 universalus tekstil\u0117s valiklis su nano-sidabru. Giliai valo audinius, saugo nuo purvo, nepalieka d\u0117mi\u0173 ir tinka baldams.","robots":{"index":"index","follow":"follow","max-snippet":"max-snippet:-1","max-image-preview":"max-image-preview:large","max-video-preview":"max-video-preview:-1"},"canonical":"https:\/\/www.malinashop.lt\/lt_lt\/shop\/nanoteqa-textile-cleaner-tekstiles-valiklis-500-ml\/","og_locale":"lt_LT","og_type":"article","og_title":"NANOTEQA TEXTILE CLEANER tekstil\u0117s valiklis, 500 ml - MalinaShop.lt J\u016bs\u0173 sveikatai ir gro\u017eiui.","og_description":"NANOTEQA Textile Cleaner \u2013 universalus tekstil\u0117s valiklis su nano-sidabru. Giliai valo audinius, saugo nuo purvo, nepalieka d\u0117mi\u0173 ir tinka baldams.","og_url":"https:\/\/www.malinashop.lt\/lt_lt\/shop\/nanoteqa-textile-cleaner-tekstiles-valiklis-500-ml\/","og_site_name":"MalinaShop.lt J\u016bs\u0173 sveikatai ir gro\u017eiui.","article_modified_time":"2026-02-10T09:42:13+00:00","og_image":[{"width":1000,"height":1000,"url":"https:\/\/www.malinashop.lt\/wp-content\/uploads\/2025\/11\/5065013751030-1.jpg","type":"image\/jpeg"}],"twitter_card":"summary_large_image","schema":{"@context":"https:\/\/schema.org","@graph":[{"@type":"WebPage","@id":"https:\/\/www.malinashop.lt\/en\/shop\/nanoteqa-textile-cleaner-tekstiles-valiklis-500-ml\/","url":"https:\/\/www.malinashop.lt\/en\/shop\/nanoteqa-textile-cleaner-tekstiles-valiklis-500-ml\/","name":"NANOTEQA TEXTILE CLEANER tekstil\u0117s valiklis, 500 ml - MalinaShop.lt J\u016bs\u0173 sveikatai ir gro\u017eiui.","isPartOf":{"@id":"https:\/\/www.malinashop.lt\/#website"},"primaryImageOfPage":{"@id":"https:\/\/www.malinashop.lt\/en\/shop\/nanoteqa-textile-cleaner-tekstiles-valiklis-500-ml\/#primaryimage"},"image":{"@id":"https:\/\/www.malinashop.lt\/en\/shop\/nanoteqa-textile-cleaner-tekstiles-valiklis-500-ml\/#primaryimage"},"thumbnailUrl":"https:\/\/www.malinashop.lt\/wp-content\/uploads\/2025\/11\/5065013751030-1.jpg","datePublished":"2025-11-24T15:48:20+00:00","dateModified":"2026-02-10T09:42:13+00:00","description":"NANOTEQA Textile Cleaner \u2013 universalus tekstil\u0117s valiklis su nano-sidabru. Giliai valo audinius, saugo nuo purvo, nepalieka d\u0117mi\u0173 ir tinka baldams.","breadcrumb":{"@id":"https:\/\/www.malinashop.lt\/en\/shop\/nanoteqa-textile-cleaner-tekstiles-valiklis-500-ml\/#breadcrumb"},"inLanguage":"lt-LT","potentialAction":[{"@type":"ReadAction","target":["https:\/\/www.malinashop.lt\/en\/shop\/nanoteqa-textile-cleaner-tekstiles-valiklis-500-ml\/"]}]},{"@type":"ImageObject","inLanguage":"lt-LT","@id":"https:\/\/www.malinashop.lt\/en\/shop\/nanoteqa-textile-cleaner-tekstiles-valiklis-500-ml\/#primaryimage","url":"https:\/\/www.malinashop.lt\/wp-content\/uploads\/2025\/11\/5065013751030-1.jpg","contentUrl":"https:\/\/www.malinashop.lt\/wp-content\/uploads\/2025\/11\/5065013751030-1.jpg","width":1000,"height":1000},{"@type":"BreadcrumbList","@id":"https:\/\/www.malinashop.lt\/en\/shop\/nanoteqa-textile-cleaner-tekstiles-valiklis-500-ml\/#breadcrumb","itemListElement":[{"@type":"ListItem","position":1,"name":"Pagrindinis","item":"https:\/\/www.malinashop.lt\/"},{"@type":"ListItem","position":2,"name":"Parduotuv\u0117","item":"https:\/\/www.malinashop.lt\/en\/parduotuve\/"},{"@type":"ListItem","position":3,"name":"NANOTEQA TEXTILE CLEANER tekstil\u0117s valiklis, 500 ml"}]},{"@type":"WebSite","@id":"https:\/\/www.malinashop.lt\/#website","url":"https:\/\/www.malinashop.lt\/","name":"COM Group Ecommerce","description":"MalinaShop.lt - Gro\u017eio ir sveikatos produktai i\u0161 patikim\u0173 preki\u0173 \u017eenkl\u0173. Atraskite auk\u0161tos kokyb\u0117s kosmetik\u0105 u\u017e puiki\u0105 kain\u0105.","publisher":{"@id":"https:\/\/www.malinashop.lt\/#organization"},"potentialAction":[{"@type":"SearchAction","target":{"@type":"EntryPoint","urlTemplate":"https:\/\/www.malinashop.lt\/?s={search_term_string}"},"query-input":{"@type":"PropertyValueSpecification","valueRequired":true,"valueName":"search_term_string"}}],"inLanguage":"lt-LT"},{"@type":"Organization","@id":"https:\/\/www.malinashop.lt\/#organization","name":"COM Group Ecommerce","url":"https:\/\/www.malinashop.lt\/","logo":{"@type":"ImageObject","inLanguage":"lt-LT","@id":"https:\/\/www.malinashop.lt\/#\/schema\/logo\/image\/","url":"https:\/\/www.malinashop.lt\/wp-content\/uploads\/2024\/08\/462559670_3787732518133670_9795632669273463_n-e1731525914575.png","contentUrl":"https:\/\/www.malinashop.lt\/wp-content\/uploads\/2024\/08\/462559670_3787732518133670_9795632669273463_n-e1731525914575.png","width":180,"height":60,"caption":"COM Group Ecommerce"},"image":{"@id":"https:\/\/www.malinashop.lt\/#\/schema\/logo\/image\/"}}]}},"jetpack_sharing_enabled":true,"_links":{"self":[{"href":"https:\/\/www.malinashop.lt\/lt_lt\/wp-json\/wp\/v2\/product\/65254","targetHints":{"allow":["GET"]}}],"collection":[{"href":"https:\/\/www.malinashop.lt\/lt_lt\/wp-json\/wp\/v2\/product"}],"about":[{"href":"https:\/\/www.malinashop.lt\/lt_lt\/wp-json\/wp\/v2\/types\/product"}],"version-history":[{"count":3,"href":"https:\/\/www.malinashop.lt\/lt_lt\/wp-json\/wp\/v2\/product\/65254\/revisions"}],"predecessor-version":[{"id":73124,"href":"https:\/\/www.malinashop.lt\/lt_lt\/wp-json\/wp\/v2\/product\/65254\/revisions\/73124"}],"wp:featuredmedia":[{"embeddable":true,"href":"https:\/\/www.malinashop.lt\/lt_lt\/wp-json\/wp\/v2\/media\/65256"}],"wp:attachment":[{"href":"https:\/\/www.malinashop.lt\/lt_lt\/wp-json\/wp\/v2\/media?parent=65254"}],"wp:term":[{"taxonomy":"product_brand","embeddable":true,"href":"https:\/\/www.malinashop.lt\/lt_lt\/wp-json\/wp\/v2\/product_brand?post=65254"},{"taxonomy":"product_cat","embeddable":true,"href":"https:\/\/www.malinashop.lt\/lt_lt\/wp-json\/wp\/v2\/product_cat?post=65254"},{"taxonomy":"product_tag","embeddable":true,"href":"https:\/\/www.malinashop.lt\/lt_lt\/wp-json\/wp\/v2\/product_tag?post=65254"}],"curies":[{"name":"wp","href":"https:\/\/api.w.org\/{rel}","templated":true}]}}