{"id":65157,"date":"2025-11-24T18:46:56","date_gmt":"2025-11-24T15:46:56","guid":{"rendered":"https:\/\/malinashop.lt\/?post_type=product&#038;p=65157"},"modified":"2026-01-12T15:50:27","modified_gmt":"2026-01-12T12:50:27","slug":"minetan-wounder-self-tan-foam-savaiminio-idegio-putos-200-ml","status":"publish","type":"product","link":"https:\/\/www.malinashop.lt\/lt_lt\/shop\/minetan-wounder-self-tan-foam-savaiminio-idegio-putos-200-ml\/","title":{"rendered":"MINETAN WOUNDER SELF TAN FOAM savaiminio \u012fdegio putos, 200 ml"},"content":{"rendered":"<p data-start=\"140\" data-end=\"528\"><strong data-start=\"140\" data-end=\"202\"><span class=\"hover:entity-accent entity-underline inline cursor-pointer align-baseline\"><span class=\"whitespace-normal\">MINETAN<\/span><\/span> WONDER SELF TAN FOAM<\/strong> \u2013 tai auk\u0161tos kokyb\u0117s savaiminio \u012fdegio putos, suteikian\u010dios sodr\u0173, \u0161ilt\u0105 ir tamsiai bronzin\u012f \u012fdeg\u012f kartu intensyviai puosel\u0117jant od\u0105. Inovatyvi formul\u0117 praturtinta <strong data-start=\"368\" data-end=\"407\">augalin\u0117s kilm\u0117s hialurono r\u016bg\u0161timi<\/strong> bei <strong data-start=\"412\" data-end=\"440\">vitaminais A, C, B3 ir E<\/strong>, kurie padeda u\u017etikrinti maksimal\u0173 dr\u0117kinim\u0105, odos elastingum\u0105 ir jaunatvi\u0161k\u0105 i\u0161vaizd\u0105.<\/p>\n<p data-start=\"530\" data-end=\"837\">Trij\u0173 molekulini\u0173 lygi\u0173 hialurono r\u016bg\u0161tis veikia kaip stiprus dr\u0117kiklis \u2013 ji sugeria ir \u201eu\u017erakina\u201c dr\u0117gm\u0119 odoje, tod\u0117l oda tampa akivaizd\u017eiai <strong data-start=\"672\" data-end=\"708\">\u0161velnesn\u0117, putlesn\u0117 ir glotnesn\u0117<\/strong>. Vitamin\u0173 kompleksas padeda suma\u017einti smulki\u0173 linij\u0173 ir rauk\u0161li\u0173 matomum\u0105, skaistina od\u0105 ir suteikia nat\u016braliai sveik\u0105 spindes\u012f.<\/p>\n<p data-start=\"839\" data-end=\"1094\">Lengvos tekst\u016bros putos tolygiai pasiskirsto, nepalieka dry\u017ei\u0173 ir leid\u017eia <strong data-start=\"913\" data-end=\"948\">kontroliuoti \u012fdegio intensyvum\u0105<\/strong> \u2013 nuo nat\u016bralaus iki itin intensyvaus. Tinka vis\u0173 tip\u0173 ir atspalvi\u0173 odai, ypa\u010d tiems, kurie nori <strong data-start=\"1046\" data-end=\"1093\">ilgai i\u0161liekan\u010dio, profesionalaus rezultato<\/strong>.<\/p>\n<p data-start=\"1096\" data-end=\"1124\"><strong data-start=\"1096\" data-end=\"1124\">Pagrindiniai privalumai:<\/strong><\/p>\n<ul data-start=\"1125\" data-end=\"1393\">\n<li data-start=\"1125\" data-end=\"1172\">\n<p data-start=\"1127\" data-end=\"1172\">Intensyvus, \u0161iltas tamsiai bronzinis \u012fdegis<\/p>\n<\/li>\n<li data-start=\"1173\" data-end=\"1236\">\n<p data-start=\"1175\" data-end=\"1236\">Augalin\u0117s kilm\u0117s hialurono r\u016bg\u0161tis \u2013 daugialypis dr\u0117kinimas<\/p>\n<\/li>\n<li data-start=\"1237\" data-end=\"1284\">\n<p data-start=\"1239\" data-end=\"1284\">Vitaminai A, C, B3 ir E \u2013 odos puosel\u0117jimui<\/p>\n<\/li>\n<li data-start=\"1285\" data-end=\"1325\">\n<p data-start=\"1287\" data-end=\"1325\">\u0160velni, putlesn\u0117 ir elastingesn\u0117 oda<\/p>\n<\/li>\n<li data-start=\"1326\" data-end=\"1368\">\n<p data-start=\"1328\" data-end=\"1368\">Be dry\u017ei\u0173, lengvai paskirstoma formul\u0117<\/p>\n<\/li>\n<li data-start=\"1369\" data-end=\"1393\">\n<p data-start=\"1371\" data-end=\"1393\">Tinka vis\u0173 tip\u0173 odai<\/p>\n<\/li>\n<\/ul>\n<p data-start=\"1395\" data-end=\"1569\"><strong data-start=\"1395\" data-end=\"1410\">Naudojimas:<\/strong><br data-start=\"1410\" data-end=\"1413\" \/>Tepkite ant \u0161varios, nu\u0161veistos odos naudodami \u012fdegio pir\u0161tin\u0119. Saikingai tepkite ties alk\u016bn\u0117mis, keliais ir kulk\u0161nimis. Po naudojimo nusiplaukite rankas.<\/p>\n<ul data-start=\"1570\" data-end=\"1784\">\n<li data-start=\"1570\" data-end=\"1618\">\n<p data-start=\"1572\" data-end=\"1618\">Nusiprauskite po 1 val. \u2013 nat\u016braliam \u012fdegiui<\/p>\n<\/li>\n<li data-start=\"1619\" data-end=\"1663\">\n<p data-start=\"1621\" data-end=\"1663\">Laikykite ilgiau \u2013 tamsesniam rezultatui<\/p>\n<\/li>\n<li data-start=\"1664\" data-end=\"1784\">\n<p data-start=\"1666\" data-end=\"1784\">Prauskit\u0117s drungnu vandeniu ~45 sek., be muilo<br data-start=\"1712\" data-end=\"1715\" \/>\u012edegis gil\u0117ja per 24 val. Reguliarus prausimasis galimas po 8\u201316 val.<\/p>\n<\/li>\n<\/ul>\n<p data-start=\"1786\" data-end=\"1920\">Rekomenduojama naudoti <strong data-start=\"1809\" data-end=\"1838\">Bronze On Applicator Mitt<\/strong>. Vienam pilnam k\u016bno \u012fdegiui pakanka ~15 ml \u2013 vieno buteliuko u\u017etenka 10\u201315 kart\u0173.<\/p>\n","protected":false},"excerpt":{"rendered":"<p data-start=\"1963\" data-end=\"2147\">MINETAN WONDER SELF TAN FOAM \u2013 savaiminio \u012fdegio putos su hialurono r\u016bg\u0161timi ir vitaminais, suteikian\u010dios intensyv\u0173, \u0161ilt\u0105 bronzin\u012f \u012fdeg\u012f, dr\u0117kinan\u010dios ir puosel\u0117jan\u010dios od\u0105 be dry\u017ei\u0173.<\/p>\n","protected":false},"featured_media":65159,"template":"","meta":[],"product_brand":[1542],"product_cat":[1350,731],"product_tag":[],"class_list":{"0":"post-65157","1":"product","2":"type-product","3":"status-publish","4":"has-post-thumbnail","6":"product_brand-minetan","7":"product_cat-idegio-priemones","8":"product_cat-kunui","10":"first","11":"instock","12":"sale","13":"purchasable","14":"product-type-simple"},"yoast_head":"<!-- This site is optimized with the Yoast SEO plugin v27.4 - https:\/\/yoast.com\/product\/yoast-seo-wordpress\/ -->\n<title>MINETAN WOUNDER SELF TAN FOAM savaiminio \u012fdegio putos, 200 ml - MalinaShop.lt J\u016bs\u0173 sveikatai ir gro\u017eiui.<\/title>\n<meta name=\"description\" content=\"MINETAN Wonder Self Tan Foam \u2013 intensyviai dr\u0117kinan\u010dios savaiminio \u012fdegio putos su hialurono r\u016bg\u0161timi ir vitaminais. Sodraus, bronzinio \u012fdegio rezultatas.\" \/>\n<meta name=\"robots\" content=\"index, follow, max-snippet:-1, max-image-preview:large, max-video-preview:-1\" \/>\n<link rel=\"canonical\" href=\"https:\/\/www.malinashop.lt\/lt_lt\/shop\/minetan-wounder-self-tan-foam-savaiminio-idegio-putos-200-ml\/\" \/>\n<meta property=\"og:locale\" content=\"lt_LT\" \/>\n<meta property=\"og:type\" content=\"article\" \/>\n<meta property=\"og:title\" content=\"MINETAN WOUNDER SELF TAN FOAM savaiminio \u012fdegio putos, 200 ml - MalinaShop.lt J\u016bs\u0173 sveikatai ir gro\u017eiui.\" \/>\n<meta property=\"og:description\" content=\"MINETAN Wonder Self Tan Foam \u2013 intensyviai dr\u0117kinan\u010dios savaiminio \u012fdegio putos su hialurono r\u016bg\u0161timi ir vitaminais. Sodraus, bronzinio \u012fdegio rezultatas.\" \/>\n<meta property=\"og:url\" content=\"https:\/\/www.malinashop.lt\/lt_lt\/shop\/minetan-wounder-self-tan-foam-savaiminio-idegio-putos-200-ml\/\" \/>\n<meta property=\"og:site_name\" content=\"MalinaShop.lt J\u016bs\u0173 sveikatai ir gro\u017eiui.\" \/>\n<meta property=\"article:modified_time\" content=\"2026-01-12T12:50:27+00:00\" \/>\n<meta property=\"og:image\" content=\"https:\/\/www.malinashop.lt\/wp-content\/uploads\/2025\/11\/9347108049090.png\" \/>\n\t<meta property=\"og:image:width\" content=\"1000\" \/>\n\t<meta property=\"og:image:height\" content=\"1000\" \/>\n\t<meta property=\"og:image:type\" content=\"image\/png\" \/>\n<meta name=\"twitter:card\" content=\"summary_large_image\" \/>\n<script type=\"application\/ld+json\" class=\"yoast-schema-graph\">{\"@context\":\"https:\\\/\\\/schema.org\",\"@graph\":[{\"@type\":\"WebPage\",\"@id\":\"https:\\\/\\\/www.malinashop.lt\\\/en\\\/shop\\\/minetan-wounder-self-tan-foam-savaiminio-idegio-putos-200-ml\\\/\",\"url\":\"https:\\\/\\\/www.malinashop.lt\\\/en\\\/shop\\\/minetan-wounder-self-tan-foam-savaiminio-idegio-putos-200-ml\\\/\",\"name\":\"MINETAN WOUNDER SELF TAN FOAM savaiminio \u012fdegio putos, 200 ml - MalinaShop.lt J\u016bs\u0173 sveikatai ir gro\u017eiui.\",\"isPartOf\":{\"@id\":\"https:\\\/\\\/www.malinashop.lt\\\/en\\\/#website\"},\"primaryImageOfPage\":{\"@id\":\"https:\\\/\\\/www.malinashop.lt\\\/en\\\/shop\\\/minetan-wounder-self-tan-foam-savaiminio-idegio-putos-200-ml\\\/#primaryimage\"},\"image\":{\"@id\":\"https:\\\/\\\/www.malinashop.lt\\\/en\\\/shop\\\/minetan-wounder-self-tan-foam-savaiminio-idegio-putos-200-ml\\\/#primaryimage\"},\"thumbnailUrl\":\"https:\\\/\\\/www.malinashop.lt\\\/wp-content\\\/uploads\\\/2025\\\/11\\\/9347108049090.png\",\"datePublished\":\"2025-11-24T15:46:56+00:00\",\"dateModified\":\"2026-01-12T12:50:27+00:00\",\"description\":\"MINETAN Wonder Self Tan Foam \u2013 intensyviai dr\u0117kinan\u010dios savaiminio \u012fdegio putos su hialurono r\u016bg\u0161timi ir vitaminais. Sodraus, bronzinio \u012fdegio rezultatas.\",\"breadcrumb\":{\"@id\":\"https:\\\/\\\/www.malinashop.lt\\\/en\\\/shop\\\/minetan-wounder-self-tan-foam-savaiminio-idegio-putos-200-ml\\\/#breadcrumb\"},\"inLanguage\":\"lt-LT\",\"potentialAction\":[{\"@type\":\"ReadAction\",\"target\":[\"https:\\\/\\\/www.malinashop.lt\\\/en\\\/shop\\\/minetan-wounder-self-tan-foam-savaiminio-idegio-putos-200-ml\\\/\"]}]},{\"@type\":\"ImageObject\",\"inLanguage\":\"lt-LT\",\"@id\":\"https:\\\/\\\/www.malinashop.lt\\\/en\\\/shop\\\/minetan-wounder-self-tan-foam-savaiminio-idegio-putos-200-ml\\\/#primaryimage\",\"url\":\"https:\\\/\\\/www.malinashop.lt\\\/wp-content\\\/uploads\\\/2025\\\/11\\\/9347108049090.png\",\"contentUrl\":\"https:\\\/\\\/www.malinashop.lt\\\/wp-content\\\/uploads\\\/2025\\\/11\\\/9347108049090.png\",\"width\":1000,\"height\":1000},{\"@type\":\"BreadcrumbList\",\"@id\":\"https:\\\/\\\/www.malinashop.lt\\\/en\\\/shop\\\/minetan-wounder-self-tan-foam-savaiminio-idegio-putos-200-ml\\\/#breadcrumb\",\"itemListElement\":[{\"@type\":\"ListItem\",\"position\":1,\"name\":\"Home\",\"item\":\"https:\\\/\\\/www.malinashop.lt\\\/en\\\/\"},{\"@type\":\"ListItem\",\"position\":2,\"name\":\"Parduotuv\u0117\",\"item\":\"https:\\\/\\\/www.malinashop.lt\\\/en\\\/parduotuve\\\/\"},{\"@type\":\"ListItem\",\"position\":3,\"name\":\"MINETAN WOUNDER SELF TAN FOAM savaiminio \u012fdegio putos, 200 ml\"}]},{\"@type\":\"WebSite\",\"@id\":\"https:\\\/\\\/www.malinashop.lt\\\/en\\\/#website\",\"url\":\"https:\\\/\\\/www.malinashop.lt\\\/en\\\/\",\"name\":\"COM Group Ecommerce\",\"description\":\"MalinaShop.lt - Gro\u017eio ir sveikatos produktai i\u0161 patikim\u0173 preki\u0173 \u017eenkl\u0173. Atraskite auk\u0161tos kokyb\u0117s kosmetik\u0105 u\u017e puiki\u0105 kain\u0105.\",\"publisher\":{\"@id\":\"https:\\\/\\\/www.malinashop.lt\\\/en\\\/#organization\"},\"potentialAction\":[{\"@type\":\"SearchAction\",\"target\":{\"@type\":\"EntryPoint\",\"urlTemplate\":\"https:\\\/\\\/www.malinashop.lt\\\/en\\\/?s={search_term_string}\"},\"query-input\":{\"@type\":\"PropertyValueSpecification\",\"valueRequired\":true,\"valueName\":\"search_term_string\"}}],\"inLanguage\":\"lt-LT\"},{\"@type\":\"Organization\",\"@id\":\"https:\\\/\\\/www.malinashop.lt\\\/en\\\/#organization\",\"name\":\"COM Group Ecommerce\",\"url\":\"https:\\\/\\\/www.malinashop.lt\\\/en\\\/\",\"logo\":{\"@type\":\"ImageObject\",\"inLanguage\":\"lt-LT\",\"@id\":\"https:\\\/\\\/www.malinashop.lt\\\/en\\\/#\\\/schema\\\/logo\\\/image\\\/\",\"url\":\"https:\\\/\\\/www.malinashop.lt\\\/wp-content\\\/uploads\\\/2024\\\/08\\\/462559670_3787732518133670_9795632669273463_n-e1731525914575.png\",\"contentUrl\":\"https:\\\/\\\/www.malinashop.lt\\\/wp-content\\\/uploads\\\/2024\\\/08\\\/462559670_3787732518133670_9795632669273463_n-e1731525914575.png\",\"width\":180,\"height\":60,\"caption\":\"COM Group Ecommerce\"},\"image\":{\"@id\":\"https:\\\/\\\/www.malinashop.lt\\\/en\\\/#\\\/schema\\\/logo\\\/image\\\/\"}}]}<\/script>\n<!-- \/ Yoast SEO plugin. -->","yoast_head_json":{"title":"MINETAN WOUNDER SELF TAN FOAM savaiminio \u012fdegio putos, 200 ml - MalinaShop.lt J\u016bs\u0173 sveikatai ir gro\u017eiui.","description":"MINETAN Wonder Self Tan Foam \u2013 intensyviai dr\u0117kinan\u010dios savaiminio \u012fdegio putos su hialurono r\u016bg\u0161timi ir vitaminais. Sodraus, bronzinio \u012fdegio rezultatas.","robots":{"index":"index","follow":"follow","max-snippet":"max-snippet:-1","max-image-preview":"max-image-preview:large","max-video-preview":"max-video-preview:-1"},"canonical":"https:\/\/www.malinashop.lt\/lt_lt\/shop\/minetan-wounder-self-tan-foam-savaiminio-idegio-putos-200-ml\/","og_locale":"lt_LT","og_type":"article","og_title":"MINETAN WOUNDER SELF TAN FOAM savaiminio \u012fdegio putos, 200 ml - MalinaShop.lt J\u016bs\u0173 sveikatai ir gro\u017eiui.","og_description":"MINETAN Wonder Self Tan Foam \u2013 intensyviai dr\u0117kinan\u010dios savaiminio \u012fdegio putos su hialurono r\u016bg\u0161timi ir vitaminais. Sodraus, bronzinio \u012fdegio rezultatas.","og_url":"https:\/\/www.malinashop.lt\/lt_lt\/shop\/minetan-wounder-self-tan-foam-savaiminio-idegio-putos-200-ml\/","og_site_name":"MalinaShop.lt J\u016bs\u0173 sveikatai ir gro\u017eiui.","article_modified_time":"2026-01-12T12:50:27+00:00","og_image":[{"width":1000,"height":1000,"url":"https:\/\/www.malinashop.lt\/wp-content\/uploads\/2025\/11\/9347108049090.png","type":"image\/png"}],"twitter_card":"summary_large_image","schema":{"@context":"https:\/\/schema.org","@graph":[{"@type":"WebPage","@id":"https:\/\/www.malinashop.lt\/en\/shop\/minetan-wounder-self-tan-foam-savaiminio-idegio-putos-200-ml\/","url":"https:\/\/www.malinashop.lt\/en\/shop\/minetan-wounder-self-tan-foam-savaiminio-idegio-putos-200-ml\/","name":"MINETAN WOUNDER SELF TAN FOAM savaiminio \u012fdegio putos, 200 ml - MalinaShop.lt J\u016bs\u0173 sveikatai ir gro\u017eiui.","isPartOf":{"@id":"https:\/\/www.malinashop.lt\/en\/#website"},"primaryImageOfPage":{"@id":"https:\/\/www.malinashop.lt\/en\/shop\/minetan-wounder-self-tan-foam-savaiminio-idegio-putos-200-ml\/#primaryimage"},"image":{"@id":"https:\/\/www.malinashop.lt\/en\/shop\/minetan-wounder-self-tan-foam-savaiminio-idegio-putos-200-ml\/#primaryimage"},"thumbnailUrl":"https:\/\/www.malinashop.lt\/wp-content\/uploads\/2025\/11\/9347108049090.png","datePublished":"2025-11-24T15:46:56+00:00","dateModified":"2026-01-12T12:50:27+00:00","description":"MINETAN Wonder Self Tan Foam \u2013 intensyviai dr\u0117kinan\u010dios savaiminio \u012fdegio putos su hialurono r\u016bg\u0161timi ir vitaminais. Sodraus, bronzinio \u012fdegio rezultatas.","breadcrumb":{"@id":"https:\/\/www.malinashop.lt\/en\/shop\/minetan-wounder-self-tan-foam-savaiminio-idegio-putos-200-ml\/#breadcrumb"},"inLanguage":"lt-LT","potentialAction":[{"@type":"ReadAction","target":["https:\/\/www.malinashop.lt\/en\/shop\/minetan-wounder-self-tan-foam-savaiminio-idegio-putos-200-ml\/"]}]},{"@type":"ImageObject","inLanguage":"lt-LT","@id":"https:\/\/www.malinashop.lt\/en\/shop\/minetan-wounder-self-tan-foam-savaiminio-idegio-putos-200-ml\/#primaryimage","url":"https:\/\/www.malinashop.lt\/wp-content\/uploads\/2025\/11\/9347108049090.png","contentUrl":"https:\/\/www.malinashop.lt\/wp-content\/uploads\/2025\/11\/9347108049090.png","width":1000,"height":1000},{"@type":"BreadcrumbList","@id":"https:\/\/www.malinashop.lt\/en\/shop\/minetan-wounder-self-tan-foam-savaiminio-idegio-putos-200-ml\/#breadcrumb","itemListElement":[{"@type":"ListItem","position":1,"name":"Home","item":"https:\/\/www.malinashop.lt\/en\/"},{"@type":"ListItem","position":2,"name":"Parduotuv\u0117","item":"https:\/\/www.malinashop.lt\/en\/parduotuve\/"},{"@type":"ListItem","position":3,"name":"MINETAN WOUNDER SELF TAN FOAM savaiminio \u012fdegio putos, 200 ml"}]},{"@type":"WebSite","@id":"https:\/\/www.malinashop.lt\/en\/#website","url":"https:\/\/www.malinashop.lt\/en\/","name":"COM Group Ecommerce","description":"MalinaShop.lt - Gro\u017eio ir sveikatos produktai i\u0161 patikim\u0173 preki\u0173 \u017eenkl\u0173. Atraskite auk\u0161tos kokyb\u0117s kosmetik\u0105 u\u017e puiki\u0105 kain\u0105.","publisher":{"@id":"https:\/\/www.malinashop.lt\/en\/#organization"},"potentialAction":[{"@type":"SearchAction","target":{"@type":"EntryPoint","urlTemplate":"https:\/\/www.malinashop.lt\/en\/?s={search_term_string}"},"query-input":{"@type":"PropertyValueSpecification","valueRequired":true,"valueName":"search_term_string"}}],"inLanguage":"lt-LT"},{"@type":"Organization","@id":"https:\/\/www.malinashop.lt\/en\/#organization","name":"COM Group Ecommerce","url":"https:\/\/www.malinashop.lt\/en\/","logo":{"@type":"ImageObject","inLanguage":"lt-LT","@id":"https:\/\/www.malinashop.lt\/en\/#\/schema\/logo\/image\/","url":"https:\/\/www.malinashop.lt\/wp-content\/uploads\/2024\/08\/462559670_3787732518133670_9795632669273463_n-e1731525914575.png","contentUrl":"https:\/\/www.malinashop.lt\/wp-content\/uploads\/2024\/08\/462559670_3787732518133670_9795632669273463_n-e1731525914575.png","width":180,"height":60,"caption":"COM Group Ecommerce"},"image":{"@id":"https:\/\/www.malinashop.lt\/en\/#\/schema\/logo\/image\/"}}]}},"jetpack_sharing_enabled":true,"_links":{"self":[{"href":"https:\/\/www.malinashop.lt\/lt_lt\/wp-json\/wp\/v2\/product\/65157","targetHints":{"allow":["GET"]}}],"collection":[{"href":"https:\/\/www.malinashop.lt\/lt_lt\/wp-json\/wp\/v2\/product"}],"about":[{"href":"https:\/\/www.malinashop.lt\/lt_lt\/wp-json\/wp\/v2\/types\/product"}],"version-history":[{"count":3,"href":"https:\/\/www.malinashop.lt\/lt_lt\/wp-json\/wp\/v2\/product\/65157\/revisions"}],"predecessor-version":[{"id":73164,"href":"https:\/\/www.malinashop.lt\/lt_lt\/wp-json\/wp\/v2\/product\/65157\/revisions\/73164"}],"wp:featuredmedia":[{"embeddable":true,"href":"https:\/\/www.malinashop.lt\/lt_lt\/wp-json\/wp\/v2\/media\/65159"}],"wp:attachment":[{"href":"https:\/\/www.malinashop.lt\/lt_lt\/wp-json\/wp\/v2\/media?parent=65157"}],"wp:term":[{"taxonomy":"product_brand","embeddable":true,"href":"https:\/\/www.malinashop.lt\/lt_lt\/wp-json\/wp\/v2\/product_brand?post=65157"},{"taxonomy":"product_cat","embeddable":true,"href":"https:\/\/www.malinashop.lt\/lt_lt\/wp-json\/wp\/v2\/product_cat?post=65157"},{"taxonomy":"product_tag","embeddable":true,"href":"https:\/\/www.malinashop.lt\/lt_lt\/wp-json\/wp\/v2\/product_tag?post=65157"}],"curies":[{"name":"wp","href":"https:\/\/api.w.org\/{rel}","templated":true}]}}