{"id":65151,"date":"2025-11-24T18:46:56","date_gmt":"2025-11-24T15:46:56","guid":{"rendered":"https:\/\/malinashop.lt\/?post_type=product&#038;p=65151"},"modified":"2026-01-12T15:47:26","modified_gmt":"2026-01-12T12:47:26","slug":"minetan-olive-self-tan-foam-savaiminio-idegio-putos-200-ml","status":"publish","type":"product","link":"https:\/\/www.malinashop.lt\/lt_lt\/shop\/minetan-olive-self-tan-foam-savaiminio-idegio-putos-200-ml\/","title":{"rendered":"MINETAN OLIVE SELF TAN FOAM savaiminio \u012fdegio putos, 200 ml"},"content":{"rendered":"<p data-start=\"147\" data-end=\"482\"><strong data-start=\"147\" data-end=\"208\"><span class=\"hover:entity-accent entity-underline inline cursor-pointer align-baseline\"><span class=\"whitespace-normal\">MINETAN<\/span><\/span> OLIVE SELF TAN FOAM<\/strong> \u2013 tai profesionalios savaiminio \u012fdegio putos, sukurtos siekiant i\u0161gauti <strong data-start=\"281\" data-end=\"355\">tams\u0173, nat\u016bral\u0173 alyvuogi\u0173 bronzos atspalv\u012f be oran\u017einio tono ir dry\u017ei\u0173<\/strong>. Lengvos tekst\u016bros, savaime besireguliuojanti formul\u0117 u\u017etikrina tolyg\u0173 padengim\u0105 ir nepriekai\u0161ting\u0105 rezultat\u0105 kiekvien\u0105 kart\u0105.<\/p>\n<p data-start=\"484\" data-end=\"803\">Unikal\u016bs <strong data-start=\"493\" data-end=\"528\">\u017eali ir tamsiai rudi bronzantai<\/strong> kartu su \u012fdegio multivitaminais ir maitinan\u010diais aliejais suteikia momentin\u012f \u012fdegio efekt\u0105, kuris palaipsniui i\u0161ry\u0161k\u0117ja \u012f sodri\u0105, gili\u0105 alyvuogi\u0173 bronz\u0105. Formul\u0117 prisitaiko prie nat\u016bralaus odos atspalvio ir j\u012f sustiprina, tod\u0117l oda atrodo sveika, lygi ir nat\u016braliai \u012fdegusi.<\/p>\n<p data-start=\"805\" data-end=\"1035\">\u0160ios savaiminio \u012fdegio putos tinka <strong data-start=\"840\" data-end=\"871\">vis\u0173 tip\u0173 ir atspalvi\u0173 odai<\/strong>, ypa\u010d toms, kurios siekia tamsesnio, bet ne dirbtinio \u012fdegio rezultato. Galite patys pasirinkti \u012fdegio intensyvum\u0105 \u2013 kuo ilgiau laikysite, tuo sodresn\u0117 bus spalva.<\/p>\n<p data-start=\"1037\" data-end=\"1302\"><strong data-start=\"1037\" data-end=\"1052\">Naudojimas:<\/strong><br data-start=\"1052\" data-end=\"1055\" \/>Tepkite ant \u0161varios, nu\u0161veistos odos, naudodami \u012fdegio pir\u0161tin\u0119. Saikingai paskirstykite ties alk\u016bn\u0117mis, keliais ir kulk\u0161nimis. Po 1\u20133+ valand\u0173 nusiprauskite po du\u0161u drungnu vandeniu (be muilo). Galutinis \u012fdegis pilnai i\u0161ry\u0161k\u0117ja per 24 valandas.<\/p>\n<p data-start=\"1304\" data-end=\"1405\">Vieno buteliuko pakanka <strong data-start=\"1328\" data-end=\"1354\">10\u201315 \u012fdegio proced\u016br\u0173<\/strong>, tod\u0117l tai ekonomi\u0161kas ir ilgalaikis pasirinkimas.<\/p>\n","protected":false},"excerpt":{"rendered":"<p data-start=\"1450\" data-end=\"1667\">MINETAN OLIVE SELF TAN FOAM \u2013 savaiminio \u012fdegio putos, suteikian\u010dios tams\u0173, nat\u016bral\u0173 alyvuogi\u0173 bronzos atspalv\u012f be dry\u017ei\u0173. Lengvai tepamos, prisitaikan\u010dios prie odos tono ir leid\u017eian\u010dios pasirinkti \u012fdegio intensyvum\u0105.<\/p>\n","protected":false},"featured_media":65153,"template":"","meta":[],"product_brand":[1542],"product_cat":[1350,731],"product_tag":[],"class_list":{"0":"post-65151","1":"product","2":"type-product","3":"status-publish","4":"has-post-thumbnail","6":"product_brand-minetan","7":"product_cat-idegio-priemones","8":"product_cat-kunui","10":"first","11":"instock","12":"sale","13":"purchasable","14":"product-type-simple"},"yoast_head":"<!-- This site is optimized with the Yoast SEO plugin v27.4 - https:\/\/yoast.com\/product\/yoast-seo-wordpress\/ -->\n<title>MINETAN OLIVE SELF TAN FOAM savaiminio \u012fdegio putos, 200 ml - MalinaShop.lt J\u016bs\u0173 sveikatai ir gro\u017eiui.<\/title>\n<meta name=\"description\" content=\"MINETAN Olive Self Tan Foam \u2013 savaiminio \u012fdegio putos su alyvuogi\u0173 bronzos atspalviu. Be dry\u017ei\u0173, be oran\u017einio tono, tinka vis\u0173 tip\u0173 odai. 200 ml.\" \/>\n<meta name=\"robots\" content=\"index, follow, max-snippet:-1, max-image-preview:large, max-video-preview:-1\" \/>\n<link rel=\"canonical\" href=\"https:\/\/www.malinashop.lt\/lt_lt\/shop\/minetan-olive-self-tan-foam-savaiminio-idegio-putos-200-ml\/\" \/>\n<meta property=\"og:locale\" content=\"lt_LT\" \/>\n<meta property=\"og:type\" content=\"article\" \/>\n<meta property=\"og:title\" content=\"MINETAN OLIVE SELF TAN FOAM savaiminio \u012fdegio putos, 200 ml - MalinaShop.lt J\u016bs\u0173 sveikatai ir gro\u017eiui.\" \/>\n<meta property=\"og:description\" content=\"MINETAN Olive Self Tan Foam \u2013 savaiminio \u012fdegio putos su alyvuogi\u0173 bronzos atspalviu. Be dry\u017ei\u0173, be oran\u017einio tono, tinka vis\u0173 tip\u0173 odai. 200 ml.\" \/>\n<meta property=\"og:url\" content=\"https:\/\/www.malinashop.lt\/lt_lt\/shop\/minetan-olive-self-tan-foam-savaiminio-idegio-putos-200-ml\/\" \/>\n<meta property=\"og:site_name\" content=\"MalinaShop.lt J\u016bs\u0173 sveikatai ir gro\u017eiui.\" \/>\n<meta property=\"article:modified_time\" content=\"2026-01-12T12:47:26+00:00\" \/>\n<meta property=\"og:image\" content=\"https:\/\/www.malinashop.lt\/wp-content\/uploads\/2025\/11\/9347108049069.png\" \/>\n\t<meta property=\"og:image:width\" content=\"1000\" \/>\n\t<meta property=\"og:image:height\" content=\"1000\" \/>\n\t<meta property=\"og:image:type\" content=\"image\/png\" \/>\n<meta name=\"twitter:card\" content=\"summary_large_image\" \/>\n<script type=\"application\/ld+json\" class=\"yoast-schema-graph\">{\"@context\":\"https:\\\/\\\/schema.org\",\"@graph\":[{\"@type\":\"WebPage\",\"@id\":\"https:\\\/\\\/www.malinashop.lt\\\/en\\\/shop\\\/minetan-olive-self-tan-foam-savaiminio-idegio-putos-200-ml\\\/\",\"url\":\"https:\\\/\\\/www.malinashop.lt\\\/en\\\/shop\\\/minetan-olive-self-tan-foam-savaiminio-idegio-putos-200-ml\\\/\",\"name\":\"MINETAN OLIVE SELF TAN FOAM savaiminio \u012fdegio putos, 200 ml - MalinaShop.lt J\u016bs\u0173 sveikatai ir gro\u017eiui.\",\"isPartOf\":{\"@id\":\"https:\\\/\\\/www.malinashop.lt\\\/#website\"},\"primaryImageOfPage\":{\"@id\":\"https:\\\/\\\/www.malinashop.lt\\\/en\\\/shop\\\/minetan-olive-self-tan-foam-savaiminio-idegio-putos-200-ml\\\/#primaryimage\"},\"image\":{\"@id\":\"https:\\\/\\\/www.malinashop.lt\\\/en\\\/shop\\\/minetan-olive-self-tan-foam-savaiminio-idegio-putos-200-ml\\\/#primaryimage\"},\"thumbnailUrl\":\"https:\\\/\\\/www.malinashop.lt\\\/wp-content\\\/uploads\\\/2025\\\/11\\\/9347108049069.png\",\"datePublished\":\"2025-11-24T15:46:56+00:00\",\"dateModified\":\"2026-01-12T12:47:26+00:00\",\"description\":\"MINETAN Olive Self Tan Foam \u2013 savaiminio \u012fdegio putos su alyvuogi\u0173 bronzos atspalviu. Be dry\u017ei\u0173, be oran\u017einio tono, tinka vis\u0173 tip\u0173 odai. 200 ml.\",\"breadcrumb\":{\"@id\":\"https:\\\/\\\/www.malinashop.lt\\\/en\\\/shop\\\/minetan-olive-self-tan-foam-savaiminio-idegio-putos-200-ml\\\/#breadcrumb\"},\"inLanguage\":\"lt-LT\",\"potentialAction\":[{\"@type\":\"ReadAction\",\"target\":[\"https:\\\/\\\/www.malinashop.lt\\\/en\\\/shop\\\/minetan-olive-self-tan-foam-savaiminio-idegio-putos-200-ml\\\/\"]}]},{\"@type\":\"ImageObject\",\"inLanguage\":\"lt-LT\",\"@id\":\"https:\\\/\\\/www.malinashop.lt\\\/en\\\/shop\\\/minetan-olive-self-tan-foam-savaiminio-idegio-putos-200-ml\\\/#primaryimage\",\"url\":\"https:\\\/\\\/www.malinashop.lt\\\/wp-content\\\/uploads\\\/2025\\\/11\\\/9347108049069.png\",\"contentUrl\":\"https:\\\/\\\/www.malinashop.lt\\\/wp-content\\\/uploads\\\/2025\\\/11\\\/9347108049069.png\",\"width\":1000,\"height\":1000},{\"@type\":\"BreadcrumbList\",\"@id\":\"https:\\\/\\\/www.malinashop.lt\\\/en\\\/shop\\\/minetan-olive-self-tan-foam-savaiminio-idegio-putos-200-ml\\\/#breadcrumb\",\"itemListElement\":[{\"@type\":\"ListItem\",\"position\":1,\"name\":\"Pagrindinis\",\"item\":\"https:\\\/\\\/www.malinashop.lt\\\/\"},{\"@type\":\"ListItem\",\"position\":2,\"name\":\"Parduotuv\u0117\",\"item\":\"https:\\\/\\\/www.malinashop.lt\\\/en\\\/parduotuve\\\/\"},{\"@type\":\"ListItem\",\"position\":3,\"name\":\"MINETAN OLIVE SELF TAN FOAM savaiminio \u012fdegio putos, 200 ml\"}]},{\"@type\":\"WebSite\",\"@id\":\"https:\\\/\\\/www.malinashop.lt\\\/#website\",\"url\":\"https:\\\/\\\/www.malinashop.lt\\\/\",\"name\":\"COM Group Ecommerce\",\"description\":\"MalinaShop.lt - Gro\u017eio ir sveikatos produktai i\u0161 patikim\u0173 preki\u0173 \u017eenkl\u0173. Atraskite auk\u0161tos kokyb\u0117s kosmetik\u0105 u\u017e puiki\u0105 kain\u0105.\",\"publisher\":{\"@id\":\"https:\\\/\\\/www.malinashop.lt\\\/#organization\"},\"potentialAction\":[{\"@type\":\"SearchAction\",\"target\":{\"@type\":\"EntryPoint\",\"urlTemplate\":\"https:\\\/\\\/www.malinashop.lt\\\/?s={search_term_string}\"},\"query-input\":{\"@type\":\"PropertyValueSpecification\",\"valueRequired\":true,\"valueName\":\"search_term_string\"}}],\"inLanguage\":\"lt-LT\"},{\"@type\":\"Organization\",\"@id\":\"https:\\\/\\\/www.malinashop.lt\\\/#organization\",\"name\":\"COM Group Ecommerce\",\"url\":\"https:\\\/\\\/www.malinashop.lt\\\/\",\"logo\":{\"@type\":\"ImageObject\",\"inLanguage\":\"lt-LT\",\"@id\":\"https:\\\/\\\/www.malinashop.lt\\\/#\\\/schema\\\/logo\\\/image\\\/\",\"url\":\"https:\\\/\\\/www.malinashop.lt\\\/wp-content\\\/uploads\\\/2024\\\/08\\\/462559670_3787732518133670_9795632669273463_n-e1731525914575.png\",\"contentUrl\":\"https:\\\/\\\/www.malinashop.lt\\\/wp-content\\\/uploads\\\/2024\\\/08\\\/462559670_3787732518133670_9795632669273463_n-e1731525914575.png\",\"width\":180,\"height\":60,\"caption\":\"COM Group Ecommerce\"},\"image\":{\"@id\":\"https:\\\/\\\/www.malinashop.lt\\\/#\\\/schema\\\/logo\\\/image\\\/\"}}]}<\/script>\n<!-- \/ Yoast SEO plugin. -->","yoast_head_json":{"title":"MINETAN OLIVE SELF TAN FOAM savaiminio \u012fdegio putos, 200 ml - MalinaShop.lt J\u016bs\u0173 sveikatai ir gro\u017eiui.","description":"MINETAN Olive Self Tan Foam \u2013 savaiminio \u012fdegio putos su alyvuogi\u0173 bronzos atspalviu. Be dry\u017ei\u0173, be oran\u017einio tono, tinka vis\u0173 tip\u0173 odai. 200 ml.","robots":{"index":"index","follow":"follow","max-snippet":"max-snippet:-1","max-image-preview":"max-image-preview:large","max-video-preview":"max-video-preview:-1"},"canonical":"https:\/\/www.malinashop.lt\/lt_lt\/shop\/minetan-olive-self-tan-foam-savaiminio-idegio-putos-200-ml\/","og_locale":"lt_LT","og_type":"article","og_title":"MINETAN OLIVE SELF TAN FOAM savaiminio \u012fdegio putos, 200 ml - MalinaShop.lt J\u016bs\u0173 sveikatai ir gro\u017eiui.","og_description":"MINETAN Olive Self Tan Foam \u2013 savaiminio \u012fdegio putos su alyvuogi\u0173 bronzos atspalviu. Be dry\u017ei\u0173, be oran\u017einio tono, tinka vis\u0173 tip\u0173 odai. 200 ml.","og_url":"https:\/\/www.malinashop.lt\/lt_lt\/shop\/minetan-olive-self-tan-foam-savaiminio-idegio-putos-200-ml\/","og_site_name":"MalinaShop.lt J\u016bs\u0173 sveikatai ir gro\u017eiui.","article_modified_time":"2026-01-12T12:47:26+00:00","og_image":[{"width":1000,"height":1000,"url":"https:\/\/www.malinashop.lt\/wp-content\/uploads\/2025\/11\/9347108049069.png","type":"image\/png"}],"twitter_card":"summary_large_image","schema":{"@context":"https:\/\/schema.org","@graph":[{"@type":"WebPage","@id":"https:\/\/www.malinashop.lt\/en\/shop\/minetan-olive-self-tan-foam-savaiminio-idegio-putos-200-ml\/","url":"https:\/\/www.malinashop.lt\/en\/shop\/minetan-olive-self-tan-foam-savaiminio-idegio-putos-200-ml\/","name":"MINETAN OLIVE SELF TAN FOAM savaiminio \u012fdegio putos, 200 ml - MalinaShop.lt J\u016bs\u0173 sveikatai ir gro\u017eiui.","isPartOf":{"@id":"https:\/\/www.malinashop.lt\/#website"},"primaryImageOfPage":{"@id":"https:\/\/www.malinashop.lt\/en\/shop\/minetan-olive-self-tan-foam-savaiminio-idegio-putos-200-ml\/#primaryimage"},"image":{"@id":"https:\/\/www.malinashop.lt\/en\/shop\/minetan-olive-self-tan-foam-savaiminio-idegio-putos-200-ml\/#primaryimage"},"thumbnailUrl":"https:\/\/www.malinashop.lt\/wp-content\/uploads\/2025\/11\/9347108049069.png","datePublished":"2025-11-24T15:46:56+00:00","dateModified":"2026-01-12T12:47:26+00:00","description":"MINETAN Olive Self Tan Foam \u2013 savaiminio \u012fdegio putos su alyvuogi\u0173 bronzos atspalviu. Be dry\u017ei\u0173, be oran\u017einio tono, tinka vis\u0173 tip\u0173 odai. 200 ml.","breadcrumb":{"@id":"https:\/\/www.malinashop.lt\/en\/shop\/minetan-olive-self-tan-foam-savaiminio-idegio-putos-200-ml\/#breadcrumb"},"inLanguage":"lt-LT","potentialAction":[{"@type":"ReadAction","target":["https:\/\/www.malinashop.lt\/en\/shop\/minetan-olive-self-tan-foam-savaiminio-idegio-putos-200-ml\/"]}]},{"@type":"ImageObject","inLanguage":"lt-LT","@id":"https:\/\/www.malinashop.lt\/en\/shop\/minetan-olive-self-tan-foam-savaiminio-idegio-putos-200-ml\/#primaryimage","url":"https:\/\/www.malinashop.lt\/wp-content\/uploads\/2025\/11\/9347108049069.png","contentUrl":"https:\/\/www.malinashop.lt\/wp-content\/uploads\/2025\/11\/9347108049069.png","width":1000,"height":1000},{"@type":"BreadcrumbList","@id":"https:\/\/www.malinashop.lt\/en\/shop\/minetan-olive-self-tan-foam-savaiminio-idegio-putos-200-ml\/#breadcrumb","itemListElement":[{"@type":"ListItem","position":1,"name":"Pagrindinis","item":"https:\/\/www.malinashop.lt\/"},{"@type":"ListItem","position":2,"name":"Parduotuv\u0117","item":"https:\/\/www.malinashop.lt\/en\/parduotuve\/"},{"@type":"ListItem","position":3,"name":"MINETAN OLIVE SELF TAN FOAM savaiminio \u012fdegio putos, 200 ml"}]},{"@type":"WebSite","@id":"https:\/\/www.malinashop.lt\/#website","url":"https:\/\/www.malinashop.lt\/","name":"COM Group Ecommerce","description":"MalinaShop.lt - Gro\u017eio ir sveikatos produktai i\u0161 patikim\u0173 preki\u0173 \u017eenkl\u0173. Atraskite auk\u0161tos kokyb\u0117s kosmetik\u0105 u\u017e puiki\u0105 kain\u0105.","publisher":{"@id":"https:\/\/www.malinashop.lt\/#organization"},"potentialAction":[{"@type":"SearchAction","target":{"@type":"EntryPoint","urlTemplate":"https:\/\/www.malinashop.lt\/?s={search_term_string}"},"query-input":{"@type":"PropertyValueSpecification","valueRequired":true,"valueName":"search_term_string"}}],"inLanguage":"lt-LT"},{"@type":"Organization","@id":"https:\/\/www.malinashop.lt\/#organization","name":"COM Group Ecommerce","url":"https:\/\/www.malinashop.lt\/","logo":{"@type":"ImageObject","inLanguage":"lt-LT","@id":"https:\/\/www.malinashop.lt\/#\/schema\/logo\/image\/","url":"https:\/\/www.malinashop.lt\/wp-content\/uploads\/2024\/08\/462559670_3787732518133670_9795632669273463_n-e1731525914575.png","contentUrl":"https:\/\/www.malinashop.lt\/wp-content\/uploads\/2024\/08\/462559670_3787732518133670_9795632669273463_n-e1731525914575.png","width":180,"height":60,"caption":"COM Group Ecommerce"},"image":{"@id":"https:\/\/www.malinashop.lt\/#\/schema\/logo\/image\/"}}]}},"jetpack_sharing_enabled":true,"_links":{"self":[{"href":"https:\/\/www.malinashop.lt\/lt_lt\/wp-json\/wp\/v2\/product\/65151","targetHints":{"allow":["GET"]}}],"collection":[{"href":"https:\/\/www.malinashop.lt\/lt_lt\/wp-json\/wp\/v2\/product"}],"about":[{"href":"https:\/\/www.malinashop.lt\/lt_lt\/wp-json\/wp\/v2\/types\/product"}],"version-history":[{"count":2,"href":"https:\/\/www.malinashop.lt\/lt_lt\/wp-json\/wp\/v2\/product\/65151\/revisions"}],"predecessor-version":[{"id":73162,"href":"https:\/\/www.malinashop.lt\/lt_lt\/wp-json\/wp\/v2\/product\/65151\/revisions\/73162"}],"wp:featuredmedia":[{"embeddable":true,"href":"https:\/\/www.malinashop.lt\/lt_lt\/wp-json\/wp\/v2\/media\/65153"}],"wp:attachment":[{"href":"https:\/\/www.malinashop.lt\/lt_lt\/wp-json\/wp\/v2\/media?parent=65151"}],"wp:term":[{"taxonomy":"product_brand","embeddable":true,"href":"https:\/\/www.malinashop.lt\/lt_lt\/wp-json\/wp\/v2\/product_brand?post=65151"},{"taxonomy":"product_cat","embeddable":true,"href":"https:\/\/www.malinashop.lt\/lt_lt\/wp-json\/wp\/v2\/product_cat?post=65151"},{"taxonomy":"product_tag","embeddable":true,"href":"https:\/\/www.malinashop.lt\/lt_lt\/wp-json\/wp\/v2\/product_tag?post=65151"}],"curies":[{"name":"wp","href":"https:\/\/api.w.org\/{rel}","templated":true}]}}