{"id":65130,"date":"2025-11-24T18:46:30","date_gmt":"2025-11-24T15:46:30","guid":{"rendered":"https:\/\/malinashop.lt\/?post_type=product&#038;p=65130"},"modified":"2026-01-12T16:57:22","modified_gmt":"2026-01-12T13:57:22","slug":"minetan-bronze-babe-home-spray-tan-kit-purskiamo-idegio-rinkinys-juodas-1-vnt","status":"publish","type":"product","link":"https:\/\/www.malinashop.lt\/lt_lt\/shop\/minetan-bronze-babe-home-spray-tan-kit-purskiamo-idegio-rinkinys-juodas-1-vnt\/","title":{"rendered":"MINETAN BRONZE BABE HOME SPRAY TAN KIT pur\u0161kiamo \u012fdegio rinkinys (juodas), 1 vnt"},"content":{"rendered":"<p data-start=\"65\" data-end=\"365\"><strong data-start=\"65\" data-end=\"142\">MINETAN pur\u0161kiamo \u012fdegio rinkinys (juodas) BRONZE BABE HOME SPRAY TAN KIT<\/strong> \u2013 tai profesionalaus lygio sprendimas, leid\u017eiantis greitai ir patogiai pasiekti tolyg\u0173, sodr\u0173 \u012fdeg\u012f namuose. Rinkinys sukurtas taip, kad net ir be patirties gal\u0117tum\u0117te m\u0117gautis nepriekai\u0161tingu rezultatu be dry\u017ei\u0173 ar d\u0117mi\u0173.<\/p>\n<p data-start=\"367\" data-end=\"620\">Lengvas ir ergonomi\u0161kas pur\u0161kiamo \u012fdegio \u012frenginys u\u017etikrina tolyg\u0173 \u012fdegio priemon\u0117s paskirstym\u0105, o galinga formul\u0117 suteikia gil\u0173, intensyv\u0173 bronzin\u012f atspalv\u012f. Tai puikus pasirinkimas tiems, kurie nori profesionalaus \u012fdegio efekto be apsilankymo salone.<\/p>\n<p data-start=\"622\" data-end=\"641\"><strong>Rinkin\u012f sudaro:<\/strong><\/p>\n<ul data-start=\"642\" data-end=\"986\">\n<li data-start=\"642\" data-end=\"763\">\n<p data-start=\"644\" data-end=\"763\"><strong data-start=\"644\" data-end=\"674\">Pur\u0161kiamo \u012fdegio \u012frenginys<\/strong> \u2013 kompakti\u0161kas, patogus laikyti, leid\u017eia lengvai ir tiksliai purk\u0161ti priemon\u0119 ant odos<\/p>\n<\/li>\n<li data-start=\"764\" data-end=\"879\">\n<p data-start=\"766\" data-end=\"879\"><strong data-start=\"766\" data-end=\"820\">Double Dark Pro savaiminio \u012fdegio dulksna (237 ml)<\/strong> \u2013 intensyviai veikianti formul\u0117 sodriam, tamsiam \u012fdegiui<\/p>\n<\/li>\n<li data-start=\"880\" data-end=\"986\">\n<p data-start=\"882\" data-end=\"986\"><strong data-start=\"882\" data-end=\"912\">Savaiminio \u012fdegio pir\u0161tin\u0117<\/strong> \u2013 padeda tolygiai paskirstyti priemon\u0119 ir apsaugo rankas nuo nusida\u017eymo<\/p>\n<\/li>\n<\/ul>\n<p data-start=\"988\" data-end=\"1128\">\u0160is pur\u0161kiamo \u012fdegio rinkinys idealiai tinka naudoti visam k\u016bnui, leid\u017eia kontroliuoti \u012fdegio intensyvum\u0105 ir d\u017eiaugtis ilgalaikiu rezultatu.<\/p>\n","protected":false},"excerpt":{"rendered":"<p data-start=\"1166\" data-end=\"1400\">MINETAN BRONZE BABE HOME SPRAY TAN KIT (juodas) \u2013 profesionalus pur\u0161kiamo \u012fdegio rinkinys, skirtas tolygiam, sodriam ir greitam \u012fdegiui namuose. Komplekte \u2013 pur\u0161kimo \u012frenginys, intensyvi \u012fdegio dulksna ir pir\u0161tin\u0117 patogiam naudojimui.<\/p>\n","protected":false},"featured_media":65132,"template":"","meta":[],"product_brand":[1542],"product_cat":[1350,731],"product_tag":[],"class_list":{"0":"post-65130","1":"product","2":"type-product","3":"status-publish","4":"has-post-thumbnail","6":"product_brand-minetan","7":"product_cat-idegio-priemones","8":"product_cat-kunui","10":"first","11":"instock","12":"sale","13":"purchasable","14":"product-type-simple"},"yoast_head":"<!-- This site is optimized with the Yoast SEO plugin v27.4 - https:\/\/yoast.com\/product\/yoast-seo-wordpress\/ -->\n<title>MINETAN BRONZE BABE HOME SPRAY TAN KIT pur\u0161kiamo \u012fdegio rinkinys (juodas), 1 vnt - MalinaShop.lt J\u016bs\u0173 sveikatai ir gro\u017eiui.<\/title>\n<meta name=\"description\" content=\"MINETAN BRONZE BABE HOME SPRAY TAN KIT \u2013 profesionalus pur\u0161kiamo \u012fdegio rinkinys namams. Tolygi bronzin\u0117 spalva, lengvas naudojimas ir saloninis rezultatas.\" \/>\n<meta name=\"robots\" content=\"index, follow, max-snippet:-1, max-image-preview:large, max-video-preview:-1\" \/>\n<link rel=\"canonical\" href=\"https:\/\/www.malinashop.lt\/lt_lt\/shop\/minetan-bronze-babe-home-spray-tan-kit-purskiamo-idegio-rinkinys-juodas-1-vnt\/\" \/>\n<meta property=\"og:locale\" content=\"lt_LT\" \/>\n<meta property=\"og:type\" content=\"article\" \/>\n<meta property=\"og:title\" content=\"MINETAN BRONZE BABE HOME SPRAY TAN KIT pur\u0161kiamo \u012fdegio rinkinys (juodas), 1 vnt - MalinaShop.lt J\u016bs\u0173 sveikatai ir gro\u017eiui.\" \/>\n<meta property=\"og:description\" content=\"MINETAN BRONZE BABE HOME SPRAY TAN KIT \u2013 profesionalus pur\u0161kiamo \u012fdegio rinkinys namams. Tolygi bronzin\u0117 spalva, lengvas naudojimas ir saloninis rezultatas.\" \/>\n<meta property=\"og:url\" content=\"https:\/\/www.malinashop.lt\/lt_lt\/shop\/minetan-bronze-babe-home-spray-tan-kit-purskiamo-idegio-rinkinys-juodas-1-vnt\/\" \/>\n<meta property=\"og:site_name\" content=\"MalinaShop.lt J\u016bs\u0173 sveikatai ir gro\u017eiui.\" \/>\n<meta property=\"article:modified_time\" content=\"2026-01-12T13:57:22+00:00\" \/>\n<meta property=\"og:image\" content=\"https:\/\/www.malinashop.lt\/wp-content\/uploads\/2025\/11\/9347108002385.jpg\" \/>\n\t<meta property=\"og:image:width\" content=\"1000\" \/>\n\t<meta property=\"og:image:height\" content=\"1000\" \/>\n\t<meta property=\"og:image:type\" content=\"image\/jpeg\" \/>\n<meta name=\"twitter:card\" content=\"summary_large_image\" \/>\n<script type=\"application\/ld+json\" class=\"yoast-schema-graph\">{\"@context\":\"https:\\\/\\\/schema.org\",\"@graph\":[{\"@type\":\"WebPage\",\"@id\":\"https:\\\/\\\/www.malinashop.lt\\\/en\\\/shop\\\/minetan-bronze-babe-home-spray-tan-kit-purskiamo-idegio-rinkinys-juodas-1-vnt\\\/\",\"url\":\"https:\\\/\\\/www.malinashop.lt\\\/en\\\/shop\\\/minetan-bronze-babe-home-spray-tan-kit-purskiamo-idegio-rinkinys-juodas-1-vnt\\\/\",\"name\":\"MINETAN BRONZE BABE HOME SPRAY TAN KIT pur\u0161kiamo \u012fdegio rinkinys (juodas), 1 vnt - MalinaShop.lt J\u016bs\u0173 sveikatai ir gro\u017eiui.\",\"isPartOf\":{\"@id\":\"https:\\\/\\\/www.malinashop.lt\\\/#website\"},\"primaryImageOfPage\":{\"@id\":\"https:\\\/\\\/www.malinashop.lt\\\/en\\\/shop\\\/minetan-bronze-babe-home-spray-tan-kit-purskiamo-idegio-rinkinys-juodas-1-vnt\\\/#primaryimage\"},\"image\":{\"@id\":\"https:\\\/\\\/www.malinashop.lt\\\/en\\\/shop\\\/minetan-bronze-babe-home-spray-tan-kit-purskiamo-idegio-rinkinys-juodas-1-vnt\\\/#primaryimage\"},\"thumbnailUrl\":\"https:\\\/\\\/www.malinashop.lt\\\/wp-content\\\/uploads\\\/2025\\\/11\\\/9347108002385.jpg\",\"datePublished\":\"2025-11-24T15:46:30+00:00\",\"dateModified\":\"2026-01-12T13:57:22+00:00\",\"description\":\"MINETAN BRONZE BABE HOME SPRAY TAN KIT \u2013 profesionalus pur\u0161kiamo \u012fdegio rinkinys namams. Tolygi bronzin\u0117 spalva, lengvas naudojimas ir saloninis rezultatas.\",\"breadcrumb\":{\"@id\":\"https:\\\/\\\/www.malinashop.lt\\\/en\\\/shop\\\/minetan-bronze-babe-home-spray-tan-kit-purskiamo-idegio-rinkinys-juodas-1-vnt\\\/#breadcrumb\"},\"inLanguage\":\"lt-LT\",\"potentialAction\":[{\"@type\":\"ReadAction\",\"target\":[\"https:\\\/\\\/www.malinashop.lt\\\/en\\\/shop\\\/minetan-bronze-babe-home-spray-tan-kit-purskiamo-idegio-rinkinys-juodas-1-vnt\\\/\"]}]},{\"@type\":\"ImageObject\",\"inLanguage\":\"lt-LT\",\"@id\":\"https:\\\/\\\/www.malinashop.lt\\\/en\\\/shop\\\/minetan-bronze-babe-home-spray-tan-kit-purskiamo-idegio-rinkinys-juodas-1-vnt\\\/#primaryimage\",\"url\":\"https:\\\/\\\/www.malinashop.lt\\\/wp-content\\\/uploads\\\/2025\\\/11\\\/9347108002385.jpg\",\"contentUrl\":\"https:\\\/\\\/www.malinashop.lt\\\/wp-content\\\/uploads\\\/2025\\\/11\\\/9347108002385.jpg\",\"width\":1000,\"height\":1000},{\"@type\":\"BreadcrumbList\",\"@id\":\"https:\\\/\\\/www.malinashop.lt\\\/en\\\/shop\\\/minetan-bronze-babe-home-spray-tan-kit-purskiamo-idegio-rinkinys-juodas-1-vnt\\\/#breadcrumb\",\"itemListElement\":[{\"@type\":\"ListItem\",\"position\":1,\"name\":\"Pagrindinis\",\"item\":\"https:\\\/\\\/www.malinashop.lt\\\/\"},{\"@type\":\"ListItem\",\"position\":2,\"name\":\"Parduotuv\u0117\",\"item\":\"https:\\\/\\\/www.malinashop.lt\\\/en\\\/parduotuve\\\/\"},{\"@type\":\"ListItem\",\"position\":3,\"name\":\"MINETAN BRONZE BABE HOME SPRAY TAN KIT pur\u0161kiamo \u012fdegio rinkinys (juodas), 1 vnt\"}]},{\"@type\":\"WebSite\",\"@id\":\"https:\\\/\\\/www.malinashop.lt\\\/#website\",\"url\":\"https:\\\/\\\/www.malinashop.lt\\\/\",\"name\":\"COM Group Ecommerce\",\"description\":\"MalinaShop.lt - Gro\u017eio ir sveikatos produktai i\u0161 patikim\u0173 preki\u0173 \u017eenkl\u0173. Atraskite auk\u0161tos kokyb\u0117s kosmetik\u0105 u\u017e puiki\u0105 kain\u0105.\",\"publisher\":{\"@id\":\"https:\\\/\\\/www.malinashop.lt\\\/#organization\"},\"potentialAction\":[{\"@type\":\"SearchAction\",\"target\":{\"@type\":\"EntryPoint\",\"urlTemplate\":\"https:\\\/\\\/www.malinashop.lt\\\/?s={search_term_string}\"},\"query-input\":{\"@type\":\"PropertyValueSpecification\",\"valueRequired\":true,\"valueName\":\"search_term_string\"}}],\"inLanguage\":\"lt-LT\"},{\"@type\":\"Organization\",\"@id\":\"https:\\\/\\\/www.malinashop.lt\\\/#organization\",\"name\":\"COM Group Ecommerce\",\"url\":\"https:\\\/\\\/www.malinashop.lt\\\/\",\"logo\":{\"@type\":\"ImageObject\",\"inLanguage\":\"lt-LT\",\"@id\":\"https:\\\/\\\/www.malinashop.lt\\\/#\\\/schema\\\/logo\\\/image\\\/\",\"url\":\"https:\\\/\\\/www.malinashop.lt\\\/wp-content\\\/uploads\\\/2024\\\/08\\\/462559670_3787732518133670_9795632669273463_n-e1731525914575.png\",\"contentUrl\":\"https:\\\/\\\/www.malinashop.lt\\\/wp-content\\\/uploads\\\/2024\\\/08\\\/462559670_3787732518133670_9795632669273463_n-e1731525914575.png\",\"width\":180,\"height\":60,\"caption\":\"COM Group Ecommerce\"},\"image\":{\"@id\":\"https:\\\/\\\/www.malinashop.lt\\\/#\\\/schema\\\/logo\\\/image\\\/\"}}]}<\/script>\n<!-- \/ Yoast SEO plugin. -->","yoast_head_json":{"title":"MINETAN BRONZE BABE HOME SPRAY TAN KIT pur\u0161kiamo \u012fdegio rinkinys (juodas), 1 vnt - MalinaShop.lt J\u016bs\u0173 sveikatai ir gro\u017eiui.","description":"MINETAN BRONZE BABE HOME SPRAY TAN KIT \u2013 profesionalus pur\u0161kiamo \u012fdegio rinkinys namams. Tolygi bronzin\u0117 spalva, lengvas naudojimas ir saloninis rezultatas.","robots":{"index":"index","follow":"follow","max-snippet":"max-snippet:-1","max-image-preview":"max-image-preview:large","max-video-preview":"max-video-preview:-1"},"canonical":"https:\/\/www.malinashop.lt\/lt_lt\/shop\/minetan-bronze-babe-home-spray-tan-kit-purskiamo-idegio-rinkinys-juodas-1-vnt\/","og_locale":"lt_LT","og_type":"article","og_title":"MINETAN BRONZE BABE HOME SPRAY TAN KIT pur\u0161kiamo \u012fdegio rinkinys (juodas), 1 vnt - MalinaShop.lt J\u016bs\u0173 sveikatai ir gro\u017eiui.","og_description":"MINETAN BRONZE BABE HOME SPRAY TAN KIT \u2013 profesionalus pur\u0161kiamo \u012fdegio rinkinys namams. Tolygi bronzin\u0117 spalva, lengvas naudojimas ir saloninis rezultatas.","og_url":"https:\/\/www.malinashop.lt\/lt_lt\/shop\/minetan-bronze-babe-home-spray-tan-kit-purskiamo-idegio-rinkinys-juodas-1-vnt\/","og_site_name":"MalinaShop.lt J\u016bs\u0173 sveikatai ir gro\u017eiui.","article_modified_time":"2026-01-12T13:57:22+00:00","og_image":[{"width":1000,"height":1000,"url":"https:\/\/www.malinashop.lt\/wp-content\/uploads\/2025\/11\/9347108002385.jpg","type":"image\/jpeg"}],"twitter_card":"summary_large_image","schema":{"@context":"https:\/\/schema.org","@graph":[{"@type":"WebPage","@id":"https:\/\/www.malinashop.lt\/en\/shop\/minetan-bronze-babe-home-spray-tan-kit-purskiamo-idegio-rinkinys-juodas-1-vnt\/","url":"https:\/\/www.malinashop.lt\/en\/shop\/minetan-bronze-babe-home-spray-tan-kit-purskiamo-idegio-rinkinys-juodas-1-vnt\/","name":"MINETAN BRONZE BABE HOME SPRAY TAN KIT pur\u0161kiamo \u012fdegio rinkinys (juodas), 1 vnt - MalinaShop.lt J\u016bs\u0173 sveikatai ir gro\u017eiui.","isPartOf":{"@id":"https:\/\/www.malinashop.lt\/#website"},"primaryImageOfPage":{"@id":"https:\/\/www.malinashop.lt\/en\/shop\/minetan-bronze-babe-home-spray-tan-kit-purskiamo-idegio-rinkinys-juodas-1-vnt\/#primaryimage"},"image":{"@id":"https:\/\/www.malinashop.lt\/en\/shop\/minetan-bronze-babe-home-spray-tan-kit-purskiamo-idegio-rinkinys-juodas-1-vnt\/#primaryimage"},"thumbnailUrl":"https:\/\/www.malinashop.lt\/wp-content\/uploads\/2025\/11\/9347108002385.jpg","datePublished":"2025-11-24T15:46:30+00:00","dateModified":"2026-01-12T13:57:22+00:00","description":"MINETAN BRONZE BABE HOME SPRAY TAN KIT \u2013 profesionalus pur\u0161kiamo \u012fdegio rinkinys namams. Tolygi bronzin\u0117 spalva, lengvas naudojimas ir saloninis rezultatas.","breadcrumb":{"@id":"https:\/\/www.malinashop.lt\/en\/shop\/minetan-bronze-babe-home-spray-tan-kit-purskiamo-idegio-rinkinys-juodas-1-vnt\/#breadcrumb"},"inLanguage":"lt-LT","potentialAction":[{"@type":"ReadAction","target":["https:\/\/www.malinashop.lt\/en\/shop\/minetan-bronze-babe-home-spray-tan-kit-purskiamo-idegio-rinkinys-juodas-1-vnt\/"]}]},{"@type":"ImageObject","inLanguage":"lt-LT","@id":"https:\/\/www.malinashop.lt\/en\/shop\/minetan-bronze-babe-home-spray-tan-kit-purskiamo-idegio-rinkinys-juodas-1-vnt\/#primaryimage","url":"https:\/\/www.malinashop.lt\/wp-content\/uploads\/2025\/11\/9347108002385.jpg","contentUrl":"https:\/\/www.malinashop.lt\/wp-content\/uploads\/2025\/11\/9347108002385.jpg","width":1000,"height":1000},{"@type":"BreadcrumbList","@id":"https:\/\/www.malinashop.lt\/en\/shop\/minetan-bronze-babe-home-spray-tan-kit-purskiamo-idegio-rinkinys-juodas-1-vnt\/#breadcrumb","itemListElement":[{"@type":"ListItem","position":1,"name":"Pagrindinis","item":"https:\/\/www.malinashop.lt\/"},{"@type":"ListItem","position":2,"name":"Parduotuv\u0117","item":"https:\/\/www.malinashop.lt\/en\/parduotuve\/"},{"@type":"ListItem","position":3,"name":"MINETAN BRONZE BABE HOME SPRAY TAN KIT pur\u0161kiamo \u012fdegio rinkinys (juodas), 1 vnt"}]},{"@type":"WebSite","@id":"https:\/\/www.malinashop.lt\/#website","url":"https:\/\/www.malinashop.lt\/","name":"COM Group Ecommerce","description":"MalinaShop.lt - Gro\u017eio ir sveikatos produktai i\u0161 patikim\u0173 preki\u0173 \u017eenkl\u0173. Atraskite auk\u0161tos kokyb\u0117s kosmetik\u0105 u\u017e puiki\u0105 kain\u0105.","publisher":{"@id":"https:\/\/www.malinashop.lt\/#organization"},"potentialAction":[{"@type":"SearchAction","target":{"@type":"EntryPoint","urlTemplate":"https:\/\/www.malinashop.lt\/?s={search_term_string}"},"query-input":{"@type":"PropertyValueSpecification","valueRequired":true,"valueName":"search_term_string"}}],"inLanguage":"lt-LT"},{"@type":"Organization","@id":"https:\/\/www.malinashop.lt\/#organization","name":"COM Group Ecommerce","url":"https:\/\/www.malinashop.lt\/","logo":{"@type":"ImageObject","inLanguage":"lt-LT","@id":"https:\/\/www.malinashop.lt\/#\/schema\/logo\/image\/","url":"https:\/\/www.malinashop.lt\/wp-content\/uploads\/2024\/08\/462559670_3787732518133670_9795632669273463_n-e1731525914575.png","contentUrl":"https:\/\/www.malinashop.lt\/wp-content\/uploads\/2024\/08\/462559670_3787732518133670_9795632669273463_n-e1731525914575.png","width":180,"height":60,"caption":"COM Group Ecommerce"},"image":{"@id":"https:\/\/www.malinashop.lt\/#\/schema\/logo\/image\/"}}]}},"jetpack_sharing_enabled":true,"_links":{"self":[{"href":"https:\/\/www.malinashop.lt\/lt_lt\/wp-json\/wp\/v2\/product\/65130","targetHints":{"allow":["GET"]}}],"collection":[{"href":"https:\/\/www.malinashop.lt\/lt_lt\/wp-json\/wp\/v2\/product"}],"about":[{"href":"https:\/\/www.malinashop.lt\/lt_lt\/wp-json\/wp\/v2\/types\/product"}],"version-history":[{"count":2,"href":"https:\/\/www.malinashop.lt\/lt_lt\/wp-json\/wp\/v2\/product\/65130\/revisions"}],"predecessor-version":[{"id":73168,"href":"https:\/\/www.malinashop.lt\/lt_lt\/wp-json\/wp\/v2\/product\/65130\/revisions\/73168"}],"wp:featuredmedia":[{"embeddable":true,"href":"https:\/\/www.malinashop.lt\/lt_lt\/wp-json\/wp\/v2\/media\/65132"}],"wp:attachment":[{"href":"https:\/\/www.malinashop.lt\/lt_lt\/wp-json\/wp\/v2\/media?parent=65130"}],"wp:term":[{"taxonomy":"product_brand","embeddable":true,"href":"https:\/\/www.malinashop.lt\/lt_lt\/wp-json\/wp\/v2\/product_brand?post=65130"},{"taxonomy":"product_cat","embeddable":true,"href":"https:\/\/www.malinashop.lt\/lt_lt\/wp-json\/wp\/v2\/product_cat?post=65130"},{"taxonomy":"product_tag","embeddable":true,"href":"https:\/\/www.malinashop.lt\/lt_lt\/wp-json\/wp\/v2\/product_tag?post=65130"}],"curies":[{"name":"wp","href":"https:\/\/api.w.org\/{rel}","templated":true}]}}