{"id":65105,"date":"2025-11-24T18:46:25","date_gmt":"2025-11-24T15:46:25","guid":{"rendered":"https:\/\/malinashop.lt\/?post_type=product&#038;p=65105"},"modified":"2025-12-12T18:44:50","modified_gmt":"2025-12-12T15:44:50","slug":"xiaomi-oclean-profesional-clean-p1c8-auksines-spalvos-elektrinio-dantu-sepetelio-pakaitines-galvutes-2-vnt","status":"publish","type":"product","link":"https:\/\/www.malinashop.lt\/lt_lt\/shop\/xiaomi-oclean-profesional-clean-p1c8-auksines-spalvos-elektrinio-dantu-sepetelio-pakaitines-galvutes-2-vnt\/","title":{"rendered":"XIAOMI OCLEAN PROFESIONAL CLEAN P1C8 auksin\u0117s spalvos elektrinio dant\u0173 \u0161epet\u0117lio pakaitin\u0117s galvut\u0117s, 2 vnt"},"content":{"rendered":"<p data-start=\"174\" data-end=\"429\"><strong data-start=\"174\" data-end=\"215\">XIAOMI OCLEAN Professional Clean P1C8<\/strong> elektrinio dant\u0173 \u0161epet\u0117lio pakaitin\u0117s galvut\u0117s skirtos efektyviai kasdienei burnos higienai. \u0160ios auk\u0161tos kokyb\u0117s galvut\u0117s padeda \u0161velniai, bet kruop\u0161\u010diai pa\u0161alinti apna\u0161as ir palaikyti \u0161varius bei sveikus dantis.<\/p>\n<p data-start=\"431\" data-end=\"746\">Galvut\u0117s apr\u016bpintos <strong data-start=\"451\" data-end=\"486\">DuPont\u2122 deimantiniais \u0161ereliais<\/strong>, kurie u\u017etikrina iki <strong data-start=\"508\" data-end=\"542\">30 % geresn\u012f apna\u0161\u0173 pa\u0161alinim\u0105<\/strong>, lyginant su \u012fprastu rankiniu dant\u0173 \u0161epet\u0117liu. <strong data-start=\"590\" data-end=\"630\">W formos \u0161epet\u0117lio galvut\u0117s dizainas<\/strong> leid\u017eia \u0161ereliams tiksliai prisitaikyti prie dant\u0173 pavir\u0161iaus, u\u017etikrinant maksimal\u0173 valymo efektyvum\u0105 ir komfort\u0105.<\/p>\n<p data-start=\"748\" data-end=\"971\">Integruotas <strong data-start=\"760\" data-end=\"789\">\u0161velnus lie\u017euvio valiklis<\/strong> padeda palaikyti gaivesn\u012f kv\u0117pavim\u0105 ir geresn\u0119 bendr\u0105 burnos \u0161var\u0105. Galvut\u0117s pagamintos i\u0161 <strong data-start=\"881\" data-end=\"924\">FDA patvirtint\u0173, burnai saugi\u0173 med\u017eiag\u0173<\/strong>, tod\u0117l jas galima naudoti kasdien be r\u016bpes\u010di\u0173.<\/p>\n<p data-start=\"973\" data-end=\"1193\">Odontologai rekomenduoja \u0161epet\u0117lio galvut\u0119 keisti kas <strong data-start=\"1027\" data-end=\"1043\">2\u20133 m\u0117nesius<\/strong>, siekiant i\u0161laikyti optimal\u0173 valymo efektyvum\u0105. \u0160ios pakaitin\u0117s galvut\u0117s <strong data-start=\"1117\" data-end=\"1192\">suderinamos su visais Oclean suaugusi\u0173j\u0173 elektriniais dant\u0173 \u0161epet\u0117liais<\/strong>.<\/p>\n<p data-start=\"1195\" data-end=\"1244\"><strong data-start=\"1195\" data-end=\"1244\">Pakuot\u0117je \u2013 2 vnt. auksin\u0117s spalvos galvut\u0117s.<\/strong><\/p>\n","protected":false},"excerpt":{"rendered":"<p data-start=\"1285\" data-end=\"1488\">Oclean Professional Clean P1C8 pakaitin\u0117s galvut\u0117s su DuPont\u2122 \u0161ereliais u\u017etikrina efektyv\u0173 apna\u0161\u0173 \u0161alinim\u0105, komforti\u0161k\u0105 valym\u0105 ir gaivesn\u012f kv\u0117pavim\u0105. Suderinamos su visais Oclean suaugusi\u0173j\u0173 \u0161epet\u0117liais.<\/p>\n","protected":false},"featured_media":65107,"template":"","meta":[],"product_brand":[1536],"product_cat":[1569],"product_tag":[],"class_list":{"0":"post-65105","1":"product","2":"type-product","3":"status-publish","4":"has-post-thumbnail","6":"product_brand-oclean","7":"product_cat-burnos-higiena","9":"first","10":"instock","11":"purchasable","12":"product-type-simple"},"yoast_head":"<!-- This site is optimized with the Yoast SEO plugin v27.4 - https:\/\/yoast.com\/product\/yoast-seo-wordpress\/ -->\n<title>XIAOMI OCLEAN PROFESIONAL CLEAN P1C8 auksin\u0117s spalvos elektrinio dant\u0173 \u0161epet\u0117lio pakaitin\u0117s galvut\u0117s, 2 vnt - MalinaShop.lt J\u016bs\u0173 sveikatai ir gro\u017eiui.<\/title>\n<meta name=\"description\" content=\"Oclean Professional Clean P1C8 pakaitin\u0117s galvut\u0117s su DuPont\u2122 \u0161ereliais \u2013 iki 30 % geresnis apna\u0161\u0173 \u0161alinimas. Tinka visiems Oclean \u0161epet\u0117liams.\" \/>\n<meta name=\"robots\" content=\"index, follow, max-snippet:-1, max-image-preview:large, max-video-preview:-1\" \/>\n<link rel=\"canonical\" href=\"https:\/\/www.malinashop.lt\/lt_lt\/shop\/xiaomi-oclean-profesional-clean-p1c8-auksines-spalvos-elektrinio-dantu-sepetelio-pakaitines-galvutes-2-vnt\/\" \/>\n<meta property=\"og:locale\" content=\"lt_LT\" \/>\n<meta property=\"og:type\" content=\"article\" \/>\n<meta property=\"og:title\" content=\"XIAOMI OCLEAN PROFESIONAL CLEAN P1C8 auksin\u0117s spalvos elektrinio dant\u0173 \u0161epet\u0117lio pakaitin\u0117s galvut\u0117s, 2 vnt - MalinaShop.lt J\u016bs\u0173 sveikatai ir gro\u017eiui.\" \/>\n<meta property=\"og:description\" content=\"Oclean Professional Clean P1C8 pakaitin\u0117s galvut\u0117s su DuPont\u2122 \u0161ereliais \u2013 iki 30 % geresnis apna\u0161\u0173 \u0161alinimas. Tinka visiems Oclean \u0161epet\u0117liams.\" \/>\n<meta property=\"og:url\" content=\"https:\/\/www.malinashop.lt\/lt_lt\/shop\/xiaomi-oclean-profesional-clean-p1c8-auksines-spalvos-elektrinio-dantu-sepetelio-pakaitines-galvutes-2-vnt\/\" \/>\n<meta property=\"og:site_name\" content=\"MalinaShop.lt J\u016bs\u0173 sveikatai ir gro\u017eiui.\" \/>\n<meta property=\"article:modified_time\" content=\"2025-12-12T15:44:50+00:00\" \/>\n<meta property=\"og:image\" content=\"https:\/\/www.malinashop.lt\/wp-content\/uploads\/2025\/11\/6970810553970.jpg\" \/>\n\t<meta property=\"og:image:width\" content=\"500\" \/>\n\t<meta property=\"og:image:height\" content=\"500\" \/>\n\t<meta property=\"og:image:type\" content=\"image\/jpeg\" \/>\n<meta name=\"twitter:card\" content=\"summary_large_image\" \/>\n<script type=\"application\/ld+json\" class=\"yoast-schema-graph\">{\"@context\":\"https:\\\/\\\/schema.org\",\"@graph\":[{\"@type\":\"WebPage\",\"@id\":\"https:\\\/\\\/www.malinashop.lt\\\/en\\\/shop\\\/xiaomi-oclean-profesional-clean-p1c8-auksines-spalvos-elektrinio-dantu-sepetelio-pakaitines-galvutes-2-vnt\\\/\",\"url\":\"https:\\\/\\\/www.malinashop.lt\\\/en\\\/shop\\\/xiaomi-oclean-profesional-clean-p1c8-auksines-spalvos-elektrinio-dantu-sepetelio-pakaitines-galvutes-2-vnt\\\/\",\"name\":\"XIAOMI OCLEAN PROFESIONAL CLEAN P1C8 auksin\u0117s spalvos elektrinio dant\u0173 \u0161epet\u0117lio pakaitin\u0117s galvut\u0117s, 2 vnt - MalinaShop.lt J\u016bs\u0173 sveikatai ir gro\u017eiui.\",\"isPartOf\":{\"@id\":\"https:\\\/\\\/www.malinashop.lt\\\/#website\"},\"primaryImageOfPage\":{\"@id\":\"https:\\\/\\\/www.malinashop.lt\\\/en\\\/shop\\\/xiaomi-oclean-profesional-clean-p1c8-auksines-spalvos-elektrinio-dantu-sepetelio-pakaitines-galvutes-2-vnt\\\/#primaryimage\"},\"image\":{\"@id\":\"https:\\\/\\\/www.malinashop.lt\\\/en\\\/shop\\\/xiaomi-oclean-profesional-clean-p1c8-auksines-spalvos-elektrinio-dantu-sepetelio-pakaitines-galvutes-2-vnt\\\/#primaryimage\"},\"thumbnailUrl\":\"https:\\\/\\\/www.malinashop.lt\\\/wp-content\\\/uploads\\\/2025\\\/11\\\/6970810553970.jpg\",\"datePublished\":\"2025-11-24T15:46:25+00:00\",\"dateModified\":\"2025-12-12T15:44:50+00:00\",\"description\":\"Oclean Professional Clean P1C8 pakaitin\u0117s galvut\u0117s su DuPont\u2122 \u0161ereliais \u2013 iki 30 % geresnis apna\u0161\u0173 \u0161alinimas. Tinka visiems Oclean \u0161epet\u0117liams.\",\"breadcrumb\":{\"@id\":\"https:\\\/\\\/www.malinashop.lt\\\/en\\\/shop\\\/xiaomi-oclean-profesional-clean-p1c8-auksines-spalvos-elektrinio-dantu-sepetelio-pakaitines-galvutes-2-vnt\\\/#breadcrumb\"},\"inLanguage\":\"lt-LT\",\"potentialAction\":[{\"@type\":\"ReadAction\",\"target\":[\"https:\\\/\\\/www.malinashop.lt\\\/en\\\/shop\\\/xiaomi-oclean-profesional-clean-p1c8-auksines-spalvos-elektrinio-dantu-sepetelio-pakaitines-galvutes-2-vnt\\\/\"]}]},{\"@type\":\"ImageObject\",\"inLanguage\":\"lt-LT\",\"@id\":\"https:\\\/\\\/www.malinashop.lt\\\/en\\\/shop\\\/xiaomi-oclean-profesional-clean-p1c8-auksines-spalvos-elektrinio-dantu-sepetelio-pakaitines-galvutes-2-vnt\\\/#primaryimage\",\"url\":\"https:\\\/\\\/www.malinashop.lt\\\/wp-content\\\/uploads\\\/2025\\\/11\\\/6970810553970.jpg\",\"contentUrl\":\"https:\\\/\\\/www.malinashop.lt\\\/wp-content\\\/uploads\\\/2025\\\/11\\\/6970810553970.jpg\",\"width\":500,\"height\":500},{\"@type\":\"BreadcrumbList\",\"@id\":\"https:\\\/\\\/www.malinashop.lt\\\/en\\\/shop\\\/xiaomi-oclean-profesional-clean-p1c8-auksines-spalvos-elektrinio-dantu-sepetelio-pakaitines-galvutes-2-vnt\\\/#breadcrumb\",\"itemListElement\":[{\"@type\":\"ListItem\",\"position\":1,\"name\":\"Pagrindinis\",\"item\":\"https:\\\/\\\/www.malinashop.lt\\\/\"},{\"@type\":\"ListItem\",\"position\":2,\"name\":\"Parduotuv\u0117\",\"item\":\"https:\\\/\\\/www.malinashop.lt\\\/en\\\/parduotuve\\\/\"},{\"@type\":\"ListItem\",\"position\":3,\"name\":\"XIAOMI OCLEAN PROFESIONAL CLEAN P1C8 auksin\u0117s spalvos elektrinio dant\u0173 \u0161epet\u0117lio pakaitin\u0117s galvut\u0117s, 2 vnt\"}]},{\"@type\":\"WebSite\",\"@id\":\"https:\\\/\\\/www.malinashop.lt\\\/#website\",\"url\":\"https:\\\/\\\/www.malinashop.lt\\\/\",\"name\":\"COM Group Ecommerce\",\"description\":\"MalinaShop.lt - Gro\u017eio ir sveikatos produktai i\u0161 patikim\u0173 preki\u0173 \u017eenkl\u0173. Atraskite auk\u0161tos kokyb\u0117s kosmetik\u0105 u\u017e puiki\u0105 kain\u0105.\",\"publisher\":{\"@id\":\"https:\\\/\\\/www.malinashop.lt\\\/#organization\"},\"potentialAction\":[{\"@type\":\"SearchAction\",\"target\":{\"@type\":\"EntryPoint\",\"urlTemplate\":\"https:\\\/\\\/www.malinashop.lt\\\/?s={search_term_string}\"},\"query-input\":{\"@type\":\"PropertyValueSpecification\",\"valueRequired\":true,\"valueName\":\"search_term_string\"}}],\"inLanguage\":\"lt-LT\"},{\"@type\":\"Organization\",\"@id\":\"https:\\\/\\\/www.malinashop.lt\\\/#organization\",\"name\":\"COM Group Ecommerce\",\"url\":\"https:\\\/\\\/www.malinashop.lt\\\/\",\"logo\":{\"@type\":\"ImageObject\",\"inLanguage\":\"lt-LT\",\"@id\":\"https:\\\/\\\/www.malinashop.lt\\\/#\\\/schema\\\/logo\\\/image\\\/\",\"url\":\"https:\\\/\\\/www.malinashop.lt\\\/wp-content\\\/uploads\\\/2024\\\/08\\\/462559670_3787732518133670_9795632669273463_n-e1731525914575.png\",\"contentUrl\":\"https:\\\/\\\/www.malinashop.lt\\\/wp-content\\\/uploads\\\/2024\\\/08\\\/462559670_3787732518133670_9795632669273463_n-e1731525914575.png\",\"width\":180,\"height\":60,\"caption\":\"COM Group Ecommerce\"},\"image\":{\"@id\":\"https:\\\/\\\/www.malinashop.lt\\\/#\\\/schema\\\/logo\\\/image\\\/\"}}]}<\/script>\n<!-- \/ Yoast SEO plugin. -->","yoast_head_json":{"title":"XIAOMI OCLEAN PROFESIONAL CLEAN P1C8 auksin\u0117s spalvos elektrinio dant\u0173 \u0161epet\u0117lio pakaitin\u0117s galvut\u0117s, 2 vnt - MalinaShop.lt J\u016bs\u0173 sveikatai ir gro\u017eiui.","description":"Oclean Professional Clean P1C8 pakaitin\u0117s galvut\u0117s su DuPont\u2122 \u0161ereliais \u2013 iki 30 % geresnis apna\u0161\u0173 \u0161alinimas. Tinka visiems Oclean \u0161epet\u0117liams.","robots":{"index":"index","follow":"follow","max-snippet":"max-snippet:-1","max-image-preview":"max-image-preview:large","max-video-preview":"max-video-preview:-1"},"canonical":"https:\/\/www.malinashop.lt\/lt_lt\/shop\/xiaomi-oclean-profesional-clean-p1c8-auksines-spalvos-elektrinio-dantu-sepetelio-pakaitines-galvutes-2-vnt\/","og_locale":"lt_LT","og_type":"article","og_title":"XIAOMI OCLEAN PROFESIONAL CLEAN P1C8 auksin\u0117s spalvos elektrinio dant\u0173 \u0161epet\u0117lio pakaitin\u0117s galvut\u0117s, 2 vnt - MalinaShop.lt J\u016bs\u0173 sveikatai ir gro\u017eiui.","og_description":"Oclean Professional Clean P1C8 pakaitin\u0117s galvut\u0117s su DuPont\u2122 \u0161ereliais \u2013 iki 30 % geresnis apna\u0161\u0173 \u0161alinimas. Tinka visiems Oclean \u0161epet\u0117liams.","og_url":"https:\/\/www.malinashop.lt\/lt_lt\/shop\/xiaomi-oclean-profesional-clean-p1c8-auksines-spalvos-elektrinio-dantu-sepetelio-pakaitines-galvutes-2-vnt\/","og_site_name":"MalinaShop.lt J\u016bs\u0173 sveikatai ir gro\u017eiui.","article_modified_time":"2025-12-12T15:44:50+00:00","og_image":[{"width":500,"height":500,"url":"https:\/\/www.malinashop.lt\/wp-content\/uploads\/2025\/11\/6970810553970.jpg","type":"image\/jpeg"}],"twitter_card":"summary_large_image","schema":{"@context":"https:\/\/schema.org","@graph":[{"@type":"WebPage","@id":"https:\/\/www.malinashop.lt\/en\/shop\/xiaomi-oclean-profesional-clean-p1c8-auksines-spalvos-elektrinio-dantu-sepetelio-pakaitines-galvutes-2-vnt\/","url":"https:\/\/www.malinashop.lt\/en\/shop\/xiaomi-oclean-profesional-clean-p1c8-auksines-spalvos-elektrinio-dantu-sepetelio-pakaitines-galvutes-2-vnt\/","name":"XIAOMI OCLEAN PROFESIONAL CLEAN P1C8 auksin\u0117s spalvos elektrinio dant\u0173 \u0161epet\u0117lio pakaitin\u0117s galvut\u0117s, 2 vnt - MalinaShop.lt J\u016bs\u0173 sveikatai ir gro\u017eiui.","isPartOf":{"@id":"https:\/\/www.malinashop.lt\/#website"},"primaryImageOfPage":{"@id":"https:\/\/www.malinashop.lt\/en\/shop\/xiaomi-oclean-profesional-clean-p1c8-auksines-spalvos-elektrinio-dantu-sepetelio-pakaitines-galvutes-2-vnt\/#primaryimage"},"image":{"@id":"https:\/\/www.malinashop.lt\/en\/shop\/xiaomi-oclean-profesional-clean-p1c8-auksines-spalvos-elektrinio-dantu-sepetelio-pakaitines-galvutes-2-vnt\/#primaryimage"},"thumbnailUrl":"https:\/\/www.malinashop.lt\/wp-content\/uploads\/2025\/11\/6970810553970.jpg","datePublished":"2025-11-24T15:46:25+00:00","dateModified":"2025-12-12T15:44:50+00:00","description":"Oclean Professional Clean P1C8 pakaitin\u0117s galvut\u0117s su DuPont\u2122 \u0161ereliais \u2013 iki 30 % geresnis apna\u0161\u0173 \u0161alinimas. Tinka visiems Oclean \u0161epet\u0117liams.","breadcrumb":{"@id":"https:\/\/www.malinashop.lt\/en\/shop\/xiaomi-oclean-profesional-clean-p1c8-auksines-spalvos-elektrinio-dantu-sepetelio-pakaitines-galvutes-2-vnt\/#breadcrumb"},"inLanguage":"lt-LT","potentialAction":[{"@type":"ReadAction","target":["https:\/\/www.malinashop.lt\/en\/shop\/xiaomi-oclean-profesional-clean-p1c8-auksines-spalvos-elektrinio-dantu-sepetelio-pakaitines-galvutes-2-vnt\/"]}]},{"@type":"ImageObject","inLanguage":"lt-LT","@id":"https:\/\/www.malinashop.lt\/en\/shop\/xiaomi-oclean-profesional-clean-p1c8-auksines-spalvos-elektrinio-dantu-sepetelio-pakaitines-galvutes-2-vnt\/#primaryimage","url":"https:\/\/www.malinashop.lt\/wp-content\/uploads\/2025\/11\/6970810553970.jpg","contentUrl":"https:\/\/www.malinashop.lt\/wp-content\/uploads\/2025\/11\/6970810553970.jpg","width":500,"height":500},{"@type":"BreadcrumbList","@id":"https:\/\/www.malinashop.lt\/en\/shop\/xiaomi-oclean-profesional-clean-p1c8-auksines-spalvos-elektrinio-dantu-sepetelio-pakaitines-galvutes-2-vnt\/#breadcrumb","itemListElement":[{"@type":"ListItem","position":1,"name":"Pagrindinis","item":"https:\/\/www.malinashop.lt\/"},{"@type":"ListItem","position":2,"name":"Parduotuv\u0117","item":"https:\/\/www.malinashop.lt\/en\/parduotuve\/"},{"@type":"ListItem","position":3,"name":"XIAOMI OCLEAN PROFESIONAL CLEAN P1C8 auksin\u0117s spalvos elektrinio dant\u0173 \u0161epet\u0117lio pakaitin\u0117s galvut\u0117s, 2 vnt"}]},{"@type":"WebSite","@id":"https:\/\/www.malinashop.lt\/#website","url":"https:\/\/www.malinashop.lt\/","name":"COM Group Ecommerce","description":"MalinaShop.lt - Gro\u017eio ir sveikatos produktai i\u0161 patikim\u0173 preki\u0173 \u017eenkl\u0173. Atraskite auk\u0161tos kokyb\u0117s kosmetik\u0105 u\u017e puiki\u0105 kain\u0105.","publisher":{"@id":"https:\/\/www.malinashop.lt\/#organization"},"potentialAction":[{"@type":"SearchAction","target":{"@type":"EntryPoint","urlTemplate":"https:\/\/www.malinashop.lt\/?s={search_term_string}"},"query-input":{"@type":"PropertyValueSpecification","valueRequired":true,"valueName":"search_term_string"}}],"inLanguage":"lt-LT"},{"@type":"Organization","@id":"https:\/\/www.malinashop.lt\/#organization","name":"COM Group Ecommerce","url":"https:\/\/www.malinashop.lt\/","logo":{"@type":"ImageObject","inLanguage":"lt-LT","@id":"https:\/\/www.malinashop.lt\/#\/schema\/logo\/image\/","url":"https:\/\/www.malinashop.lt\/wp-content\/uploads\/2024\/08\/462559670_3787732518133670_9795632669273463_n-e1731525914575.png","contentUrl":"https:\/\/www.malinashop.lt\/wp-content\/uploads\/2024\/08\/462559670_3787732518133670_9795632669273463_n-e1731525914575.png","width":180,"height":60,"caption":"COM Group Ecommerce"},"image":{"@id":"https:\/\/www.malinashop.lt\/#\/schema\/logo\/image\/"}}]}},"jetpack_sharing_enabled":true,"_links":{"self":[{"href":"https:\/\/www.malinashop.lt\/lt_lt\/wp-json\/wp\/v2\/product\/65105","targetHints":{"allow":["GET"]}}],"collection":[{"href":"https:\/\/www.malinashop.lt\/lt_lt\/wp-json\/wp\/v2\/product"}],"about":[{"href":"https:\/\/www.malinashop.lt\/lt_lt\/wp-json\/wp\/v2\/types\/product"}],"version-history":[{"count":2,"href":"https:\/\/www.malinashop.lt\/lt_lt\/wp-json\/wp\/v2\/product\/65105\/revisions"}],"predecessor-version":[{"id":72328,"href":"https:\/\/www.malinashop.lt\/lt_lt\/wp-json\/wp\/v2\/product\/65105\/revisions\/72328"}],"wp:featuredmedia":[{"embeddable":true,"href":"https:\/\/www.malinashop.lt\/lt_lt\/wp-json\/wp\/v2\/media\/65107"}],"wp:attachment":[{"href":"https:\/\/www.malinashop.lt\/lt_lt\/wp-json\/wp\/v2\/media?parent=65105"}],"wp:term":[{"taxonomy":"product_brand","embeddable":true,"href":"https:\/\/www.malinashop.lt\/lt_lt\/wp-json\/wp\/v2\/product_brand?post=65105"},{"taxonomy":"product_cat","embeddable":true,"href":"https:\/\/www.malinashop.lt\/lt_lt\/wp-json\/wp\/v2\/product_cat?post=65105"},{"taxonomy":"product_tag","embeddable":true,"href":"https:\/\/www.malinashop.lt\/lt_lt\/wp-json\/wp\/v2\/product_tag?post=65105"}],"curies":[{"name":"wp","href":"https:\/\/api.w.org\/{rel}","templated":true}]}}