{"id":65087,"date":"2025-11-24T18:46:19","date_gmt":"2025-11-24T15:46:19","guid":{"rendered":"https:\/\/malinashop.lt\/?post_type=product&#038;p=65087"},"modified":"2025-12-12T18:29:05","modified_gmt":"2025-12-12T15:29:05","slug":"xiaomi-oclean-ultra-white-uw01-g02-zalios-spalvos-elektrinio-dantu-sepetelio-pakaitines-galvutes-2-vnt","status":"publish","type":"product","link":"https:\/\/www.malinashop.lt\/lt_lt\/shop\/xiaomi-oclean-ultra-white-uw01-g02-zalios-spalvos-elektrinio-dantu-sepetelio-pakaitines-galvutes-2-vnt\/","title":{"rendered":"XIAOMI OCLEAN ULTRA WHITE UW01 G02 \u017ealios spalvos elektrinio dant\u0173 \u0161epet\u0117lio pakaitin\u0117s galvut\u0117s, 2 vnt"},"content":{"rendered":"<p data-start=\"307\" data-end=\"601\"><strong data-start=\"307\" data-end=\"341\">XIAOMI OCLEAN ULTRA WHITE UW01<\/strong> pakaitin\u0117s galvut\u0117s \u2013 tai pa\u017eangus sprendimas norintiems ne tik kruop\u0161taus dant\u0173 valymo, bet ir efektyvaus dant\u0173 balinimo. Naujovi\u0161ka <strong data-start=\"476\" data-end=\"491\">Ultra White<\/strong> serija su <strong data-start=\"502\" data-end=\"513\">FlexFit<\/strong> technologija u\u017etikrina \u0161veln\u0173, bet gil\u0173 valym\u0105 net sunkiai pasiekiamose burnos vietose.<\/p>\n<p data-start=\"603\" data-end=\"886\"><strong data-start=\"603\" data-end=\"619\">FlexFit Tech<\/strong> lanksti gumin\u0117 jungtis sugeria vibracijas, leid\u017eia galvutei prisitaikyti prie dant\u0173 kont\u016br\u0173 ir u\u017etikrina optimal\u0173 tarpdan\u010di\u0173 valym\u0105 bei papildom\u0105 dant\u0173 ir danten\u0173 apsaug\u0105. Inovatyvus <strong data-start=\"803\" data-end=\"828\">5\u00b0 pasvirimo dizainas<\/strong> leid\u017eia efektyviai pasiekti srit\u012f \u017eemiau danten\u0173 linijos.<\/p>\n<p data-start=\"888\" data-end=\"1191\">Auk\u0161tos kokyb\u0117s <strong data-start=\"904\" data-end=\"924\">DuPont\u2122 \u0161ereliai<\/strong> veikia sinchroni\u0161kai su Oclean elektrinio dant\u0173 \u0161epet\u0117lio varikliu, tod\u0117l padeda efektyviau pa\u0161alinti apna\u0161as ir pagerinti bendr\u0105 burnos higien\u0105. Integruotas <strong data-start=\"1083\" data-end=\"1112\">guminis poliravimo \u017eiedas<\/strong> leid\u017eia pa\u0161alinti iki <strong data-start=\"1135\" data-end=\"1157\">38 % daugiau d\u0117mi\u0173<\/strong>, taip nat\u016braliai balinant dantis.<\/p>\n<p data-start=\"1193\" data-end=\"1404\">Papildomam komfortui skirta <strong data-start=\"1221\" data-end=\"1248\">Delicate Tongue Cleaner<\/strong> lie\u017euvio valymo zona, padedanti palaikyti gaiv\u0173 burnos kvap\u0105 kasdien. Galvut\u0117s suderinamos su <strong data-start=\"1343\" data-end=\"1403\">visais Oclean suaugusi\u0173j\u0173 elektriniais dant\u0173 \u0161epet\u0117liais<\/strong>.<\/p>\n<h4 data-start=\"1411\" data-end=\"1442\">Pagrindiniai privalumai:<\/h4>\n<ul data-start=\"1443\" data-end=\"1821\">\n<li data-start=\"1443\" data-end=\"1494\">\n<p data-start=\"1445\" data-end=\"1494\">Ultra White serija \u2013 efektyviam dant\u0173 balinimui<\/p>\n<\/li>\n<li data-start=\"1495\" data-end=\"1554\">\n<p data-start=\"1497\" data-end=\"1554\">FlexFit technologija \u2013 \u0161velnus, gilus ir saugus valymas<\/p>\n<\/li>\n<li data-start=\"1555\" data-end=\"1607\">\n<p data-start=\"1557\" data-end=\"1607\">5\u00b0 dizainas \u2013 pasiekia sunkiai prieinamas vietas<\/p>\n<\/li>\n<li data-start=\"1608\" data-end=\"1658\">\n<p data-start=\"1610\" data-end=\"1658\">DuPont\u2122 \u0161ereliai \u2013 geresnis apna\u0161\u0173 pa\u0161alinimas<\/p>\n<\/li>\n<li data-start=\"1659\" data-end=\"1713\">\n<p data-start=\"1661\" data-end=\"1713\">Guminis poliravimo \u017eiedas \u2013 iki 38 % ma\u017eiau d\u0117mi\u0173*<\/p>\n<\/li>\n<li data-start=\"1714\" data-end=\"1747\">\n<p data-start=\"1716\" data-end=\"1747\">Integruotas lie\u017euvio valiklis<\/p>\n<\/li>\n<li data-start=\"1748\" data-end=\"1767\">\n<p data-start=\"1750\" data-end=\"1767\">Patvirtinta FDA<\/p>\n<\/li>\n<li data-start=\"1768\" data-end=\"1821\">\n<p data-start=\"1770\" data-end=\"1821\">Suderinama su visais Oclean suaugusi\u0173j\u0173 modeliais<\/p>\n<\/li>\n<\/ul>\n<h4 data-start=\"1828\" data-end=\"1853\">Technin\u0117 informacija:<\/h4>\n<ul data-start=\"1854\" data-end=\"2081\">\n<li data-start=\"1854\" data-end=\"1917\">\n<p data-start=\"1856\" data-end=\"1917\"><strong data-start=\"1856\" data-end=\"1866\">Tipas:<\/strong> Pakaitin\u0117s galvut\u0117s elektriniam dant\u0173 \u0161epet\u0117liui<\/p>\n<\/li>\n<li data-start=\"1918\" data-end=\"1950\">\n<p data-start=\"1920\" data-end=\"1950\"><strong data-start=\"1920\" data-end=\"1931\">Serija:<\/strong> Ultra White UW01<\/p>\n<\/li>\n<li data-start=\"1951\" data-end=\"1983\">\n<p data-start=\"1953\" data-end=\"1983\"><strong data-start=\"1953\" data-end=\"1974\">Kiekis pakuot\u0117je:<\/strong> 2 vnt.<\/p>\n<\/li>\n<li data-start=\"1984\" data-end=\"2005\">\n<p data-start=\"1986\" data-end=\"2005\"><strong data-start=\"1986\" data-end=\"1997\">Spalva:<\/strong> \u017dalia<\/p>\n<\/li>\n<li data-start=\"2006\" data-end=\"2030\">\n<p data-start=\"2008\" data-end=\"2030\"><strong data-start=\"2008\" data-end=\"2021\">Kietumas:<\/strong> Kietas<\/p>\n<\/li>\n<li data-start=\"2031\" data-end=\"2081\">\n<p data-start=\"2033\" data-end=\"2081\"><strong data-start=\"2033\" data-end=\"2062\">Rekomenduojamas keitimas:<\/strong> kas 2\u20133 m\u0117nesius<\/p>\n<\/li>\n<\/ul>\n<p data-start=\"2083\" data-end=\"2145\">* Palyginti su \u201eOclean Professional Clean\u201c \u0161epet\u0117lio galvute.<\/p>\n","protected":false},"excerpt":{"rendered":"<p data-start=\"2183\" data-end=\"2430\">XIAOMI OCLEAN ULTRA WHITE UW01 pakaitin\u0117s galvut\u0117s su FlexFit technologija u\u017etikrina gil\u0173 valym\u0105 ir efektyv\u0173 dant\u0173 balinim\u0105. Guminis poliravimo \u017eiedas padeda pa\u0161alinti iki 38 % daugiau d\u0117mi\u0173, o DuPont\u2122 \u0161ereliai garantuoja kruop\u0161\u010di\u0105 burnos higien\u0105.<\/p>\n","protected":false},"featured_media":65089,"template":"","meta":[],"product_brand":[1536],"product_cat":[1569],"product_tag":[],"class_list":{"0":"post-65087","1":"product","2":"type-product","3":"status-publish","4":"has-post-thumbnail","6":"product_brand-oclean","7":"product_cat-burnos-higiena","9":"first","10":"instock","11":"purchasable","12":"product-type-simple"},"yoast_head":"<!-- This site is optimized with the Yoast SEO plugin v27.4 - https:\/\/yoast.com\/product\/yoast-seo-wordpress\/ -->\n<title>XIAOMI OCLEAN ULTRA WHITE UW01 G02 \u017ealios spalvos elektrinio dant\u0173 \u0161epet\u0117lio pakaitin\u0117s galvut\u0117s, 2 vnt - MalinaShop.lt J\u016bs\u0173 sveikatai ir gro\u017eiui.<\/title>\n<meta name=\"description\" content=\"XIAOMI OCLEAN ULTRA WHITE UW01 pakaitin\u0117s galvut\u0117s \u2013 gilus valymas, efektyvus dant\u0173 balinimas, FlexFit technologija. Suderinamos su visais Oclean modeliais.\" \/>\n<meta name=\"robots\" content=\"index, follow, max-snippet:-1, max-image-preview:large, max-video-preview:-1\" \/>\n<link rel=\"canonical\" href=\"https:\/\/www.malinashop.lt\/lt_lt\/shop\/xiaomi-oclean-ultra-white-uw01-g02-zalios-spalvos-elektrinio-dantu-sepetelio-pakaitines-galvutes-2-vnt\/\" \/>\n<meta property=\"og:locale\" content=\"lt_LT\" \/>\n<meta property=\"og:type\" content=\"article\" \/>\n<meta property=\"og:title\" content=\"XIAOMI OCLEAN ULTRA WHITE UW01 G02 \u017ealios spalvos elektrinio dant\u0173 \u0161epet\u0117lio pakaitin\u0117s galvut\u0117s, 2 vnt - MalinaShop.lt J\u016bs\u0173 sveikatai ir gro\u017eiui.\" \/>\n<meta property=\"og:description\" content=\"XIAOMI OCLEAN ULTRA WHITE UW01 pakaitin\u0117s galvut\u0117s \u2013 gilus valymas, efektyvus dant\u0173 balinimas, FlexFit technologija. Suderinamos su visais Oclean modeliais.\" \/>\n<meta property=\"og:url\" content=\"https:\/\/www.malinashop.lt\/lt_lt\/shop\/xiaomi-oclean-ultra-white-uw01-g02-zalios-spalvos-elektrinio-dantu-sepetelio-pakaitines-galvutes-2-vnt\/\" \/>\n<meta property=\"og:site_name\" content=\"MalinaShop.lt J\u016bs\u0173 sveikatai ir gro\u017eiui.\" \/>\n<meta property=\"article:modified_time\" content=\"2025-12-12T15:29:05+00:00\" \/>\n<meta property=\"og:image\" content=\"https:\/\/www.malinashop.lt\/wp-content\/uploads\/2025\/11\/6970810553529.jpg\" \/>\n\t<meta property=\"og:image:width\" content=\"1500\" \/>\n\t<meta property=\"og:image:height\" content=\"1500\" \/>\n\t<meta property=\"og:image:type\" content=\"image\/jpeg\" \/>\n<meta name=\"twitter:card\" content=\"summary_large_image\" \/>\n<script type=\"application\/ld+json\" class=\"yoast-schema-graph\">{\"@context\":\"https:\\\/\\\/schema.org\",\"@graph\":[{\"@type\":\"WebPage\",\"@id\":\"https:\\\/\\\/www.malinashop.lt\\\/shop\\\/xiaomi-oclean-ultra-white-uw01-g02-zalios-spalvos-elektrinio-dantu-sepetelio-pakaitines-galvutes-2-vnt\\\/\",\"url\":\"https:\\\/\\\/www.malinashop.lt\\\/shop\\\/xiaomi-oclean-ultra-white-uw01-g02-zalios-spalvos-elektrinio-dantu-sepetelio-pakaitines-galvutes-2-vnt\\\/\",\"name\":\"XIAOMI OCLEAN ULTRA WHITE UW01 G02 \u017ealios spalvos elektrinio dant\u0173 \u0161epet\u0117lio pakaitin\u0117s galvut\u0117s, 2 vnt - MalinaShop.lt J\u016bs\u0173 sveikatai ir gro\u017eiui.\",\"isPartOf\":{\"@id\":\"https:\\\/\\\/www.malinashop.lt\\\/#website\"},\"primaryImageOfPage\":{\"@id\":\"https:\\\/\\\/www.malinashop.lt\\\/shop\\\/xiaomi-oclean-ultra-white-uw01-g02-zalios-spalvos-elektrinio-dantu-sepetelio-pakaitines-galvutes-2-vnt\\\/#primaryimage\"},\"image\":{\"@id\":\"https:\\\/\\\/www.malinashop.lt\\\/shop\\\/xiaomi-oclean-ultra-white-uw01-g02-zalios-spalvos-elektrinio-dantu-sepetelio-pakaitines-galvutes-2-vnt\\\/#primaryimage\"},\"thumbnailUrl\":\"https:\\\/\\\/www.malinashop.lt\\\/wp-content\\\/uploads\\\/2025\\\/11\\\/6970810553529.jpg\",\"datePublished\":\"2025-11-24T15:46:19+00:00\",\"dateModified\":\"2025-12-12T15:29:05+00:00\",\"description\":\"XIAOMI OCLEAN ULTRA WHITE UW01 pakaitin\u0117s galvut\u0117s \u2013 gilus valymas, efektyvus dant\u0173 balinimas, FlexFit technologija. Suderinamos su visais Oclean modeliais.\",\"breadcrumb\":{\"@id\":\"https:\\\/\\\/www.malinashop.lt\\\/shop\\\/xiaomi-oclean-ultra-white-uw01-g02-zalios-spalvos-elektrinio-dantu-sepetelio-pakaitines-galvutes-2-vnt\\\/#breadcrumb\"},\"inLanguage\":\"lt-LT\",\"potentialAction\":[{\"@type\":\"ReadAction\",\"target\":[\"https:\\\/\\\/www.malinashop.lt\\\/shop\\\/xiaomi-oclean-ultra-white-uw01-g02-zalios-spalvos-elektrinio-dantu-sepetelio-pakaitines-galvutes-2-vnt\\\/\"]}]},{\"@type\":\"ImageObject\",\"inLanguage\":\"lt-LT\",\"@id\":\"https:\\\/\\\/www.malinashop.lt\\\/shop\\\/xiaomi-oclean-ultra-white-uw01-g02-zalios-spalvos-elektrinio-dantu-sepetelio-pakaitines-galvutes-2-vnt\\\/#primaryimage\",\"url\":\"https:\\\/\\\/www.malinashop.lt\\\/wp-content\\\/uploads\\\/2025\\\/11\\\/6970810553529.jpg\",\"contentUrl\":\"https:\\\/\\\/www.malinashop.lt\\\/wp-content\\\/uploads\\\/2025\\\/11\\\/6970810553529.jpg\",\"width\":1500,\"height\":1500},{\"@type\":\"BreadcrumbList\",\"@id\":\"https:\\\/\\\/www.malinashop.lt\\\/shop\\\/xiaomi-oclean-ultra-white-uw01-g02-zalios-spalvos-elektrinio-dantu-sepetelio-pakaitines-galvutes-2-vnt\\\/#breadcrumb\",\"itemListElement\":[{\"@type\":\"ListItem\",\"position\":1,\"name\":\"Pagrindinis\",\"item\":\"https:\\\/\\\/www.malinashop.lt\\\/\"},{\"@type\":\"ListItem\",\"position\":2,\"name\":\"Parduotuv\u0117\",\"item\":\"https:\\\/\\\/www.malinashop.lt\\\/en\\\/parduotuve\\\/\"},{\"@type\":\"ListItem\",\"position\":3,\"name\":\"XIAOMI OCLEAN ULTRA WHITE UW01 G02 \u017ealios spalvos elektrinio dant\u0173 \u0161epet\u0117lio pakaitin\u0117s galvut\u0117s, 2 vnt\"}]},{\"@type\":\"WebSite\",\"@id\":\"https:\\\/\\\/www.malinashop.lt\\\/#website\",\"url\":\"https:\\\/\\\/www.malinashop.lt\\\/\",\"name\":\"COM Group Ecommerce\",\"description\":\"MalinaShop.lt - Gro\u017eio ir sveikatos produktai i\u0161 patikim\u0173 preki\u0173 \u017eenkl\u0173. Atraskite auk\u0161tos kokyb\u0117s kosmetik\u0105 u\u017e puiki\u0105 kain\u0105.\",\"publisher\":{\"@id\":\"https:\\\/\\\/www.malinashop.lt\\\/#organization\"},\"potentialAction\":[{\"@type\":\"SearchAction\",\"target\":{\"@type\":\"EntryPoint\",\"urlTemplate\":\"https:\\\/\\\/www.malinashop.lt\\\/?s={search_term_string}\"},\"query-input\":{\"@type\":\"PropertyValueSpecification\",\"valueRequired\":true,\"valueName\":\"search_term_string\"}}],\"inLanguage\":\"lt-LT\"},{\"@type\":\"Organization\",\"@id\":\"https:\\\/\\\/www.malinashop.lt\\\/#organization\",\"name\":\"COM Group Ecommerce\",\"url\":\"https:\\\/\\\/www.malinashop.lt\\\/\",\"logo\":{\"@type\":\"ImageObject\",\"inLanguage\":\"lt-LT\",\"@id\":\"https:\\\/\\\/www.malinashop.lt\\\/#\\\/schema\\\/logo\\\/image\\\/\",\"url\":\"https:\\\/\\\/www.malinashop.lt\\\/wp-content\\\/uploads\\\/2024\\\/08\\\/462559670_3787732518133670_9795632669273463_n-e1731525914575.png\",\"contentUrl\":\"https:\\\/\\\/www.malinashop.lt\\\/wp-content\\\/uploads\\\/2024\\\/08\\\/462559670_3787732518133670_9795632669273463_n-e1731525914575.png\",\"width\":180,\"height\":60,\"caption\":\"COM Group Ecommerce\"},\"image\":{\"@id\":\"https:\\\/\\\/www.malinashop.lt\\\/#\\\/schema\\\/logo\\\/image\\\/\"}}]}<\/script>\n<!-- \/ Yoast SEO plugin. -->","yoast_head_json":{"title":"XIAOMI OCLEAN ULTRA WHITE UW01 G02 \u017ealios spalvos elektrinio dant\u0173 \u0161epet\u0117lio pakaitin\u0117s galvut\u0117s, 2 vnt - MalinaShop.lt J\u016bs\u0173 sveikatai ir gro\u017eiui.","description":"XIAOMI OCLEAN ULTRA WHITE UW01 pakaitin\u0117s galvut\u0117s \u2013 gilus valymas, efektyvus dant\u0173 balinimas, FlexFit technologija. Suderinamos su visais Oclean modeliais.","robots":{"index":"index","follow":"follow","max-snippet":"max-snippet:-1","max-image-preview":"max-image-preview:large","max-video-preview":"max-video-preview:-1"},"canonical":"https:\/\/www.malinashop.lt\/lt_lt\/shop\/xiaomi-oclean-ultra-white-uw01-g02-zalios-spalvos-elektrinio-dantu-sepetelio-pakaitines-galvutes-2-vnt\/","og_locale":"lt_LT","og_type":"article","og_title":"XIAOMI OCLEAN ULTRA WHITE UW01 G02 \u017ealios spalvos elektrinio dant\u0173 \u0161epet\u0117lio pakaitin\u0117s galvut\u0117s, 2 vnt - MalinaShop.lt J\u016bs\u0173 sveikatai ir gro\u017eiui.","og_description":"XIAOMI OCLEAN ULTRA WHITE UW01 pakaitin\u0117s galvut\u0117s \u2013 gilus valymas, efektyvus dant\u0173 balinimas, FlexFit technologija. Suderinamos su visais Oclean modeliais.","og_url":"https:\/\/www.malinashop.lt\/lt_lt\/shop\/xiaomi-oclean-ultra-white-uw01-g02-zalios-spalvos-elektrinio-dantu-sepetelio-pakaitines-galvutes-2-vnt\/","og_site_name":"MalinaShop.lt J\u016bs\u0173 sveikatai ir gro\u017eiui.","article_modified_time":"2025-12-12T15:29:05+00:00","og_image":[{"width":1500,"height":1500,"url":"https:\/\/www.malinashop.lt\/wp-content\/uploads\/2025\/11\/6970810553529.jpg","type":"image\/jpeg"}],"twitter_card":"summary_large_image","schema":{"@context":"https:\/\/schema.org","@graph":[{"@type":"WebPage","@id":"https:\/\/www.malinashop.lt\/shop\/xiaomi-oclean-ultra-white-uw01-g02-zalios-spalvos-elektrinio-dantu-sepetelio-pakaitines-galvutes-2-vnt\/","url":"https:\/\/www.malinashop.lt\/shop\/xiaomi-oclean-ultra-white-uw01-g02-zalios-spalvos-elektrinio-dantu-sepetelio-pakaitines-galvutes-2-vnt\/","name":"XIAOMI OCLEAN ULTRA WHITE UW01 G02 \u017ealios spalvos elektrinio dant\u0173 \u0161epet\u0117lio pakaitin\u0117s galvut\u0117s, 2 vnt - MalinaShop.lt J\u016bs\u0173 sveikatai ir gro\u017eiui.","isPartOf":{"@id":"https:\/\/www.malinashop.lt\/#website"},"primaryImageOfPage":{"@id":"https:\/\/www.malinashop.lt\/shop\/xiaomi-oclean-ultra-white-uw01-g02-zalios-spalvos-elektrinio-dantu-sepetelio-pakaitines-galvutes-2-vnt\/#primaryimage"},"image":{"@id":"https:\/\/www.malinashop.lt\/shop\/xiaomi-oclean-ultra-white-uw01-g02-zalios-spalvos-elektrinio-dantu-sepetelio-pakaitines-galvutes-2-vnt\/#primaryimage"},"thumbnailUrl":"https:\/\/www.malinashop.lt\/wp-content\/uploads\/2025\/11\/6970810553529.jpg","datePublished":"2025-11-24T15:46:19+00:00","dateModified":"2025-12-12T15:29:05+00:00","description":"XIAOMI OCLEAN ULTRA WHITE UW01 pakaitin\u0117s galvut\u0117s \u2013 gilus valymas, efektyvus dant\u0173 balinimas, FlexFit technologija. Suderinamos su visais Oclean modeliais.","breadcrumb":{"@id":"https:\/\/www.malinashop.lt\/shop\/xiaomi-oclean-ultra-white-uw01-g02-zalios-spalvos-elektrinio-dantu-sepetelio-pakaitines-galvutes-2-vnt\/#breadcrumb"},"inLanguage":"lt-LT","potentialAction":[{"@type":"ReadAction","target":["https:\/\/www.malinashop.lt\/shop\/xiaomi-oclean-ultra-white-uw01-g02-zalios-spalvos-elektrinio-dantu-sepetelio-pakaitines-galvutes-2-vnt\/"]}]},{"@type":"ImageObject","inLanguage":"lt-LT","@id":"https:\/\/www.malinashop.lt\/shop\/xiaomi-oclean-ultra-white-uw01-g02-zalios-spalvos-elektrinio-dantu-sepetelio-pakaitines-galvutes-2-vnt\/#primaryimage","url":"https:\/\/www.malinashop.lt\/wp-content\/uploads\/2025\/11\/6970810553529.jpg","contentUrl":"https:\/\/www.malinashop.lt\/wp-content\/uploads\/2025\/11\/6970810553529.jpg","width":1500,"height":1500},{"@type":"BreadcrumbList","@id":"https:\/\/www.malinashop.lt\/shop\/xiaomi-oclean-ultra-white-uw01-g02-zalios-spalvos-elektrinio-dantu-sepetelio-pakaitines-galvutes-2-vnt\/#breadcrumb","itemListElement":[{"@type":"ListItem","position":1,"name":"Pagrindinis","item":"https:\/\/www.malinashop.lt\/"},{"@type":"ListItem","position":2,"name":"Parduotuv\u0117","item":"https:\/\/www.malinashop.lt\/en\/parduotuve\/"},{"@type":"ListItem","position":3,"name":"XIAOMI OCLEAN ULTRA WHITE UW01 G02 \u017ealios spalvos elektrinio dant\u0173 \u0161epet\u0117lio pakaitin\u0117s galvut\u0117s, 2 vnt"}]},{"@type":"WebSite","@id":"https:\/\/www.malinashop.lt\/#website","url":"https:\/\/www.malinashop.lt\/","name":"COM Group Ecommerce","description":"MalinaShop.lt - Gro\u017eio ir sveikatos produktai i\u0161 patikim\u0173 preki\u0173 \u017eenkl\u0173. Atraskite auk\u0161tos kokyb\u0117s kosmetik\u0105 u\u017e puiki\u0105 kain\u0105.","publisher":{"@id":"https:\/\/www.malinashop.lt\/#organization"},"potentialAction":[{"@type":"SearchAction","target":{"@type":"EntryPoint","urlTemplate":"https:\/\/www.malinashop.lt\/?s={search_term_string}"},"query-input":{"@type":"PropertyValueSpecification","valueRequired":true,"valueName":"search_term_string"}}],"inLanguage":"lt-LT"},{"@type":"Organization","@id":"https:\/\/www.malinashop.lt\/#organization","name":"COM Group Ecommerce","url":"https:\/\/www.malinashop.lt\/","logo":{"@type":"ImageObject","inLanguage":"lt-LT","@id":"https:\/\/www.malinashop.lt\/#\/schema\/logo\/image\/","url":"https:\/\/www.malinashop.lt\/wp-content\/uploads\/2024\/08\/462559670_3787732518133670_9795632669273463_n-e1731525914575.png","contentUrl":"https:\/\/www.malinashop.lt\/wp-content\/uploads\/2024\/08\/462559670_3787732518133670_9795632669273463_n-e1731525914575.png","width":180,"height":60,"caption":"COM Group Ecommerce"},"image":{"@id":"https:\/\/www.malinashop.lt\/#\/schema\/logo\/image\/"}}]}},"jetpack_sharing_enabled":true,"_links":{"self":[{"href":"https:\/\/www.malinashop.lt\/lt_lt\/wp-json\/wp\/v2\/product\/65087","targetHints":{"allow":["GET"]}}],"collection":[{"href":"https:\/\/www.malinashop.lt\/lt_lt\/wp-json\/wp\/v2\/product"}],"about":[{"href":"https:\/\/www.malinashop.lt\/lt_lt\/wp-json\/wp\/v2\/types\/product"}],"version-history":[{"count":2,"href":"https:\/\/www.malinashop.lt\/lt_lt\/wp-json\/wp\/v2\/product\/65087\/revisions"}],"predecessor-version":[{"id":72322,"href":"https:\/\/www.malinashop.lt\/lt_lt\/wp-json\/wp\/v2\/product\/65087\/revisions\/72322"}],"wp:featuredmedia":[{"embeddable":true,"href":"https:\/\/www.malinashop.lt\/lt_lt\/wp-json\/wp\/v2\/media\/65089"}],"wp:attachment":[{"href":"https:\/\/www.malinashop.lt\/lt_lt\/wp-json\/wp\/v2\/media?parent=65087"}],"wp:term":[{"taxonomy":"product_brand","embeddable":true,"href":"https:\/\/www.malinashop.lt\/lt_lt\/wp-json\/wp\/v2\/product_brand?post=65087"},{"taxonomy":"product_cat","embeddable":true,"href":"https:\/\/www.malinashop.lt\/lt_lt\/wp-json\/wp\/v2\/product_cat?post=65087"},{"taxonomy":"product_tag","embeddable":true,"href":"https:\/\/www.malinashop.lt\/lt_lt\/wp-json\/wp\/v2\/product_tag?post=65087"}],"curies":[{"name":"wp","href":"https:\/\/api.w.org\/{rel}","templated":true}]}}