{"id":64882,"date":"2025-11-24T18:43:54","date_gmt":"2025-11-24T15:43:54","guid":{"rendered":"https:\/\/malinashop.lt\/?post_type=product&#038;p=64882"},"modified":"2026-02-10T12:47:55","modified_gmt":"2026-02-10T09:47:55","slug":"paese-my-skin-icon-02-natural-beige-paakiu-maskuoklis-65-ml","status":"publish","type":"product","link":"https:\/\/www.malinashop.lt\/lt_lt\/shop\/paese-my-skin-icon-02-natural-beige-paakiu-maskuoklis-65-ml\/","title":{"rendered":"PAESE MY SKIN ICON 02 Natural Beige paaki\u0173 maskuoklis, 6,5 ml"},"content":{"rendered":"<p data-start=\"178\" data-end=\"475\"><strong data-start=\"178\" data-end=\"235\">PAESE MY SKIN ICON paaki\u0173 maskuoklis 02 Natural Beige<\/strong> \u2013 tai itin patvarus, auk\u0161tos maskavimo galios maskuoklis, sukurtas nepriekai\u0161tingam odos \u012fvaizd\u017eiui. Stiprus, bet nat\u016braliai atrodantis matinis padengimas efektyviai paslepia paaki\u0173 tamsum\u0105, smulkius netobulumus ir suteikia veidui gaivumo.<\/p>\n<p data-start=\"477\" data-end=\"727\">Ilgai i\u0161liekanti formul\u0117 u\u017etikrina iki <strong data-start=\"516\" data-end=\"530\">12 valand\u0173<\/strong> trunkant\u012f efekt\u0105 be sub\u0117gimo \u012f rauk\u0161leles ar nub\u0117gimo dienos eigoje. Maskuoklis lengvai dengiasi, tolygiai pasiskirsto ant odos ir leid\u017eia sluoksniuoti produkt\u0105 pagal norim\u0105 maskavimo intensyvum\u0105.<\/p>\n<p data-start=\"729\" data-end=\"869\"><strong data-start=\"729\" data-end=\"751\">Natural Beige (02)<\/strong> atspalvis puikiai prisitaiko prie nat\u016bralaus odos tono, tod\u0117l tinka kasdieniam makia\u017eui ir profesionaliam naudojimui.<\/p>\n<p data-start=\"871\" data-end=\"886\"><strong data-start=\"871\" data-end=\"886\">Privalumai:<\/strong><\/p>\n<ul data-start=\"887\" data-end=\"1083\">\n<li data-start=\"887\" data-end=\"926\">\n<p data-start=\"889\" data-end=\"926\">Ilgai i\u0161liekantis efektas iki 12 val.<\/p>\n<\/li>\n<li data-start=\"927\" data-end=\"972\">\n<p data-start=\"929\" data-end=\"972\">Stiprus, bet nat\u016bralus matinis maskavimas<\/p>\n<\/li>\n<li data-start=\"973\" data-end=\"1025\">\n<p data-start=\"975\" data-end=\"1025\">\u0160viesina paaki\u0173 zon\u0105 ir paslepia tamsius ratilus<\/p>\n<\/li>\n<li data-start=\"1026\" data-end=\"1051\">\n<p data-start=\"1028\" data-end=\"1051\">Nesub\u0117ga \u012f rauk\u0161leles<\/p>\n<\/li>\n<li data-start=\"1052\" data-end=\"1083\">\n<p data-start=\"1054\" data-end=\"1083\">Tinka kasdieniam naudojimui<\/p>\n<\/li>\n<\/ul>\n<p data-start=\"1085\" data-end=\"1102\"><strong data-start=\"1085\" data-end=\"1095\">T\u016bris:<\/strong> 6,5 ml<\/p>\n","protected":false},"excerpt":{"rendered":"<p data-start=\"1142\" data-end=\"1341\">Ilgai i\u0161liekantis paaki\u0173 maskuoklis su matiniu efektu, kuris efektyviai paslepia tamsius ratilus ir netobulumus. Nat\u016bralus 02 Natural Beige atspalvis u\u017etikrina gaiv\u0173 ir tolyg\u0173 odos vaizd\u0105 iki 12 val.<\/p>\n","protected":false},"featured_media":64884,"template":"","meta":[],"product_brand":[1534],"product_cat":[549,728],"product_tag":[1614],"class_list":{"0":"post-64882","1":"product","2":"type-product","3":"status-publish","4":"has-post-thumbnail","6":"product_brand-paese","7":"product_cat-paakiu-prieziuros-priemones","8":"product_cat-veidui","9":"product_tag-paese","11":"first","12":"instock","13":"purchasable","14":"product-type-simple"},"yoast_head":"<!-- This site is optimized with the Yoast SEO plugin v27.4 - https:\/\/yoast.com\/product\/yoast-seo-wordpress\/ -->\n<title>PAESE MY SKIN ICON 02 Natural Beige paaki\u0173 maskuoklis, 6,5 ml - MalinaShop.lt J\u016bs\u0173 sveikatai ir gro\u017eiui.<\/title>\n<meta name=\"description\" content=\"PAESE MY SKIN ICON paaki\u0173 maskuoklis 02 Natural Beige \u2013 ilgai i\u0161liekantis, stipraus maskavimo matinis maskuoklis, \u0161viesinantis paaki\u0173 zon\u0105. 6,5 ml.\" \/>\n<meta name=\"robots\" content=\"index, follow, max-snippet:-1, max-image-preview:large, max-video-preview:-1\" \/>\n<link rel=\"canonical\" href=\"https:\/\/www.malinashop.lt\/lt_lt\/shop\/paese-my-skin-icon-02-natural-beige-paakiu-maskuoklis-65-ml\/\" \/>\n<meta property=\"og:locale\" content=\"lt_LT\" \/>\n<meta property=\"og:type\" content=\"article\" \/>\n<meta property=\"og:title\" content=\"PAESE MY SKIN ICON 02 Natural Beige paaki\u0173 maskuoklis, 6,5 ml - MalinaShop.lt J\u016bs\u0173 sveikatai ir gro\u017eiui.\" \/>\n<meta property=\"og:description\" content=\"PAESE MY SKIN ICON paaki\u0173 maskuoklis 02 Natural Beige \u2013 ilgai i\u0161liekantis, stipraus maskavimo matinis maskuoklis, \u0161viesinantis paaki\u0173 zon\u0105. 6,5 ml.\" \/>\n<meta property=\"og:url\" content=\"https:\/\/www.malinashop.lt\/lt_lt\/shop\/paese-my-skin-icon-02-natural-beige-paakiu-maskuoklis-65-ml\/\" \/>\n<meta property=\"og:site_name\" content=\"MalinaShop.lt J\u016bs\u0173 sveikatai ir gro\u017eiui.\" \/>\n<meta property=\"article:modified_time\" content=\"2026-02-10T09:47:55+00:00\" \/>\n<meta property=\"og:image\" content=\"https:\/\/www.malinashop.lt\/wp-content\/uploads\/2025\/11\/5902627625671.jpg\" \/>\n\t<meta property=\"og:image:width\" content=\"1000\" \/>\n\t<meta property=\"og:image:height\" content=\"1000\" \/>\n\t<meta property=\"og:image:type\" content=\"image\/jpeg\" \/>\n<meta name=\"twitter:card\" content=\"summary_large_image\" \/>\n<script type=\"application\/ld+json\" class=\"yoast-schema-graph\">{\"@context\":\"https:\\\/\\\/schema.org\",\"@graph\":[{\"@type\":\"WebPage\",\"@id\":\"https:\\\/\\\/www.malinashop.lt\\\/lt_lt\\\/shop\\\/paese-my-skin-icon-02-natural-beige-paakiu-maskuoklis-65-ml\\\/\",\"url\":\"https:\\\/\\\/www.malinashop.lt\\\/lt_lt\\\/shop\\\/paese-my-skin-icon-02-natural-beige-paakiu-maskuoklis-65-ml\\\/\",\"name\":\"PAESE MY SKIN ICON 02 Natural Beige paaki\u0173 maskuoklis, 6,5 ml - MalinaShop.lt J\u016bs\u0173 sveikatai ir gro\u017eiui.\",\"isPartOf\":{\"@id\":\"https:\\\/\\\/www.malinashop.lt\\\/en\\\/#website\"},\"primaryImageOfPage\":{\"@id\":\"https:\\\/\\\/www.malinashop.lt\\\/lt_lt\\\/shop\\\/paese-my-skin-icon-02-natural-beige-paakiu-maskuoklis-65-ml\\\/#primaryimage\"},\"image\":{\"@id\":\"https:\\\/\\\/www.malinashop.lt\\\/lt_lt\\\/shop\\\/paese-my-skin-icon-02-natural-beige-paakiu-maskuoklis-65-ml\\\/#primaryimage\"},\"thumbnailUrl\":\"https:\\\/\\\/www.malinashop.lt\\\/wp-content\\\/uploads\\\/2025\\\/11\\\/5902627625671.jpg\",\"datePublished\":\"2025-11-24T15:43:54+00:00\",\"dateModified\":\"2026-02-10T09:47:55+00:00\",\"description\":\"PAESE MY SKIN ICON paaki\u0173 maskuoklis 02 Natural Beige \u2013 ilgai i\u0161liekantis, stipraus maskavimo matinis maskuoklis, \u0161viesinantis paaki\u0173 zon\u0105. 6,5 ml.\",\"breadcrumb\":{\"@id\":\"https:\\\/\\\/www.malinashop.lt\\\/lt_lt\\\/shop\\\/paese-my-skin-icon-02-natural-beige-paakiu-maskuoklis-65-ml\\\/#breadcrumb\"},\"inLanguage\":\"lt-LT\",\"potentialAction\":[{\"@type\":\"ReadAction\",\"target\":[\"https:\\\/\\\/www.malinashop.lt\\\/lt_lt\\\/shop\\\/paese-my-skin-icon-02-natural-beige-paakiu-maskuoklis-65-ml\\\/\"]}]},{\"@type\":\"ImageObject\",\"inLanguage\":\"lt-LT\",\"@id\":\"https:\\\/\\\/www.malinashop.lt\\\/lt_lt\\\/shop\\\/paese-my-skin-icon-02-natural-beige-paakiu-maskuoklis-65-ml\\\/#primaryimage\",\"url\":\"https:\\\/\\\/www.malinashop.lt\\\/wp-content\\\/uploads\\\/2025\\\/11\\\/5902627625671.jpg\",\"contentUrl\":\"https:\\\/\\\/www.malinashop.lt\\\/wp-content\\\/uploads\\\/2025\\\/11\\\/5902627625671.jpg\",\"width\":1000,\"height\":1000},{\"@type\":\"BreadcrumbList\",\"@id\":\"https:\\\/\\\/www.malinashop.lt\\\/lt_lt\\\/shop\\\/paese-my-skin-icon-02-natural-beige-paakiu-maskuoklis-65-ml\\\/#breadcrumb\",\"itemListElement\":[{\"@type\":\"ListItem\",\"position\":1,\"name\":\"Home\",\"item\":\"https:\\\/\\\/www.malinashop.lt\\\/en\\\/\"},{\"@type\":\"ListItem\",\"position\":2,\"name\":\"Parduotuv\u0117\",\"item\":\"https:\\\/\\\/www.malinashop.lt\\\/en\\\/parduotuve\\\/\"},{\"@type\":\"ListItem\",\"position\":3,\"name\":\"PAESE MY SKIN ICON 02 Natural Beige paaki\u0173 maskuoklis, 6,5 ml\"}]},{\"@type\":\"WebSite\",\"@id\":\"https:\\\/\\\/www.malinashop.lt\\\/en\\\/#website\",\"url\":\"https:\\\/\\\/www.malinashop.lt\\\/en\\\/\",\"name\":\"COM Group Ecommerce\",\"description\":\"MalinaShop.lt - Gro\u017eio ir sveikatos produktai i\u0161 patikim\u0173 preki\u0173 \u017eenkl\u0173. Atraskite auk\u0161tos kokyb\u0117s kosmetik\u0105 u\u017e puiki\u0105 kain\u0105.\",\"publisher\":{\"@id\":\"https:\\\/\\\/www.malinashop.lt\\\/en\\\/#organization\"},\"potentialAction\":[{\"@type\":\"SearchAction\",\"target\":{\"@type\":\"EntryPoint\",\"urlTemplate\":\"https:\\\/\\\/www.malinashop.lt\\\/en\\\/?s={search_term_string}\"},\"query-input\":{\"@type\":\"PropertyValueSpecification\",\"valueRequired\":true,\"valueName\":\"search_term_string\"}}],\"inLanguage\":\"lt-LT\"},{\"@type\":\"Organization\",\"@id\":\"https:\\\/\\\/www.malinashop.lt\\\/en\\\/#organization\",\"name\":\"COM Group Ecommerce\",\"url\":\"https:\\\/\\\/www.malinashop.lt\\\/en\\\/\",\"logo\":{\"@type\":\"ImageObject\",\"inLanguage\":\"lt-LT\",\"@id\":\"https:\\\/\\\/www.malinashop.lt\\\/en\\\/#\\\/schema\\\/logo\\\/image\\\/\",\"url\":\"https:\\\/\\\/www.malinashop.lt\\\/wp-content\\\/uploads\\\/2024\\\/08\\\/462559670_3787732518133670_9795632669273463_n-e1731525914575.png\",\"contentUrl\":\"https:\\\/\\\/www.malinashop.lt\\\/wp-content\\\/uploads\\\/2024\\\/08\\\/462559670_3787732518133670_9795632669273463_n-e1731525914575.png\",\"width\":180,\"height\":60,\"caption\":\"COM Group Ecommerce\"},\"image\":{\"@id\":\"https:\\\/\\\/www.malinashop.lt\\\/en\\\/#\\\/schema\\\/logo\\\/image\\\/\"}}]}<\/script>\n<!-- \/ Yoast SEO plugin. -->","yoast_head_json":{"title":"PAESE MY SKIN ICON 02 Natural Beige paaki\u0173 maskuoklis, 6,5 ml - MalinaShop.lt J\u016bs\u0173 sveikatai ir gro\u017eiui.","description":"PAESE MY SKIN ICON paaki\u0173 maskuoklis 02 Natural Beige \u2013 ilgai i\u0161liekantis, stipraus maskavimo matinis maskuoklis, \u0161viesinantis paaki\u0173 zon\u0105. 6,5 ml.","robots":{"index":"index","follow":"follow","max-snippet":"max-snippet:-1","max-image-preview":"max-image-preview:large","max-video-preview":"max-video-preview:-1"},"canonical":"https:\/\/www.malinashop.lt\/lt_lt\/shop\/paese-my-skin-icon-02-natural-beige-paakiu-maskuoklis-65-ml\/","og_locale":"lt_LT","og_type":"article","og_title":"PAESE MY SKIN ICON 02 Natural Beige paaki\u0173 maskuoklis, 6,5 ml - MalinaShop.lt J\u016bs\u0173 sveikatai ir gro\u017eiui.","og_description":"PAESE MY SKIN ICON paaki\u0173 maskuoklis 02 Natural Beige \u2013 ilgai i\u0161liekantis, stipraus maskavimo matinis maskuoklis, \u0161viesinantis paaki\u0173 zon\u0105. 6,5 ml.","og_url":"https:\/\/www.malinashop.lt\/lt_lt\/shop\/paese-my-skin-icon-02-natural-beige-paakiu-maskuoklis-65-ml\/","og_site_name":"MalinaShop.lt J\u016bs\u0173 sveikatai ir gro\u017eiui.","article_modified_time":"2026-02-10T09:47:55+00:00","og_image":[{"width":1000,"height":1000,"url":"https:\/\/www.malinashop.lt\/wp-content\/uploads\/2025\/11\/5902627625671.jpg","type":"image\/jpeg"}],"twitter_card":"summary_large_image","schema":{"@context":"https:\/\/schema.org","@graph":[{"@type":"WebPage","@id":"https:\/\/www.malinashop.lt\/lt_lt\/shop\/paese-my-skin-icon-02-natural-beige-paakiu-maskuoklis-65-ml\/","url":"https:\/\/www.malinashop.lt\/lt_lt\/shop\/paese-my-skin-icon-02-natural-beige-paakiu-maskuoklis-65-ml\/","name":"PAESE MY SKIN ICON 02 Natural Beige paaki\u0173 maskuoklis, 6,5 ml - MalinaShop.lt J\u016bs\u0173 sveikatai ir gro\u017eiui.","isPartOf":{"@id":"https:\/\/www.malinashop.lt\/en\/#website"},"primaryImageOfPage":{"@id":"https:\/\/www.malinashop.lt\/lt_lt\/shop\/paese-my-skin-icon-02-natural-beige-paakiu-maskuoklis-65-ml\/#primaryimage"},"image":{"@id":"https:\/\/www.malinashop.lt\/lt_lt\/shop\/paese-my-skin-icon-02-natural-beige-paakiu-maskuoklis-65-ml\/#primaryimage"},"thumbnailUrl":"https:\/\/www.malinashop.lt\/wp-content\/uploads\/2025\/11\/5902627625671.jpg","datePublished":"2025-11-24T15:43:54+00:00","dateModified":"2026-02-10T09:47:55+00:00","description":"PAESE MY SKIN ICON paaki\u0173 maskuoklis 02 Natural Beige \u2013 ilgai i\u0161liekantis, stipraus maskavimo matinis maskuoklis, \u0161viesinantis paaki\u0173 zon\u0105. 6,5 ml.","breadcrumb":{"@id":"https:\/\/www.malinashop.lt\/lt_lt\/shop\/paese-my-skin-icon-02-natural-beige-paakiu-maskuoklis-65-ml\/#breadcrumb"},"inLanguage":"lt-LT","potentialAction":[{"@type":"ReadAction","target":["https:\/\/www.malinashop.lt\/lt_lt\/shop\/paese-my-skin-icon-02-natural-beige-paakiu-maskuoklis-65-ml\/"]}]},{"@type":"ImageObject","inLanguage":"lt-LT","@id":"https:\/\/www.malinashop.lt\/lt_lt\/shop\/paese-my-skin-icon-02-natural-beige-paakiu-maskuoklis-65-ml\/#primaryimage","url":"https:\/\/www.malinashop.lt\/wp-content\/uploads\/2025\/11\/5902627625671.jpg","contentUrl":"https:\/\/www.malinashop.lt\/wp-content\/uploads\/2025\/11\/5902627625671.jpg","width":1000,"height":1000},{"@type":"BreadcrumbList","@id":"https:\/\/www.malinashop.lt\/lt_lt\/shop\/paese-my-skin-icon-02-natural-beige-paakiu-maskuoklis-65-ml\/#breadcrumb","itemListElement":[{"@type":"ListItem","position":1,"name":"Home","item":"https:\/\/www.malinashop.lt\/en\/"},{"@type":"ListItem","position":2,"name":"Parduotuv\u0117","item":"https:\/\/www.malinashop.lt\/en\/parduotuve\/"},{"@type":"ListItem","position":3,"name":"PAESE MY SKIN ICON 02 Natural Beige paaki\u0173 maskuoklis, 6,5 ml"}]},{"@type":"WebSite","@id":"https:\/\/www.malinashop.lt\/en\/#website","url":"https:\/\/www.malinashop.lt\/en\/","name":"COM Group Ecommerce","description":"MalinaShop.lt - Gro\u017eio ir sveikatos produktai i\u0161 patikim\u0173 preki\u0173 \u017eenkl\u0173. Atraskite auk\u0161tos kokyb\u0117s kosmetik\u0105 u\u017e puiki\u0105 kain\u0105.","publisher":{"@id":"https:\/\/www.malinashop.lt\/en\/#organization"},"potentialAction":[{"@type":"SearchAction","target":{"@type":"EntryPoint","urlTemplate":"https:\/\/www.malinashop.lt\/en\/?s={search_term_string}"},"query-input":{"@type":"PropertyValueSpecification","valueRequired":true,"valueName":"search_term_string"}}],"inLanguage":"lt-LT"},{"@type":"Organization","@id":"https:\/\/www.malinashop.lt\/en\/#organization","name":"COM Group Ecommerce","url":"https:\/\/www.malinashop.lt\/en\/","logo":{"@type":"ImageObject","inLanguage":"lt-LT","@id":"https:\/\/www.malinashop.lt\/en\/#\/schema\/logo\/image\/","url":"https:\/\/www.malinashop.lt\/wp-content\/uploads\/2024\/08\/462559670_3787732518133670_9795632669273463_n-e1731525914575.png","contentUrl":"https:\/\/www.malinashop.lt\/wp-content\/uploads\/2024\/08\/462559670_3787732518133670_9795632669273463_n-e1731525914575.png","width":180,"height":60,"caption":"COM Group Ecommerce"},"image":{"@id":"https:\/\/www.malinashop.lt\/en\/#\/schema\/logo\/image\/"}}]}},"jetpack_sharing_enabled":true,"_links":{"self":[{"href":"https:\/\/www.malinashop.lt\/lt_lt\/wp-json\/wp\/v2\/product\/64882","targetHints":{"allow":["GET"]}}],"collection":[{"href":"https:\/\/www.malinashop.lt\/lt_lt\/wp-json\/wp\/v2\/product"}],"about":[{"href":"https:\/\/www.malinashop.lt\/lt_lt\/wp-json\/wp\/v2\/types\/product"}],"version-history":[{"count":2,"href":"https:\/\/www.malinashop.lt\/lt_lt\/wp-json\/wp\/v2\/product\/64882\/revisions"}],"predecessor-version":[{"id":72271,"href":"https:\/\/www.malinashop.lt\/lt_lt\/wp-json\/wp\/v2\/product\/64882\/revisions\/72271"}],"wp:featuredmedia":[{"embeddable":true,"href":"https:\/\/www.malinashop.lt\/lt_lt\/wp-json\/wp\/v2\/media\/64884"}],"wp:attachment":[{"href":"https:\/\/www.malinashop.lt\/lt_lt\/wp-json\/wp\/v2\/media?parent=64882"}],"wp:term":[{"taxonomy":"product_brand","embeddable":true,"href":"https:\/\/www.malinashop.lt\/lt_lt\/wp-json\/wp\/v2\/product_brand?post=64882"},{"taxonomy":"product_cat","embeddable":true,"href":"https:\/\/www.malinashop.lt\/lt_lt\/wp-json\/wp\/v2\/product_cat?post=64882"},{"taxonomy":"product_tag","embeddable":true,"href":"https:\/\/www.malinashop.lt\/lt_lt\/wp-json\/wp\/v2\/product_tag?post=64882"}],"curies":[{"name":"wp","href":"https:\/\/api.w.org\/{rel}","templated":true}]}}