{"id":64865,"date":"2025-11-24T18:43:54","date_gmt":"2025-11-24T15:43:54","guid":{"rendered":"https:\/\/malinashop.lt\/?post_type=product&#038;p=64865"},"modified":"2026-02-10T12:47:54","modified_gmt":"2026-02-10T09:47:54","slug":"paese-my-skin-icon-3c-almond-matine-kremine-pudra-33-ml","status":"publish","type":"product","link":"https:\/\/www.malinashop.lt\/lt_lt\/shop\/paese-my-skin-icon-3c-almond-matine-kremine-pudra-33-ml\/","title":{"rendered":"PAESE MY SKIN ICON 3C Almond matin\u0117 kremin\u0117 pudra, 33 ml"},"content":{"rendered":"<div class=\"cs__product-section container\">\n<p data-start=\"48\" data-end=\"409\"><strong data-start=\"48\" data-end=\"108\">PAESE MY SKIN ICON matin\u0117 kremin\u0117 pudra 3C Almond, 33 ml<\/strong> \u2013 tai ilgai i\u0161liekantis makia\u017eo pagrindas, sukurtas tobulai glotniai ir matinio efekto odai. Lengva ir \u0161ilkin\u0117 konsistencija tolygiai pasiskirsto, opti\u0161kai suma\u017eina por\u0173 matomum\u0105 bei i\u0161lygina odos atspalv\u012f. Formul\u0117je esantys aktyv\u016bs ingredientai dr\u0117kina ir suteikia odai komforto poj\u016bt\u012f vis\u0105 dien\u0105.<\/p>\n<p data-start=\"411\" data-end=\"650\">Pudra neu\u017ekem\u0161a por\u0173, tod\u0117l puikiai tinka kasdieniam naudojimui. Ji atspari dr\u0117gmei ir prakaitui, i\u0161laiko nepriekai\u0161ting\u0105 makia\u017eo rezultat\u0105 iki <strong data-start=\"555\" data-end=\"569\">12 valand\u0173<\/strong>. Satininis u\u017ebaigimas suteikia nat\u016braliai matin\u012f, \u0161velniai glotn\u0173 odos efekt\u0105.<\/p>\n<p data-start=\"652\" data-end=\"670\"><strong data-start=\"652\" data-end=\"662\">T\u016bris:<\/strong> 33 ml<\/p>\n<\/div>\n","protected":false},"excerpt":{"rendered":"<p data-start=\"714\" data-end=\"929\">Ilgai i\u0161liekanti matin\u0117 kremin\u0117 pudra PAESE MY SKIN ICON 3C Almond suteikia glotn\u0173, tolyg\u0173 odos atspalv\u012f, ma\u017eina por\u0173 matomum\u0105 ir i\u0161lieka iki 12 valand\u0173. Atspari dr\u0117gmei ir prakaitui, su \u0161velniu satininiu u\u017ebaigimu.<\/p>\n","protected":false},"featured_media":64867,"template":"","meta":[],"product_brand":[1534],"product_cat":[102,792],"product_tag":[1614],"class_list":{"0":"post-64865","1":"product","2":"type-product","3":"status-publish","4":"has-post-thumbnail","6":"product_brand-paese","7":"product_cat-dekoratyvine-kosmetika","8":"product_cat-veido-pudros","9":"product_tag-paese","11":"first","12":"instock","13":"purchasable","14":"product-type-simple"},"yoast_head":"<!-- This site is optimized with the Yoast SEO plugin v27.4 - https:\/\/yoast.com\/product\/yoast-seo-wordpress\/ -->\n<title>PAESE MY SKIN ICON 3C Almond matin\u0117 kremin\u0117 pudra, 33 ml - MalinaShop.lt J\u016bs\u0173 sveikatai ir gro\u017eiui.<\/title>\n<meta name=\"description\" content=\"Matin\u0117 PAESE MY SKIN ICON 3C Almond pudra i\u0161lygina od\u0105, ma\u017eina poras ir i\u0161lieka iki 12 val. Lengva, atspari dr\u0117gmei ir prakaitui. T\u016bris 33 ml.\" \/>\n<meta name=\"robots\" content=\"index, follow, max-snippet:-1, max-image-preview:large, max-video-preview:-1\" \/>\n<link rel=\"canonical\" href=\"https:\/\/www.malinashop.lt\/lt_lt\/shop\/paese-my-skin-icon-3c-almond-matine-kremine-pudra-33-ml\/\" \/>\n<meta property=\"og:locale\" content=\"lt_LT\" \/>\n<meta property=\"og:type\" content=\"article\" \/>\n<meta property=\"og:title\" content=\"PAESE MY SKIN ICON 3C Almond matin\u0117 kremin\u0117 pudra, 33 ml - MalinaShop.lt J\u016bs\u0173 sveikatai ir gro\u017eiui.\" \/>\n<meta property=\"og:description\" content=\"Matin\u0117 PAESE MY SKIN ICON 3C Almond pudra i\u0161lygina od\u0105, ma\u017eina poras ir i\u0161lieka iki 12 val. Lengva, atspari dr\u0117gmei ir prakaitui. T\u016bris 33 ml.\" \/>\n<meta property=\"og:url\" content=\"https:\/\/www.malinashop.lt\/lt_lt\/shop\/paese-my-skin-icon-3c-almond-matine-kremine-pudra-33-ml\/\" \/>\n<meta property=\"og:site_name\" content=\"MalinaShop.lt J\u016bs\u0173 sveikatai ir gro\u017eiui.\" \/>\n<meta property=\"article:modified_time\" content=\"2026-02-10T09:47:54+00:00\" \/>\n<meta property=\"og:image\" content=\"https:\/\/www.malinashop.lt\/wp-content\/uploads\/2025\/11\/5902627625558.jpg\" \/>\n\t<meta property=\"og:image:width\" content=\"1000\" \/>\n\t<meta property=\"og:image:height\" content=\"1000\" \/>\n\t<meta property=\"og:image:type\" content=\"image\/jpeg\" \/>\n<meta name=\"twitter:card\" content=\"summary_large_image\" \/>\n<script type=\"application\/ld+json\" class=\"yoast-schema-graph\">{\"@context\":\"https:\\\/\\\/schema.org\",\"@graph\":[{\"@type\":\"WebPage\",\"@id\":\"https:\\\/\\\/www.malinashop.lt\\\/shop\\\/paese-my-skin-icon-3c-almond-matine-kremine-pudra-33-ml\\\/\",\"url\":\"https:\\\/\\\/www.malinashop.lt\\\/shop\\\/paese-my-skin-icon-3c-almond-matine-kremine-pudra-33-ml\\\/\",\"name\":\"PAESE MY SKIN ICON 3C Almond matin\u0117 kremin\u0117 pudra, 33 ml - MalinaShop.lt J\u016bs\u0173 sveikatai ir gro\u017eiui.\",\"isPartOf\":{\"@id\":\"https:\\\/\\\/www.malinashop.lt\\\/#website\"},\"primaryImageOfPage\":{\"@id\":\"https:\\\/\\\/www.malinashop.lt\\\/shop\\\/paese-my-skin-icon-3c-almond-matine-kremine-pudra-33-ml\\\/#primaryimage\"},\"image\":{\"@id\":\"https:\\\/\\\/www.malinashop.lt\\\/shop\\\/paese-my-skin-icon-3c-almond-matine-kremine-pudra-33-ml\\\/#primaryimage\"},\"thumbnailUrl\":\"https:\\\/\\\/www.malinashop.lt\\\/wp-content\\\/uploads\\\/2025\\\/11\\\/5902627625558.jpg\",\"datePublished\":\"2025-11-24T15:43:54+00:00\",\"dateModified\":\"2026-02-10T09:47:54+00:00\",\"description\":\"Matin\u0117 PAESE MY SKIN ICON 3C Almond pudra i\u0161lygina od\u0105, ma\u017eina poras ir i\u0161lieka iki 12 val. Lengva, atspari dr\u0117gmei ir prakaitui. T\u016bris 33 ml.\",\"breadcrumb\":{\"@id\":\"https:\\\/\\\/www.malinashop.lt\\\/shop\\\/paese-my-skin-icon-3c-almond-matine-kremine-pudra-33-ml\\\/#breadcrumb\"},\"inLanguage\":\"lt-LT\",\"potentialAction\":[{\"@type\":\"ReadAction\",\"target\":[\"https:\\\/\\\/www.malinashop.lt\\\/shop\\\/paese-my-skin-icon-3c-almond-matine-kremine-pudra-33-ml\\\/\"]}]},{\"@type\":\"ImageObject\",\"inLanguage\":\"lt-LT\",\"@id\":\"https:\\\/\\\/www.malinashop.lt\\\/shop\\\/paese-my-skin-icon-3c-almond-matine-kremine-pudra-33-ml\\\/#primaryimage\",\"url\":\"https:\\\/\\\/www.malinashop.lt\\\/wp-content\\\/uploads\\\/2025\\\/11\\\/5902627625558.jpg\",\"contentUrl\":\"https:\\\/\\\/www.malinashop.lt\\\/wp-content\\\/uploads\\\/2025\\\/11\\\/5902627625558.jpg\",\"width\":1000,\"height\":1000},{\"@type\":\"BreadcrumbList\",\"@id\":\"https:\\\/\\\/www.malinashop.lt\\\/shop\\\/paese-my-skin-icon-3c-almond-matine-kremine-pudra-33-ml\\\/#breadcrumb\",\"itemListElement\":[{\"@type\":\"ListItem\",\"position\":1,\"name\":\"Pagrindinis\",\"item\":\"https:\\\/\\\/www.malinashop.lt\\\/\"},{\"@type\":\"ListItem\",\"position\":2,\"name\":\"Parduotuv\u0117\",\"item\":\"https:\\\/\\\/www.malinashop.lt\\\/en\\\/parduotuve\\\/\"},{\"@type\":\"ListItem\",\"position\":3,\"name\":\"PAESE MY SKIN ICON 3C Almond matin\u0117 kremin\u0117 pudra, 33 ml\"}]},{\"@type\":\"WebSite\",\"@id\":\"https:\\\/\\\/www.malinashop.lt\\\/#website\",\"url\":\"https:\\\/\\\/www.malinashop.lt\\\/\",\"name\":\"COM Group Ecommerce\",\"description\":\"MalinaShop.lt - Gro\u017eio ir sveikatos produktai i\u0161 patikim\u0173 preki\u0173 \u017eenkl\u0173. Atraskite auk\u0161tos kokyb\u0117s kosmetik\u0105 u\u017e puiki\u0105 kain\u0105.\",\"publisher\":{\"@id\":\"https:\\\/\\\/www.malinashop.lt\\\/#organization\"},\"potentialAction\":[{\"@type\":\"SearchAction\",\"target\":{\"@type\":\"EntryPoint\",\"urlTemplate\":\"https:\\\/\\\/www.malinashop.lt\\\/?s={search_term_string}\"},\"query-input\":{\"@type\":\"PropertyValueSpecification\",\"valueRequired\":true,\"valueName\":\"search_term_string\"}}],\"inLanguage\":\"lt-LT\"},{\"@type\":\"Organization\",\"@id\":\"https:\\\/\\\/www.malinashop.lt\\\/#organization\",\"name\":\"COM Group Ecommerce\",\"url\":\"https:\\\/\\\/www.malinashop.lt\\\/\",\"logo\":{\"@type\":\"ImageObject\",\"inLanguage\":\"lt-LT\",\"@id\":\"https:\\\/\\\/www.malinashop.lt\\\/#\\\/schema\\\/logo\\\/image\\\/\",\"url\":\"https:\\\/\\\/www.malinashop.lt\\\/wp-content\\\/uploads\\\/2024\\\/08\\\/462559670_3787732518133670_9795632669273463_n-e1731525914575.png\",\"contentUrl\":\"https:\\\/\\\/www.malinashop.lt\\\/wp-content\\\/uploads\\\/2024\\\/08\\\/462559670_3787732518133670_9795632669273463_n-e1731525914575.png\",\"width\":180,\"height\":60,\"caption\":\"COM Group Ecommerce\"},\"image\":{\"@id\":\"https:\\\/\\\/www.malinashop.lt\\\/#\\\/schema\\\/logo\\\/image\\\/\"}}]}<\/script>\n<!-- \/ Yoast SEO plugin. -->","yoast_head_json":{"title":"PAESE MY SKIN ICON 3C Almond matin\u0117 kremin\u0117 pudra, 33 ml - MalinaShop.lt J\u016bs\u0173 sveikatai ir gro\u017eiui.","description":"Matin\u0117 PAESE MY SKIN ICON 3C Almond pudra i\u0161lygina od\u0105, ma\u017eina poras ir i\u0161lieka iki 12 val. Lengva, atspari dr\u0117gmei ir prakaitui. T\u016bris 33 ml.","robots":{"index":"index","follow":"follow","max-snippet":"max-snippet:-1","max-image-preview":"max-image-preview:large","max-video-preview":"max-video-preview:-1"},"canonical":"https:\/\/www.malinashop.lt\/lt_lt\/shop\/paese-my-skin-icon-3c-almond-matine-kremine-pudra-33-ml\/","og_locale":"lt_LT","og_type":"article","og_title":"PAESE MY SKIN ICON 3C Almond matin\u0117 kremin\u0117 pudra, 33 ml - MalinaShop.lt J\u016bs\u0173 sveikatai ir gro\u017eiui.","og_description":"Matin\u0117 PAESE MY SKIN ICON 3C Almond pudra i\u0161lygina od\u0105, ma\u017eina poras ir i\u0161lieka iki 12 val. Lengva, atspari dr\u0117gmei ir prakaitui. T\u016bris 33 ml.","og_url":"https:\/\/www.malinashop.lt\/lt_lt\/shop\/paese-my-skin-icon-3c-almond-matine-kremine-pudra-33-ml\/","og_site_name":"MalinaShop.lt J\u016bs\u0173 sveikatai ir gro\u017eiui.","article_modified_time":"2026-02-10T09:47:54+00:00","og_image":[{"width":1000,"height":1000,"url":"https:\/\/www.malinashop.lt\/wp-content\/uploads\/2025\/11\/5902627625558.jpg","type":"image\/jpeg"}],"twitter_card":"summary_large_image","schema":{"@context":"https:\/\/schema.org","@graph":[{"@type":"WebPage","@id":"https:\/\/www.malinashop.lt\/shop\/paese-my-skin-icon-3c-almond-matine-kremine-pudra-33-ml\/","url":"https:\/\/www.malinashop.lt\/shop\/paese-my-skin-icon-3c-almond-matine-kremine-pudra-33-ml\/","name":"PAESE MY SKIN ICON 3C Almond matin\u0117 kremin\u0117 pudra, 33 ml - MalinaShop.lt J\u016bs\u0173 sveikatai ir gro\u017eiui.","isPartOf":{"@id":"https:\/\/www.malinashop.lt\/#website"},"primaryImageOfPage":{"@id":"https:\/\/www.malinashop.lt\/shop\/paese-my-skin-icon-3c-almond-matine-kremine-pudra-33-ml\/#primaryimage"},"image":{"@id":"https:\/\/www.malinashop.lt\/shop\/paese-my-skin-icon-3c-almond-matine-kremine-pudra-33-ml\/#primaryimage"},"thumbnailUrl":"https:\/\/www.malinashop.lt\/wp-content\/uploads\/2025\/11\/5902627625558.jpg","datePublished":"2025-11-24T15:43:54+00:00","dateModified":"2026-02-10T09:47:54+00:00","description":"Matin\u0117 PAESE MY SKIN ICON 3C Almond pudra i\u0161lygina od\u0105, ma\u017eina poras ir i\u0161lieka iki 12 val. Lengva, atspari dr\u0117gmei ir prakaitui. T\u016bris 33 ml.","breadcrumb":{"@id":"https:\/\/www.malinashop.lt\/shop\/paese-my-skin-icon-3c-almond-matine-kremine-pudra-33-ml\/#breadcrumb"},"inLanguage":"lt-LT","potentialAction":[{"@type":"ReadAction","target":["https:\/\/www.malinashop.lt\/shop\/paese-my-skin-icon-3c-almond-matine-kremine-pudra-33-ml\/"]}]},{"@type":"ImageObject","inLanguage":"lt-LT","@id":"https:\/\/www.malinashop.lt\/shop\/paese-my-skin-icon-3c-almond-matine-kremine-pudra-33-ml\/#primaryimage","url":"https:\/\/www.malinashop.lt\/wp-content\/uploads\/2025\/11\/5902627625558.jpg","contentUrl":"https:\/\/www.malinashop.lt\/wp-content\/uploads\/2025\/11\/5902627625558.jpg","width":1000,"height":1000},{"@type":"BreadcrumbList","@id":"https:\/\/www.malinashop.lt\/shop\/paese-my-skin-icon-3c-almond-matine-kremine-pudra-33-ml\/#breadcrumb","itemListElement":[{"@type":"ListItem","position":1,"name":"Pagrindinis","item":"https:\/\/www.malinashop.lt\/"},{"@type":"ListItem","position":2,"name":"Parduotuv\u0117","item":"https:\/\/www.malinashop.lt\/en\/parduotuve\/"},{"@type":"ListItem","position":3,"name":"PAESE MY SKIN ICON 3C Almond matin\u0117 kremin\u0117 pudra, 33 ml"}]},{"@type":"WebSite","@id":"https:\/\/www.malinashop.lt\/#website","url":"https:\/\/www.malinashop.lt\/","name":"COM Group Ecommerce","description":"MalinaShop.lt - Gro\u017eio ir sveikatos produktai i\u0161 patikim\u0173 preki\u0173 \u017eenkl\u0173. Atraskite auk\u0161tos kokyb\u0117s kosmetik\u0105 u\u017e puiki\u0105 kain\u0105.","publisher":{"@id":"https:\/\/www.malinashop.lt\/#organization"},"potentialAction":[{"@type":"SearchAction","target":{"@type":"EntryPoint","urlTemplate":"https:\/\/www.malinashop.lt\/?s={search_term_string}"},"query-input":{"@type":"PropertyValueSpecification","valueRequired":true,"valueName":"search_term_string"}}],"inLanguage":"lt-LT"},{"@type":"Organization","@id":"https:\/\/www.malinashop.lt\/#organization","name":"COM Group Ecommerce","url":"https:\/\/www.malinashop.lt\/","logo":{"@type":"ImageObject","inLanguage":"lt-LT","@id":"https:\/\/www.malinashop.lt\/#\/schema\/logo\/image\/","url":"https:\/\/www.malinashop.lt\/wp-content\/uploads\/2024\/08\/462559670_3787732518133670_9795632669273463_n-e1731525914575.png","contentUrl":"https:\/\/www.malinashop.lt\/wp-content\/uploads\/2024\/08\/462559670_3787732518133670_9795632669273463_n-e1731525914575.png","width":180,"height":60,"caption":"COM Group Ecommerce"},"image":{"@id":"https:\/\/www.malinashop.lt\/#\/schema\/logo\/image\/"}}]}},"jetpack_sharing_enabled":true,"_links":{"self":[{"href":"https:\/\/www.malinashop.lt\/lt_lt\/wp-json\/wp\/v2\/product\/64865","targetHints":{"allow":["GET"]}}],"collection":[{"href":"https:\/\/www.malinashop.lt\/lt_lt\/wp-json\/wp\/v2\/product"}],"about":[{"href":"https:\/\/www.malinashop.lt\/lt_lt\/wp-json\/wp\/v2\/types\/product"}],"version-history":[{"count":2,"href":"https:\/\/www.malinashop.lt\/lt_lt\/wp-json\/wp\/v2\/product\/64865\/revisions"}],"predecessor-version":[{"id":72204,"href":"https:\/\/www.malinashop.lt\/lt_lt\/wp-json\/wp\/v2\/product\/64865\/revisions\/72204"}],"wp:featuredmedia":[{"embeddable":true,"href":"https:\/\/www.malinashop.lt\/lt_lt\/wp-json\/wp\/v2\/media\/64867"}],"wp:attachment":[{"href":"https:\/\/www.malinashop.lt\/lt_lt\/wp-json\/wp\/v2\/media?parent=64865"}],"wp:term":[{"taxonomy":"product_brand","embeddable":true,"href":"https:\/\/www.malinashop.lt\/lt_lt\/wp-json\/wp\/v2\/product_brand?post=64865"},{"taxonomy":"product_cat","embeddable":true,"href":"https:\/\/www.malinashop.lt\/lt_lt\/wp-json\/wp\/v2\/product_cat?post=64865"},{"taxonomy":"product_tag","embeddable":true,"href":"https:\/\/www.malinashop.lt\/lt_lt\/wp-json\/wp\/v2\/product_tag?post=64865"}],"curies":[{"name":"wp","href":"https:\/\/api.w.org\/{rel}","templated":true}]}}