{"id":64797,"date":"2025-11-24T18:43:03","date_gmt":"2025-11-24T15:43:03","guid":{"rendered":"https:\/\/malinashop.lt\/?post_type=product&#038;p=64797"},"modified":"2026-02-10T12:47:58","modified_gmt":"2026-02-10T09:47:58","slug":"paese-the-kiss-lips-05-raspberry-red-lupu-konturavimo-piestukas-03-g","status":"publish","type":"product","link":"https:\/\/www.malinashop.lt\/lt_lt\/shop\/paese-the-kiss-lips-05-raspberry-red-lupu-konturavimo-piestukas-03-g\/","title":{"rendered":"PAESE THE KISS LIPS 05 Raspberry Red l\u016bp\u0173 kont\u016bravimo pie\u0161tukas, 0,3 g"},"content":{"rendered":"<p data-start=\"32\" data-end=\"586\"><strong data-start=\"32\" data-end=\"99\">PAESE THE KISS LIPS l\u016bp\u0173 kont\u016bravimo pie\u0161tukas 05 Raspberry Red<\/strong> \u2013 tai intensyvaus, ry\u0161kiai raudono atspalvio matin\u0117s tekst\u016bros pie\u0161tukas, sukurtas idealiai l\u016bp\u0173 formai ir ilgaam\u017ei\u0161kam makia\u017eui. \u0160is pie\u0161tukas lengvai slysta, leid\u017eia tiksliai apibr\u0117\u017eti l\u016bp\u0173 kont\u016br\u0105 ir sukurti tolyg\u0173 pagrind\u0105 j\u016bs\u0173 m\u0117gstamiems l\u016bp\u0173 da\u017eams. Kremin\u0117, ta\u010diau ilgai i\u0161liekanti formul\u0117 neleid\u017eia l\u016bpoms i\u0161saus\u0117ti, tod\u0117l makia\u017eas atrodo nepriekai\u0161tingai vis\u0105 dien\u0105.<br data-start=\"476\" data-end=\"479\" \/>Puikus pasirinkimas tiek kasdieniam, tiek vakariniam \u012fvaizd\u017eiui, kai norisi ry\u0161kaus ir sodraus rezultato.<\/p>\n<p data-start=\"588\" data-end=\"605\"><strong data-start=\"588\" data-end=\"603\">Privalumai:<\/strong><\/p>\n<ul data-start=\"606\" data-end=\"774\">\n<li data-start=\"606\" data-end=\"643\">\n<p data-start=\"608\" data-end=\"643\">Ry\u0161kus <em data-start=\"615\" data-end=\"630\">Raspberry Red<\/em> atspalvis;<\/p>\n<\/li>\n<li data-start=\"644\" data-end=\"682\">\n<p data-start=\"646\" data-end=\"682\">Matin\u0117, ilgai i\u0161liekanti tekst\u016bra;<\/p>\n<\/li>\n<li data-start=\"683\" data-end=\"715\">\n<p data-start=\"685\" data-end=\"715\">Tikslus ir lengvas dengimas;<\/p>\n<\/li>\n<li data-start=\"716\" data-end=\"754\">\n<p data-start=\"718\" data-end=\"754\">Padeda l\u016bp\u0173 da\u017eams i\u0161likti ilgiau;<\/p>\n<\/li>\n<li data-start=\"755\" data-end=\"774\">\n<p data-start=\"757\" data-end=\"774\">Nesausina l\u016bp\u0173.<\/p>\n<\/li>\n<\/ul>\n<p data-start=\"776\" data-end=\"794\"><strong data-start=\"776\" data-end=\"786\">T\u016bris:<\/strong> 0,3 g<\/p>\n","protected":false},"excerpt":{"rendered":"<p data-start=\"837\" data-end=\"1084\">PAESE THE KISS LIPS 05 Raspberry Red \u2013 matin\u0117s tekst\u016bros l\u016bp\u0173 kont\u016bro pie\u0161tukas, suteikiantis intensyv\u0173 raudon\u0105 atspalv\u012f ir u\u017etikrinantis tiksl\u0173, ilgai i\u0161liekant\u012f makia\u017e\u0105. Puikiai tinka l\u016bp\u0173 formos pary\u0161kinimui ir ilgesniam l\u016bp\u0173 da\u017e\u0173 i\u0161silaikymui.<\/p>\n","protected":false},"featured_media":64799,"template":"","meta":[],"product_brand":[1534],"product_cat":[102,708,529],"product_tag":[1614],"class_list":{"0":"post-64797","1":"product","2":"type-product","3":"status-publish","4":"has-post-thumbnail","6":"product_brand-paese","7":"product_cat-dekoratyvine-kosmetika","8":"product_cat-lupoms","9":"product_cat-lupu-piestukai","10":"product_tag-paese","12":"first","13":"instock","14":"purchasable","15":"product-type-simple"},"yoast_head":"<!-- This site is optimized with the Yoast SEO plugin v27.4 - https:\/\/yoast.com\/product\/yoast-seo-wordpress\/ -->\n<title>PAESE THE KISS LIPS 05 Raspberry Red l\u016bp\u0173 kont\u016bravimo pie\u0161tukas, 0,3 g - MalinaShop.lt J\u016bs\u0173 sveikatai ir gro\u017eiui.<\/title>\n<meta name=\"description\" content=\"PAESE THE KISS LIPS 05 Raspberry Red \u2013 matinis l\u016bp\u0173 kont\u016bravimo pie\u0161tukas su intensyviu raudonu atspalviu. Tiksliai apibr\u0117\u017eia l\u016bpas.\" \/>\n<meta name=\"robots\" content=\"index, follow, max-snippet:-1, max-image-preview:large, max-video-preview:-1\" \/>\n<link rel=\"canonical\" href=\"https:\/\/www.malinashop.lt\/lt_lt\/shop\/paese-the-kiss-lips-05-raspberry-red-lupu-konturavimo-piestukas-03-g\/\" \/>\n<meta property=\"og:locale\" content=\"lt_LT\" \/>\n<meta property=\"og:type\" content=\"article\" \/>\n<meta property=\"og:title\" content=\"PAESE THE KISS LIPS 05 Raspberry Red l\u016bp\u0173 kont\u016bravimo pie\u0161tukas, 0,3 g - MalinaShop.lt J\u016bs\u0173 sveikatai ir gro\u017eiui.\" \/>\n<meta property=\"og:description\" content=\"PAESE THE KISS LIPS 05 Raspberry Red \u2013 matinis l\u016bp\u0173 kont\u016bravimo pie\u0161tukas su intensyviu raudonu atspalviu. Tiksliai apibr\u0117\u017eia l\u016bpas.\" \/>\n<meta property=\"og:url\" content=\"https:\/\/www.malinashop.lt\/lt_lt\/shop\/paese-the-kiss-lips-05-raspberry-red-lupu-konturavimo-piestukas-03-g\/\" \/>\n<meta property=\"og:site_name\" content=\"MalinaShop.lt J\u016bs\u0173 sveikatai ir gro\u017eiui.\" \/>\n<meta property=\"article:modified_time\" content=\"2026-02-10T09:47:58+00:00\" \/>\n<meta property=\"og:image\" content=\"https:\/\/www.malinashop.lt\/wp-content\/uploads\/2025\/11\/5902627624698.jpg\" \/>\n\t<meta property=\"og:image:width\" content=\"1000\" \/>\n\t<meta property=\"og:image:height\" content=\"1000\" \/>\n\t<meta property=\"og:image:type\" content=\"image\/jpeg\" \/>\n<meta name=\"twitter:card\" content=\"summary_large_image\" \/>\n<script type=\"application\/ld+json\" class=\"yoast-schema-graph\">{\"@context\":\"https:\\\/\\\/schema.org\",\"@graph\":[{\"@type\":\"WebPage\",\"@id\":\"https:\\\/\\\/www.malinashop.lt\\\/lt_lt\\\/shop\\\/paese-the-kiss-lips-05-raspberry-red-lupu-konturavimo-piestukas-03-g\\\/\",\"url\":\"https:\\\/\\\/www.malinashop.lt\\\/lt_lt\\\/shop\\\/paese-the-kiss-lips-05-raspberry-red-lupu-konturavimo-piestukas-03-g\\\/\",\"name\":\"PAESE THE KISS LIPS 05 Raspberry Red l\u016bp\u0173 kont\u016bravimo pie\u0161tukas, 0,3 g - MalinaShop.lt J\u016bs\u0173 sveikatai ir gro\u017eiui.\",\"isPartOf\":{\"@id\":\"https:\\\/\\\/www.malinashop.lt\\\/#website\"},\"primaryImageOfPage\":{\"@id\":\"https:\\\/\\\/www.malinashop.lt\\\/lt_lt\\\/shop\\\/paese-the-kiss-lips-05-raspberry-red-lupu-konturavimo-piestukas-03-g\\\/#primaryimage\"},\"image\":{\"@id\":\"https:\\\/\\\/www.malinashop.lt\\\/lt_lt\\\/shop\\\/paese-the-kiss-lips-05-raspberry-red-lupu-konturavimo-piestukas-03-g\\\/#primaryimage\"},\"thumbnailUrl\":\"https:\\\/\\\/www.malinashop.lt\\\/wp-content\\\/uploads\\\/2025\\\/11\\\/5902627624698.jpg\",\"datePublished\":\"2025-11-24T15:43:03+00:00\",\"dateModified\":\"2026-02-10T09:47:58+00:00\",\"description\":\"PAESE THE KISS LIPS 05 Raspberry Red \u2013 matinis l\u016bp\u0173 kont\u016bravimo pie\u0161tukas su intensyviu raudonu atspalviu. Tiksliai apibr\u0117\u017eia l\u016bpas.\",\"breadcrumb\":{\"@id\":\"https:\\\/\\\/www.malinashop.lt\\\/lt_lt\\\/shop\\\/paese-the-kiss-lips-05-raspberry-red-lupu-konturavimo-piestukas-03-g\\\/#breadcrumb\"},\"inLanguage\":\"lt-LT\",\"potentialAction\":[{\"@type\":\"ReadAction\",\"target\":[\"https:\\\/\\\/www.malinashop.lt\\\/lt_lt\\\/shop\\\/paese-the-kiss-lips-05-raspberry-red-lupu-konturavimo-piestukas-03-g\\\/\"]}]},{\"@type\":\"ImageObject\",\"inLanguage\":\"lt-LT\",\"@id\":\"https:\\\/\\\/www.malinashop.lt\\\/lt_lt\\\/shop\\\/paese-the-kiss-lips-05-raspberry-red-lupu-konturavimo-piestukas-03-g\\\/#primaryimage\",\"url\":\"https:\\\/\\\/www.malinashop.lt\\\/wp-content\\\/uploads\\\/2025\\\/11\\\/5902627624698.jpg\",\"contentUrl\":\"https:\\\/\\\/www.malinashop.lt\\\/wp-content\\\/uploads\\\/2025\\\/11\\\/5902627624698.jpg\",\"width\":1000,\"height\":1000},{\"@type\":\"BreadcrumbList\",\"@id\":\"https:\\\/\\\/www.malinashop.lt\\\/lt_lt\\\/shop\\\/paese-the-kiss-lips-05-raspberry-red-lupu-konturavimo-piestukas-03-g\\\/#breadcrumb\",\"itemListElement\":[{\"@type\":\"ListItem\",\"position\":1,\"name\":\"Pagrindinis\",\"item\":\"https:\\\/\\\/www.malinashop.lt\\\/\"},{\"@type\":\"ListItem\",\"position\":2,\"name\":\"Parduotuv\u0117\",\"item\":\"https:\\\/\\\/www.malinashop.lt\\\/en\\\/parduotuve\\\/\"},{\"@type\":\"ListItem\",\"position\":3,\"name\":\"PAESE THE KISS LIPS 05 Raspberry Red l\u016bp\u0173 kont\u016bravimo pie\u0161tukas, 0,3 g\"}]},{\"@type\":\"WebSite\",\"@id\":\"https:\\\/\\\/www.malinashop.lt\\\/#website\",\"url\":\"https:\\\/\\\/www.malinashop.lt\\\/\",\"name\":\"COM Group Ecommerce\",\"description\":\"MalinaShop.lt - Gro\u017eio ir sveikatos produktai i\u0161 patikim\u0173 preki\u0173 \u017eenkl\u0173. Atraskite auk\u0161tos kokyb\u0117s kosmetik\u0105 u\u017e puiki\u0105 kain\u0105.\",\"publisher\":{\"@id\":\"https:\\\/\\\/www.malinashop.lt\\\/#organization\"},\"potentialAction\":[{\"@type\":\"SearchAction\",\"target\":{\"@type\":\"EntryPoint\",\"urlTemplate\":\"https:\\\/\\\/www.malinashop.lt\\\/?s={search_term_string}\"},\"query-input\":{\"@type\":\"PropertyValueSpecification\",\"valueRequired\":true,\"valueName\":\"search_term_string\"}}],\"inLanguage\":\"lt-LT\"},{\"@type\":\"Organization\",\"@id\":\"https:\\\/\\\/www.malinashop.lt\\\/#organization\",\"name\":\"COM Group Ecommerce\",\"url\":\"https:\\\/\\\/www.malinashop.lt\\\/\",\"logo\":{\"@type\":\"ImageObject\",\"inLanguage\":\"lt-LT\",\"@id\":\"https:\\\/\\\/www.malinashop.lt\\\/#\\\/schema\\\/logo\\\/image\\\/\",\"url\":\"https:\\\/\\\/www.malinashop.lt\\\/wp-content\\\/uploads\\\/2024\\\/08\\\/462559670_3787732518133670_9795632669273463_n-e1731525914575.png\",\"contentUrl\":\"https:\\\/\\\/www.malinashop.lt\\\/wp-content\\\/uploads\\\/2024\\\/08\\\/462559670_3787732518133670_9795632669273463_n-e1731525914575.png\",\"width\":180,\"height\":60,\"caption\":\"COM Group Ecommerce\"},\"image\":{\"@id\":\"https:\\\/\\\/www.malinashop.lt\\\/#\\\/schema\\\/logo\\\/image\\\/\"}}]}<\/script>\n<!-- \/ Yoast SEO plugin. -->","yoast_head_json":{"title":"PAESE THE KISS LIPS 05 Raspberry Red l\u016bp\u0173 kont\u016bravimo pie\u0161tukas, 0,3 g - MalinaShop.lt J\u016bs\u0173 sveikatai ir gro\u017eiui.","description":"PAESE THE KISS LIPS 05 Raspberry Red \u2013 matinis l\u016bp\u0173 kont\u016bravimo pie\u0161tukas su intensyviu raudonu atspalviu. Tiksliai apibr\u0117\u017eia l\u016bpas.","robots":{"index":"index","follow":"follow","max-snippet":"max-snippet:-1","max-image-preview":"max-image-preview:large","max-video-preview":"max-video-preview:-1"},"canonical":"https:\/\/www.malinashop.lt\/lt_lt\/shop\/paese-the-kiss-lips-05-raspberry-red-lupu-konturavimo-piestukas-03-g\/","og_locale":"lt_LT","og_type":"article","og_title":"PAESE THE KISS LIPS 05 Raspberry Red l\u016bp\u0173 kont\u016bravimo pie\u0161tukas, 0,3 g - MalinaShop.lt J\u016bs\u0173 sveikatai ir gro\u017eiui.","og_description":"PAESE THE KISS LIPS 05 Raspberry Red \u2013 matinis l\u016bp\u0173 kont\u016bravimo pie\u0161tukas su intensyviu raudonu atspalviu. Tiksliai apibr\u0117\u017eia l\u016bpas.","og_url":"https:\/\/www.malinashop.lt\/lt_lt\/shop\/paese-the-kiss-lips-05-raspberry-red-lupu-konturavimo-piestukas-03-g\/","og_site_name":"MalinaShop.lt J\u016bs\u0173 sveikatai ir gro\u017eiui.","article_modified_time":"2026-02-10T09:47:58+00:00","og_image":[{"width":1000,"height":1000,"url":"https:\/\/www.malinashop.lt\/wp-content\/uploads\/2025\/11\/5902627624698.jpg","type":"image\/jpeg"}],"twitter_card":"summary_large_image","schema":{"@context":"https:\/\/schema.org","@graph":[{"@type":"WebPage","@id":"https:\/\/www.malinashop.lt\/lt_lt\/shop\/paese-the-kiss-lips-05-raspberry-red-lupu-konturavimo-piestukas-03-g\/","url":"https:\/\/www.malinashop.lt\/lt_lt\/shop\/paese-the-kiss-lips-05-raspberry-red-lupu-konturavimo-piestukas-03-g\/","name":"PAESE THE KISS LIPS 05 Raspberry Red l\u016bp\u0173 kont\u016bravimo pie\u0161tukas, 0,3 g - MalinaShop.lt J\u016bs\u0173 sveikatai ir gro\u017eiui.","isPartOf":{"@id":"https:\/\/www.malinashop.lt\/#website"},"primaryImageOfPage":{"@id":"https:\/\/www.malinashop.lt\/lt_lt\/shop\/paese-the-kiss-lips-05-raspberry-red-lupu-konturavimo-piestukas-03-g\/#primaryimage"},"image":{"@id":"https:\/\/www.malinashop.lt\/lt_lt\/shop\/paese-the-kiss-lips-05-raspberry-red-lupu-konturavimo-piestukas-03-g\/#primaryimage"},"thumbnailUrl":"https:\/\/www.malinashop.lt\/wp-content\/uploads\/2025\/11\/5902627624698.jpg","datePublished":"2025-11-24T15:43:03+00:00","dateModified":"2026-02-10T09:47:58+00:00","description":"PAESE THE KISS LIPS 05 Raspberry Red \u2013 matinis l\u016bp\u0173 kont\u016bravimo pie\u0161tukas su intensyviu raudonu atspalviu. Tiksliai apibr\u0117\u017eia l\u016bpas.","breadcrumb":{"@id":"https:\/\/www.malinashop.lt\/lt_lt\/shop\/paese-the-kiss-lips-05-raspberry-red-lupu-konturavimo-piestukas-03-g\/#breadcrumb"},"inLanguage":"lt-LT","potentialAction":[{"@type":"ReadAction","target":["https:\/\/www.malinashop.lt\/lt_lt\/shop\/paese-the-kiss-lips-05-raspberry-red-lupu-konturavimo-piestukas-03-g\/"]}]},{"@type":"ImageObject","inLanguage":"lt-LT","@id":"https:\/\/www.malinashop.lt\/lt_lt\/shop\/paese-the-kiss-lips-05-raspberry-red-lupu-konturavimo-piestukas-03-g\/#primaryimage","url":"https:\/\/www.malinashop.lt\/wp-content\/uploads\/2025\/11\/5902627624698.jpg","contentUrl":"https:\/\/www.malinashop.lt\/wp-content\/uploads\/2025\/11\/5902627624698.jpg","width":1000,"height":1000},{"@type":"BreadcrumbList","@id":"https:\/\/www.malinashop.lt\/lt_lt\/shop\/paese-the-kiss-lips-05-raspberry-red-lupu-konturavimo-piestukas-03-g\/#breadcrumb","itemListElement":[{"@type":"ListItem","position":1,"name":"Pagrindinis","item":"https:\/\/www.malinashop.lt\/"},{"@type":"ListItem","position":2,"name":"Parduotuv\u0117","item":"https:\/\/www.malinashop.lt\/en\/parduotuve\/"},{"@type":"ListItem","position":3,"name":"PAESE THE KISS LIPS 05 Raspberry Red l\u016bp\u0173 kont\u016bravimo pie\u0161tukas, 0,3 g"}]},{"@type":"WebSite","@id":"https:\/\/www.malinashop.lt\/#website","url":"https:\/\/www.malinashop.lt\/","name":"COM Group Ecommerce","description":"MalinaShop.lt - Gro\u017eio ir sveikatos produktai i\u0161 patikim\u0173 preki\u0173 \u017eenkl\u0173. Atraskite auk\u0161tos kokyb\u0117s kosmetik\u0105 u\u017e puiki\u0105 kain\u0105.","publisher":{"@id":"https:\/\/www.malinashop.lt\/#organization"},"potentialAction":[{"@type":"SearchAction","target":{"@type":"EntryPoint","urlTemplate":"https:\/\/www.malinashop.lt\/?s={search_term_string}"},"query-input":{"@type":"PropertyValueSpecification","valueRequired":true,"valueName":"search_term_string"}}],"inLanguage":"lt-LT"},{"@type":"Organization","@id":"https:\/\/www.malinashop.lt\/#organization","name":"COM Group Ecommerce","url":"https:\/\/www.malinashop.lt\/","logo":{"@type":"ImageObject","inLanguage":"lt-LT","@id":"https:\/\/www.malinashop.lt\/#\/schema\/logo\/image\/","url":"https:\/\/www.malinashop.lt\/wp-content\/uploads\/2024\/08\/462559670_3787732518133670_9795632669273463_n-e1731525914575.png","contentUrl":"https:\/\/www.malinashop.lt\/wp-content\/uploads\/2024\/08\/462559670_3787732518133670_9795632669273463_n-e1731525914575.png","width":180,"height":60,"caption":"COM Group Ecommerce"},"image":{"@id":"https:\/\/www.malinashop.lt\/#\/schema\/logo\/image\/"}}]}},"jetpack_sharing_enabled":true,"_links":{"self":[{"href":"https:\/\/www.malinashop.lt\/lt_lt\/wp-json\/wp\/v2\/product\/64797","targetHints":{"allow":["GET"]}}],"collection":[{"href":"https:\/\/www.malinashop.lt\/lt_lt\/wp-json\/wp\/v2\/product"}],"about":[{"href":"https:\/\/www.malinashop.lt\/lt_lt\/wp-json\/wp\/v2\/types\/product"}],"version-history":[{"count":2,"href":"https:\/\/www.malinashop.lt\/lt_lt\/wp-json\/wp\/v2\/product\/64797\/revisions"}],"predecessor-version":[{"id":72224,"href":"https:\/\/www.malinashop.lt\/lt_lt\/wp-json\/wp\/v2\/product\/64797\/revisions\/72224"}],"wp:featuredmedia":[{"embeddable":true,"href":"https:\/\/www.malinashop.lt\/lt_lt\/wp-json\/wp\/v2\/media\/64799"}],"wp:attachment":[{"href":"https:\/\/www.malinashop.lt\/lt_lt\/wp-json\/wp\/v2\/media?parent=64797"}],"wp:term":[{"taxonomy":"product_brand","embeddable":true,"href":"https:\/\/www.malinashop.lt\/lt_lt\/wp-json\/wp\/v2\/product_brand?post=64797"},{"taxonomy":"product_cat","embeddable":true,"href":"https:\/\/www.malinashop.lt\/lt_lt\/wp-json\/wp\/v2\/product_cat?post=64797"},{"taxonomy":"product_tag","embeddable":true,"href":"https:\/\/www.malinashop.lt\/lt_lt\/wp-json\/wp\/v2\/product_tag?post=64797"}],"curies":[{"name":"wp","href":"https:\/\/api.w.org\/{rel}","templated":true}]}}