{"id":64787,"date":"2025-11-24T18:43:03","date_gmt":"2025-11-24T15:43:03","guid":{"rendered":"https:\/\/malinashop.lt\/?post_type=product&#038;p=64787"},"modified":"2026-02-10T12:47:58","modified_gmt":"2026-02-10T09:47:58","slug":"paese-the-kiss-lips-03-lovely-pink-lupu-konturavimo-piestukas-03-g","status":"publish","type":"product","link":"https:\/\/www.malinashop.lt\/lt_lt\/shop\/paese-the-kiss-lips-03-lovely-pink-lupu-konturavimo-piestukas-03-g\/","title":{"rendered":"PAESE THE KISS LIPS 03 Lovely Pink l\u016bp\u0173 kont\u016bravimo pie\u0161tukas, 0,3 g"},"content":{"rendered":"<p data-start=\"32\" data-end=\"452\"><strong data-start=\"32\" data-end=\"97\">PAESE THE KISS LIPS l\u016bp\u0173 kont\u016bravimo pie\u0161tukas 03 Lovely Pink<\/strong> \u2013 tai ilgai i\u0161liekantis, matin\u0117s tekst\u016bros l\u016bp\u0173 pie\u0161tukas, sukurtas tiksliai l\u016bp\u0173 formai pary\u0161kinti ir suteikti joms sodresn\u0119 spalv\u0105. \u0160velni, kremin\u0117 formul\u0117 lengvai slysta l\u016bpomis, ne sausina ir leid\u017eia i\u0161gauti tobul\u0105 kont\u016br\u0105 vos vienu br\u016bk\u0161tel\u0117jimu. Elegantinis ro\u017einis atspalvis \u201eLovely Pink\u201c puikiai tinka tiek kasdieniam, tiek vakariniam makia\u017eui.<\/p>\n<p data-start=\"454\" data-end=\"626\">Pie\u0161tukas gali b\u016bti naudojamas tiek kaip kont\u016bravimo priemon\u0117, tiek kaip vis\u0173 l\u016bp\u0173 da\u017eymas \u2013 suteiksite matin\u012f, vientis\u0105 ir i\u0161rai\u0161king\u0105 rezultat\u0105, kuris i\u0161lieka valandas.<\/p>\n","protected":false},"excerpt":{"rendered":"<p data-start=\"664\" data-end=\"844\">Ilgai i\u0161liekantis PAESE THE KISS LIPS l\u016bp\u0173 kont\u016bravimo pie\u0161tukas 03 Lovely Pink suteikia l\u016bpoms matin\u012f efekt\u0105, tobulai pary\u0161kina kont\u016br\u0105 ir u\u017etikrina \u0161veln\u0173, sodr\u0173 ro\u017ein\u012f atspalv\u012f.<\/p>\n<h3 data-start=\"846\" data-end=\"868\"><\/h3>\n","protected":false},"featured_media":64789,"template":"","meta":[],"product_brand":[1534],"product_cat":[102,708,529],"product_tag":[1614],"class_list":{"0":"post-64787","1":"product","2":"type-product","3":"status-publish","4":"has-post-thumbnail","6":"product_brand-paese","7":"product_cat-dekoratyvine-kosmetika","8":"product_cat-lupoms","9":"product_cat-lupu-piestukai","10":"product_tag-paese","12":"first","13":"instock","14":"purchasable","15":"product-type-simple"},"yoast_head":"<!-- This site is optimized with the Yoast SEO plugin v27.4 - https:\/\/yoast.com\/product\/yoast-seo-wordpress\/ -->\n<title>PAESE THE KISS LIPS 03 Lovely Pink l\u016bp\u0173 kont\u016bravimo pie\u0161tukas, 0,3 g - MalinaShop.lt J\u016bs\u0173 sveikatai ir gro\u017eiui.<\/title>\n<meta name=\"description\" content=\"PAESE THE KISS LIPS 03 Lovely Pink \u2013 matin\u0117s tekst\u016bros l\u016bp\u0173 kont\u016bravimo pie\u0161tukas, u\u017etikrinantis ilgalaik\u012f efekt\u0105 ir sodr\u0173 ro\u017ein\u012f atspalv\u012f.\" \/>\n<meta name=\"robots\" content=\"index, follow, max-snippet:-1, max-image-preview:large, max-video-preview:-1\" \/>\n<link rel=\"canonical\" href=\"https:\/\/www.malinashop.lt\/lt_lt\/shop\/paese-the-kiss-lips-03-lovely-pink-lupu-konturavimo-piestukas-03-g\/\" \/>\n<meta property=\"og:locale\" content=\"lt_LT\" \/>\n<meta property=\"og:type\" content=\"article\" \/>\n<meta property=\"og:title\" content=\"PAESE THE KISS LIPS 03 Lovely Pink l\u016bp\u0173 kont\u016bravimo pie\u0161tukas, 0,3 g - MalinaShop.lt J\u016bs\u0173 sveikatai ir gro\u017eiui.\" \/>\n<meta property=\"og:description\" content=\"PAESE THE KISS LIPS 03 Lovely Pink \u2013 matin\u0117s tekst\u016bros l\u016bp\u0173 kont\u016bravimo pie\u0161tukas, u\u017etikrinantis ilgalaik\u012f efekt\u0105 ir sodr\u0173 ro\u017ein\u012f atspalv\u012f.\" \/>\n<meta property=\"og:url\" content=\"https:\/\/www.malinashop.lt\/lt_lt\/shop\/paese-the-kiss-lips-03-lovely-pink-lupu-konturavimo-piestukas-03-g\/\" \/>\n<meta property=\"og:site_name\" content=\"MalinaShop.lt J\u016bs\u0173 sveikatai ir gro\u017eiui.\" \/>\n<meta property=\"article:modified_time\" content=\"2026-02-10T09:47:58+00:00\" \/>\n<meta property=\"og:image\" content=\"https:\/\/www.malinashop.lt\/wp-content\/uploads\/2025\/11\/5902627624650.jpg\" \/>\n\t<meta property=\"og:image:width\" content=\"1000\" \/>\n\t<meta property=\"og:image:height\" content=\"1000\" \/>\n\t<meta property=\"og:image:type\" content=\"image\/jpeg\" \/>\n<meta name=\"twitter:card\" content=\"summary_large_image\" \/>\n<script type=\"application\/ld+json\" class=\"yoast-schema-graph\">{\"@context\":\"https:\\\/\\\/schema.org\",\"@graph\":[{\"@type\":\"WebPage\",\"@id\":\"https:\\\/\\\/www.malinashop.lt\\\/lt_lt\\\/shop\\\/paese-the-kiss-lips-03-lovely-pink-lupu-konturavimo-piestukas-03-g\\\/\",\"url\":\"https:\\\/\\\/www.malinashop.lt\\\/lt_lt\\\/shop\\\/paese-the-kiss-lips-03-lovely-pink-lupu-konturavimo-piestukas-03-g\\\/\",\"name\":\"PAESE THE KISS LIPS 03 Lovely Pink l\u016bp\u0173 kont\u016bravimo pie\u0161tukas, 0,3 g - MalinaShop.lt J\u016bs\u0173 sveikatai ir gro\u017eiui.\",\"isPartOf\":{\"@id\":\"https:\\\/\\\/www.malinashop.lt\\\/#website\"},\"primaryImageOfPage\":{\"@id\":\"https:\\\/\\\/www.malinashop.lt\\\/lt_lt\\\/shop\\\/paese-the-kiss-lips-03-lovely-pink-lupu-konturavimo-piestukas-03-g\\\/#primaryimage\"},\"image\":{\"@id\":\"https:\\\/\\\/www.malinashop.lt\\\/lt_lt\\\/shop\\\/paese-the-kiss-lips-03-lovely-pink-lupu-konturavimo-piestukas-03-g\\\/#primaryimage\"},\"thumbnailUrl\":\"https:\\\/\\\/www.malinashop.lt\\\/wp-content\\\/uploads\\\/2025\\\/11\\\/5902627624650.jpg\",\"datePublished\":\"2025-11-24T15:43:03+00:00\",\"dateModified\":\"2026-02-10T09:47:58+00:00\",\"description\":\"PAESE THE KISS LIPS 03 Lovely Pink \u2013 matin\u0117s tekst\u016bros l\u016bp\u0173 kont\u016bravimo pie\u0161tukas, u\u017etikrinantis ilgalaik\u012f efekt\u0105 ir sodr\u0173 ro\u017ein\u012f atspalv\u012f.\",\"breadcrumb\":{\"@id\":\"https:\\\/\\\/www.malinashop.lt\\\/lt_lt\\\/shop\\\/paese-the-kiss-lips-03-lovely-pink-lupu-konturavimo-piestukas-03-g\\\/#breadcrumb\"},\"inLanguage\":\"lt-LT\",\"potentialAction\":[{\"@type\":\"ReadAction\",\"target\":[\"https:\\\/\\\/www.malinashop.lt\\\/lt_lt\\\/shop\\\/paese-the-kiss-lips-03-lovely-pink-lupu-konturavimo-piestukas-03-g\\\/\"]}]},{\"@type\":\"ImageObject\",\"inLanguage\":\"lt-LT\",\"@id\":\"https:\\\/\\\/www.malinashop.lt\\\/lt_lt\\\/shop\\\/paese-the-kiss-lips-03-lovely-pink-lupu-konturavimo-piestukas-03-g\\\/#primaryimage\",\"url\":\"https:\\\/\\\/www.malinashop.lt\\\/wp-content\\\/uploads\\\/2025\\\/11\\\/5902627624650.jpg\",\"contentUrl\":\"https:\\\/\\\/www.malinashop.lt\\\/wp-content\\\/uploads\\\/2025\\\/11\\\/5902627624650.jpg\",\"width\":1000,\"height\":1000},{\"@type\":\"BreadcrumbList\",\"@id\":\"https:\\\/\\\/www.malinashop.lt\\\/lt_lt\\\/shop\\\/paese-the-kiss-lips-03-lovely-pink-lupu-konturavimo-piestukas-03-g\\\/#breadcrumb\",\"itemListElement\":[{\"@type\":\"ListItem\",\"position\":1,\"name\":\"Pagrindinis\",\"item\":\"https:\\\/\\\/www.malinashop.lt\\\/\"},{\"@type\":\"ListItem\",\"position\":2,\"name\":\"Parduotuv\u0117\",\"item\":\"https:\\\/\\\/www.malinashop.lt\\\/en\\\/parduotuve\\\/\"},{\"@type\":\"ListItem\",\"position\":3,\"name\":\"PAESE THE KISS LIPS 03 Lovely Pink l\u016bp\u0173 kont\u016bravimo pie\u0161tukas, 0,3 g\"}]},{\"@type\":\"WebSite\",\"@id\":\"https:\\\/\\\/www.malinashop.lt\\\/#website\",\"url\":\"https:\\\/\\\/www.malinashop.lt\\\/\",\"name\":\"COM Group Ecommerce\",\"description\":\"MalinaShop.lt - Gro\u017eio ir sveikatos produktai i\u0161 patikim\u0173 preki\u0173 \u017eenkl\u0173. Atraskite auk\u0161tos kokyb\u0117s kosmetik\u0105 u\u017e puiki\u0105 kain\u0105.\",\"publisher\":{\"@id\":\"https:\\\/\\\/www.malinashop.lt\\\/#organization\"},\"potentialAction\":[{\"@type\":\"SearchAction\",\"target\":{\"@type\":\"EntryPoint\",\"urlTemplate\":\"https:\\\/\\\/www.malinashop.lt\\\/?s={search_term_string}\"},\"query-input\":{\"@type\":\"PropertyValueSpecification\",\"valueRequired\":true,\"valueName\":\"search_term_string\"}}],\"inLanguage\":\"lt-LT\"},{\"@type\":\"Organization\",\"@id\":\"https:\\\/\\\/www.malinashop.lt\\\/#organization\",\"name\":\"COM Group Ecommerce\",\"url\":\"https:\\\/\\\/www.malinashop.lt\\\/\",\"logo\":{\"@type\":\"ImageObject\",\"inLanguage\":\"lt-LT\",\"@id\":\"https:\\\/\\\/www.malinashop.lt\\\/#\\\/schema\\\/logo\\\/image\\\/\",\"url\":\"https:\\\/\\\/www.malinashop.lt\\\/wp-content\\\/uploads\\\/2024\\\/08\\\/462559670_3787732518133670_9795632669273463_n-e1731525914575.png\",\"contentUrl\":\"https:\\\/\\\/www.malinashop.lt\\\/wp-content\\\/uploads\\\/2024\\\/08\\\/462559670_3787732518133670_9795632669273463_n-e1731525914575.png\",\"width\":180,\"height\":60,\"caption\":\"COM Group Ecommerce\"},\"image\":{\"@id\":\"https:\\\/\\\/www.malinashop.lt\\\/#\\\/schema\\\/logo\\\/image\\\/\"}}]}<\/script>\n<!-- \/ Yoast SEO plugin. -->","yoast_head_json":{"title":"PAESE THE KISS LIPS 03 Lovely Pink l\u016bp\u0173 kont\u016bravimo pie\u0161tukas, 0,3 g - MalinaShop.lt J\u016bs\u0173 sveikatai ir gro\u017eiui.","description":"PAESE THE KISS LIPS 03 Lovely Pink \u2013 matin\u0117s tekst\u016bros l\u016bp\u0173 kont\u016bravimo pie\u0161tukas, u\u017etikrinantis ilgalaik\u012f efekt\u0105 ir sodr\u0173 ro\u017ein\u012f atspalv\u012f.","robots":{"index":"index","follow":"follow","max-snippet":"max-snippet:-1","max-image-preview":"max-image-preview:large","max-video-preview":"max-video-preview:-1"},"canonical":"https:\/\/www.malinashop.lt\/lt_lt\/shop\/paese-the-kiss-lips-03-lovely-pink-lupu-konturavimo-piestukas-03-g\/","og_locale":"lt_LT","og_type":"article","og_title":"PAESE THE KISS LIPS 03 Lovely Pink l\u016bp\u0173 kont\u016bravimo pie\u0161tukas, 0,3 g - MalinaShop.lt J\u016bs\u0173 sveikatai ir gro\u017eiui.","og_description":"PAESE THE KISS LIPS 03 Lovely Pink \u2013 matin\u0117s tekst\u016bros l\u016bp\u0173 kont\u016bravimo pie\u0161tukas, u\u017etikrinantis ilgalaik\u012f efekt\u0105 ir sodr\u0173 ro\u017ein\u012f atspalv\u012f.","og_url":"https:\/\/www.malinashop.lt\/lt_lt\/shop\/paese-the-kiss-lips-03-lovely-pink-lupu-konturavimo-piestukas-03-g\/","og_site_name":"MalinaShop.lt J\u016bs\u0173 sveikatai ir gro\u017eiui.","article_modified_time":"2026-02-10T09:47:58+00:00","og_image":[{"width":1000,"height":1000,"url":"https:\/\/www.malinashop.lt\/wp-content\/uploads\/2025\/11\/5902627624650.jpg","type":"image\/jpeg"}],"twitter_card":"summary_large_image","schema":{"@context":"https:\/\/schema.org","@graph":[{"@type":"WebPage","@id":"https:\/\/www.malinashop.lt\/lt_lt\/shop\/paese-the-kiss-lips-03-lovely-pink-lupu-konturavimo-piestukas-03-g\/","url":"https:\/\/www.malinashop.lt\/lt_lt\/shop\/paese-the-kiss-lips-03-lovely-pink-lupu-konturavimo-piestukas-03-g\/","name":"PAESE THE KISS LIPS 03 Lovely Pink l\u016bp\u0173 kont\u016bravimo pie\u0161tukas, 0,3 g - MalinaShop.lt J\u016bs\u0173 sveikatai ir gro\u017eiui.","isPartOf":{"@id":"https:\/\/www.malinashop.lt\/#website"},"primaryImageOfPage":{"@id":"https:\/\/www.malinashop.lt\/lt_lt\/shop\/paese-the-kiss-lips-03-lovely-pink-lupu-konturavimo-piestukas-03-g\/#primaryimage"},"image":{"@id":"https:\/\/www.malinashop.lt\/lt_lt\/shop\/paese-the-kiss-lips-03-lovely-pink-lupu-konturavimo-piestukas-03-g\/#primaryimage"},"thumbnailUrl":"https:\/\/www.malinashop.lt\/wp-content\/uploads\/2025\/11\/5902627624650.jpg","datePublished":"2025-11-24T15:43:03+00:00","dateModified":"2026-02-10T09:47:58+00:00","description":"PAESE THE KISS LIPS 03 Lovely Pink \u2013 matin\u0117s tekst\u016bros l\u016bp\u0173 kont\u016bravimo pie\u0161tukas, u\u017etikrinantis ilgalaik\u012f efekt\u0105 ir sodr\u0173 ro\u017ein\u012f atspalv\u012f.","breadcrumb":{"@id":"https:\/\/www.malinashop.lt\/lt_lt\/shop\/paese-the-kiss-lips-03-lovely-pink-lupu-konturavimo-piestukas-03-g\/#breadcrumb"},"inLanguage":"lt-LT","potentialAction":[{"@type":"ReadAction","target":["https:\/\/www.malinashop.lt\/lt_lt\/shop\/paese-the-kiss-lips-03-lovely-pink-lupu-konturavimo-piestukas-03-g\/"]}]},{"@type":"ImageObject","inLanguage":"lt-LT","@id":"https:\/\/www.malinashop.lt\/lt_lt\/shop\/paese-the-kiss-lips-03-lovely-pink-lupu-konturavimo-piestukas-03-g\/#primaryimage","url":"https:\/\/www.malinashop.lt\/wp-content\/uploads\/2025\/11\/5902627624650.jpg","contentUrl":"https:\/\/www.malinashop.lt\/wp-content\/uploads\/2025\/11\/5902627624650.jpg","width":1000,"height":1000},{"@type":"BreadcrumbList","@id":"https:\/\/www.malinashop.lt\/lt_lt\/shop\/paese-the-kiss-lips-03-lovely-pink-lupu-konturavimo-piestukas-03-g\/#breadcrumb","itemListElement":[{"@type":"ListItem","position":1,"name":"Pagrindinis","item":"https:\/\/www.malinashop.lt\/"},{"@type":"ListItem","position":2,"name":"Parduotuv\u0117","item":"https:\/\/www.malinashop.lt\/en\/parduotuve\/"},{"@type":"ListItem","position":3,"name":"PAESE THE KISS LIPS 03 Lovely Pink l\u016bp\u0173 kont\u016bravimo pie\u0161tukas, 0,3 g"}]},{"@type":"WebSite","@id":"https:\/\/www.malinashop.lt\/#website","url":"https:\/\/www.malinashop.lt\/","name":"COM Group Ecommerce","description":"MalinaShop.lt - Gro\u017eio ir sveikatos produktai i\u0161 patikim\u0173 preki\u0173 \u017eenkl\u0173. Atraskite auk\u0161tos kokyb\u0117s kosmetik\u0105 u\u017e puiki\u0105 kain\u0105.","publisher":{"@id":"https:\/\/www.malinashop.lt\/#organization"},"potentialAction":[{"@type":"SearchAction","target":{"@type":"EntryPoint","urlTemplate":"https:\/\/www.malinashop.lt\/?s={search_term_string}"},"query-input":{"@type":"PropertyValueSpecification","valueRequired":true,"valueName":"search_term_string"}}],"inLanguage":"lt-LT"},{"@type":"Organization","@id":"https:\/\/www.malinashop.lt\/#organization","name":"COM Group Ecommerce","url":"https:\/\/www.malinashop.lt\/","logo":{"@type":"ImageObject","inLanguage":"lt-LT","@id":"https:\/\/www.malinashop.lt\/#\/schema\/logo\/image\/","url":"https:\/\/www.malinashop.lt\/wp-content\/uploads\/2024\/08\/462559670_3787732518133670_9795632669273463_n-e1731525914575.png","contentUrl":"https:\/\/www.malinashop.lt\/wp-content\/uploads\/2024\/08\/462559670_3787732518133670_9795632669273463_n-e1731525914575.png","width":180,"height":60,"caption":"COM Group Ecommerce"},"image":{"@id":"https:\/\/www.malinashop.lt\/#\/schema\/logo\/image\/"}}]}},"jetpack_sharing_enabled":true,"_links":{"self":[{"href":"https:\/\/www.malinashop.lt\/lt_lt\/wp-json\/wp\/v2\/product\/64787","targetHints":{"allow":["GET"]}}],"collection":[{"href":"https:\/\/www.malinashop.lt\/lt_lt\/wp-json\/wp\/v2\/product"}],"about":[{"href":"https:\/\/www.malinashop.lt\/lt_lt\/wp-json\/wp\/v2\/types\/product"}],"version-history":[{"count":2,"href":"https:\/\/www.malinashop.lt\/lt_lt\/wp-json\/wp\/v2\/product\/64787\/revisions"}],"predecessor-version":[{"id":72222,"href":"https:\/\/www.malinashop.lt\/lt_lt\/wp-json\/wp\/v2\/product\/64787\/revisions\/72222"}],"wp:featuredmedia":[{"embeddable":true,"href":"https:\/\/www.malinashop.lt\/lt_lt\/wp-json\/wp\/v2\/media\/64789"}],"wp:attachment":[{"href":"https:\/\/www.malinashop.lt\/lt_lt\/wp-json\/wp\/v2\/media?parent=64787"}],"wp:term":[{"taxonomy":"product_brand","embeddable":true,"href":"https:\/\/www.malinashop.lt\/lt_lt\/wp-json\/wp\/v2\/product_brand?post=64787"},{"taxonomy":"product_cat","embeddable":true,"href":"https:\/\/www.malinashop.lt\/lt_lt\/wp-json\/wp\/v2\/product_cat?post=64787"},{"taxonomy":"product_tag","embeddable":true,"href":"https:\/\/www.malinashop.lt\/lt_lt\/wp-json\/wp\/v2\/product_tag?post=64787"}],"curies":[{"name":"wp","href":"https:\/\/api.w.org\/{rel}","templated":true}]}}