{"id":64649,"date":"2025-11-24T18:30:21","date_gmt":"2025-11-24T15:30:21","guid":{"rendered":"https:\/\/malinashop.lt\/?post_type=product&#038;p=64649"},"modified":"2026-02-10T12:47:59","modified_gmt":"2026-02-10T09:47:59","slug":"paese-minerals-302c-mineraliniai-skaistalai-6-g","status":"publish","type":"product","link":"https:\/\/www.malinashop.lt\/lt_lt\/shop\/paese-minerals-302c-mineraliniai-skaistalai-6-g\/","title":{"rendered":"PAESE MINERALS 302C mineraliniai skaistalai, 6 g"},"content":{"rendered":"<div class=\"ewa-rteLine\">\n<p data-start=\"45\" data-end=\"465\"><strong data-start=\"45\" data-end=\"97\">PAESE MINERALS mineraliniai skaistalai 302C, 6 g<\/strong> \u2013 lengvi, nat\u016bral\u016bs ir ilgai i\u0161liekantys skaistalai, suteikiantys odai gaiv\u0173, sveikai \u0161vytint\u012f atspalv\u012f. Mineralin\u0117 formul\u0117 tolygiai \u012fsilieja \u012f od\u0105, nesitepa ir nei\u0161blunka visos dienos metu, tod\u0117l makia\u017eas i\u0161lieka nepriekai\u0161tingas. Produktas puikiai pabr\u0117\u017eia skruostikaulius, leid\u017eia lengvai modeliuoti veido bruo\u017eus ir suteikia subtil\u0173 \u0161viesos atspind\u0117jimo efekt\u0105.<\/p>\n<p data-start=\"467\" data-end=\"798\">Skaistalai pagaminti i\u0161 <strong data-start=\"491\" data-end=\"528\">99% nat\u016bralios kilm\u0117s ingredient\u0173<\/strong>, tod\u0117l tinka net jautriai ar probleminei odai. Formul\u0117 papildyta gintaro ir kaln\u0173 pelen\u0173 \u0161akn\u0173 ekstraktais, kurie ramina, saugo ir maitina od\u0105. Skaistalai supakuoti \u012f esteti\u0161k\u0105 <strong data-start=\"706\" data-end=\"747\">stiklin\u012f indel\u012f su specialiu sieteliu<\/strong>, u\u017etikrinan\u010diu patog\u0173 ir tiksl\u0173 produkto dozavim\u0105.<\/p>\n<p data-start=\"800\" data-end=\"819\"><strong data-start=\"800\" data-end=\"817\">Kaip naudoti?<\/strong><\/p>\n<ol data-start=\"820\" data-end=\"1113\">\n<li data-start=\"820\" data-end=\"891\">\n<p data-start=\"823\" data-end=\"891\">Geriausiam rezultatui prie\u0161 skaistalus naudokite mineralin\u0119 pudr\u0105.<\/p>\n<\/li>\n<li data-start=\"892\" data-end=\"990\">\n<p data-start=\"895\" data-end=\"990\">Nedidel\u012f kiek\u012f produkto paberkite ant dangtelio ir paimkite \u0161epet\u0117liu sukamaisiais judesiais.<\/p>\n<\/li>\n<li data-start=\"991\" data-end=\"1018\">\n<p data-start=\"994\" data-end=\"1018\">Nukratykite pertekli\u0173.<\/p>\n<\/li>\n<li data-start=\"1019\" data-end=\"1113\">\n<p data-start=\"1022\" data-end=\"1113\">Tepkite ant skruostikauli\u0173, nosies vidurio ar smakro galiuko \u2013 nat\u016braliam, gaiviam efektui.<\/p>\n<\/li>\n<\/ol>\n<\/div>\n<div class=\"ewa-rteLine\"><\/div>\n","protected":false},"excerpt":{"rendered":"<p data-start=\"1156\" data-end=\"1441\">PAESE MINERALS 302C mineraliniai skaistalai subtiliai pabr\u0117\u017eia skruostikaulius, suteikia ilgalaik\u012f \u0161vyt\u0117jim\u0105 ir nat\u016bral\u0173 atspalv\u012f. 99% nat\u016bralios kilm\u0117s ingredient\u0173 formul\u0117 tinka jautriai odai ir yra praturtinta raminan\u010diais ekstraktais. Supakuoti \u012f patog\u0173 stiklin\u012f indel\u012f su sieteliu.<\/p>\n","protected":false},"featured_media":64651,"template":"","meta":[],"product_brand":[1534],"product_cat":[102,526],"product_tag":[1614],"class_list":{"0":"post-64649","1":"product","2":"type-product","3":"status-publish","4":"has-post-thumbnail","6":"product_brand-paese","7":"product_cat-dekoratyvine-kosmetika","8":"product_cat-skaistalai","9":"product_tag-paese","11":"first","12":"outofstock","13":"purchasable","14":"product-type-simple"},"yoast_head":"<!-- This site is optimized with the Yoast SEO plugin v27.4 - https:\/\/yoast.com\/product\/yoast-seo-wordpress\/ -->\n<title>PAESE MINERALS 302C mineraliniai skaistalai, 6 g - MalinaShop.lt J\u016bs\u0173 sveikatai ir gro\u017eiui.<\/title>\n<meta name=\"description\" content=\"PAESE MINERALS 302C skaistalai su 99% nat\u016brali\u0173 ingredient\u0173. Ilgai i\u0161liekantys, lengvai sklaidosi ir suteikia nat\u016bral\u0173 \u0161vyt\u0117jim\u0105.\" \/>\n<meta name=\"robots\" content=\"index, follow, max-snippet:-1, max-image-preview:large, max-video-preview:-1\" \/>\n<link rel=\"canonical\" href=\"https:\/\/www.malinashop.lt\/lt_lt\/shop\/paese-minerals-302c-mineraliniai-skaistalai-6-g\/\" \/>\n<meta property=\"og:locale\" content=\"lt_LT\" \/>\n<meta property=\"og:type\" content=\"article\" \/>\n<meta property=\"og:title\" content=\"PAESE MINERALS 302C mineraliniai skaistalai, 6 g - MalinaShop.lt J\u016bs\u0173 sveikatai ir gro\u017eiui.\" \/>\n<meta property=\"og:description\" content=\"PAESE MINERALS 302C skaistalai su 99% nat\u016brali\u0173 ingredient\u0173. Ilgai i\u0161liekantys, lengvai sklaidosi ir suteikia nat\u016bral\u0173 \u0161vyt\u0117jim\u0105.\" \/>\n<meta property=\"og:url\" content=\"https:\/\/www.malinashop.lt\/lt_lt\/shop\/paese-minerals-302c-mineraliniai-skaistalai-6-g\/\" \/>\n<meta property=\"og:site_name\" content=\"MalinaShop.lt J\u016bs\u0173 sveikatai ir gro\u017eiui.\" \/>\n<meta property=\"article:modified_time\" content=\"2026-02-10T09:47:59+00:00\" \/>\n<meta property=\"og:image\" content=\"https:\/\/www.malinashop.lt\/wp-content\/uploads\/2025\/11\/5902627621451.jpg\" \/>\n\t<meta property=\"og:image:width\" content=\"1000\" \/>\n\t<meta property=\"og:image:height\" content=\"1000\" \/>\n\t<meta property=\"og:image:type\" content=\"image\/jpeg\" \/>\n<meta name=\"twitter:card\" content=\"summary_large_image\" \/>\n<script type=\"application\/ld+json\" class=\"yoast-schema-graph\">{\"@context\":\"https:\\\/\\\/schema.org\",\"@graph\":[{\"@type\":\"WebPage\",\"@id\":\"https:\\\/\\\/www.malinashop.lt\\\/lt_lt\\\/shop\\\/paese-minerals-302c-mineraliniai-skaistalai-6-g\\\/\",\"url\":\"https:\\\/\\\/www.malinashop.lt\\\/lt_lt\\\/shop\\\/paese-minerals-302c-mineraliniai-skaistalai-6-g\\\/\",\"name\":\"PAESE MINERALS 302C mineraliniai skaistalai, 6 g - MalinaShop.lt J\u016bs\u0173 sveikatai ir gro\u017eiui.\",\"isPartOf\":{\"@id\":\"https:\\\/\\\/www.malinashop.lt\\\/#website\"},\"primaryImageOfPage\":{\"@id\":\"https:\\\/\\\/www.malinashop.lt\\\/lt_lt\\\/shop\\\/paese-minerals-302c-mineraliniai-skaistalai-6-g\\\/#primaryimage\"},\"image\":{\"@id\":\"https:\\\/\\\/www.malinashop.lt\\\/lt_lt\\\/shop\\\/paese-minerals-302c-mineraliniai-skaistalai-6-g\\\/#primaryimage\"},\"thumbnailUrl\":\"https:\\\/\\\/www.malinashop.lt\\\/wp-content\\\/uploads\\\/2025\\\/11\\\/5902627621451.jpg\",\"datePublished\":\"2025-11-24T15:30:21+00:00\",\"dateModified\":\"2026-02-10T09:47:59+00:00\",\"description\":\"PAESE MINERALS 302C skaistalai su 99% nat\u016brali\u0173 ingredient\u0173. Ilgai i\u0161liekantys, lengvai sklaidosi ir suteikia nat\u016bral\u0173 \u0161vyt\u0117jim\u0105.\",\"breadcrumb\":{\"@id\":\"https:\\\/\\\/www.malinashop.lt\\\/lt_lt\\\/shop\\\/paese-minerals-302c-mineraliniai-skaistalai-6-g\\\/#breadcrumb\"},\"inLanguage\":\"lt-LT\",\"potentialAction\":[{\"@type\":\"ReadAction\",\"target\":[\"https:\\\/\\\/www.malinashop.lt\\\/lt_lt\\\/shop\\\/paese-minerals-302c-mineraliniai-skaistalai-6-g\\\/\"]}]},{\"@type\":\"ImageObject\",\"inLanguage\":\"lt-LT\",\"@id\":\"https:\\\/\\\/www.malinashop.lt\\\/lt_lt\\\/shop\\\/paese-minerals-302c-mineraliniai-skaistalai-6-g\\\/#primaryimage\",\"url\":\"https:\\\/\\\/www.malinashop.lt\\\/wp-content\\\/uploads\\\/2025\\\/11\\\/5902627621451.jpg\",\"contentUrl\":\"https:\\\/\\\/www.malinashop.lt\\\/wp-content\\\/uploads\\\/2025\\\/11\\\/5902627621451.jpg\",\"width\":1000,\"height\":1000},{\"@type\":\"BreadcrumbList\",\"@id\":\"https:\\\/\\\/www.malinashop.lt\\\/lt_lt\\\/shop\\\/paese-minerals-302c-mineraliniai-skaistalai-6-g\\\/#breadcrumb\",\"itemListElement\":[{\"@type\":\"ListItem\",\"position\":1,\"name\":\"Pagrindinis\",\"item\":\"https:\\\/\\\/www.malinashop.lt\\\/\"},{\"@type\":\"ListItem\",\"position\":2,\"name\":\"Parduotuv\u0117\",\"item\":\"https:\\\/\\\/www.malinashop.lt\\\/en\\\/parduotuve\\\/\"},{\"@type\":\"ListItem\",\"position\":3,\"name\":\"PAESE MINERALS 302C mineraliniai skaistalai, 6 g\"}]},{\"@type\":\"WebSite\",\"@id\":\"https:\\\/\\\/www.malinashop.lt\\\/#website\",\"url\":\"https:\\\/\\\/www.malinashop.lt\\\/\",\"name\":\"COM Group Ecommerce\",\"description\":\"MalinaShop.lt - Gro\u017eio ir sveikatos produktai i\u0161 patikim\u0173 preki\u0173 \u017eenkl\u0173. Atraskite auk\u0161tos kokyb\u0117s kosmetik\u0105 u\u017e puiki\u0105 kain\u0105.\",\"publisher\":{\"@id\":\"https:\\\/\\\/www.malinashop.lt\\\/#organization\"},\"potentialAction\":[{\"@type\":\"SearchAction\",\"target\":{\"@type\":\"EntryPoint\",\"urlTemplate\":\"https:\\\/\\\/www.malinashop.lt\\\/?s={search_term_string}\"},\"query-input\":{\"@type\":\"PropertyValueSpecification\",\"valueRequired\":true,\"valueName\":\"search_term_string\"}}],\"inLanguage\":\"lt-LT\"},{\"@type\":\"Organization\",\"@id\":\"https:\\\/\\\/www.malinashop.lt\\\/#organization\",\"name\":\"COM Group Ecommerce\",\"url\":\"https:\\\/\\\/www.malinashop.lt\\\/\",\"logo\":{\"@type\":\"ImageObject\",\"inLanguage\":\"lt-LT\",\"@id\":\"https:\\\/\\\/www.malinashop.lt\\\/#\\\/schema\\\/logo\\\/image\\\/\",\"url\":\"https:\\\/\\\/www.malinashop.lt\\\/wp-content\\\/uploads\\\/2024\\\/08\\\/462559670_3787732518133670_9795632669273463_n-e1731525914575.png\",\"contentUrl\":\"https:\\\/\\\/www.malinashop.lt\\\/wp-content\\\/uploads\\\/2024\\\/08\\\/462559670_3787732518133670_9795632669273463_n-e1731525914575.png\",\"width\":180,\"height\":60,\"caption\":\"COM Group Ecommerce\"},\"image\":{\"@id\":\"https:\\\/\\\/www.malinashop.lt\\\/#\\\/schema\\\/logo\\\/image\\\/\"}}]}<\/script>\n<!-- \/ Yoast SEO plugin. -->","yoast_head_json":{"title":"PAESE MINERALS 302C mineraliniai skaistalai, 6 g - MalinaShop.lt J\u016bs\u0173 sveikatai ir gro\u017eiui.","description":"PAESE MINERALS 302C skaistalai su 99% nat\u016brali\u0173 ingredient\u0173. Ilgai i\u0161liekantys, lengvai sklaidosi ir suteikia nat\u016bral\u0173 \u0161vyt\u0117jim\u0105.","robots":{"index":"index","follow":"follow","max-snippet":"max-snippet:-1","max-image-preview":"max-image-preview:large","max-video-preview":"max-video-preview:-1"},"canonical":"https:\/\/www.malinashop.lt\/lt_lt\/shop\/paese-minerals-302c-mineraliniai-skaistalai-6-g\/","og_locale":"lt_LT","og_type":"article","og_title":"PAESE MINERALS 302C mineraliniai skaistalai, 6 g - MalinaShop.lt J\u016bs\u0173 sveikatai ir gro\u017eiui.","og_description":"PAESE MINERALS 302C skaistalai su 99% nat\u016brali\u0173 ingredient\u0173. Ilgai i\u0161liekantys, lengvai sklaidosi ir suteikia nat\u016bral\u0173 \u0161vyt\u0117jim\u0105.","og_url":"https:\/\/www.malinashop.lt\/lt_lt\/shop\/paese-minerals-302c-mineraliniai-skaistalai-6-g\/","og_site_name":"MalinaShop.lt J\u016bs\u0173 sveikatai ir gro\u017eiui.","article_modified_time":"2026-02-10T09:47:59+00:00","og_image":[{"width":1000,"height":1000,"url":"https:\/\/www.malinashop.lt\/wp-content\/uploads\/2025\/11\/5902627621451.jpg","type":"image\/jpeg"}],"twitter_card":"summary_large_image","schema":{"@context":"https:\/\/schema.org","@graph":[{"@type":"WebPage","@id":"https:\/\/www.malinashop.lt\/lt_lt\/shop\/paese-minerals-302c-mineraliniai-skaistalai-6-g\/","url":"https:\/\/www.malinashop.lt\/lt_lt\/shop\/paese-minerals-302c-mineraliniai-skaistalai-6-g\/","name":"PAESE MINERALS 302C mineraliniai skaistalai, 6 g - MalinaShop.lt J\u016bs\u0173 sveikatai ir gro\u017eiui.","isPartOf":{"@id":"https:\/\/www.malinashop.lt\/#website"},"primaryImageOfPage":{"@id":"https:\/\/www.malinashop.lt\/lt_lt\/shop\/paese-minerals-302c-mineraliniai-skaistalai-6-g\/#primaryimage"},"image":{"@id":"https:\/\/www.malinashop.lt\/lt_lt\/shop\/paese-minerals-302c-mineraliniai-skaistalai-6-g\/#primaryimage"},"thumbnailUrl":"https:\/\/www.malinashop.lt\/wp-content\/uploads\/2025\/11\/5902627621451.jpg","datePublished":"2025-11-24T15:30:21+00:00","dateModified":"2026-02-10T09:47:59+00:00","description":"PAESE MINERALS 302C skaistalai su 99% nat\u016brali\u0173 ingredient\u0173. Ilgai i\u0161liekantys, lengvai sklaidosi ir suteikia nat\u016bral\u0173 \u0161vyt\u0117jim\u0105.","breadcrumb":{"@id":"https:\/\/www.malinashop.lt\/lt_lt\/shop\/paese-minerals-302c-mineraliniai-skaistalai-6-g\/#breadcrumb"},"inLanguage":"lt-LT","potentialAction":[{"@type":"ReadAction","target":["https:\/\/www.malinashop.lt\/lt_lt\/shop\/paese-minerals-302c-mineraliniai-skaistalai-6-g\/"]}]},{"@type":"ImageObject","inLanguage":"lt-LT","@id":"https:\/\/www.malinashop.lt\/lt_lt\/shop\/paese-minerals-302c-mineraliniai-skaistalai-6-g\/#primaryimage","url":"https:\/\/www.malinashop.lt\/wp-content\/uploads\/2025\/11\/5902627621451.jpg","contentUrl":"https:\/\/www.malinashop.lt\/wp-content\/uploads\/2025\/11\/5902627621451.jpg","width":1000,"height":1000},{"@type":"BreadcrumbList","@id":"https:\/\/www.malinashop.lt\/lt_lt\/shop\/paese-minerals-302c-mineraliniai-skaistalai-6-g\/#breadcrumb","itemListElement":[{"@type":"ListItem","position":1,"name":"Pagrindinis","item":"https:\/\/www.malinashop.lt\/"},{"@type":"ListItem","position":2,"name":"Parduotuv\u0117","item":"https:\/\/www.malinashop.lt\/en\/parduotuve\/"},{"@type":"ListItem","position":3,"name":"PAESE MINERALS 302C mineraliniai skaistalai, 6 g"}]},{"@type":"WebSite","@id":"https:\/\/www.malinashop.lt\/#website","url":"https:\/\/www.malinashop.lt\/","name":"COM Group Ecommerce","description":"MalinaShop.lt - Gro\u017eio ir sveikatos produktai i\u0161 patikim\u0173 preki\u0173 \u017eenkl\u0173. Atraskite auk\u0161tos kokyb\u0117s kosmetik\u0105 u\u017e puiki\u0105 kain\u0105.","publisher":{"@id":"https:\/\/www.malinashop.lt\/#organization"},"potentialAction":[{"@type":"SearchAction","target":{"@type":"EntryPoint","urlTemplate":"https:\/\/www.malinashop.lt\/?s={search_term_string}"},"query-input":{"@type":"PropertyValueSpecification","valueRequired":true,"valueName":"search_term_string"}}],"inLanguage":"lt-LT"},{"@type":"Organization","@id":"https:\/\/www.malinashop.lt\/#organization","name":"COM Group Ecommerce","url":"https:\/\/www.malinashop.lt\/","logo":{"@type":"ImageObject","inLanguage":"lt-LT","@id":"https:\/\/www.malinashop.lt\/#\/schema\/logo\/image\/","url":"https:\/\/www.malinashop.lt\/wp-content\/uploads\/2024\/08\/462559670_3787732518133670_9795632669273463_n-e1731525914575.png","contentUrl":"https:\/\/www.malinashop.lt\/wp-content\/uploads\/2024\/08\/462559670_3787732518133670_9795632669273463_n-e1731525914575.png","width":180,"height":60,"caption":"COM Group Ecommerce"},"image":{"@id":"https:\/\/www.malinashop.lt\/#\/schema\/logo\/image\/"}}]}},"jetpack_sharing_enabled":true,"_links":{"self":[{"href":"https:\/\/www.malinashop.lt\/lt_lt\/wp-json\/wp\/v2\/product\/64649","targetHints":{"allow":["GET"]}}],"collection":[{"href":"https:\/\/www.malinashop.lt\/lt_lt\/wp-json\/wp\/v2\/product"}],"about":[{"href":"https:\/\/www.malinashop.lt\/lt_lt\/wp-json\/wp\/v2\/types\/product"}],"version-history":[{"count":2,"href":"https:\/\/www.malinashop.lt\/lt_lt\/wp-json\/wp\/v2\/product\/64649\/revisions"}],"predecessor-version":[{"id":72210,"href":"https:\/\/www.malinashop.lt\/lt_lt\/wp-json\/wp\/v2\/product\/64649\/revisions\/72210"}],"wp:featuredmedia":[{"embeddable":true,"href":"https:\/\/www.malinashop.lt\/lt_lt\/wp-json\/wp\/v2\/media\/64651"}],"wp:attachment":[{"href":"https:\/\/www.malinashop.lt\/lt_lt\/wp-json\/wp\/v2\/media?parent=64649"}],"wp:term":[{"taxonomy":"product_brand","embeddable":true,"href":"https:\/\/www.malinashop.lt\/lt_lt\/wp-json\/wp\/v2\/product_brand?post=64649"},{"taxonomy":"product_cat","embeddable":true,"href":"https:\/\/www.malinashop.lt\/lt_lt\/wp-json\/wp\/v2\/product_cat?post=64649"},{"taxonomy":"product_tag","embeddable":true,"href":"https:\/\/www.malinashop.lt\/lt_lt\/wp-json\/wp\/v2\/product_tag?post=64649"}],"curies":[{"name":"wp","href":"https:\/\/api.w.org\/{rel}","templated":true}]}}