{"id":64627,"date":"2025-11-24T18:30:21","date_gmt":"2025-11-24T15:30:21","guid":{"rendered":"https:\/\/malinashop.lt\/?post_type=product&#038;p=64627"},"modified":"2026-02-10T12:47:59","modified_gmt":"2026-02-10T09:47:59","slug":"paese-minerals-204w-skaistinanti-mineraline-pudra-7-g","status":"publish","type":"product","link":"https:\/\/www.malinashop.lt\/lt_lt\/shop\/paese-minerals-204w-skaistinanti-mineraline-pudra-7-g\/","title":{"rendered":"PAESE MINERALS 204W skaistinanti mineralin\u0117 pudra, 7 g"},"content":{"rendered":"<div class=\"ewa-rteLine\">\n<p data-start=\"32\" data-end=\"414\"><strong data-start=\"32\" data-end=\"91\">PAESE MINERALS skaistinanti mineralin\u0117 pudra 204W (7 g)<\/strong> \u2013 tai lengvas, nat\u016braliai atrodantis mineralinis pagrindas, suteikiantis odai skaistumo ir \u0161vyt\u0117jimo. Pudra puikiai susilieja su veido oda, i\u0161lygina jos atspalv\u012f ir paslepia poras, smulkias rauk\u0161leles bei paraudimus. D\u0117l savo \u0161velnios, pudrin\u0117s tekst\u016bros ji lengvai dengiasi ir suteikia ilgalaik\u012f, gaiv\u0173 makia\u017eo rezultat\u0105.<\/p>\n<p data-start=\"416\" data-end=\"708\">Formul\u0119 sudaro <strong data-start=\"431\" data-end=\"468\">99% nat\u016bralios kilm\u0117s ingredient\u0173<\/strong>, tod\u0117l produktas tinka net ir jautriai odai. \u0160i pudra praturtinta nat\u016braliais ekstraktais \u2013 gintaru ir kaln\u0173 sausmed\u017eio \u0161aknimis, kurios ramina, dr\u0117kina ir puosel\u0117ja od\u0105, suteikdamos jai aksomin\u012f glotnum\u0105 ir subtil\u0173 \u0161vyt\u0117jim\u0105 visai dienai.<\/p>\n<h4 data-start=\"710\" data-end=\"763\"><strong data-start=\"715\" data-end=\"763\">Kaip naudoti skaistinan\u010di\u0105 mineralin\u0119 pudr\u0105?<\/strong><\/h4>\n<ol data-start=\"764\" data-end=\"1032\">\n<li data-start=\"764\" data-end=\"857\">\n<p data-start=\"767\" data-end=\"857\">Lengvai sudr\u0117kinkite veid\u0105 ir prie\u0161 pudr\u0105 naudokite dr\u0117kinant\u012f arba maitinant\u012f pagrind\u0105.<\/p>\n<\/li>\n<li data-start=\"858\" data-end=\"912\">\n<p data-start=\"861\" data-end=\"912\">Nedidel\u012f pudros kiek\u012f pabarstykite ant dangtelio.<\/p>\n<\/li>\n<li data-start=\"913\" data-end=\"965\">\n<p data-start=\"916\" data-end=\"965\">Sukamaisiais judesiais tepkite pudr\u0105 \u0161epet\u0117liu.<\/p>\n<\/li>\n<li data-start=\"966\" data-end=\"1032\">\n<p data-start=\"969\" data-end=\"1032\">Nukratykite pertekli\u0173 ir tolygiai paskirstykite ant viso veido.<\/p>\n<\/li>\n<\/ol>\n<p data-start=\"1034\" data-end=\"1151\">\u0160i skaistinanti mineralin\u0117 pudra idealiai tinka norint nat\u016braliai atrodan\u010dio, \u0161vytin\u010dio ir ilgai i\u0161liekan\u010dio makia\u017eo.<\/p>\n<\/div>\n<div class=\"ewa-rteLine\"><\/div>\n","protected":false},"excerpt":{"rendered":"<p data-start=\"1194\" data-end=\"1465\">Skaistinanti mineralin\u0117 pudra <strong data-start=\"1224\" data-end=\"1247\">PAESE MINERALS 204W<\/strong> tolygiai susilieja su oda, suteikia nat\u016bral\u0173 \u0161vyt\u0117jim\u0105 ir paslepia odos netobulumus. Sud\u0117tyje \u2013 99% nat\u016bral\u016bs ingredientai ir raminantys ekstraktai, tinkantys net jautriai odai. Lengvai dengiasi ir i\u0161lieka vis\u0105 dien\u0105.<\/p>\n","protected":false},"featured_media":64629,"template":"","meta":[],"product_brand":[1534],"product_cat":[102,792],"product_tag":[1614],"class_list":{"0":"post-64627","1":"product","2":"type-product","3":"status-publish","4":"has-post-thumbnail","6":"product_brand-paese","7":"product_cat-dekoratyvine-kosmetika","8":"product_cat-veido-pudros","9":"product_tag-paese","11":"first","12":"instock","13":"purchasable","14":"product-type-simple"},"yoast_head":"<!-- This site is optimized with the Yoast SEO plugin v27.4 - https:\/\/yoast.com\/product\/yoast-seo-wordpress\/ -->\n<title>PAESE MINERALS 204W skaistinanti mineralin\u0117 pudra, 7 g - MalinaShop.lt J\u016bs\u0173 sveikatai ir gro\u017eiui.<\/title>\n<meta name=\"description\" content=\"PAESE MINERALS 204W skaistinanti mineralin\u0117 pudra \u2013 nat\u016bralus \u0161vyt\u0117jimas, auk\u0161tas padengimas ir 99% nat\u016bral\u016bs ingredientai. Tinka net jautriai odai.\" \/>\n<meta name=\"robots\" content=\"index, follow, max-snippet:-1, max-image-preview:large, max-video-preview:-1\" \/>\n<link rel=\"canonical\" href=\"https:\/\/www.malinashop.lt\/lt_lt\/shop\/paese-minerals-204w-skaistinanti-mineraline-pudra-7-g\/\" \/>\n<meta property=\"og:locale\" content=\"lt_LT\" \/>\n<meta property=\"og:type\" content=\"article\" \/>\n<meta property=\"og:title\" content=\"PAESE MINERALS 204W skaistinanti mineralin\u0117 pudra, 7 g - MalinaShop.lt J\u016bs\u0173 sveikatai ir gro\u017eiui.\" \/>\n<meta property=\"og:description\" content=\"PAESE MINERALS 204W skaistinanti mineralin\u0117 pudra \u2013 nat\u016bralus \u0161vyt\u0117jimas, auk\u0161tas padengimas ir 99% nat\u016bral\u016bs ingredientai. Tinka net jautriai odai.\" \/>\n<meta property=\"og:url\" content=\"https:\/\/www.malinashop.lt\/lt_lt\/shop\/paese-minerals-204w-skaistinanti-mineraline-pudra-7-g\/\" \/>\n<meta property=\"og:site_name\" content=\"MalinaShop.lt J\u016bs\u0173 sveikatai ir gro\u017eiui.\" \/>\n<meta property=\"article:modified_time\" content=\"2026-02-10T09:47:59+00:00\" \/>\n<meta property=\"og:image\" content=\"https:\/\/www.malinashop.lt\/wp-content\/uploads\/2025\/11\/5902627621390.jpg\" \/>\n\t<meta property=\"og:image:width\" content=\"1000\" \/>\n\t<meta property=\"og:image:height\" content=\"1000\" \/>\n\t<meta property=\"og:image:type\" content=\"image\/jpeg\" \/>\n<meta name=\"twitter:card\" content=\"summary_large_image\" \/>\n<script type=\"application\/ld+json\" class=\"yoast-schema-graph\">{\"@context\":\"https:\\\/\\\/schema.org\",\"@graph\":[{\"@type\":\"WebPage\",\"@id\":\"https:\\\/\\\/www.malinashop.lt\\\/shop\\\/paese-minerals-204w-skaistinanti-mineraline-pudra-7-g\\\/\",\"url\":\"https:\\\/\\\/www.malinashop.lt\\\/shop\\\/paese-minerals-204w-skaistinanti-mineraline-pudra-7-g\\\/\",\"name\":\"PAESE MINERALS 204W skaistinanti mineralin\u0117 pudra, 7 g - MalinaShop.lt J\u016bs\u0173 sveikatai ir gro\u017eiui.\",\"isPartOf\":{\"@id\":\"https:\\\/\\\/www.malinashop.lt\\\/#website\"},\"primaryImageOfPage\":{\"@id\":\"https:\\\/\\\/www.malinashop.lt\\\/shop\\\/paese-minerals-204w-skaistinanti-mineraline-pudra-7-g\\\/#primaryimage\"},\"image\":{\"@id\":\"https:\\\/\\\/www.malinashop.lt\\\/shop\\\/paese-minerals-204w-skaistinanti-mineraline-pudra-7-g\\\/#primaryimage\"},\"thumbnailUrl\":\"https:\\\/\\\/www.malinashop.lt\\\/wp-content\\\/uploads\\\/2025\\\/11\\\/5902627621390.jpg\",\"datePublished\":\"2025-11-24T15:30:21+00:00\",\"dateModified\":\"2026-02-10T09:47:59+00:00\",\"description\":\"PAESE MINERALS 204W skaistinanti mineralin\u0117 pudra \u2013 nat\u016bralus \u0161vyt\u0117jimas, auk\u0161tas padengimas ir 99% nat\u016bral\u016bs ingredientai. Tinka net jautriai odai.\",\"breadcrumb\":{\"@id\":\"https:\\\/\\\/www.malinashop.lt\\\/shop\\\/paese-minerals-204w-skaistinanti-mineraline-pudra-7-g\\\/#breadcrumb\"},\"inLanguage\":\"lt-LT\",\"potentialAction\":[{\"@type\":\"ReadAction\",\"target\":[\"https:\\\/\\\/www.malinashop.lt\\\/shop\\\/paese-minerals-204w-skaistinanti-mineraline-pudra-7-g\\\/\"]}]},{\"@type\":\"ImageObject\",\"inLanguage\":\"lt-LT\",\"@id\":\"https:\\\/\\\/www.malinashop.lt\\\/shop\\\/paese-minerals-204w-skaistinanti-mineraline-pudra-7-g\\\/#primaryimage\",\"url\":\"https:\\\/\\\/www.malinashop.lt\\\/wp-content\\\/uploads\\\/2025\\\/11\\\/5902627621390.jpg\",\"contentUrl\":\"https:\\\/\\\/www.malinashop.lt\\\/wp-content\\\/uploads\\\/2025\\\/11\\\/5902627621390.jpg\",\"width\":1000,\"height\":1000},{\"@type\":\"BreadcrumbList\",\"@id\":\"https:\\\/\\\/www.malinashop.lt\\\/shop\\\/paese-minerals-204w-skaistinanti-mineraline-pudra-7-g\\\/#breadcrumb\",\"itemListElement\":[{\"@type\":\"ListItem\",\"position\":1,\"name\":\"Pagrindinis\",\"item\":\"https:\\\/\\\/www.malinashop.lt\\\/\"},{\"@type\":\"ListItem\",\"position\":2,\"name\":\"Parduotuv\u0117\",\"item\":\"https:\\\/\\\/www.malinashop.lt\\\/en\\\/parduotuve\\\/\"},{\"@type\":\"ListItem\",\"position\":3,\"name\":\"PAESE MINERALS 204W skaistinanti mineralin\u0117 pudra, 7 g\"}]},{\"@type\":\"WebSite\",\"@id\":\"https:\\\/\\\/www.malinashop.lt\\\/#website\",\"url\":\"https:\\\/\\\/www.malinashop.lt\\\/\",\"name\":\"COM Group Ecommerce\",\"description\":\"MalinaShop.lt - Gro\u017eio ir sveikatos produktai i\u0161 patikim\u0173 preki\u0173 \u017eenkl\u0173. Atraskite auk\u0161tos kokyb\u0117s kosmetik\u0105 u\u017e puiki\u0105 kain\u0105.\",\"publisher\":{\"@id\":\"https:\\\/\\\/www.malinashop.lt\\\/#organization\"},\"potentialAction\":[{\"@type\":\"SearchAction\",\"target\":{\"@type\":\"EntryPoint\",\"urlTemplate\":\"https:\\\/\\\/www.malinashop.lt\\\/?s={search_term_string}\"},\"query-input\":{\"@type\":\"PropertyValueSpecification\",\"valueRequired\":true,\"valueName\":\"search_term_string\"}}],\"inLanguage\":\"lt-LT\"},{\"@type\":\"Organization\",\"@id\":\"https:\\\/\\\/www.malinashop.lt\\\/#organization\",\"name\":\"COM Group Ecommerce\",\"url\":\"https:\\\/\\\/www.malinashop.lt\\\/\",\"logo\":{\"@type\":\"ImageObject\",\"inLanguage\":\"lt-LT\",\"@id\":\"https:\\\/\\\/www.malinashop.lt\\\/#\\\/schema\\\/logo\\\/image\\\/\",\"url\":\"https:\\\/\\\/www.malinashop.lt\\\/wp-content\\\/uploads\\\/2024\\\/08\\\/462559670_3787732518133670_9795632669273463_n-e1731525914575.png\",\"contentUrl\":\"https:\\\/\\\/www.malinashop.lt\\\/wp-content\\\/uploads\\\/2024\\\/08\\\/462559670_3787732518133670_9795632669273463_n-e1731525914575.png\",\"width\":180,\"height\":60,\"caption\":\"COM Group Ecommerce\"},\"image\":{\"@id\":\"https:\\\/\\\/www.malinashop.lt\\\/#\\\/schema\\\/logo\\\/image\\\/\"}}]}<\/script>\n<!-- \/ Yoast SEO plugin. -->","yoast_head_json":{"title":"PAESE MINERALS 204W skaistinanti mineralin\u0117 pudra, 7 g - MalinaShop.lt J\u016bs\u0173 sveikatai ir gro\u017eiui.","description":"PAESE MINERALS 204W skaistinanti mineralin\u0117 pudra \u2013 nat\u016bralus \u0161vyt\u0117jimas, auk\u0161tas padengimas ir 99% nat\u016bral\u016bs ingredientai. Tinka net jautriai odai.","robots":{"index":"index","follow":"follow","max-snippet":"max-snippet:-1","max-image-preview":"max-image-preview:large","max-video-preview":"max-video-preview:-1"},"canonical":"https:\/\/www.malinashop.lt\/lt_lt\/shop\/paese-minerals-204w-skaistinanti-mineraline-pudra-7-g\/","og_locale":"lt_LT","og_type":"article","og_title":"PAESE MINERALS 204W skaistinanti mineralin\u0117 pudra, 7 g - MalinaShop.lt J\u016bs\u0173 sveikatai ir gro\u017eiui.","og_description":"PAESE MINERALS 204W skaistinanti mineralin\u0117 pudra \u2013 nat\u016bralus \u0161vyt\u0117jimas, auk\u0161tas padengimas ir 99% nat\u016bral\u016bs ingredientai. Tinka net jautriai odai.","og_url":"https:\/\/www.malinashop.lt\/lt_lt\/shop\/paese-minerals-204w-skaistinanti-mineraline-pudra-7-g\/","og_site_name":"MalinaShop.lt J\u016bs\u0173 sveikatai ir gro\u017eiui.","article_modified_time":"2026-02-10T09:47:59+00:00","og_image":[{"width":1000,"height":1000,"url":"https:\/\/www.malinashop.lt\/wp-content\/uploads\/2025\/11\/5902627621390.jpg","type":"image\/jpeg"}],"twitter_card":"summary_large_image","schema":{"@context":"https:\/\/schema.org","@graph":[{"@type":"WebPage","@id":"https:\/\/www.malinashop.lt\/shop\/paese-minerals-204w-skaistinanti-mineraline-pudra-7-g\/","url":"https:\/\/www.malinashop.lt\/shop\/paese-minerals-204w-skaistinanti-mineraline-pudra-7-g\/","name":"PAESE MINERALS 204W skaistinanti mineralin\u0117 pudra, 7 g - MalinaShop.lt J\u016bs\u0173 sveikatai ir gro\u017eiui.","isPartOf":{"@id":"https:\/\/www.malinashop.lt\/#website"},"primaryImageOfPage":{"@id":"https:\/\/www.malinashop.lt\/shop\/paese-minerals-204w-skaistinanti-mineraline-pudra-7-g\/#primaryimage"},"image":{"@id":"https:\/\/www.malinashop.lt\/shop\/paese-minerals-204w-skaistinanti-mineraline-pudra-7-g\/#primaryimage"},"thumbnailUrl":"https:\/\/www.malinashop.lt\/wp-content\/uploads\/2025\/11\/5902627621390.jpg","datePublished":"2025-11-24T15:30:21+00:00","dateModified":"2026-02-10T09:47:59+00:00","description":"PAESE MINERALS 204W skaistinanti mineralin\u0117 pudra \u2013 nat\u016bralus \u0161vyt\u0117jimas, auk\u0161tas padengimas ir 99% nat\u016bral\u016bs ingredientai. Tinka net jautriai odai.","breadcrumb":{"@id":"https:\/\/www.malinashop.lt\/shop\/paese-minerals-204w-skaistinanti-mineraline-pudra-7-g\/#breadcrumb"},"inLanguage":"lt-LT","potentialAction":[{"@type":"ReadAction","target":["https:\/\/www.malinashop.lt\/shop\/paese-minerals-204w-skaistinanti-mineraline-pudra-7-g\/"]}]},{"@type":"ImageObject","inLanguage":"lt-LT","@id":"https:\/\/www.malinashop.lt\/shop\/paese-minerals-204w-skaistinanti-mineraline-pudra-7-g\/#primaryimage","url":"https:\/\/www.malinashop.lt\/wp-content\/uploads\/2025\/11\/5902627621390.jpg","contentUrl":"https:\/\/www.malinashop.lt\/wp-content\/uploads\/2025\/11\/5902627621390.jpg","width":1000,"height":1000},{"@type":"BreadcrumbList","@id":"https:\/\/www.malinashop.lt\/shop\/paese-minerals-204w-skaistinanti-mineraline-pudra-7-g\/#breadcrumb","itemListElement":[{"@type":"ListItem","position":1,"name":"Pagrindinis","item":"https:\/\/www.malinashop.lt\/"},{"@type":"ListItem","position":2,"name":"Parduotuv\u0117","item":"https:\/\/www.malinashop.lt\/en\/parduotuve\/"},{"@type":"ListItem","position":3,"name":"PAESE MINERALS 204W skaistinanti mineralin\u0117 pudra, 7 g"}]},{"@type":"WebSite","@id":"https:\/\/www.malinashop.lt\/#website","url":"https:\/\/www.malinashop.lt\/","name":"COM Group Ecommerce","description":"MalinaShop.lt - Gro\u017eio ir sveikatos produktai i\u0161 patikim\u0173 preki\u0173 \u017eenkl\u0173. Atraskite auk\u0161tos kokyb\u0117s kosmetik\u0105 u\u017e puiki\u0105 kain\u0105.","publisher":{"@id":"https:\/\/www.malinashop.lt\/#organization"},"potentialAction":[{"@type":"SearchAction","target":{"@type":"EntryPoint","urlTemplate":"https:\/\/www.malinashop.lt\/?s={search_term_string}"},"query-input":{"@type":"PropertyValueSpecification","valueRequired":true,"valueName":"search_term_string"}}],"inLanguage":"lt-LT"},{"@type":"Organization","@id":"https:\/\/www.malinashop.lt\/#organization","name":"COM Group Ecommerce","url":"https:\/\/www.malinashop.lt\/","logo":{"@type":"ImageObject","inLanguage":"lt-LT","@id":"https:\/\/www.malinashop.lt\/#\/schema\/logo\/image\/","url":"https:\/\/www.malinashop.lt\/wp-content\/uploads\/2024\/08\/462559670_3787732518133670_9795632669273463_n-e1731525914575.png","contentUrl":"https:\/\/www.malinashop.lt\/wp-content\/uploads\/2024\/08\/462559670_3787732518133670_9795632669273463_n-e1731525914575.png","width":180,"height":60,"caption":"COM Group Ecommerce"},"image":{"@id":"https:\/\/www.malinashop.lt\/#\/schema\/logo\/image\/"}}]}},"jetpack_sharing_enabled":true,"_links":{"self":[{"href":"https:\/\/www.malinashop.lt\/lt_lt\/wp-json\/wp\/v2\/product\/64627","targetHints":{"allow":["GET"]}}],"collection":[{"href":"https:\/\/www.malinashop.lt\/lt_lt\/wp-json\/wp\/v2\/product"}],"about":[{"href":"https:\/\/www.malinashop.lt\/lt_lt\/wp-json\/wp\/v2\/types\/product"}],"version-history":[{"count":2,"href":"https:\/\/www.malinashop.lt\/lt_lt\/wp-json\/wp\/v2\/product\/64627\/revisions"}],"predecessor-version":[{"id":72198,"href":"https:\/\/www.malinashop.lt\/lt_lt\/wp-json\/wp\/v2\/product\/64627\/revisions\/72198"}],"wp:featuredmedia":[{"embeddable":true,"href":"https:\/\/www.malinashop.lt\/lt_lt\/wp-json\/wp\/v2\/media\/64629"}],"wp:attachment":[{"href":"https:\/\/www.malinashop.lt\/lt_lt\/wp-json\/wp\/v2\/media?parent=64627"}],"wp:term":[{"taxonomy":"product_brand","embeddable":true,"href":"https:\/\/www.malinashop.lt\/lt_lt\/wp-json\/wp\/v2\/product_brand?post=64627"},{"taxonomy":"product_cat","embeddable":true,"href":"https:\/\/www.malinashop.lt\/lt_lt\/wp-json\/wp\/v2\/product_cat?post=64627"},{"taxonomy":"product_tag","embeddable":true,"href":"https:\/\/www.malinashop.lt\/lt_lt\/wp-json\/wp\/v2\/product_tag?post=64627"}],"curies":[{"name":"wp","href":"https:\/\/api.w.org\/{rel}","templated":true}]}}