{"id":64582,"date":"2025-11-24T18:29:09","date_gmt":"2025-11-24T15:29:09","guid":{"rendered":"https:\/\/malinashop.lt\/?post_type=product&#038;p=64582"},"modified":"2026-02-10T12:48:02","modified_gmt":"2026-02-10T09:48:02","slug":"paese-drekinantis-aliejinis-veido-pagrindas-minerals-15-ml","status":"publish","type":"product","link":"https:\/\/www.malinashop.lt\/lt_lt\/shop\/paese-drekinantis-aliejinis-veido-pagrindas-minerals-15-ml\/","title":{"rendered":"PAESE dr\u0117kinantis aliejinis veido pagrindas MINERALS, 15 ml"},"content":{"rendered":"<p data-start=\"244\" data-end=\"523\"><strong data-start=\"244\" data-end=\"300\">PAESE MINERALS dr\u0117kinantis aliejinis veido pagrindas<\/strong> \u2013 tai daugiafunkcis mineralinis produktas, kuris sujungia makia\u017eo ir odos prie\u017ei\u016bros savybes. Lengvos tekst\u016bros aliejinis pagrindas intensyviai dr\u0117kina, lygina od\u0105, atkuria nat\u016bral\u0173 \u0161vyt\u0117jim\u0105 ir padeda suma\u017einti paraudim\u0105.<\/p>\n<p data-start=\"525\" data-end=\"803\">Formul\u0117 praturtinta kruop\u0161\u010diai atrinktais augaliniais aliejais bei nat\u016braliais aktyviaisiais ingredientais, kurie maitina, regeneruoja ir stiprina odos apsaugin\u012f barjer\u0105. Aliejus greitai susigeria, neu\u017ekem\u0161a por\u0173 ir nepalieka riebios pl\u0117vel\u0117s, tod\u0117l tinka kasdieniam naudojimui.<\/p>\n<p data-start=\"805\" data-end=\"973\">D\u0117l savo universali\u0173 savybi\u0173 produktas gali b\u016bti naudojamas ne tik kaip <strong data-start=\"877\" data-end=\"906\">aliejinis veido pagrindas<\/strong>, bet ir kaip <strong data-start=\"920\" data-end=\"944\">maitinamasis serumas<\/strong> kasdien\u0117je odos prie\u017ei\u016broje.<\/p>\n<h4 data-start=\"975\" data-end=\"1000\">Pagrindin\u0117s savyb\u0117s:<\/h4>\n<ul data-start=\"1001\" data-end=\"1276\">\n<li data-start=\"1001\" data-end=\"1039\">\n<p data-start=\"1003\" data-end=\"1039\">Intensyviai dr\u0117kina ir maitina od\u0105<\/p>\n<\/li>\n<li data-start=\"1040\" data-end=\"1095\">\n<p data-start=\"1042\" data-end=\"1095\">Lygina odos pavir\u0161i\u0173 ir suteikia nat\u016bral\u0173 \u0161vyt\u0117jim\u0105<\/p>\n<\/li>\n<li data-start=\"1096\" data-end=\"1138\">\n<p data-start=\"1098\" data-end=\"1138\">Ma\u017eina paraudim\u0105 ir diskomforto poj\u016bt\u012f<\/p>\n<\/li>\n<li data-start=\"1139\" data-end=\"1179\">\n<p data-start=\"1141\" data-end=\"1179\">Regeneruoja, gerina odos elastingum\u0105<\/p>\n<\/li>\n<li data-start=\"1180\" data-end=\"1224\">\n<p data-start=\"1182\" data-end=\"1224\">Lengva, neriebi formul\u0117 \u2013 neu\u017ekem\u0161a por\u0173<\/p>\n<\/li>\n<li data-start=\"1225\" data-end=\"1276\">\n<p data-start=\"1227\" data-end=\"1276\">Tinka naudoti kaip makia\u017eo pagrind\u0105 arba serum\u0105<\/p>\n<\/li>\n<\/ul>\n<h4 data-start=\"1278\" data-end=\"1306\">Aktyvieji ingredientai:<\/h4>\n<ul data-start=\"1307\" data-end=\"1989\">\n<li data-start=\"1307\" data-end=\"1375\">\n<p data-start=\"1309\" data-end=\"1375\"><strong data-start=\"1309\" data-end=\"1327\">Taman\u0173 aliejus<\/strong> \u2013 dr\u0117kina, lygina, skatina odos atsinaujinim\u0105<\/p>\n<\/li>\n<li data-start=\"1376\" data-end=\"1436\">\n<p data-start=\"1378\" data-end=\"1436\"><strong data-start=\"1378\" data-end=\"1397\">Avokad\u0173 aliejus<\/strong> \u2013 maitina, regeneruoja, stiprina od\u0105<\/p>\n<\/li>\n<li data-start=\"1437\" data-end=\"1523\">\n<p data-start=\"1439\" data-end=\"1523\"><strong data-start=\"1439\" data-end=\"1468\">Vynuogi\u0173 kauliuk\u0173 aliejus<\/strong> \u2013 turtingas vitaminu E, padeda i\u0161laikyti odos tonus\u0105<\/p>\n<\/li>\n<li data-start=\"1524\" data-end=\"1581\">\n<p data-start=\"1526\" data-end=\"1581\"><strong data-start=\"1526\" data-end=\"1541\">Vitaminas E<\/strong> \u2013 dr\u0117kina ir l\u0117tina sen\u0117jimo procesus<\/p>\n<\/li>\n<li data-start=\"1582\" data-end=\"1659\">\n<p data-start=\"1584\" data-end=\"1659\"><strong data-start=\"1584\" data-end=\"1606\">Saul\u0117gr\u0105\u017e\u0173 aliejus<\/strong> \u2013 normalizuoja riebalini\u0173 liauk\u0173 veikl\u0105, saugo od\u0105<\/p>\n<\/li>\n<li data-start=\"1660\" data-end=\"1736\">\n<p data-start=\"1662\" data-end=\"1736\"><strong data-start=\"1662\" data-end=\"1680\">Argano aliejus<\/strong> \u2013 maitina, regeneruoja, apsaugo nuo i\u0161orini\u0173 veiksni\u0173<\/p>\n<\/li>\n<li data-start=\"1737\" data-end=\"1834\">\n<p data-start=\"1739\" data-end=\"1834\"><strong data-start=\"1739\" data-end=\"1768\">Midsummer Night Dream Oil<\/strong> \u2013 7 g\u0117li\u0173 ekstrakt\u0173 kompleksas, tonizuojantis ir raminantis od\u0105<\/p>\n<\/li>\n<li data-start=\"1835\" data-end=\"1897\">\n<p data-start=\"1837\" data-end=\"1897\"><strong data-start=\"1837\" data-end=\"1856\">Baobab\u0173 aliejus<\/strong> \u2013 padeda i\u0161lyginti smulkias rauk\u0161leles<\/p>\n<\/li>\n<li data-start=\"1898\" data-end=\"1989\">\n<p data-start=\"1900\" data-end=\"1989\"><strong data-start=\"1900\" data-end=\"1923\">Er\u0161k\u0117tuogi\u0173 aliejus<\/strong> \u2013 stangrina, intensyviai dr\u0117kina ir saugo nuo laisv\u0173j\u0173 radikal\u0173<\/p>\n<\/li>\n<\/ul>\n<h4 data-start=\"1991\" data-end=\"2007\">Naudojimas:<\/h4>\n<p data-start=\"2008\" data-end=\"2203\">Rankose pa\u0161ildykite kelis la\u0161us aliejaus ir \u012fmasa\u017euokite \u012f \u0161iek tiek sudr\u0117kint\u0105 veido od\u0105. Tuomet tepkite mineralin\u012f veido pagrind\u0105. Taip pat galite naudoti kaip serum\u0105 kasdienei odos prie\u017ei\u016brai.<\/p>\n<p data-start=\"2205\" data-end=\"2221\"><strong data-start=\"2205\" data-end=\"2215\">Talpa:<\/strong> 15 ml<\/p>\n","protected":false},"excerpt":{"rendered":"<p data-start=\"2260\" data-end=\"2475\">Dr\u0117kinantis aliejinis veido pagrindas su nat\u016braliais aliejais, kuris maitina, lygina od\u0105 ir suteikia jai sveik\u0105 \u0161vyt\u0117jim\u0105. Lengva formul\u0117 neu\u017ekem\u0161a por\u0173 ir tinka naudoti tiek kaip makia\u017eo pagrind\u0105, tiek kaip serum\u0105.<\/p>\n","protected":false},"featured_media":64584,"template":"","meta":[],"product_brand":[1534],"product_cat":[102,530],"product_tag":[1614],"class_list":{"0":"post-64582","1":"product","2":"type-product","3":"status-publish","4":"has-post-thumbnail","6":"product_brand-paese","7":"product_cat-dekoratyvine-kosmetika","8":"product_cat-makiazo-pagrindas","9":"product_tag-paese","11":"first","12":"instock","13":"purchasable","14":"product-type-simple"},"yoast_head":"<!-- This site is optimized with the Yoast SEO plugin v27.4 - https:\/\/yoast.com\/product\/yoast-seo-wordpress\/ -->\n<title>PAESE dr\u0117kinantis aliejinis veido pagrindas MINERALS, 15 ml - MalinaShop.lt J\u016bs\u0173 sveikatai ir gro\u017eiui.<\/title>\n<meta name=\"description\" content=\"PAESE MINERALS dr\u0117kinantis aliejinis veido pagrindas su nat\u016braliais aliejais \u2013 intensyviai dr\u0117kina, maitina, suteikia odai \u0161vyt\u0117jimo ir glotnumo. 15 ml.\" \/>\n<meta name=\"robots\" content=\"index, follow, max-snippet:-1, max-image-preview:large, max-video-preview:-1\" \/>\n<link rel=\"canonical\" href=\"https:\/\/www.malinashop.lt\/lt_lt\/shop\/paese-drekinantis-aliejinis-veido-pagrindas-minerals-15-ml\/\" \/>\n<meta property=\"og:locale\" content=\"lt_LT\" \/>\n<meta property=\"og:type\" content=\"article\" \/>\n<meta property=\"og:title\" content=\"PAESE dr\u0117kinantis aliejinis veido pagrindas MINERALS, 15 ml - MalinaShop.lt J\u016bs\u0173 sveikatai ir gro\u017eiui.\" \/>\n<meta property=\"og:description\" content=\"PAESE MINERALS dr\u0117kinantis aliejinis veido pagrindas su nat\u016braliais aliejais \u2013 intensyviai dr\u0117kina, maitina, suteikia odai \u0161vyt\u0117jimo ir glotnumo. 15 ml.\" \/>\n<meta property=\"og:url\" content=\"https:\/\/www.malinashop.lt\/lt_lt\/shop\/paese-drekinantis-aliejinis-veido-pagrindas-minerals-15-ml\/\" \/>\n<meta property=\"og:site_name\" content=\"MalinaShop.lt J\u016bs\u0173 sveikatai ir gro\u017eiui.\" \/>\n<meta property=\"article:modified_time\" content=\"2026-02-10T09:48:02+00:00\" \/>\n<meta property=\"og:image\" content=\"https:\/\/www.malinashop.lt\/wp-content\/uploads\/2025\/11\/GOOD-1.jpg\" \/>\n\t<meta property=\"og:image:width\" content=\"1000\" \/>\n\t<meta property=\"og:image:height\" content=\"1000\" \/>\n\t<meta property=\"og:image:type\" content=\"image\/jpeg\" \/>\n<meta name=\"twitter:card\" content=\"summary_large_image\" \/>\n<script type=\"application\/ld+json\" class=\"yoast-schema-graph\">{\"@context\":\"https:\\\/\\\/schema.org\",\"@graph\":[{\"@type\":\"WebPage\",\"@id\":\"https:\\\/\\\/www.malinashop.lt\\\/shop\\\/paese-drekinantis-aliejinis-veido-pagrindas-minerals-15-ml\\\/\",\"url\":\"https:\\\/\\\/www.malinashop.lt\\\/shop\\\/paese-drekinantis-aliejinis-veido-pagrindas-minerals-15-ml\\\/\",\"name\":\"PAESE dr\u0117kinantis aliejinis veido pagrindas MINERALS, 15 ml - MalinaShop.lt J\u016bs\u0173 sveikatai ir gro\u017eiui.\",\"isPartOf\":{\"@id\":\"https:\\\/\\\/www.malinashop.lt\\\/#website\"},\"primaryImageOfPage\":{\"@id\":\"https:\\\/\\\/www.malinashop.lt\\\/shop\\\/paese-drekinantis-aliejinis-veido-pagrindas-minerals-15-ml\\\/#primaryimage\"},\"image\":{\"@id\":\"https:\\\/\\\/www.malinashop.lt\\\/shop\\\/paese-drekinantis-aliejinis-veido-pagrindas-minerals-15-ml\\\/#primaryimage\"},\"thumbnailUrl\":\"https:\\\/\\\/www.malinashop.lt\\\/wp-content\\\/uploads\\\/2025\\\/11\\\/GOOD-1.jpg\",\"datePublished\":\"2025-11-24T15:29:09+00:00\",\"dateModified\":\"2026-02-10T09:48:02+00:00\",\"description\":\"PAESE MINERALS dr\u0117kinantis aliejinis veido pagrindas su nat\u016braliais aliejais \u2013 intensyviai dr\u0117kina, maitina, suteikia odai \u0161vyt\u0117jimo ir glotnumo. 15 ml.\",\"breadcrumb\":{\"@id\":\"https:\\\/\\\/www.malinashop.lt\\\/shop\\\/paese-drekinantis-aliejinis-veido-pagrindas-minerals-15-ml\\\/#breadcrumb\"},\"inLanguage\":\"lt-LT\",\"potentialAction\":[{\"@type\":\"ReadAction\",\"target\":[\"https:\\\/\\\/www.malinashop.lt\\\/shop\\\/paese-drekinantis-aliejinis-veido-pagrindas-minerals-15-ml\\\/\"]}]},{\"@type\":\"ImageObject\",\"inLanguage\":\"lt-LT\",\"@id\":\"https:\\\/\\\/www.malinashop.lt\\\/shop\\\/paese-drekinantis-aliejinis-veido-pagrindas-minerals-15-ml\\\/#primaryimage\",\"url\":\"https:\\\/\\\/www.malinashop.lt\\\/wp-content\\\/uploads\\\/2025\\\/11\\\/GOOD-1.jpg\",\"contentUrl\":\"https:\\\/\\\/www.malinashop.lt\\\/wp-content\\\/uploads\\\/2025\\\/11\\\/GOOD-1.jpg\",\"width\":1000,\"height\":1000},{\"@type\":\"BreadcrumbList\",\"@id\":\"https:\\\/\\\/www.malinashop.lt\\\/shop\\\/paese-drekinantis-aliejinis-veido-pagrindas-minerals-15-ml\\\/#breadcrumb\",\"itemListElement\":[{\"@type\":\"ListItem\",\"position\":1,\"name\":\"Pagrindinis\",\"item\":\"https:\\\/\\\/www.malinashop.lt\\\/\"},{\"@type\":\"ListItem\",\"position\":2,\"name\":\"Parduotuv\u0117\",\"item\":\"https:\\\/\\\/www.malinashop.lt\\\/en\\\/parduotuve\\\/\"},{\"@type\":\"ListItem\",\"position\":3,\"name\":\"PAESE dr\u0117kinantis aliejinis veido pagrindas MINERALS, 15 ml\"}]},{\"@type\":\"WebSite\",\"@id\":\"https:\\\/\\\/www.malinashop.lt\\\/#website\",\"url\":\"https:\\\/\\\/www.malinashop.lt\\\/\",\"name\":\"COM Group Ecommerce\",\"description\":\"MalinaShop.lt - Gro\u017eio ir sveikatos produktai i\u0161 patikim\u0173 preki\u0173 \u017eenkl\u0173. Atraskite auk\u0161tos kokyb\u0117s kosmetik\u0105 u\u017e puiki\u0105 kain\u0105.\",\"publisher\":{\"@id\":\"https:\\\/\\\/www.malinashop.lt\\\/#organization\"},\"potentialAction\":[{\"@type\":\"SearchAction\",\"target\":{\"@type\":\"EntryPoint\",\"urlTemplate\":\"https:\\\/\\\/www.malinashop.lt\\\/?s={search_term_string}\"},\"query-input\":{\"@type\":\"PropertyValueSpecification\",\"valueRequired\":true,\"valueName\":\"search_term_string\"}}],\"inLanguage\":\"lt-LT\"},{\"@type\":\"Organization\",\"@id\":\"https:\\\/\\\/www.malinashop.lt\\\/#organization\",\"name\":\"COM Group Ecommerce\",\"url\":\"https:\\\/\\\/www.malinashop.lt\\\/\",\"logo\":{\"@type\":\"ImageObject\",\"inLanguage\":\"lt-LT\",\"@id\":\"https:\\\/\\\/www.malinashop.lt\\\/#\\\/schema\\\/logo\\\/image\\\/\",\"url\":\"https:\\\/\\\/www.malinashop.lt\\\/wp-content\\\/uploads\\\/2024\\\/08\\\/462559670_3787732518133670_9795632669273463_n-e1731525914575.png\",\"contentUrl\":\"https:\\\/\\\/www.malinashop.lt\\\/wp-content\\\/uploads\\\/2024\\\/08\\\/462559670_3787732518133670_9795632669273463_n-e1731525914575.png\",\"width\":180,\"height\":60,\"caption\":\"COM Group Ecommerce\"},\"image\":{\"@id\":\"https:\\\/\\\/www.malinashop.lt\\\/#\\\/schema\\\/logo\\\/image\\\/\"}}]}<\/script>\n<!-- \/ Yoast SEO plugin. -->","yoast_head_json":{"title":"PAESE dr\u0117kinantis aliejinis veido pagrindas MINERALS, 15 ml - MalinaShop.lt J\u016bs\u0173 sveikatai ir gro\u017eiui.","description":"PAESE MINERALS dr\u0117kinantis aliejinis veido pagrindas su nat\u016braliais aliejais \u2013 intensyviai dr\u0117kina, maitina, suteikia odai \u0161vyt\u0117jimo ir glotnumo. 15 ml.","robots":{"index":"index","follow":"follow","max-snippet":"max-snippet:-1","max-image-preview":"max-image-preview:large","max-video-preview":"max-video-preview:-1"},"canonical":"https:\/\/www.malinashop.lt\/lt_lt\/shop\/paese-drekinantis-aliejinis-veido-pagrindas-minerals-15-ml\/","og_locale":"lt_LT","og_type":"article","og_title":"PAESE dr\u0117kinantis aliejinis veido pagrindas MINERALS, 15 ml - MalinaShop.lt J\u016bs\u0173 sveikatai ir gro\u017eiui.","og_description":"PAESE MINERALS dr\u0117kinantis aliejinis veido pagrindas su nat\u016braliais aliejais \u2013 intensyviai dr\u0117kina, maitina, suteikia odai \u0161vyt\u0117jimo ir glotnumo. 15 ml.","og_url":"https:\/\/www.malinashop.lt\/lt_lt\/shop\/paese-drekinantis-aliejinis-veido-pagrindas-minerals-15-ml\/","og_site_name":"MalinaShop.lt J\u016bs\u0173 sveikatai ir gro\u017eiui.","article_modified_time":"2026-02-10T09:48:02+00:00","og_image":[{"width":1000,"height":1000,"url":"https:\/\/www.malinashop.lt\/wp-content\/uploads\/2025\/11\/GOOD-1.jpg","type":"image\/jpeg"}],"twitter_card":"summary_large_image","schema":{"@context":"https:\/\/schema.org","@graph":[{"@type":"WebPage","@id":"https:\/\/www.malinashop.lt\/shop\/paese-drekinantis-aliejinis-veido-pagrindas-minerals-15-ml\/","url":"https:\/\/www.malinashop.lt\/shop\/paese-drekinantis-aliejinis-veido-pagrindas-minerals-15-ml\/","name":"PAESE dr\u0117kinantis aliejinis veido pagrindas MINERALS, 15 ml - MalinaShop.lt J\u016bs\u0173 sveikatai ir gro\u017eiui.","isPartOf":{"@id":"https:\/\/www.malinashop.lt\/#website"},"primaryImageOfPage":{"@id":"https:\/\/www.malinashop.lt\/shop\/paese-drekinantis-aliejinis-veido-pagrindas-minerals-15-ml\/#primaryimage"},"image":{"@id":"https:\/\/www.malinashop.lt\/shop\/paese-drekinantis-aliejinis-veido-pagrindas-minerals-15-ml\/#primaryimage"},"thumbnailUrl":"https:\/\/www.malinashop.lt\/wp-content\/uploads\/2025\/11\/GOOD-1.jpg","datePublished":"2025-11-24T15:29:09+00:00","dateModified":"2026-02-10T09:48:02+00:00","description":"PAESE MINERALS dr\u0117kinantis aliejinis veido pagrindas su nat\u016braliais aliejais \u2013 intensyviai dr\u0117kina, maitina, suteikia odai \u0161vyt\u0117jimo ir glotnumo. 15 ml.","breadcrumb":{"@id":"https:\/\/www.malinashop.lt\/shop\/paese-drekinantis-aliejinis-veido-pagrindas-minerals-15-ml\/#breadcrumb"},"inLanguage":"lt-LT","potentialAction":[{"@type":"ReadAction","target":["https:\/\/www.malinashop.lt\/shop\/paese-drekinantis-aliejinis-veido-pagrindas-minerals-15-ml\/"]}]},{"@type":"ImageObject","inLanguage":"lt-LT","@id":"https:\/\/www.malinashop.lt\/shop\/paese-drekinantis-aliejinis-veido-pagrindas-minerals-15-ml\/#primaryimage","url":"https:\/\/www.malinashop.lt\/wp-content\/uploads\/2025\/11\/GOOD-1.jpg","contentUrl":"https:\/\/www.malinashop.lt\/wp-content\/uploads\/2025\/11\/GOOD-1.jpg","width":1000,"height":1000},{"@type":"BreadcrumbList","@id":"https:\/\/www.malinashop.lt\/shop\/paese-drekinantis-aliejinis-veido-pagrindas-minerals-15-ml\/#breadcrumb","itemListElement":[{"@type":"ListItem","position":1,"name":"Pagrindinis","item":"https:\/\/www.malinashop.lt\/"},{"@type":"ListItem","position":2,"name":"Parduotuv\u0117","item":"https:\/\/www.malinashop.lt\/en\/parduotuve\/"},{"@type":"ListItem","position":3,"name":"PAESE dr\u0117kinantis aliejinis veido pagrindas MINERALS, 15 ml"}]},{"@type":"WebSite","@id":"https:\/\/www.malinashop.lt\/#website","url":"https:\/\/www.malinashop.lt\/","name":"COM Group Ecommerce","description":"MalinaShop.lt - Gro\u017eio ir sveikatos produktai i\u0161 patikim\u0173 preki\u0173 \u017eenkl\u0173. Atraskite auk\u0161tos kokyb\u0117s kosmetik\u0105 u\u017e puiki\u0105 kain\u0105.","publisher":{"@id":"https:\/\/www.malinashop.lt\/#organization"},"potentialAction":[{"@type":"SearchAction","target":{"@type":"EntryPoint","urlTemplate":"https:\/\/www.malinashop.lt\/?s={search_term_string}"},"query-input":{"@type":"PropertyValueSpecification","valueRequired":true,"valueName":"search_term_string"}}],"inLanguage":"lt-LT"},{"@type":"Organization","@id":"https:\/\/www.malinashop.lt\/#organization","name":"COM Group Ecommerce","url":"https:\/\/www.malinashop.lt\/","logo":{"@type":"ImageObject","inLanguage":"lt-LT","@id":"https:\/\/www.malinashop.lt\/#\/schema\/logo\/image\/","url":"https:\/\/www.malinashop.lt\/wp-content\/uploads\/2024\/08\/462559670_3787732518133670_9795632669273463_n-e1731525914575.png","contentUrl":"https:\/\/www.malinashop.lt\/wp-content\/uploads\/2024\/08\/462559670_3787732518133670_9795632669273463_n-e1731525914575.png","width":180,"height":60,"caption":"COM Group Ecommerce"},"image":{"@id":"https:\/\/www.malinashop.lt\/#\/schema\/logo\/image\/"}}]}},"jetpack_sharing_enabled":true,"_links":{"self":[{"href":"https:\/\/www.malinashop.lt\/lt_lt\/wp-json\/wp\/v2\/product\/64582","targetHints":{"allow":["GET"]}}],"collection":[{"href":"https:\/\/www.malinashop.lt\/lt_lt\/wp-json\/wp\/v2\/product"}],"about":[{"href":"https:\/\/www.malinashop.lt\/lt_lt\/wp-json\/wp\/v2\/types\/product"}],"version-history":[{"count":2,"href":"https:\/\/www.malinashop.lt\/lt_lt\/wp-json\/wp\/v2\/product\/64582\/revisions"}],"predecessor-version":[{"id":72286,"href":"https:\/\/www.malinashop.lt\/lt_lt\/wp-json\/wp\/v2\/product\/64582\/revisions\/72286"}],"wp:featuredmedia":[{"embeddable":true,"href":"https:\/\/www.malinashop.lt\/lt_lt\/wp-json\/wp\/v2\/media\/64584"}],"wp:attachment":[{"href":"https:\/\/www.malinashop.lt\/lt_lt\/wp-json\/wp\/v2\/media?parent=64582"}],"wp:term":[{"taxonomy":"product_brand","embeddable":true,"href":"https:\/\/www.malinashop.lt\/lt_lt\/wp-json\/wp\/v2\/product_brand?post=64582"},{"taxonomy":"product_cat","embeddable":true,"href":"https:\/\/www.malinashop.lt\/lt_lt\/wp-json\/wp\/v2\/product_cat?post=64582"},{"taxonomy":"product_tag","embeddable":true,"href":"https:\/\/www.malinashop.lt\/lt_lt\/wp-json\/wp\/v2\/product_tag?post=64582"}],"curies":[{"name":"wp","href":"https:\/\/api.w.org\/{rel}","templated":true}]}}