{"id":64579,"date":"2025-11-24T18:29:09","date_gmt":"2025-11-24T15:29:09","guid":{"rendered":"https:\/\/malinashop.lt\/?post_type=product&#038;p=64579"},"modified":"2026-02-10T12:35:03","modified_gmt":"2026-02-10T09:35:03","slug":"milanobrush-sunny-beach-limituotos-serijos-plauku-sepetys","status":"publish","type":"product","link":"https:\/\/www.malinashop.lt\/lt_lt\/shop\/milanobrush-sunny-beach-limituotos-serijos-plauku-sepetys\/","title":{"rendered":"MILANOBRUSH SUNNY BEACH limituotos serijos plauk\u0173 \u0161epetys"},"content":{"rendered":"<div id=\"description\" class=\"tab-pane fade in active\">\n<p data-start=\"131\" data-end=\"452\">\u0160is universalus plauk\u0173 \u0161epetys sukurtas patogiam ir saugiam kasdieniam plauk\u0173 \u0161ukavimui. Jis puikiai tinka tiek <strong data-start=\"243\" data-end=\"272\">saus\u0173, tiek dr\u0117gn\u0173 plauk\u0173<\/strong> prie\u017ei\u016brai. Special\u016bs <strong data-start=\"295\" data-end=\"353\">lankst\u016bs nailoniniai \u0161ereliai su apvaliomis galvut\u0117mis<\/strong> \u0161velniai masa\u017euoja galvos od\u0105, gerina kraujo cirkuliacij\u0105 ir padeda palaikyti sveik\u0105 plauk\u0173 b\u016bkl\u0119.<\/p>\n<p data-start=\"454\" data-end=\"743\">\u0160epetys lengvai i\u0161narplioja net ir stipriai susiv\u0117lusius plaukus, j\u0173 nepa\u017eeisdamas ir netraukdamas. \u0160ukuojant u\u017edaromos plauko kutikul\u0117s, tod\u0117l plaukai atrodo <strong data-start=\"613\" data-end=\"665\">sveikesni, glotnesni ir \u012fgauna nat\u016bral\u0173 \u017evilges\u012f<\/strong>. Tinka vis\u0173 tip\u0173 ir ilgi\u0173 plaukams, taip pat <strong data-start=\"711\" data-end=\"742\">priauginam\u0173 plauk\u0173 sruogoms<\/strong>.<\/p>\n<p data-start=\"745\" data-end=\"892\">Ergonomi\u0161ka, lengva ir <strong data-start=\"768\" data-end=\"791\">neslystanti rankena<\/strong> u\u017etikrina patog\u0173 naudojim\u0105 bei leid\u017eia lengvai formuoti norimas \u0161ukuosenas be papildomo diskomforto.<\/p>\n<p data-start=\"894\" data-end=\"922\"><strong>Pagrindiniai privalumai:<\/strong><\/p>\n<ul data-start=\"923\" data-end=\"1220\">\n<li data-start=\"923\" data-end=\"966\">\n<p data-start=\"925\" data-end=\"966\">\u0160velniai i\u0161narplioja plaukus be skausmo<\/p>\n<\/li>\n<li data-start=\"967\" data-end=\"1010\">\n<p data-start=\"969\" data-end=\"1010\">Tinka \u0161ukuoti sausus ir dr\u0117gnus plaukus<\/p>\n<\/li>\n<li data-start=\"1011\" data-end=\"1065\">\n<p data-start=\"1013\" data-end=\"1065\">Masa\u017euoja galvos od\u0105 ir gerina kraujo cirkuliacij\u0105<\/p>\n<\/li>\n<li data-start=\"1066\" data-end=\"1106\">\n<p data-start=\"1068\" data-end=\"1106\">Ma\u017eina plauk\u0173 v\u0117lim\u0105si ir l\u016b\u017ein\u0117jim\u0105<\/p>\n<\/li>\n<li data-start=\"1107\" data-end=\"1146\">\n<p data-start=\"1109\" data-end=\"1146\">Suteikia plaukams nat\u016bral\u0173 \u017evilges\u012f<\/p>\n<\/li>\n<li data-start=\"1147\" data-end=\"1180\">\n<p data-start=\"1149\" data-end=\"1180\">Tinka priauginamiems plaukams<\/p>\n<\/li>\n<li data-start=\"1181\" data-end=\"1220\">\n<p data-start=\"1183\" data-end=\"1220\">Lengva, patogi, neslystanti rankena<\/p>\n<\/li>\n<\/ul>\n<p data-start=\"1222\" data-end=\"1247\"><strong>Produkto informacija:<\/strong><\/p>\n<ul data-start=\"1248\" data-end=\"1329\">\n<li data-start=\"1248\" data-end=\"1292\">\n<p data-start=\"1250\" data-end=\"1292\">Mink\u0161ti ir lankst\u016bs nailoniniai \u0161ereliai<\/p>\n<\/li>\n<li data-start=\"1293\" data-end=\"1329\">\n<p data-start=\"1295\" data-end=\"1329\">Lengvasvor\u0117, ergonomi\u0161ka rankena<\/p>\n<\/li>\n<\/ul>\n<p data-start=\"1331\" data-end=\"1430\"><strong data-start=\"1334\" data-end=\"1348\">\u012esp\u0117jimas:<\/strong> \u0161epe\u010dio \u0161ereliai <strong data-start=\"1366\" data-end=\"1429\">nepritaikyti naudoti su kar\u0161ta plauk\u0173 d\u017eiovintuvo oro srove<\/strong>.<\/p>\n<\/div>\n","protected":false},"excerpt":{"rendered":"<p data-start=\"1468\" data-end=\"1692\">Universalus plauk\u0173 \u0161epetys su lank\u0161\u010diais nailoniniais \u0161ereliais \u0161velniai i\u0161narplioja plaukus, masa\u017euoja galvos od\u0105 ir suteikia plaukams glotnumo bei nat\u016bralaus \u017evilgesio. Tinka sausiems, dr\u0117gniems ir priauginamiems plaukams.<\/p>\n","protected":false},"featured_media":64581,"template":"","meta":[],"product_brand":[1541],"product_cat":[767],"product_tag":[1612],"class_list":{"0":"post-64579","1":"product","2":"type-product","3":"status-publish","4":"has-post-thumbnail","6":"product_brand-milano-brush","7":"product_cat-plauku-sukos","8":"product_tag-milanobrush","10":"first","11":"instock","12":"purchasable","13":"product-type-simple"},"yoast_head":"<!-- This site is optimized with the Yoast SEO plugin v27.4 - https:\/\/yoast.com\/product\/yoast-seo-wordpress\/ -->\n<title>MILANOBRUSH SUNNY BEACH limituotos serijos plauk\u0173 \u0161epetys - MalinaShop.lt J\u016bs\u0173 sveikatai ir gro\u017eiui.<\/title>\n<meta name=\"description\" content=\"Universalus plauk\u0173 \u0161epetys sausiems ir dr\u0117gniems plaukams \u2013 \u0161velniai i\u0161narplioja, masa\u017euoja galvos od\u0105, suteikia \u017evilgesio ir tinka priauginamiems plaukams.\" \/>\n<meta name=\"robots\" content=\"index, follow, max-snippet:-1, max-image-preview:large, max-video-preview:-1\" \/>\n<link rel=\"canonical\" href=\"https:\/\/www.malinashop.lt\/lt_lt\/shop\/milanobrush-sunny-beach-limituotos-serijos-plauku-sepetys\/\" \/>\n<meta property=\"og:locale\" content=\"lt_LT\" \/>\n<meta property=\"og:type\" content=\"article\" \/>\n<meta property=\"og:title\" content=\"MILANOBRUSH SUNNY BEACH limituotos serijos plauk\u0173 \u0161epetys - MalinaShop.lt J\u016bs\u0173 sveikatai ir gro\u017eiui.\" \/>\n<meta property=\"og:description\" content=\"Universalus plauk\u0173 \u0161epetys sausiems ir dr\u0117gniems plaukams \u2013 \u0161velniai i\u0161narplioja, masa\u017euoja galvos od\u0105, suteikia \u017evilgesio ir tinka priauginamiems plaukams.\" \/>\n<meta property=\"og:url\" content=\"https:\/\/www.malinashop.lt\/lt_lt\/shop\/milanobrush-sunny-beach-limituotos-serijos-plauku-sepetys\/\" \/>\n<meta property=\"og:site_name\" content=\"MalinaShop.lt J\u016bs\u0173 sveikatai ir gro\u017eiui.\" \/>\n<meta property=\"article:modified_time\" content=\"2026-02-10T09:35:03+00:00\" \/>\n<meta property=\"og:image\" content=\"https:\/\/www.malinashop.lt\/wp-content\/uploads\/2025\/11\/sunny-beach.jpg\" \/>\n\t<meta property=\"og:image:width\" content=\"1000\" \/>\n\t<meta property=\"og:image:height\" content=\"1000\" \/>\n\t<meta property=\"og:image:type\" content=\"image\/jpeg\" \/>\n<meta name=\"twitter:card\" content=\"summary_large_image\" \/>\n<script type=\"application\/ld+json\" class=\"yoast-schema-graph\">{\"@context\":\"https:\\\/\\\/schema.org\",\"@graph\":[{\"@type\":\"WebPage\",\"@id\":\"https:\\\/\\\/www.malinashop.lt\\\/en\\\/shop\\\/milanobrush-sunny-beach-limituotos-serijos-plauku-sepetys\\\/\",\"url\":\"https:\\\/\\\/www.malinashop.lt\\\/en\\\/shop\\\/milanobrush-sunny-beach-limituotos-serijos-plauku-sepetys\\\/\",\"name\":\"MILANOBRUSH SUNNY BEACH limituotos serijos plauk\u0173 \u0161epetys - MalinaShop.lt J\u016bs\u0173 sveikatai ir gro\u017eiui.\",\"isPartOf\":{\"@id\":\"https:\\\/\\\/www.malinashop.lt\\\/#website\"},\"primaryImageOfPage\":{\"@id\":\"https:\\\/\\\/www.malinashop.lt\\\/en\\\/shop\\\/milanobrush-sunny-beach-limituotos-serijos-plauku-sepetys\\\/#primaryimage\"},\"image\":{\"@id\":\"https:\\\/\\\/www.malinashop.lt\\\/en\\\/shop\\\/milanobrush-sunny-beach-limituotos-serijos-plauku-sepetys\\\/#primaryimage\"},\"thumbnailUrl\":\"https:\\\/\\\/www.malinashop.lt\\\/wp-content\\\/uploads\\\/2025\\\/11\\\/sunny-beach.jpg\",\"datePublished\":\"2025-11-24T15:29:09+00:00\",\"dateModified\":\"2026-02-10T09:35:03+00:00\",\"description\":\"Universalus plauk\u0173 \u0161epetys sausiems ir dr\u0117gniems plaukams \u2013 \u0161velniai i\u0161narplioja, masa\u017euoja galvos od\u0105, suteikia \u017evilgesio ir tinka priauginamiems plaukams.\",\"breadcrumb\":{\"@id\":\"https:\\\/\\\/www.malinashop.lt\\\/en\\\/shop\\\/milanobrush-sunny-beach-limituotos-serijos-plauku-sepetys\\\/#breadcrumb\"},\"inLanguage\":\"lt-LT\",\"potentialAction\":[{\"@type\":\"ReadAction\",\"target\":[\"https:\\\/\\\/www.malinashop.lt\\\/en\\\/shop\\\/milanobrush-sunny-beach-limituotos-serijos-plauku-sepetys\\\/\"]}]},{\"@type\":\"ImageObject\",\"inLanguage\":\"lt-LT\",\"@id\":\"https:\\\/\\\/www.malinashop.lt\\\/en\\\/shop\\\/milanobrush-sunny-beach-limituotos-serijos-plauku-sepetys\\\/#primaryimage\",\"url\":\"https:\\\/\\\/www.malinashop.lt\\\/wp-content\\\/uploads\\\/2025\\\/11\\\/sunny-beach.jpg\",\"contentUrl\":\"https:\\\/\\\/www.malinashop.lt\\\/wp-content\\\/uploads\\\/2025\\\/11\\\/sunny-beach.jpg\",\"width\":1000,\"height\":1000},{\"@type\":\"BreadcrumbList\",\"@id\":\"https:\\\/\\\/www.malinashop.lt\\\/en\\\/shop\\\/milanobrush-sunny-beach-limituotos-serijos-plauku-sepetys\\\/#breadcrumb\",\"itemListElement\":[{\"@type\":\"ListItem\",\"position\":1,\"name\":\"Pagrindinis\",\"item\":\"https:\\\/\\\/www.malinashop.lt\\\/\"},{\"@type\":\"ListItem\",\"position\":2,\"name\":\"Parduotuv\u0117\",\"item\":\"https:\\\/\\\/www.malinashop.lt\\\/en\\\/parduotuve\\\/\"},{\"@type\":\"ListItem\",\"position\":3,\"name\":\"MILANOBRUSH SUNNY BEACH limituotos serijos plauk\u0173 \u0161epetys\"}]},{\"@type\":\"WebSite\",\"@id\":\"https:\\\/\\\/www.malinashop.lt\\\/#website\",\"url\":\"https:\\\/\\\/www.malinashop.lt\\\/\",\"name\":\"COM Group Ecommerce\",\"description\":\"MalinaShop.lt - Gro\u017eio ir sveikatos produktai i\u0161 patikim\u0173 preki\u0173 \u017eenkl\u0173. Atraskite auk\u0161tos kokyb\u0117s kosmetik\u0105 u\u017e puiki\u0105 kain\u0105.\",\"publisher\":{\"@id\":\"https:\\\/\\\/www.malinashop.lt\\\/#organization\"},\"potentialAction\":[{\"@type\":\"SearchAction\",\"target\":{\"@type\":\"EntryPoint\",\"urlTemplate\":\"https:\\\/\\\/www.malinashop.lt\\\/?s={search_term_string}\"},\"query-input\":{\"@type\":\"PropertyValueSpecification\",\"valueRequired\":true,\"valueName\":\"search_term_string\"}}],\"inLanguage\":\"lt-LT\"},{\"@type\":\"Organization\",\"@id\":\"https:\\\/\\\/www.malinashop.lt\\\/#organization\",\"name\":\"COM Group Ecommerce\",\"url\":\"https:\\\/\\\/www.malinashop.lt\\\/\",\"logo\":{\"@type\":\"ImageObject\",\"inLanguage\":\"lt-LT\",\"@id\":\"https:\\\/\\\/www.malinashop.lt\\\/#\\\/schema\\\/logo\\\/image\\\/\",\"url\":\"https:\\\/\\\/www.malinashop.lt\\\/wp-content\\\/uploads\\\/2024\\\/08\\\/462559670_3787732518133670_9795632669273463_n-e1731525914575.png\",\"contentUrl\":\"https:\\\/\\\/www.malinashop.lt\\\/wp-content\\\/uploads\\\/2024\\\/08\\\/462559670_3787732518133670_9795632669273463_n-e1731525914575.png\",\"width\":180,\"height\":60,\"caption\":\"COM Group Ecommerce\"},\"image\":{\"@id\":\"https:\\\/\\\/www.malinashop.lt\\\/#\\\/schema\\\/logo\\\/image\\\/\"}}]}<\/script>\n<!-- \/ Yoast SEO plugin. -->","yoast_head_json":{"title":"MILANOBRUSH SUNNY BEACH limituotos serijos plauk\u0173 \u0161epetys - MalinaShop.lt J\u016bs\u0173 sveikatai ir gro\u017eiui.","description":"Universalus plauk\u0173 \u0161epetys sausiems ir dr\u0117gniems plaukams \u2013 \u0161velniai i\u0161narplioja, masa\u017euoja galvos od\u0105, suteikia \u017evilgesio ir tinka priauginamiems plaukams.","robots":{"index":"index","follow":"follow","max-snippet":"max-snippet:-1","max-image-preview":"max-image-preview:large","max-video-preview":"max-video-preview:-1"},"canonical":"https:\/\/www.malinashop.lt\/lt_lt\/shop\/milanobrush-sunny-beach-limituotos-serijos-plauku-sepetys\/","og_locale":"lt_LT","og_type":"article","og_title":"MILANOBRUSH SUNNY BEACH limituotos serijos plauk\u0173 \u0161epetys - MalinaShop.lt J\u016bs\u0173 sveikatai ir gro\u017eiui.","og_description":"Universalus plauk\u0173 \u0161epetys sausiems ir dr\u0117gniems plaukams \u2013 \u0161velniai i\u0161narplioja, masa\u017euoja galvos od\u0105, suteikia \u017evilgesio ir tinka priauginamiems plaukams.","og_url":"https:\/\/www.malinashop.lt\/lt_lt\/shop\/milanobrush-sunny-beach-limituotos-serijos-plauku-sepetys\/","og_site_name":"MalinaShop.lt J\u016bs\u0173 sveikatai ir gro\u017eiui.","article_modified_time":"2026-02-10T09:35:03+00:00","og_image":[{"width":1000,"height":1000,"url":"https:\/\/www.malinashop.lt\/wp-content\/uploads\/2025\/11\/sunny-beach.jpg","type":"image\/jpeg"}],"twitter_card":"summary_large_image","schema":{"@context":"https:\/\/schema.org","@graph":[{"@type":"WebPage","@id":"https:\/\/www.malinashop.lt\/en\/shop\/milanobrush-sunny-beach-limituotos-serijos-plauku-sepetys\/","url":"https:\/\/www.malinashop.lt\/en\/shop\/milanobrush-sunny-beach-limituotos-serijos-plauku-sepetys\/","name":"MILANOBRUSH SUNNY BEACH limituotos serijos plauk\u0173 \u0161epetys - MalinaShop.lt J\u016bs\u0173 sveikatai ir gro\u017eiui.","isPartOf":{"@id":"https:\/\/www.malinashop.lt\/#website"},"primaryImageOfPage":{"@id":"https:\/\/www.malinashop.lt\/en\/shop\/milanobrush-sunny-beach-limituotos-serijos-plauku-sepetys\/#primaryimage"},"image":{"@id":"https:\/\/www.malinashop.lt\/en\/shop\/milanobrush-sunny-beach-limituotos-serijos-plauku-sepetys\/#primaryimage"},"thumbnailUrl":"https:\/\/www.malinashop.lt\/wp-content\/uploads\/2025\/11\/sunny-beach.jpg","datePublished":"2025-11-24T15:29:09+00:00","dateModified":"2026-02-10T09:35:03+00:00","description":"Universalus plauk\u0173 \u0161epetys sausiems ir dr\u0117gniems plaukams \u2013 \u0161velniai i\u0161narplioja, masa\u017euoja galvos od\u0105, suteikia \u017evilgesio ir tinka priauginamiems plaukams.","breadcrumb":{"@id":"https:\/\/www.malinashop.lt\/en\/shop\/milanobrush-sunny-beach-limituotos-serijos-plauku-sepetys\/#breadcrumb"},"inLanguage":"lt-LT","potentialAction":[{"@type":"ReadAction","target":["https:\/\/www.malinashop.lt\/en\/shop\/milanobrush-sunny-beach-limituotos-serijos-plauku-sepetys\/"]}]},{"@type":"ImageObject","inLanguage":"lt-LT","@id":"https:\/\/www.malinashop.lt\/en\/shop\/milanobrush-sunny-beach-limituotos-serijos-plauku-sepetys\/#primaryimage","url":"https:\/\/www.malinashop.lt\/wp-content\/uploads\/2025\/11\/sunny-beach.jpg","contentUrl":"https:\/\/www.malinashop.lt\/wp-content\/uploads\/2025\/11\/sunny-beach.jpg","width":1000,"height":1000},{"@type":"BreadcrumbList","@id":"https:\/\/www.malinashop.lt\/en\/shop\/milanobrush-sunny-beach-limituotos-serijos-plauku-sepetys\/#breadcrumb","itemListElement":[{"@type":"ListItem","position":1,"name":"Pagrindinis","item":"https:\/\/www.malinashop.lt\/"},{"@type":"ListItem","position":2,"name":"Parduotuv\u0117","item":"https:\/\/www.malinashop.lt\/en\/parduotuve\/"},{"@type":"ListItem","position":3,"name":"MILANOBRUSH SUNNY BEACH limituotos serijos plauk\u0173 \u0161epetys"}]},{"@type":"WebSite","@id":"https:\/\/www.malinashop.lt\/#website","url":"https:\/\/www.malinashop.lt\/","name":"COM Group Ecommerce","description":"MalinaShop.lt - Gro\u017eio ir sveikatos produktai i\u0161 patikim\u0173 preki\u0173 \u017eenkl\u0173. Atraskite auk\u0161tos kokyb\u0117s kosmetik\u0105 u\u017e puiki\u0105 kain\u0105.","publisher":{"@id":"https:\/\/www.malinashop.lt\/#organization"},"potentialAction":[{"@type":"SearchAction","target":{"@type":"EntryPoint","urlTemplate":"https:\/\/www.malinashop.lt\/?s={search_term_string}"},"query-input":{"@type":"PropertyValueSpecification","valueRequired":true,"valueName":"search_term_string"}}],"inLanguage":"lt-LT"},{"@type":"Organization","@id":"https:\/\/www.malinashop.lt\/#organization","name":"COM Group Ecommerce","url":"https:\/\/www.malinashop.lt\/","logo":{"@type":"ImageObject","inLanguage":"lt-LT","@id":"https:\/\/www.malinashop.lt\/#\/schema\/logo\/image\/","url":"https:\/\/www.malinashop.lt\/wp-content\/uploads\/2024\/08\/462559670_3787732518133670_9795632669273463_n-e1731525914575.png","contentUrl":"https:\/\/www.malinashop.lt\/wp-content\/uploads\/2024\/08\/462559670_3787732518133670_9795632669273463_n-e1731525914575.png","width":180,"height":60,"caption":"COM Group Ecommerce"},"image":{"@id":"https:\/\/www.malinashop.lt\/#\/schema\/logo\/image\/"}}]}},"jetpack_sharing_enabled":true,"_links":{"self":[{"href":"https:\/\/www.malinashop.lt\/lt_lt\/wp-json\/wp\/v2\/product\/64579","targetHints":{"allow":["GET"]}}],"collection":[{"href":"https:\/\/www.malinashop.lt\/lt_lt\/wp-json\/wp\/v2\/product"}],"about":[{"href":"https:\/\/www.malinashop.lt\/lt_lt\/wp-json\/wp\/v2\/types\/product"}],"version-history":[{"count":2,"href":"https:\/\/www.malinashop.lt\/lt_lt\/wp-json\/wp\/v2\/product\/64579\/revisions"}],"predecessor-version":[{"id":73147,"href":"https:\/\/www.malinashop.lt\/lt_lt\/wp-json\/wp\/v2\/product\/64579\/revisions\/73147"}],"wp:featuredmedia":[{"embeddable":true,"href":"https:\/\/www.malinashop.lt\/lt_lt\/wp-json\/wp\/v2\/media\/64581"}],"wp:attachment":[{"href":"https:\/\/www.malinashop.lt\/lt_lt\/wp-json\/wp\/v2\/media?parent=64579"}],"wp:term":[{"taxonomy":"product_brand","embeddable":true,"href":"https:\/\/www.malinashop.lt\/lt_lt\/wp-json\/wp\/v2\/product_brand?post=64579"},{"taxonomy":"product_cat","embeddable":true,"href":"https:\/\/www.malinashop.lt\/lt_lt\/wp-json\/wp\/v2\/product_cat?post=64579"},{"taxonomy":"product_tag","embeddable":true,"href":"https:\/\/www.malinashop.lt\/lt_lt\/wp-json\/wp\/v2\/product_tag?post=64579"}],"curies":[{"name":"wp","href":"https:\/\/api.w.org\/{rel}","templated":true}]}}