{"id":64357,"date":"2025-11-24T18:27:30","date_gmt":"2025-11-24T15:27:30","guid":{"rendered":"https:\/\/malinashop.lt\/?post_type=product&#038;p=64357"},"modified":"2026-02-10T12:48:04","modified_gmt":"2026-02-10T09:48:04","slug":"paese-kreminis-bronzantas-12g","status":"publish","type":"product","link":"https:\/\/www.malinashop.lt\/lt_lt\/shop\/paese-kreminis-bronzantas-12g\/","title":{"rendered":"PAESE kreminis bronzantas 12g"},"content":{"rendered":"<div class=\"cs__product-section container\">\n<p data-start=\"32\" data-end=\"370\"><strong data-start=\"32\" data-end=\"115\">PAESE kreminis bronzantas \u2013 tolygiam kont\u016bravimui ir nat\u016braliam \u012fdegio efektui.<\/strong><br data-start=\"115\" data-end=\"118\" \/>\u0160is itin lengvos, kremin\u0117s tekst\u016bros bronzantas padeda sukurti nepriekai\u0161ting\u0105 veido kont\u016bravim\u0105 ir suteikia odai \u0161velniai \u012fdegus\u012f atspalv\u012f. Formul\u0117 lengvai pasiskirsto, nesub\u0117ga \u012f odos nelygumus ir leid\u017eia i\u0161gauti tiek subtil\u0173, tiek ry\u0161kesn\u012f efekt\u0105.<\/p>\n<p data-start=\"372\" data-end=\"646\">Bronzantas puikiai tinka kasdieniam makia\u017eui \u2013 jis lengvai susilieja su oda ir i\u0161lieka vis\u0105 dien\u0105. Naudokite kempin\u0117l\u0119, teptuk\u0105 arba pir\u0161tus, kad pary\u0161kintum\u0117te skruostikaulius, kaktos kra\u0161tus ir \u017eandikaulio linij\u0105. M\u0117gaukit\u0117s \u201esaul\u0117s nubu\u010diuotos\u201c odos efektu i\u0161tisus metus.<\/p>\n<p data-start=\"648\" data-end=\"663\"><strong data-start=\"648\" data-end=\"658\">T\u016bris:<\/strong> 12 g<\/p>\n<\/div>\n","protected":false},"excerpt":{"rendered":"<p data-start=\"706\" data-end=\"869\">PAESE kreminis bronzantas suteikia nat\u016bral\u0173 \u012fdegio efekt\u0105 ir leid\u017eia lengvai kont\u016bruoti veid\u0105. Lengva, kremin\u0117 tekst\u016bra tolygiai pasiskirsto ir i\u0161lieka vis\u0105 dien\u0105.<\/p>\n","protected":false},"featured_media":64359,"template":"","meta":[],"product_brand":[1534],"product_cat":[793,102],"product_tag":[1614],"class_list":{"0":"post-64357","1":"product","2":"type-product","3":"status-publish","4":"has-post-thumbnail","6":"product_brand-paese","7":"product_cat-bronzantai-2","8":"product_cat-dekoratyvine-kosmetika","9":"product_tag-paese","11":"first","12":"instock","13":"purchasable","14":"product-type-simple"},"yoast_head":"<!-- This site is optimized with the Yoast SEO plugin v27.4 - https:\/\/yoast.com\/product\/yoast-seo-wordpress\/ -->\n<title>PAESE kreminis bronzantas 12g - MalinaShop.lt J\u016bs\u0173 sveikatai ir gro\u017eiui.<\/title>\n<meta name=\"description\" content=\"PAESE kreminis bronzantas \u2013 lengvos tekst\u016bros priemon\u0117 tolygiam kont\u016bravimui ir nat\u016braliam \u012fdegio efektui. Ilgai i\u0161liekantis, lengvai dengiamas.\" \/>\n<meta name=\"robots\" content=\"index, follow, max-snippet:-1, max-image-preview:large, max-video-preview:-1\" \/>\n<link rel=\"canonical\" href=\"https:\/\/www.malinashop.lt\/lt_lt\/shop\/paese-kreminis-bronzantas-12g\/\" \/>\n<meta property=\"og:locale\" content=\"lt_LT\" \/>\n<meta property=\"og:type\" content=\"article\" \/>\n<meta property=\"og:title\" content=\"PAESE kreminis bronzantas 12g - MalinaShop.lt J\u016bs\u0173 sveikatai ir gro\u017eiui.\" \/>\n<meta property=\"og:description\" content=\"PAESE kreminis bronzantas \u2013 lengvos tekst\u016bros priemon\u0117 tolygiam kont\u016bravimui ir nat\u016braliam \u012fdegio efektui. Ilgai i\u0161liekantis, lengvai dengiamas.\" \/>\n<meta property=\"og:url\" content=\"https:\/\/www.malinashop.lt\/lt_lt\/shop\/paese-kreminis-bronzantas-12g\/\" \/>\n<meta property=\"og:site_name\" content=\"MalinaShop.lt J\u016bs\u0173 sveikatai ir gro\u017eiui.\" \/>\n<meta property=\"article:modified_time\" content=\"2026-02-10T09:48:04+00:00\" \/>\n<meta property=\"og:image\" content=\"https:\/\/www.malinashop.lt\/wp-content\/uploads\/2025\/11\/paese-kreminis-bronzantas.jpg\" \/>\n\t<meta property=\"og:image:width\" content=\"1000\" \/>\n\t<meta property=\"og:image:height\" content=\"1000\" \/>\n\t<meta property=\"og:image:type\" content=\"image\/jpeg\" \/>\n<meta name=\"twitter:card\" content=\"summary_large_image\" \/>\n<script type=\"application\/ld+json\" class=\"yoast-schema-graph\">{\"@context\":\"https:\\\/\\\/schema.org\",\"@graph\":[{\"@type\":\"WebPage\",\"@id\":\"https:\\\/\\\/www.malinashop.lt\\\/shop\\\/paese-kreminis-bronzantas-12g\\\/\",\"url\":\"https:\\\/\\\/www.malinashop.lt\\\/shop\\\/paese-kreminis-bronzantas-12g\\\/\",\"name\":\"PAESE kreminis bronzantas 12g - MalinaShop.lt J\u016bs\u0173 sveikatai ir gro\u017eiui.\",\"isPartOf\":{\"@id\":\"https:\\\/\\\/www.malinashop.lt\\\/#website\"},\"primaryImageOfPage\":{\"@id\":\"https:\\\/\\\/www.malinashop.lt\\\/shop\\\/paese-kreminis-bronzantas-12g\\\/#primaryimage\"},\"image\":{\"@id\":\"https:\\\/\\\/www.malinashop.lt\\\/shop\\\/paese-kreminis-bronzantas-12g\\\/#primaryimage\"},\"thumbnailUrl\":\"https:\\\/\\\/www.malinashop.lt\\\/wp-content\\\/uploads\\\/2025\\\/11\\\/paese-kreminis-bronzantas.jpg\",\"datePublished\":\"2025-11-24T15:27:30+00:00\",\"dateModified\":\"2026-02-10T09:48:04+00:00\",\"description\":\"PAESE kreminis bronzantas \u2013 lengvos tekst\u016bros priemon\u0117 tolygiam kont\u016bravimui ir nat\u016braliam \u012fdegio efektui. Ilgai i\u0161liekantis, lengvai dengiamas.\",\"breadcrumb\":{\"@id\":\"https:\\\/\\\/www.malinashop.lt\\\/shop\\\/paese-kreminis-bronzantas-12g\\\/#breadcrumb\"},\"inLanguage\":\"lt-LT\",\"potentialAction\":[{\"@type\":\"ReadAction\",\"target\":[\"https:\\\/\\\/www.malinashop.lt\\\/shop\\\/paese-kreminis-bronzantas-12g\\\/\"]}]},{\"@type\":\"ImageObject\",\"inLanguage\":\"lt-LT\",\"@id\":\"https:\\\/\\\/www.malinashop.lt\\\/shop\\\/paese-kreminis-bronzantas-12g\\\/#primaryimage\",\"url\":\"https:\\\/\\\/www.malinashop.lt\\\/wp-content\\\/uploads\\\/2025\\\/11\\\/paese-kreminis-bronzantas.jpg\",\"contentUrl\":\"https:\\\/\\\/www.malinashop.lt\\\/wp-content\\\/uploads\\\/2025\\\/11\\\/paese-kreminis-bronzantas.jpg\",\"width\":1000,\"height\":1000},{\"@type\":\"BreadcrumbList\",\"@id\":\"https:\\\/\\\/www.malinashop.lt\\\/shop\\\/paese-kreminis-bronzantas-12g\\\/#breadcrumb\",\"itemListElement\":[{\"@type\":\"ListItem\",\"position\":1,\"name\":\"Pagrindinis\",\"item\":\"https:\\\/\\\/www.malinashop.lt\\\/\"},{\"@type\":\"ListItem\",\"position\":2,\"name\":\"Parduotuv\u0117\",\"item\":\"https:\\\/\\\/www.malinashop.lt\\\/en\\\/parduotuve\\\/\"},{\"@type\":\"ListItem\",\"position\":3,\"name\":\"PAESE kreminis bronzantas 12g\"}]},{\"@type\":\"WebSite\",\"@id\":\"https:\\\/\\\/www.malinashop.lt\\\/#website\",\"url\":\"https:\\\/\\\/www.malinashop.lt\\\/\",\"name\":\"COM Group Ecommerce\",\"description\":\"MalinaShop.lt - Gro\u017eio ir sveikatos produktai i\u0161 patikim\u0173 preki\u0173 \u017eenkl\u0173. Atraskite auk\u0161tos kokyb\u0117s kosmetik\u0105 u\u017e puiki\u0105 kain\u0105.\",\"publisher\":{\"@id\":\"https:\\\/\\\/www.malinashop.lt\\\/#organization\"},\"potentialAction\":[{\"@type\":\"SearchAction\",\"target\":{\"@type\":\"EntryPoint\",\"urlTemplate\":\"https:\\\/\\\/www.malinashop.lt\\\/?s={search_term_string}\"},\"query-input\":{\"@type\":\"PropertyValueSpecification\",\"valueRequired\":true,\"valueName\":\"search_term_string\"}}],\"inLanguage\":\"lt-LT\"},{\"@type\":\"Organization\",\"@id\":\"https:\\\/\\\/www.malinashop.lt\\\/#organization\",\"name\":\"COM Group Ecommerce\",\"url\":\"https:\\\/\\\/www.malinashop.lt\\\/\",\"logo\":{\"@type\":\"ImageObject\",\"inLanguage\":\"lt-LT\",\"@id\":\"https:\\\/\\\/www.malinashop.lt\\\/#\\\/schema\\\/logo\\\/image\\\/\",\"url\":\"https:\\\/\\\/www.malinashop.lt\\\/wp-content\\\/uploads\\\/2024\\\/08\\\/462559670_3787732518133670_9795632669273463_n-e1731525914575.png\",\"contentUrl\":\"https:\\\/\\\/www.malinashop.lt\\\/wp-content\\\/uploads\\\/2024\\\/08\\\/462559670_3787732518133670_9795632669273463_n-e1731525914575.png\",\"width\":180,\"height\":60,\"caption\":\"COM Group Ecommerce\"},\"image\":{\"@id\":\"https:\\\/\\\/www.malinashop.lt\\\/#\\\/schema\\\/logo\\\/image\\\/\"}}]}<\/script>\n<!-- \/ Yoast SEO plugin. -->","yoast_head_json":{"title":"PAESE kreminis bronzantas 12g - MalinaShop.lt J\u016bs\u0173 sveikatai ir gro\u017eiui.","description":"PAESE kreminis bronzantas \u2013 lengvos tekst\u016bros priemon\u0117 tolygiam kont\u016bravimui ir nat\u016braliam \u012fdegio efektui. Ilgai i\u0161liekantis, lengvai dengiamas.","robots":{"index":"index","follow":"follow","max-snippet":"max-snippet:-1","max-image-preview":"max-image-preview:large","max-video-preview":"max-video-preview:-1"},"canonical":"https:\/\/www.malinashop.lt\/lt_lt\/shop\/paese-kreminis-bronzantas-12g\/","og_locale":"lt_LT","og_type":"article","og_title":"PAESE kreminis bronzantas 12g - MalinaShop.lt J\u016bs\u0173 sveikatai ir gro\u017eiui.","og_description":"PAESE kreminis bronzantas \u2013 lengvos tekst\u016bros priemon\u0117 tolygiam kont\u016bravimui ir nat\u016braliam \u012fdegio efektui. Ilgai i\u0161liekantis, lengvai dengiamas.","og_url":"https:\/\/www.malinashop.lt\/lt_lt\/shop\/paese-kreminis-bronzantas-12g\/","og_site_name":"MalinaShop.lt J\u016bs\u0173 sveikatai ir gro\u017eiui.","article_modified_time":"2026-02-10T09:48:04+00:00","og_image":[{"width":1000,"height":1000,"url":"https:\/\/www.malinashop.lt\/wp-content\/uploads\/2025\/11\/paese-kreminis-bronzantas.jpg","type":"image\/jpeg"}],"twitter_card":"summary_large_image","schema":{"@context":"https:\/\/schema.org","@graph":[{"@type":"WebPage","@id":"https:\/\/www.malinashop.lt\/shop\/paese-kreminis-bronzantas-12g\/","url":"https:\/\/www.malinashop.lt\/shop\/paese-kreminis-bronzantas-12g\/","name":"PAESE kreminis bronzantas 12g - MalinaShop.lt J\u016bs\u0173 sveikatai ir gro\u017eiui.","isPartOf":{"@id":"https:\/\/www.malinashop.lt\/#website"},"primaryImageOfPage":{"@id":"https:\/\/www.malinashop.lt\/shop\/paese-kreminis-bronzantas-12g\/#primaryimage"},"image":{"@id":"https:\/\/www.malinashop.lt\/shop\/paese-kreminis-bronzantas-12g\/#primaryimage"},"thumbnailUrl":"https:\/\/www.malinashop.lt\/wp-content\/uploads\/2025\/11\/paese-kreminis-bronzantas.jpg","datePublished":"2025-11-24T15:27:30+00:00","dateModified":"2026-02-10T09:48:04+00:00","description":"PAESE kreminis bronzantas \u2013 lengvos tekst\u016bros priemon\u0117 tolygiam kont\u016bravimui ir nat\u016braliam \u012fdegio efektui. Ilgai i\u0161liekantis, lengvai dengiamas.","breadcrumb":{"@id":"https:\/\/www.malinashop.lt\/shop\/paese-kreminis-bronzantas-12g\/#breadcrumb"},"inLanguage":"lt-LT","potentialAction":[{"@type":"ReadAction","target":["https:\/\/www.malinashop.lt\/shop\/paese-kreminis-bronzantas-12g\/"]}]},{"@type":"ImageObject","inLanguage":"lt-LT","@id":"https:\/\/www.malinashop.lt\/shop\/paese-kreminis-bronzantas-12g\/#primaryimage","url":"https:\/\/www.malinashop.lt\/wp-content\/uploads\/2025\/11\/paese-kreminis-bronzantas.jpg","contentUrl":"https:\/\/www.malinashop.lt\/wp-content\/uploads\/2025\/11\/paese-kreminis-bronzantas.jpg","width":1000,"height":1000},{"@type":"BreadcrumbList","@id":"https:\/\/www.malinashop.lt\/shop\/paese-kreminis-bronzantas-12g\/#breadcrumb","itemListElement":[{"@type":"ListItem","position":1,"name":"Pagrindinis","item":"https:\/\/www.malinashop.lt\/"},{"@type":"ListItem","position":2,"name":"Parduotuv\u0117","item":"https:\/\/www.malinashop.lt\/en\/parduotuve\/"},{"@type":"ListItem","position":3,"name":"PAESE kreminis bronzantas 12g"}]},{"@type":"WebSite","@id":"https:\/\/www.malinashop.lt\/#website","url":"https:\/\/www.malinashop.lt\/","name":"COM Group Ecommerce","description":"MalinaShop.lt - Gro\u017eio ir sveikatos produktai i\u0161 patikim\u0173 preki\u0173 \u017eenkl\u0173. Atraskite auk\u0161tos kokyb\u0117s kosmetik\u0105 u\u017e puiki\u0105 kain\u0105.","publisher":{"@id":"https:\/\/www.malinashop.lt\/#organization"},"potentialAction":[{"@type":"SearchAction","target":{"@type":"EntryPoint","urlTemplate":"https:\/\/www.malinashop.lt\/?s={search_term_string}"},"query-input":{"@type":"PropertyValueSpecification","valueRequired":true,"valueName":"search_term_string"}}],"inLanguage":"lt-LT"},{"@type":"Organization","@id":"https:\/\/www.malinashop.lt\/#organization","name":"COM Group Ecommerce","url":"https:\/\/www.malinashop.lt\/","logo":{"@type":"ImageObject","inLanguage":"lt-LT","@id":"https:\/\/www.malinashop.lt\/#\/schema\/logo\/image\/","url":"https:\/\/www.malinashop.lt\/wp-content\/uploads\/2024\/08\/462559670_3787732518133670_9795632669273463_n-e1731525914575.png","contentUrl":"https:\/\/www.malinashop.lt\/wp-content\/uploads\/2024\/08\/462559670_3787732518133670_9795632669273463_n-e1731525914575.png","width":180,"height":60,"caption":"COM Group Ecommerce"},"image":{"@id":"https:\/\/www.malinashop.lt\/#\/schema\/logo\/image\/"}}]}},"jetpack_sharing_enabled":true,"_links":{"self":[{"href":"https:\/\/www.malinashop.lt\/lt_lt\/wp-json\/wp\/v2\/product\/64357","targetHints":{"allow":["GET"]}}],"collection":[{"href":"https:\/\/www.malinashop.lt\/lt_lt\/wp-json\/wp\/v2\/product"}],"about":[{"href":"https:\/\/www.malinashop.lt\/lt_lt\/wp-json\/wp\/v2\/types\/product"}],"version-history":[{"count":2,"href":"https:\/\/www.malinashop.lt\/lt_lt\/wp-json\/wp\/v2\/product\/64357\/revisions"}],"predecessor-version":[{"id":72247,"href":"https:\/\/www.malinashop.lt\/lt_lt\/wp-json\/wp\/v2\/product\/64357\/revisions\/72247"}],"wp:featuredmedia":[{"embeddable":true,"href":"https:\/\/www.malinashop.lt\/lt_lt\/wp-json\/wp\/v2\/media\/64359"}],"wp:attachment":[{"href":"https:\/\/www.malinashop.lt\/lt_lt\/wp-json\/wp\/v2\/media?parent=64357"}],"wp:term":[{"taxonomy":"product_brand","embeddable":true,"href":"https:\/\/www.malinashop.lt\/lt_lt\/wp-json\/wp\/v2\/product_brand?post=64357"},{"taxonomy":"product_cat","embeddable":true,"href":"https:\/\/www.malinashop.lt\/lt_lt\/wp-json\/wp\/v2\/product_cat?post=64357"},{"taxonomy":"product_tag","embeddable":true,"href":"https:\/\/www.malinashop.lt\/lt_lt\/wp-json\/wp\/v2\/product_tag?post=64357"}],"curies":[{"name":"wp","href":"https:\/\/api.w.org\/{rel}","templated":true}]}}