{"id":64309,"date":"2025-11-24T18:27:14","date_gmt":"2025-11-24T15:27:14","guid":{"rendered":"https:\/\/malinashop.lt\/?post_type=product&#038;p=64309"},"modified":"2025-12-12T17:38:07","modified_gmt":"2025-12-12T14:38:07","slug":"xiaomi-oclean-w02-baltos-spalvos-elektrinio-dantu-sepetelio-galvutes-2-vnt","status":"publish","type":"product","link":"https:\/\/www.malinashop.lt\/lt_lt\/shop\/xiaomi-oclean-w02-baltos-spalvos-elektrinio-dantu-sepetelio-galvutes-2-vnt\/","title":{"rendered":"XIAOMI OCLEAN W02 baltos spalvos elektrinio dant\u0173 \u0161epet\u0117lio galvut\u0117s, 2 vnt."},"content":{"rendered":"<p data-start=\"110\" data-end=\"421\"><strong data-start=\"110\" data-end=\"167\">XIAOMI OCLEAN W02 elektrinio dant\u0173 \u0161epet\u0117lio galvut\u0117s<\/strong> \u2013 tai auk\u0161tos kokyb\u0117s pakaitin\u0117s galvut\u0117s, sukurtos efektyviai ir \u0161velniai kasdienei burnos higienai. Jos yra <strong data-start=\"278\" data-end=\"356\">visi\u0161kai suderinamos su visais Oclean elektrini\u0173 dant\u0173 \u0161epet\u0117li\u0173 modeliais<\/strong>, tod\u0117l puikiai tinka kaip universalus pasirinkimas visai \u0161eimai.<\/p>\n<p data-start=\"423\" data-end=\"686\">Galvut\u0117se naudojami <strong data-start=\"443\" data-end=\"472\">\u201eDuPont\u201c nailono \u0161ereliai<\/strong>, pasi\u017eymintys dideliu lankstumu ir ilgaam\u017ei\u0161kumu. Jie padeda palaikyti optimal\u0173 vibracijos greit\u012f, leid\u017eiant\u012f efektyviai pa\u0161alinti apna\u0161as net sunkiai pasiekiamose vietose, tuo pa\u010diu i\u0161liekant \u0161velniems dantenoms.<\/p>\n<p data-start=\"688\" data-end=\"865\">Reguliariai kei\u010diant dant\u0173 \u0161epet\u0117lio galvutes, u\u017etikrinama ne tik geresn\u0117 dant\u0173 \u0161vara, bet ir sveikesn\u0117 burnos ertm\u0117. <strong data-start=\"806\" data-end=\"820\">Oclean W02<\/strong> \u2013 patikimas sprendimas kasdienei prie\u017ei\u016brai.<\/p>\n<p data-start=\"867\" data-end=\"892\"><strong data-start=\"867\" data-end=\"892\">Technin\u0117 informacija:<\/strong><\/p>\n<ul data-start=\"893\" data-end=\"1027\">\n<li data-start=\"893\" data-end=\"916\">\n<p data-start=\"895\" data-end=\"916\">Komplektacija: 2 vnt.<\/p>\n<\/li>\n<li data-start=\"917\" data-end=\"981\">\n<p data-start=\"919\" data-end=\"981\">Suderinamumas: visi Oclean elektrini\u0173 dant\u0173 \u0161epet\u0117li\u0173 modeliai<\/p>\n<\/li>\n<li data-start=\"982\" data-end=\"1011\">\n<p data-start=\"984\" data-end=\"1011\">\u0160ereliai: \u201eDuPont\u201c nailonas<\/p>\n<\/li>\n<li data-start=\"1012\" data-end=\"1027\">\n<p data-start=\"1014\" data-end=\"1027\">Spalva: balta<\/p>\n<\/li>\n<\/ul>\n","protected":false},"excerpt":{"rendered":"<p data-start=\"1065\" data-end=\"1253\">Universalios <strong data-start=\"1078\" data-end=\"1099\">XIAOMI OCLEAN W02<\/strong> pakaitin\u0117s galvut\u0117s su \u201eDuPont\u201c nailono \u0161ereliais, tinkamos visiems Oclean elektriniams dant\u0173 \u0161epet\u0117liams. Efektyvus ir \u0161velnus apna\u0161\u0173 valymas kasdienai.<\/p>\n","protected":false},"featured_media":64311,"template":"","meta":[],"product_brand":[1536],"product_cat":[1569],"product_tag":[],"class_list":{"0":"post-64309","1":"product","2":"type-product","3":"status-publish","4":"has-post-thumbnail","6":"product_brand-oclean","7":"product_cat-burnos-higiena","9":"first","10":"instock","11":"purchasable","12":"product-type-simple"},"yoast_head":"<!-- This site is optimized with the Yoast SEO plugin v27.4 - https:\/\/yoast.com\/product\/yoast-seo-wordpress\/ -->\n<title>XIAOMI OCLEAN W02 baltos spalvos elektrinio dant\u0173 \u0161epet\u0117lio galvut\u0117s, 2 vnt. - MalinaShop.lt J\u016bs\u0173 sveikatai ir gro\u017eiui.<\/title>\n<meta name=\"description\" content=\"XIAOMI OCLEAN W02 elektrinio dant\u0173 \u0161epet\u0117lio galvut\u0117s (2 vnt.) \u2013 suderinamos su visais Oclean modeliais, \u201eDuPont\u201c \u0161ereliai, efektyvus apna\u0161\u0173 \u0161alinimas.\" \/>\n<meta name=\"robots\" content=\"index, follow, max-snippet:-1, max-image-preview:large, max-video-preview:-1\" \/>\n<link rel=\"canonical\" href=\"https:\/\/www.malinashop.lt\/lt_lt\/shop\/xiaomi-oclean-w02-baltos-spalvos-elektrinio-dantu-sepetelio-galvutes-2-vnt\/\" \/>\n<meta property=\"og:locale\" content=\"lt_LT\" \/>\n<meta property=\"og:type\" content=\"article\" \/>\n<meta property=\"og:title\" content=\"XIAOMI OCLEAN W02 baltos spalvos elektrinio dant\u0173 \u0161epet\u0117lio galvut\u0117s, 2 vnt. - MalinaShop.lt J\u016bs\u0173 sveikatai ir gro\u017eiui.\" \/>\n<meta property=\"og:description\" content=\"XIAOMI OCLEAN W02 elektrinio dant\u0173 \u0161epet\u0117lio galvut\u0117s (2 vnt.) \u2013 suderinamos su visais Oclean modeliais, \u201eDuPont\u201c \u0161ereliai, efektyvus apna\u0161\u0173 \u0161alinimas.\" \/>\n<meta property=\"og:url\" content=\"https:\/\/www.malinashop.lt\/lt_lt\/shop\/xiaomi-oclean-w02-baltos-spalvos-elektrinio-dantu-sepetelio-galvutes-2-vnt\/\" \/>\n<meta property=\"og:site_name\" content=\"MalinaShop.lt J\u016bs\u0173 sveikatai ir gro\u017eiui.\" \/>\n<meta property=\"article:modified_time\" content=\"2025-12-12T14:38:07+00:00\" \/>\n<meta property=\"og:image\" content=\"https:\/\/www.malinashop.lt\/wp-content\/uploads\/2025\/11\/xiaomi-oclean-p1s12-w02-electric-toothbrush-gum-care-head-2pcs-white.jpg\" \/>\n\t<meta property=\"og:image:width\" content=\"445\" \/>\n\t<meta property=\"og:image:height\" content=\"445\" \/>\n\t<meta property=\"og:image:type\" content=\"image\/jpeg\" \/>\n<meta name=\"twitter:card\" content=\"summary_large_image\" \/>\n<script type=\"application\/ld+json\" class=\"yoast-schema-graph\">{\"@context\":\"https:\\\/\\\/schema.org\",\"@graph\":[{\"@type\":\"WebPage\",\"@id\":\"https:\\\/\\\/www.malinashop.lt\\\/en\\\/shop\\\/xiaomi-oclean-w02-baltos-spalvos-elektrinio-dantu-sepetelio-galvutes-2-vnt\\\/\",\"url\":\"https:\\\/\\\/www.malinashop.lt\\\/en\\\/shop\\\/xiaomi-oclean-w02-baltos-spalvos-elektrinio-dantu-sepetelio-galvutes-2-vnt\\\/\",\"name\":\"XIAOMI OCLEAN W02 baltos spalvos elektrinio dant\u0173 \u0161epet\u0117lio galvut\u0117s, 2 vnt. - MalinaShop.lt J\u016bs\u0173 sveikatai ir gro\u017eiui.\",\"isPartOf\":{\"@id\":\"https:\\\/\\\/www.malinashop.lt\\\/en\\\/#website\"},\"primaryImageOfPage\":{\"@id\":\"https:\\\/\\\/www.malinashop.lt\\\/en\\\/shop\\\/xiaomi-oclean-w02-baltos-spalvos-elektrinio-dantu-sepetelio-galvutes-2-vnt\\\/#primaryimage\"},\"image\":{\"@id\":\"https:\\\/\\\/www.malinashop.lt\\\/en\\\/shop\\\/xiaomi-oclean-w02-baltos-spalvos-elektrinio-dantu-sepetelio-galvutes-2-vnt\\\/#primaryimage\"},\"thumbnailUrl\":\"https:\\\/\\\/www.malinashop.lt\\\/wp-content\\\/uploads\\\/2025\\\/11\\\/xiaomi-oclean-p1s12-w02-electric-toothbrush-gum-care-head-2pcs-white.jpg\",\"datePublished\":\"2025-11-24T15:27:14+00:00\",\"dateModified\":\"2025-12-12T14:38:07+00:00\",\"description\":\"XIAOMI OCLEAN W02 elektrinio dant\u0173 \u0161epet\u0117lio galvut\u0117s (2 vnt.) \u2013 suderinamos su visais Oclean modeliais, \u201eDuPont\u201c \u0161ereliai, efektyvus apna\u0161\u0173 \u0161alinimas.\",\"breadcrumb\":{\"@id\":\"https:\\\/\\\/www.malinashop.lt\\\/en\\\/shop\\\/xiaomi-oclean-w02-baltos-spalvos-elektrinio-dantu-sepetelio-galvutes-2-vnt\\\/#breadcrumb\"},\"inLanguage\":\"lt-LT\",\"potentialAction\":[{\"@type\":\"ReadAction\",\"target\":[\"https:\\\/\\\/www.malinashop.lt\\\/en\\\/shop\\\/xiaomi-oclean-w02-baltos-spalvos-elektrinio-dantu-sepetelio-galvutes-2-vnt\\\/\"]}]},{\"@type\":\"ImageObject\",\"inLanguage\":\"lt-LT\",\"@id\":\"https:\\\/\\\/www.malinashop.lt\\\/en\\\/shop\\\/xiaomi-oclean-w02-baltos-spalvos-elektrinio-dantu-sepetelio-galvutes-2-vnt\\\/#primaryimage\",\"url\":\"https:\\\/\\\/www.malinashop.lt\\\/wp-content\\\/uploads\\\/2025\\\/11\\\/xiaomi-oclean-p1s12-w02-electric-toothbrush-gum-care-head-2pcs-white.jpg\",\"contentUrl\":\"https:\\\/\\\/www.malinashop.lt\\\/wp-content\\\/uploads\\\/2025\\\/11\\\/xiaomi-oclean-p1s12-w02-electric-toothbrush-gum-care-head-2pcs-white.jpg\",\"width\":445,\"height\":445},{\"@type\":\"BreadcrumbList\",\"@id\":\"https:\\\/\\\/www.malinashop.lt\\\/en\\\/shop\\\/xiaomi-oclean-w02-baltos-spalvos-elektrinio-dantu-sepetelio-galvutes-2-vnt\\\/#breadcrumb\",\"itemListElement\":[{\"@type\":\"ListItem\",\"position\":1,\"name\":\"Home\",\"item\":\"https:\\\/\\\/www.malinashop.lt\\\/en\\\/\"},{\"@type\":\"ListItem\",\"position\":2,\"name\":\"Parduotuv\u0117\",\"item\":\"https:\\\/\\\/www.malinashop.lt\\\/en\\\/parduotuve\\\/\"},{\"@type\":\"ListItem\",\"position\":3,\"name\":\"XIAOMI OCLEAN W02 baltos spalvos elektrinio dant\u0173 \u0161epet\u0117lio galvut\u0117s, 2 vnt.\"}]},{\"@type\":\"WebSite\",\"@id\":\"https:\\\/\\\/www.malinashop.lt\\\/en\\\/#website\",\"url\":\"https:\\\/\\\/www.malinashop.lt\\\/en\\\/\",\"name\":\"COM Group Ecommerce\",\"description\":\"MalinaShop.lt - Gro\u017eio ir sveikatos produktai i\u0161 patikim\u0173 preki\u0173 \u017eenkl\u0173. Atraskite auk\u0161tos kokyb\u0117s kosmetik\u0105 u\u017e puiki\u0105 kain\u0105.\",\"publisher\":{\"@id\":\"https:\\\/\\\/www.malinashop.lt\\\/en\\\/#organization\"},\"potentialAction\":[{\"@type\":\"SearchAction\",\"target\":{\"@type\":\"EntryPoint\",\"urlTemplate\":\"https:\\\/\\\/www.malinashop.lt\\\/en\\\/?s={search_term_string}\"},\"query-input\":{\"@type\":\"PropertyValueSpecification\",\"valueRequired\":true,\"valueName\":\"search_term_string\"}}],\"inLanguage\":\"lt-LT\"},{\"@type\":\"Organization\",\"@id\":\"https:\\\/\\\/www.malinashop.lt\\\/en\\\/#organization\",\"name\":\"COM Group Ecommerce\",\"url\":\"https:\\\/\\\/www.malinashop.lt\\\/en\\\/\",\"logo\":{\"@type\":\"ImageObject\",\"inLanguage\":\"lt-LT\",\"@id\":\"https:\\\/\\\/www.malinashop.lt\\\/en\\\/#\\\/schema\\\/logo\\\/image\\\/\",\"url\":\"https:\\\/\\\/www.malinashop.lt\\\/wp-content\\\/uploads\\\/2024\\\/08\\\/462559670_3787732518133670_9795632669273463_n-e1731525914575.png\",\"contentUrl\":\"https:\\\/\\\/www.malinashop.lt\\\/wp-content\\\/uploads\\\/2024\\\/08\\\/462559670_3787732518133670_9795632669273463_n-e1731525914575.png\",\"width\":180,\"height\":60,\"caption\":\"COM Group Ecommerce\"},\"image\":{\"@id\":\"https:\\\/\\\/www.malinashop.lt\\\/en\\\/#\\\/schema\\\/logo\\\/image\\\/\"}}]}<\/script>\n<!-- \/ Yoast SEO plugin. -->","yoast_head_json":{"title":"XIAOMI OCLEAN W02 baltos spalvos elektrinio dant\u0173 \u0161epet\u0117lio galvut\u0117s, 2 vnt. - MalinaShop.lt J\u016bs\u0173 sveikatai ir gro\u017eiui.","description":"XIAOMI OCLEAN W02 elektrinio dant\u0173 \u0161epet\u0117lio galvut\u0117s (2 vnt.) \u2013 suderinamos su visais Oclean modeliais, \u201eDuPont\u201c \u0161ereliai, efektyvus apna\u0161\u0173 \u0161alinimas.","robots":{"index":"index","follow":"follow","max-snippet":"max-snippet:-1","max-image-preview":"max-image-preview:large","max-video-preview":"max-video-preview:-1"},"canonical":"https:\/\/www.malinashop.lt\/lt_lt\/shop\/xiaomi-oclean-w02-baltos-spalvos-elektrinio-dantu-sepetelio-galvutes-2-vnt\/","og_locale":"lt_LT","og_type":"article","og_title":"XIAOMI OCLEAN W02 baltos spalvos elektrinio dant\u0173 \u0161epet\u0117lio galvut\u0117s, 2 vnt. - MalinaShop.lt J\u016bs\u0173 sveikatai ir gro\u017eiui.","og_description":"XIAOMI OCLEAN W02 elektrinio dant\u0173 \u0161epet\u0117lio galvut\u0117s (2 vnt.) \u2013 suderinamos su visais Oclean modeliais, \u201eDuPont\u201c \u0161ereliai, efektyvus apna\u0161\u0173 \u0161alinimas.","og_url":"https:\/\/www.malinashop.lt\/lt_lt\/shop\/xiaomi-oclean-w02-baltos-spalvos-elektrinio-dantu-sepetelio-galvutes-2-vnt\/","og_site_name":"MalinaShop.lt J\u016bs\u0173 sveikatai ir gro\u017eiui.","article_modified_time":"2025-12-12T14:38:07+00:00","og_image":[{"width":445,"height":445,"url":"https:\/\/www.malinashop.lt\/wp-content\/uploads\/2025\/11\/xiaomi-oclean-p1s12-w02-electric-toothbrush-gum-care-head-2pcs-white.jpg","type":"image\/jpeg"}],"twitter_card":"summary_large_image","schema":{"@context":"https:\/\/schema.org","@graph":[{"@type":"WebPage","@id":"https:\/\/www.malinashop.lt\/en\/shop\/xiaomi-oclean-w02-baltos-spalvos-elektrinio-dantu-sepetelio-galvutes-2-vnt\/","url":"https:\/\/www.malinashop.lt\/en\/shop\/xiaomi-oclean-w02-baltos-spalvos-elektrinio-dantu-sepetelio-galvutes-2-vnt\/","name":"XIAOMI OCLEAN W02 baltos spalvos elektrinio dant\u0173 \u0161epet\u0117lio galvut\u0117s, 2 vnt. - MalinaShop.lt J\u016bs\u0173 sveikatai ir gro\u017eiui.","isPartOf":{"@id":"https:\/\/www.malinashop.lt\/en\/#website"},"primaryImageOfPage":{"@id":"https:\/\/www.malinashop.lt\/en\/shop\/xiaomi-oclean-w02-baltos-spalvos-elektrinio-dantu-sepetelio-galvutes-2-vnt\/#primaryimage"},"image":{"@id":"https:\/\/www.malinashop.lt\/en\/shop\/xiaomi-oclean-w02-baltos-spalvos-elektrinio-dantu-sepetelio-galvutes-2-vnt\/#primaryimage"},"thumbnailUrl":"https:\/\/www.malinashop.lt\/wp-content\/uploads\/2025\/11\/xiaomi-oclean-p1s12-w02-electric-toothbrush-gum-care-head-2pcs-white.jpg","datePublished":"2025-11-24T15:27:14+00:00","dateModified":"2025-12-12T14:38:07+00:00","description":"XIAOMI OCLEAN W02 elektrinio dant\u0173 \u0161epet\u0117lio galvut\u0117s (2 vnt.) \u2013 suderinamos su visais Oclean modeliais, \u201eDuPont\u201c \u0161ereliai, efektyvus apna\u0161\u0173 \u0161alinimas.","breadcrumb":{"@id":"https:\/\/www.malinashop.lt\/en\/shop\/xiaomi-oclean-w02-baltos-spalvos-elektrinio-dantu-sepetelio-galvutes-2-vnt\/#breadcrumb"},"inLanguage":"lt-LT","potentialAction":[{"@type":"ReadAction","target":["https:\/\/www.malinashop.lt\/en\/shop\/xiaomi-oclean-w02-baltos-spalvos-elektrinio-dantu-sepetelio-galvutes-2-vnt\/"]}]},{"@type":"ImageObject","inLanguage":"lt-LT","@id":"https:\/\/www.malinashop.lt\/en\/shop\/xiaomi-oclean-w02-baltos-spalvos-elektrinio-dantu-sepetelio-galvutes-2-vnt\/#primaryimage","url":"https:\/\/www.malinashop.lt\/wp-content\/uploads\/2025\/11\/xiaomi-oclean-p1s12-w02-electric-toothbrush-gum-care-head-2pcs-white.jpg","contentUrl":"https:\/\/www.malinashop.lt\/wp-content\/uploads\/2025\/11\/xiaomi-oclean-p1s12-w02-electric-toothbrush-gum-care-head-2pcs-white.jpg","width":445,"height":445},{"@type":"BreadcrumbList","@id":"https:\/\/www.malinashop.lt\/en\/shop\/xiaomi-oclean-w02-baltos-spalvos-elektrinio-dantu-sepetelio-galvutes-2-vnt\/#breadcrumb","itemListElement":[{"@type":"ListItem","position":1,"name":"Home","item":"https:\/\/www.malinashop.lt\/en\/"},{"@type":"ListItem","position":2,"name":"Parduotuv\u0117","item":"https:\/\/www.malinashop.lt\/en\/parduotuve\/"},{"@type":"ListItem","position":3,"name":"XIAOMI OCLEAN W02 baltos spalvos elektrinio dant\u0173 \u0161epet\u0117lio galvut\u0117s, 2 vnt."}]},{"@type":"WebSite","@id":"https:\/\/www.malinashop.lt\/en\/#website","url":"https:\/\/www.malinashop.lt\/en\/","name":"COM Group Ecommerce","description":"MalinaShop.lt - Gro\u017eio ir sveikatos produktai i\u0161 patikim\u0173 preki\u0173 \u017eenkl\u0173. Atraskite auk\u0161tos kokyb\u0117s kosmetik\u0105 u\u017e puiki\u0105 kain\u0105.","publisher":{"@id":"https:\/\/www.malinashop.lt\/en\/#organization"},"potentialAction":[{"@type":"SearchAction","target":{"@type":"EntryPoint","urlTemplate":"https:\/\/www.malinashop.lt\/en\/?s={search_term_string}"},"query-input":{"@type":"PropertyValueSpecification","valueRequired":true,"valueName":"search_term_string"}}],"inLanguage":"lt-LT"},{"@type":"Organization","@id":"https:\/\/www.malinashop.lt\/en\/#organization","name":"COM Group Ecommerce","url":"https:\/\/www.malinashop.lt\/en\/","logo":{"@type":"ImageObject","inLanguage":"lt-LT","@id":"https:\/\/www.malinashop.lt\/en\/#\/schema\/logo\/image\/","url":"https:\/\/www.malinashop.lt\/wp-content\/uploads\/2024\/08\/462559670_3787732518133670_9795632669273463_n-e1731525914575.png","contentUrl":"https:\/\/www.malinashop.lt\/wp-content\/uploads\/2024\/08\/462559670_3787732518133670_9795632669273463_n-e1731525914575.png","width":180,"height":60,"caption":"COM Group Ecommerce"},"image":{"@id":"https:\/\/www.malinashop.lt\/en\/#\/schema\/logo\/image\/"}}]}},"jetpack_sharing_enabled":true,"_links":{"self":[{"href":"https:\/\/www.malinashop.lt\/lt_lt\/wp-json\/wp\/v2\/product\/64309","targetHints":{"allow":["GET"]}}],"collection":[{"href":"https:\/\/www.malinashop.lt\/lt_lt\/wp-json\/wp\/v2\/product"}],"about":[{"href":"https:\/\/www.malinashop.lt\/lt_lt\/wp-json\/wp\/v2\/types\/product"}],"version-history":[{"count":2,"href":"https:\/\/www.malinashop.lt\/lt_lt\/wp-json\/wp\/v2\/product\/64309\/revisions"}],"predecessor-version":[{"id":72314,"href":"https:\/\/www.malinashop.lt\/lt_lt\/wp-json\/wp\/v2\/product\/64309\/revisions\/72314"}],"wp:featuredmedia":[{"embeddable":true,"href":"https:\/\/www.malinashop.lt\/lt_lt\/wp-json\/wp\/v2\/media\/64311"}],"wp:attachment":[{"href":"https:\/\/www.malinashop.lt\/lt_lt\/wp-json\/wp\/v2\/media?parent=64309"}],"wp:term":[{"taxonomy":"product_brand","embeddable":true,"href":"https:\/\/www.malinashop.lt\/lt_lt\/wp-json\/wp\/v2\/product_brand?post=64309"},{"taxonomy":"product_cat","embeddable":true,"href":"https:\/\/www.malinashop.lt\/lt_lt\/wp-json\/wp\/v2\/product_cat?post=64309"},{"taxonomy":"product_tag","embeddable":true,"href":"https:\/\/www.malinashop.lt\/lt_lt\/wp-json\/wp\/v2\/product_tag?post=64309"}],"curies":[{"name":"wp","href":"https:\/\/api.w.org\/{rel}","templated":true}]}}